{"id":1449,"date":"2023-10-26T04:56:18","date_gmt":"2023-10-26T04:56:18","guid":{"rendered":"https:\/\/chemuza.org\/pt\/contato\/"},"modified":"2023-10-27T05:47:16","modified_gmt":"2023-10-27T05:47:16","slug":"contato","status":"publish","type":"page","link":"https:\/\/chemuza.org\/pt\/contato\/","title":{"rendered":"Contato"},"content":{"rendered":"<p>Obrigado pelo seu interesse na Chemuza! Agradecemos seus coment\u00e1rios, sugest\u00f5es e quaisquer d\u00favidas que voc\u00ea possa ter.<\/p>\n<p>Se voc\u00ea \u00e9 apaixonado por qu\u00edmica e gostaria de contribuir com nosso blog, seja atrav\u00e9s de artigos, experimentos ou ideias, adorar\u00edamos ouvir sua opini\u00e3o. N\u00e3o hesite em contactar-nos atrav\u00e9s do seguinte formul\u00e1rio de contacto:<\/p>\n<p><iframe loading=\"lazy\" src=\"https:\/\/docs.google.com\/forms\/d\/e\/1FAIpQLSfqzMv_Wvu22jCULMKNs29lmFGsl2ozh-43YkLbZFRO1tX7Ww\/viewform?embedded=true\" width=\"640\" height=\"794\" frameborder=\"0\" marginwidth=\"0\" marginheight=\"0\">Loading\u2026<\/iframe><\/p>\n<p>Nosso objetivo \u00e9 responder a todas as perguntas dentro de um prazo razo\u00e1vel, mas aguarde at\u00e9 48 horas para uma resposta, especialmente durante per\u00edodos de pico.<\/p>\n<p>Obrigado por fazer parte da Chemuza! Seu compromisso e apoio nos inspiram a continuar fornecendo conte\u00fado informativo e interessante para outros entusiastas da qu\u00edmica em todo o mundo.<\/p>\n","protected":false},"excerpt":{"rendered":"<p>Obrigado pelo seu interesse na Chemuza! Agradecemos seus coment\u00e1rios, sugest\u00f5es e quaisquer d\u00favidas que voc\u00ea possa ter. Se voc\u00ea \u00e9 apaixonado por qu\u00edmica e gostaria de contribuir com nosso blog, seja atrav\u00e9s de artigos, experimentos ou ideias, adorar\u00edamos ouvir sua opini\u00e3o. N\u00e3o hesite em contactar-nos atrav\u00e9s do seguinte formul\u00e1rio de contacto: Loading\u2026 Nosso objetivo \u00e9 &#8230; <a title=\"Contato\" class=\"read-more\" href=\"https:\/\/chemuza.org\/pt\/contato\/\" aria-label=\"Mais em Contato\">Ler mais<\/a><\/p>\n","protected":false},"author":1,"featured_media":0,"parent":0,"menu_order":0,"comment_status":"closed","ping_status":"closed","template":"","meta":{"footnotes":""},"class_list":["post-1449","page","type-page","status-publish"],"yoast_head":"<!-- This site is optimized with the Yoast SEO plugin v21.4 - https:\/\/yoast.com\/wordpress\/plugins\/seo\/ -->\n<title>Contato - Chemuza<\/title>\n<meta name=\"description\" content=\"Obrigado pelo seu interesse na Chemuza! Agradecemos seus coment\u00e1rios, sugest\u00f5es e quaisquer d\u00favidas que voc\u00ea possa\" \/>\n<meta name=\"robots\" content=\"index, follow, max-snippet:-1, max-image-preview:large, max-video-preview:-1\" \/>\n<link rel=\"canonical\" href=\"https:\/\/chemuza.org\/pt\/contato\/\" \/>\n<meta property=\"og:locale\" content=\"pt_PT\" \/>\n<meta property=\"og:type\" content=\"article\" \/>\n<meta property=\"og:title\" content=\"Contato - Chemuza\" \/>\n<meta property=\"og:description\" content=\"Obrigado pelo seu interesse na Chemuza! Agradecemos seus coment\u00e1rios, sugest\u00f5es e quaisquer d\u00favidas que voc\u00ea possa\" \/>\n<meta property=\"og:url\" content=\"https:\/\/chemuza.org\/pt\/contato\/\" \/>\n<meta property=\"og:site_name\" content=\"Statorials\" \/>\n<meta property=\"article:modified_time\" content=\"2023-10-27T05:47:16+00:00\" \/>\n<meta name=\"twitter:card\" content=\"summary_large_image\" \/>\n<meta name=\"twitter:label1\" content=\"Tempo estimado de leitura\" \/>\n\t<meta name=\"twitter:data1\" content=\"1 minuto\" \/>\n<script type=\"application\/ld+json\" class=\"yoast-schema-graph\">{\"@context\":\"https:\/\/schema.org\",\"@graph\":[{\"@type\":\"WebPage\",\"@id\":\"https:\/\/chemuza.org\/pt\/contato\/\",\"url\":\"https:\/\/chemuza.org\/pt\/contato\/\",\"name\":\"Contato - Chemuza\",\"isPartOf\":{\"@id\":\"https:\/\/chemuza.org\/pt\/#website\"},\"datePublished\":\"2023-10-26T04:56:18+00:00\",\"dateModified\":\"2023-10-27T05:47:16+00:00\",\"description\":\"Obrigado pelo seu interesse na Chemuza! Agradecemos seus coment\u00e1rios, sugest\u00f5es e quaisquer d\u00favidas que voc\u00ea possa\",\"breadcrumb\":{\"@id\":\"https:\/\/chemuza.org\/pt\/contato\/#breadcrumb\"},\"inLanguage\":\"pt-PT\",\"potentialAction\":[{\"@type\":\"ReadAction\",\"target\":[\"https:\/\/chemuza.org\/pt\/contato\/\"]}]},{\"@type\":\"BreadcrumbList\",\"@id\":\"https:\/\/chemuza.org\/pt\/contato\/#breadcrumb\",\"itemListElement\":[{\"@type\":\"ListItem\",\"position\":1,\"name\":\"Lar\",\"item\":\"https:\/\/chemuza.org\/pt\/\"},{\"@type\":\"ListItem\",\"position\":2,\"name\":\"Contato\"}]},{\"@type\":\"WebSite\",\"@id\":\"https:\/\/chemuza.org\/pt\/#website\",\"url\":\"https:\/\/chemuza.org\/pt\/\",\"name\":\"Chemuza\",\"description\":\"Sua porta de entrada para a descoberta qu\u00edmica!\",\"publisher\":{\"@id\":\"https:\/\/chemuza.org\/pt\/#organization\"},\"potentialAction\":[{\"@type\":\"SearchAction\",\"target\":{\"@type\":\"EntryPoint\",\"urlTemplate\":\"https:\/\/chemuza.org\/pt\/?s={search_term_string}\"},\"query-input\":\"required name=search_term_string\"}],\"inLanguage\":\"pt-PT\"},{\"@type\":\"Organization\",\"@id\":\"https:\/\/chemuza.org\/pt\/#organization\",\"name\":\"Chemuza\",\"url\":\"https:\/\/chemuza.org\/pt\/\",\"logo\":{\"@type\":\"ImageObject\",\"inLanguage\":\"pt-PT\",\"@id\":\"https:\/\/chemuza.org\/pt\/#\/schema\/logo\/image\/\",\"url\":\"https:\/\/chemuza.org\/pt\/wp-content\/uploads\/2023\/10\/chemuza-logo.png\",\"contentUrl\":\"https:\/\/chemuza.org\/pt\/wp-content\/uploads\/2023\/10\/chemuza-logo.png\",\"width\":387,\"height\":70,\"caption\":\"Chemuza\"},\"image\":{\"@id\":\"https:\/\/chemuza.org\/pt\/#\/schema\/logo\/image\/\"}}]}<\/script>\n<!-- \/ Yoast SEO plugin. -->","yoast_head_json":{"title":"Contato - Chemuza","description":"Obrigado pelo seu interesse na Chemuza! Agradecemos seus coment\u00e1rios, sugest\u00f5es e quaisquer d\u00favidas que voc\u00ea possa","robots":{"index":"index","follow":"follow","max-snippet":"max-snippet:-1","max-image-preview":"max-image-preview:large","max-video-preview":"max-video-preview:-1"},"canonical":"https:\/\/chemuza.org\/pt\/contato\/","og_locale":"pt_PT","og_type":"article","og_title":"Contato - Chemuza","og_description":"Obrigado pelo seu interesse na Chemuza! Agradecemos seus coment\u00e1rios, sugest\u00f5es e quaisquer d\u00favidas que voc\u00ea possa","og_url":"https:\/\/chemuza.org\/pt\/contato\/","og_site_name":"Statorials","article_modified_time":"2023-10-27T05:47:16+00:00","twitter_card":"summary_large_image","twitter_misc":{"Tempo estimado de leitura":"1 minuto"},"schema":{"@context":"https:\/\/schema.org","@graph":[{"@type":"WebPage","@id":"https:\/\/chemuza.org\/pt\/contato\/","url":"https:\/\/chemuza.org\/pt\/contato\/","name":"Contato - Chemuza","isPartOf":{"@id":"https:\/\/chemuza.org\/pt\/#website"},"datePublished":"2023-10-26T04:56:18+00:00","dateModified":"2023-10-27T05:47:16+00:00","description":"Obrigado pelo seu interesse na Chemuza! Agradecemos seus coment\u00e1rios, sugest\u00f5es e quaisquer d\u00favidas que voc\u00ea possa","breadcrumb":{"@id":"https:\/\/chemuza.org\/pt\/contato\/#breadcrumb"},"inLanguage":"pt-PT","potentialAction":[{"@type":"ReadAction","target":["https:\/\/chemuza.org\/pt\/contato\/"]}]},{"@type":"BreadcrumbList","@id":"https:\/\/chemuza.org\/pt\/contato\/#breadcrumb","itemListElement":[{"@type":"ListItem","position":1,"name":"Lar","item":"https:\/\/chemuza.org\/pt\/"},{"@type":"ListItem","position":2,"name":"Contato"}]},{"@type":"WebSite","@id":"https:\/\/chemuza.org\/pt\/#website","url":"https:\/\/chemuza.org\/pt\/","name":"Chemuza","description":"Sua porta de entrada para a descoberta qu\u00edmica!","publisher":{"@id":"https:\/\/chemuza.org\/pt\/#organization"},"potentialAction":[{"@type":"SearchAction","target":{"@type":"EntryPoint","urlTemplate":"https:\/\/chemuza.org\/pt\/?s={search_term_string}"},"query-input":"required name=search_term_string"}],"inLanguage":"pt-PT"},{"@type":"Organization","@id":"https:\/\/chemuza.org\/pt\/#organization","name":"Chemuza","url":"https:\/\/chemuza.org\/pt\/","logo":{"@type":"ImageObject","inLanguage":"pt-PT","@id":"https:\/\/chemuza.org\/pt\/#\/schema\/logo\/image\/","url":"https:\/\/chemuza.org\/pt\/wp-content\/uploads\/2023\/10\/chemuza-logo.png","contentUrl":"https:\/\/chemuza.org\/pt\/wp-content\/uploads\/2023\/10\/chemuza-logo.png","width":387,"height":70,"caption":"Chemuza"},"image":{"@id":"https:\/\/chemuza.org\/pt\/#\/schema\/logo\/image\/"}}]}},"yoast_meta":{"yoast_wpseo_title":"","yoast_wpseo_metadesc":"","yoast_wpseo_canonical":""},"_links":{"self":[{"href":"https:\/\/chemuza.org\/pt\/wp-json\/wp\/v2\/pages\/1449","targetHints":{"allow":["GET"]}}],"collection":[{"href":"https:\/\/chemuza.org\/pt\/wp-json\/wp\/v2\/pages"}],"about":[{"href":"https:\/\/chemuza.org\/pt\/wp-json\/wp\/v2\/types\/page"}],"author":[{"embeddable":true,"href":"https:\/\/chemuza.org\/pt\/wp-json\/wp\/v2\/users\/1"}],"replies":[{"embeddable":true,"href":"https:\/\/chemuza.org\/pt\/wp-json\/wp\/v2\/comments?post=1449"}],"version-history":[{"count":2,"href":"https:\/\/chemuza.org\/pt\/wp-json\/wp\/v2\/pages\/1449\/revisions"}],"predecessor-version":[{"id":1589,"href":"https:\/\/chemuza.org\/pt\/wp-json\/wp\/v2\/pages\/1449\/revisions\/1589"}],"wp:attachment":[{"href":"https:\/\/chemuza.org\/pt\/wp-json\/wp\/v2\/media?parent=1449"}],"curies":[{"name":"wp","href":"https:\/\/api.w.org\/{rel}","templated":true}]}}