{"id":1415,"date":"2023-07-13T07:29:06","date_gmt":"2023-07-13T07:29:06","guid":{"rendered":"https:\/\/chemuza.org\/nl\/meitnerium\/"},"modified":"2023-07-13T07:29:06","modified_gmt":"2023-07-13T07:29:06","slug":"meitnerium","status":"publish","type":"page","link":"https:\/\/chemuza.org\/nl\/meitnerium\/","title":{"rendered":"Meitnerium"},"content":{"rendered":"<p>Meitnerium is een element dat kunstmatig door de mens is gecre\u00eberd, met behulp van de methode van ge\u00efnduceerde radioactiviteit. Het heeft transactinide-achtige eigenschappen, dat wil zeggen, het heeft actinide- en overgangskenmerken. Bovendien wordt het geclassificeerd als een metaal, omdat het bij kamertemperatuur als vast wordt beschouwd. Ontdek hieronder hoe het eruit ziet, de belangrijkste kenmerken ervan, wie het heeft ontdekt en de meest voorkomende toepassingen.<\/p>\n<h2> <strong>Wat is Meitnerium?<\/strong><\/h2>\n<p> Als chemisch element bevindt het zich in het periodiek systeem in de vierde reeks overgangselementen. Gesigneerd met atoomnummer 109, het is volledig synthetisch en radioactief. Bovendien heeft het meer dan 7 onstabiele, snel rottende isotopen, waarbij 278 Mt iets meer dan 8 seconden duurt. Deze kenmerken zorgen ervoor dat de toepassingen ervan op industrieel of chemisch gebied onbekend zijn.<\/p>\n<h3> <strong>Meitnerium-symbool<\/strong><\/h3>\n<p> <span class=\"content-chemical-element\" style=\"float: left;width: 65px;height: 65px;border: 3px solid #666; display:flex;\n    justify-content: center;align-items: center;margin-right: 15px;\"><span style=\"font-size: 38px;\">Mt<\/span><\/span> dankt zijn naam aan Lise Meitner, natuurkundige en wiskundige, die grote vooruitgang boekte op nucleair gebied. V\u00f3\u00f3r de naam waren er echter controverses, omdat het aanvankelijk Unnilennium heette, symbool E\u00e9n, dat verwees naar het atoomnummer 109. Later, in 1997, heette het officieel Meitnerium.<\/p>\n<h2> <strong>Kenmerken van Meitnerium<\/strong><\/h2>\n<p> Het chemische element Meitnerium bevindt zich in groep 9 en periode 7 van het periodiek systeem. Het is een overgangsmetaal dat bestaat uit een elektronische configuratie in de D-orbitaal. Omdat het synthetisch is, wordt het alleen verkregen door de fusie van twee verenigde kernen of door de ontbinding van zware elementen. Andere kenmerken van Meitnerium zijn:<\/p>\n<ul>\n<li> <strong>Conditie<\/strong> : Vermoedelijk massief metaal.<\/li>\n<li> <strong>Kleur<\/strong> : zilverwit, met grijze accenten.<\/li>\n<li> <strong>Smaak en geur<\/strong> : Niet bepaald.<\/li>\n<li> <strong>Samenstelling:<\/strong> Bestaat uit 109 elektronen en protonen, met 157 neutronen.<\/li>\n<li> <strong>Reactiviteit:<\/strong> Omdat het gedrag vergelijkbaar is met Iridium, wordt aangenomen dat het met andere elementen kan reageren.<\/li>\n<li> <strong>Radioactiviteit<\/strong> : Hoog, vermoedelijk nucleaire kenmerken.<\/li>\n<li> <strong>Magnetisme<\/strong> : Er wordt aangenomen dat het paramagnetisch is.<\/li>\n<li> <strong>Oplosbaarheid<\/strong> : Niet berekend.<\/li>\n<li> <strong>Isotopen<\/strong> : Het heeft 15 isotopen die onstabiel zijn in de omgeving. De eerste 8 zijn van korte duur met atoommassa&#8217;s van 266 tot 279. De anderen ondergaan in de natuur snel alfa-verval.<\/li>\n<li> <strong>Structuur<\/strong> : Er wordt geschat dat het kubusvormig is, gecentreerd op de vlakken van het lichaam.<\/li>\n<\/ul>\n<h2> <strong>Chemische en fysische eigenschappen van Meitnerium<\/strong><\/h2>\n<ol>\n<li> <strong>Atoomnummer<\/strong> : 109<\/li>\n<li> <strong>Periode<\/strong> : 7<\/li>\n<li> <strong>Blok<\/strong> \ud83d\ude00<\/li>\n<li> <strong>Groep<\/strong> : 9<\/li>\n<li> <strong>Covalente straal (\u00c5):<\/strong> 129<\/li>\n<li> <strong>Gemiddelde straal:<\/strong> onbekend<\/li>\n<li> <strong>Atoommassa (g\/mol):<\/strong> 268 u<\/li>\n<li> <strong>Dichtheid:<\/strong> 37,4 g\/cm\u00b3.<\/li>\n<li> <strong>Kookpunt:<\/strong> Niet berekend.<strong> <\/strong><\/li>\n<li><strong>Smeltpunt:<\/strong> Niet berekend. <strong>&nbsp;<\/strong><\/li>\n<li> <strong>Elektronegativiteit:<\/strong> geen gegevens.<\/li>\n<li> <strong>Oxidatietoestand<\/strong> : 3, 4, 6, 3.<\/li>\n<li> <strong>Elektronische configuratie:<\/strong> [Rn] 7s2 5f14 6d7<\/li>\n<li> <strong>Elektronen per laag:<\/strong> 2, 8, 18, 32, 32, 15, 2<\/li>\n<li> <strong>Eerste ionisatiepotentieel<\/strong> <strong>(eV):<\/strong> 840 kJ\/mol<\/li>\n<li> <strong>Thermische geleidbaarheid:<\/strong> als laag beschouwd.<\/li>\n<\/ol>\n<h2> <strong>Oorsprong van Meitnerium<\/strong><\/h2>\n<p> Het verhaal van Meitnerium speelt zich af in 1982, toen Peter Armbruster en Gottfried M\u00fcnzenberg het ontdekten in het Heavy Ion Institute in Darmstadt. Ze verkregen het door de isotoop Bismuth 209 te bombarderen met versnelde kernen van ijzer 58. In dit proces neemt de energie van de kernen toe, wordt de afstoting ge\u00eblimineerd en vindt er fusie plaats, waardoor het element ontstaat.<\/p>\n<h2> <strong>Waar wordt Meitnerium voor gebruikt?<\/strong><\/h2>\n<p> Het gebruik van Meitnerium is vrijwel nul, omdat de productie ervan kunstmatig is en er slechts 10 kortlevende atomen zijn verkregen. Om deze reden is het moeilijk om de commerci\u00eble of biologische toepassingen ervan te verifi\u00ebren. De weinige analyses die zijn uitgevoerd zijn gereserveerd voor wetenschappelijk onderzoek.<\/p>\n<h2> <strong>Gezondheidseffecten van Meitnerium<\/strong><\/h2>\n<p> Het is bekend dat het element Meitnerium radioactieve eigenschappen heeft, met isotopen die snel vervallen. Wanneer ze uiteenvallen, komt er energie vrij, wat het voordeel heeft dat de energie die in de nucleaire sector wordt gebruikt, wordt teruggewonnen. Het kan echter giftig zijn voor mensen als er geen geschikte stralingsbeschermingsapparatuur wordt gebruikt.<\/p>\n<h2> <strong>Interessante feiten over Meitnerium<\/strong><\/h2>\n<p> Aangenomen wordt dat dit element een radioactief overgangsmetaal is, vast bij kamertemperatuur. Omdat het zeldzaam is, zijn veel van zijn fysische en chemische kenmerken onbekend. Vanwege zijn gedrag werd het echter in het periodiek systeem met de overgangsmetalen geplaatst. Bovendien zijn de andere gegevens van dit element:<\/p>\n<ul>\n<li> Het is een synthetisch en kunstmatig element, niet aanwezig in het milieu.<\/li>\n<li> De productie ervan door bombardementen op bismut-209 leverde alleen de isotoop 266Mt op, wat een succesvol bewijs was van het gebruik van fusie bij de synthese van nieuwe zware kernen.<\/li>\n<li> V\u00f3\u00f3r zijn offici\u00eble naam heette het Unnilenio en Eka-iridium. Vervolgens werd Meitnerio voorgesteld ter ere van Lise Meitner.<\/li>\n<li> Het is het tweede element dat naar een vrouw wordt vernoemd, zoals het geval is met Curium, genoemd ter ere van Marie Curie.<\/li>\n<\/ul>\n<p> Concluderend is Mt een transactinide-element met hoge radioactiviteit en een korte levensduur in de natuur. Het is geclassificeerd als een metaal vanwege zijn gedrag, vergelijkbaar met iridium en kobalt. Omdat isotopen erg onstabiel zijn, zijn hun toepassingen nog onbekend.<\/p>\n","protected":false},"excerpt":{"rendered":"<p>Meitnerium is een element dat kunstmatig door de mens is gecre\u00eberd, met behulp van de methode van ge\u00efnduceerde radioactiviteit. Het heeft transactinide-achtige eigenschappen, dat wil zeggen, het heeft actinide- en overgangskenmerken. Bovendien wordt het geclassificeerd als een metaal, omdat het bij kamertemperatuur als vast wordt beschouwd. Ontdek hieronder hoe het eruit ziet, de belangrijkste kenmerken &#8230; <a title=\"Meitnerium\" class=\"read-more\" href=\"https:\/\/chemuza.org\/nl\/meitnerium\/\" aria-label=\"Meer op Meitnerium\">Lees verder<\/a><\/p>\n","protected":false},"author":1,"featured_media":0,"parent":0,"menu_order":0,"comment_status":"closed","ping_status":"closed","template":"","meta":{"footnotes":""},"class_list":["post-1415","page","type-page","status-publish"],"yoast_head":"<!-- This site is optimized with the Yoast SEO plugin v21.4 - https:\/\/yoast.com\/wordpress\/plugins\/seo\/ -->\n<title>Meitnerium-Chemuza<\/title>\n<meta name=\"robots\" content=\"index, follow, max-snippet:-1, max-image-preview:large, max-video-preview:-1\" \/>\n<link rel=\"canonical\" href=\"https:\/\/chemuza.org\/nl\/meitnerium\/\" \/>\n<meta property=\"og:locale\" content=\"nl_NL\" \/>\n<meta property=\"og:type\" content=\"article\" \/>\n<meta property=\"og:title\" content=\"Meitnerium-Chemuza\" \/>\n<meta property=\"og:description\" content=\"Meitnerium is een element dat kunstmatig door de mens is gecre\u00eberd, met behulp van de methode van ge\u00efnduceerde radioactiviteit. Het heeft transactinide-achtige eigenschappen, dat wil zeggen, het heeft actinide- en overgangskenmerken. Bovendien wordt het geclassificeerd als een metaal, omdat het bij kamertemperatuur als vast wordt beschouwd. Ontdek hieronder hoe het eruit ziet, de belangrijkste kenmerken ... Lees verder\" \/>\n<meta property=\"og:url\" content=\"https:\/\/chemuza.org\/nl\/meitnerium\/\" \/>\n<meta property=\"og:site_name\" content=\"Chemuza\" \/>\n<meta name=\"twitter:card\" content=\"summary_large_image\" \/>\n<meta name=\"twitter:label1\" content=\"Geschatte leestijd\" \/>\n\t<meta name=\"twitter:data1\" content=\"4 minuten\" \/>\n<script type=\"application\/ld+json\" class=\"yoast-schema-graph\">{\"@context\":\"https:\/\/schema.org\",\"@graph\":[{\"@type\":\"WebPage\",\"@id\":\"https:\/\/chemuza.org\/nl\/meitnerium\/\",\"url\":\"https:\/\/chemuza.org\/nl\/meitnerium\/\",\"name\":\"Meitnerium-Chemuza\",\"isPartOf\":{\"@id\":\"https:\/\/chemuza.org\/nl\/#website\"},\"datePublished\":\"2023-07-13T07:29:06+00:00\",\"dateModified\":\"2023-07-13T07:29:06+00:00\",\"breadcrumb\":{\"@id\":\"https:\/\/chemuza.org\/nl\/meitnerium\/#breadcrumb\"},\"inLanguage\":\"nl-NL\",\"potentialAction\":[{\"@type\":\"ReadAction\",\"target\":[\"https:\/\/chemuza.org\/nl\/meitnerium\/\"]}]},{\"@type\":\"BreadcrumbList\",\"@id\":\"https:\/\/chemuza.org\/nl\/meitnerium\/#breadcrumb\",\"itemListElement\":[{\"@type\":\"ListItem\",\"position\":1,\"name\":\"Thuis\",\"item\":\"https:\/\/chemuza.org\/nl\/\"},{\"@type\":\"ListItem\",\"position\":2,\"name\":\"Meitnerium\"}]},{\"@type\":\"WebSite\",\"@id\":\"https:\/\/chemuza.org\/nl\/#website\",\"url\":\"https:\/\/chemuza.org\/nl\/\",\"name\":\"Chemuza\",\"description\":\"Uw toegangspoort tot chemische ontdekking!\",\"publisher\":{\"@id\":\"https:\/\/chemuza.org\/nl\/#organization\"},\"potentialAction\":[{\"@type\":\"SearchAction\",\"target\":{\"@type\":\"EntryPoint\",\"urlTemplate\":\"https:\/\/chemuza.org\/nl\/?s={search_term_string}\"},\"query-input\":\"required name=search_term_string\"}],\"inLanguage\":\"nl-NL\"},{\"@type\":\"Organization\",\"@id\":\"https:\/\/chemuza.org\/nl\/#organization\",\"name\":\"Chemuza\",\"url\":\"https:\/\/chemuza.org\/nl\/\",\"logo\":{\"@type\":\"ImageObject\",\"inLanguage\":\"nl-NL\",\"@id\":\"https:\/\/chemuza.org\/nl\/#\/schema\/logo\/image\/\",\"url\":\"https:\/\/chemuza.org\/nl\/wp-content\/uploads\/2023\/10\/chemuza-logo.png\",\"contentUrl\":\"https:\/\/chemuza.org\/nl\/wp-content\/uploads\/2023\/10\/chemuza-logo.png\",\"width\":387,\"height\":70,\"caption\":\"Chemuza\"},\"image\":{\"@id\":\"https:\/\/chemuza.org\/nl\/#\/schema\/logo\/image\/\"}}]}<\/script>\n<!-- \/ Yoast SEO plugin. -->","yoast_head_json":{"title":"Meitnerium-Chemuza","robots":{"index":"index","follow":"follow","max-snippet":"max-snippet:-1","max-image-preview":"max-image-preview:large","max-video-preview":"max-video-preview:-1"},"canonical":"https:\/\/chemuza.org\/nl\/meitnerium\/","og_locale":"nl_NL","og_type":"article","og_title":"Meitnerium-Chemuza","og_description":"Meitnerium is een element dat kunstmatig door de mens is gecre\u00eberd, met behulp van de methode van ge\u00efnduceerde radioactiviteit. Het heeft transactinide-achtige eigenschappen, dat wil zeggen, het heeft actinide- en overgangskenmerken. Bovendien wordt het geclassificeerd als een metaal, omdat het bij kamertemperatuur als vast wordt beschouwd. Ontdek hieronder hoe het eruit ziet, de belangrijkste kenmerken ... Lees verder","og_url":"https:\/\/chemuza.org\/nl\/meitnerium\/","og_site_name":"Chemuza","twitter_card":"summary_large_image","twitter_misc":{"Geschatte leestijd":"4 minuten"},"schema":{"@context":"https:\/\/schema.org","@graph":[{"@type":"WebPage","@id":"https:\/\/chemuza.org\/nl\/meitnerium\/","url":"https:\/\/chemuza.org\/nl\/meitnerium\/","name":"Meitnerium-Chemuza","isPartOf":{"@id":"https:\/\/chemuza.org\/nl\/#website"},"datePublished":"2023-07-13T07:29:06+00:00","dateModified":"2023-07-13T07:29:06+00:00","breadcrumb":{"@id":"https:\/\/chemuza.org\/nl\/meitnerium\/#breadcrumb"},"inLanguage":"nl-NL","potentialAction":[{"@type":"ReadAction","target":["https:\/\/chemuza.org\/nl\/meitnerium\/"]}]},{"@type":"BreadcrumbList","@id":"https:\/\/chemuza.org\/nl\/meitnerium\/#breadcrumb","itemListElement":[{"@type":"ListItem","position":1,"name":"Thuis","item":"https:\/\/chemuza.org\/nl\/"},{"@type":"ListItem","position":2,"name":"Meitnerium"}]},{"@type":"WebSite","@id":"https:\/\/chemuza.org\/nl\/#website","url":"https:\/\/chemuza.org\/nl\/","name":"Chemuza","description":"Uw toegangspoort tot chemische ontdekking!","publisher":{"@id":"https:\/\/chemuza.org\/nl\/#organization"},"potentialAction":[{"@type":"SearchAction","target":{"@type":"EntryPoint","urlTemplate":"https:\/\/chemuza.org\/nl\/?s={search_term_string}"},"query-input":"required name=search_term_string"}],"inLanguage":"nl-NL"},{"@type":"Organization","@id":"https:\/\/chemuza.org\/nl\/#organization","name":"Chemuza","url":"https:\/\/chemuza.org\/nl\/","logo":{"@type":"ImageObject","inLanguage":"nl-NL","@id":"https:\/\/chemuza.org\/nl\/#\/schema\/logo\/image\/","url":"https:\/\/chemuza.org\/nl\/wp-content\/uploads\/2023\/10\/chemuza-logo.png","contentUrl":"https:\/\/chemuza.org\/nl\/wp-content\/uploads\/2023\/10\/chemuza-logo.png","width":387,"height":70,"caption":"Chemuza"},"image":{"@id":"https:\/\/chemuza.org\/nl\/#\/schema\/logo\/image\/"}}]}},"yoast_meta":{"yoast_wpseo_title":"","yoast_wpseo_metadesc":"","yoast_wpseo_canonical":""},"_links":{"self":[{"href":"https:\/\/chemuza.org\/nl\/wp-json\/wp\/v2\/pages\/1415","targetHints":{"allow":["GET"]}}],"collection":[{"href":"https:\/\/chemuza.org\/nl\/wp-json\/wp\/v2\/pages"}],"about":[{"href":"https:\/\/chemuza.org\/nl\/wp-json\/wp\/v2\/types\/page"}],"author":[{"embeddable":true,"href":"https:\/\/chemuza.org\/nl\/wp-json\/wp\/v2\/users\/1"}],"replies":[{"embeddable":true,"href":"https:\/\/chemuza.org\/nl\/wp-json\/wp\/v2\/comments?post=1415"}],"version-history":[{"count":0,"href":"https:\/\/chemuza.org\/nl\/wp-json\/wp\/v2\/pages\/1415\/revisions"}],"wp:attachment":[{"href":"https:\/\/chemuza.org\/nl\/wp-json\/wp\/v2\/media?parent=1415"}],"curies":[{"name":"wp","href":"https:\/\/api.w.org\/{rel}","templated":true}]}}