{"id":1412,"date":"2023-07-13T08:49:46","date_gmt":"2023-07-13T08:49:46","guid":{"rendered":"https:\/\/chemuza.org\/nl\/gespannen\/"},"modified":"2023-07-13T08:49:46","modified_gmt":"2023-07-13T08:49:46","slug":"gespannen","status":"publish","type":"page","link":"https:\/\/chemuza.org\/nl\/gespannen\/","title":{"rendered":"Tenesus"},"content":{"rendered":"<p>Wist je dat dit element voorheen <em>Ephelium<\/em> heette met het chemische symbool <em>Ef<\/em> ? Bovendien is het door de autoriteiten van de International Union of Pure and Applied Chemistry IUPAC erkend als <em>Ununseptium<\/em> . De recente ontdekking ervan in de 21e eeuw maakt het zelfs een weinig bekend metaal in termen van toepassingen. Wij laten u in ieder geval de meest relevante gegevens over Teneso achter, zoals kenmerken, eigenschappen en herkomst.<\/p>\n<h2> <strong>Wat is Teneso?<\/strong><\/h2>\n<p> Dit is het synthetische element 117, onderdeel van de halogeen-, superzware, radioactieve, transactinide-, metallische chemische reeksen, en de voorlaatste van periode 7 van het periodiek systeem. Daarnaast heeft het een gemiddelde levensduur van enkele milliseconden, een donkere kleur en een solide uitstraling.<\/p>\n<h3> <strong>Symbool van Teneso<\/strong><\/h3>\n<p> <span class=\"content-chemical-element\" style=\"float: left; width: 65px; height: 65px; border: 3px solid #666; display: flex; justify-content: center; align-items: center; margin-right: 15px;\"><span style=\"font-size: 38px;\">Ts<\/span><\/span> De initialen van het chemische element Teneso zijn een afkorting van de naam, die de staat Tennessee in de Verenigde Staten eert. De ontdekkers hebben deze symboliek voorgesteld omdat daar het Oak Ridge National Laboratory is gevestigd, de plaats waar het metaal is ontstaan dat is gemarkeerd met het nummer 117.<\/p>\n<h2> <strong>Kenmerken van de Teneso<\/strong><\/h2>\n<p> Kortom, de eigenschappen en kenmerken van Teneso zijn voorspellingen van wetenschappers, die de periodieke trend volgen om deze gegevens te kennen. Aan de andere kant zijn de tot nu toe gesynthetiseerde isotopen <sup>293<\/sup> Ts en <sup>294<\/sup> Ts. Bovendien zijn er weinig atomen van het element gemaakt. Ontdek hieronder de belangrijkste kwaliteiten:<\/p>\n<ul>\n<li> <strong>Conditie<\/strong> : Volgens wetenschappers is het stevig.<\/li>\n<li> <strong>Uiterlijk<\/strong> : Het uiterlijk en de schaduw zijn onbekend, hoewel wordt aangenomen dat het een donkere kleur heeft.<\/li>\n<li> <strong>Radioactiviteit<\/strong> : Het is een radioactief element.<\/li>\n<li> <strong>Nucleaire stabiliteit<\/strong> : Dit element heeft stabiele isotopen, hoewel elementen met hogere atoomnummers geen stabiliteit hebben.<\/li>\n<li> <strong>Gewicht<\/strong> : Het is het tweede superzware element dat kunstmatig is gecre\u00eberd, aangezien het 40% zwaarder is dan lood.<\/li>\n<li> <strong>Metaaleigenschappen<\/strong> : Wetenschappers voorspellen dat het semi-metaalachtige eigenschappen heeft.<\/li>\n<li> <strong>Halfwaardetijd<\/strong> : De tijd die nodig is om te vervallen is enkele milliseconden, net als de isotoop <sup>294<\/sup> Ts waarvan de halfwaardetijd 78 milliseconden is.<\/li>\n<li> <strong>Isotopen<\/strong> : De bekende isotopen omvatten <sup>291<\/sup> Ts, <sup>292<\/sup> Ts, <sup>293<\/sup> Ts en <sup>294<\/sup> Ts, waarbij de laatste de meest stabiele is.<\/li>\n<\/ul>\n<h2> <strong>Chemische en fysische eigenschappen van Teneso<\/strong><\/h2>\n<ol>\n<li> <strong>Atoomnummer<\/strong> : 117<\/li>\n<li> <strong>Roest<\/strong> : Onbekend<\/li>\n<li> <strong>Dichtheid (g\/ml)<\/strong> : Geen gegevens<\/li>\n<li> <strong>Covalente straal (\u00c5)<\/strong> : 165 pm<\/li>\n<li> <strong>Atoomvolume<\/strong> : Geen gegevens<\/li>\n<li> <strong>Atoomstraal (\u00c5)<\/strong> : Geen gegevens<\/li>\n<li> <strong>Soortelijke warmte<\/strong> : Geen gegevens<\/li>\n<li> <strong>Atoommassa (g\/mol)<\/strong> : 294 u<\/li>\n<li> <strong>Geluidssnelheid<\/strong> : Geen gegevens<\/li>\n<li> <strong>Elektronegativiteit<\/strong> : Geen gegevens<\/li>\n<li> <strong>Fusie-enthalpie<\/strong> : Geen gegevens<\/li>\n<li> <strong>Elektronische configuratie<\/strong> : [Rn] 5f <sup>14<\/sup> 6d <sup>10<\/sup> 7s <sup>2<\/sup> 7p <sup>5<\/sup><\/li>\n<li> <strong>Eerste ionisatie-energie (eV)<\/strong> : 742,9 kJ\/mol<\/li>\n<li> <strong>Elektronenniveau<\/strong> : 2, 8, 18, 32, 32, 18 en 7<\/li>\n<li> <strong>Oxidatietoestanden<\/strong> : \u22121, +1, +3, +5<\/li>\n<li> <strong>Smeltpunt<\/strong> : 300 \u2013 500 \u00b0C (573 \u2013 773 K)<\/li>\n<li> <strong>Kookpunt<\/strong> : 550\u00b0C (823K)<\/li>\n<\/ol>\n<h2> <strong>Oorsprong van<\/strong> <strong>Teneso<\/strong><\/h2>\n<p> De ontdekking van Teneso is enigszins controversieel omdat deze het resultaat was van de samenwerking van twee wetenschappelijke groepen, de Amerikanen en de Russen. Begin 2010 brachten het Joint Institute for Nuclear Research in Dubna, Rusland, en het Oak Ridge National Laboratory in Tennessee, Verenigde Staten, een verklaring uit waarin ze de ontdekking aan het publiek bekendmaakten. Aan de andere kant wordt Teneso verkregen door kernfusie van de isotoop <sup>249<\/sup> Bk met <sup>48<\/sup> Ca-ionen.<\/p>\n<h2> <strong>Waar wordt Teneso voor gebruikt?<\/strong><\/h2>\n<p> Gezien de recente ontdekking ervan is het nog vroeg om de toepassingen ervan te kennen. Daarom wordt het niet gebruikt in de commerci\u00eble, medische, metallurgische of chemische industrie. Ook omdat de productie ervan moeilijk en zeldzaam is. Het gebruik van Teneso is echter beperkt tot wetenschappelijk onderzoeksdoeleinden.<\/p>\n<h2> <strong>Naamgeving van Teneso<\/strong><\/h2>\n<p> Volgens de nomenclatuur van Mendelejev, gebruikt voor onontdekte elementen, moest dit element worden herkend als <em>eka-astatine<\/em> of <em>dvi-jodium<\/em> . IUPAC publiceerde echter in 1979 een reeks suggesties, waarvan het resultaat van de terminologie <em>Ununseptio<\/em> en het symbool <em>Uus<\/em> was.<\/p>\n<p> Dit was een tijdelijke manier om naar het element te verwijzen totdat het een permanente naam kreeg. Bovendien heeft de <em>systematische naamgeving van elementen<\/em> deze combinatie gecre\u00eberd, die letterlijk \u00e9\u00e9n, \u00e9\u00e9n, zeven betekent in de Latijnse taal. Deze aanbevelingen werden echter genegeerd door wetenschappers, die ze als 117 bestempelden.<\/p>\n<p> Aan de andere kant verleenden de IUPAC-autoriteiten de ontdekkers het recht om het <em>Tennessine<\/em> te noemen als eerbetoon aan ORNL, vertaald als <em>Tenesino<\/em> of <em>T\u00e9neso<\/em> . Later accepteerde IUPAC de naam, waarvan de vertaling <em>Teneso<\/em> is dankzij de RAC, RSEQ, Fund\u00e9u en RAE.<\/p>\n<h2> <strong>Wat zijn de gezondheidseffecten van Teneso?<\/strong><\/h2>\n<p> Momenteel zijn er geen nadelige gezondheidseffecten van Teneso waargenomen. Het is echter een radioactief halogeen en alle noodzakelijke veiligheidsmaatregelen moeten in acht worden genomen bij gebruik ervan in laboratoriumtests.<\/p>\n<h2> <strong>Effecten van Teneso op het milieu<\/strong><\/h2>\n<p> Momenteel zijn er geen schadelijke effecten op het milieu waargenomen vanwege de lage productie van metaal 117. Het is echter reactief genoeg om niet aan de natuur te worden blootgesteld.<\/p>\n<p> Concluderend is Teneso een kunstmatig, halogeen, radioactief, metaalachtig, superzwaar, vast, donker gekleurd chemisch element. Bovendien heeft het een gemiddelde levensduur van enkele milliseconden, stabiele en onstabiele isotopen. Aan de andere kant heeft het geen erkende toepassingen omdat de ontdekking ervan nieuw is.<\/p>\n","protected":false},"excerpt":{"rendered":"<p>Wist je dat dit element voorheen Ephelium heette met het chemische symbool Ef ? Bovendien is het door de autoriteiten van de International Union of Pure and Applied Chemistry IUPAC erkend als Ununseptium . De recente ontdekking ervan in de 21e eeuw maakt het zelfs een weinig bekend metaal in termen van toepassingen. Wij laten &#8230; <a title=\"Tenesus\" class=\"read-more\" href=\"https:\/\/chemuza.org\/nl\/gespannen\/\" aria-label=\"Meer op Tenesus\">Lees verder<\/a><\/p>\n","protected":false},"author":1,"featured_media":0,"parent":0,"menu_order":0,"comment_status":"closed","ping_status":"closed","template":"","meta":{"footnotes":""},"class_list":["post-1412","page","type-page","status-publish"],"yoast_head":"<!-- This site is optimized with the Yoast SEO plugin v21.4 - https:\/\/yoast.com\/wordpress\/plugins\/seo\/ -->\n<title>Tenesus-Chemuza<\/title>\n<meta name=\"robots\" content=\"index, follow, max-snippet:-1, max-image-preview:large, max-video-preview:-1\" \/>\n<link rel=\"canonical\" href=\"https:\/\/chemuza.org\/nl\/gespannen\/\" \/>\n<meta property=\"og:locale\" content=\"nl_NL\" \/>\n<meta property=\"og:type\" content=\"article\" \/>\n<meta property=\"og:title\" content=\"Tenesus-Chemuza\" \/>\n<meta property=\"og:description\" content=\"Wist je dat dit element voorheen Ephelium heette met het chemische symbool Ef ? Bovendien is het door de autoriteiten van de International Union of Pure and Applied Chemistry IUPAC erkend als Ununseptium . De recente ontdekking ervan in de 21e eeuw maakt het zelfs een weinig bekend metaal in termen van toepassingen. Wij laten ... Lees verder\" \/>\n<meta property=\"og:url\" content=\"https:\/\/chemuza.org\/nl\/gespannen\/\" \/>\n<meta property=\"og:site_name\" content=\"Chemuza\" \/>\n<meta name=\"twitter:card\" content=\"summary_large_image\" \/>\n<meta name=\"twitter:label1\" content=\"Geschatte leestijd\" \/>\n\t<meta name=\"twitter:data1\" content=\"4 minuten\" \/>\n<script type=\"application\/ld+json\" class=\"yoast-schema-graph\">{\"@context\":\"https:\/\/schema.org\",\"@graph\":[{\"@type\":\"WebPage\",\"@id\":\"https:\/\/chemuza.org\/nl\/gespannen\/\",\"url\":\"https:\/\/chemuza.org\/nl\/gespannen\/\",\"name\":\"Tenesus-Chemuza\",\"isPartOf\":{\"@id\":\"https:\/\/chemuza.org\/nl\/#website\"},\"datePublished\":\"2023-07-13T08:49:46+00:00\",\"dateModified\":\"2023-07-13T08:49:46+00:00\",\"breadcrumb\":{\"@id\":\"https:\/\/chemuza.org\/nl\/gespannen\/#breadcrumb\"},\"inLanguage\":\"nl-NL\",\"potentialAction\":[{\"@type\":\"ReadAction\",\"target\":[\"https:\/\/chemuza.org\/nl\/gespannen\/\"]}]},{\"@type\":\"BreadcrumbList\",\"@id\":\"https:\/\/chemuza.org\/nl\/gespannen\/#breadcrumb\",\"itemListElement\":[{\"@type\":\"ListItem\",\"position\":1,\"name\":\"Thuis\",\"item\":\"https:\/\/chemuza.org\/nl\/\"},{\"@type\":\"ListItem\",\"position\":2,\"name\":\"Tenesus\"}]},{\"@type\":\"WebSite\",\"@id\":\"https:\/\/chemuza.org\/nl\/#website\",\"url\":\"https:\/\/chemuza.org\/nl\/\",\"name\":\"Chemuza\",\"description\":\"Uw toegangspoort tot chemische ontdekking!\",\"publisher\":{\"@id\":\"https:\/\/chemuza.org\/nl\/#organization\"},\"potentialAction\":[{\"@type\":\"SearchAction\",\"target\":{\"@type\":\"EntryPoint\",\"urlTemplate\":\"https:\/\/chemuza.org\/nl\/?s={search_term_string}\"},\"query-input\":\"required name=search_term_string\"}],\"inLanguage\":\"nl-NL\"},{\"@type\":\"Organization\",\"@id\":\"https:\/\/chemuza.org\/nl\/#organization\",\"name\":\"Chemuza\",\"url\":\"https:\/\/chemuza.org\/nl\/\",\"logo\":{\"@type\":\"ImageObject\",\"inLanguage\":\"nl-NL\",\"@id\":\"https:\/\/chemuza.org\/nl\/#\/schema\/logo\/image\/\",\"url\":\"https:\/\/chemuza.org\/nl\/wp-content\/uploads\/2023\/10\/chemuza-logo.png\",\"contentUrl\":\"https:\/\/chemuza.org\/nl\/wp-content\/uploads\/2023\/10\/chemuza-logo.png\",\"width\":387,\"height\":70,\"caption\":\"Chemuza\"},\"image\":{\"@id\":\"https:\/\/chemuza.org\/nl\/#\/schema\/logo\/image\/\"}}]}<\/script>\n<!-- \/ Yoast SEO plugin. -->","yoast_head_json":{"title":"Tenesus-Chemuza","robots":{"index":"index","follow":"follow","max-snippet":"max-snippet:-1","max-image-preview":"max-image-preview:large","max-video-preview":"max-video-preview:-1"},"canonical":"https:\/\/chemuza.org\/nl\/gespannen\/","og_locale":"nl_NL","og_type":"article","og_title":"Tenesus-Chemuza","og_description":"Wist je dat dit element voorheen Ephelium heette met het chemische symbool Ef ? Bovendien is het door de autoriteiten van de International Union of Pure and Applied Chemistry IUPAC erkend als Ununseptium . De recente ontdekking ervan in de 21e eeuw maakt het zelfs een weinig bekend metaal in termen van toepassingen. Wij laten ... Lees verder","og_url":"https:\/\/chemuza.org\/nl\/gespannen\/","og_site_name":"Chemuza","twitter_card":"summary_large_image","twitter_misc":{"Geschatte leestijd":"4 minuten"},"schema":{"@context":"https:\/\/schema.org","@graph":[{"@type":"WebPage","@id":"https:\/\/chemuza.org\/nl\/gespannen\/","url":"https:\/\/chemuza.org\/nl\/gespannen\/","name":"Tenesus-Chemuza","isPartOf":{"@id":"https:\/\/chemuza.org\/nl\/#website"},"datePublished":"2023-07-13T08:49:46+00:00","dateModified":"2023-07-13T08:49:46+00:00","breadcrumb":{"@id":"https:\/\/chemuza.org\/nl\/gespannen\/#breadcrumb"},"inLanguage":"nl-NL","potentialAction":[{"@type":"ReadAction","target":["https:\/\/chemuza.org\/nl\/gespannen\/"]}]},{"@type":"BreadcrumbList","@id":"https:\/\/chemuza.org\/nl\/gespannen\/#breadcrumb","itemListElement":[{"@type":"ListItem","position":1,"name":"Thuis","item":"https:\/\/chemuza.org\/nl\/"},{"@type":"ListItem","position":2,"name":"Tenesus"}]},{"@type":"WebSite","@id":"https:\/\/chemuza.org\/nl\/#website","url":"https:\/\/chemuza.org\/nl\/","name":"Chemuza","description":"Uw toegangspoort tot chemische ontdekking!","publisher":{"@id":"https:\/\/chemuza.org\/nl\/#organization"},"potentialAction":[{"@type":"SearchAction","target":{"@type":"EntryPoint","urlTemplate":"https:\/\/chemuza.org\/nl\/?s={search_term_string}"},"query-input":"required name=search_term_string"}],"inLanguage":"nl-NL"},{"@type":"Organization","@id":"https:\/\/chemuza.org\/nl\/#organization","name":"Chemuza","url":"https:\/\/chemuza.org\/nl\/","logo":{"@type":"ImageObject","inLanguage":"nl-NL","@id":"https:\/\/chemuza.org\/nl\/#\/schema\/logo\/image\/","url":"https:\/\/chemuza.org\/nl\/wp-content\/uploads\/2023\/10\/chemuza-logo.png","contentUrl":"https:\/\/chemuza.org\/nl\/wp-content\/uploads\/2023\/10\/chemuza-logo.png","width":387,"height":70,"caption":"Chemuza"},"image":{"@id":"https:\/\/chemuza.org\/nl\/#\/schema\/logo\/image\/"}}]}},"yoast_meta":{"yoast_wpseo_title":"","yoast_wpseo_metadesc":"","yoast_wpseo_canonical":""},"_links":{"self":[{"href":"https:\/\/chemuza.org\/nl\/wp-json\/wp\/v2\/pages\/1412","targetHints":{"allow":["GET"]}}],"collection":[{"href":"https:\/\/chemuza.org\/nl\/wp-json\/wp\/v2\/pages"}],"about":[{"href":"https:\/\/chemuza.org\/nl\/wp-json\/wp\/v2\/types\/page"}],"author":[{"embeddable":true,"href":"https:\/\/chemuza.org\/nl\/wp-json\/wp\/v2\/users\/1"}],"replies":[{"embeddable":true,"href":"https:\/\/chemuza.org\/nl\/wp-json\/wp\/v2\/comments?post=1412"}],"version-history":[{"count":0,"href":"https:\/\/chemuza.org\/nl\/wp-json\/wp\/v2\/pages\/1412\/revisions"}],"wp:attachment":[{"href":"https:\/\/chemuza.org\/nl\/wp-json\/wp\/v2\/media?parent=1412"}],"curies":[{"name":"wp","href":"https:\/\/api.w.org\/{rel}","templated":true}]}}