{"id":1410,"date":"2023-07-13T10:04:29","date_gmt":"2023-07-13T10:04:29","guid":{"rendered":"https:\/\/chemuza.org\/nl\/oganeson\/"},"modified":"2023-07-13T10:04:29","modified_gmt":"2023-07-13T10:04:29","slug":"oganeson","status":"publish","type":"page","link":"https:\/\/chemuza.org\/nl\/oganeson\/","title":{"rendered":"Oganeson"},"content":{"rendered":"<p>Het is momenteel het laatste chemische element in het periodiek systeem, het enige van groep 18 dat kunstmatig is gevormd en bovendien heeft het de hoogste massa en het hoogste atoomnummer van allemaal. Ontdek nu wat de eigenschappen van Oganeson zijn, wie de ontdekker was en waarvoor het wordt gebruikt.<\/p>\n<h2> <strong>Wat is Oganeson?<\/strong><\/h2>\n<p> Het is een chemisch element, synthetisch, transuraan, transactinide, zeer radioactief, superzwaar en onstabiel. Bovendien heeft het een extreem korte halfwaardetijd, een nulvalentie en enige reactiviteit onder normale omstandigheden. Het is waarschijnlijk ook geen gas, hoewel het deel uitmaakt van de chemische reeks edelgassen.<\/p>\n<h3> <strong>Oganeson-symbool<\/strong><\/h3>\n<p> <span class=\"content-chemical-element\" style=\"float: left;width: 65px;height: 65px;border: 3px solid #666; display:flex;\n    justify-content: center;align-items: center;margin-right: 15px;\"><span style=\"font-size: 38px;\">Og<\/span><\/span> Het huidige symbool voor het element Oganeson is de afkorting van de naam, gegeven als eerbetoon aan de Russische kernfysicus Yuri Tsolakovich Oganessian. Hij kreeg deze eer omdat hij leiding gaf aan de groep wetenschappers van het Russische Laboratorium voor Kernreacties. Aanvankelijk heette het echter Ununoctio, met de symboliek Uuo, een Latijns woord dat \u00e9\u00e9n, \u00e9\u00e9n, acht betekent, dat wil zeggen 118.<\/p>\n<h2> <strong>Kenmerken van Oganeson<\/strong><\/h2>\n<p> Volgens de voorspellingen van wetenschappers heeft Oganeson 118 neutronen, een hoge elektronegativiteit en positieve elektronenaffiniteit, in tegenstelling tot de rest van de edelgassen. Evenzo heeft het een lage ionisatie-energie en tot nu toe zijn er 3 of 4 Oganeson-atomen gesynthetiseerd. Bekijk hieronder de andere functies:<\/p>\n<ul>\n<li> <strong>Chemische reactiviteit<\/strong> : Berekeningen uit de kwantumtheorie voorspellen dat het onder normale omstandigheden kan reageren, in tegenstelling tot andere elementen in zijn groep.<\/li>\n<li> <strong>Toestand<\/strong> Hoewel men dacht dat het een gas was, wordt nu aangenomen dat het onder normale druk en temperatuur een vaste toestand heeft.<\/li>\n<li> <strong>Uiterlijk<\/strong> : Bedoeld om een ongebruikelijke structuur en uniform uiterlijk te vertonen.<\/li>\n<li> <strong>Radioactiviteit<\/strong> : Het is zeer radioactief.<\/li>\n<li> <strong>Nucleaire stabiliteit<\/strong> : het presenteert een sterke instabiliteit.<\/li>\n<li> <strong>Gewicht<\/strong> : Dit is een zeer zwaar item.<\/li>\n<li> <strong>Halfwaardetijd<\/strong> : Heeft een te korte halfwaardetijd, minder dan een milliseconde.<\/li>\n<li> <strong>Isotopen<\/strong> : Tegenwoordig is er slechts \u00e9\u00e9n isotoop bekend, <sup>294<\/sup> Og, waarvan de halfwaardetijd 0,89 milliseconden bedraagt, die door alfaverval wordt omgezet in <sup>290<\/sup> Lv.<\/li>\n<\/ul>\n<h2> <strong>Chemische en fysische eigenschappen van Oganeson<\/strong><\/h2>\n<ol>\n<li> <strong>Atoomnummer<\/strong> : 118<\/li>\n<li> <strong>Roest<\/strong> : Onbekend<\/li>\n<li> <strong>Oxidatietoestanden<\/strong> : 0, +2, +4<\/li>\n<li> <strong>Dichtheid (g\/ml)<\/strong> : 13.650 kg\/m\u00b3<\/li>\n<li> <strong>Covalente straal (\u00c5)<\/strong> : 230 pm<\/li>\n<li> <strong>Atoommassa (g\/mol)<\/strong> : 294 u <strong>&nbsp;<\/strong><\/li>\n<li> <strong>Soortelijke warmte<\/strong> : Geen gegevens<\/li>\n<li> <strong>Elektronische configuratie<\/strong> : [Rn] 5f <sup>14<\/sup> 6d <sup>10<\/sup> 7s <sup>2<\/sup> 7p <sup>6<\/sup><\/li>\n<li> <strong>Geluidssnelheid<\/strong> : Geen gegevens<\/li>\n<li> <strong>Elektronegativiteit<\/strong> : Geen gegevens<\/li>\n<li> <strong>Smeltpunt<\/strong> : Geen gegevens<\/li>\n<li> <strong>Smeltenthalpie<\/strong> : 23,5 kJ\/mol<\/li>\n<li> <strong>Elektronenniveau<\/strong> : 2,8,18,32,32,18 en 8<\/li>\n<li> <strong>Verdampingsenthalpie<\/strong> : 19,4 kJ\/mol<\/li>\n<li> <strong>Eerste ionisatie-energie (eV)<\/strong> : 820-1130 kJ\/mol<\/li>\n<li> <strong>Atoomstraal (\u00c5)<\/strong> : 152 pm (Bohr-straal)<\/li>\n<li> <strong>Kookpunt<\/strong> : 47 tot 107\u00b0C (320 tot 380 K)<\/li>\n<\/ol>\n<h2> <strong>Oorsprong van Oganeson<\/strong><\/h2>\n<p> Er is enige controverse over wie Oganeson heeft ontdekt. Volgens de geschiedenis maakte de Pool Robert Smola\u0144czuk zijn berekeningen voor de productie van dit element eind 1998 bekend. Uit de publicatie van de natuurkundige blijkt dat lood onder zorgvuldig gecontroleerde omstandigheden met krypton moet worden versmolten.<\/p>\n<p> In 1999 gebruikte een team van Amerikaanse wetenschappers van het Berkeley National Laboratory de berekeningen van Smola\u0144czuk en publiceerde hun ontdekking in de tijdschriften <em>Physical Review Letters<\/em> en Science. Ze zouden drie Oganeson-atomen kunnen scheiden en identificeren. Ze trokken het echter in omdat andere laboratoria het experiment niet konden herhalen.<\/p>\n<p> In 2002 werd de eerste groep atomen van dit element waargenomen bij het Central Nuclear Research Institute in Dubna, Rusland. Vervolgens ontdekte een team van JINR en Amerikaanse onderzoekers in oktober 2006 3 of 4 kernen van <sup>294<\/sup> Og. Later, in 2005, vonden ze er nog twee toen ionen van <sup>48<\/sup> Ca en <sup>249<\/sup> Cf met elkaar botsten.<\/p>\n<h2> <strong>Waar wordt Oganeson voor gebruikt?<\/strong><\/h2>\n<p> In werkelijkheid zijn de toepassingen van Oganeson tegenwoordig niet bekend, omdat het een nieuw element is. Omdat het radioactief is, zou het bovendien niet bruikbaar zijn in een commerci\u00eble of huishoudelijke omgeving, hoewel het wel wordt gebruikt voor wetenschappelijk onderzoek.<\/p>\n<h2> <strong>Oorsprong van de naam Oganeson<\/strong><\/h2>\n<p> Tot 1960 heette het <em>eka-emanatie<\/em> of <em>eka-radon<\/em> . Een jaar later adviseerde de Internationale Unie voor Pure en Toegepaste Chemie, IUPAC, het woord <em>Ununoctium<\/em> voor dit element. Deze naam is gebruikt, hoewel de offici\u00eble naam is bevestigd.<\/p>\n<p> V\u00f3\u00f3r 2002 stelden wetenschappers van Berkeley Lab de naam <em>Ghiorsium<\/em> voor, met het symbool Gh, ter ere van de chemicus Albert Ghiorso. Op dezelfde manier kondigde de Russische directeur van JINR, het Centraal Instituut voor Nucleair Onderzoek, in 2007 aan dat hij twee titels overwoog: <em>Flyorium<\/em> en <em>Moskovium<\/em> .<\/p>\n<p> De eerste naam werd voorgesteld door de oprichter van het instituut, Georgy Flyorov, terwijl de tweede ter ere van de oblast Moskou, waar Dubna, Rusland, ligt. Bovendien voerde de directeur van JINR aan dat het een Russische naam moest hebben, omdat zijn laboratorium de enige faciliteit was waar het werd gesynthetiseerd. Samenvattend is Oganeson momenteel het laatste synthetische element in het periodiek systeem. Het is een transactinide, radioactief, superzwaar, onstabiel en de halfwaardetijd bedraagt enkele milliseconden. Bovendien is er tot nu toe slechts \u00e9\u00e9n isotoop bekend, <sup>294<\/sup> Og. Het wordt alleen gebruikt voor wetenschappelijk onderzoek.<\/p>\n","protected":false},"excerpt":{"rendered":"<p>Het is momenteel het laatste chemische element in het periodiek systeem, het enige van groep 18 dat kunstmatig is gevormd en bovendien heeft het de hoogste massa en het hoogste atoomnummer van allemaal. Ontdek nu wat de eigenschappen van Oganeson zijn, wie de ontdekker was en waarvoor het wordt gebruikt. Wat is Oganeson? Het is &#8230; <a title=\"Oganeson\" class=\"read-more\" href=\"https:\/\/chemuza.org\/nl\/oganeson\/\" aria-label=\"Meer op Oganeson\">Lees verder<\/a><\/p>\n","protected":false},"author":1,"featured_media":0,"parent":0,"menu_order":0,"comment_status":"closed","ping_status":"closed","template":"","meta":{"footnotes":""},"class_list":["post-1410","page","type-page","status-publish"],"yoast_head":"<!-- This site is optimized with the Yoast SEO plugin v21.4 - https:\/\/yoast.com\/wordpress\/plugins\/seo\/ -->\n<title>Oganeson-Chemuza<\/title>\n<meta name=\"robots\" content=\"index, follow, max-snippet:-1, max-image-preview:large, max-video-preview:-1\" \/>\n<link rel=\"canonical\" href=\"https:\/\/chemuza.org\/nl\/oganeson\/\" \/>\n<meta property=\"og:locale\" content=\"nl_NL\" \/>\n<meta property=\"og:type\" content=\"article\" \/>\n<meta property=\"og:title\" content=\"Oganeson-Chemuza\" \/>\n<meta property=\"og:description\" content=\"Het is momenteel het laatste chemische element in het periodiek systeem, het enige van groep 18 dat kunstmatig is gevormd en bovendien heeft het de hoogste massa en het hoogste atoomnummer van allemaal. Ontdek nu wat de eigenschappen van Oganeson zijn, wie de ontdekker was en waarvoor het wordt gebruikt. Wat is Oganeson? Het is ... Lees verder\" \/>\n<meta property=\"og:url\" content=\"https:\/\/chemuza.org\/nl\/oganeson\/\" \/>\n<meta property=\"og:site_name\" content=\"Chemuza\" \/>\n<meta name=\"twitter:card\" content=\"summary_large_image\" \/>\n<meta name=\"twitter:label1\" content=\"Geschatte leestijd\" \/>\n\t<meta name=\"twitter:data1\" content=\"4 minuten\" \/>\n<script type=\"application\/ld+json\" class=\"yoast-schema-graph\">{\"@context\":\"https:\/\/schema.org\",\"@graph\":[{\"@type\":\"WebPage\",\"@id\":\"https:\/\/chemuza.org\/nl\/oganeson\/\",\"url\":\"https:\/\/chemuza.org\/nl\/oganeson\/\",\"name\":\"Oganeson-Chemuza\",\"isPartOf\":{\"@id\":\"https:\/\/chemuza.org\/nl\/#website\"},\"datePublished\":\"2023-07-13T10:04:29+00:00\",\"dateModified\":\"2023-07-13T10:04:29+00:00\",\"breadcrumb\":{\"@id\":\"https:\/\/chemuza.org\/nl\/oganeson\/#breadcrumb\"},\"inLanguage\":\"nl-NL\",\"potentialAction\":[{\"@type\":\"ReadAction\",\"target\":[\"https:\/\/chemuza.org\/nl\/oganeson\/\"]}]},{\"@type\":\"BreadcrumbList\",\"@id\":\"https:\/\/chemuza.org\/nl\/oganeson\/#breadcrumb\",\"itemListElement\":[{\"@type\":\"ListItem\",\"position\":1,\"name\":\"Thuis\",\"item\":\"https:\/\/chemuza.org\/nl\/\"},{\"@type\":\"ListItem\",\"position\":2,\"name\":\"Oganeson\"}]},{\"@type\":\"WebSite\",\"@id\":\"https:\/\/chemuza.org\/nl\/#website\",\"url\":\"https:\/\/chemuza.org\/nl\/\",\"name\":\"Chemuza\",\"description\":\"Uw toegangspoort tot chemische ontdekking!\",\"publisher\":{\"@id\":\"https:\/\/chemuza.org\/nl\/#organization\"},\"potentialAction\":[{\"@type\":\"SearchAction\",\"target\":{\"@type\":\"EntryPoint\",\"urlTemplate\":\"https:\/\/chemuza.org\/nl\/?s={search_term_string}\"},\"query-input\":\"required name=search_term_string\"}],\"inLanguage\":\"nl-NL\"},{\"@type\":\"Organization\",\"@id\":\"https:\/\/chemuza.org\/nl\/#organization\",\"name\":\"Chemuza\",\"url\":\"https:\/\/chemuza.org\/nl\/\",\"logo\":{\"@type\":\"ImageObject\",\"inLanguage\":\"nl-NL\",\"@id\":\"https:\/\/chemuza.org\/nl\/#\/schema\/logo\/image\/\",\"url\":\"https:\/\/chemuza.org\/nl\/wp-content\/uploads\/2023\/10\/chemuza-logo.png\",\"contentUrl\":\"https:\/\/chemuza.org\/nl\/wp-content\/uploads\/2023\/10\/chemuza-logo.png\",\"width\":387,\"height\":70,\"caption\":\"Chemuza\"},\"image\":{\"@id\":\"https:\/\/chemuza.org\/nl\/#\/schema\/logo\/image\/\"}}]}<\/script>\n<!-- \/ Yoast SEO plugin. -->","yoast_head_json":{"title":"Oganeson-Chemuza","robots":{"index":"index","follow":"follow","max-snippet":"max-snippet:-1","max-image-preview":"max-image-preview:large","max-video-preview":"max-video-preview:-1"},"canonical":"https:\/\/chemuza.org\/nl\/oganeson\/","og_locale":"nl_NL","og_type":"article","og_title":"Oganeson-Chemuza","og_description":"Het is momenteel het laatste chemische element in het periodiek systeem, het enige van groep 18 dat kunstmatig is gevormd en bovendien heeft het de hoogste massa en het hoogste atoomnummer van allemaal. Ontdek nu wat de eigenschappen van Oganeson zijn, wie de ontdekker was en waarvoor het wordt gebruikt. Wat is Oganeson? Het is ... Lees verder","og_url":"https:\/\/chemuza.org\/nl\/oganeson\/","og_site_name":"Chemuza","twitter_card":"summary_large_image","twitter_misc":{"Geschatte leestijd":"4 minuten"},"schema":{"@context":"https:\/\/schema.org","@graph":[{"@type":"WebPage","@id":"https:\/\/chemuza.org\/nl\/oganeson\/","url":"https:\/\/chemuza.org\/nl\/oganeson\/","name":"Oganeson-Chemuza","isPartOf":{"@id":"https:\/\/chemuza.org\/nl\/#website"},"datePublished":"2023-07-13T10:04:29+00:00","dateModified":"2023-07-13T10:04:29+00:00","breadcrumb":{"@id":"https:\/\/chemuza.org\/nl\/oganeson\/#breadcrumb"},"inLanguage":"nl-NL","potentialAction":[{"@type":"ReadAction","target":["https:\/\/chemuza.org\/nl\/oganeson\/"]}]},{"@type":"BreadcrumbList","@id":"https:\/\/chemuza.org\/nl\/oganeson\/#breadcrumb","itemListElement":[{"@type":"ListItem","position":1,"name":"Thuis","item":"https:\/\/chemuza.org\/nl\/"},{"@type":"ListItem","position":2,"name":"Oganeson"}]},{"@type":"WebSite","@id":"https:\/\/chemuza.org\/nl\/#website","url":"https:\/\/chemuza.org\/nl\/","name":"Chemuza","description":"Uw toegangspoort tot chemische ontdekking!","publisher":{"@id":"https:\/\/chemuza.org\/nl\/#organization"},"potentialAction":[{"@type":"SearchAction","target":{"@type":"EntryPoint","urlTemplate":"https:\/\/chemuza.org\/nl\/?s={search_term_string}"},"query-input":"required name=search_term_string"}],"inLanguage":"nl-NL"},{"@type":"Organization","@id":"https:\/\/chemuza.org\/nl\/#organization","name":"Chemuza","url":"https:\/\/chemuza.org\/nl\/","logo":{"@type":"ImageObject","inLanguage":"nl-NL","@id":"https:\/\/chemuza.org\/nl\/#\/schema\/logo\/image\/","url":"https:\/\/chemuza.org\/nl\/wp-content\/uploads\/2023\/10\/chemuza-logo.png","contentUrl":"https:\/\/chemuza.org\/nl\/wp-content\/uploads\/2023\/10\/chemuza-logo.png","width":387,"height":70,"caption":"Chemuza"},"image":{"@id":"https:\/\/chemuza.org\/nl\/#\/schema\/logo\/image\/"}}]}},"yoast_meta":{"yoast_wpseo_title":"","yoast_wpseo_metadesc":"","yoast_wpseo_canonical":""},"_links":{"self":[{"href":"https:\/\/chemuza.org\/nl\/wp-json\/wp\/v2\/pages\/1410","targetHints":{"allow":["GET"]}}],"collection":[{"href":"https:\/\/chemuza.org\/nl\/wp-json\/wp\/v2\/pages"}],"about":[{"href":"https:\/\/chemuza.org\/nl\/wp-json\/wp\/v2\/types\/page"}],"author":[{"embeddable":true,"href":"https:\/\/chemuza.org\/nl\/wp-json\/wp\/v2\/users\/1"}],"replies":[{"embeddable":true,"href":"https:\/\/chemuza.org\/nl\/wp-json\/wp\/v2\/comments?post=1410"}],"version-history":[{"count":0,"href":"https:\/\/chemuza.org\/nl\/wp-json\/wp\/v2\/pages\/1410\/revisions"}],"wp:attachment":[{"href":"https:\/\/chemuza.org\/nl\/wp-json\/wp\/v2\/media?parent=1410"}],"curies":[{"name":"wp","href":"https:\/\/api.w.org\/{rel}","templated":true}]}}