{"id":1409,"date":"2023-07-13T10:29:28","date_gmt":"2023-07-13T10:29:28","guid":{"rendered":"https:\/\/chemuza.org\/nl\/nihonium\/"},"modified":"2023-07-13T10:29:28","modified_gmt":"2023-07-13T10:29:28","slug":"nihonium","status":"publish","type":"page","link":"https:\/\/chemuza.org\/nl\/nihonium\/","title":{"rendered":"Nihonium"},"content":{"rendered":"<p>Wist u dat deze naam verwijst naar een geografische locatie? Het doet in feite denken aan Japan en vormt het eerste element dat op het Aziatische continent is ontdekt. Aan de andere kant komt het ook overeen met de meest recente metalen die zijn bijgewerkt in het periodiek systeem en er is nog heel weinig bekend over dit chemische element. In ieder geval vertellen wij u hier de belangrijkste kenmerken en eigenschappen van Nihonium.<\/p>\n<h2> <strong>Wat is nihonium?<\/strong><\/h2>\n<p> Het element Nihonium is een transactinide, transuraan, een kunstmatig gecre\u00eberde chemische stof die zeer radioactief is en een zeer korte halfwaardetijd heeft. Het bevindt zich tussen de p-blokmetalen, in periode 7 en groep 13 of de chemische reeks van boor. Het is een massief metaal dat volgens wetenschappelijke schattingen eigenschappen kan bevatten die vergelijkbaar zijn met gallium, aluminium, thallium en indium. Andere onderzoeken suggereren echter dat het meer lijkt op overgangsmetalen.<\/p>\n<h3> <strong>Nihonium-symbool<\/strong><\/h3>\n<p> <span class=\"content-chemical-element\" style=\"float: left;width: 65px;height: 65px;border: 3px solid #666; display:flex;\n    justify-content: center;align-items: center;margin-right: 15px;\"><span style=\"font-size: 38px;\">Nh<\/span><\/span> Het symbool voor het chemische element is een afkorting van de naam, die afkomstig is van het Japanse woord <em>Nihon<\/em> voor Japan. Voordien adviseerde IUPAC echter om het voorlopig <em>Ununtrio<\/em> te noemen, wiens acroniem Uut was. Deze naam komt uit het Latijn en betekent \u00e9\u00e9n, \u00e9\u00e9n, drie, wat 113 betekent.<\/p>\n<h2> <strong>Kenmerken van Nihonium<\/strong><\/h2>\n<p> Dit element heeft 113 elektronen in zijn schil en hetzelfde aantal protonen in zijn kern. Bovendien heeft het een atoomgewicht van 286 amu, smelt het bij 427 \u00b0 C en kookt het bij 1.127 \u00b0 C. De reductie- en oxidatieprocessen zijn echter nog niet gemeten. De overige eigenschappen van Nihonium zijn:<\/p>\n<ul>\n<li> <strong>Status<\/strong> : Aangenomen wordt dat het bij kamertemperatuur een vast materiaal is.<\/li>\n<li> <strong>Uiterlijk<\/strong> : Uiterlijk onbekend, hoewel vermoedelijk zilver, grijs of wit.<\/li>\n<li> <strong>Nucleaire stabiliteit<\/strong> : Het vertoont enige instabiliteit, maar er wordt aangenomen dat er binnen het element een proces plaatsvindt dat een eiland van stabiliteit wordt genoemd.<\/li>\n<li> <strong>Radioactiviteit<\/strong> : Het is zeer radioactief.<\/li>\n<li> <strong>Gewicht<\/strong> : Het is geclassificeerd als superzwaar.<\/li>\n<li> <strong>Metaaleigenschappen<\/strong> : Het is waarschijnlijk een metaalelement, andere analyses geven aan dat het een overgangsmetaal is.<\/li>\n<li> <strong>Halfwaardetijd<\/strong> : De halfwaardetijd is te kort, tussen 0,34 milliseconden en 20 seconden.<\/li>\n<li> <strong>Isotopen<\/strong> : Er zijn momenteel zes isotopen van het element bekend, met atoommassa&#8217;s van 278 tot 286, waarbij <sup>286<\/sup> Nh de meest stabiele van allemaal is.<\/li>\n<\/ul>\n<h2> <strong>Chemische en fysische eigenschappen van Nihonium<\/strong><\/h2>\n<ol>\n<li> <strong>Atoomnummer<\/strong> : 113 <strong>&nbsp;<\/strong><\/li>\n<li> <strong>Dichtheid (g\/ml)<\/strong> : 16 kg\/m\u00b3<\/li>\n<li> <strong>Roest<\/strong> : Onbekend<\/li>\n<li> <strong>Covalente straal (\u00c5)<\/strong> : 136 pm<\/li>\n<li> <strong>Oxidatietoestanden<\/strong> : +1, +3, +5<\/li>\n<li> <strong>Eerste ionisatie-energie (eV)<\/strong> : 710 kJ\/mol<\/li>\n<li> <strong>Atoomstraal (\u00c5)<\/strong> : Geen gegevens <strong>&nbsp;<\/strong><\/li>\n<li> <strong>Elektronische configuratie<\/strong> : [Rn] 5f <sup>14<\/sup> 6d <sup>10<\/sup> 7s <sup>2<\/sup> 7p <sup>1<\/sup> <strong>&nbsp;<\/strong><\/li>\n<li> <strong>Kookpunt<\/strong> : 1127\u00b0C (1400 K)<\/li>\n<li> <strong>Elektronen per niveau<\/strong> : 2, 8, 18, 32, 32, 18, 3<\/li>\n<li> <strong>Verdampingsenthalpie<\/strong> : 130 kJ\/mol<\/li>\n<li> <strong>Elektronegativiteit<\/strong> : Geen gegevens <strong>&nbsp;<\/strong><\/li>\n<li> <strong>Smeltpunt<\/strong> : 427\u00b0C (700K)<\/li>\n<li> <strong>Soortelijke warmte<\/strong> : Geen gegevens<\/li>\n<li> <strong>Atoommassa (g\/mol)<\/strong> : 286 u<\/li>\n<li> <strong>Fusie-enthalpie<\/strong> : Geen gegevens<\/li>\n<\/ol>\n<h2> <strong>Oorsprong van Nihonium<\/strong><\/h2>\n<p> De ontdekking ervan was niet zonder controverse, aangezien aanvankelijk een groep Amerikaanse onderzoekers van het FFRDC-centrum het auteurschap claimde. Hun werk werd tussen 2003 en 2004 uitgevoerd in samenwerking met een team Russische scheikundigen. Op dezelfde manier deden Japanse wetenschappers van het RIKEN-laboratorium het, die er eind 2015 in slaagden het element te synthetiseren.<\/p>\n<p> Volgens het Nihonium-verhaal konden Japanse wetenschappers een keten van zes opeenvolgende alfa-verval vormen als resultaat van experimenten waarbij RIKEN-radio-isotopen werden gegenereerd. Bovendien identificeerden ze het definitief door verval in erkende nucliden. Het onderzoek werd uitgevoerd bij het RIKEN Instituut Nishina <em>Center for Accelerator-based Science<\/em> . De resultaten werden later gepubliceerd in de Japanse editie van de <em>Journal of Physical Society<\/em> .<\/p>\n<h2> <strong>Waar wordt Nihonium voor gebruikt?<\/strong><\/h2>\n<p> Tegenwoordig is er geen gebruik of toepassing van Nihonium op commercieel, huishoudelijk of industrieel niveau, omdat het een element is waarvan de halfwaardetijd wordt teruggebracht tot enkele milliseconden of seconden. Bovendien is het onstabiel en zeer radioactief, waardoor het nut ervan alleen wordt gedegradeerd tot wetenschappelijk onderzoek.<\/p>\n<h2> <strong>Oorsprong van de naam Nihonio<\/strong><\/h2>\n<p> Volgens Mendelejevs nomenclatuur voor niet nader genoemde elementen zou het <em>dvi-indium<\/em> of <em>eka-thallium<\/em> moeten worden genoemd. Volgens IUPAC-suggesties uit 1979 noemden ze het echter <em>Ununtrio<\/em> , en zo werd het ge\u00efdentificeerd totdat er een offici\u00eble naam werd gevonden.<\/p>\n<p> De wetenschappelijke media negeerden deze suggesties echter en noemden het in feite <em>element 113<\/em> of simpelweg 113. Het stond ook bekend als <em>Tusfrano<\/em> of <em>Trustano<\/em> . Later werd de naam <em>Nihonium<\/em> voor het element in november 2016 wettelijk goedgekeurd als een duidelijk eerbetoon aan het Japanse land.<\/p>\n<p> Samenvattend is Nihonium een kunstmatig, transuraan, transactinide, radioactief, superzwaar chemisch element met een zeer korte en onstabiele halfwaardetijd. Volgens wetenschappelijke studies is het een metaalkleurige vaste stof met kenmerken die vergelijkbaar zijn met de Boron-groep. Het heeft alleen toepassingen voor onderzoeksdoeleinden.<\/p>\n","protected":false},"excerpt":{"rendered":"<p>Wist u dat deze naam verwijst naar een geografische locatie? Het doet in feite denken aan Japan en vormt het eerste element dat op het Aziatische continent is ontdekt. Aan de andere kant komt het ook overeen met de meest recente metalen die zijn bijgewerkt in het periodiek systeem en er is nog heel weinig &#8230; <a title=\"Nihonium\" class=\"read-more\" href=\"https:\/\/chemuza.org\/nl\/nihonium\/\" aria-label=\"Meer op Nihonium\">Lees verder<\/a><\/p>\n","protected":false},"author":1,"featured_media":0,"parent":0,"menu_order":0,"comment_status":"closed","ping_status":"closed","template":"","meta":{"footnotes":""},"class_list":["post-1409","page","type-page","status-publish"],"yoast_head":"<!-- This site is optimized with the Yoast SEO plugin v21.4 - https:\/\/yoast.com\/wordpress\/plugins\/seo\/ -->\n<title>Nihonium-Chemuza<\/title>\n<meta name=\"robots\" content=\"index, follow, max-snippet:-1, max-image-preview:large, max-video-preview:-1\" \/>\n<link rel=\"canonical\" href=\"https:\/\/chemuza.org\/nl\/nihonium\/\" \/>\n<meta property=\"og:locale\" content=\"nl_NL\" \/>\n<meta property=\"og:type\" content=\"article\" \/>\n<meta property=\"og:title\" content=\"Nihonium-Chemuza\" \/>\n<meta property=\"og:description\" content=\"Wist u dat deze naam verwijst naar een geografische locatie? Het doet in feite denken aan Japan en vormt het eerste element dat op het Aziatische continent is ontdekt. Aan de andere kant komt het ook overeen met de meest recente metalen die zijn bijgewerkt in het periodiek systeem en er is nog heel weinig ... Lees verder\" \/>\n<meta property=\"og:url\" content=\"https:\/\/chemuza.org\/nl\/nihonium\/\" \/>\n<meta property=\"og:site_name\" content=\"Chemuza\" \/>\n<meta name=\"twitter:card\" content=\"summary_large_image\" \/>\n<meta name=\"twitter:label1\" content=\"Geschatte leestijd\" \/>\n\t<meta name=\"twitter:data1\" content=\"4 minuten\" \/>\n<script type=\"application\/ld+json\" class=\"yoast-schema-graph\">{\"@context\":\"https:\/\/schema.org\",\"@graph\":[{\"@type\":\"WebPage\",\"@id\":\"https:\/\/chemuza.org\/nl\/nihonium\/\",\"url\":\"https:\/\/chemuza.org\/nl\/nihonium\/\",\"name\":\"Nihonium-Chemuza\",\"isPartOf\":{\"@id\":\"https:\/\/chemuza.org\/nl\/#website\"},\"datePublished\":\"2023-07-13T10:29:28+00:00\",\"dateModified\":\"2023-07-13T10:29:28+00:00\",\"breadcrumb\":{\"@id\":\"https:\/\/chemuza.org\/nl\/nihonium\/#breadcrumb\"},\"inLanguage\":\"nl-NL\",\"potentialAction\":[{\"@type\":\"ReadAction\",\"target\":[\"https:\/\/chemuza.org\/nl\/nihonium\/\"]}]},{\"@type\":\"BreadcrumbList\",\"@id\":\"https:\/\/chemuza.org\/nl\/nihonium\/#breadcrumb\",\"itemListElement\":[{\"@type\":\"ListItem\",\"position\":1,\"name\":\"Thuis\",\"item\":\"https:\/\/chemuza.org\/nl\/\"},{\"@type\":\"ListItem\",\"position\":2,\"name\":\"Nihonium\"}]},{\"@type\":\"WebSite\",\"@id\":\"https:\/\/chemuza.org\/nl\/#website\",\"url\":\"https:\/\/chemuza.org\/nl\/\",\"name\":\"Chemuza\",\"description\":\"Uw toegangspoort tot chemische ontdekking!\",\"publisher\":{\"@id\":\"https:\/\/chemuza.org\/nl\/#organization\"},\"potentialAction\":[{\"@type\":\"SearchAction\",\"target\":{\"@type\":\"EntryPoint\",\"urlTemplate\":\"https:\/\/chemuza.org\/nl\/?s={search_term_string}\"},\"query-input\":\"required name=search_term_string\"}],\"inLanguage\":\"nl-NL\"},{\"@type\":\"Organization\",\"@id\":\"https:\/\/chemuza.org\/nl\/#organization\",\"name\":\"Chemuza\",\"url\":\"https:\/\/chemuza.org\/nl\/\",\"logo\":{\"@type\":\"ImageObject\",\"inLanguage\":\"nl-NL\",\"@id\":\"https:\/\/chemuza.org\/nl\/#\/schema\/logo\/image\/\",\"url\":\"https:\/\/chemuza.org\/nl\/wp-content\/uploads\/2023\/10\/chemuza-logo.png\",\"contentUrl\":\"https:\/\/chemuza.org\/nl\/wp-content\/uploads\/2023\/10\/chemuza-logo.png\",\"width\":387,\"height\":70,\"caption\":\"Chemuza\"},\"image\":{\"@id\":\"https:\/\/chemuza.org\/nl\/#\/schema\/logo\/image\/\"}}]}<\/script>\n<!-- \/ Yoast SEO plugin. -->","yoast_head_json":{"title":"Nihonium-Chemuza","robots":{"index":"index","follow":"follow","max-snippet":"max-snippet:-1","max-image-preview":"max-image-preview:large","max-video-preview":"max-video-preview:-1"},"canonical":"https:\/\/chemuza.org\/nl\/nihonium\/","og_locale":"nl_NL","og_type":"article","og_title":"Nihonium-Chemuza","og_description":"Wist u dat deze naam verwijst naar een geografische locatie? Het doet in feite denken aan Japan en vormt het eerste element dat op het Aziatische continent is ontdekt. Aan de andere kant komt het ook overeen met de meest recente metalen die zijn bijgewerkt in het periodiek systeem en er is nog heel weinig ... Lees verder","og_url":"https:\/\/chemuza.org\/nl\/nihonium\/","og_site_name":"Chemuza","twitter_card":"summary_large_image","twitter_misc":{"Geschatte leestijd":"4 minuten"},"schema":{"@context":"https:\/\/schema.org","@graph":[{"@type":"WebPage","@id":"https:\/\/chemuza.org\/nl\/nihonium\/","url":"https:\/\/chemuza.org\/nl\/nihonium\/","name":"Nihonium-Chemuza","isPartOf":{"@id":"https:\/\/chemuza.org\/nl\/#website"},"datePublished":"2023-07-13T10:29:28+00:00","dateModified":"2023-07-13T10:29:28+00:00","breadcrumb":{"@id":"https:\/\/chemuza.org\/nl\/nihonium\/#breadcrumb"},"inLanguage":"nl-NL","potentialAction":[{"@type":"ReadAction","target":["https:\/\/chemuza.org\/nl\/nihonium\/"]}]},{"@type":"BreadcrumbList","@id":"https:\/\/chemuza.org\/nl\/nihonium\/#breadcrumb","itemListElement":[{"@type":"ListItem","position":1,"name":"Thuis","item":"https:\/\/chemuza.org\/nl\/"},{"@type":"ListItem","position":2,"name":"Nihonium"}]},{"@type":"WebSite","@id":"https:\/\/chemuza.org\/nl\/#website","url":"https:\/\/chemuza.org\/nl\/","name":"Chemuza","description":"Uw toegangspoort tot chemische ontdekking!","publisher":{"@id":"https:\/\/chemuza.org\/nl\/#organization"},"potentialAction":[{"@type":"SearchAction","target":{"@type":"EntryPoint","urlTemplate":"https:\/\/chemuza.org\/nl\/?s={search_term_string}"},"query-input":"required name=search_term_string"}],"inLanguage":"nl-NL"},{"@type":"Organization","@id":"https:\/\/chemuza.org\/nl\/#organization","name":"Chemuza","url":"https:\/\/chemuza.org\/nl\/","logo":{"@type":"ImageObject","inLanguage":"nl-NL","@id":"https:\/\/chemuza.org\/nl\/#\/schema\/logo\/image\/","url":"https:\/\/chemuza.org\/nl\/wp-content\/uploads\/2023\/10\/chemuza-logo.png","contentUrl":"https:\/\/chemuza.org\/nl\/wp-content\/uploads\/2023\/10\/chemuza-logo.png","width":387,"height":70,"caption":"Chemuza"},"image":{"@id":"https:\/\/chemuza.org\/nl\/#\/schema\/logo\/image\/"}}]}},"yoast_meta":{"yoast_wpseo_title":"","yoast_wpseo_metadesc":"","yoast_wpseo_canonical":""},"_links":{"self":[{"href":"https:\/\/chemuza.org\/nl\/wp-json\/wp\/v2\/pages\/1409","targetHints":{"allow":["GET"]}}],"collection":[{"href":"https:\/\/chemuza.org\/nl\/wp-json\/wp\/v2\/pages"}],"about":[{"href":"https:\/\/chemuza.org\/nl\/wp-json\/wp\/v2\/types\/page"}],"author":[{"embeddable":true,"href":"https:\/\/chemuza.org\/nl\/wp-json\/wp\/v2\/users\/1"}],"replies":[{"embeddable":true,"href":"https:\/\/chemuza.org\/nl\/wp-json\/wp\/v2\/comments?post=1409"}],"version-history":[{"count":0,"href":"https:\/\/chemuza.org\/nl\/wp-json\/wp\/v2\/pages\/1409\/revisions"}],"wp:attachment":[{"href":"https:\/\/chemuza.org\/nl\/wp-json\/wp\/v2\/media?parent=1409"}],"curies":[{"name":"wp","href":"https:\/\/api.w.org\/{rel}","templated":true}]}}