{"id":1388,"date":"2023-07-13T20:13:19","date_gmt":"2023-07-13T20:13:19","guid":{"rendered":"https:\/\/chemuza.org\/nl\/frank\/"},"modified":"2023-07-13T20:13:19","modified_gmt":"2023-07-13T20:13:19","slug":"frank","status":"publish","type":"page","link":"https:\/\/chemuza.org\/nl\/frank\/","title":{"rendered":"Francium"},"content":{"rendered":"<p>Wist je dat Francium het laatste element is dat in de natuur is ontdekt? Bovendien is het het op een na minst voorkomende chemische element in de aardkorst. Aan de andere kant bevat het de laagste elektronegativiteit van allemaal. Lees meer over deze chemische verbinding en het nut ervan voor de mens.<\/p>\n<h2> <strong>Wat is Francium?<\/strong><\/h2>\n<p> Het chemische element Francium is een metaal dat deel uitmaakt van de alkalische groep, gelegen in de zevende rij of periode van het periodiek systeem en in de <em>s-<\/em> groep. Het heeft een hoge radioactiviteit en chemische reactiviteit. Bovendien heeft het extreme instabiliteit, slechts \u00e9\u00e9n elektron in zijn valentieschil, de hoogste equivalente massa en de laagste elektronegativiteit.<\/p>\n<h3> <strong>Francium-symbool<\/strong><\/h3>\n<p> <span class=\"content-chemical-element\" style=\"float: left;width: 65px;height: 65px;border: 3px solid #666; display:flex;\n    justify-content: center;align-items: center;margin-right: 15px;\"><span style=\"font-size: 38px;\">En<\/span><\/span> De afkorting van het chemische element, dat wil zeggen het symbool van Francium, komt van het Latijnse woord <em>Francium<\/em> . Het dankt zijn naam aan Frankrijk, het land waar het werd ontdekt. Aanvankelijk had de ontdekker het echter <em>actinium K<\/em> en <em>Catio<\/em> genoemd. Bovendien was het voorheen bekend als <em>eka-cesium<\/em> , <em>Moldavisch<\/em> of <em>Virginian<\/em> . Op dezelfde manier werd de symbologie van de Wet toegewezen, maar later werd deze vervangen door de huidige symbologie.<\/p>\n<h2> <strong>Kenmerken van Francium<\/strong><\/h2>\n<p> Onder de kenmerken van Francium vinden we een atomaire samenstelling van 136 neutronen, 87 protonen en 87 elektronen. Aan de andere kant voert het coprecipitatie uit door interactie met wolfraamkiezelzuur, perchloorzuur en met meerdere cesiumzouten, zonder dat er enig ander metaal aanwezig is. Meer informatie over de andere eigenschappen van het element:<\/p>\n<ul>\n<li> <strong>Chemische reactiviteit<\/strong> : De reactiviteit is zeer hoog.<\/li>\n<li> <strong>Smelten en koken<\/strong> : Het verandert van vaste naar vloeibare toestand bij 27\u00b0C, terwijl het bij een temperatuur van 667\u00b0C verandert van vloeibare naar gasvormige toestand.<\/li>\n<li> <strong>Radioactiviteit<\/strong> : Het heeft een hoog radioactief niveau, zozeer zelfs dat het gevaarlijke en gewelddadige explosies kan veroorzaken in de aanwezigheid van een waterig lichaam.<\/li>\n<li> <strong>Staat<\/strong> : De gewone toestand is vloeibaar bij kamertemperatuur.<\/li>\n<li> <strong>Oplosbaarheid<\/strong> : De meeste zouten zijn oplosbaar in water.<\/li>\n<li> <strong>Veranderingen<\/strong> : Na verval produceert dit element Radius, Astatine en Radon.<\/li>\n<li> <strong>Magnetische volgorde<\/strong> : Het is een paramagnetisch metaal.<\/li>\n<li> <strong>Instabiliteit<\/strong> : Het komt alleen voor in radioactieve vormen met een geschatte levensduur van 21 minuten.<\/li>\n<li> <strong>Kristalstructuur<\/strong> : Het is een gecentreerd kubisch lichaam.<\/li>\n<li> <strong>Isotopen<\/strong> : Er zijn 34 isotopen bekend, waarvan er 32 synthetisch zijn en allemaal vervallen. De <sup>223<\/sup> Fr en <sup>221<\/sup> Fr zijn van nature.<\/li>\n<\/ul>\n<h2> <strong>Chemische en fysische eigenschappen van Francium<\/strong><\/h2>\n<ol>\n<li> <strong>Atoomnummer<\/strong> : 87<\/li>\n<li> <strong>Oxide<\/strong> : Sterke basis<\/li>\n<li> <strong>Oxidatietoestanden<\/strong> : +1<\/li>\n<li> <strong>Dichtheid (g\/ml)<\/strong> : 1870 kg\/m <sup>3<\/sup><\/li>\n<li> <strong>Covalente straal (\u00c5)<\/strong> : 260 pm<\/li>\n<li> <strong>Soortelijke warmte<\/strong> : Heeft niet<\/li>\n<li> <strong>Atoommassa (g\/mol)<\/strong> : 223 u<\/li>\n<li> <strong>Smeltpunt<\/strong> : 27\u00b0C (300K)<\/li>\n<li> <strong>Elektronische configuratie<\/strong> : [Rn]7s <sup>1<\/sup><\/li>\n<li> <strong>Elektronen per niveau<\/strong> : 2, 8, 18, 32, 18, 8, 1<\/li>\n<li> <strong>Verdampingsenthalpie<\/strong> : 65 kJ\/mol<\/li>\n<li> <strong>Eerste ionisatiepotentiaal (eV)<\/strong> : 380 kJ\/mol<\/li>\n<li> <strong>Atoomstraal (\u00c5)<\/strong> : 270 pm (Bohr-straal)<\/li>\n<li> <strong>Kookpunt<\/strong> : 677\u00b0C (950K)<\/li>\n<li> <strong>Smeltenthalpie<\/strong> : 2 kJ\/mol<\/li>\n<li> <strong>Snelheid van geluid<\/strong> : Heeft niet<\/li>\n<li> <strong>Elektronegativiteit<\/strong> : 0,7 (Pauling-schaal)<\/li>\n<\/ol>\n<h2> <strong>Oorsprong van frank<\/strong><\/h2>\n<p> Als je je afvraagt \u200b\u200bwie Francium heeft ontdekt: het was de Fran\u00e7aise Marguerite Perey in 1939. In 1870 vermoedden veel scheikundigen echter dat er al v\u00f3\u00f3r Cesium een \u200b\u200balkalimetaal bestond. Bovendien kreeg het veronderstelde element de naam <em>eka-cesium<\/em> en het atoomnummer 87. Later, tussen 1870 en 1937, werden er vele pogingen ondernomen om het te ontdekken en te isoleren, maar het resultaat was niet succesvol. onvolledig of onjuist bevonden.<\/p>\n<p> Pas toen de Franse natuurkundige Perey een onverenigbaarheid in de vervalenergie in een monster actinium-227 waarnam. Hij was het die waarschijnlijke bronnen van verandering uitsloot en tot de conclusie kwam dat het <em>eka-cesium<\/em> was, het nieuwe alkalimetaal. Hij moest echter aan de wetenschappelijke gemeenschap bewijzen dat deze prestatie aan hem toebehoorde, aangezien scheikundigen Horia Hulubei en Yvette Cauchois voor zijn ontdekking zorgden. Marguerite Perey kreeg echter de titel van ontdekker en gaf het element een naam.<\/p>\n<h2> <strong>Waar wordt Francium voor gebruikt?<\/strong><\/h2>\n<p> Er is geen commercieel gebruik voor francium omdat het een zeer zeldzaam materiaal in de natuur is en vanwege de hoge nucleaire instabiliteit ervan. Op wetenschappelijk gebied wordt het echter gebruikt voor onderzoekswerk zoals scheikunde, biologie of atomaire structuur.<\/p>\n<p> Het vermogen om het element Francium te synthetiseren, op te vangen en af \u200b\u200bte koelen, maakt het tot de hoofdrolspeler in gespecialiseerde spectroscopie-experimenten. Dit leidt tot een beter begrip van de koppelingsconstanten tussen subatomaire deeltjes, evenals van energieniveaus.<\/p>\n<p> Aan de andere kant laten onderzoeken naar het licht dat wordt uitgezonden door <sup>210<\/sup> Fr-ionen specifieke resultaten zien van overgangen tussen atomaire energieniveaus. Bovendien werd geverifieerd dat de gegevens verkregen uit deze experimenten vergelijkbaar zijn met de gegevens voorspeld door de kwantumtheorie.<\/p>\n<p> Samenvattend is Francium een \u200b\u200balkalimetaal, superradioactief en onstabiel. Bovendien heeft het het grootste gewicht of de equivalente massa van andere chemische elementen. Aan de andere kant heeft het de laagste elektronegativiteit en heeft het geen commerci\u00eble toepassingen, maar wordt het gebruikt voor wetenschappelijke studies.<\/p>\n","protected":false},"excerpt":{"rendered":"<p>Wist je dat Francium het laatste element is dat in de natuur is ontdekt? Bovendien is het het op een na minst voorkomende chemische element in de aardkorst. Aan de andere kant bevat het de laagste elektronegativiteit van allemaal. Lees meer over deze chemische verbinding en het nut ervan voor de mens. Wat is Francium? &#8230; <a title=\"Francium\" class=\"read-more\" href=\"https:\/\/chemuza.org\/nl\/frank\/\" aria-label=\"Meer op Francium\">Lees verder<\/a><\/p>\n","protected":false},"author":1,"featured_media":0,"parent":0,"menu_order":0,"comment_status":"closed","ping_status":"closed","template":"","meta":{"footnotes":""},"class_list":["post-1388","page","type-page","status-publish"],"yoast_head":"<!-- This site is optimized with the Yoast SEO plugin v21.4 - https:\/\/yoast.com\/wordpress\/plugins\/seo\/ -->\n<title>Francium-Chemuza<\/title>\n<meta name=\"robots\" content=\"index, follow, max-snippet:-1, max-image-preview:large, max-video-preview:-1\" \/>\n<link rel=\"canonical\" href=\"https:\/\/chemuza.org\/nl\/frank\/\" \/>\n<meta property=\"og:locale\" content=\"nl_NL\" \/>\n<meta property=\"og:type\" content=\"article\" \/>\n<meta property=\"og:title\" content=\"Francium-Chemuza\" \/>\n<meta property=\"og:description\" content=\"Wist je dat Francium het laatste element is dat in de natuur is ontdekt? Bovendien is het het op een na minst voorkomende chemische element in de aardkorst. Aan de andere kant bevat het de laagste elektronegativiteit van allemaal. Lees meer over deze chemische verbinding en het nut ervan voor de mens. Wat is Francium? ... Lees verder\" \/>\n<meta property=\"og:url\" content=\"https:\/\/chemuza.org\/nl\/frank\/\" \/>\n<meta property=\"og:site_name\" content=\"Chemuza\" \/>\n<meta name=\"twitter:card\" content=\"summary_large_image\" \/>\n<meta name=\"twitter:label1\" content=\"Geschatte leestijd\" \/>\n\t<meta name=\"twitter:data1\" content=\"4 minuten\" \/>\n<script type=\"application\/ld+json\" class=\"yoast-schema-graph\">{\"@context\":\"https:\/\/schema.org\",\"@graph\":[{\"@type\":\"WebPage\",\"@id\":\"https:\/\/chemuza.org\/nl\/frank\/\",\"url\":\"https:\/\/chemuza.org\/nl\/frank\/\",\"name\":\"Francium-Chemuza\",\"isPartOf\":{\"@id\":\"https:\/\/chemuza.org\/nl\/#website\"},\"datePublished\":\"2023-07-13T20:13:19+00:00\",\"dateModified\":\"2023-07-13T20:13:19+00:00\",\"breadcrumb\":{\"@id\":\"https:\/\/chemuza.org\/nl\/frank\/#breadcrumb\"},\"inLanguage\":\"nl-NL\",\"potentialAction\":[{\"@type\":\"ReadAction\",\"target\":[\"https:\/\/chemuza.org\/nl\/frank\/\"]}]},{\"@type\":\"BreadcrumbList\",\"@id\":\"https:\/\/chemuza.org\/nl\/frank\/#breadcrumb\",\"itemListElement\":[{\"@type\":\"ListItem\",\"position\":1,\"name\":\"Thuis\",\"item\":\"https:\/\/chemuza.org\/nl\/\"},{\"@type\":\"ListItem\",\"position\":2,\"name\":\"Francium\"}]},{\"@type\":\"WebSite\",\"@id\":\"https:\/\/chemuza.org\/nl\/#website\",\"url\":\"https:\/\/chemuza.org\/nl\/\",\"name\":\"Chemuza\",\"description\":\"Uw toegangspoort tot chemische ontdekking!\",\"publisher\":{\"@id\":\"https:\/\/chemuza.org\/nl\/#organization\"},\"potentialAction\":[{\"@type\":\"SearchAction\",\"target\":{\"@type\":\"EntryPoint\",\"urlTemplate\":\"https:\/\/chemuza.org\/nl\/?s={search_term_string}\"},\"query-input\":\"required name=search_term_string\"}],\"inLanguage\":\"nl-NL\"},{\"@type\":\"Organization\",\"@id\":\"https:\/\/chemuza.org\/nl\/#organization\",\"name\":\"Chemuza\",\"url\":\"https:\/\/chemuza.org\/nl\/\",\"logo\":{\"@type\":\"ImageObject\",\"inLanguage\":\"nl-NL\",\"@id\":\"https:\/\/chemuza.org\/nl\/#\/schema\/logo\/image\/\",\"url\":\"https:\/\/chemuza.org\/nl\/wp-content\/uploads\/2023\/10\/chemuza-logo.png\",\"contentUrl\":\"https:\/\/chemuza.org\/nl\/wp-content\/uploads\/2023\/10\/chemuza-logo.png\",\"width\":387,\"height\":70,\"caption\":\"Chemuza\"},\"image\":{\"@id\":\"https:\/\/chemuza.org\/nl\/#\/schema\/logo\/image\/\"}}]}<\/script>\n<!-- \/ Yoast SEO plugin. -->","yoast_head_json":{"title":"Francium-Chemuza","robots":{"index":"index","follow":"follow","max-snippet":"max-snippet:-1","max-image-preview":"max-image-preview:large","max-video-preview":"max-video-preview:-1"},"canonical":"https:\/\/chemuza.org\/nl\/frank\/","og_locale":"nl_NL","og_type":"article","og_title":"Francium-Chemuza","og_description":"Wist je dat Francium het laatste element is dat in de natuur is ontdekt? Bovendien is het het op een na minst voorkomende chemische element in de aardkorst. Aan de andere kant bevat het de laagste elektronegativiteit van allemaal. Lees meer over deze chemische verbinding en het nut ervan voor de mens. Wat is Francium? ... Lees verder","og_url":"https:\/\/chemuza.org\/nl\/frank\/","og_site_name":"Chemuza","twitter_card":"summary_large_image","twitter_misc":{"Geschatte leestijd":"4 minuten"},"schema":{"@context":"https:\/\/schema.org","@graph":[{"@type":"WebPage","@id":"https:\/\/chemuza.org\/nl\/frank\/","url":"https:\/\/chemuza.org\/nl\/frank\/","name":"Francium-Chemuza","isPartOf":{"@id":"https:\/\/chemuza.org\/nl\/#website"},"datePublished":"2023-07-13T20:13:19+00:00","dateModified":"2023-07-13T20:13:19+00:00","breadcrumb":{"@id":"https:\/\/chemuza.org\/nl\/frank\/#breadcrumb"},"inLanguage":"nl-NL","potentialAction":[{"@type":"ReadAction","target":["https:\/\/chemuza.org\/nl\/frank\/"]}]},{"@type":"BreadcrumbList","@id":"https:\/\/chemuza.org\/nl\/frank\/#breadcrumb","itemListElement":[{"@type":"ListItem","position":1,"name":"Thuis","item":"https:\/\/chemuza.org\/nl\/"},{"@type":"ListItem","position":2,"name":"Francium"}]},{"@type":"WebSite","@id":"https:\/\/chemuza.org\/nl\/#website","url":"https:\/\/chemuza.org\/nl\/","name":"Chemuza","description":"Uw toegangspoort tot chemische ontdekking!","publisher":{"@id":"https:\/\/chemuza.org\/nl\/#organization"},"potentialAction":[{"@type":"SearchAction","target":{"@type":"EntryPoint","urlTemplate":"https:\/\/chemuza.org\/nl\/?s={search_term_string}"},"query-input":"required name=search_term_string"}],"inLanguage":"nl-NL"},{"@type":"Organization","@id":"https:\/\/chemuza.org\/nl\/#organization","name":"Chemuza","url":"https:\/\/chemuza.org\/nl\/","logo":{"@type":"ImageObject","inLanguage":"nl-NL","@id":"https:\/\/chemuza.org\/nl\/#\/schema\/logo\/image\/","url":"https:\/\/chemuza.org\/nl\/wp-content\/uploads\/2023\/10\/chemuza-logo.png","contentUrl":"https:\/\/chemuza.org\/nl\/wp-content\/uploads\/2023\/10\/chemuza-logo.png","width":387,"height":70,"caption":"Chemuza"},"image":{"@id":"https:\/\/chemuza.org\/nl\/#\/schema\/logo\/image\/"}}]}},"yoast_meta":{"yoast_wpseo_title":"","yoast_wpseo_metadesc":"","yoast_wpseo_canonical":""},"_links":{"self":[{"href":"https:\/\/chemuza.org\/nl\/wp-json\/wp\/v2\/pages\/1388","targetHints":{"allow":["GET"]}}],"collection":[{"href":"https:\/\/chemuza.org\/nl\/wp-json\/wp\/v2\/pages"}],"about":[{"href":"https:\/\/chemuza.org\/nl\/wp-json\/wp\/v2\/types\/page"}],"author":[{"embeddable":true,"href":"https:\/\/chemuza.org\/nl\/wp-json\/wp\/v2\/users\/1"}],"replies":[{"embeddable":true,"href":"https:\/\/chemuza.org\/nl\/wp-json\/wp\/v2\/comments?post=1388"}],"version-history":[{"count":0,"href":"https:\/\/chemuza.org\/nl\/wp-json\/wp\/v2\/pages\/1388\/revisions"}],"wp:attachment":[{"href":"https:\/\/chemuza.org\/nl\/wp-json\/wp\/v2\/media?parent=1388"}],"curies":[{"name":"wp","href":"https:\/\/api.w.org\/{rel}","templated":true}]}}