{"id":1306,"date":"2023-07-15T16:10:46","date_gmt":"2023-07-15T16:10:46","guid":{"rendered":"https:\/\/chemuza.org\/nl\/zuurstof\/"},"modified":"2023-07-15T16:10:46","modified_gmt":"2023-07-15T16:10:46","slug":"zuurstof","status":"publish","type":"page","link":"https:\/\/chemuza.org\/nl\/zuurstof\/","title":{"rendered":"Zuurstof"},"content":{"rendered":"<p>Zuurstof is een essentieel en essentieel element voor het leven van alle levende wezens, omdat a\u00ebrobe organismen zonder hulp niet zouden kunnen ademen. Bovendien maakt het deel uit van belangrijke moleculen, zoals eiwitten, koolhydraten, nucle\u00efnezuren en lipiden. Ontdek wat hun eigenschappen, functies, kenmerken en belang zijn.<\/p>\n<h2> <strong>Wat is zuurstof?<\/strong><\/h2>\n<p> Het is een gasvormig element dat deel uitmaakt van de groep amfigenen of chalcogenen, ook van de chemische reeks niet-metalen van het periodiek systeem. Een van de bijzonderheden is dat het in zijn gewone staat geen smaak, geur of kleur bevat. Het maakt echter 20,9% uit van het volume van de atmosfeer van de aarde en cre\u00ebert samen met waterstof H\u2082O of watermoleculen.<\/p>\n<h3> <strong>Zuurstof symbool<\/strong><\/h3>\n<p> <span class=\"content-chemical-element\" style=\"float: left;width: 65px;height: 65px;border: 3px solid #666; display:flex;\n    justify-content: center;align-items: center;margin-right: 15px;\"><span style=\"font-size: 38px;\">O<\/span><\/span> Het wordt weergegeven door het symbool O, dat is afgeleid van de oudgriekse woorden <em>oxys<\/em> , zuur en <em>genos<\/em> , generator of producent. Kortom, de betekenis van de naam betekent producent van zuren, omdat ten onrechte werd aangenomen dat alle zuren dit element nodig hebben voor hun samenstelling.<\/p>\n<h2> <strong>Kenmerken van zuurstof<\/strong><\/h2>\n<p> Naast de gewone vorm wordt lichtblauwe vloeibare zuurstof aangetroffen in laboratoria, ook in vaste vorm en met blauwachtige kristallijne tinten. Aan de andere kant fungeert het als het beste oxidatiemiddel onder de elementen. Andere kenmerken zijn samengevat in:<\/p>\n<ul>\n<li> <strong>Normale aggregatietoestand<\/strong> : Gasvormig.<\/li>\n<li> <strong>Magnetisme:<\/strong> Het is een paramagnetisch element dat de neiging heeft elektronen of orbitalen parallel aan een magnetisch veld uit te lijnen.<\/li>\n<li> <strong>Organoleptische eigenschappen<\/strong> : Kleurloos, geurloos en smaakloos van uiterlijk.<\/li>\n<li> <strong>Chemische reacties<\/strong> : Het zuurstofmolecuul heeft een hoge reactiviteit die aanleiding geeft tot verbrandingsprocessen.<\/li>\n<li> <strong>Elektrische geleider<\/strong> : Het is een slechte geleider van warmte en elektriciteit.<\/li>\n<li> <strong>Oplosbaarheid<\/strong> : Het heeft een betere oplosbaarheid dan stikstof.<\/li>\n<li> <strong>Elektronegativiteit<\/strong> : Na fluor heeft het de beste elektronegativiteit van alle elementen.<\/li>\n<li> <strong>Kneedbaarheid<\/strong> : Het is fragiel, wat betekent dat het niet kan worden afgevlakt om vellen te maken, noch kan worden uitgerekt om draden te worden.<\/li>\n<li> <strong>Allotropisch:<\/strong> Bestaat in diatomische moleculen, O2 of dizuurstof, en triatomische moleculen, O3, genaamd ozon.<\/li>\n<\/ul>\n<h2> <strong>Chemische en fysische eigenschappen van zuurstof<\/strong><\/h2>\n<ol>\n<li> <strong>Atoomnummer<\/strong> : 8<\/li>\n<li> <strong>Groep<\/strong> : 16<\/li>\n<li> <strong>Periode<\/strong> : 2<\/li>\n<li> <strong>Blok<\/strong> :p<\/li>\n<li> <strong>Atoomgewicht<\/strong> : 15,9994<\/li>\n<li> <strong>Dichtheid<\/strong> : 1.429 kg\/m\u00b3<\/li>\n<li> <strong>Status<\/strong> : gas<\/li>\n<li> <strong>Roest<\/strong> : Niet gedaan<\/li>\n<li> <strong>Oxidatietoestanden<\/strong> : -2, -1<\/li>\n<li> <strong>Smeltpunt<\/strong> : -223 (\u00b0C)<\/li>\n<li> <strong>Kookpunt<\/strong> : -183 (\u00b0C)<\/li>\n<li> <strong>Soortelijke warmte<\/strong> : 920 J\/(K-kg)<\/li>\n<li> <strong>Elektronegativiteit<\/strong> : 3,44<\/li>\n<li> <strong>Gemiddelde straal<\/strong> : 60 uur<\/li>\n<li> <strong>Covalente straal<\/strong> : 73 uur<\/li>\n<li> <strong>Atoomstraal<\/strong> : 60 uur<\/li>\n<li> <strong>Elektronen per laag<\/strong> : 2, 6<\/li>\n<li> <strong>Elektronische configuratie<\/strong> : [He]2s22p4<\/li>\n<\/ol>\n<h2> <strong>Oorsprong van zuurstof<\/strong><\/h2>\n<p> Aan het einde van de 18e eeuw inspecteerde de Zweed Carl Wilhelm Scheele de eigenschappen van zuurstof en herkende dit als de hoofdrolspeler van lucht. Hij presenteerde zijn resultaten echter tot 1777. Ondertussen publiceerde de scheikundige Joseph Priestley zijn onderzoek in 1774 en wordt daarom beschouwd als de auteur van zijn ontdekking.<\/p>\n<p> Priestley verwarmde kwikoxide, of HgO, totdat hij een gas zag vrijkomen, dat hij gedeflogiseerde lucht noemde. Hij merkte ook op dat het de intensiteit van een vlam verhoogde. Later, in 1777, identificeerde Antoine Lavoisier het als een chemisch element en gaf het de naam zuurstof.<\/p>\n<h2> <strong>Waar wordt zuurstof voor gebruikt?<\/strong><\/h2>\n<p> Op medisch gebied wordt dit element gebruikt om chirurgische pati\u00ebnten in leven te houden. Op dezelfde manier wordt zuurstoftherapie gebruikt voor mensen die onder meer lijden aan de longen, het hart en emfyseem. Bovendien wordt het vaak gebruikt als ademgas tijdens onderwater- en ruimtemissies, bijvoorbeeld voor duikpakken met zuurstoftanks.<\/p>\n<p> Een ander gebruik in de industrie is de productie van ijzerlegeringen, ethyleenoxide, kunststofbases en textielmaterialen. Bovendien wordt het gebruikt om acetyleen te verbranden of te verbranden en om fakkels te maken die metalen snel snijden.<\/p>\n<h2> <strong>Belang van zuurstof voor het leven<\/strong><\/h2>\n<p> Het is een essenti\u00eble verbinding, omdat het essenti\u00eble biologische stoffen bevat, zoals eiwitten, aminozuren, suikers, die nuttig zijn voor het leven op aarde. Op dezelfde manier omvat de samenstelling ervan verschillende fundamentele metabolismemoleculen waaruit levende wezens energie verkrijgen. Bijvoorbeeld fotosynthese van planten, bacteri\u00ebn en andere plantaardige organismen.<\/p>\n<h2> <strong>Interactie met andere elementen<\/strong><\/h2>\n<p> Alle chemische elementen vormen verbindingen met dit gas, met uitzondering van edelgassen. Enkele voorbeelden van binaire verbindingen die een grotere hoeveelheid zuurstof bevatten zijn H\u2082O, water en SiO2, silica. Tot de stoffen die ook in overvloed in de natuur voorkomen, behoren silicaten, marmer, kalksteen, gips, bauxiet en ijzeroxiden.<\/p>\n<h2> <strong>Het verkrijgen van industri\u00eble zuurstof<\/strong><\/h2>\n<p> E\u00e9n van de productiemethoden is zeolietfiltratie, een proc\u00e9d\u00e9 om dit op kleine schaal te realiseren. Hierbij wordt een stroom schone, droge lucht door moleculaire zeven geleid, die stikstof vasthouden en lucht met een hoog O-gehalte cre\u00ebren.<\/p>\n<p> De tweede manier om het te produceren is door de elektrolyse van water, een methode die het watermolecuul, H\u2082O, afbreekt. Dit gebeurt door het injecteren van een dipool van elektriciteit die ervoor zorgt dat de anode gasvormige O-moleculen naar een container trekt. Ondertussen doet de kathode hetzelfde met de waterstof.<\/p>\n<h2> <strong>Zuurstofverzadiging<\/strong><\/h2>\n<p> Dit is de hoeveelheid chemisch element die in het bloed beschikbaar is. Blijkbaar wordt zuurstof aan de rode bloedcellen gebonden wanneer het hart bloed begint te pompen. Als de niveaus optimaal zijn, zorgt dit ervoor dat de cellen een adequate dosis krijgen. De percentages gezonde mensen liggen tussen de 95 en 100%, anders is er sprake van hypoxemie.<\/p>\n<p> Samenvattend bevindt dit chemische element zich onder normale omstandigheden in een gasvormige toestand. Het behoort tot de amphigenen, de niet-metalen en bevindt zich met het cijfer 8. Daarnaast is het een oxidatiemiddel, paramagnetisch, geurloos, smaakloos en kleurloos. Het heeft uitstekende elektronegativiteit, oplosbaarheid en twee allotropen, dizuurstof en ozon.<\/p>\n<h2> Meer informatie over zuurstof<\/h2>\n","protected":false},"excerpt":{"rendered":"<p>Zuurstof is een essentieel en essentieel element voor het leven van alle levende wezens, omdat a\u00ebrobe organismen zonder hulp niet zouden kunnen ademen. Bovendien maakt het deel uit van belangrijke moleculen, zoals eiwitten, koolhydraten, nucle\u00efnezuren en lipiden. Ontdek wat hun eigenschappen, functies, kenmerken en belang zijn. Wat is zuurstof? Het is een gasvormig element dat &#8230; <a title=\"Zuurstof\" class=\"read-more\" href=\"https:\/\/chemuza.org\/nl\/zuurstof\/\" aria-label=\"Meer op Zuurstof\">Lees verder<\/a><\/p>\n","protected":false},"author":1,"featured_media":0,"parent":0,"menu_order":0,"comment_status":"closed","ping_status":"closed","template":"","meta":{"footnotes":""},"class_list":["post-1306","page","type-page","status-publish"],"yoast_head":"<!-- This site is optimized with the Yoast SEO plugin v21.4 - https:\/\/yoast.com\/wordpress\/plugins\/seo\/ -->\n<title>Zuurstof - Chemuza<\/title>\n<meta name=\"robots\" content=\"index, follow, max-snippet:-1, max-image-preview:large, max-video-preview:-1\" \/>\n<link rel=\"canonical\" href=\"https:\/\/chemuza.org\/nl\/zuurstof\/\" \/>\n<meta property=\"og:locale\" content=\"nl_NL\" \/>\n<meta property=\"og:type\" content=\"article\" \/>\n<meta property=\"og:title\" content=\"Zuurstof - Chemuza\" \/>\n<meta property=\"og:description\" content=\"Zuurstof is een essentieel en essentieel element voor het leven van alle levende wezens, omdat a\u00ebrobe organismen zonder hulp niet zouden kunnen ademen. Bovendien maakt het deel uit van belangrijke moleculen, zoals eiwitten, koolhydraten, nucle\u00efnezuren en lipiden. Ontdek wat hun eigenschappen, functies, kenmerken en belang zijn. Wat is zuurstof? Het is een gasvormig element dat ... Lees verder\" \/>\n<meta property=\"og:url\" content=\"https:\/\/chemuza.org\/nl\/zuurstof\/\" \/>\n<meta property=\"og:site_name\" content=\"Chemuza\" \/>\n<meta name=\"twitter:card\" content=\"summary_large_image\" \/>\n<meta name=\"twitter:label1\" content=\"Geschatte leestijd\" \/>\n\t<meta name=\"twitter:data1\" content=\"4 minuten\" \/>\n<script type=\"application\/ld+json\" class=\"yoast-schema-graph\">{\"@context\":\"https:\/\/schema.org\",\"@graph\":[{\"@type\":\"WebPage\",\"@id\":\"https:\/\/chemuza.org\/nl\/zuurstof\/\",\"url\":\"https:\/\/chemuza.org\/nl\/zuurstof\/\",\"name\":\"Zuurstof - Chemuza\",\"isPartOf\":{\"@id\":\"https:\/\/chemuza.org\/nl\/#website\"},\"datePublished\":\"2023-07-15T16:10:46+00:00\",\"dateModified\":\"2023-07-15T16:10:46+00:00\",\"breadcrumb\":{\"@id\":\"https:\/\/chemuza.org\/nl\/zuurstof\/#breadcrumb\"},\"inLanguage\":\"nl-NL\",\"potentialAction\":[{\"@type\":\"ReadAction\",\"target\":[\"https:\/\/chemuza.org\/nl\/zuurstof\/\"]}]},{\"@type\":\"BreadcrumbList\",\"@id\":\"https:\/\/chemuza.org\/nl\/zuurstof\/#breadcrumb\",\"itemListElement\":[{\"@type\":\"ListItem\",\"position\":1,\"name\":\"Thuis\",\"item\":\"https:\/\/chemuza.org\/nl\/\"},{\"@type\":\"ListItem\",\"position\":2,\"name\":\"Zuurstof\"}]},{\"@type\":\"WebSite\",\"@id\":\"https:\/\/chemuza.org\/nl\/#website\",\"url\":\"https:\/\/chemuza.org\/nl\/\",\"name\":\"Chemuza\",\"description\":\"Uw toegangspoort tot chemische ontdekking!\",\"publisher\":{\"@id\":\"https:\/\/chemuza.org\/nl\/#organization\"},\"potentialAction\":[{\"@type\":\"SearchAction\",\"target\":{\"@type\":\"EntryPoint\",\"urlTemplate\":\"https:\/\/chemuza.org\/nl\/?s={search_term_string}\"},\"query-input\":\"required name=search_term_string\"}],\"inLanguage\":\"nl-NL\"},{\"@type\":\"Organization\",\"@id\":\"https:\/\/chemuza.org\/nl\/#organization\",\"name\":\"Chemuza\",\"url\":\"https:\/\/chemuza.org\/nl\/\",\"logo\":{\"@type\":\"ImageObject\",\"inLanguage\":\"nl-NL\",\"@id\":\"https:\/\/chemuza.org\/nl\/#\/schema\/logo\/image\/\",\"url\":\"https:\/\/chemuza.org\/nl\/wp-content\/uploads\/2023\/10\/chemuza-logo.png\",\"contentUrl\":\"https:\/\/chemuza.org\/nl\/wp-content\/uploads\/2023\/10\/chemuza-logo.png\",\"width\":387,\"height\":70,\"caption\":\"Chemuza\"},\"image\":{\"@id\":\"https:\/\/chemuza.org\/nl\/#\/schema\/logo\/image\/\"}}]}<\/script>\n<!-- \/ Yoast SEO plugin. -->","yoast_head_json":{"title":"Zuurstof - Chemuza","robots":{"index":"index","follow":"follow","max-snippet":"max-snippet:-1","max-image-preview":"max-image-preview:large","max-video-preview":"max-video-preview:-1"},"canonical":"https:\/\/chemuza.org\/nl\/zuurstof\/","og_locale":"nl_NL","og_type":"article","og_title":"Zuurstof - Chemuza","og_description":"Zuurstof is een essentieel en essentieel element voor het leven van alle levende wezens, omdat a\u00ebrobe organismen zonder hulp niet zouden kunnen ademen. Bovendien maakt het deel uit van belangrijke moleculen, zoals eiwitten, koolhydraten, nucle\u00efnezuren en lipiden. Ontdek wat hun eigenschappen, functies, kenmerken en belang zijn. Wat is zuurstof? Het is een gasvormig element dat ... Lees verder","og_url":"https:\/\/chemuza.org\/nl\/zuurstof\/","og_site_name":"Chemuza","twitter_card":"summary_large_image","twitter_misc":{"Geschatte leestijd":"4 minuten"},"schema":{"@context":"https:\/\/schema.org","@graph":[{"@type":"WebPage","@id":"https:\/\/chemuza.org\/nl\/zuurstof\/","url":"https:\/\/chemuza.org\/nl\/zuurstof\/","name":"Zuurstof - Chemuza","isPartOf":{"@id":"https:\/\/chemuza.org\/nl\/#website"},"datePublished":"2023-07-15T16:10:46+00:00","dateModified":"2023-07-15T16:10:46+00:00","breadcrumb":{"@id":"https:\/\/chemuza.org\/nl\/zuurstof\/#breadcrumb"},"inLanguage":"nl-NL","potentialAction":[{"@type":"ReadAction","target":["https:\/\/chemuza.org\/nl\/zuurstof\/"]}]},{"@type":"BreadcrumbList","@id":"https:\/\/chemuza.org\/nl\/zuurstof\/#breadcrumb","itemListElement":[{"@type":"ListItem","position":1,"name":"Thuis","item":"https:\/\/chemuza.org\/nl\/"},{"@type":"ListItem","position":2,"name":"Zuurstof"}]},{"@type":"WebSite","@id":"https:\/\/chemuza.org\/nl\/#website","url":"https:\/\/chemuza.org\/nl\/","name":"Chemuza","description":"Uw toegangspoort tot chemische ontdekking!","publisher":{"@id":"https:\/\/chemuza.org\/nl\/#organization"},"potentialAction":[{"@type":"SearchAction","target":{"@type":"EntryPoint","urlTemplate":"https:\/\/chemuza.org\/nl\/?s={search_term_string}"},"query-input":"required name=search_term_string"}],"inLanguage":"nl-NL"},{"@type":"Organization","@id":"https:\/\/chemuza.org\/nl\/#organization","name":"Chemuza","url":"https:\/\/chemuza.org\/nl\/","logo":{"@type":"ImageObject","inLanguage":"nl-NL","@id":"https:\/\/chemuza.org\/nl\/#\/schema\/logo\/image\/","url":"https:\/\/chemuza.org\/nl\/wp-content\/uploads\/2023\/10\/chemuza-logo.png","contentUrl":"https:\/\/chemuza.org\/nl\/wp-content\/uploads\/2023\/10\/chemuza-logo.png","width":387,"height":70,"caption":"Chemuza"},"image":{"@id":"https:\/\/chemuza.org\/nl\/#\/schema\/logo\/image\/"}}]}},"yoast_meta":{"yoast_wpseo_title":"","yoast_wpseo_metadesc":"","yoast_wpseo_canonical":""},"_links":{"self":[{"href":"https:\/\/chemuza.org\/nl\/wp-json\/wp\/v2\/pages\/1306","targetHints":{"allow":["GET"]}}],"collection":[{"href":"https:\/\/chemuza.org\/nl\/wp-json\/wp\/v2\/pages"}],"about":[{"href":"https:\/\/chemuza.org\/nl\/wp-json\/wp\/v2\/types\/page"}],"author":[{"embeddable":true,"href":"https:\/\/chemuza.org\/nl\/wp-json\/wp\/v2\/users\/1"}],"replies":[{"embeddable":true,"href":"https:\/\/chemuza.org\/nl\/wp-json\/wp\/v2\/comments?post=1306"}],"version-history":[{"count":0,"href":"https:\/\/chemuza.org\/nl\/wp-json\/wp\/v2\/pages\/1306\/revisions"}],"wp:attachment":[{"href":"https:\/\/chemuza.org\/nl\/wp-json\/wp\/v2\/media?parent=1306"}],"curies":[{"name":"wp","href":"https:\/\/api.w.org\/{rel}","templated":true}]}}