{"id":1531,"date":"2023-07-13T12:08:29","date_gmt":"2023-07-13T12:08:29","guid":{"rendered":"https:\/\/chemuza.org\/ja\/%e3%83%a1%e3%83%b3%e3%83%86%e3%82%99%e3%83%ac%e3%83%92%e3%82%99%e3%82%a6%e3%83%a0\/"},"modified":"2023-07-13T12:08:29","modified_gmt":"2023-07-13T12:08:29","slug":"%e3%83%a1%e3%83%b3%e3%83%86%e3%82%99%e3%83%ac%e3%83%92%e3%82%99%e3%82%a6%e3%83%a0","status":"publish","type":"page","link":"https:\/\/chemuza.org\/ja\/%e3%83%a1%e3%83%b3%e3%83%86%e3%82%99%e3%83%ac%e3%83%92%e3%82%99%e3%82%a6%e3%83%a0\/","title":{"rendered":"\u30e1\u30f3\u30c7\u30ec\u30d3\u30aa\u30f3"},"content":{"rendered":"<p>\u30e1\u30f3\u30c7\u30ec\u30d3\u30aa\u30f3<strong> <\/strong>\u3053\u308c\u306f\u81ea\u7136\u754c\u306b\u306f\u5b58\u5728\u3057\u306a\u3044\u5316\u5b66\u5143\u7d20\u3067\u3042\u308b\u305f\u3081\u3001\u305d\u306e\u7523\u751f\u306f\u307e\u308c\u3067\u3059\u3002\u5b9f\u9a13\u5ba4\u306e\u5916\u3067\u306f\u5f79\u306b\u7acb\u305f\u305a\u3001\u79d1\u5b66\u7814\u7a76\u3067\u306e\u307f\u4f7f\u7528\u3055\u308c\u307e\u3059\u3002\u5468\u671f\u8868\u306e\u3053\u306e\u5143\u7d20\u306b\u3064\u3044\u3066\u3059\u3079\u3066\u5b66\u3073\u307e\u3057\u3087\u3046\u3002<\/p>\n<h2><strong>\u30e1\u30f3\u30c7\u30ec\u30d3\u30aa\u30f3\u3068\u306f\u4f55\u3067\u3059\u304b\uff1f<\/strong><\/h2>\n<p>\u5316\u5b66\u5143\u7d20\u30e1\u30f3\u30c7\u30ec\u30d3\u30a6\u30e0\u306e\u5916\u89b3\u306f\u4e0d\u660e\u3067\u3059\u304c\u3001\u305d\u306e\u8272\u306f\u304a\u305d\u3089\u304f\u767d\u3001\u7070\u8272\u3001\u307e\u305f\u306f\u9280\u8272\u3067\u3059\u3002\u305d\u308c\u306f\u7b2c 7 \u671f\u306e\u30a2\u30af\u30c1\u30cb\u30c9\u306e\u30b0\u30eb\u30fc\u30d7\u306b\u5c5e\u3057\u3001\u30a2\u30af\u30c1\u30cb\u30a6\u30e0\u304b\u3089\u30ed\u30fc\u30ec\u30f3\u30b7\u30a6\u30e0\u307e\u3067\u306e\u7bc4\u56f2\u306b\u53ca\u3073\u307e\u3059\u3002\u3053\u308c\u3089\u306f\u3001\u30e9\u30f3\u30bf\u30cb\u30c9\u65cf\u3068\u3068\u3082\u306b\u5185\u90e8\u9077\u79fb\u5143\u7d20\u3068\u547c\u3070\u308c\u307e\u3059\u3002\u305d\u306e\u81ea\u7136\u306a\u72b6\u614b\u306f\u4e0d\u660e\u3067\u3059\u3002<\/p>\n<h3><strong>\u30e1\u30f3\u30c7\u30ec\u30d3\u30a2\u30f3\u8a18\u53f7<\/strong><\/h3>\n<p><span class=\"content-chemical-element\" style=\"float: left;width: 65px;height: 65px;border: 3px solid #666; display:flex;\n    justify-content: center;align-items: center;margin-right: 15px;\"><span style=\"font-size: 38px;\">H<\/span><\/span>\u539f\u5b50\u756a\u53f7 101 \u3068\u539f\u5b50\u756a\u53f7 258 \u306e\u5468\u671f\u8868\u306b\u898b\u3089\u308c\u307e\u3059\u3002Cuenta con 16 is\u00f3topos los estables, desde el 245 asta el 260. El is\u00f3topo con vida media m\u00e1s larga es el 259 Mendelevio que es de 51 days.\u6b21\u306b\u3001\u5bff\u547d\u304c 31.8 \u65e5\u306e 260 Md \u3068\u3001\u5bff\u547d\u304c\u308f\u305a\u304b 96 \u5206\u306e 259 Mendelevio \u304c\u7d9a\u304d\u307e\u3059\u3002<\/p>\n<h2><strong>\u30e1\u30f3\u30c7\u30ec\u30d3\u30a6\u30e0\u306e\u7279\u5fb4<\/strong><\/h2>\n<p>\u30e1\u30f3\u30c7\u30ec\u30d3\u30a6\u30e0\u5143\u7d20\u306f\u653e\u5c04\u6027\u5408\u6210\u91d1\u5c5e\u3067\u3042\u308a\u3001\u5ba4\u6e29\u3067\u306f\u56fa\u4f53\u3067\u3059\u3002\u7d041,521\u5ea6\u306b\u9054\u3059\u308b\u3053\u3068\u304c\u3067\u304d\u308b\u305f\u3081\u3001\u9ad8\u5ea6\u306a\u878d\u5408\u3092\u5b9f\u73fe\u3057\u307e\u3059\u3002\u3055\u3089\u306b\u3001\u9178\u5316\u72b6\u614b\u306f 3 \u3057\u304b\u3042\u308a\u307e\u305b\u3093\u304c\u3001\u9178\u5316 2 \u3067\u5b89\u5b9a\u3067\u3042\u308b\u3053\u3068\u3082\u793a\u3055\u308c\u3066\u3044\u307e\u3059\u3002\u3053\u306e\u91d1\u5c5e\u306e\u6ce8\u76ee\u3059\u3079\u304d\u7279\u6027\u306e\u3044\u304f\u3064\u304b\u306f\u6b21\u306e\u3068\u304a\u308a\u3067\u3059\u3002<\/p>\n<ul>\n<li><strong>\u6eb6\u89e3\u6027\uff1a<\/strong>\u6c34\u6eb6\u6db2\u306b\u6d78\u3059\u3068\u9178\u5316\u3057\u307e\u3059\u3002<\/li>\n<li><strong>\u5149\u6ca2\uff1a<\/strong>\u30e1\u30bf\u30ea\u30c3\u30af\u3002<\/li>\n<li><strong>\u7d50\u6676\u69cb\u9020\uff1a<\/strong>\u4e2d\u5fc3\u7acb\u65b9\u6676\u3002<\/li>\n<li><strong>\u72b6\u614b\uff1a<\/strong>\u81ea\u7136\u306a\u72b6\u614b\u3067\u306f\u3057\u3063\u304b\u308a\u3057\u3066\u3044\u307e\u3059\u3002<\/li>\n<\/ul>\n<h2><strong>\u30e1\u30f3\u30c7\u30ec\u30d3\u30a6\u30e0\u306e\u5316\u5b66\u7684\u304a\u3088\u3073\u7269\u7406\u7684\u6027\u8cea<\/strong><\/h2>\n<ol>\n<li><strong>\u539f\u5b50\u756a\u53f7<\/strong>\uff1a101<\/li>\n<li><strong>\u671f\u9593\uff1a<\/strong> 7<\/li>\n<li><strong>\u30d6\u30ed\u30c3\u30af:<\/strong> f<\/li>\n<li><strong>\u878d\u70b9:<\/strong> 1100K<\/li>\n<li><strong>\u6cb8\u70b9\uff1a<\/strong>\u4e0d\u660e\u3002<\/li>\n<li><strong>\u96fb\u5b50\u69cb\u6210:<\/strong> [Rn] 5f <sup>13<\/sup> 7s <sup>2<\/sup><\/li>\n<li><strong>\u5bc6\u5ea6\uff1a<\/strong>\u7d0410.3<\/li>\n<li><strong>\u96fb\u6c17\u9670\u6027\u5ea6:<\/strong> 1.3<\/li>\n<\/ol>\n<h2><strong>\u30e1\u30f3\u30c7\u30ec\u30d3\u30a6\u30e0\u306e\u8d77\u6e90<\/strong><\/h2>\n<p>\u30a2\u30af\u30c1\u30cb\u30c9\u30b0\u30eb\u30fc\u30d7\u3067\u767a\u898b\u3055\u308c\u305f\u8d85\u30a6\u30e9\u30f3\u5143\u7d20\u306e\u4e2d\u3067\u3001\u30ab\u30ea\u30d5\u30a9\u30eb\u30cb\u30a6\u30e0\u3001\u30d5\u30a7\u30eb\u30df\u30a6\u30e0\u3001\u30ad\u30e5\u30ea\u30a6\u30e0\u3001\u30a2\u30a4\u30f3\u30b9\u30bf\u30a4\u30cb\u30a6\u30e0\u3068\u4e26\u3093\u30679\u4f4d\u3092\u5360\u3081\u3066\u3044\u307e\u3059\u3002\u305d\u308c\u306f\u6838\u79d1\u5b66\u8005\u306e\u30a2\u30eb\u30d0\u30fc\u30c8\u30fb\u30ae\u30aa\u30eb\u30bd\u3068\u5316\u5b66\u8005\u306e\u30b9\u30bf\u30f3\u30ea\u30fc\u30fbG\u30fb\u30c8\u30f3\u30d7\u30bd\u30f3\u3001\u30d0\u30fc\u30ca\u30fc\u30c9\u30fbG\u30fb\u30cf\u30fc\u30d9\u30a4\u3001\u30b0\u30ec\u30b4\u30ea\u30fc\u30fbR\u30fb\u30c1\u30e7\u30c3\u30d4\u30f3\u3001\u30b0\u30ec\u30f3\u30fbT\u30fb\u30b7\u30fc\u30dc\u30fc\u30b0\u306b\u3088\u3063\u3066\u6700\u521d\u306b\u7279\u5b9a\u3055\u308c\u305f\u3002<\/p>\n<p> 1955 \u5e74\u3001\u30ab\u30ea\u30d5\u30a9\u30eb\u30cb\u30a2\u5927\u5b66\u306e\u3053\u306e\u79d1\u5b66\u8005\u30b0\u30eb\u30fc\u30d7\u306f\u3001\u30b5\u30a4\u30af\u30ed\u30c8\u30ed\u30f3\u3068\u547c\u3070\u308c\u308b\u7d04 60 \u30a4\u30f3\u30c1\u306e\u7c92\u5b50\u52a0\u901f\u5668\u3067\u540c\u4f4d\u4f53 2530 \u30a2\u30a4\u30f3\u30b9\u30bf\u30a4\u30cb\u30a6\u30e0\u306b\u30d8\u30ea\u30a6\u30e0 \u30a4\u30aa\u30f3\u3092\u885d\u7a81\u3055\u305b\u307e\u3057\u305f\u3002\u5f53\u6642\u3001\u5f7c\u3089\u306f\u5bff\u547d76\u5206\u306e\u540c\u4f4d\u4f53256\u30e1\u30f3\u30c7\u30ec\u30d3\u30a6\u30e0\u3092\u751f\u6210\u3057\u305f\u3002\u305d\u306e\u5f8c\u3001\u540c\u4f4d\u4f53\u30a2\u30a4\u30f3\u30b9\u30bf\u30a4\u30cb\u30a6\u30e0\u306b\u30d8\u30ea\u30a6\u30e0\u30a4\u30aa\u30f3\u3092\u885d\u7a81\u3055\u305b\u3066\u7d0455\u65e5\u5206\u306e\u540c\u4f4d\u4f53258\u3082\u5f97\u3089\u308c\u3001\u5143\u7d20\u306e\u7269\u7406\u7684\u304a\u3088\u3073\u5316\u5b66\u7684\u6027\u8cea\u3092\u7814\u7a76\u3059\u308b\u305f\u3081\u306b\u4f7f\u7528\u3055\u308c\u307e\u3057\u305f\u3002<\/p>\n<h2><strong>\u30e1\u30f3\u30c7\u30ec\u30d3\u30a6\u30e0\u306f\u4f55\u306b\u4f7f\u308f\u308c\u307e\u3059\u304b?<\/strong><\/h2>\n<p>\u30e1\u30f3\u30c7\u30ec\u30d3\u30a6\u30e0\u306f\u81ea\u7136\u306a\u5f62\u3067\u306f\u975e\u5e38\u306b\u307e\u308c\u3067\u3042\u308a\u3001\u653e\u5c04\u6027\u3067\u6709\u6bd2\u3067\u3042\u308b\u305f\u3081\u3001\u305d\u306e\u7528\u9014\u306f\u77e5\u3089\u308c\u3066\u3044\u307e\u305b\u3093\u3002\u305d\u306e\u305f\u3081\u3001\u5e02\u8ca9\u3067\u304d\u308b\u307b\u3069\u306e\u91cf\u3092\u4f5c\u308b\u3053\u3068\u304c\u3067\u304d\u307e\u305b\u3093\u3002\u73fe\u5728\u3001\u79d1\u5b66\u7814\u7a76\u7528\u9014\u3067\u306e\u307f\u4f7f\u7528\u3055\u308c\u3066\u3044\u307e\u3059\u3002\u3044\u305a\u308c\u306b\u305b\u3088\u3001\u540c\u4f4d\u4f53 256 \u306f\u3001\u6c34\u6eb6\u6db2\u4e2d\u3067\u306e\u5316\u5b66\u7684\u6027\u8cea\u3092\u5b8c\u5168\u306b\u7406\u89e3\u3059\u308b\u305f\u3081\u306b\u4f7f\u7528\u3055\u308c\u307e\u3057\u305f\u3002\u4ed6\u306e\u30a2\u30af\u30c1\u30cb\u30c9\u91d1\u5c5e\u3068\u540c\u69d8\u306b\u3001\u6642\u9593\u306e\u7d4c\u904e\u3068\u3068\u3082\u306b\u30a8\u30cd\u30eb\u30ae\u30fc\u30cf\u30fc\u30d9\u30b9\u30c6\u30a3\u30f3\u30b0\u3084\u6280\u8853\u7684\u5fdc\u7528\u306b\u4f7f\u7528\u3055\u308c\u308b\u53ef\u80fd\u6027\u304c\u3042\u308b\u3068\u8003\u3048\u3089\u308c\u3066\u3044\u307e\u3059\u3002<\/p>\n<h2><strong>\u30e1\u30f3\u30c7\u30ec\u30f4\u30a3\u30a6\u30b9\u306e\u540d\u524d\u306e\u7531\u6765<\/strong><\/h2>\n<p>\u4ee5\u524d\u306f\u30a6\u30f3\u30cb\u30eb\u30cb\u30aa\u3068\u3057\u3066\u77e5\u3089\u308c\u3066\u3044\u307e\u3057\u305f\u304c\u3001\u5468\u671f\u8868\u3092\u4f5c\u6210\u3057\u305f\u30ed\u30b7\u30a2\u306e\u5316\u5b66\u8005\u30c9\u30df\u30c8\u30ea\u30fb\u30e1\u30f3\u30c7\u30ec\u30fc\u30a8\u30d5\u306b\u3061\u306a\u3093\u3067\u30e1\u30f3\u30c7\u30ec\u30d3\u30a6\u30e0\u306b\u5909\u66f4\u3055\u308c\u307e\u3057\u305f\u3002\u3053\u306e\u767a\u898b\u306f\u7c73\u56fd\u3068\u30ed\u30b7\u30a2\u306e\u51b7\u6226\u306e\u6700\u4e2d\u306b\u884c\u308f\u308c\u305f\u305f\u3081\u3001\u65b0\u305f\u306b\u767a\u898b\u3055\u308c\u305f\u91d1\u5c5e\u306e\u540d\u524d\u3092\u516c\u8868\u3059\u308b\u306b\u306f\u5317\u7c73\u653f\u5e9c\u306e\u8a31\u53ef\u3092\u5f97\u308b\u5fc5\u8981\u304c\u3042\u3063\u305f\u3002\u3053\u306e\u8981\u6c42\u306f 1955 \u5e74\u307e\u3067\u53d7\u3051\u5165\u308c\u3089\u308c\u305a\u3001\u305d\u306e\u5f8c IUPAC \u304c Mv \u3068\u3044\u3046\u8a18\u53f7\u3067\u306e\u6307\u5b9a\u3092\u53d7\u3051\u5165\u308c\u3001\u305d\u306e\u5f8c 1957 \u5e74\u306b Md \u306b\u5909\u66f4\u3055\u308c\u307e\u3057\u305f\u3002<\/p>\n<h3><strong>\u30e1\u30f3\u30c7\u30ec\u30d3\u30a6\u30e0\u306e\u5065\u5eb7\u3068\u74b0\u5883\u3078\u306e\u5f71\u97ff<\/strong><\/h3>\n<p>\u30e1\u30f3\u30c7\u30ec\u30d3\u30a6\u30e0\u306f\u81ea\u7136\u754c\u306b\u306f\u81ea\u7136\u306b\u306f\u5b58\u5728\u305b\u305a\u3001\u5730\u6bbb\u4e2d\u306b\u5b58\u5728\u3059\u308b\u8a3c\u62e0\u304c\u306a\u3044\u305f\u3081\u3001\u74b0\u5883\u306b\u60aa\u5f71\u97ff\u3092\u4e0e\u3048\u308b\u3068\u4e3b\u5f35\u3059\u308b\u6839\u62e0\u306f\u306a\u3044\u3068\u8003\u3048\u3089\u308c\u3066\u3044\u307e\u3059\u3002\u3057\u304b\u3057\u3001\u653e\u5c04\u6027\u5143\u7d20\u3067\u3042\u308b\u305f\u3081\u3001\u9069\u5207\u306b\u6271\u308f\u306a\u3044\u3068\u5065\u5eb7\u306b\u5bb3\u3092\u53ca\u307c\u3059\u53ef\u80fd\u6027\u304c\u3042\u308a\u307e\u3059\u3002<\/p>\n<h2><strong>\u30e1\u30f3\u30c7\u30ec\u30d3\u30a6\u30e0\u306e\u6bd2\u6027<\/strong><\/h2>\n<p>\u3053\u306e\u5143\u7d20\u306b\u76f4\u63a5\u63a5\u89e6\u3059\u308b\u4eba\u306f\u307b\u3068\u3093\u3069\u3044\u307e\u305b\u3093\u304c\u3001\u56fd\u969b\u653e\u5c04\u7dda\u9632\u8b77\u59d4\u54e1\u4f1a\u306f\u3001\u3088\u308a\u5b89\u5b9a\u3057\u305f\u540c\u4f4d\u4f53\u306b\u3064\u3044\u3066\u4e00\u5b9a\u306e\u5e74\u9593\u88ab\u3070\u304f\u9650\u5ea6\u3092\u6307\u5b9a\u3057\u3066\u3044\u307e\u3059\u3002\u540c\u4f4d\u4f53 258 \u30e1\u30f3\u30c7\u30ec\u30d3\u30a6\u30e0\u306e\u5834\u5408\u3001\u5438\u5165\u9650\u754c\u306f 6,000 \u30d9\u30af\u30ec\u30eb\u3001\u6442\u53d6\u9650\u754c\u306f 9 x 10 <sup>5<\/sup> bq \u3067\u3059\u3002<\/p>\n<p>\u3064\u307e\u308a\u3001\u30e1\u30f3\u30c7\u30ec\u30d3\u30a6\u30e0\u306f\u81ea\u7136\u754c\u3084\u5730\u6bbb\u3067\u898b\u3064\u304b\u308b\u3053\u3068\u306f\u307b\u3068\u3093\u3069\u3042\u308a\u307e\u305b\u3093\u3002\u4eba\u5de5\u7684\u306b\u751f\u7523\u3055\u308c\u307e\u3057\u305f\u304c\u3001\u5c11\u91cf\u3067\u3057\u305f\u3002\u5065\u5eb7\u3078\u306e\u60aa\u5f71\u97ff\u306f\u77e5\u3089\u308c\u3066\u3044\u307e\u305b\u3093\u304c\u3001\u653e\u5c04\u6027\u7269\u8cea\u304c\u9ad8\u3044\u305f\u3081\u3001\u9069\u5207\u306b\u53d6\u308a\u6271\u3046\u5fc5\u8981\u304c\u3042\u308a\u307e\u3059\u3002<\/p>\n","protected":false},"excerpt":{"rendered":"<p>\u30e1\u30f3\u30c7\u30ec\u30d3\u30aa\u30f3 \u3053\u308c\u306f\u81ea\u7136\u754c\u306b\u306f\u5b58\u5728\u3057\u306a\u3044\u5316\u5b66\u5143\u7d20\u3067\u3042\u308b\u305f\u3081\u3001\u305d\u306e\u7523\u751f\u306f\u307e\u308c\u3067\u3059\u3002\u5b9f\u9a13\u5ba4\u306e\u5916\u3067\u306f\u5f79\u306b\u7acb\u305f\u305a\u3001\u79d1 &#8230; <a title=\"\u30e1\u30f3\u30c7\u30ec\u30d3\u30aa\u30f3\" class=\"read-more\" href=\"https:\/\/chemuza.org\/ja\/%e3%83%a1%e3%83%b3%e3%83%86%e3%82%99%e3%83%ac%e3%83%92%e3%82%99%e3%82%a6%e3%83%a0\/\" aria-label=\"More on \u30e1\u30f3\u30c7\u30ec\u30d3\u30aa\u30f3\">\u7d9a\u304d\u3092\u8aad\u3080<\/a><\/p>\n","protected":false},"author":1,"featured_media":0,"parent":0,"menu_order":0,"comment_status":"closed","ping_status":"closed","template":"","meta":{"footnotes":""},"yoast_head":"<!-- This site is optimized with the Yoast SEO plugin v21.4 - https:\/\/yoast.com\/wordpress\/plugins\/seo\/ -->\n<title>\u30e1\u30f3\u30c7\u30ec\u30d3\u30aa\u30f3 - \u30b1\u30e0\u30b6<\/title>\n<meta name=\"robots\" content=\"index, follow, max-snippet:-1, max-image-preview:large, max-video-preview:-1\" \/>\n<link rel=\"canonical\" href=\"https:\/\/chemuza.org\/ja\/\u30e1\u30f3\u30c6\u3099\u30ec\u30d2\u3099\u30a6\u30e0\/\" \/>\n<meta property=\"og:locale\" content=\"ja_JP\" \/>\n<meta property=\"og:type\" content=\"article\" \/>\n<meta property=\"og:title\" content=\"\u30e1\u30f3\u30c7\u30ec\u30d3\u30aa\u30f3 - \u30b1\u30e0\u30b6\" \/>\n<meta property=\"og:description\" content=\"\u30e1\u30f3\u30c7\u30ec\u30d3\u30aa\u30f3 \u3053\u308c\u306f\u81ea\u7136\u754c\u306b\u306f\u5b58\u5728\u3057\u306a\u3044\u5316\u5b66\u5143\u7d20\u3067\u3042\u308b\u305f\u3081\u3001\u305d\u306e\u7523\u751f\u306f\u307e\u308c\u3067\u3059\u3002\u5b9f\u9a13\u5ba4\u306e\u5916\u3067\u306f\u5f79\u306b\u7acb\u305f\u305a\u3001\u79d1 ... \u7d9a\u304d\u3092\u8aad\u3080\" \/>\n<meta property=\"og:url\" content=\"https:\/\/chemuza.org\/ja\/\u30e1\u30f3\u30c6\u3099\u30ec\u30d2\u3099\u30a6\u30e0\/\" \/>\n<meta property=\"og:site_name\" content=\"Statorials\" \/>\n<meta name=\"twitter:card\" content=\"summary_large_image\" \/>\n<script type=\"application\/ld+json\" class=\"yoast-schema-graph\">{\"@context\":\"https:\/\/schema.org\",\"@graph\":[{\"@type\":\"WebPage\",\"@id\":\"https:\/\/chemuza.org\/ja\/%e3%83%a1%e3%83%b3%e3%83%86%e3%82%99%e3%83%ac%e3%83%92%e3%82%99%e3%82%a6%e3%83%a0\/\",\"url\":\"https:\/\/chemuza.org\/ja\/%e3%83%a1%e3%83%b3%e3%83%86%e3%82%99%e3%83%ac%e3%83%92%e3%82%99%e3%82%a6%e3%83%a0\/\",\"name\":\"\u30e1\u30f3\u30c7\u30ec\u30d3\u30aa\u30f3 - \u30b1\u30e0\u30b6\",\"isPartOf\":{\"@id\":\"https:\/\/chemuza.org\/ja\/#website\"},\"datePublished\":\"2023-07-13T12:08:29+00:00\",\"dateModified\":\"2023-07-13T12:08:29+00:00\",\"breadcrumb\":{\"@id\":\"https:\/\/chemuza.org\/ja\/%e3%83%a1%e3%83%b3%e3%83%86%e3%82%99%e3%83%ac%e3%83%92%e3%82%99%e3%82%a6%e3%83%a0\/#breadcrumb\"},\"inLanguage\":\"ja\",\"potentialAction\":[{\"@type\":\"ReadAction\",\"target\":[\"https:\/\/chemuza.org\/ja\/%e3%83%a1%e3%83%b3%e3%83%86%e3%82%99%e3%83%ac%e3%83%92%e3%82%99%e3%82%a6%e3%83%a0\/\"]}]},{\"@type\":\"BreadcrumbList\",\"@id\":\"https:\/\/chemuza.org\/ja\/%e3%83%a1%e3%83%b3%e3%83%86%e3%82%99%e3%83%ac%e3%83%92%e3%82%99%e3%82%a6%e3%83%a0\/#breadcrumb\",\"itemListElement\":[{\"@type\":\"ListItem\",\"position\":1,\"name\":\"\u5bb6\",\"item\":\"https:\/\/chemuza.org\/ja\/\"},{\"@type\":\"ListItem\",\"position\":2,\"name\":\"\u30e1\u30f3\u30c7\u30ec\u30d3\u30aa\u30f3\"}]},{\"@type\":\"WebSite\",\"@id\":\"https:\/\/chemuza.org\/ja\/#website\",\"url\":\"https:\/\/chemuza.org\/ja\/\",\"name\":\"Chemuza\",\"description\":\"\u5316\u5b66\u767a\u898b\u3078\u306e\u30b2\u30fc\u30c8\u30a6\u30a7\u30a4!\",\"publisher\":{\"@id\":\"https:\/\/chemuza.org\/ja\/#organization\"},\"potentialAction\":[{\"@type\":\"SearchAction\",\"target\":{\"@type\":\"EntryPoint\",\"urlTemplate\":\"https:\/\/chemuza.org\/ja\/?s={search_term_string}\"},\"query-input\":\"required name=search_term_string\"}],\"inLanguage\":\"ja\"},{\"@type\":\"Organization\",\"@id\":\"https:\/\/chemuza.org\/ja\/#organization\",\"name\":\"Chemuza\",\"url\":\"https:\/\/chemuza.org\/ja\/\",\"logo\":{\"@type\":\"ImageObject\",\"inLanguage\":\"ja\",\"@id\":\"https:\/\/chemuza.org\/ja\/#\/schema\/logo\/image\/\",\"url\":\"https:\/\/chemuza.org\/ja\/wp-content\/uploads\/2023\/10\/chemuza-logo.png\",\"contentUrl\":\"https:\/\/chemuza.org\/ja\/wp-content\/uploads\/2023\/10\/chemuza-logo.png\",\"width\":387,\"height\":70,\"caption\":\"Chemuza\"},\"image\":{\"@id\":\"https:\/\/chemuza.org\/ja\/#\/schema\/logo\/image\/\"}}]}<\/script>\n<!-- \/ Yoast SEO plugin. -->","yoast_head_json":{"title":"\u30e1\u30f3\u30c7\u30ec\u30d3\u30aa\u30f3 - \u30b1\u30e0\u30b6","robots":{"index":"index","follow":"follow","max-snippet":"max-snippet:-1","max-image-preview":"max-image-preview:large","max-video-preview":"max-video-preview:-1"},"canonical":"https:\/\/chemuza.org\/ja\/\u30e1\u30f3\u30c6\u3099\u30ec\u30d2\u3099\u30a6\u30e0\/","og_locale":"ja_JP","og_type":"article","og_title":"\u30e1\u30f3\u30c7\u30ec\u30d3\u30aa\u30f3 - \u30b1\u30e0\u30b6","og_description":"\u30e1\u30f3\u30c7\u30ec\u30d3\u30aa\u30f3 \u3053\u308c\u306f\u81ea\u7136\u754c\u306b\u306f\u5b58\u5728\u3057\u306a\u3044\u5316\u5b66\u5143\u7d20\u3067\u3042\u308b\u305f\u3081\u3001\u305d\u306e\u7523\u751f\u306f\u307e\u308c\u3067\u3059\u3002\u5b9f\u9a13\u5ba4\u306e\u5916\u3067\u306f\u5f79\u306b\u7acb\u305f\u305a\u3001\u79d1 ... \u7d9a\u304d\u3092\u8aad\u3080","og_url":"https:\/\/chemuza.org\/ja\/\u30e1\u30f3\u30c6\u3099\u30ec\u30d2\u3099\u30a6\u30e0\/","og_site_name":"Statorials","twitter_card":"summary_large_image","schema":{"@context":"https:\/\/schema.org","@graph":[{"@type":"WebPage","@id":"https:\/\/chemuza.org\/ja\/%e3%83%a1%e3%83%b3%e3%83%86%e3%82%99%e3%83%ac%e3%83%92%e3%82%99%e3%82%a6%e3%83%a0\/","url":"https:\/\/chemuza.org\/ja\/%e3%83%a1%e3%83%b3%e3%83%86%e3%82%99%e3%83%ac%e3%83%92%e3%82%99%e3%82%a6%e3%83%a0\/","name":"\u30e1\u30f3\u30c7\u30ec\u30d3\u30aa\u30f3 - \u30b1\u30e0\u30b6","isPartOf":{"@id":"https:\/\/chemuza.org\/ja\/#website"},"datePublished":"2023-07-13T12:08:29+00:00","dateModified":"2023-07-13T12:08:29+00:00","breadcrumb":{"@id":"https:\/\/chemuza.org\/ja\/%e3%83%a1%e3%83%b3%e3%83%86%e3%82%99%e3%83%ac%e3%83%92%e3%82%99%e3%82%a6%e3%83%a0\/#breadcrumb"},"inLanguage":"ja","potentialAction":[{"@type":"ReadAction","target":["https:\/\/chemuza.org\/ja\/%e3%83%a1%e3%83%b3%e3%83%86%e3%82%99%e3%83%ac%e3%83%92%e3%82%99%e3%82%a6%e3%83%a0\/"]}]},{"@type":"BreadcrumbList","@id":"https:\/\/chemuza.org\/ja\/%e3%83%a1%e3%83%b3%e3%83%86%e3%82%99%e3%83%ac%e3%83%92%e3%82%99%e3%82%a6%e3%83%a0\/#breadcrumb","itemListElement":[{"@type":"ListItem","position":1,"name":"\u5bb6","item":"https:\/\/chemuza.org\/ja\/"},{"@type":"ListItem","position":2,"name":"\u30e1\u30f3\u30c7\u30ec\u30d3\u30aa\u30f3"}]},{"@type":"WebSite","@id":"https:\/\/chemuza.org\/ja\/#website","url":"https:\/\/chemuza.org\/ja\/","name":"Chemuza","description":"\u5316\u5b66\u767a\u898b\u3078\u306e\u30b2\u30fc\u30c8\u30a6\u30a7\u30a4!","publisher":{"@id":"https:\/\/chemuza.org\/ja\/#organization"},"potentialAction":[{"@type":"SearchAction","target":{"@type":"EntryPoint","urlTemplate":"https:\/\/chemuza.org\/ja\/?s={search_term_string}"},"query-input":"required name=search_term_string"}],"inLanguage":"ja"},{"@type":"Organization","@id":"https:\/\/chemuza.org\/ja\/#organization","name":"Chemuza","url":"https:\/\/chemuza.org\/ja\/","logo":{"@type":"ImageObject","inLanguage":"ja","@id":"https:\/\/chemuza.org\/ja\/#\/schema\/logo\/image\/","url":"https:\/\/chemuza.org\/ja\/wp-content\/uploads\/2023\/10\/chemuza-logo.png","contentUrl":"https:\/\/chemuza.org\/ja\/wp-content\/uploads\/2023\/10\/chemuza-logo.png","width":387,"height":70,"caption":"Chemuza"},"image":{"@id":"https:\/\/chemuza.org\/ja\/#\/schema\/logo\/image\/"}}]}},"yoast_meta":{"yoast_wpseo_title":"","yoast_wpseo_metadesc":"","yoast_wpseo_canonical":""},"_links":{"self":[{"href":"https:\/\/chemuza.org\/ja\/wp-json\/wp\/v2\/pages\/1531"}],"collection":[{"href":"https:\/\/chemuza.org\/ja\/wp-json\/wp\/v2\/pages"}],"about":[{"href":"https:\/\/chemuza.org\/ja\/wp-json\/wp\/v2\/types\/page"}],"author":[{"embeddable":true,"href":"https:\/\/chemuza.org\/ja\/wp-json\/wp\/v2\/users\/1"}],"replies":[{"embeddable":true,"href":"https:\/\/chemuza.org\/ja\/wp-json\/wp\/v2\/comments?post=1531"}],"version-history":[{"count":0,"href":"https:\/\/chemuza.org\/ja\/wp-json\/wp\/v2\/pages\/1531\/revisions"}],"wp:attachment":[{"href":"https:\/\/chemuza.org\/ja\/wp-json\/wp\/v2\/media?parent=1531"}],"curies":[{"name":"wp","href":"https:\/\/api.w.org\/{rel}","templated":true}]}}