{"id":1550,"date":"2023-07-13T03:53:15","date_gmt":"2023-07-13T03:53:15","guid":{"rendered":"https:\/\/chemuza.org\/it\/stato\/"},"modified":"2023-07-13T03:53:15","modified_gmt":"2023-07-13T03:53:15","slug":"stato","status":"publish","type":"page","link":"https:\/\/chemuza.org\/it\/stato\/","title":{"rendered":"Stati della materia nella tavola periodica"},"content":{"rendered":"<p>Chi non ha visto bollire l&#8217;acqua? Per molti si tratta solo di aumentarne la temperatura per qualsiasi azione, per altri invece si tratta di un effetto di <strong>trasformazione degli stati della materia<\/strong> . Anche se questa modifica sembra magica, \u00e8 una delle fasi in cui \u00e8 possibile trovare un oggetto conosciuto. Di seguito, osserviamo da vicino questo fenomeno e notiamo alcuni dati interessanti.<\/p>\n<h2> Quali sono gli stati della materia?<\/h2>\n<p> Le fasi in cui si pu\u00f2 ritrovare un elemento noto sono chiamate <strong>stati di aggregazione della materia<\/strong> o stati della materia. La sua variazione pu\u00f2 dipendere dalla tipologia, dall&#8217;intensit\u00e0 e da alcuni fattori esterni come la temperatura o la pressione. Tra quelli finora conosciuti possiamo citare:<\/p>\n<h3> Stato solido<\/h3>\n<p> \u00c8 uno <strong>stato di aggregazione in cui la materia assume forma e volume<\/strong> grazie ad una forza che permette alle molecole di attrarsi tra loro, facendo predominare l&#8217;energia cinetica. In questa fase, gli atomi si intrecciano, fornendo la capacit\u00e0 di resistere alle forze senza danni apparenti. Alcune delle sue caratteristiche principali sono:<\/p>\n<ul>\n<li> <strong>\u00c8 un materiale rigido<\/strong> : generalmente il materiale allo stato solido \u00e8 rigido, cio\u00e8 resiste alla deformazione, alla fessurazione, alla flessione e alla torsione.<\/li>\n<li> <strong>Durezza:<\/strong> i solidi hanno la resistenza fisica prima dell&#8217;azione di altri elementi nello stesso stato, ad esempio il diamante.<\/li>\n<li> <strong>Fragilit\u00e0<\/strong> : possono rompersi in pezzi pi\u00f9 piccoli.<\/li>\n<li> <strong>Hanno una forma fissa<\/strong> : Questi hanno una forma fissa, cio\u00e8 non scorrono come gli altri stati. Tuttavia, alcuni corpi potrebbero deformarsi a causa della loro malleabilit\u00e0.<\/li>\n<\/ul>\n<p> Un <strong>esempio di stato solido della materia<\/strong> \u00e8 il ghiaccio, che \u00e8 acqua liquida portata ad un punto di congelamento. Inoltre, i calcoli contengono elementi di calcio e le ossa assumono calcio dalla dieta.<\/p>\n<h3> stato liquido della materia<\/h3>\n<p> Lo <strong>stato liquido della materia pu\u00f2 essere definito come una fase intermedia tra lo stato solido e quello gassoso<\/strong> . Si distingue per il fatto che le sue particelle sono disperse per preservare la fluidit\u00e0, ma insieme per mantenere la coesione. Alcune delle caratteristiche pi\u00f9 notevoli di questa fase sono:<\/p>\n<ul>\n<li> <strong>Non ha forma<\/strong> , quindi acquisisce la forma del contenitore in cui \u00e8 contenuto. Ad esempio, una tazza d&#8217;acqua avr\u00e0 la forma di una tazza.<\/li>\n<li> <strong>Sono fluidi<\/strong> , quindi possono passare attraverso superfici molto piccole e da un contenitore all&#8217;altro. Informi, possono scivolare, scivolare e muoversi.<\/li>\n<li> <strong>Potrebbe avere viscosit\u00e0<\/strong> . \u00c8 la resistenza allo scorrimento e alla deformazione che pu\u00f2 avere a causa della forza interna delle particelle, che ne rallenta la deformazione durante la caduta. Un esempio di viscosit\u00e0 \u00e8 l&#8217;olio o la pece.<\/li>\n<li> <strong>Ha tensione superficiale<\/strong> , che si riferisce alla resistenza che i liquidi offrono aumentando la loro superficie per unit\u00e0 di superficie. Di conseguenza, non penetrano in determinati oggetti e alcuni insetti possono camminarvi sopra.<\/li>\n<\/ul>\n<p> Bisogna per\u00f2 sapere che i liquidi sono poco comprimibili e si contraggono in presenza di freddo, ad eccezione dell&#8217;acqua. Alcuni <strong>esempi dello stato liquido della materia<\/strong> sono l&#8217;acqua, il mercurio, la benzina, l&#8217;acido solforico, tra gli altri.<\/p>\n<h3> stato gassoso<\/h3>\n<p> Questo \u00e8 uno stato di aggregazione della materia <strong>in cui le molecole della materia non sono unite<\/strong> , quindi sono espanse e hanno poca forza di attrazione. Si caratterizzano principalmente per il fatto che non hanno una forma definita e vengono rilasciati fino al riempimento del contenitore che li contiene. Altri punti salienti sono:<\/p>\n<ul>\n<li> A causa della scarsa influenza che le particelle di gas hanno le une sulle altre, <strong>esse occupano una forza d&#8217;azione molto piccola<\/strong> . Non hanno quindi un volume definito nello spazio.<\/li>\n<li> Hanno <strong>un&#8217;elevata capacit\u00e0 di compressione<\/strong> , per questo motivo possono essere facilmente trasportati se utilizzati per trattamenti di tipo industriale.<\/li>\n<li> <strong>Le loro propriet\u00e0 fisiche possono variare considerevolmente<\/strong> . Alcuni, come l&#8217;aria, non hanno colore n\u00e9 aroma, ma i gas degli idrocarburi hanno un odore pungente e sgradevole.<\/li>\n<\/ul>\n<p> Un <strong>esempio dello stato gassoso della materia<\/strong> \u00e8 il vapore acqueo, che pu\u00f2 essere osservato quando un liquido bolle. Inoltre, l\u2019aria che respiriamo \u00e8 una miscela di ossigeno, idrogeno e azoto, senza odore n\u00e9 colore.<\/p>\n<h3> Plasma o stato plasmatico<\/h3>\n<p> La <strong>miscela di nuclei positivi ed elettroni liberi aventi la capacit\u00e0 di condurre elettricit\u00e0<\/strong> \u00e8 nota come stato di aggregazione della materia plasmatica. In altre parole possiamo dire che \u00e8 un gas ionizzato, quindi pu\u00f2 essere formato da qualsiasi tipo di particella carica. Questi possono generare un campo elettrico e sono influenzati dai campi magnetici.<\/p>\n<p> Il miglior <strong>esempio dello stato plasmatico della materia<\/strong> \u00e8 quello dell\u2019aurora boreale, dove il vento solare \u00e8 costituito da particelle cariche ad alta energia. Quando questi entrano in collisione con l&#8217;atmosfera, la ionizzano e si forma lo spettacolo di luci.<\/p>\n<h2> Cambiamenti negli stati della materia<\/h2>\n<p> <strong>Tutta la materia pu\u00f2 trasformarsi<\/strong> se sottoposta a forze esterne ed interne, ma le sue propriet\u00e0 chimiche non vengono alterate. Un esempio di questo \u00e8 l&#8217;acqua, quando bolle passa da liquido a gassoso, ma conserva le stesse molecole. Alcuni metodi di trasformazione sono:<\/p>\n<ul>\n<li> <strong>Evaporazione<\/strong> : Consiste nell&#8217;aggiungere energia calorica alla massa di un liquido in modo che diventi un gas.<\/li>\n<li> <strong>Ebollizione<\/strong> : \u00e8 il processo mediante il quale l&#8217;energia termica viene fornita a un corpo liquido per convertirlo in gas. Ci\u00f2 si verifica quando viene raggiunto il punto di ebollizione, dove la temperatura del vapore eguaglia la pressione che circonda il liquido, trasformandolo in un gas.<\/li>\n<li> <strong>Condensazione:<\/strong> si riferisce al processo mediante il quale viene rimosso il calore per trasformare il gas in liquido. Durante <strong>la liquefazione,<\/strong> la pressione aumenta a basse temperature per ottenere lo stesso cambiamento.<\/li>\n<li> <strong>Congelamento<\/strong> : \u00e8 il processo che trasforma il liquido in un solido a temperatura molto bassa, al punto di congelamento.<\/li>\n<li> <strong>Fusione<\/strong> : \u00e8 un processo in cui il solido viene trasformato in liquido mediante l&#8217;azione del calore. <strong>La sublimazione<\/strong> si riferisce alla trasformazione di un solido in un gas senza passare attraverso lo stato liquido.<\/li>\n<\/ul>\n<p> In conclusione, gli <strong>stati della materia nella tavola periodica<\/strong> si riferiscono a come gli elementi sono disponibili. Questi possono subire modifiche che ne consentono l\u2019utilizzo in qualsiasi ambito dell\u2019industria o della vita quotidiana.<\/p>\n","protected":false},"excerpt":{"rendered":"<p>Chi non ha visto bollire l&#8217;acqua? Per molti si tratta solo di aumentarne la temperatura per qualsiasi azione, per altri invece si tratta di un effetto di trasformazione degli stati della materia . Anche se questa modifica sembra magica, \u00e8 una delle fasi in cui \u00e8 possibile trovare un oggetto conosciuto. Di seguito, osserviamo da &#8230; <a title=\"Stati della materia nella tavola periodica\" class=\"read-more\" href=\"https:\/\/chemuza.org\/it\/stato\/\" aria-label=\"More on Stati della materia nella tavola periodica\">Per saperne di pi\u00f9<\/a><\/p>\n","protected":false},"author":1,"featured_media":0,"parent":0,"menu_order":0,"comment_status":"closed","ping_status":"closed","template":"","meta":{"footnotes":""},"yoast_head":"<!-- This site is optimized with the Yoast SEO plugin v21.4 - https:\/\/yoast.com\/wordpress\/plugins\/seo\/ -->\n<title>Stati della materia nella tavola periodica - Chemuza<\/title>\n<meta name=\"robots\" content=\"index, follow, max-snippet:-1, max-image-preview:large, max-video-preview:-1\" \/>\n<link rel=\"canonical\" href=\"https:\/\/chemuza.org\/it\/stato\/\" \/>\n<meta property=\"og:locale\" content=\"it_IT\" \/>\n<meta property=\"og:type\" content=\"article\" \/>\n<meta property=\"og:title\" content=\"Stati della materia nella tavola periodica - Chemuza\" \/>\n<meta property=\"og:description\" content=\"Chi non ha visto bollire l&#8217;acqua? Per molti si tratta solo di aumentarne la temperatura per qualsiasi azione, per altri invece si tratta di un effetto di trasformazione degli stati della materia . Anche se questa modifica sembra magica, \u00e8 una delle fasi in cui \u00e8 possibile trovare un oggetto conosciuto. Di seguito, osserviamo da ... Per saperne di pi\u00f9\" \/>\n<meta property=\"og:url\" content=\"https:\/\/chemuza.org\/it\/stato\/\" \/>\n<meta property=\"og:site_name\" content=\"Chemuza\" \/>\n<meta name=\"twitter:card\" content=\"summary_large_image\" \/>\n<meta name=\"twitter:label1\" content=\"Tempo di lettura stimato\" \/>\n\t<meta name=\"twitter:data1\" content=\"5 minuti\" \/>\n<script type=\"application\/ld+json\" class=\"yoast-schema-graph\">{\"@context\":\"https:\/\/schema.org\",\"@graph\":[{\"@type\":\"WebPage\",\"@id\":\"https:\/\/chemuza.org\/it\/stato\/\",\"url\":\"https:\/\/chemuza.org\/it\/stato\/\",\"name\":\"Stati della materia nella tavola periodica - Chemuza\",\"isPartOf\":{\"@id\":\"https:\/\/chemuza.org\/it\/#website\"},\"datePublished\":\"2023-07-13T03:53:15+00:00\",\"dateModified\":\"2023-07-13T03:53:15+00:00\",\"breadcrumb\":{\"@id\":\"https:\/\/chemuza.org\/it\/stato\/#breadcrumb\"},\"inLanguage\":\"it-IT\",\"potentialAction\":[{\"@type\":\"ReadAction\",\"target\":[\"https:\/\/chemuza.org\/it\/stato\/\"]}]},{\"@type\":\"BreadcrumbList\",\"@id\":\"https:\/\/chemuza.org\/it\/stato\/#breadcrumb\",\"itemListElement\":[{\"@type\":\"ListItem\",\"position\":1,\"name\":\"Casa\",\"item\":\"https:\/\/chemuza.org\/it\/\"},{\"@type\":\"ListItem\",\"position\":2,\"name\":\"Stati della materia nella tavola periodica\"}]},{\"@type\":\"WebSite\",\"@id\":\"https:\/\/chemuza.org\/it\/#website\",\"url\":\"https:\/\/chemuza.org\/it\/\",\"name\":\"Chemuza\",\"description\":\"La tua porta d&#039;accesso alla scoperta chimica!\",\"publisher\":{\"@id\":\"https:\/\/chemuza.org\/it\/#organization\"},\"potentialAction\":[{\"@type\":\"SearchAction\",\"target\":{\"@type\":\"EntryPoint\",\"urlTemplate\":\"https:\/\/chemuza.org\/it\/?s={search_term_string}\"},\"query-input\":\"required name=search_term_string\"}],\"inLanguage\":\"it-IT\"},{\"@type\":\"Organization\",\"@id\":\"https:\/\/chemuza.org\/it\/#organization\",\"name\":\"Chemuza\",\"url\":\"https:\/\/chemuza.org\/it\/\",\"logo\":{\"@type\":\"ImageObject\",\"inLanguage\":\"it-IT\",\"@id\":\"https:\/\/chemuza.org\/it\/#\/schema\/logo\/image\/\",\"url\":\"https:\/\/chemuza.org\/it\/wp-content\/uploads\/2023\/10\/chemuza-logo.png\",\"contentUrl\":\"https:\/\/chemuza.org\/it\/wp-content\/uploads\/2023\/10\/chemuza-logo.png\",\"width\":387,\"height\":70,\"caption\":\"Chemuza\"},\"image\":{\"@id\":\"https:\/\/chemuza.org\/it\/#\/schema\/logo\/image\/\"}}]}<\/script>\n<!-- \/ Yoast SEO plugin. -->","yoast_head_json":{"title":"Stati della materia nella tavola periodica - Chemuza","robots":{"index":"index","follow":"follow","max-snippet":"max-snippet:-1","max-image-preview":"max-image-preview:large","max-video-preview":"max-video-preview:-1"},"canonical":"https:\/\/chemuza.org\/it\/stato\/","og_locale":"it_IT","og_type":"article","og_title":"Stati della materia nella tavola periodica - Chemuza","og_description":"Chi non ha visto bollire l&#8217;acqua? Per molti si tratta solo di aumentarne la temperatura per qualsiasi azione, per altri invece si tratta di un effetto di trasformazione degli stati della materia . Anche se questa modifica sembra magica, \u00e8 una delle fasi in cui \u00e8 possibile trovare un oggetto conosciuto. Di seguito, osserviamo da ... Per saperne di pi\u00f9","og_url":"https:\/\/chemuza.org\/it\/stato\/","og_site_name":"Chemuza","twitter_card":"summary_large_image","twitter_misc":{"Tempo di lettura stimato":"5 minuti"},"schema":{"@context":"https:\/\/schema.org","@graph":[{"@type":"WebPage","@id":"https:\/\/chemuza.org\/it\/stato\/","url":"https:\/\/chemuza.org\/it\/stato\/","name":"Stati della materia nella tavola periodica - Chemuza","isPartOf":{"@id":"https:\/\/chemuza.org\/it\/#website"},"datePublished":"2023-07-13T03:53:15+00:00","dateModified":"2023-07-13T03:53:15+00:00","breadcrumb":{"@id":"https:\/\/chemuza.org\/it\/stato\/#breadcrumb"},"inLanguage":"it-IT","potentialAction":[{"@type":"ReadAction","target":["https:\/\/chemuza.org\/it\/stato\/"]}]},{"@type":"BreadcrumbList","@id":"https:\/\/chemuza.org\/it\/stato\/#breadcrumb","itemListElement":[{"@type":"ListItem","position":1,"name":"Casa","item":"https:\/\/chemuza.org\/it\/"},{"@type":"ListItem","position":2,"name":"Stati della materia nella tavola periodica"}]},{"@type":"WebSite","@id":"https:\/\/chemuza.org\/it\/#website","url":"https:\/\/chemuza.org\/it\/","name":"Chemuza","description":"La tua porta d&#039;accesso alla scoperta chimica!","publisher":{"@id":"https:\/\/chemuza.org\/it\/#organization"},"potentialAction":[{"@type":"SearchAction","target":{"@type":"EntryPoint","urlTemplate":"https:\/\/chemuza.org\/it\/?s={search_term_string}"},"query-input":"required name=search_term_string"}],"inLanguage":"it-IT"},{"@type":"Organization","@id":"https:\/\/chemuza.org\/it\/#organization","name":"Chemuza","url":"https:\/\/chemuza.org\/it\/","logo":{"@type":"ImageObject","inLanguage":"it-IT","@id":"https:\/\/chemuza.org\/it\/#\/schema\/logo\/image\/","url":"https:\/\/chemuza.org\/it\/wp-content\/uploads\/2023\/10\/chemuza-logo.png","contentUrl":"https:\/\/chemuza.org\/it\/wp-content\/uploads\/2023\/10\/chemuza-logo.png","width":387,"height":70,"caption":"Chemuza"},"image":{"@id":"https:\/\/chemuza.org\/it\/#\/schema\/logo\/image\/"}}]}},"yoast_meta":{"yoast_wpseo_title":"","yoast_wpseo_metadesc":"","yoast_wpseo_canonical":""},"_links":{"self":[{"href":"https:\/\/chemuza.org\/it\/wp-json\/wp\/v2\/pages\/1550"}],"collection":[{"href":"https:\/\/chemuza.org\/it\/wp-json\/wp\/v2\/pages"}],"about":[{"href":"https:\/\/chemuza.org\/it\/wp-json\/wp\/v2\/types\/page"}],"author":[{"embeddable":true,"href":"https:\/\/chemuza.org\/it\/wp-json\/wp\/v2\/users\/1"}],"replies":[{"embeddable":true,"href":"https:\/\/chemuza.org\/it\/wp-json\/wp\/v2\/comments?post=1550"}],"version-history":[{"count":0,"href":"https:\/\/chemuza.org\/it\/wp-json\/wp\/v2\/pages\/1550\/revisions"}],"wp:attachment":[{"href":"https:\/\/chemuza.org\/it\/wp-json\/wp\/v2\/media?parent=1550"}],"curies":[{"name":"wp","href":"https:\/\/api.w.org\/{rel}","templated":true}]}}