{"id":1547,"date":"2023-07-13T05:36:17","date_gmt":"2023-07-13T05:36:17","guid":{"rendered":"https:\/\/chemuza.org\/it\/foiemorio\/"},"modified":"2023-07-13T05:36:17","modified_gmt":"2023-07-13T05:36:17","slug":"foiemorio","status":"publish","type":"page","link":"https:\/\/chemuza.org\/it\/foiemorio\/","title":{"rendered":"Livermorio"},"content":{"rendered":"<p>Il livermorio \u00e8 un elemento sintetico, di natura radioattiva, non presente nell&#8217;ambiente. \u00c8 composto da 4 isotopi che mostrano un decadimento alfa a breve termine. Il 293 Lv \u00e8 uno dei pi\u00f9 stabili, con una durata di 53 millisecondi. Poich\u00e9 \u00e8 relativamente nuovo, le sue applicazioni utili sono sconosciute. Tuttavia vi racconteremo le sue caratteristiche principali e altre informazioni interessanti.<\/p>\n<h2> <strong>Cos&#8217;\u00e8 il Livermorium?<\/strong><\/h2>\n<p> \u00c8 un elemento chimico situato nella tavola periodica nei metalli del blocco P con numero atomico 116. Precedentemente era noto come Ununhexium, \u00e8 radioattivo e transattinide, perch\u00e9 ha un numero atomico maggiore di 92 e ha propriet\u00e0 simili ai metalli. Si ritiene che il suo stato naturale sia solido e che i suoi isotopi siano cos\u00ec instabili che un&#8217;analisi approfondita risulta alquanto impossibile.<\/p>\n<h3> <strong>Simbolo del Livermorio<\/strong><\/h3>\n<p> <span class=\"content-chemical-element\" style=\"float: left;width: 65px;height: 65px;border: 3px solid #666; display:flex;\n    justify-content: center;align-items: center;margin-right: 15px;\"><span style=\"font-size: 38px;\">Lv<\/span><\/span> ha ricevuto questo nome dopo essere stato scoperto al Lawrence Livermore National Laboratory in California. All&#8217;inizio si chiamava Ununhexium, ma alcuni chimici suggerirono che ricevesse il nome Flerovio, in onore di G. Flyrov, perch\u00e9 quando lo ottiene, alcuni dei suoi atomi si disintegrano e si trasformano in questo elemento. Nel 2011, infine, viene confermato il nome Livermorio.<\/p>\n<h2> <strong>Caratteristiche di Livemorio<\/strong><\/h2>\n<p> L&#8217;elemento Livermorium si trova nel gruppo 16, periodo 7 della tavola periodica. \u00c8 un transattinide per natura, instabile e radioattivo, che emette raggi alfa, beta e gamma, motivo per cui si decompone rapidamente. Inoltre, \u00e8 molto pesante ed \u00e8 classificato come metallo. Altre caratteristiche di questo elemento sono:<\/p>\n<ul>\n<li> <strong>Condizione<\/strong> : presunto solido.<\/li>\n<li> <strong>Colore<\/strong> : nessun dato.<\/li>\n<li> <strong>Sapore e odore<\/strong> : non determinati.<\/li>\n<li> <strong>Tossicit\u00e0<\/strong> : Alta considerando le radiazioni che emette.<\/li>\n<li> <strong>Radioattivit\u00e0<\/strong> : Alta, nel suo decadimento produce raggi gamma, beta e alfa.<\/li>\n<li> <strong>Composizione<\/strong> : Ha un nucleo formato da 116 elettroni e protoni e 177 neutroni.<\/li>\n<li> <strong>Solubilit\u00e0<\/strong> : Non stabilita.<\/li>\n<li> <strong>Struttura<\/strong> : nessun dato.<\/li>\n<li> <strong>Isotopi<\/strong> : ne ha 4, instabili, con masse atomiche comprese tra 290 e 293.<\/li>\n<\/ul>\n<h2> <strong>Propriet\u00e0 chimiche e fisiche del Livermorium<\/strong><\/h2>\n<ol>\n<li> <strong>Numero atomico<\/strong> : 116<\/li>\n<li> <strong>Periodo<\/strong> : 7<\/li>\n<li> <strong>Blocca<\/strong> \ud83d\ude1b<\/li>\n<li> <strong>Gruppo<\/strong> : 16<\/li>\n<li> <strong>Raggio atomico:<\/strong> 183 pm<\/li>\n<li> <strong>Elettronegativit\u00e0:<\/strong> 1,61<\/li>\n<li> <strong>Densit\u00e0:<\/strong> 12,9 g\/cm\u00b3<\/li>\n<li> <strong>Stato di ossidazione<\/strong> : 2,2, 4<\/li>\n<li> <strong>Raggio covalente (\u00c5):<\/strong> 175<\/li>\n<li> <strong>Raggio medio:<\/strong> sconosciuto <strong>.<\/strong><\/li>\n<li> <strong>Massa atomica (g\/mol):<\/strong> 291u<\/li>\n<li> <strong>Punto di fusione:<\/strong> 364-507\u00b0C<\/li>\n<li> <strong>Punto di ebollizione:<\/strong> 762-862<strong> <\/strong>\u00b0C<\/li>\n<li> <strong>Elettroni per strato<\/strong> : 2, 8, 18, 32, 32, 18, 6<\/li>\n<li> <strong>Configurazione elettronica:<\/strong> [Rn] 5f14 6d10 7s2 7p4<\/li>\n<li> <strong>Potenziale di prima ionizzazione<\/strong> (eV): 723,6 kJ\/mol<\/li>\n<li> <strong>Conducibilit\u00e0 termica:<\/strong> Non calcolata.<\/li>\n<\/ol>\n<h2> <strong>Origine di<\/strong><strong><\/strong> <strong>Livermorio<\/strong><\/h2>\n<p> L&#8217;elemento \u00e8 stato scoperto nel 2000 presso il Lawrence National Laboratory in California. L\u00ec, gli scienziati hanno bombardato l&#8217;isotopo Californio 248 con ioni calcio 48 in un ciclotrone. Nel processo sono stati ottenuti 4 neutroni di breve durata, dove 292 Lv impiegano un po&#8217; pi\u00f9 tempo a decadere. Successivamente, due secondi dopo, l&#8217;elemento decade in altri atomi pesanti, Flerovio 288, motivo per cui abbiamo pensato di dargli questo nome.<\/p>\n<h2> <strong>A cosa serve Livermorio?<\/strong><\/h2>\n<p> L&#8217;elemento chimico Livermorium \u00e8 molto instabile, di breve durata e difficile da ottenere, lasciando oggi pochi usi pratici. I pochi campioni ottenuti sono soggetti ad analisi in strutture scientifiche.<\/p>\n<h2> <strong>Effetti di Livermorio sulla salute<\/strong><\/h2>\n<p> Poich\u00e9 le propriet\u00e0 del Livermorium sono radioattive e sintetiche, \u00e8 necessario adottare precauzioni di sicurezza durante la manipolazione. \u00c8 probabile che le analisi ne determineranno la tossicit\u00e0, quindi non dovrebbe essere utilizzato nella vita di tutti i giorni, ma solo in impianti nucleari speciali.<\/p>\n<h2> <strong>Fatti interessanti su Livermorio<\/strong><\/h2>\n<p> Questo elemento \u00e8 stato creato nel luglio 2000 da un gruppo di scienziati del Lawrence Livermore National Laboratory. Alla scoperta hanno partecipato i chimici dell\u2019Istituto di ricerca nucleare di Dubna. L\u00ec, notarono che il bombardamento di 248 Californio con ioni Calcio 48 port\u00f2 alla formazione di Livermorium attraverso il decadimento alfa. Conoscere altri dati rilevanti:<\/p>\n<ul>\n<li> Data la sua posizione nella tavola periodica, si stima che a temperatura ambiente sia un metallo dall&#8217;aspetto solido, che presenta vantaggi simili al polonio.<\/li>\n<li> Probabilmente condivide propriet\u00e0 con zolfo, ossigeno, tellurio e selenio.<\/li>\n<li> Con i costanti studi effettuati si prevede che l&#8217;elemento abbia uno stato di ossidazione pari a +2,+4, senza raggiungere +6.<\/li>\n<li> Si stima che abbia un basso punto di ebollizione e un alto punto di fusione.<\/li>\n<li> L&#8217;elemento si avvicina alla stabilit\u00e0 nucleare, in quanto i suoi atomi in decadimento emettono radiazioni, suggerendo che potrebbe essere utile per creare questo tipo di energia.<\/li>\n<\/ul>\n<p> In breve, questo elemento \u00e8 totalmente artificiale e radioattivo. La sua produzione \u00e8 possibile solo in un acceleratore o in un ciclotrone per particelle di elementi superpesanti. Gli atomi risultanti muoiono in pochi secondi, quindi gli usi del Livermorium sono molto limitati.<\/p>\n","protected":false},"excerpt":{"rendered":"<p>Il livermorio \u00e8 un elemento sintetico, di natura radioattiva, non presente nell&#8217;ambiente. \u00c8 composto da 4 isotopi che mostrano un decadimento alfa a breve termine. Il 293 Lv \u00e8 uno dei pi\u00f9 stabili, con una durata di 53 millisecondi. Poich\u00e9 \u00e8 relativamente nuovo, le sue applicazioni utili sono sconosciute. Tuttavia vi racconteremo le sue caratteristiche &#8230; <a title=\"Livermorio\" class=\"read-more\" href=\"https:\/\/chemuza.org\/it\/foiemorio\/\" aria-label=\"More on Livermorio\">Per saperne di pi\u00f9<\/a><\/p>\n","protected":false},"author":1,"featured_media":0,"parent":0,"menu_order":0,"comment_status":"closed","ping_status":"closed","template":"","meta":{"footnotes":""},"yoast_head":"<!-- This site is optimized with the Yoast SEO plugin v21.4 - https:\/\/yoast.com\/wordpress\/plugins\/seo\/ -->\n<title>Livermorio - Chemuza<\/title>\n<meta name=\"robots\" content=\"index, follow, max-snippet:-1, max-image-preview:large, max-video-preview:-1\" \/>\n<link rel=\"canonical\" href=\"https:\/\/chemuza.org\/it\/foiemorio\/\" \/>\n<meta property=\"og:locale\" content=\"it_IT\" \/>\n<meta property=\"og:type\" content=\"article\" \/>\n<meta property=\"og:title\" content=\"Livermorio - Chemuza\" \/>\n<meta property=\"og:description\" content=\"Il livermorio \u00e8 un elemento sintetico, di natura radioattiva, non presente nell&#8217;ambiente. \u00c8 composto da 4 isotopi che mostrano un decadimento alfa a breve termine. Il 293 Lv \u00e8 uno dei pi\u00f9 stabili, con una durata di 53 millisecondi. Poich\u00e9 \u00e8 relativamente nuovo, le sue applicazioni utili sono sconosciute. Tuttavia vi racconteremo le sue caratteristiche ... Per saperne di pi\u00f9\" \/>\n<meta property=\"og:url\" content=\"https:\/\/chemuza.org\/it\/foiemorio\/\" \/>\n<meta property=\"og:site_name\" content=\"Chemuza\" \/>\n<meta name=\"twitter:card\" content=\"summary_large_image\" \/>\n<meta name=\"twitter:label1\" content=\"Tempo di lettura stimato\" \/>\n\t<meta name=\"twitter:data1\" content=\"3 minuti\" \/>\n<script type=\"application\/ld+json\" class=\"yoast-schema-graph\">{\"@context\":\"https:\/\/schema.org\",\"@graph\":[{\"@type\":\"WebPage\",\"@id\":\"https:\/\/chemuza.org\/it\/foiemorio\/\",\"url\":\"https:\/\/chemuza.org\/it\/foiemorio\/\",\"name\":\"Livermorio - Chemuza\",\"isPartOf\":{\"@id\":\"https:\/\/chemuza.org\/it\/#website\"},\"datePublished\":\"2023-07-13T05:36:17+00:00\",\"dateModified\":\"2023-07-13T05:36:17+00:00\",\"breadcrumb\":{\"@id\":\"https:\/\/chemuza.org\/it\/foiemorio\/#breadcrumb\"},\"inLanguage\":\"it-IT\",\"potentialAction\":[{\"@type\":\"ReadAction\",\"target\":[\"https:\/\/chemuza.org\/it\/foiemorio\/\"]}]},{\"@type\":\"BreadcrumbList\",\"@id\":\"https:\/\/chemuza.org\/it\/foiemorio\/#breadcrumb\",\"itemListElement\":[{\"@type\":\"ListItem\",\"position\":1,\"name\":\"Casa\",\"item\":\"https:\/\/chemuza.org\/it\/\"},{\"@type\":\"ListItem\",\"position\":2,\"name\":\"Livermorio\"}]},{\"@type\":\"WebSite\",\"@id\":\"https:\/\/chemuza.org\/it\/#website\",\"url\":\"https:\/\/chemuza.org\/it\/\",\"name\":\"Chemuza\",\"description\":\"La tua porta d&#039;accesso alla scoperta chimica!\",\"publisher\":{\"@id\":\"https:\/\/chemuza.org\/it\/#organization\"},\"potentialAction\":[{\"@type\":\"SearchAction\",\"target\":{\"@type\":\"EntryPoint\",\"urlTemplate\":\"https:\/\/chemuza.org\/it\/?s={search_term_string}\"},\"query-input\":\"required name=search_term_string\"}],\"inLanguage\":\"it-IT\"},{\"@type\":\"Organization\",\"@id\":\"https:\/\/chemuza.org\/it\/#organization\",\"name\":\"Chemuza\",\"url\":\"https:\/\/chemuza.org\/it\/\",\"logo\":{\"@type\":\"ImageObject\",\"inLanguage\":\"it-IT\",\"@id\":\"https:\/\/chemuza.org\/it\/#\/schema\/logo\/image\/\",\"url\":\"https:\/\/chemuza.org\/it\/wp-content\/uploads\/2023\/10\/chemuza-logo.png\",\"contentUrl\":\"https:\/\/chemuza.org\/it\/wp-content\/uploads\/2023\/10\/chemuza-logo.png\",\"width\":387,\"height\":70,\"caption\":\"Chemuza\"},\"image\":{\"@id\":\"https:\/\/chemuza.org\/it\/#\/schema\/logo\/image\/\"}}]}<\/script>\n<!-- \/ Yoast SEO plugin. -->","yoast_head_json":{"title":"Livermorio - Chemuza","robots":{"index":"index","follow":"follow","max-snippet":"max-snippet:-1","max-image-preview":"max-image-preview:large","max-video-preview":"max-video-preview:-1"},"canonical":"https:\/\/chemuza.org\/it\/foiemorio\/","og_locale":"it_IT","og_type":"article","og_title":"Livermorio - Chemuza","og_description":"Il livermorio \u00e8 un elemento sintetico, di natura radioattiva, non presente nell&#8217;ambiente. \u00c8 composto da 4 isotopi che mostrano un decadimento alfa a breve termine. Il 293 Lv \u00e8 uno dei pi\u00f9 stabili, con una durata di 53 millisecondi. Poich\u00e9 \u00e8 relativamente nuovo, le sue applicazioni utili sono sconosciute. Tuttavia vi racconteremo le sue caratteristiche ... Per saperne di pi\u00f9","og_url":"https:\/\/chemuza.org\/it\/foiemorio\/","og_site_name":"Chemuza","twitter_card":"summary_large_image","twitter_misc":{"Tempo di lettura stimato":"3 minuti"},"schema":{"@context":"https:\/\/schema.org","@graph":[{"@type":"WebPage","@id":"https:\/\/chemuza.org\/it\/foiemorio\/","url":"https:\/\/chemuza.org\/it\/foiemorio\/","name":"Livermorio - Chemuza","isPartOf":{"@id":"https:\/\/chemuza.org\/it\/#website"},"datePublished":"2023-07-13T05:36:17+00:00","dateModified":"2023-07-13T05:36:17+00:00","breadcrumb":{"@id":"https:\/\/chemuza.org\/it\/foiemorio\/#breadcrumb"},"inLanguage":"it-IT","potentialAction":[{"@type":"ReadAction","target":["https:\/\/chemuza.org\/it\/foiemorio\/"]}]},{"@type":"BreadcrumbList","@id":"https:\/\/chemuza.org\/it\/foiemorio\/#breadcrumb","itemListElement":[{"@type":"ListItem","position":1,"name":"Casa","item":"https:\/\/chemuza.org\/it\/"},{"@type":"ListItem","position":2,"name":"Livermorio"}]},{"@type":"WebSite","@id":"https:\/\/chemuza.org\/it\/#website","url":"https:\/\/chemuza.org\/it\/","name":"Chemuza","description":"La tua porta d&#039;accesso alla scoperta chimica!","publisher":{"@id":"https:\/\/chemuza.org\/it\/#organization"},"potentialAction":[{"@type":"SearchAction","target":{"@type":"EntryPoint","urlTemplate":"https:\/\/chemuza.org\/it\/?s={search_term_string}"},"query-input":"required name=search_term_string"}],"inLanguage":"it-IT"},{"@type":"Organization","@id":"https:\/\/chemuza.org\/it\/#organization","name":"Chemuza","url":"https:\/\/chemuza.org\/it\/","logo":{"@type":"ImageObject","inLanguage":"it-IT","@id":"https:\/\/chemuza.org\/it\/#\/schema\/logo\/image\/","url":"https:\/\/chemuza.org\/it\/wp-content\/uploads\/2023\/10\/chemuza-logo.png","contentUrl":"https:\/\/chemuza.org\/it\/wp-content\/uploads\/2023\/10\/chemuza-logo.png","width":387,"height":70,"caption":"Chemuza"},"image":{"@id":"https:\/\/chemuza.org\/it\/#\/schema\/logo\/image\/"}}]}},"yoast_meta":{"yoast_wpseo_title":"","yoast_wpseo_metadesc":"","yoast_wpseo_canonical":""},"_links":{"self":[{"href":"https:\/\/chemuza.org\/it\/wp-json\/wp\/v2\/pages\/1547"}],"collection":[{"href":"https:\/\/chemuza.org\/it\/wp-json\/wp\/v2\/pages"}],"about":[{"href":"https:\/\/chemuza.org\/it\/wp-json\/wp\/v2\/types\/page"}],"author":[{"embeddable":true,"href":"https:\/\/chemuza.org\/it\/wp-json\/wp\/v2\/users\/1"}],"replies":[{"embeddable":true,"href":"https:\/\/chemuza.org\/it\/wp-json\/wp\/v2\/comments?post=1547"}],"version-history":[{"count":0,"href":"https:\/\/chemuza.org\/it\/wp-json\/wp\/v2\/pages\/1547\/revisions"}],"wp:attachment":[{"href":"https:\/\/chemuza.org\/it\/wp-json\/wp\/v2\/media?parent=1547"}],"curies":[{"name":"wp","href":"https:\/\/api.w.org\/{rel}","templated":true}]}}