{"id":1546,"date":"2023-07-13T06:01:53","date_gmt":"2023-07-13T06:01:53","guid":{"rendered":"https:\/\/chemuza.org\/it\/flerovio\/"},"modified":"2023-07-13T06:01:53","modified_gmt":"2023-07-13T06:01:53","slug":"flerovio","status":"publish","type":"page","link":"https:\/\/chemuza.org\/it\/flerovio\/","title":{"rendered":"Flerovium"},"content":{"rendered":"<p>Il flerovio \u00e8 un elemento radioattivo e sintetico non presente nella crosta terrestre. La sua produzione \u00e8 artificiale e rara, poich\u00e9 si ottengono solo pochi atomi dell&#8217;elemento. Si stima che sia composto da 7 isotopi con numero di massa compreso tra 286 e 289, ma che sono instabili e di breve durata. Scopri di pi\u00f9 sulle sue caratteristiche e dati interessanti.<\/p>\n<h2> <strong>Cos&#8217;\u00e8 il Flerovium?<\/strong><\/h2>\n<p> Come elemento chimico, si trova nella tavola periodica sotto il numero atomico 114 nei metalli del blocco P. \u00c8 un elemento transattinide altamente radioattivo che viene generato solo in laboratori speciali. Inoltre, tra i suoi 7 isotopi, solo il 289Fl \u00e8 un po&#8217; pi\u00f9 stabile con un&#8217;emivita di 2,6 secondi. Inoltre, si ritiene che all&#8217;interno del suo nucleo ci sia un isomero o una molecola che dura 66 secondi, che \u00e8 il pi\u00f9 lungo di questi elementi artificiali.<\/p>\n<h3> <strong>Simbolo di Flerovium<\/strong><\/h3>\n<p> <span class=\"content-chemical-element\" style=\"float: left;width: 65px;height: 65px;border: 3px solid #666; display:flex;\n    justify-content: center;align-items: center;margin-right: 15px;\"><span style=\"font-size: 38px;\">Fl<\/span><\/span> Prende il nome da Georgi Flerov, fisico nucleare, fondatore del laboratorio Flerov a Dubna. Prima del nome ufficiale era conosciuto come Ununquadio, in riferimento al suo numero atomico 114.<\/p>\n<h2> <strong>Caratteristiche del Flerovium<\/strong><\/h2>\n<p> L&#8217;elemento chimico Flerovium si trova nel gruppo 17 sotto il simbolo Fl della tavola periodica. \u00c8 considerato il pi\u00f9 pesante della sua serie, al di sotto del Piombo. Inoltre, si stima che sia un metallo a temperatura ambiente, con 7 isotopi conosciuti. Altre caratteristiche di Flerovium:<\/p>\n<ul>\n<li> <strong>Condizione<\/strong> : solido.<\/li>\n<li> <strong>Colore<\/strong> : sconosciuto.<\/li>\n<li> <strong>Sapore e odore<\/strong> : non determinati.<\/li>\n<li> <strong>Tossicit\u00e0<\/strong> : Alta perch\u00e9 \u00e8 di natura radioattiva.<\/li>\n<li> <strong>Composizione<\/strong> : Composto da 114 elettroni e protoni.<\/li>\n<li> <strong>Solubilit\u00e0<\/strong> : Nessun dato.<\/li>\n<li> <strong>Struttura<\/strong> : sconosciuta.<\/li>\n<li> <strong>Reattivit\u00e0 chimica<\/strong> : \u00c8 ancora in fase di studio.<\/li>\n<\/ul>\n<h2> <strong>Propriet\u00e0 chimiche e fisiche del Flerovium<\/strong><\/h2>\n<ol>\n<li> <strong>Numero atomico<\/strong> : 114<\/li>\n<li> <strong>Periodo<\/strong> : 7<\/li>\n<li> <strong>Blocco<\/strong> : P<\/li>\n<li> <strong>Gruppo<\/strong> : 14<\/li>\n<li> <strong>Stato di ossidazione<\/strong> : 2, 4<\/li>\n<li> <strong>Raggio covalente (\u00c5):<\/strong> 142 pm<\/li>\n<li> <strong>Raggio medio:<\/strong> sconosciuto. <strong>&nbsp;<\/strong><\/li>\n<li> <strong>Massa atomica (g\/mol):<\/strong> 287 u<\/li>\n<li> <strong>Densit\u00e0:<\/strong> 14 g\/cm\u00b3<\/li>\n<li> <strong>Punto di fusione:<\/strong> 67\u00b0C<\/li>\n<li> <strong>Raggio atomico:<\/strong> nessun dato.<\/li>\n<li> <strong>Punto di ebollizione:<\/strong> 147\u00b0C<\/li>\n<li> <strong>Potenziale di prima ionizzazione<\/strong> (eV): 820 kJ\/mol<\/li>\n<li> <strong>Potenziale di seconda ionizzazione:<\/strong> 1620<\/li>\n<li> <strong>Configurazione elettronica:<\/strong> [Rn] 5f14 6d10 7s2 7p2<\/li>\n<li> <strong>Elettroni per strato:<\/strong> 2, 8, 18, 32, 32, 18, 4<\/li>\n<li> <strong>Elettronegativit\u00e0:<\/strong> sconosciuta <strong>.<\/strong><\/li>\n<li> <strong>Conducibilit\u00e0 termica:<\/strong> Non calcolata.<\/li>\n<\/ol>\n<h2> <strong>Origine del Flerovium<\/strong><\/h2>\n<p> Questo elemento \u00e8 stato scoperto nel 1998 presso il Joint Research Institute of Russia. Gli esperti hanno bombardato l&#8217;isotopo 244 Pu con ioni di calcio 48, ottenendo un singolo atomo dell&#8217;elemento chiamato 289 Fl, che \u00e8 decaduto in meno di 10 secondi. Le conclusioni dell&#8217;esperimento furono pubblicate, ma la fase di decadimento osservata non si ripet\u00e9 nello stesso modo. Si sospetta che ci\u00f2 sia dovuto all&#8217;isomero del nucleo, che provoca alcuni cambiamenti.<\/p>\n<p> Quindi, per produrre pi\u00f9 isotopi, gli stessi scienziati usarono il plutonio 242 con l&#8217;elemento Ca 48. Si ottennero altri due isotopi, che decaddero ad una velocit\u00e0 di 10 Mev o elettronvolt, emettendo radiazione alfa. Finalmente, nel giugno 1999, la sua scoperta venne confermata ripetendo la prima procedura dove fu possibile ottenere 2 atomi aggiuntivi con una durata media di 2,6 secondi.<\/p>\n<h2> <strong>A cosa serve Flerovio?<\/strong><\/h2>\n<p> Le applicazioni del Flerovium sono ancora in fase di analisi a causa della sua breve permanenza nell&#8217;ambiente. Si ritiene che possa formare composti a causa della sua somiglianza con il piombo, ma ci\u00f2 \u00e8 stato difficile da verificare a causa della sua instabilit\u00e0. I pochi campioni ottenuti sono quindi riservati a scopi scientifici.<\/p>\n<h2> <strong>Dove si trova il Flerovio<\/strong> ?<\/h2>\n<p> L&#8217;elemento Flerovium \u00e8 radioattivo e di natura artificiale, cio\u00e8 non pu\u00f2 essere trovato in natura. Pertanto, viene prodotto dagli esseri umani bombardando nuclei pesanti di altri elementi in un acceleratore di particelle e si trova solo in laboratori specializzati nelle radiazioni.<\/p>\n<h2> <strong>Curiosit\u00e0 sul Flerovio<\/strong><\/h2>\n<p> L&#8217;instabilit\u00e0 dell&#8217;elemento \u00e8 sorprendente poich\u00e9 tutte le quantit\u00e0 prodotte si disintegrano in meno di un minuto. \u00c8 altamente radioattivo poich\u00e9 i suoi isotopi emettono particelle alfa quando decadono. Altri dati interessanti sono cos\u00ec riassunti:<\/p>\n<ul>\n<li> \u00c8 classificato come metallo super pesante per la sua composizione atomica.<\/li>\n<li> Ad oggi sono stati riconosciuti 7 isotopi, tutti di breve durata.<\/li>\n<li> Solo uno dei suoi isotopi sopravvive alla vita per 19 secondi.<\/li>\n<li> A temperatura ambiente \u00e8 intorno ai 20\u00baC, passa allo stato gassoso e tale rimane.<\/li>\n<li> Le sue caratteristiche sono simili a quelle di altri gas rari come il Copernicio.<\/li>\n<\/ul>\n<p> In conclusione, questo elemento \u00e8 super pesante, radioattivo e molto instabile nell&#8217;ambiente. \u00c8 classificato nella serie dei metalli per il suo nucleo pesante e la sua capacit\u00e0 di passare allo stato gassoso. Attualmente l&#8217;utilizzo di Flerovio \u00e8 limitato alla ricerca scientifica poich\u00e9 \u00e8 ancora in fase di analisi.<\/p>\n","protected":false},"excerpt":{"rendered":"<p>Il flerovio \u00e8 un elemento radioattivo e sintetico non presente nella crosta terrestre. La sua produzione \u00e8 artificiale e rara, poich\u00e9 si ottengono solo pochi atomi dell&#8217;elemento. Si stima che sia composto da 7 isotopi con numero di massa compreso tra 286 e 289, ma che sono instabili e di breve durata. Scopri di pi\u00f9 &#8230; <a title=\"Flerovium\" class=\"read-more\" href=\"https:\/\/chemuza.org\/it\/flerovio\/\" aria-label=\"More on Flerovium\">Per saperne di pi\u00f9<\/a><\/p>\n","protected":false},"author":1,"featured_media":0,"parent":0,"menu_order":0,"comment_status":"closed","ping_status":"closed","template":"","meta":{"footnotes":""},"yoast_head":"<!-- This site is optimized with the Yoast SEO plugin v21.4 - https:\/\/yoast.com\/wordpress\/plugins\/seo\/ -->\n<title>Flerovium-Chemuza<\/title>\n<meta name=\"robots\" content=\"index, follow, max-snippet:-1, max-image-preview:large, max-video-preview:-1\" \/>\n<link rel=\"canonical\" href=\"https:\/\/chemuza.org\/it\/flerovio\/\" \/>\n<meta property=\"og:locale\" content=\"it_IT\" \/>\n<meta property=\"og:type\" content=\"article\" \/>\n<meta property=\"og:title\" content=\"Flerovium-Chemuza\" \/>\n<meta property=\"og:description\" content=\"Il flerovio \u00e8 un elemento radioattivo e sintetico non presente nella crosta terrestre. La sua produzione \u00e8 artificiale e rara, poich\u00e9 si ottengono solo pochi atomi dell&#8217;elemento. Si stima che sia composto da 7 isotopi con numero di massa compreso tra 286 e 289, ma che sono instabili e di breve durata. Scopri di pi\u00f9 ... Per saperne di pi\u00f9\" \/>\n<meta property=\"og:url\" content=\"https:\/\/chemuza.org\/it\/flerovio\/\" \/>\n<meta property=\"og:site_name\" content=\"Chemuza\" \/>\n<meta name=\"twitter:card\" content=\"summary_large_image\" \/>\n<meta name=\"twitter:label1\" content=\"Tempo di lettura stimato\" \/>\n\t<meta name=\"twitter:data1\" content=\"3 minuti\" \/>\n<script type=\"application\/ld+json\" class=\"yoast-schema-graph\">{\"@context\":\"https:\/\/schema.org\",\"@graph\":[{\"@type\":\"WebPage\",\"@id\":\"https:\/\/chemuza.org\/it\/flerovio\/\",\"url\":\"https:\/\/chemuza.org\/it\/flerovio\/\",\"name\":\"Flerovium-Chemuza\",\"isPartOf\":{\"@id\":\"https:\/\/chemuza.org\/it\/#website\"},\"datePublished\":\"2023-07-13T06:01:53+00:00\",\"dateModified\":\"2023-07-13T06:01:53+00:00\",\"breadcrumb\":{\"@id\":\"https:\/\/chemuza.org\/it\/flerovio\/#breadcrumb\"},\"inLanguage\":\"it-IT\",\"potentialAction\":[{\"@type\":\"ReadAction\",\"target\":[\"https:\/\/chemuza.org\/it\/flerovio\/\"]}]},{\"@type\":\"BreadcrumbList\",\"@id\":\"https:\/\/chemuza.org\/it\/flerovio\/#breadcrumb\",\"itemListElement\":[{\"@type\":\"ListItem\",\"position\":1,\"name\":\"Casa\",\"item\":\"https:\/\/chemuza.org\/it\/\"},{\"@type\":\"ListItem\",\"position\":2,\"name\":\"Flerovium\"}]},{\"@type\":\"WebSite\",\"@id\":\"https:\/\/chemuza.org\/it\/#website\",\"url\":\"https:\/\/chemuza.org\/it\/\",\"name\":\"Chemuza\",\"description\":\"La tua porta d&#039;accesso alla scoperta chimica!\",\"publisher\":{\"@id\":\"https:\/\/chemuza.org\/it\/#organization\"},\"potentialAction\":[{\"@type\":\"SearchAction\",\"target\":{\"@type\":\"EntryPoint\",\"urlTemplate\":\"https:\/\/chemuza.org\/it\/?s={search_term_string}\"},\"query-input\":\"required name=search_term_string\"}],\"inLanguage\":\"it-IT\"},{\"@type\":\"Organization\",\"@id\":\"https:\/\/chemuza.org\/it\/#organization\",\"name\":\"Chemuza\",\"url\":\"https:\/\/chemuza.org\/it\/\",\"logo\":{\"@type\":\"ImageObject\",\"inLanguage\":\"it-IT\",\"@id\":\"https:\/\/chemuza.org\/it\/#\/schema\/logo\/image\/\",\"url\":\"https:\/\/chemuza.org\/it\/wp-content\/uploads\/2023\/10\/chemuza-logo.png\",\"contentUrl\":\"https:\/\/chemuza.org\/it\/wp-content\/uploads\/2023\/10\/chemuza-logo.png\",\"width\":387,\"height\":70,\"caption\":\"Chemuza\"},\"image\":{\"@id\":\"https:\/\/chemuza.org\/it\/#\/schema\/logo\/image\/\"}}]}<\/script>\n<!-- \/ Yoast SEO plugin. -->","yoast_head_json":{"title":"Flerovium-Chemuza","robots":{"index":"index","follow":"follow","max-snippet":"max-snippet:-1","max-image-preview":"max-image-preview:large","max-video-preview":"max-video-preview:-1"},"canonical":"https:\/\/chemuza.org\/it\/flerovio\/","og_locale":"it_IT","og_type":"article","og_title":"Flerovium-Chemuza","og_description":"Il flerovio \u00e8 un elemento radioattivo e sintetico non presente nella crosta terrestre. La sua produzione \u00e8 artificiale e rara, poich\u00e9 si ottengono solo pochi atomi dell&#8217;elemento. Si stima che sia composto da 7 isotopi con numero di massa compreso tra 286 e 289, ma che sono instabili e di breve durata. Scopri di pi\u00f9 ... Per saperne di pi\u00f9","og_url":"https:\/\/chemuza.org\/it\/flerovio\/","og_site_name":"Chemuza","twitter_card":"summary_large_image","twitter_misc":{"Tempo di lettura stimato":"3 minuti"},"schema":{"@context":"https:\/\/schema.org","@graph":[{"@type":"WebPage","@id":"https:\/\/chemuza.org\/it\/flerovio\/","url":"https:\/\/chemuza.org\/it\/flerovio\/","name":"Flerovium-Chemuza","isPartOf":{"@id":"https:\/\/chemuza.org\/it\/#website"},"datePublished":"2023-07-13T06:01:53+00:00","dateModified":"2023-07-13T06:01:53+00:00","breadcrumb":{"@id":"https:\/\/chemuza.org\/it\/flerovio\/#breadcrumb"},"inLanguage":"it-IT","potentialAction":[{"@type":"ReadAction","target":["https:\/\/chemuza.org\/it\/flerovio\/"]}]},{"@type":"BreadcrumbList","@id":"https:\/\/chemuza.org\/it\/flerovio\/#breadcrumb","itemListElement":[{"@type":"ListItem","position":1,"name":"Casa","item":"https:\/\/chemuza.org\/it\/"},{"@type":"ListItem","position":2,"name":"Flerovium"}]},{"@type":"WebSite","@id":"https:\/\/chemuza.org\/it\/#website","url":"https:\/\/chemuza.org\/it\/","name":"Chemuza","description":"La tua porta d&#039;accesso alla scoperta chimica!","publisher":{"@id":"https:\/\/chemuza.org\/it\/#organization"},"potentialAction":[{"@type":"SearchAction","target":{"@type":"EntryPoint","urlTemplate":"https:\/\/chemuza.org\/it\/?s={search_term_string}"},"query-input":"required name=search_term_string"}],"inLanguage":"it-IT"},{"@type":"Organization","@id":"https:\/\/chemuza.org\/it\/#organization","name":"Chemuza","url":"https:\/\/chemuza.org\/it\/","logo":{"@type":"ImageObject","inLanguage":"it-IT","@id":"https:\/\/chemuza.org\/it\/#\/schema\/logo\/image\/","url":"https:\/\/chemuza.org\/it\/wp-content\/uploads\/2023\/10\/chemuza-logo.png","contentUrl":"https:\/\/chemuza.org\/it\/wp-content\/uploads\/2023\/10\/chemuza-logo.png","width":387,"height":70,"caption":"Chemuza"},"image":{"@id":"https:\/\/chemuza.org\/it\/#\/schema\/logo\/image\/"}}]}},"yoast_meta":{"yoast_wpseo_title":"","yoast_wpseo_metadesc":"","yoast_wpseo_canonical":""},"_links":{"self":[{"href":"https:\/\/chemuza.org\/it\/wp-json\/wp\/v2\/pages\/1546"}],"collection":[{"href":"https:\/\/chemuza.org\/it\/wp-json\/wp\/v2\/pages"}],"about":[{"href":"https:\/\/chemuza.org\/it\/wp-json\/wp\/v2\/types\/page"}],"author":[{"embeddable":true,"href":"https:\/\/chemuza.org\/it\/wp-json\/wp\/v2\/users\/1"}],"replies":[{"embeddable":true,"href":"https:\/\/chemuza.org\/it\/wp-json\/wp\/v2\/comments?post=1546"}],"version-history":[{"count":0,"href":"https:\/\/chemuza.org\/it\/wp-json\/wp\/v2\/pages\/1546\/revisions"}],"wp:attachment":[{"href":"https:\/\/chemuza.org\/it\/wp-json\/wp\/v2\/media?parent=1546"}],"curies":[{"name":"wp","href":"https:\/\/api.w.org\/{rel}","templated":true}]}}