{"id":1545,"date":"2023-07-13T06:33:57","date_gmt":"2023-07-13T06:33:57","guid":{"rendered":"https:\/\/chemuza.org\/it\/copernico\/"},"modified":"2023-07-13T06:33:57","modified_gmt":"2023-07-13T06:33:57","slug":"copernico","status":"publish","type":"page","link":"https:\/\/chemuza.org\/it\/copernico\/","title":{"rendered":"Copernicio"},"content":{"rendered":"<p>Il Copernico<strong> <\/strong>\u00c8 un elemento pesante e altamente radioattivo che non si trova a suo modo nella crosta terrestre. Viene quindi creato sinteticamente nei laboratori di ricerca per scoprirne l&#8217;utilit\u00e0. Qui potrai scoprire cosa si sa attualmente sulle sue propriet\u00e0, origine e caratteristiche.<\/p>\n<h2> <strong>Cos&#8217;\u00e8 Copernico?<\/strong><\/h2>\n<p> L&#8217;ununbio, come era precedentemente noto il Copernicium, appartiene ai metalli di transizione ed \u00e8 probabilmente di colore metallico, bianco, grigio o argento. Attualmente si conoscono solo 8 isotopi, 4 dei quali hanno una vita media breve. Il pi\u00f9 stabile \u00e8 il 285 Copernicium che ha un tempo di dimezzamento di 29 secondi. Durante questo tempo decade nel Darmstadio <sup>281<\/sup> producendo particelle alfa.<\/p>\n<h3> <strong>Simbolo di Copernico<\/strong><\/h3>\n<p> <span class=\"content-chemical-element\" style=\"float: left;width: 65px;height: 65px;border: 3px solid #666; display:flex;\n    justify-content: center;align-items: center;margin-right: 15px;\"><span style=\"font-size: 38px;\">Cn<\/span><\/span> Si trova nel gruppo 12 della tavola periodica con numero atomico 112 e massa atomica 285, nel blocco d e periodo 7. Rispetto all&#8217;idrogeno \u00e8 277 volte pi\u00f9 pesante, quindi \u00e8 in grado di essere il metallo pi\u00f9 pesante di tutti gli elementi chimici della tavola periodica.<\/p>\n<h2> <strong>Caratteristiche del Copernicio<\/strong><\/h2>\n<p> Ha temperature di fusione ed ebollizione elevate, quindi pu\u00f2 fluttuare su se stesso fino a scomparire. La configurazione elettronica determina che si trova nel periodo 7 gruppo 12. Altre caratteristiche di Copernicus sono:<\/p>\n<ul>\n<li> <strong>Radioattivit\u00e0:<\/strong> sintetico altamente radioattivo.<\/li>\n<li> <strong>Isotopi:<\/strong> Non ha isotopi stabili.<\/li>\n<li> <strong>Conduttivit\u00e0:<\/strong> \u00e8 un buon conduttore di elettricit\u00e0 e calore.<\/li>\n<li> <strong>Aspetto:<\/strong> sconosciuto, ma si ritiene che sia metallico con toni bianchi.<\/li>\n<li> <strong>Struttura del cristallo:<\/strong> Esagonale compatto.<\/li>\n<\/ul>\n<h2> <strong>Propriet\u00e0 chimiche e fisiche del Copernicio<\/strong><\/h2>\n<ol>\n<li> <strong>Numero atomico<\/strong> : 112<\/li>\n<li> <strong>Raggio atomico:<\/strong> previsto 147<\/li>\n<li> <strong>Raggio covalente:<\/strong> predetto<strong> <\/strong>122<\/li>\n<li> <strong>Stato di ossidazione:<\/strong> 4.2<\/li>\n<li> <strong>Fase in STP:<\/strong> Liquida<\/li>\n<li> <strong>Densit\u00e0:<\/strong> 14,0 g\/cm\u00b3<\/li>\n<li> <strong>Evento naturale:<\/strong> solido<\/li>\n<li> <strong>Punto triplo:<\/strong> 283 K, 25 kPa previsti<\/li>\n<li> <strong>Configurazione elettronica:<\/strong> [Rn] 5f <sup>14<\/sup> 6d <sup>10<\/sup> 7s <sup>2<\/sup><\/li>\n<li> <strong>Energia di ionizzazione:<\/strong> Stimata 1\u00b0 1155 Kj\/mol., 2\u00b0 2170 Kj\/mol., 3\u00b0 3160 Kj\/mol.<\/li>\n<\/ol>\n<h2> <strong>Origine del Copernicio<\/strong><\/h2>\n<p> \u00c8 stato creato il 9 febbraio 1996 presso il GSI o Centro di ricerca sugli ioni pesanti di Darmstadt, in Germania, grazie ai fisici Victor Ninov e Sigurd Hofmann. L&#8217;esperimento consisteva nel bombardare lo zinco <sup>70<\/sup> proveniente da nuclei accelerati con il piombo <sup>208<\/sup> in un acceleratore di particelle. Successivamente, nel maggio 2000, l&#8217;esperimento \u00e8 stato ripetuto con successo per sintetizzare un ulteriore atomo di 277 Copernicio.<\/p>\n<p> Nel corso del 2004 e del 2013 sono stati condotti ulteriori test presso l&#8217;Istituto di ricerca scientifica del Giappone. Per fare ci\u00f2, \u00e8 stata utilizzata la configurazione di ricerca dei metalli pesanti con un distanziatore posteriore riempito di gas per sintetizzare tre atomi e confermare cos\u00ec il decadimento riportato dal GSI. Il gruppo dell&#8217;Unione Internazionale di Chimica Pura e Applicata (IUPAC) ha studiato le affermazioni delle scoperte fatte dai team GSI, ma ha concluso che non c&#8217;erano prove sufficienti per supportarle.<\/p>\n<p> Tuttavia, tra il 2001 e il 2005, il team GSI ha studiato la reazione di Cm <sup>248<\/sup> e Hs <sup>269<\/sup> e ha confermato i dati di decadimento di Hassio e Rutherfordio. Bisogner\u00e0 per\u00f2 attendere il 2009 affinch\u00e9 questo superpesante venga ufficialmente riconosciuto come elemento 112.<\/p>\n<h2> <strong>A cosa serve il Copernicium?<\/strong><\/h2>\n<p> Oggi l&#8217;utilit\u00e0 di questo elemento sintetico \u00e8 praticamente nulla, cio\u00e8 non ha alcuna applicazione o utilit\u00e0, \u00e8 solo una componente scientifica per la ricerca. Tuttavia, sulla base delle sperimentazioni in corso, non si escludono usi futuri.<\/p>\n<h2> <strong>Origine del nome Copernico<\/strong><\/h2>\n<p> Nel 2009 hanno proposto il nome Copernicio in onore dell&#8217;astronomo e scienziato Nicolaus Copernicus, che \u00e8 stato approvato dalla IUPAC e lo ha dichiarato nome ufficiale.<\/p>\n<h2> <strong>Ottenere il Copernicium<\/strong><\/h2>\n<p> La tavola periodica del Copernicium viene prodotta utilizzando un acceleratore di ioni pesanti con una lunghezza di circa 100 metri. L\u00ec, <sup>70<\/sup> ioni di zinco vengono bombardati con <sup>208<\/sup> nuclei di piombo per due settimane, provocando la fusione di un atomo di Copernicium <sup>277<\/sup> .<\/p>\n<h2> <strong>Copernico e la salute<\/strong><\/h2>\n<p> Poich\u00e9 \u00e8 un metallo instabile, i suoi atomi si muovono rapidamente e la sua decomposizione \u00e8 rapida. Quindi non c\u2019\u00e8 motivo di studiare gli effetti che potrebbe avere sul corpo umano. Tuttavia, non si pu\u00f2 escludere che il contatto avuto con una persona sia dannoso per la salute, poich\u00e9 \u00e8 di breve durata ed \u00e8 impossibile che provochi sintomi indesiderati.<\/p>\n<p> In conclusione il simbolo del Copernicio \u00e8 Cn e pur essendo un elemento sintetico viene definito superpesante. \u00c8 uno dei metalli di transizione ed \u00e8 considerato grigio, bianco o argento metallizzato. Inoltre, ha applicazione solo per la ricerca scientifica.<\/p>\n","protected":false},"excerpt":{"rendered":"<p>Il Copernico \u00c8 un elemento pesante e altamente radioattivo che non si trova a suo modo nella crosta terrestre. Viene quindi creato sinteticamente nei laboratori di ricerca per scoprirne l&#8217;utilit\u00e0. Qui potrai scoprire cosa si sa attualmente sulle sue propriet\u00e0, origine e caratteristiche. Cos&#8217;\u00e8 Copernico? L&#8217;ununbio, come era precedentemente noto il Copernicium, appartiene ai metalli &#8230; <a title=\"Copernicio\" class=\"read-more\" href=\"https:\/\/chemuza.org\/it\/copernico\/\" aria-label=\"More on Copernicio\">Per saperne di pi\u00f9<\/a><\/p>\n","protected":false},"author":1,"featured_media":0,"parent":0,"menu_order":0,"comment_status":"closed","ping_status":"closed","template":"","meta":{"footnotes":""},"yoast_head":"<!-- This site is optimized with the Yoast SEO plugin v21.4 - https:\/\/yoast.com\/wordpress\/plugins\/seo\/ -->\n<title>Copernicio \u2013 Chemuza<\/title>\n<meta name=\"robots\" content=\"index, follow, max-snippet:-1, max-image-preview:large, max-video-preview:-1\" \/>\n<link rel=\"canonical\" href=\"https:\/\/chemuza.org\/it\/copernico\/\" \/>\n<meta property=\"og:locale\" content=\"it_IT\" \/>\n<meta property=\"og:type\" content=\"article\" \/>\n<meta property=\"og:title\" content=\"Copernicio \u2013 Chemuza\" \/>\n<meta property=\"og:description\" content=\"Il Copernico \u00c8 un elemento pesante e altamente radioattivo che non si trova a suo modo nella crosta terrestre. Viene quindi creato sinteticamente nei laboratori di ricerca per scoprirne l&#8217;utilit\u00e0. Qui potrai scoprire cosa si sa attualmente sulle sue propriet\u00e0, origine e caratteristiche. Cos&#8217;\u00e8 Copernico? L&#8217;ununbio, come era precedentemente noto il Copernicium, appartiene ai metalli ... Per saperne di pi\u00f9\" \/>\n<meta property=\"og:url\" content=\"https:\/\/chemuza.org\/it\/copernico\/\" \/>\n<meta property=\"og:site_name\" content=\"Chemuza\" \/>\n<meta name=\"twitter:card\" content=\"summary_large_image\" \/>\n<meta name=\"twitter:label1\" content=\"Tempo di lettura stimato\" \/>\n\t<meta name=\"twitter:data1\" content=\"3 minuti\" \/>\n<script type=\"application\/ld+json\" class=\"yoast-schema-graph\">{\"@context\":\"https:\/\/schema.org\",\"@graph\":[{\"@type\":\"WebPage\",\"@id\":\"https:\/\/chemuza.org\/it\/copernico\/\",\"url\":\"https:\/\/chemuza.org\/it\/copernico\/\",\"name\":\"Copernicio \u2013 Chemuza\",\"isPartOf\":{\"@id\":\"https:\/\/chemuza.org\/it\/#website\"},\"datePublished\":\"2023-07-13T06:33:57+00:00\",\"dateModified\":\"2023-07-13T06:33:57+00:00\",\"breadcrumb\":{\"@id\":\"https:\/\/chemuza.org\/it\/copernico\/#breadcrumb\"},\"inLanguage\":\"it-IT\",\"potentialAction\":[{\"@type\":\"ReadAction\",\"target\":[\"https:\/\/chemuza.org\/it\/copernico\/\"]}]},{\"@type\":\"BreadcrumbList\",\"@id\":\"https:\/\/chemuza.org\/it\/copernico\/#breadcrumb\",\"itemListElement\":[{\"@type\":\"ListItem\",\"position\":1,\"name\":\"Casa\",\"item\":\"https:\/\/chemuza.org\/it\/\"},{\"@type\":\"ListItem\",\"position\":2,\"name\":\"Copernicio\"}]},{\"@type\":\"WebSite\",\"@id\":\"https:\/\/chemuza.org\/it\/#website\",\"url\":\"https:\/\/chemuza.org\/it\/\",\"name\":\"Chemuza\",\"description\":\"La tua porta d&#039;accesso alla scoperta chimica!\",\"publisher\":{\"@id\":\"https:\/\/chemuza.org\/it\/#organization\"},\"potentialAction\":[{\"@type\":\"SearchAction\",\"target\":{\"@type\":\"EntryPoint\",\"urlTemplate\":\"https:\/\/chemuza.org\/it\/?s={search_term_string}\"},\"query-input\":\"required name=search_term_string\"}],\"inLanguage\":\"it-IT\"},{\"@type\":\"Organization\",\"@id\":\"https:\/\/chemuza.org\/it\/#organization\",\"name\":\"Chemuza\",\"url\":\"https:\/\/chemuza.org\/it\/\",\"logo\":{\"@type\":\"ImageObject\",\"inLanguage\":\"it-IT\",\"@id\":\"https:\/\/chemuza.org\/it\/#\/schema\/logo\/image\/\",\"url\":\"https:\/\/chemuza.org\/it\/wp-content\/uploads\/2023\/10\/chemuza-logo.png\",\"contentUrl\":\"https:\/\/chemuza.org\/it\/wp-content\/uploads\/2023\/10\/chemuza-logo.png\",\"width\":387,\"height\":70,\"caption\":\"Chemuza\"},\"image\":{\"@id\":\"https:\/\/chemuza.org\/it\/#\/schema\/logo\/image\/\"}}]}<\/script>\n<!-- \/ Yoast SEO plugin. -->","yoast_head_json":{"title":"Copernicio \u2013 Chemuza","robots":{"index":"index","follow":"follow","max-snippet":"max-snippet:-1","max-image-preview":"max-image-preview:large","max-video-preview":"max-video-preview:-1"},"canonical":"https:\/\/chemuza.org\/it\/copernico\/","og_locale":"it_IT","og_type":"article","og_title":"Copernicio \u2013 Chemuza","og_description":"Il Copernico \u00c8 un elemento pesante e altamente radioattivo che non si trova a suo modo nella crosta terrestre. Viene quindi creato sinteticamente nei laboratori di ricerca per scoprirne l&#8217;utilit\u00e0. Qui potrai scoprire cosa si sa attualmente sulle sue propriet\u00e0, origine e caratteristiche. Cos&#8217;\u00e8 Copernico? L&#8217;ununbio, come era precedentemente noto il Copernicium, appartiene ai metalli ... Per saperne di pi\u00f9","og_url":"https:\/\/chemuza.org\/it\/copernico\/","og_site_name":"Chemuza","twitter_card":"summary_large_image","twitter_misc":{"Tempo di lettura stimato":"3 minuti"},"schema":{"@context":"https:\/\/schema.org","@graph":[{"@type":"WebPage","@id":"https:\/\/chemuza.org\/it\/copernico\/","url":"https:\/\/chemuza.org\/it\/copernico\/","name":"Copernicio \u2013 Chemuza","isPartOf":{"@id":"https:\/\/chemuza.org\/it\/#website"},"datePublished":"2023-07-13T06:33:57+00:00","dateModified":"2023-07-13T06:33:57+00:00","breadcrumb":{"@id":"https:\/\/chemuza.org\/it\/copernico\/#breadcrumb"},"inLanguage":"it-IT","potentialAction":[{"@type":"ReadAction","target":["https:\/\/chemuza.org\/it\/copernico\/"]}]},{"@type":"BreadcrumbList","@id":"https:\/\/chemuza.org\/it\/copernico\/#breadcrumb","itemListElement":[{"@type":"ListItem","position":1,"name":"Casa","item":"https:\/\/chemuza.org\/it\/"},{"@type":"ListItem","position":2,"name":"Copernicio"}]},{"@type":"WebSite","@id":"https:\/\/chemuza.org\/it\/#website","url":"https:\/\/chemuza.org\/it\/","name":"Chemuza","description":"La tua porta d&#039;accesso alla scoperta chimica!","publisher":{"@id":"https:\/\/chemuza.org\/it\/#organization"},"potentialAction":[{"@type":"SearchAction","target":{"@type":"EntryPoint","urlTemplate":"https:\/\/chemuza.org\/it\/?s={search_term_string}"},"query-input":"required name=search_term_string"}],"inLanguage":"it-IT"},{"@type":"Organization","@id":"https:\/\/chemuza.org\/it\/#organization","name":"Chemuza","url":"https:\/\/chemuza.org\/it\/","logo":{"@type":"ImageObject","inLanguage":"it-IT","@id":"https:\/\/chemuza.org\/it\/#\/schema\/logo\/image\/","url":"https:\/\/chemuza.org\/it\/wp-content\/uploads\/2023\/10\/chemuza-logo.png","contentUrl":"https:\/\/chemuza.org\/it\/wp-content\/uploads\/2023\/10\/chemuza-logo.png","width":387,"height":70,"caption":"Chemuza"},"image":{"@id":"https:\/\/chemuza.org\/it\/#\/schema\/logo\/image\/"}}]}},"yoast_meta":{"yoast_wpseo_title":"","yoast_wpseo_metadesc":"","yoast_wpseo_canonical":""},"_links":{"self":[{"href":"https:\/\/chemuza.org\/it\/wp-json\/wp\/v2\/pages\/1545"}],"collection":[{"href":"https:\/\/chemuza.org\/it\/wp-json\/wp\/v2\/pages"}],"about":[{"href":"https:\/\/chemuza.org\/it\/wp-json\/wp\/v2\/types\/page"}],"author":[{"embeddable":true,"href":"https:\/\/chemuza.org\/it\/wp-json\/wp\/v2\/users\/1"}],"replies":[{"embeddable":true,"href":"https:\/\/chemuza.org\/it\/wp-json\/wp\/v2\/comments?post=1545"}],"version-history":[{"count":0,"href":"https:\/\/chemuza.org\/it\/wp-json\/wp\/v2\/pages\/1545\/revisions"}],"wp:attachment":[{"href":"https:\/\/chemuza.org\/it\/wp-json\/wp\/v2\/media?parent=1545"}],"curies":[{"name":"wp","href":"https:\/\/api.w.org\/{rel}","templated":true}]}}