{"id":1542,"date":"2023-07-13T07:51:19","date_gmt":"2023-07-13T07:51:19","guid":{"rendered":"https:\/\/chemuza.org\/it\/hassio\/"},"modified":"2023-07-13T07:51:19","modified_gmt":"2023-07-13T07:51:19","slug":"hassio","status":"publish","type":"page","link":"https:\/\/chemuza.org\/it\/hassio\/","title":{"rendered":"Hassio"},"content":{"rendered":"<p>L&#8217;Hassium \u00e8 un elemento sintetico creato artificialmente dall&#8217;uomo. Tutti i suoi isotopi sono instabili e di breve durata, il che ha portato alla creazione di pochi atomi. Si ritiene che abbia propriet\u00e0 transattinidi, in base al comportamento di altri elementi del suo gruppo o metalli di transizione. Sebbene tutte le sue caratteristiche e applicazioni siano sconosciute, qui ti diremo tutto ci\u00f2 che sappiamo finora.<\/p>\n<h2> <strong>Cos&#8217;\u00e8 l&#8217;hassium?<\/strong><\/h2>\n<p> \u00c8 un elemento chimico radioattivo, situato nella tavola periodica nel gruppo dei metalli di transizione. Sotto il numero atomico 108, la sua natura \u00e8 di origine transattinidica, cio\u00e8 si comporta sia come un metallo che come un attinide. Poich\u00e9 i suoi isotopi decadono rapidamente, in meno di 269 H, il suo stato naturale e le possibili applicazioni sono sconosciuti.<\/p>\n<h3> <strong>Simbolo dell&#8217;assio<\/strong><\/h3>\n<p> <span class=\"content-chemical-element\" style=\"float: left;width: 65px;height: 65px;border: 3px solid #666; display:flex;\n    justify-content: center;align-items: center;margin-right: 15px;\"><span style=\"font-size: 38px;\">Hs<\/span><\/span> ha ricevuto questo nome in onore dello stato dell&#8217;Assia, in Germania, poich\u00e9 \u00e8 stato scoperto dai fisici di quel paese. Questo nome deriva dal latino Hassias. Prima del nome ufficiale ci furono controversie per identificarlo, poich\u00e9 venne chiamato temporaneamente Unniloctio. La IUPAC sugger\u00ec di chiamarlo Hahnio nel 1994, finch\u00e9 nel 1997 fu stabilito che si sarebbe chiamato Hassio.<\/p>\n<h2> <strong>Caratteristiche dell&#8217;hassium<\/strong><\/h2>\n<p> L&#8217;elemento Hassium si trova nel gruppo 8, blocco D della tavola periodica. La sua massa atomica \u00e8 269 e la sua durata di vita \u00e8 estremamente breve, rendendo difficile l&#8217;analisi completa. \u00c8 radioattivo e artificiale, motivo per cui sono stati prodotti pochi campioni. Altre caratteristiche di Hassio sono:<\/p>\n<ul>\n<li> <strong>Condizione<\/strong> : ritenuto un solido metallico.<\/li>\n<li> <strong>Colore<\/strong> : bianco o argento grigiastro a temperatura ambiente.<\/li>\n<li> <strong>Sapore e odore<\/strong> : non determinati.<\/li>\n<li> <strong>Composizione:<\/strong> \u00e8 composto da 108 protoni ed elettroni <strong>.<\/strong><\/li>\n<li> <strong>Tossicit\u00e0<\/strong> : si ritiene che sia elevata a causa della sua natura radioattiva.<\/li>\n<li> <strong>Radioattivit\u00e0<\/strong> : alta.<\/li>\n<li> <strong>Struttura<\/strong> : Si stima che una volta cristallizzato sia esagonale.<\/li>\n<li> <strong>Solubilit\u00e0<\/strong> : Non calcolato.<\/li>\n<\/ul>\n<h2> <strong>Propriet\u00e0 chimiche e fisiche dell&#8217;Hassium<\/strong><\/h2>\n<ol>\n<li> <strong>Numero atomico<\/strong> : 108<\/li>\n<li> <strong>Periodo<\/strong> : 7<\/li>\n<li> <strong>Blocco<\/strong> : D<\/li>\n<li> <strong>Gruppo<\/strong> : 8<\/li>\n<li> <strong>Stato di ossidazione<\/strong> : 8<\/li>\n<li> <strong>Raggio covalente (\u00c5):<\/strong> 134.<\/li>\n<li> <strong>Raggio medio:<\/strong> sconosciuto. <strong>&nbsp;<\/strong><\/li>\n<li> <strong>Massa atomica (g\/mol):<\/strong> 269 u<\/li>\n<li> <strong>Densit\u00e0:<\/strong> 41 g\/cm\u00b3, prevista.<\/li>\n<li> <strong>Punto di fusione:<\/strong> Non calcolato.<\/li>\n<li> <strong>Raggio atomico:<\/strong> sconosciuto.<\/li>\n<li> <strong>Configurazione elettronica:<\/strong> [Rn] 5f14 6d6 7s2<\/li>\n<li> <strong>Elettroni per strato:<\/strong> 2, 8, 16, 32, 32, 16, 2<\/li>\n<li> <strong>Potenziale di prima ionizzazione:<\/strong> (eV) 750<\/li>\n<li> <strong>Punto di ebollizione:<\/strong> Non specificato.<\/li>\n<li> <strong>Elettronegativit\u00e0:<\/strong> Non calcolata.<\/li>\n<li> <strong>Conducibilit\u00e0 termica:<\/strong> nessun dato.<\/li>\n<\/ol>\n<h2> <strong>Origine dell&#8217;hassium<\/strong><\/h2>\n<p> L&#8217;elemento chimico Hassium \u00e8 stato creato e sintetizzato nel 1984 presso il centro di ricerca tedesco Gesellschaft f\u00fcr Schwerionenforschung. L&#8217;isotopo 265 Hs \u00e8 stato prodotto in una reazione chimica, bombardando il piombo-208 con fasci di proiettili di ferro-58. Nel processo \u00e8 stato ottenuto un atomo dell&#8217;elemento di breve durata.<\/p>\n<h2> <strong>A cosa serve Hassium?<\/strong><\/h2>\n<p> Gli usi dell&#8217;hassium sono sconosciuti al momento, poich\u00e9 i suoi isotopi si decompongono rapidamente nell&#8217;ambiente. Sono stati ottenuti solo pochi atomi dell&#8217;elemento, che vengono analizzati in speciali impianti di radiazione per scopi di ricerca.<\/p>\n<h2> <strong>Ottieni Hassio<\/strong><\/h2>\n<p> Essendo un elemento completamente artificiale, viene prodotto in laboratorio bombardando gli isotopi del piombo-208 con ioni del ferro-58. Il processo viene effettuato in un acceleratore lineare, fino a quando gli atomi dell&#8217;elemento sono isolati, ma si disintegrano dopo pochi secondi.<\/p>\n<h2> <strong>Effetti dell&#8217;Hassium sulla salute<\/strong><\/h2>\n<p> Sebbene questo elemento non si trovi naturalmente nell\u2019ambiente, presenta comunque un rischio per la salute a causa della sua natura radioattiva. Per questo motivo si consiglia di maneggiarlo con estrema sicurezza e con apposite apparecchiature per radiazioni nei laboratori dove viene sintetizzato.<\/p>\n<h2> <strong>Fatti curiosi su Hassium<\/strong><\/h2>\n<p> L&#8217;elemento Hassium fu sintetizzato per la prima volta nel 1978 presso l&#8217;Istituto congiunto per la ricerca nucleare di Dubna. Tuttavia, i suoi dati furono conclusivi solo 5 anni dopo, quando fu prodotto con successo in un centro di ricerca tedesco nel 1984. Dopo la sua scoperta furono riconosciuti 3 dei suoi isotopi, vale a dire 270 Hs, 264 Hs e 263 Hs. Altri dati relativi all&#8217;elemento sono:<\/p>\n<ul>\n<li> Nome: prima del suo nome ufficiale, era chiamato elemento 108, Unniloctium ed eka-osmium. Fu solo nel 1992 che il lavoro del gruppo scientifico tedesco fu riconosciuto e fu proposto di chiamarlo Hassio.<\/li>\n<li> Aspetto fisico: Si stima che sia un metallo solido a temperatura ambiente. Gli scienziati ritengono che se ne venisse prodotta un po&#8217; di pi\u00f9, sarebbe un metallo lucido, pi\u00f9 pesante e pi\u00f9 denso dell&#8217;osmio.<\/li>\n<li> Propriet\u00e0: Pu\u00f2 reagire con l&#8217;aria per formare composti volatili. Secondo le leggi periodiche, \u00e8 l&#8217;elemento pi\u00f9 pesante del suo gruppo e si ritiene che abbia un punto di fusione elevato.<\/li>\n<li> Classificazione: si trova nel gruppo dei metalli di transizione, con vantaggi simili all&#8217;osmio. Il suo stato di ossidazione \u00e8 stimato a 8, stabile.<\/li>\n<\/ul>\n<p> In sintesi, questo elemento transattinide, di natura sintetica, viene prodotto in piccole quantit\u00e0 data la sua breve durata. Le propriet\u00e0 dell&#8217;Hassium vengono tutt&#8217;oggi studiate in grandi laboratori, dotati delle migliori tecnologie per poterlo utilizzare in vari campi.<\/p>\n","protected":false},"excerpt":{"rendered":"<p>L&#8217;Hassium \u00e8 un elemento sintetico creato artificialmente dall&#8217;uomo. Tutti i suoi isotopi sono instabili e di breve durata, il che ha portato alla creazione di pochi atomi. Si ritiene che abbia propriet\u00e0 transattinidi, in base al comportamento di altri elementi del suo gruppo o metalli di transizione. Sebbene tutte le sue caratteristiche e applicazioni siano &#8230; <a title=\"Hassio\" class=\"read-more\" href=\"https:\/\/chemuza.org\/it\/hassio\/\" aria-label=\"More on Hassio\">Per saperne di pi\u00f9<\/a><\/p>\n","protected":false},"author":1,"featured_media":0,"parent":0,"menu_order":0,"comment_status":"closed","ping_status":"closed","template":"","meta":{"footnotes":""},"yoast_head":"<!-- This site is optimized with the Yoast SEO plugin v21.4 - https:\/\/yoast.com\/wordpress\/plugins\/seo\/ -->\n<title>Hassio-Chemuza<\/title>\n<meta name=\"robots\" content=\"index, follow, max-snippet:-1, max-image-preview:large, max-video-preview:-1\" \/>\n<link rel=\"canonical\" href=\"https:\/\/chemuza.org\/it\/hassio\/\" \/>\n<meta property=\"og:locale\" content=\"it_IT\" \/>\n<meta property=\"og:type\" content=\"article\" \/>\n<meta property=\"og:title\" content=\"Hassio-Chemuza\" \/>\n<meta property=\"og:description\" content=\"L&#8217;Hassium \u00e8 un elemento sintetico creato artificialmente dall&#8217;uomo. Tutti i suoi isotopi sono instabili e di breve durata, il che ha portato alla creazione di pochi atomi. Si ritiene che abbia propriet\u00e0 transattinidi, in base al comportamento di altri elementi del suo gruppo o metalli di transizione. Sebbene tutte le sue caratteristiche e applicazioni siano ... Per saperne di pi\u00f9\" \/>\n<meta property=\"og:url\" content=\"https:\/\/chemuza.org\/it\/hassio\/\" \/>\n<meta property=\"og:site_name\" content=\"Chemuza\" \/>\n<meta name=\"twitter:card\" content=\"summary_large_image\" \/>\n<meta name=\"twitter:label1\" content=\"Tempo di lettura stimato\" \/>\n\t<meta name=\"twitter:data1\" content=\"4 minuti\" \/>\n<script type=\"application\/ld+json\" class=\"yoast-schema-graph\">{\"@context\":\"https:\/\/schema.org\",\"@graph\":[{\"@type\":\"WebPage\",\"@id\":\"https:\/\/chemuza.org\/it\/hassio\/\",\"url\":\"https:\/\/chemuza.org\/it\/hassio\/\",\"name\":\"Hassio-Chemuza\",\"isPartOf\":{\"@id\":\"https:\/\/chemuza.org\/it\/#website\"},\"datePublished\":\"2023-07-13T07:51:19+00:00\",\"dateModified\":\"2023-07-13T07:51:19+00:00\",\"breadcrumb\":{\"@id\":\"https:\/\/chemuza.org\/it\/hassio\/#breadcrumb\"},\"inLanguage\":\"it-IT\",\"potentialAction\":[{\"@type\":\"ReadAction\",\"target\":[\"https:\/\/chemuza.org\/it\/hassio\/\"]}]},{\"@type\":\"BreadcrumbList\",\"@id\":\"https:\/\/chemuza.org\/it\/hassio\/#breadcrumb\",\"itemListElement\":[{\"@type\":\"ListItem\",\"position\":1,\"name\":\"Casa\",\"item\":\"https:\/\/chemuza.org\/it\/\"},{\"@type\":\"ListItem\",\"position\":2,\"name\":\"Hassio\"}]},{\"@type\":\"WebSite\",\"@id\":\"https:\/\/chemuza.org\/it\/#website\",\"url\":\"https:\/\/chemuza.org\/it\/\",\"name\":\"Chemuza\",\"description\":\"La tua porta d&#039;accesso alla scoperta chimica!\",\"publisher\":{\"@id\":\"https:\/\/chemuza.org\/it\/#organization\"},\"potentialAction\":[{\"@type\":\"SearchAction\",\"target\":{\"@type\":\"EntryPoint\",\"urlTemplate\":\"https:\/\/chemuza.org\/it\/?s={search_term_string}\"},\"query-input\":\"required name=search_term_string\"}],\"inLanguage\":\"it-IT\"},{\"@type\":\"Organization\",\"@id\":\"https:\/\/chemuza.org\/it\/#organization\",\"name\":\"Chemuza\",\"url\":\"https:\/\/chemuza.org\/it\/\",\"logo\":{\"@type\":\"ImageObject\",\"inLanguage\":\"it-IT\",\"@id\":\"https:\/\/chemuza.org\/it\/#\/schema\/logo\/image\/\",\"url\":\"https:\/\/chemuza.org\/it\/wp-content\/uploads\/2023\/10\/chemuza-logo.png\",\"contentUrl\":\"https:\/\/chemuza.org\/it\/wp-content\/uploads\/2023\/10\/chemuza-logo.png\",\"width\":387,\"height\":70,\"caption\":\"Chemuza\"},\"image\":{\"@id\":\"https:\/\/chemuza.org\/it\/#\/schema\/logo\/image\/\"}}]}<\/script>\n<!-- \/ Yoast SEO plugin. -->","yoast_head_json":{"title":"Hassio-Chemuza","robots":{"index":"index","follow":"follow","max-snippet":"max-snippet:-1","max-image-preview":"max-image-preview:large","max-video-preview":"max-video-preview:-1"},"canonical":"https:\/\/chemuza.org\/it\/hassio\/","og_locale":"it_IT","og_type":"article","og_title":"Hassio-Chemuza","og_description":"L&#8217;Hassium \u00e8 un elemento sintetico creato artificialmente dall&#8217;uomo. Tutti i suoi isotopi sono instabili e di breve durata, il che ha portato alla creazione di pochi atomi. Si ritiene che abbia propriet\u00e0 transattinidi, in base al comportamento di altri elementi del suo gruppo o metalli di transizione. Sebbene tutte le sue caratteristiche e applicazioni siano ... Per saperne di pi\u00f9","og_url":"https:\/\/chemuza.org\/it\/hassio\/","og_site_name":"Chemuza","twitter_card":"summary_large_image","twitter_misc":{"Tempo di lettura stimato":"4 minuti"},"schema":{"@context":"https:\/\/schema.org","@graph":[{"@type":"WebPage","@id":"https:\/\/chemuza.org\/it\/hassio\/","url":"https:\/\/chemuza.org\/it\/hassio\/","name":"Hassio-Chemuza","isPartOf":{"@id":"https:\/\/chemuza.org\/it\/#website"},"datePublished":"2023-07-13T07:51:19+00:00","dateModified":"2023-07-13T07:51:19+00:00","breadcrumb":{"@id":"https:\/\/chemuza.org\/it\/hassio\/#breadcrumb"},"inLanguage":"it-IT","potentialAction":[{"@type":"ReadAction","target":["https:\/\/chemuza.org\/it\/hassio\/"]}]},{"@type":"BreadcrumbList","@id":"https:\/\/chemuza.org\/it\/hassio\/#breadcrumb","itemListElement":[{"@type":"ListItem","position":1,"name":"Casa","item":"https:\/\/chemuza.org\/it\/"},{"@type":"ListItem","position":2,"name":"Hassio"}]},{"@type":"WebSite","@id":"https:\/\/chemuza.org\/it\/#website","url":"https:\/\/chemuza.org\/it\/","name":"Chemuza","description":"La tua porta d&#039;accesso alla scoperta chimica!","publisher":{"@id":"https:\/\/chemuza.org\/it\/#organization"},"potentialAction":[{"@type":"SearchAction","target":{"@type":"EntryPoint","urlTemplate":"https:\/\/chemuza.org\/it\/?s={search_term_string}"},"query-input":"required name=search_term_string"}],"inLanguage":"it-IT"},{"@type":"Organization","@id":"https:\/\/chemuza.org\/it\/#organization","name":"Chemuza","url":"https:\/\/chemuza.org\/it\/","logo":{"@type":"ImageObject","inLanguage":"it-IT","@id":"https:\/\/chemuza.org\/it\/#\/schema\/logo\/image\/","url":"https:\/\/chemuza.org\/it\/wp-content\/uploads\/2023\/10\/chemuza-logo.png","contentUrl":"https:\/\/chemuza.org\/it\/wp-content\/uploads\/2023\/10\/chemuza-logo.png","width":387,"height":70,"caption":"Chemuza"},"image":{"@id":"https:\/\/chemuza.org\/it\/#\/schema\/logo\/image\/"}}]}},"yoast_meta":{"yoast_wpseo_title":"","yoast_wpseo_metadesc":"","yoast_wpseo_canonical":""},"_links":{"self":[{"href":"https:\/\/chemuza.org\/it\/wp-json\/wp\/v2\/pages\/1542"}],"collection":[{"href":"https:\/\/chemuza.org\/it\/wp-json\/wp\/v2\/pages"}],"about":[{"href":"https:\/\/chemuza.org\/it\/wp-json\/wp\/v2\/types\/page"}],"author":[{"embeddable":true,"href":"https:\/\/chemuza.org\/it\/wp-json\/wp\/v2\/users\/1"}],"replies":[{"embeddable":true,"href":"https:\/\/chemuza.org\/it\/wp-json\/wp\/v2\/comments?post=1542"}],"version-history":[{"count":0,"href":"https:\/\/chemuza.org\/it\/wp-json\/wp\/v2\/pages\/1542\/revisions"}],"wp:attachment":[{"href":"https:\/\/chemuza.org\/it\/wp-json\/wp\/v2\/media?parent=1542"}],"curies":[{"name":"wp","href":"https:\/\/api.w.org\/{rel}","templated":true}]}}