{"id":1541,"date":"2023-07-13T08:27:32","date_gmt":"2023-07-13T08:27:32","guid":{"rendered":"https:\/\/chemuza.org\/it\/borio\/"},"modified":"2023-07-13T08:27:32","modified_gmt":"2023-07-13T08:27:32","slug":"borio","status":"publish","type":"page","link":"https:\/\/chemuza.org\/it\/borio\/","title":{"rendered":"Bohrio"},"content":{"rendered":"<p>Il borio \u00e8 un elemento artificiale della tavola periodica che non si trova naturalmente in natura. \u00c8 un altro metallo a bassa produzione e viene creato solo sinteticamente in laboratorio. Scopri qualcosa in pi\u00f9 sulla sua scoperta, propriet\u00e0 e caratteristiche.<\/p>\n<h2> <strong>Cos&#8217;\u00e8 Bohrio?<\/strong><\/h2>\n<p> La tavola periodica Bohrio precedentemente chiamata Unnilseptio o Nielsbohrio \u00e8 un elemento chimico metallico, sintetico, radioattivo. Inoltre, allo stato naturale pu\u00f2 essere solido e, come tutti quelli del gruppo dei metalli di transizione, il suo colore pu\u00f2 essere bianco, grigio o argento.<\/p>\n<p> Attualmente si conoscono 10 isotopi, il pi\u00f9 stabile dei quali \u00e8 il Bohrium <sup>270<\/sup> , che ha un tempo di dimezzamento di un minuto. Inoltre, il suo nucleo ha un&#8217;alta concentrazione di protoni e neutroni, che lo rendono estremamente potente.<\/p>\n<h2> <strong>Simbolo di Bohrio<\/strong><\/h2>\n<p> <span class=\"content-chemical-element\" style=\"float: left;width: 65px;height: 65px;border: 3px solid #666; display:flex;\n    justify-content: center;align-items: center;margin-right: 15px;\"><span style=\"font-size: 38px;\">Bh<\/span><\/span> Si trova nel gruppo 7 della tavola periodica con numero atomico 107 e la sua massa atomica \u00e8 262. Appartiene al blocco d, periodo 7, dei metalli di transizione. Pu\u00f2 avere le stesse propriet\u00e0 del Renio, poich\u00e9 si trova in una posizione vicina.<\/p>\n<h2> <strong>Caratteristiche di Bohrium<\/strong><\/h2>\n<p> L&#8217;elemento chimico Bohrium, come tutti gli elementi del gruppo 7, \u00e8 considerato un buon conduttore di calore ed elettricit\u00e0. Inoltre, ha punti di fusione e di ebollizione elevati e una durezza estrema. Scopri le altre caratteristiche di questo elemento:<\/p>\n<ul>\n<li> <strong>Condizione:<\/strong> sconosciuta, anche se potrebbe essere solida.<\/li>\n<li> <strong>Aspetto:<\/strong> sconosciuto, forse metallico, bianco, argento o grigio.<\/li>\n<li> <strong>Struttura del cristallo:<\/strong> Esagonale compatto.<\/li>\n<\/ul>\n<h2> <strong>Propriet\u00e0 chimiche e fisiche del borio<\/strong><\/h2>\n<ol>\n<li> <strong>Numero atomico<\/strong> : 107<\/li>\n<li> <strong>Raggio atomico:<\/strong> previsto 128<\/li>\n<li> <strong>Densit\u00e0:<\/strong> 37,1 g\/cm\u00b3<\/li>\n<li> <strong>Raggio covalente:<\/strong> 141<\/li>\n<li> <strong>Evento naturale:<\/strong> sintetico<\/li>\n<li> <strong>Configurazione elettronica:<\/strong> [Rn] 5f <sup>14<\/sup> 6d <sup>5<\/sup> 7s <sup>2<\/sup><\/li>\n<li> <strong>Energie di ionizzazione:<\/strong> 1\u00b0: 740 kJ\/mol. 2\u00b0: 1690 kJ\/mol e 3\u00b0: 2570 Kj\/mol.<\/li>\n<li> <strong>Stati di ossidazione:<\/strong> +3, +4, +5, +7<\/li>\n<\/ol>\n<h2> <strong>Origine di Bohrio<\/strong><\/h2>\n<p> Nel 1976, un gruppo di ricerca sovietico guidato dal fisico nucleare russo Yuri Oganessian lo riport\u00f2 per la prima volta. Bombardando i bersagli di Bismuto 209 e Piombo 208 con nuclei accelerati di Cromo 54 e Manganese 55. Hanno osservato diversi livelli di attivit\u00e0, dove uno aveva un&#8217;emivita di 1 o 2 millisecondi e l&#8217;altro una durata di circa 5 secondi. .<\/p>\n<p> Durante l&#8217;esperimento, l&#8217;intensit\u00e0 era costante ed \u00e8 stato proposto che il primo fosse l&#8217;isotopo Bohrium <sup>261<\/sup> e il secondo fosse Dubnium 257. Successivamente \u00e8 stato cambiato in Dubnium 258, che ha un breve tempo di dimezzamento superiore a 257. Tuttavia, la met\u00e0 -La vita osservata nell&#8217;atomo 262 era pi\u00f9 breve di quella risultante dalla scoperta del 1981 a Darmstadt.<\/p>\n<p> Nel 1981, un gruppo di ricerca tedesco guidato dai fisici Gottfried Munzenberg e Peter Armbruster del Centro Helmholtz per la ricerca sugli ioni pesanti (GSI) nella citt\u00e0 di Darmstadt, bombard\u00f2 un bersaglio dell&#8217;elemento Bismuth 209 con nuclei accelerati di cromo 54 per produrre 5 atomi di Bohrio <sup>262<\/sup> . La Task Force dell&#8217;Unione Internazionale di Chimica Pura e Applicata (IUPAC) ha riconosciuto la collaborazione del team GSI come scopritore ufficiale nel 1992.<\/p>\n<h2> <strong>A cosa serve Bohrio?<\/strong><\/h2>\n<p> Questo elemento \u00e8 molto particolare rispetto agli altri metalli, poich\u00e9 il Bohrio non ha applicazioni. In altre parole, non ha alcuna utilit\u00e0 nella scienza, nell\u2019industria o nella vita di tutti i giorni.<\/p>\n<h2> <strong>Origine del nome Bohrio<\/strong><\/h2>\n<p> Riceve questo nome in onore del fisico danese Niels Bohr, vincitore del Premio Nobel per la fisica nel 1922. Il suo lavoro si concentr\u00f2 su studi e contributi alla comprensione della meccanica quantistica e della struttura dell&#8217;atomo.<\/p>\n<h2> <strong>Tecnica per identificare Bohrium<\/strong><\/h2>\n<p> Per identificare un nuovo isotopo di Bohrio \u00e8 necessario effettuare una correlazione genetica con altri isotopi conosciuti attraverso una catena di decadimento radioattivo interrotta dalla fissione spontanea. Per eseguire questa analisi di decadimento \u00e8 necessario produrre isotopi pi\u00f9 stabili, cio\u00e8 contenenti un numero dispari di neutroni e protoni.<\/p>\n<h2> <strong>Effetti di Bohrium sulla salute<\/strong><\/h2>\n<p> Questo elemento \u00e8 instabile, il che lo rende un metallo che si decompone rapidamente se mescolato con altri metalli. Pertanto, gli effetti che potrebbe avere sull&#8217;organismo non sono stati studiati.<\/p>\n<h2> <strong>Effetti del bohrio sull&#8217;ambiente<\/strong><\/h2>\n<p> Non \u00e8 ancora noto l&#8217;effetto che potrebbe avere sull&#8217;ambiente, poich\u00e9 non si trova in natura e il suo tempo di dimezzamento \u00e8 breve, circa 0,44 secondi. Presenta per\u00f2 propriet\u00e0 reattive e quindi i suoi possibili utilizzi devono ancora essere confermati.<\/p>\n<p> In conclusione, \u00e8 un elemento sintetico della tavola periodica, creato in laboratorio e appartiene al gruppo 7 dei metalli di transizione. Poich\u00e9 la sua emivita \u00e8 breve, non vi \u00e8 alcun utilizzo o applicazione.<\/p>\n","protected":false},"excerpt":{"rendered":"<p>Il borio \u00e8 un elemento artificiale della tavola periodica che non si trova naturalmente in natura. \u00c8 un altro metallo a bassa produzione e viene creato solo sinteticamente in laboratorio. Scopri qualcosa in pi\u00f9 sulla sua scoperta, propriet\u00e0 e caratteristiche. Cos&#8217;\u00e8 Bohrio? La tavola periodica Bohrio precedentemente chiamata Unnilseptio o Nielsbohrio \u00e8 un elemento chimico &#8230; <a title=\"Bohrio\" class=\"read-more\" href=\"https:\/\/chemuza.org\/it\/borio\/\" aria-label=\"More on Bohrio\">Per saperne di pi\u00f9<\/a><\/p>\n","protected":false},"author":1,"featured_media":0,"parent":0,"menu_order":0,"comment_status":"closed","ping_status":"closed","template":"","meta":{"footnotes":""},"yoast_head":"<!-- This site is optimized with the Yoast SEO plugin v21.4 - https:\/\/yoast.com\/wordpress\/plugins\/seo\/ -->\n<title>Bohrio-Chemuza<\/title>\n<meta name=\"robots\" content=\"index, follow, max-snippet:-1, max-image-preview:large, max-video-preview:-1\" \/>\n<link rel=\"canonical\" href=\"https:\/\/chemuza.org\/it\/borio\/\" \/>\n<meta property=\"og:locale\" content=\"it_IT\" \/>\n<meta property=\"og:type\" content=\"article\" \/>\n<meta property=\"og:title\" content=\"Bohrio-Chemuza\" \/>\n<meta property=\"og:description\" content=\"Il borio \u00e8 un elemento artificiale della tavola periodica che non si trova naturalmente in natura. \u00c8 un altro metallo a bassa produzione e viene creato solo sinteticamente in laboratorio. Scopri qualcosa in pi\u00f9 sulla sua scoperta, propriet\u00e0 e caratteristiche. Cos&#8217;\u00e8 Bohrio? La tavola periodica Bohrio precedentemente chiamata Unnilseptio o Nielsbohrio \u00e8 un elemento chimico ... Per saperne di pi\u00f9\" \/>\n<meta property=\"og:url\" content=\"https:\/\/chemuza.org\/it\/borio\/\" \/>\n<meta property=\"og:site_name\" content=\"Chemuza\" \/>\n<meta name=\"twitter:card\" content=\"summary_large_image\" \/>\n<meta name=\"twitter:label1\" content=\"Tempo di lettura stimato\" \/>\n\t<meta name=\"twitter:data1\" content=\"3 minuti\" \/>\n<script type=\"application\/ld+json\" class=\"yoast-schema-graph\">{\"@context\":\"https:\/\/schema.org\",\"@graph\":[{\"@type\":\"WebPage\",\"@id\":\"https:\/\/chemuza.org\/it\/borio\/\",\"url\":\"https:\/\/chemuza.org\/it\/borio\/\",\"name\":\"Bohrio-Chemuza\",\"isPartOf\":{\"@id\":\"https:\/\/chemuza.org\/it\/#website\"},\"datePublished\":\"2023-07-13T08:27:32+00:00\",\"dateModified\":\"2023-07-13T08:27:32+00:00\",\"breadcrumb\":{\"@id\":\"https:\/\/chemuza.org\/it\/borio\/#breadcrumb\"},\"inLanguage\":\"it-IT\",\"potentialAction\":[{\"@type\":\"ReadAction\",\"target\":[\"https:\/\/chemuza.org\/it\/borio\/\"]}]},{\"@type\":\"BreadcrumbList\",\"@id\":\"https:\/\/chemuza.org\/it\/borio\/#breadcrumb\",\"itemListElement\":[{\"@type\":\"ListItem\",\"position\":1,\"name\":\"Casa\",\"item\":\"https:\/\/chemuza.org\/it\/\"},{\"@type\":\"ListItem\",\"position\":2,\"name\":\"Bohrio\"}]},{\"@type\":\"WebSite\",\"@id\":\"https:\/\/chemuza.org\/it\/#website\",\"url\":\"https:\/\/chemuza.org\/it\/\",\"name\":\"Chemuza\",\"description\":\"La tua porta d&#039;accesso alla scoperta chimica!\",\"publisher\":{\"@id\":\"https:\/\/chemuza.org\/it\/#organization\"},\"potentialAction\":[{\"@type\":\"SearchAction\",\"target\":{\"@type\":\"EntryPoint\",\"urlTemplate\":\"https:\/\/chemuza.org\/it\/?s={search_term_string}\"},\"query-input\":\"required name=search_term_string\"}],\"inLanguage\":\"it-IT\"},{\"@type\":\"Organization\",\"@id\":\"https:\/\/chemuza.org\/it\/#organization\",\"name\":\"Chemuza\",\"url\":\"https:\/\/chemuza.org\/it\/\",\"logo\":{\"@type\":\"ImageObject\",\"inLanguage\":\"it-IT\",\"@id\":\"https:\/\/chemuza.org\/it\/#\/schema\/logo\/image\/\",\"url\":\"https:\/\/chemuza.org\/it\/wp-content\/uploads\/2023\/10\/chemuza-logo.png\",\"contentUrl\":\"https:\/\/chemuza.org\/it\/wp-content\/uploads\/2023\/10\/chemuza-logo.png\",\"width\":387,\"height\":70,\"caption\":\"Chemuza\"},\"image\":{\"@id\":\"https:\/\/chemuza.org\/it\/#\/schema\/logo\/image\/\"}}]}<\/script>\n<!-- \/ Yoast SEO plugin. -->","yoast_head_json":{"title":"Bohrio-Chemuza","robots":{"index":"index","follow":"follow","max-snippet":"max-snippet:-1","max-image-preview":"max-image-preview:large","max-video-preview":"max-video-preview:-1"},"canonical":"https:\/\/chemuza.org\/it\/borio\/","og_locale":"it_IT","og_type":"article","og_title":"Bohrio-Chemuza","og_description":"Il borio \u00e8 un elemento artificiale della tavola periodica che non si trova naturalmente in natura. \u00c8 un altro metallo a bassa produzione e viene creato solo sinteticamente in laboratorio. Scopri qualcosa in pi\u00f9 sulla sua scoperta, propriet\u00e0 e caratteristiche. Cos&#8217;\u00e8 Bohrio? La tavola periodica Bohrio precedentemente chiamata Unnilseptio o Nielsbohrio \u00e8 un elemento chimico ... Per saperne di pi\u00f9","og_url":"https:\/\/chemuza.org\/it\/borio\/","og_site_name":"Chemuza","twitter_card":"summary_large_image","twitter_misc":{"Tempo di lettura stimato":"3 minuti"},"schema":{"@context":"https:\/\/schema.org","@graph":[{"@type":"WebPage","@id":"https:\/\/chemuza.org\/it\/borio\/","url":"https:\/\/chemuza.org\/it\/borio\/","name":"Bohrio-Chemuza","isPartOf":{"@id":"https:\/\/chemuza.org\/it\/#website"},"datePublished":"2023-07-13T08:27:32+00:00","dateModified":"2023-07-13T08:27:32+00:00","breadcrumb":{"@id":"https:\/\/chemuza.org\/it\/borio\/#breadcrumb"},"inLanguage":"it-IT","potentialAction":[{"@type":"ReadAction","target":["https:\/\/chemuza.org\/it\/borio\/"]}]},{"@type":"BreadcrumbList","@id":"https:\/\/chemuza.org\/it\/borio\/#breadcrumb","itemListElement":[{"@type":"ListItem","position":1,"name":"Casa","item":"https:\/\/chemuza.org\/it\/"},{"@type":"ListItem","position":2,"name":"Bohrio"}]},{"@type":"WebSite","@id":"https:\/\/chemuza.org\/it\/#website","url":"https:\/\/chemuza.org\/it\/","name":"Chemuza","description":"La tua porta d&#039;accesso alla scoperta chimica!","publisher":{"@id":"https:\/\/chemuza.org\/it\/#organization"},"potentialAction":[{"@type":"SearchAction","target":{"@type":"EntryPoint","urlTemplate":"https:\/\/chemuza.org\/it\/?s={search_term_string}"},"query-input":"required name=search_term_string"}],"inLanguage":"it-IT"},{"@type":"Organization","@id":"https:\/\/chemuza.org\/it\/#organization","name":"Chemuza","url":"https:\/\/chemuza.org\/it\/","logo":{"@type":"ImageObject","inLanguage":"it-IT","@id":"https:\/\/chemuza.org\/it\/#\/schema\/logo\/image\/","url":"https:\/\/chemuza.org\/it\/wp-content\/uploads\/2023\/10\/chemuza-logo.png","contentUrl":"https:\/\/chemuza.org\/it\/wp-content\/uploads\/2023\/10\/chemuza-logo.png","width":387,"height":70,"caption":"Chemuza"},"image":{"@id":"https:\/\/chemuza.org\/it\/#\/schema\/logo\/image\/"}}]}},"yoast_meta":{"yoast_wpseo_title":"","yoast_wpseo_metadesc":"","yoast_wpseo_canonical":""},"_links":{"self":[{"href":"https:\/\/chemuza.org\/it\/wp-json\/wp\/v2\/pages\/1541"}],"collection":[{"href":"https:\/\/chemuza.org\/it\/wp-json\/wp\/v2\/pages"}],"about":[{"href":"https:\/\/chemuza.org\/it\/wp-json\/wp\/v2\/types\/page"}],"author":[{"embeddable":true,"href":"https:\/\/chemuza.org\/it\/wp-json\/wp\/v2\/users\/1"}],"replies":[{"embeddable":true,"href":"https:\/\/chemuza.org\/it\/wp-json\/wp\/v2\/comments?post=1541"}],"version-history":[{"count":0,"href":"https:\/\/chemuza.org\/it\/wp-json\/wp\/v2\/pages\/1541\/revisions"}],"wp:attachment":[{"href":"https:\/\/chemuza.org\/it\/wp-json\/wp\/v2\/media?parent=1541"}],"curies":[{"name":"wp","href":"https:\/\/api.w.org\/{rel}","templated":true}]}}