{"id":1540,"date":"2023-07-13T08:49:46","date_gmt":"2023-07-13T08:49:46","guid":{"rendered":"https:\/\/chemuza.org\/it\/teso\/"},"modified":"2023-07-13T08:49:46","modified_gmt":"2023-07-13T08:49:46","slug":"teso","status":"publish","type":"page","link":"https:\/\/chemuza.org\/it\/teso\/","title":{"rendered":"Teneso"},"content":{"rendered":"<p>Sapevi che questo elemento precedentemente veniva chiamato <em>Efelio<\/em> con il simbolo chimico <em>Ef<\/em> ? Inoltre, \u00e8 stato riconosciuto dalle autorit\u00e0 dell&#8217;Unione Internazionale di Chimica Pura e Applicata IUPAC come <em>Ununseptium<\/em> . Infatti, la sua recente scoperta nel 21\u00b0 secolo lo rende un metallo poco conosciuto in termini di applicazioni. In ogni caso vi lasciamo i dati pi\u00f9 rilevanti su Teneso come caratteristiche, propriet\u00e0 e provenienza.<\/p>\n<h2> <strong>Cos&#8217;\u00e8 Teneso?<\/strong><\/h2>\n<p> Questo \u00e8 l&#8217;elemento sintetico 117, parte della serie alogenata, superpesante, radioattiva, transattinidica, chimica metallica e penultimo del periodo 7 della tavola periodica. Inoltre, ha una vita media di pochi millisecondi, un colore scuro e un aspetto solido.<\/p>\n<h3> <strong>Simbolo di Teneso<\/strong><\/h3>\n<p> <span class=\"content-chemical-element\" style=\"float: left; width: 65px; height: 65px; border: 3px solid #666; display: flex; justify-content: center; align-items: center; margin-right: 15px;\"><span style=\"font-size: 38px;\">Ts<\/span><\/span> Le iniziali dell&#8217;elemento chimico Teneso sono un&#8217;abbreviazione del suo nome, che onora lo stato del Tennessee negli Stati Uniti. I suoi scopritori hanno proposto questa simbologia perch\u00e9 \u00e8 l\u00ec che si trova l&#8217;Oak Ridge National Laboratory, il luogo che ha dato origine al metallo contrassegnato dal numero 117.<\/p>\n<h2> <strong>Caratteristiche del Teneso<\/strong><\/h2>\n<p> Fondamentalmente, le propriet\u00e0 e le caratteristiche del Teneso sono previsioni degli scienziati, che seguono l&#8217;andamento periodico per conoscere questi dati. D&#8217;altra parte, i suoi isotopi finora sintetizzati sono <sup>293<\/sup> T e <sup>294<\/sup> T. Inoltre, sono stati creati pochi atomi dell&#8217;elemento. Scopri di seguito le sue principali qualit\u00e0:<\/p>\n<ul>\n<li> <strong>Condizione<\/strong> : secondo gli scienziati, \u00e8 solido.<\/li>\n<li> <strong>Aspetto<\/strong> : il suo aspetto e la sua tonalit\u00e0 sono sconosciuti, anche se si ritiene che abbia un colore scuro.<\/li>\n<li> <strong>Radioattivit\u00e0<\/strong> : \u00e8 un elemento radioattivo.<\/li>\n<li> <strong>Stabilit\u00e0 nucleare<\/strong> : questo elemento ha isotopi stabili, sebbene gli elementi con numeri atomici pi\u00f9 alti non abbiano stabilit\u00e0.<\/li>\n<li> <strong>Peso<\/strong> : \u00c8 il secondo elemento superpesante creato artificialmente, poich\u00e9 \u00e8 il 40% pi\u00f9 pesante del piombo.<\/li>\n<li> <strong>Propriet\u00e0 metalliche<\/strong> : gli scienziati prevedono che abbia caratteristiche semi-metalliche.<\/li>\n<li> <strong>Emivita<\/strong> : il tempo necessario per decadere \u00e8 di pochi millisecondi, come l&#8217;isotopo <sup>294<\/sup> Ts il cui tempo di dimezzamento \u00e8 di 78 millisecondi.<\/li>\n<li> <strong>Isotopi<\/strong> : gli isotopi conosciuti includono <sup>291<\/sup> T, <sup>292<\/sup> T, <sup>293<\/sup> T e <sup>294<\/sup> T, quest&#8217;ultimo \u00e8 il pi\u00f9 stabile.<\/li>\n<\/ul>\n<h2> <strong>Propriet\u00e0 chimiche e fisiche del Teneso<\/strong><\/h2>\n<ol>\n<li> <strong>Numero atomico<\/strong> : 117<\/li>\n<li> <strong>Ruggine<\/strong> : sconosciuta<\/li>\n<li> <strong>Densit\u00e0 (g\/ml)<\/strong> : Nessun dato<\/li>\n<li> <strong>Raggio covalente (\u00c5)<\/strong> : 165 pm<\/li>\n<li> <strong>Volume atomico<\/strong> : nessun dato<\/li>\n<li> <strong>Raggio atomico (\u00c5)<\/strong> : Nessun dato<\/li>\n<li> <strong>Calore specifico<\/strong> : Nessun dato<\/li>\n<li> <strong>Massa atomica (g\/mol)<\/strong> : 294 u<\/li>\n<li> <strong>Velocit\u00e0 del suono<\/strong> : nessun dato<\/li>\n<li> <strong>Elettronegativit\u00e0<\/strong> : nessun dato<\/li>\n<li> <strong>Entalpia di fusione<\/strong> : Nessun dato<\/li>\n<li> <strong>Configurazione elettronica<\/strong> : [Rn] 5f <sup>14<\/sup> 6d <sup>10<\/sup> 7s <sup>2<\/sup> 7p <sup>5<\/sup><\/li>\n<li> <strong>Energia di prima ionizzazione (eV)<\/strong> : 742,9 kJ\/mol<\/li>\n<li> <strong>Livello degli elettroni<\/strong> : 2, 8, 18, 32, 32, 18 e 7<\/li>\n<li> <strong>Stati di ossidazione<\/strong> : \u22121, +1, +3, +5<\/li>\n<li> <strong>Punto di fusione<\/strong> : 300 \u2013 500 \u00b0C (573 \u2013 773 K)<\/li>\n<li> <strong>Punto di ebollizione<\/strong> : 550\u00b0C (823K)<\/li>\n<\/ol>\n<h2> <strong>Origine di<\/strong> <strong>Teneso<\/strong><\/h2>\n<p> La scoperta di Teneso \u00e8 alquanto controversa perch\u00e9 \u00e8 stata il risultato della collaborazione di due gruppi scientifici, quello americano e quello russo. All&#8217;inizio del 2010, il Joint Institute for Nuclear Research di Dubna, in Russia, e l&#8217;Oak Ridge National Laboratory nel Tennessee, negli Stati Uniti, hanno rilasciato una dichiarazione in cui annunciavano al pubblico la scoperta. Teneso si ottiene invece per fusione nucleare dell&#8217;isotopo <sup>249<\/sup> Bk con <sup>48<\/sup> ioni Ca.<\/p>\n<h2> <strong>A cosa serve Teneso?<\/strong><\/h2>\n<p> Considerando la sua recente scoperta, \u00e8 presto per conoscerne le applicazioni, motivo per cui non viene utilizzato nell&#8217;industria commerciale, medica, metallurgica o chimica. Anche perch\u00e9 la sua produzione \u00e8 difficile e rara. Tuttavia, gli usi di Teneso sono limitati a scopi di ricerca scientifica.<\/p>\n<h2> <strong>Denominazione di Teneso<\/strong><\/h2>\n<p> Secondo la nomenclatura di Mendeleev, utilizzata per gli elementi da scoprire, questo elemento doveva essere riconosciuto come <em>eka-astina<\/em> o <em>dvi-iodio<\/em> . Tuttavia, la IUPAC pubblic\u00f2 una serie di suggerimenti nel 1979, dove il risultato della sua terminologia era <em>Ununseptio<\/em> e il simbolo <em>Uus<\/em> .<\/p>\n<p> Questo era un modo temporaneo di riferirsi all&#8217;elemento finch\u00e9 non gli venne assegnato un nome permanente. Inoltre, la <em>denominazione sistematica degli elementi<\/em> ha creato questa combinazione che letteralmente significa uno, uno, sette in lingua latina. Tuttavia, queste raccomandazioni furono ignorate dagli scienziati, che le etichettarono come 117.<\/p>\n<p> D&#8217;altra parte, le autorit\u00e0 IUPAC hanno concesso ai suoi scopritori il diritto di chiamarlo <em>Tennessine<\/em> in omaggio a ORNL, tradotto come <em>Tenesino<\/em> o <em>T\u00e9neso<\/em> . Successivamente, la IUPAC ha accettato il nome, la cui traduzione \u00e8 <em>Teneso<\/em> grazie a RAC, RSEQ, Fund\u00e9u e RAE.<\/p>\n<h2> <strong>Quali sono gli effetti sulla salute di Teneso?<\/strong><\/h2>\n<p> Attualmente non sono stati osservati effetti avversi sulla salute derivanti dal Teneso. Tuttavia, \u00e8 un alogeno radioattivo e devono essere adottate tutte le misure di sicurezza necessarie quando lo si utilizza nei test di laboratorio.<\/p>\n<h2> <strong>Effetti di Teneso sull&#8217;ambiente<\/strong><\/h2>\n<p> Attualmente non sono stati osservati effetti dannosi sull&#8217;ambiente, a causa della bassa produzione del metallo 117. Tuttavia \u00e8 sufficientemente reattivo per non essere esposto alla natura.<\/p>\n<p> In conclusione, il Teneso \u00e8 un elemento chimico artificiale, alogeno, radioattivo, metallico, superpesante, solido, di colore scuro. Inoltre, ha una durata media di pochi millisecondi, isotopi stabili e instabili. D\u2019altro canto non ha applicazioni riconosciute perch\u00e9 la sua scoperta \u00e8 nuova.<\/p>\n","protected":false},"excerpt":{"rendered":"<p>Sapevi che questo elemento precedentemente veniva chiamato Efelio con il simbolo chimico Ef ? Inoltre, \u00e8 stato riconosciuto dalle autorit\u00e0 dell&#8217;Unione Internazionale di Chimica Pura e Applicata IUPAC come Ununseptium . Infatti, la sua recente scoperta nel 21\u00b0 secolo lo rende un metallo poco conosciuto in termini di applicazioni. In ogni caso vi lasciamo i &#8230; <a title=\"Teneso\" class=\"read-more\" href=\"https:\/\/chemuza.org\/it\/teso\/\" aria-label=\"More on Teneso\">Per saperne di pi\u00f9<\/a><\/p>\n","protected":false},"author":1,"featured_media":0,"parent":0,"menu_order":0,"comment_status":"closed","ping_status":"closed","template":"","meta":{"footnotes":""},"yoast_head":"<!-- This site is optimized with the Yoast SEO plugin v21.4 - https:\/\/yoast.com\/wordpress\/plugins\/seo\/ -->\n<title>Teneso - Chemuza<\/title>\n<meta name=\"robots\" content=\"index, follow, max-snippet:-1, max-image-preview:large, max-video-preview:-1\" \/>\n<link rel=\"canonical\" href=\"https:\/\/chemuza.org\/it\/teso\/\" \/>\n<meta property=\"og:locale\" content=\"it_IT\" \/>\n<meta property=\"og:type\" content=\"article\" \/>\n<meta property=\"og:title\" content=\"Teneso - Chemuza\" \/>\n<meta property=\"og:description\" content=\"Sapevi che questo elemento precedentemente veniva chiamato Efelio con il simbolo chimico Ef ? Inoltre, \u00e8 stato riconosciuto dalle autorit\u00e0 dell&#8217;Unione Internazionale di Chimica Pura e Applicata IUPAC come Ununseptium . Infatti, la sua recente scoperta nel 21\u00b0 secolo lo rende un metallo poco conosciuto in termini di applicazioni. In ogni caso vi lasciamo i ... Per saperne di pi\u00f9\" \/>\n<meta property=\"og:url\" content=\"https:\/\/chemuza.org\/it\/teso\/\" \/>\n<meta property=\"og:site_name\" content=\"Chemuza\" \/>\n<meta name=\"twitter:card\" content=\"summary_large_image\" \/>\n<meta name=\"twitter:label1\" content=\"Tempo di lettura stimato\" \/>\n\t<meta name=\"twitter:data1\" content=\"4 minuti\" \/>\n<script type=\"application\/ld+json\" class=\"yoast-schema-graph\">{\"@context\":\"https:\/\/schema.org\",\"@graph\":[{\"@type\":\"WebPage\",\"@id\":\"https:\/\/chemuza.org\/it\/teso\/\",\"url\":\"https:\/\/chemuza.org\/it\/teso\/\",\"name\":\"Teneso - Chemuza\",\"isPartOf\":{\"@id\":\"https:\/\/chemuza.org\/it\/#website\"},\"datePublished\":\"2023-07-13T08:49:46+00:00\",\"dateModified\":\"2023-07-13T08:49:46+00:00\",\"breadcrumb\":{\"@id\":\"https:\/\/chemuza.org\/it\/teso\/#breadcrumb\"},\"inLanguage\":\"it-IT\",\"potentialAction\":[{\"@type\":\"ReadAction\",\"target\":[\"https:\/\/chemuza.org\/it\/teso\/\"]}]},{\"@type\":\"BreadcrumbList\",\"@id\":\"https:\/\/chemuza.org\/it\/teso\/#breadcrumb\",\"itemListElement\":[{\"@type\":\"ListItem\",\"position\":1,\"name\":\"Casa\",\"item\":\"https:\/\/chemuza.org\/it\/\"},{\"@type\":\"ListItem\",\"position\":2,\"name\":\"Teneso\"}]},{\"@type\":\"WebSite\",\"@id\":\"https:\/\/chemuza.org\/it\/#website\",\"url\":\"https:\/\/chemuza.org\/it\/\",\"name\":\"Chemuza\",\"description\":\"La tua porta d&#039;accesso alla scoperta chimica!\",\"publisher\":{\"@id\":\"https:\/\/chemuza.org\/it\/#organization\"},\"potentialAction\":[{\"@type\":\"SearchAction\",\"target\":{\"@type\":\"EntryPoint\",\"urlTemplate\":\"https:\/\/chemuza.org\/it\/?s={search_term_string}\"},\"query-input\":\"required name=search_term_string\"}],\"inLanguage\":\"it-IT\"},{\"@type\":\"Organization\",\"@id\":\"https:\/\/chemuza.org\/it\/#organization\",\"name\":\"Chemuza\",\"url\":\"https:\/\/chemuza.org\/it\/\",\"logo\":{\"@type\":\"ImageObject\",\"inLanguage\":\"it-IT\",\"@id\":\"https:\/\/chemuza.org\/it\/#\/schema\/logo\/image\/\",\"url\":\"https:\/\/chemuza.org\/it\/wp-content\/uploads\/2023\/10\/chemuza-logo.png\",\"contentUrl\":\"https:\/\/chemuza.org\/it\/wp-content\/uploads\/2023\/10\/chemuza-logo.png\",\"width\":387,\"height\":70,\"caption\":\"Chemuza\"},\"image\":{\"@id\":\"https:\/\/chemuza.org\/it\/#\/schema\/logo\/image\/\"}}]}<\/script>\n<!-- \/ Yoast SEO plugin. -->","yoast_head_json":{"title":"Teneso - Chemuza","robots":{"index":"index","follow":"follow","max-snippet":"max-snippet:-1","max-image-preview":"max-image-preview:large","max-video-preview":"max-video-preview:-1"},"canonical":"https:\/\/chemuza.org\/it\/teso\/","og_locale":"it_IT","og_type":"article","og_title":"Teneso - Chemuza","og_description":"Sapevi che questo elemento precedentemente veniva chiamato Efelio con il simbolo chimico Ef ? Inoltre, \u00e8 stato riconosciuto dalle autorit\u00e0 dell&#8217;Unione Internazionale di Chimica Pura e Applicata IUPAC come Ununseptium . Infatti, la sua recente scoperta nel 21\u00b0 secolo lo rende un metallo poco conosciuto in termini di applicazioni. In ogni caso vi lasciamo i ... Per saperne di pi\u00f9","og_url":"https:\/\/chemuza.org\/it\/teso\/","og_site_name":"Chemuza","twitter_card":"summary_large_image","twitter_misc":{"Tempo di lettura stimato":"4 minuti"},"schema":{"@context":"https:\/\/schema.org","@graph":[{"@type":"WebPage","@id":"https:\/\/chemuza.org\/it\/teso\/","url":"https:\/\/chemuza.org\/it\/teso\/","name":"Teneso - Chemuza","isPartOf":{"@id":"https:\/\/chemuza.org\/it\/#website"},"datePublished":"2023-07-13T08:49:46+00:00","dateModified":"2023-07-13T08:49:46+00:00","breadcrumb":{"@id":"https:\/\/chemuza.org\/it\/teso\/#breadcrumb"},"inLanguage":"it-IT","potentialAction":[{"@type":"ReadAction","target":["https:\/\/chemuza.org\/it\/teso\/"]}]},{"@type":"BreadcrumbList","@id":"https:\/\/chemuza.org\/it\/teso\/#breadcrumb","itemListElement":[{"@type":"ListItem","position":1,"name":"Casa","item":"https:\/\/chemuza.org\/it\/"},{"@type":"ListItem","position":2,"name":"Teneso"}]},{"@type":"WebSite","@id":"https:\/\/chemuza.org\/it\/#website","url":"https:\/\/chemuza.org\/it\/","name":"Chemuza","description":"La tua porta d&#039;accesso alla scoperta chimica!","publisher":{"@id":"https:\/\/chemuza.org\/it\/#organization"},"potentialAction":[{"@type":"SearchAction","target":{"@type":"EntryPoint","urlTemplate":"https:\/\/chemuza.org\/it\/?s={search_term_string}"},"query-input":"required name=search_term_string"}],"inLanguage":"it-IT"},{"@type":"Organization","@id":"https:\/\/chemuza.org\/it\/#organization","name":"Chemuza","url":"https:\/\/chemuza.org\/it\/","logo":{"@type":"ImageObject","inLanguage":"it-IT","@id":"https:\/\/chemuza.org\/it\/#\/schema\/logo\/image\/","url":"https:\/\/chemuza.org\/it\/wp-content\/uploads\/2023\/10\/chemuza-logo.png","contentUrl":"https:\/\/chemuza.org\/it\/wp-content\/uploads\/2023\/10\/chemuza-logo.png","width":387,"height":70,"caption":"Chemuza"},"image":{"@id":"https:\/\/chemuza.org\/it\/#\/schema\/logo\/image\/"}}]}},"yoast_meta":{"yoast_wpseo_title":"","yoast_wpseo_metadesc":"","yoast_wpseo_canonical":""},"_links":{"self":[{"href":"https:\/\/chemuza.org\/it\/wp-json\/wp\/v2\/pages\/1540"}],"collection":[{"href":"https:\/\/chemuza.org\/it\/wp-json\/wp\/v2\/pages"}],"about":[{"href":"https:\/\/chemuza.org\/it\/wp-json\/wp\/v2\/types\/page"}],"author":[{"embeddable":true,"href":"https:\/\/chemuza.org\/it\/wp-json\/wp\/v2\/users\/1"}],"replies":[{"embeddable":true,"href":"https:\/\/chemuza.org\/it\/wp-json\/wp\/v2\/comments?post=1540"}],"version-history":[{"count":0,"href":"https:\/\/chemuza.org\/it\/wp-json\/wp\/v2\/pages\/1540\/revisions"}],"wp:attachment":[{"href":"https:\/\/chemuza.org\/it\/wp-json\/wp\/v2\/media?parent=1540"}],"curies":[{"name":"wp","href":"https:\/\/api.w.org\/{rel}","templated":true}]}}