{"id":1539,"date":"2023-07-13T09:15:14","date_gmt":"2023-07-13T09:15:14","guid":{"rendered":"https:\/\/chemuza.org\/it\/roentgenius\/"},"modified":"2023-07-13T09:15:14","modified_gmt":"2023-07-13T09:15:14","slug":"roentgenius","status":"publish","type":"page","link":"https:\/\/chemuza.org\/it\/roentgenius\/","title":{"rendered":"Roentgenio"},"content":{"rendered":"<p>\u00c8 un altro dei cosiddetti metalli che non esistono in natura, perch\u00e9 creato artificialmente nei laboratori scientifici. Inoltre, si ottengono solo pochi atomi dell&#8217;elemento. Allo stesso tempo, la sua emivita \u00e8 molto breve. In questo articolo scopri le caratteristiche, gli usi e le propriet\u00e0 del Roentgenium.<\/p>\n<h2> <strong>Cos&#8217;\u00e8 il Roentgenio?<\/strong><\/h2>\n<p> L&#8217;elemento Roentgenio fa parte della serie chimica dei metalli di transizione, che si trova nella zona centrale della tavola periodica, nello specifico gruppo 11, periodo 7 e blocco d. Pertanto, dovrebbe avere caratteristiche simili ad altri elementi metallici di transizione. Ad esempio, \u00e8 probabile che abbia un&#8217;elevata durezza e una buona conduzione elettrica e termica. Inoltre, si prevede che i suoi punti di fusione e di ebollizione siano elevati. Inoltre, sebbene non sia noto, si presume che nel suo stato ordinario sia solido.<\/p>\n<h3> <strong>Simbolo del Roentgenio<\/strong><\/h3>\n<p> <span class=\"content-chemical-element\" style=\"float: left;width: 65px;height: 65px;border: 3px solid #666; display:flex;\n    justify-content: center;align-items: center;margin-right: 15px;\"><span style=\"font-size: 38px;\">Rg<\/span><\/span> Il simbolo chimico dell&#8217;elemento Roentgenium \u00e8 un&#8217;abbreviazione del suo nome, dato in omaggio al fisico tedesco Wilhelm Conrad R\u00f6ntgen. Riceve questo onore perch\u00e9 \u00e8 responsabile della scoperta delle lunghezze d&#8217;onda della radiazione elettromagnetica, cio\u00e8 ha scoperto i raggi X. Per un certo periodo fu conosciuto come Unununio, la cui simbologia era Uuu, secondo la <em>designazione sistematica degli elementi<\/em> .<\/p>\n<h2> <strong>Caratteristiche del Roentgenio<\/strong><\/h2>\n<p> Si stima che l&#8217; <em>orbitale d<\/em> nella sua configurazione elettronica sia parzialmente riempito di elettroni, cos\u00ec come il resto dei metalli di transizione. D&#8217;altra parte, i suoi radioisotopi sono creati da reazioni nucleari, sebbene nessuno sia sintetizzato direttamente. Inoltre, la sua massa atomica \u00e8 di 282 amu. Altre caratteristiche sono:<\/p>\n<ul>\n<li> <strong>Stato<\/strong> : sconosciuto, ma gli scienziati ritengono che sia in uno stato solido ordinario.<\/li>\n<li> <strong>Aspetto<\/strong> : Presumibilmente argento, bianco o grigio.<\/li>\n<li> <strong>Radioattivit\u00e0<\/strong> : Ha un&#8217;elevata radioattivit\u00e0.<\/li>\n<li> <strong>Stabilit\u00e0 nucleare<\/strong> : questo \u00e8 un elemento molto instabile.<\/li>\n<li> <strong>Durezza<\/strong> : Sebbene la sua durezza minerale non sia nota, si ritiene che sia elevata.<\/li>\n<li> <strong>Propriet\u00e0 metalliche<\/strong> : probabilmente \u00e8 metallico.<\/li>\n<li> <strong>Emivita<\/strong> : varia in base all&#8217;isotopo, alcuni ultimi secondi e altri millisecondi, ma nessuno supera i 26 secondi.<\/li>\n<li> <strong>Isotopi<\/strong> : si conoscono solo 7 isotopi dell&#8217;elemento, con masse atomiche comprese tra 272 e 282, di cui <sup>272<\/sup> Rg \u00e8 il pi\u00f9 stabile di tutti.<\/li>\n<\/ul>\n<h2> <strong>Propriet\u00e0 chimiche e fisiche del Roentgenio<\/strong><\/h2>\n<ol>\n<li> <strong>Numero atomico<\/strong> : 111<\/li>\n<li> <strong>Raggio covalente (\u00c5)<\/strong> : 121 pm<\/li>\n<li> <strong>Ruggine<\/strong> : sconosciuta<\/li>\n<li> <strong>Punto di fusione<\/strong> : sconosciuto<\/li>\n<li> <strong>Densit\u00e0 (g\/ml)<\/strong> : Nessun dato <strong>&nbsp;<\/strong><\/li>\n<li> <strong>Entalpia di fusione<\/strong> : Nessun dato<\/li>\n<li> <strong>Elettronegativit\u00e0<\/strong> : nessun dato<\/li>\n<li> <strong>Raggio atomico (\u00c5)<\/strong> : Nessun dato<\/li>\n<li> <strong>Calore specifico<\/strong> : Nessun dato<\/li>\n<li> <strong>Velocit\u00e0 del suono<\/strong> : nessun dato<\/li>\n<li> <strong>Volume atomico<\/strong> : nessun dato<\/li>\n<li> <strong>Massa atomica (g\/mol)<\/strong> : 282 u<\/li>\n<li> <strong>Punto di ebollizione<\/strong> : sconosciuto<\/li>\n<li> <strong>Elettroni per livello<\/strong> : 2, 8, 18, 32, 32, 17, 2<\/li>\n<li> <strong>Configurazione elettronica<\/strong> : [Rn] 5f <sup>14<\/sup> 6d <sup>10<\/sup> 7s <sup>1<\/sup><\/li>\n<li> <strong>Energia di prima ionizzazione (eV)<\/strong> : Nessun dato<\/li>\n<li> <strong>Stati di ossidazione<\/strong> : \u22121, +1, +3, +5<\/li>\n<\/ol>\n<h2> <strong>Origine di Roentgenius<\/strong><\/h2>\n<p> L&#8217;elemento chimico \u00e8 stato scoperto nel 1994 dal centro di ricerca scientifica GSI, ovvero Gesellschaft f\u00fcr Schwerionenforschung, a Darmstadt, in Germania. Questo lavoro \u00e8 stato svolto anche dagli scienziati tedeschi Gottfried M\u00fcnzenberg e Peter Armbruster. Infatti, grazie ad una serie di indagini, con l&#8217;aiuto di un acceleratore lineare GSI, sono riusciti a formare 3 atomi dell&#8217;isotopo <sup>272<\/sup> Rg.<\/p>\n<p> Una volta scoperto, l&#8217;elemento chimico fu utilizzato in numerosi esperimenti indipendenti. Successivamente, il GSI ha annunciato che l&#8217;Unione Internazionale di Chimica Pura e Applicata, cio\u00e8 IUPAC, aveva confermato e approvato il suo ingresso nella tavola periodica con il numero atomico 111.<\/p>\n<h2> <strong>A cosa serve Roentgenium?<\/strong><\/h2>\n<p> Oggi, le applicazioni commerciali, domestiche, mediche, chimiche o metallurgiche del Roentgenium non sono note perch\u00e9 in genere vengono prodotti solo pochi atomi dell&#8217;elemento. Tuttavia \u00e8 utile per studi e ricerche scientifiche.<\/p>\n<h2> <strong>Ottenere il Roentgenio<\/strong><\/h2>\n<p> Secondo le informazioni sull&#8217;elemento Roentgenio, si ottiene mediante fusione nucleare, che avviene bombardando ioni di nichel in un foglio di bismuto. Il risultato \u00e8 la sua disintegrazione in frazioni di secondo, pi\u00f9 precisamente 15 millisecondi, e pu\u00f2 essere individuato solo attraverso meticolosi metodi di analisi.<\/p>\n<h2> <strong>Il Roentgenium ha effetti nocivi sulla salute?<\/strong><\/h2>\n<p> Questo elemento \u00e8 cos\u00ec instabile che qualsiasi importo creato si scomponer\u00e0 in altri elementi troppo rapidamente. Non vi \u00e8 quindi alcuna ragione convincente per indagare sui possibili effetti avversi sugli esseri umani. Tuttavia, ha un\u2019elevata radioattivit\u00e0 e deve quindi essere maneggiato in sicurezza all\u2019interno dei centri scientifici.<\/p>\n<p> In breve, l&#8217;elemento Roentgenio \u00e8 uno dei metalli di transizione, motivo per cui gli scienziati ritengono che abbiano caratteristiche simili a questo gruppo chimico. Ad esempio, buona conduttivit\u00e0 termica ed elettrica, elevata durezza e punti di ebollizione e fusione elevati. Non ha alcun uso commerciale poich\u00e9 le sue applicazioni sono destinate alla ricerca scientifica.<\/p>\n","protected":false},"excerpt":{"rendered":"<p>\u00c8 un altro dei cosiddetti metalli che non esistono in natura, perch\u00e9 creato artificialmente nei laboratori scientifici. Inoltre, si ottengono solo pochi atomi dell&#8217;elemento. Allo stesso tempo, la sua emivita \u00e8 molto breve. In questo articolo scopri le caratteristiche, gli usi e le propriet\u00e0 del Roentgenium. Cos&#8217;\u00e8 il Roentgenio? L&#8217;elemento Roentgenio fa parte della serie &#8230; <a title=\"Roentgenio\" class=\"read-more\" href=\"https:\/\/chemuza.org\/it\/roentgenius\/\" aria-label=\"More on Roentgenio\">Per saperne di pi\u00f9<\/a><\/p>\n","protected":false},"author":1,"featured_media":0,"parent":0,"menu_order":0,"comment_status":"closed","ping_status":"closed","template":"","meta":{"footnotes":""},"yoast_head":"<!-- This site is optimized with the Yoast SEO plugin v21.4 - https:\/\/yoast.com\/wordpress\/plugins\/seo\/ -->\n<title>Roentgenio - Chemuza<\/title>\n<meta name=\"robots\" content=\"index, follow, max-snippet:-1, max-image-preview:large, max-video-preview:-1\" \/>\n<link rel=\"canonical\" href=\"https:\/\/chemuza.org\/it\/roentgenius\/\" \/>\n<meta property=\"og:locale\" content=\"it_IT\" \/>\n<meta property=\"og:type\" content=\"article\" \/>\n<meta property=\"og:title\" content=\"Roentgenio - Chemuza\" \/>\n<meta property=\"og:description\" content=\"\u00c8 un altro dei cosiddetti metalli che non esistono in natura, perch\u00e9 creato artificialmente nei laboratori scientifici. Inoltre, si ottengono solo pochi atomi dell&#8217;elemento. Allo stesso tempo, la sua emivita \u00e8 molto breve. In questo articolo scopri le caratteristiche, gli usi e le propriet\u00e0 del Roentgenium. Cos&#8217;\u00e8 il Roentgenio? L&#8217;elemento Roentgenio fa parte della serie ... Per saperne di pi\u00f9\" \/>\n<meta property=\"og:url\" content=\"https:\/\/chemuza.org\/it\/roentgenius\/\" \/>\n<meta property=\"og:site_name\" content=\"Chemuza\" \/>\n<meta name=\"twitter:card\" content=\"summary_large_image\" \/>\n<meta name=\"twitter:label1\" content=\"Tempo di lettura stimato\" \/>\n\t<meta name=\"twitter:data1\" content=\"3 minuti\" \/>\n<script type=\"application\/ld+json\" class=\"yoast-schema-graph\">{\"@context\":\"https:\/\/schema.org\",\"@graph\":[{\"@type\":\"WebPage\",\"@id\":\"https:\/\/chemuza.org\/it\/roentgenius\/\",\"url\":\"https:\/\/chemuza.org\/it\/roentgenius\/\",\"name\":\"Roentgenio - Chemuza\",\"isPartOf\":{\"@id\":\"https:\/\/chemuza.org\/it\/#website\"},\"datePublished\":\"2023-07-13T09:15:14+00:00\",\"dateModified\":\"2023-07-13T09:15:14+00:00\",\"breadcrumb\":{\"@id\":\"https:\/\/chemuza.org\/it\/roentgenius\/#breadcrumb\"},\"inLanguage\":\"it-IT\",\"potentialAction\":[{\"@type\":\"ReadAction\",\"target\":[\"https:\/\/chemuza.org\/it\/roentgenius\/\"]}]},{\"@type\":\"BreadcrumbList\",\"@id\":\"https:\/\/chemuza.org\/it\/roentgenius\/#breadcrumb\",\"itemListElement\":[{\"@type\":\"ListItem\",\"position\":1,\"name\":\"Casa\",\"item\":\"https:\/\/chemuza.org\/it\/\"},{\"@type\":\"ListItem\",\"position\":2,\"name\":\"Roentgenio\"}]},{\"@type\":\"WebSite\",\"@id\":\"https:\/\/chemuza.org\/it\/#website\",\"url\":\"https:\/\/chemuza.org\/it\/\",\"name\":\"Chemuza\",\"description\":\"La tua porta d&#039;accesso alla scoperta chimica!\",\"publisher\":{\"@id\":\"https:\/\/chemuza.org\/it\/#organization\"},\"potentialAction\":[{\"@type\":\"SearchAction\",\"target\":{\"@type\":\"EntryPoint\",\"urlTemplate\":\"https:\/\/chemuza.org\/it\/?s={search_term_string}\"},\"query-input\":\"required name=search_term_string\"}],\"inLanguage\":\"it-IT\"},{\"@type\":\"Organization\",\"@id\":\"https:\/\/chemuza.org\/it\/#organization\",\"name\":\"Chemuza\",\"url\":\"https:\/\/chemuza.org\/it\/\",\"logo\":{\"@type\":\"ImageObject\",\"inLanguage\":\"it-IT\",\"@id\":\"https:\/\/chemuza.org\/it\/#\/schema\/logo\/image\/\",\"url\":\"https:\/\/chemuza.org\/it\/wp-content\/uploads\/2023\/10\/chemuza-logo.png\",\"contentUrl\":\"https:\/\/chemuza.org\/it\/wp-content\/uploads\/2023\/10\/chemuza-logo.png\",\"width\":387,\"height\":70,\"caption\":\"Chemuza\"},\"image\":{\"@id\":\"https:\/\/chemuza.org\/it\/#\/schema\/logo\/image\/\"}}]}<\/script>\n<!-- \/ Yoast SEO plugin. -->","yoast_head_json":{"title":"Roentgenio - Chemuza","robots":{"index":"index","follow":"follow","max-snippet":"max-snippet:-1","max-image-preview":"max-image-preview:large","max-video-preview":"max-video-preview:-1"},"canonical":"https:\/\/chemuza.org\/it\/roentgenius\/","og_locale":"it_IT","og_type":"article","og_title":"Roentgenio - Chemuza","og_description":"\u00c8 un altro dei cosiddetti metalli che non esistono in natura, perch\u00e9 creato artificialmente nei laboratori scientifici. Inoltre, si ottengono solo pochi atomi dell&#8217;elemento. Allo stesso tempo, la sua emivita \u00e8 molto breve. In questo articolo scopri le caratteristiche, gli usi e le propriet\u00e0 del Roentgenium. Cos&#8217;\u00e8 il Roentgenio? L&#8217;elemento Roentgenio fa parte della serie ... Per saperne di pi\u00f9","og_url":"https:\/\/chemuza.org\/it\/roentgenius\/","og_site_name":"Chemuza","twitter_card":"summary_large_image","twitter_misc":{"Tempo di lettura stimato":"3 minuti"},"schema":{"@context":"https:\/\/schema.org","@graph":[{"@type":"WebPage","@id":"https:\/\/chemuza.org\/it\/roentgenius\/","url":"https:\/\/chemuza.org\/it\/roentgenius\/","name":"Roentgenio - Chemuza","isPartOf":{"@id":"https:\/\/chemuza.org\/it\/#website"},"datePublished":"2023-07-13T09:15:14+00:00","dateModified":"2023-07-13T09:15:14+00:00","breadcrumb":{"@id":"https:\/\/chemuza.org\/it\/roentgenius\/#breadcrumb"},"inLanguage":"it-IT","potentialAction":[{"@type":"ReadAction","target":["https:\/\/chemuza.org\/it\/roentgenius\/"]}]},{"@type":"BreadcrumbList","@id":"https:\/\/chemuza.org\/it\/roentgenius\/#breadcrumb","itemListElement":[{"@type":"ListItem","position":1,"name":"Casa","item":"https:\/\/chemuza.org\/it\/"},{"@type":"ListItem","position":2,"name":"Roentgenio"}]},{"@type":"WebSite","@id":"https:\/\/chemuza.org\/it\/#website","url":"https:\/\/chemuza.org\/it\/","name":"Chemuza","description":"La tua porta d&#039;accesso alla scoperta chimica!","publisher":{"@id":"https:\/\/chemuza.org\/it\/#organization"},"potentialAction":[{"@type":"SearchAction","target":{"@type":"EntryPoint","urlTemplate":"https:\/\/chemuza.org\/it\/?s={search_term_string}"},"query-input":"required name=search_term_string"}],"inLanguage":"it-IT"},{"@type":"Organization","@id":"https:\/\/chemuza.org\/it\/#organization","name":"Chemuza","url":"https:\/\/chemuza.org\/it\/","logo":{"@type":"ImageObject","inLanguage":"it-IT","@id":"https:\/\/chemuza.org\/it\/#\/schema\/logo\/image\/","url":"https:\/\/chemuza.org\/it\/wp-content\/uploads\/2023\/10\/chemuza-logo.png","contentUrl":"https:\/\/chemuza.org\/it\/wp-content\/uploads\/2023\/10\/chemuza-logo.png","width":387,"height":70,"caption":"Chemuza"},"image":{"@id":"https:\/\/chemuza.org\/it\/#\/schema\/logo\/image\/"}}]}},"yoast_meta":{"yoast_wpseo_title":"","yoast_wpseo_metadesc":"","yoast_wpseo_canonical":""},"_links":{"self":[{"href":"https:\/\/chemuza.org\/it\/wp-json\/wp\/v2\/pages\/1539"}],"collection":[{"href":"https:\/\/chemuza.org\/it\/wp-json\/wp\/v2\/pages"}],"about":[{"href":"https:\/\/chemuza.org\/it\/wp-json\/wp\/v2\/types\/page"}],"author":[{"embeddable":true,"href":"https:\/\/chemuza.org\/it\/wp-json\/wp\/v2\/users\/1"}],"replies":[{"embeddable":true,"href":"https:\/\/chemuza.org\/it\/wp-json\/wp\/v2\/comments?post=1539"}],"version-history":[{"count":0,"href":"https:\/\/chemuza.org\/it\/wp-json\/wp\/v2\/pages\/1539\/revisions"}],"wp:attachment":[{"href":"https:\/\/chemuza.org\/it\/wp-json\/wp\/v2\/media?parent=1539"}],"curies":[{"name":"wp","href":"https:\/\/api.w.org\/{rel}","templated":true}]}}