{"id":1538,"date":"2023-07-13T10:04:29","date_gmt":"2023-07-13T10:04:29","guid":{"rendered":"https:\/\/chemuza.org\/it\/oganeson\/"},"modified":"2023-07-13T10:04:29","modified_gmt":"2023-07-13T10:04:29","slug":"oganeson","status":"publish","type":"page","link":"https:\/\/chemuza.org\/it\/oganeson\/","title":{"rendered":"Oganeson"},"content":{"rendered":"<p>Attualmente \u00e8 l&#8217;ultimo elemento chimico della tavola periodica, l&#8217;unico del gruppo 18 ad essersi formato artificialmente e, inoltre, ha la massa e il numero atomico pi\u00f9 alti di tutti. Scopri subito quali sono le propriet\u00e0 dell&#8217;Oganeson, chi \u00e8 stato il suo scopritore e a cosa serve.<\/p>\n<h2> <strong>Cos&#8217;\u00e8 Oganeson?<\/strong><\/h2>\n<p> \u00c8 un elemento chimico, sintetico, transuranico, transattinide, molto radioattivo, super pesante e instabile. Inoltre, ha un&#8217;emivita estremamente breve, valenza zero e una certa reattivit\u00e0 in condizioni normali. Inoltre probabilmente non \u00e8 un gas, anche se fa parte della serie chimica dei gas nobili.<\/p>\n<h3> <strong>Simbolo dell&#8217;Oganeson<\/strong><\/h3>\n<p> <span class=\"content-chemical-element\" style=\"float: left;width: 65px;height: 65px;border: 3px solid #666; display:flex;\n    justify-content: center;align-items: center;margin-right: 15px;\"><span style=\"font-size: 38px;\">Og<\/span><\/span> L&#8217;attuale simbolo dell&#8217;elemento Oganeson \u00e8 l&#8217;acronimo del suo nome, dato in omaggio al fisico nucleare russo Yuri Tsolakovich Oganessian. Ha ricevuto questo onore perch\u00e9 ha guidato il gruppo di scienziati del Laboratorio russo di reazioni nucleari. Inizialmente per\u00f2 si chiamava Ununoctio, con la simbologia Uuo, parola latina che significa uno, uno, otto, cio\u00e8 118.<\/p>\n<h2> <strong>Caratteristiche di Oganeson<\/strong><\/h2>\n<p> Secondo le previsioni degli scienziati, Oganeson ha 118 neutroni, elevata elettronegativit\u00e0 e affinit\u00e0 elettronica positiva, a differenza del resto dei gas nobili. Allo stesso modo, ha una bassa energia di ionizzazione e, fino ad oggi, sono stati sintetizzati 3 o 4 atomi di Oganeson. Scopri le altre funzionalit\u00e0 di seguito:<\/p>\n<ul>\n<li> <strong>Reattivit\u00e0 chimica<\/strong> : i calcoli della teoria quantistica prevedono che possa reagire in condizioni normali, a differenza di altri elementi del suo gruppo.<\/li>\n<li> <strong>Stato<\/strong> Sebbene si pensasse che fosse un gas, ora si ritiene che, a pressioni e temperature normali, abbia uno stato solido.<\/li>\n<li> <strong>Aspetto<\/strong> : destinato a presentare una struttura insolita e un aspetto uniforme.<\/li>\n<li> <strong>Radioattivit\u00e0<\/strong> : \u00e8 altamente radioattivo.<\/li>\n<li> <strong>Stabilit\u00e0 nucleare<\/strong> : Presenta forte instabilit\u00e0.<\/li>\n<li> <strong>Peso<\/strong> : questo \u00e8 un oggetto molto pesante.<\/li>\n<li> <strong>Emivita<\/strong> : ha un&#8217;emivita troppo breve, inferiore a un millisecondo.<\/li>\n<li> <strong>Isotopi<\/strong> : Oggi si conosce un solo isotopo, <sup>294<\/sup> Og, il cui tempo di dimezzamento \u00e8 di 0,89 millisecondi, che viene convertito in <sup>290<\/sup> Lv dal decadimento alfa.<\/li>\n<\/ul>\n<h2> <strong>Propriet\u00e0 chimiche e fisiche dell&#8217;Oganeson<\/strong><\/h2>\n<ol>\n<li> <strong>Numero atomico<\/strong> : 118<\/li>\n<li> <strong>Ruggine<\/strong> : sconosciuta<\/li>\n<li> <strong>Stati di ossidazione<\/strong> : 0, +2, +4<\/li>\n<li> <strong>Densit\u00e0 (g\/ml)<\/strong> : 13.650 kg\/m\u00b3<\/li>\n<li> <strong>Raggio covalente (\u00c5)<\/strong> : 230 pm<\/li>\n<li> <strong>Massa atomica (g\/mol)<\/strong> : 294 u <strong>&nbsp;<\/strong><\/li>\n<li> <strong>Calore specifico<\/strong> : Nessun dato<\/li>\n<li> <strong>Configurazione elettronica<\/strong> : [Rn] 5f <sup>14<\/sup> 6d <sup>10<\/sup> 7s <sup>2<\/sup> 7p <sup>6<\/sup><\/li>\n<li> <strong>Velocit\u00e0 del suono<\/strong> : nessun dato<\/li>\n<li> <strong>Elettronegativit\u00e0<\/strong> : nessun dato<\/li>\n<li> <strong>Punto di fusione<\/strong> : Nessun dato<\/li>\n<li> <strong>Entalpia di fusione<\/strong> : 23,5 kJ\/mol<\/li>\n<li> <strong>Livello degli elettroni<\/strong> : 2,8,18,32,32,18 e 8<\/li>\n<li> <strong>Entalpia di vaporizzazione<\/strong> : 19,4 kJ\/mol<\/li>\n<li> <strong>Energia di prima ionizzazione (eV)<\/strong> : 820-1130 kJ\/mol<\/li>\n<li> <strong>Raggio atomico (\u00c5)<\/strong> : 152 pm (raggio di Bohr)<\/li>\n<li> <strong>Punto di ebollizione<\/strong> : da 47 a 107\u00b0C (da 320 a 380 K)<\/li>\n<\/ol>\n<h2> <strong>Origine di Oganeson<\/strong><\/h2>\n<p> C&#8217;\u00e8 qualche controversia su chi abbia scoperto Oganeson. Secondo la storia, il polacco Robert Smola\u0144czuk annunci\u00f2 i suoi calcoli per la produzione di questo elemento alla fine del 1998. La pubblicazione del fisico suggerisce che il piombo deve essere fuso con il cripton in condizioni attentamente controllate.<\/p>\n<p> Nel 1999, un gruppo di scienziati americani del Berkeley National Laboratory ha utilizzato i calcoli di Smola\u0144czuk e ha proclamato la loro scoperta sulle riviste <em>Physical Review Letters<\/em> e Science. Sarebbero stati in grado di separare e identificare 3 atomi di Oganeson. Tuttavia, l\u2019hanno ritirato perch\u00e9 altri laboratori non potevano ripetere l\u2019esperimento.<\/p>\n<p> Nel 2002, il primo gruppo di atomi di questo elemento \u00e8 stato osservato presso l&#8217;Istituto Centrale di Ricerca Nucleare di Dubna, in Russia. Poi, nell&#8217;ottobre 2006, un team del JINR e ricercatori americani hanno rilevato 3 o 4 nuclei di <sup>294<\/sup> Og. Successivamente, nel 2005, ne trovarono altri due quando gli ioni di <sup>48<\/sup> Ca e <sup>249<\/sup> Cf entrarono in collisione.<\/p>\n<h2> <strong>A cosa serve Oganeson?<\/strong><\/h2>\n<p> In realt\u00e0 oggi non si conoscono gli usi dell&#8217;Oganeson, trattandosi di un elemento nuovo. Inoltre, poich\u00e9 \u00e8 radioattivo, non sarebbe utile in ambito commerciale o domestico, sebbene venga utilizzato per la ricerca scientifica.<\/p>\n<h2> <strong>Origine del nome Oganeson<\/strong><\/h2>\n<p> Fino al 1960 si chiamava <em>eka-emanazione<\/em> o <em>eka-radon<\/em> . Un anno dopo, l&#8217;Unione Internazionale di Chimica Pura e Applicata, IUPAC, raccomand\u00f2 la parola <em>Ununoctium<\/em> per questo elemento. Questo nome \u00e8 stato utilizzato, sebbene il suo nome ufficiale sia stato confermato.<\/p>\n<p> Prima del 2002, gli scienziati del Berkeley Lab proposero il nome <em>Ghiorsium<\/em> , con il simbolo Gh, in onore del chimico Albert Ghiorso. Allo stesso modo, nel corso del 2007, il direttore russo del JINR, l&#8217;Istituto Centrale di Ricerca Nucleare, annunci\u00f2 che stava prendendo in considerazione due titoli: <em>Flyorium<\/em> e <em>Moskovium<\/em> .<\/p>\n<p> Il primo nome \u00e8 stato proposto dal fondatore dell&#8217;istituto Georgy Flyorov, mentre il secondo in onore dell&#8217;Oblast di Mosca, dove si trova Dubna, in Russia. Inoltre, il direttore del JINR ha sostenuto che avrebbe dovuto avere un nome russo, perch\u00e9 il suo laboratorio era l\u2019unica struttura in cui veniva sintetizzato. In sintesi, Oganeson \u00e8 attualmente l&#8217;ultimo elemento sintetico nella tavola periodica. \u00c8 un transattinide, radioattivo, superpesante, instabile e il suo tempo di dimezzamento \u00e8 di pochi millisecondi. Inoltre, ad oggi \u00e8 noto un solo isotopo, <sup>294<\/sup> Og. Viene utilizzato solo per la ricerca scientifica.<\/p>\n","protected":false},"excerpt":{"rendered":"<p>Attualmente \u00e8 l&#8217;ultimo elemento chimico della tavola periodica, l&#8217;unico del gruppo 18 ad essersi formato artificialmente e, inoltre, ha la massa e il numero atomico pi\u00f9 alti di tutti. Scopri subito quali sono le propriet\u00e0 dell&#8217;Oganeson, chi \u00e8 stato il suo scopritore e a cosa serve. Cos&#8217;\u00e8 Oganeson? \u00c8 un elemento chimico, sintetico, transuranico, transattinide, &#8230; <a title=\"Oganeson\" class=\"read-more\" href=\"https:\/\/chemuza.org\/it\/oganeson\/\" aria-label=\"More on Oganeson\">Per saperne di pi\u00f9<\/a><\/p>\n","protected":false},"author":1,"featured_media":0,"parent":0,"menu_order":0,"comment_status":"closed","ping_status":"closed","template":"","meta":{"footnotes":""},"yoast_head":"<!-- This site is optimized with the Yoast SEO plugin v21.4 - https:\/\/yoast.com\/wordpress\/plugins\/seo\/ -->\n<title>Oganeson-Chemuza<\/title>\n<meta name=\"robots\" content=\"index, follow, max-snippet:-1, max-image-preview:large, max-video-preview:-1\" \/>\n<link rel=\"canonical\" href=\"https:\/\/chemuza.org\/it\/oganeson\/\" \/>\n<meta property=\"og:locale\" content=\"it_IT\" \/>\n<meta property=\"og:type\" content=\"article\" \/>\n<meta property=\"og:title\" content=\"Oganeson-Chemuza\" \/>\n<meta property=\"og:description\" content=\"Attualmente \u00e8 l&#8217;ultimo elemento chimico della tavola periodica, l&#8217;unico del gruppo 18 ad essersi formato artificialmente e, inoltre, ha la massa e il numero atomico pi\u00f9 alti di tutti. Scopri subito quali sono le propriet\u00e0 dell&#8217;Oganeson, chi \u00e8 stato il suo scopritore e a cosa serve. Cos&#8217;\u00e8 Oganeson? \u00c8 un elemento chimico, sintetico, transuranico, transattinide, ... Per saperne di pi\u00f9\" \/>\n<meta property=\"og:url\" content=\"https:\/\/chemuza.org\/it\/oganeson\/\" \/>\n<meta property=\"og:site_name\" content=\"Chemuza\" \/>\n<meta name=\"twitter:card\" content=\"summary_large_image\" \/>\n<meta name=\"twitter:label1\" content=\"Tempo di lettura stimato\" \/>\n\t<meta name=\"twitter:data1\" content=\"4 minuti\" \/>\n<script type=\"application\/ld+json\" class=\"yoast-schema-graph\">{\"@context\":\"https:\/\/schema.org\",\"@graph\":[{\"@type\":\"WebPage\",\"@id\":\"https:\/\/chemuza.org\/it\/oganeson\/\",\"url\":\"https:\/\/chemuza.org\/it\/oganeson\/\",\"name\":\"Oganeson-Chemuza\",\"isPartOf\":{\"@id\":\"https:\/\/chemuza.org\/it\/#website\"},\"datePublished\":\"2023-07-13T10:04:29+00:00\",\"dateModified\":\"2023-07-13T10:04:29+00:00\",\"breadcrumb\":{\"@id\":\"https:\/\/chemuza.org\/it\/oganeson\/#breadcrumb\"},\"inLanguage\":\"it-IT\",\"potentialAction\":[{\"@type\":\"ReadAction\",\"target\":[\"https:\/\/chemuza.org\/it\/oganeson\/\"]}]},{\"@type\":\"BreadcrumbList\",\"@id\":\"https:\/\/chemuza.org\/it\/oganeson\/#breadcrumb\",\"itemListElement\":[{\"@type\":\"ListItem\",\"position\":1,\"name\":\"Casa\",\"item\":\"https:\/\/chemuza.org\/it\/\"},{\"@type\":\"ListItem\",\"position\":2,\"name\":\"Oganeson\"}]},{\"@type\":\"WebSite\",\"@id\":\"https:\/\/chemuza.org\/it\/#website\",\"url\":\"https:\/\/chemuza.org\/it\/\",\"name\":\"Chemuza\",\"description\":\"La tua porta d&#039;accesso alla scoperta chimica!\",\"publisher\":{\"@id\":\"https:\/\/chemuza.org\/it\/#organization\"},\"potentialAction\":[{\"@type\":\"SearchAction\",\"target\":{\"@type\":\"EntryPoint\",\"urlTemplate\":\"https:\/\/chemuza.org\/it\/?s={search_term_string}\"},\"query-input\":\"required name=search_term_string\"}],\"inLanguage\":\"it-IT\"},{\"@type\":\"Organization\",\"@id\":\"https:\/\/chemuza.org\/it\/#organization\",\"name\":\"Chemuza\",\"url\":\"https:\/\/chemuza.org\/it\/\",\"logo\":{\"@type\":\"ImageObject\",\"inLanguage\":\"it-IT\",\"@id\":\"https:\/\/chemuza.org\/it\/#\/schema\/logo\/image\/\",\"url\":\"https:\/\/chemuza.org\/it\/wp-content\/uploads\/2023\/10\/chemuza-logo.png\",\"contentUrl\":\"https:\/\/chemuza.org\/it\/wp-content\/uploads\/2023\/10\/chemuza-logo.png\",\"width\":387,\"height\":70,\"caption\":\"Chemuza\"},\"image\":{\"@id\":\"https:\/\/chemuza.org\/it\/#\/schema\/logo\/image\/\"}}]}<\/script>\n<!-- \/ Yoast SEO plugin. -->","yoast_head_json":{"title":"Oganeson-Chemuza","robots":{"index":"index","follow":"follow","max-snippet":"max-snippet:-1","max-image-preview":"max-image-preview:large","max-video-preview":"max-video-preview:-1"},"canonical":"https:\/\/chemuza.org\/it\/oganeson\/","og_locale":"it_IT","og_type":"article","og_title":"Oganeson-Chemuza","og_description":"Attualmente \u00e8 l&#8217;ultimo elemento chimico della tavola periodica, l&#8217;unico del gruppo 18 ad essersi formato artificialmente e, inoltre, ha la massa e il numero atomico pi\u00f9 alti di tutti. Scopri subito quali sono le propriet\u00e0 dell&#8217;Oganeson, chi \u00e8 stato il suo scopritore e a cosa serve. Cos&#8217;\u00e8 Oganeson? \u00c8 un elemento chimico, sintetico, transuranico, transattinide, ... Per saperne di pi\u00f9","og_url":"https:\/\/chemuza.org\/it\/oganeson\/","og_site_name":"Chemuza","twitter_card":"summary_large_image","twitter_misc":{"Tempo di lettura stimato":"4 minuti"},"schema":{"@context":"https:\/\/schema.org","@graph":[{"@type":"WebPage","@id":"https:\/\/chemuza.org\/it\/oganeson\/","url":"https:\/\/chemuza.org\/it\/oganeson\/","name":"Oganeson-Chemuza","isPartOf":{"@id":"https:\/\/chemuza.org\/it\/#website"},"datePublished":"2023-07-13T10:04:29+00:00","dateModified":"2023-07-13T10:04:29+00:00","breadcrumb":{"@id":"https:\/\/chemuza.org\/it\/oganeson\/#breadcrumb"},"inLanguage":"it-IT","potentialAction":[{"@type":"ReadAction","target":["https:\/\/chemuza.org\/it\/oganeson\/"]}]},{"@type":"BreadcrumbList","@id":"https:\/\/chemuza.org\/it\/oganeson\/#breadcrumb","itemListElement":[{"@type":"ListItem","position":1,"name":"Casa","item":"https:\/\/chemuza.org\/it\/"},{"@type":"ListItem","position":2,"name":"Oganeson"}]},{"@type":"WebSite","@id":"https:\/\/chemuza.org\/it\/#website","url":"https:\/\/chemuza.org\/it\/","name":"Chemuza","description":"La tua porta d&#039;accesso alla scoperta chimica!","publisher":{"@id":"https:\/\/chemuza.org\/it\/#organization"},"potentialAction":[{"@type":"SearchAction","target":{"@type":"EntryPoint","urlTemplate":"https:\/\/chemuza.org\/it\/?s={search_term_string}"},"query-input":"required name=search_term_string"}],"inLanguage":"it-IT"},{"@type":"Organization","@id":"https:\/\/chemuza.org\/it\/#organization","name":"Chemuza","url":"https:\/\/chemuza.org\/it\/","logo":{"@type":"ImageObject","inLanguage":"it-IT","@id":"https:\/\/chemuza.org\/it\/#\/schema\/logo\/image\/","url":"https:\/\/chemuza.org\/it\/wp-content\/uploads\/2023\/10\/chemuza-logo.png","contentUrl":"https:\/\/chemuza.org\/it\/wp-content\/uploads\/2023\/10\/chemuza-logo.png","width":387,"height":70,"caption":"Chemuza"},"image":{"@id":"https:\/\/chemuza.org\/it\/#\/schema\/logo\/image\/"}}]}},"yoast_meta":{"yoast_wpseo_title":"","yoast_wpseo_metadesc":"","yoast_wpseo_canonical":""},"_links":{"self":[{"href":"https:\/\/chemuza.org\/it\/wp-json\/wp\/v2\/pages\/1538"}],"collection":[{"href":"https:\/\/chemuza.org\/it\/wp-json\/wp\/v2\/pages"}],"about":[{"href":"https:\/\/chemuza.org\/it\/wp-json\/wp\/v2\/types\/page"}],"author":[{"embeddable":true,"href":"https:\/\/chemuza.org\/it\/wp-json\/wp\/v2\/users\/1"}],"replies":[{"embeddable":true,"href":"https:\/\/chemuza.org\/it\/wp-json\/wp\/v2\/comments?post=1538"}],"version-history":[{"count":0,"href":"https:\/\/chemuza.org\/it\/wp-json\/wp\/v2\/pages\/1538\/revisions"}],"wp:attachment":[{"href":"https:\/\/chemuza.org\/it\/wp-json\/wp\/v2\/media?parent=1538"}],"curies":[{"name":"wp","href":"https:\/\/api.w.org\/{rel}","templated":true}]}}