{"id":1537,"date":"2023-07-13T10:29:28","date_gmt":"2023-07-13T10:29:28","guid":{"rendered":"https:\/\/chemuza.org\/it\/nihonium\/"},"modified":"2023-07-13T10:29:28","modified_gmt":"2023-07-13T10:29:28","slug":"nihonium","status":"publish","type":"page","link":"https:\/\/chemuza.org\/it\/nihonium\/","title":{"rendered":"Nihonium"},"content":{"rendered":"<p>Sapevate che questo nome si riferisce ad una localit\u00e0 geografica? Ricorda infatti il Giappone e costituisce il primo elemento scoperto nel continente asiatico. D&#8217;altronde corrisponde anche ai metalli pi\u00f9 recenti aggiornati nella tavola periodica e di questo elemento chimico si sa ancora molto poco. In ogni caso qui vi racconteremo le principali caratteristiche e propriet\u00e0 del Nihonium.<\/p>\n<h2> <strong>Cos&#8217;\u00e8 il Nihonium?<\/strong><\/h2>\n<p> L&#8217;elemento Nihonium \u00e8 un transattinide, transuranico, una sostanza chimica creata artificialmente che \u00e8 altamente radioattiva e ha un&#8217;emivita molto breve. Si trova tra i metalli del blocco p, nel periodo 7 e nel gruppo 13 ovvero la serie chimica del boro. \u00c8 un metallo solido che, secondo stime scientifiche, pu\u00f2 contenere caratteristiche simili al gallio, all&#8217;alluminio, al tallio e all&#8217;indio. Tuttavia, altri studi suggeriscono che sia pi\u00f9 simile ai metalli di transizione.<\/p>\n<h3> <strong>Simbolo del Nihonium<\/strong><\/h3>\n<p> <span class=\"content-chemical-element\" style=\"float: left;width: 65px;height: 65px;border: 3px solid #666; display:flex;\n    justify-content: center;align-items: center;margin-right: 15px;\"><span style=\"font-size: 38px;\">Nh<\/span><\/span> Il simbolo dell&#8217;elemento chimico \u00e8 un&#8217;abbreviazione del suo nome, che deriva dalla parola giapponese <em>Nihon<\/em> per Giappone. Tuttavia, prima di ci\u00f2, la IUPAC raccomandava di chiamarlo provvisoriamente <em>Ununtrio<\/em> , il cui acronimo era Uut. Questo nome deriva dal latino e significa uno, uno, tre, che significa 113.<\/p>\n<h2> <strong>Caratteristiche del Nihonium<\/strong><\/h2>\n<p> Questo elemento ha 113 elettroni nel suo guscio e lo stesso numero di protoni nel suo nucleo. Inoltre, ha un peso atomico di 286 amu, fonde a 427 \u00b0C e bolle a 1.127 \u00b0C. Tuttavia, i suoi processi di riduzione e ossidazione non sono stati ancora misurati. Le altre propriet\u00e0 del Nihonium sono:<\/p>\n<ul>\n<li> <strong>Stato<\/strong> : Si ritiene che sia un materiale solido a temperatura ambiente.<\/li>\n<li> <strong>Aspetto<\/strong> : Aspetto sconosciuto, anche se si presume che sia argento, grigio o bianco.<\/li>\n<li> <strong>Stabilit\u00e0 nucleare<\/strong> : presenta una certa instabilit\u00e0, ma si ritiene che all&#8217;interno dell&#8217;elemento avvenga un processo chiamato isola di stabilit\u00e0.<\/li>\n<li> <strong>Radioattivit\u00e0<\/strong> : \u00e8 molto radioattivo.<\/li>\n<li> <strong>Peso<\/strong> : \u00c8 classificato come super pesante.<\/li>\n<li> <strong>Propriet\u00e0 metalliche<\/strong> : Probabilmente \u00e8 un elemento metallico, altre analisi indicano che \u00e8 un metallo di transizione.<\/li>\n<li> <strong>Emivita<\/strong> : la sua emivita \u00e8 troppo breve, compresa tra 0,34 millisecondi e 20 secondi.<\/li>\n<li> <strong>Isotopi<\/strong> : attualmente sono conosciuti 6 isotopi dell&#8217;elemento, con masse atomiche comprese tra 278 e 286, di cui <sup>286<\/sup> Nh \u00e8 il pi\u00f9 stabile di tutti.<\/li>\n<\/ul>\n<h2> <strong>Propriet\u00e0 chimiche e fisiche del Nihonium<\/strong><\/h2>\n<ol>\n<li> <strong>Numero atomico<\/strong> : 113 <strong>&nbsp;<\/strong><\/li>\n<li> <strong>Densit\u00e0 (g\/ml)<\/strong> : 16 kg\/m\u00b3<\/li>\n<li> <strong>Ruggine<\/strong> : sconosciuta<\/li>\n<li> <strong>Raggio covalente (\u00c5)<\/strong> : 136 pm<\/li>\n<li> <strong>Stati di ossidazione<\/strong> : +1, +3, +5<\/li>\n<li> <strong>Energia di prima ionizzazione (eV)<\/strong> : 710 kJ\/mol<\/li>\n<li> <strong>Raggio atomico (\u00c5)<\/strong> : Nessun dato <strong>&nbsp;<\/strong><\/li>\n<li> <strong>Configurazione elettronica<\/strong> : [Rn] 5f <sup>14<\/sup> 6d <sup>10<\/sup> 7s <sup>2<\/sup> 7p <sup>1<\/sup> <strong>&nbsp;<\/strong><\/li>\n<li> <strong>Punto di ebollizione<\/strong> : 1127\u00b0C (1400 K)<\/li>\n<li> <strong>Elettroni per livello<\/strong> : 2, 8, 18, 32, 32, 18, 3<\/li>\n<li> <strong>Entalpia di vaporizzazione<\/strong> : 130 kJ\/mol<\/li>\n<li> <strong>Elettronegativit\u00e0<\/strong> : nessun dato <strong>&nbsp;<\/strong><\/li>\n<li> <strong>Punto di fusione<\/strong> : 427\u00b0C (700K)<\/li>\n<li> <strong>Calore specifico<\/strong> : Nessun dato<\/li>\n<li> <strong>Massa atomica (g\/mol)<\/strong> : 286 u<\/li>\n<li> <strong>Entalpia di fusione<\/strong> : Nessun dato<\/li>\n<\/ol>\n<h2> <strong>Origine del Nihonium<\/strong><\/h2>\n<p> La sua scoperta non fu priva di controversie, poich\u00e9 inizialmente un gruppo di ricercatori americani del centro FFRDC ne rivendic\u00f2 la paternit\u00e0. Il loro lavoro \u00e8 stato svolto in collaborazione con un team di chimici russi tra il 2003 e il 2004. Allo stesso modo lo hanno fatto gli scienziati giapponesi del laboratorio RIKEN, che sono riusciti a sintetizzare l&#8217;elemento alla fine del 2015.<\/p>\n<p> Secondo la storia di Nihonium, gli scienziati giapponesi furono in grado di formare una catena di 6 decadimenti alfa consecutivi come risultato di esperimenti che generavano radioisotopi RIKEN. Inoltre, l&#8217;hanno identificato in modo definitivo attraverso il decadimento in nuclidi riconosciuti. La ricerca \u00e8 stata condotta presso il RIKEN Institute Nishina <em>Center for Accelerator-based Science<\/em> . I risultati furono successivamente pubblicati nell&#8217;edizione giapponese del <em>Journal of Physical Society<\/em> .<\/p>\n<h2> <strong>A cosa serve il Nihonium?<\/strong><\/h2>\n<p> Oggi non esiste alcun uso o applicazione del Nihonium a livello commerciale, domestico o industriale poich\u00e9 \u00e8 un elemento il cui tempo di dimezzamento \u00e8 ridotto a pochi millisecondi o secondi. Inoltre, \u00e8 instabile e altamente radioattivo, relegando la sua utilit\u00e0 solo alla ricerca scientifica.<\/p>\n<h2> <strong>Origine del nome Nihonio<\/strong><\/h2>\n<p> Secondo la nomenclatura di Mendeleev per gli elementi senza nome, dovrebbe essere designato <em>dvi-indio<\/em> o <em>eka-tallio<\/em> . Tuttavia, secondo i suggerimenti della IUPAC del 1979, lo chiamarono <em>Ununtrio<\/em> , cos\u00ec fu identificato fino a quando non fu trovato un nome ufficiale.<\/p>\n<p> Tuttavia i media scientifici ignorarono questi suggerimenti e infatti lo chiamarono <em>elemento 113<\/em> o semplicemente 113. Era conosciuto anche come <em>Tusfrano<\/em> o <em>Trustano<\/em> . Successivamente, nel novembre 2016, il nome <em>Nihonium<\/em> per l&#8217;elemento \u00e8 stato legalmente approvato come chiaro omaggio al paese giapponese.<\/p>\n<p> In sintesi, il Nihonium \u00e8 un elemento chimico artificiale, transuranico, transattinide, radioattivo, super pesante con un&#8217;emivita molto breve e instabile. Secondo studi scientifici \u00e8 un solido di colore metallico con caratteristiche simili al gruppo del Boro. Ha applicazioni solo per scopi di ricerca.<\/p>\n","protected":false},"excerpt":{"rendered":"<p>Sapevate che questo nome si riferisce ad una localit\u00e0 geografica? Ricorda infatti il Giappone e costituisce il primo elemento scoperto nel continente asiatico. D&#8217;altronde corrisponde anche ai metalli pi\u00f9 recenti aggiornati nella tavola periodica e di questo elemento chimico si sa ancora molto poco. In ogni caso qui vi racconteremo le principali caratteristiche e propriet\u00e0 &#8230; <a title=\"Nihonium\" class=\"read-more\" href=\"https:\/\/chemuza.org\/it\/nihonium\/\" aria-label=\"More on Nihonium\">Per saperne di pi\u00f9<\/a><\/p>\n","protected":false},"author":1,"featured_media":0,"parent":0,"menu_order":0,"comment_status":"closed","ping_status":"closed","template":"","meta":{"footnotes":""},"yoast_head":"<!-- This site is optimized with the Yoast SEO plugin v21.4 - https:\/\/yoast.com\/wordpress\/plugins\/seo\/ -->\n<title>Nihonium - Chemuza<\/title>\n<meta name=\"robots\" content=\"index, follow, max-snippet:-1, max-image-preview:large, max-video-preview:-1\" \/>\n<link rel=\"canonical\" href=\"https:\/\/chemuza.org\/it\/nihonium\/\" \/>\n<meta property=\"og:locale\" content=\"it_IT\" \/>\n<meta property=\"og:type\" content=\"article\" \/>\n<meta property=\"og:title\" content=\"Nihonium - Chemuza\" \/>\n<meta property=\"og:description\" content=\"Sapevate che questo nome si riferisce ad una localit\u00e0 geografica? Ricorda infatti il Giappone e costituisce il primo elemento scoperto nel continente asiatico. D&#8217;altronde corrisponde anche ai metalli pi\u00f9 recenti aggiornati nella tavola periodica e di questo elemento chimico si sa ancora molto poco. In ogni caso qui vi racconteremo le principali caratteristiche e propriet\u00e0 ... Per saperne di pi\u00f9\" \/>\n<meta property=\"og:url\" content=\"https:\/\/chemuza.org\/it\/nihonium\/\" \/>\n<meta property=\"og:site_name\" content=\"Chemuza\" \/>\n<meta name=\"twitter:card\" content=\"summary_large_image\" \/>\n<meta name=\"twitter:label1\" content=\"Tempo di lettura stimato\" \/>\n\t<meta name=\"twitter:data1\" content=\"3 minuti\" \/>\n<script type=\"application\/ld+json\" class=\"yoast-schema-graph\">{\"@context\":\"https:\/\/schema.org\",\"@graph\":[{\"@type\":\"WebPage\",\"@id\":\"https:\/\/chemuza.org\/it\/nihonium\/\",\"url\":\"https:\/\/chemuza.org\/it\/nihonium\/\",\"name\":\"Nihonium - Chemuza\",\"isPartOf\":{\"@id\":\"https:\/\/chemuza.org\/it\/#website\"},\"datePublished\":\"2023-07-13T10:29:28+00:00\",\"dateModified\":\"2023-07-13T10:29:28+00:00\",\"breadcrumb\":{\"@id\":\"https:\/\/chemuza.org\/it\/nihonium\/#breadcrumb\"},\"inLanguage\":\"it-IT\",\"potentialAction\":[{\"@type\":\"ReadAction\",\"target\":[\"https:\/\/chemuza.org\/it\/nihonium\/\"]}]},{\"@type\":\"BreadcrumbList\",\"@id\":\"https:\/\/chemuza.org\/it\/nihonium\/#breadcrumb\",\"itemListElement\":[{\"@type\":\"ListItem\",\"position\":1,\"name\":\"Casa\",\"item\":\"https:\/\/chemuza.org\/it\/\"},{\"@type\":\"ListItem\",\"position\":2,\"name\":\"Nihonium\"}]},{\"@type\":\"WebSite\",\"@id\":\"https:\/\/chemuza.org\/it\/#website\",\"url\":\"https:\/\/chemuza.org\/it\/\",\"name\":\"Chemuza\",\"description\":\"La tua porta d&#039;accesso alla scoperta chimica!\",\"publisher\":{\"@id\":\"https:\/\/chemuza.org\/it\/#organization\"},\"potentialAction\":[{\"@type\":\"SearchAction\",\"target\":{\"@type\":\"EntryPoint\",\"urlTemplate\":\"https:\/\/chemuza.org\/it\/?s={search_term_string}\"},\"query-input\":\"required name=search_term_string\"}],\"inLanguage\":\"it-IT\"},{\"@type\":\"Organization\",\"@id\":\"https:\/\/chemuza.org\/it\/#organization\",\"name\":\"Chemuza\",\"url\":\"https:\/\/chemuza.org\/it\/\",\"logo\":{\"@type\":\"ImageObject\",\"inLanguage\":\"it-IT\",\"@id\":\"https:\/\/chemuza.org\/it\/#\/schema\/logo\/image\/\",\"url\":\"https:\/\/chemuza.org\/it\/wp-content\/uploads\/2023\/10\/chemuza-logo.png\",\"contentUrl\":\"https:\/\/chemuza.org\/it\/wp-content\/uploads\/2023\/10\/chemuza-logo.png\",\"width\":387,\"height\":70,\"caption\":\"Chemuza\"},\"image\":{\"@id\":\"https:\/\/chemuza.org\/it\/#\/schema\/logo\/image\/\"}}]}<\/script>\n<!-- \/ Yoast SEO plugin. -->","yoast_head_json":{"title":"Nihonium - Chemuza","robots":{"index":"index","follow":"follow","max-snippet":"max-snippet:-1","max-image-preview":"max-image-preview:large","max-video-preview":"max-video-preview:-1"},"canonical":"https:\/\/chemuza.org\/it\/nihonium\/","og_locale":"it_IT","og_type":"article","og_title":"Nihonium - Chemuza","og_description":"Sapevate che questo nome si riferisce ad una localit\u00e0 geografica? Ricorda infatti il Giappone e costituisce il primo elemento scoperto nel continente asiatico. D&#8217;altronde corrisponde anche ai metalli pi\u00f9 recenti aggiornati nella tavola periodica e di questo elemento chimico si sa ancora molto poco. In ogni caso qui vi racconteremo le principali caratteristiche e propriet\u00e0 ... Per saperne di pi\u00f9","og_url":"https:\/\/chemuza.org\/it\/nihonium\/","og_site_name":"Chemuza","twitter_card":"summary_large_image","twitter_misc":{"Tempo di lettura stimato":"3 minuti"},"schema":{"@context":"https:\/\/schema.org","@graph":[{"@type":"WebPage","@id":"https:\/\/chemuza.org\/it\/nihonium\/","url":"https:\/\/chemuza.org\/it\/nihonium\/","name":"Nihonium - Chemuza","isPartOf":{"@id":"https:\/\/chemuza.org\/it\/#website"},"datePublished":"2023-07-13T10:29:28+00:00","dateModified":"2023-07-13T10:29:28+00:00","breadcrumb":{"@id":"https:\/\/chemuza.org\/it\/nihonium\/#breadcrumb"},"inLanguage":"it-IT","potentialAction":[{"@type":"ReadAction","target":["https:\/\/chemuza.org\/it\/nihonium\/"]}]},{"@type":"BreadcrumbList","@id":"https:\/\/chemuza.org\/it\/nihonium\/#breadcrumb","itemListElement":[{"@type":"ListItem","position":1,"name":"Casa","item":"https:\/\/chemuza.org\/it\/"},{"@type":"ListItem","position":2,"name":"Nihonium"}]},{"@type":"WebSite","@id":"https:\/\/chemuza.org\/it\/#website","url":"https:\/\/chemuza.org\/it\/","name":"Chemuza","description":"La tua porta d&#039;accesso alla scoperta chimica!","publisher":{"@id":"https:\/\/chemuza.org\/it\/#organization"},"potentialAction":[{"@type":"SearchAction","target":{"@type":"EntryPoint","urlTemplate":"https:\/\/chemuza.org\/it\/?s={search_term_string}"},"query-input":"required name=search_term_string"}],"inLanguage":"it-IT"},{"@type":"Organization","@id":"https:\/\/chemuza.org\/it\/#organization","name":"Chemuza","url":"https:\/\/chemuza.org\/it\/","logo":{"@type":"ImageObject","inLanguage":"it-IT","@id":"https:\/\/chemuza.org\/it\/#\/schema\/logo\/image\/","url":"https:\/\/chemuza.org\/it\/wp-content\/uploads\/2023\/10\/chemuza-logo.png","contentUrl":"https:\/\/chemuza.org\/it\/wp-content\/uploads\/2023\/10\/chemuza-logo.png","width":387,"height":70,"caption":"Chemuza"},"image":{"@id":"https:\/\/chemuza.org\/it\/#\/schema\/logo\/image\/"}}]}},"yoast_meta":{"yoast_wpseo_title":"","yoast_wpseo_metadesc":"","yoast_wpseo_canonical":""},"_links":{"self":[{"href":"https:\/\/chemuza.org\/it\/wp-json\/wp\/v2\/pages\/1537"}],"collection":[{"href":"https:\/\/chemuza.org\/it\/wp-json\/wp\/v2\/pages"}],"about":[{"href":"https:\/\/chemuza.org\/it\/wp-json\/wp\/v2\/types\/page"}],"author":[{"embeddable":true,"href":"https:\/\/chemuza.org\/it\/wp-json\/wp\/v2\/users\/1"}],"replies":[{"embeddable":true,"href":"https:\/\/chemuza.org\/it\/wp-json\/wp\/v2\/comments?post=1537"}],"version-history":[{"count":0,"href":"https:\/\/chemuza.org\/it\/wp-json\/wp\/v2\/pages\/1537\/revisions"}],"wp:attachment":[{"href":"https:\/\/chemuza.org\/it\/wp-json\/wp\/v2\/media?parent=1537"}],"curies":[{"name":"wp","href":"https:\/\/api.w.org\/{rel}","templated":true}]}}