{"id":1536,"date":"2023-07-13T11:01:29","date_gmt":"2023-07-13T11:01:29","guid":{"rendered":"https:\/\/chemuza.org\/it\/moscoviano\/"},"modified":"2023-07-13T11:01:29","modified_gmt":"2023-07-13T11:01:29","slug":"moscoviano","status":"publish","type":"page","link":"https:\/\/chemuza.org\/it\/moscoviano\/","title":{"rendered":"Moscovia"},"content":{"rendered":"<p>Il muscovio \u00e8 un elemento sintetico super pesante che non \u00e8 disponibile nella crosta terrestre ed \u00e8 stato scoperto di recente. Rientra nella categoria degli elementi transuranici perch\u00e9 ha un numero atomico maggiore di 92. Si ottiene in un acceleratore di particelle, con pochi campioni che decadono rapidamente. Scopri subito di pi\u00f9 sulle sue caratteristiche e propriet\u00e0.<\/p>\n<h2> <strong>Cos&#8217;\u00e8 Moscovio?<\/strong><\/h2>\n<p> \u00c8 un elemento chimico relativamente nuovo situato nei metalli del blocco P con numero atomico 115. \u00c8 radioattivo e di natura sintetica, precedentemente noto come Unumpentium. Inoltre, \u00e8 costituito da una composizione atomica pesante, simile al Nihonium e al Flerovium. Ha 4 isotopi, da 287 a 290, dove 289 \u00e8 il pi\u00f9 stabile con 184 neutroni, che vive per pochi secondi.<\/p>\n<h3> <strong>Simbolo della Moscovia<\/strong><\/h3>\n<p> <span class=\"content-chemical-element\" style=\"float: left; width: 65px; height: 65px; border: 3px solid #666; display: flex; justify-content: center; align-items: center; margin-right: 15px;\"><span style=\"font-size: 38px;\">Mc<\/span><\/span> Riceve questo nome in onore della capitale russa, Mosca, poich\u00e9 \u00e8 stato scoperto a Dubna presso il Laboratorio di Fissione Nucleare. L\u00ec furono condotti esperimenti che consistevano nel sintetizzare solo 4 atomi dell&#8217;elemento, che inizialmente chiamarono Unumpentio, perch\u00e9 era costituito da 115 protoni nel nucleo. La parola deriva dal latino unos e dal greco pente, che significa cinque o pentagono.<\/p>\n<h2> <strong>Caratteristiche di Mosca<\/strong><\/h2>\n<p> L&#8217;elemento Muscovium ha una massa atomica di 288 e si trova nel gruppo 15 della tavola periodica. \u00c8 altamente radioattivo e vive solo per pochi minuti nell&#8217;aria. Del suo nucleo si conoscono solo 4 isotopi, perch\u00e9 \u00e8 molto effimero. \u00c8 un metallo pesante e instabile che non si trova in natura. Le altre caratteristiche del Moscovium sono:<\/p>\n<ul>\n<li> <strong>Condizione<\/strong> : presunto solido e metallico.<\/li>\n<li> <strong>Colore:<\/strong> Grigiastro con toni bianchi e argentati.<\/li>\n<li> <strong>Radioattivit\u00e0<\/strong> : alta.<\/li>\n<li> <strong>Solubilit\u00e0<\/strong> : Non specificato.<\/li>\n<li> <strong>Reattivit\u00e0:<\/strong> Si presume elevata, data la sua natura radioattiva.<\/li>\n<li> <strong>Struttura cristallina<\/strong> : Non stabilita.<\/li>\n<li> <strong>Composizione<\/strong> : Pesante, poich\u00e9 possiede 115 elettroni e protoni, con 175 neutroni.<\/li>\n<li> <strong>Isotopi<\/strong> : ce ne sono quattro, ma instabili e di breve durata.<\/li>\n<\/ul>\n<h2> <strong>Propriet\u00e0 chimiche e fisiche del Moscovio<\/strong><\/h2>\n<ol>\n<li> <strong>Numero atomico<\/strong> : 115<\/li>\n<li> <strong>Gruppo<\/strong> : 15<\/li>\n<li> <strong>Periodo<\/strong> : 7<\/li>\n<li> <strong>Blocca<\/strong> \ud83d\ude1b<\/li>\n<li> <strong>Densit\u00e0 (g\/ml)<\/strong> : Non calcolato.<\/li>\n<li> <strong>Stati di ossidazione<\/strong> : 1.3<\/li>\n<li> <strong>Massa atomica (g\/mol)<\/strong> : 288 u<\/li>\n<li> <strong>Condizioni ordinarie<\/strong> : solido.<\/li>\n<li> <strong>Raggio covalente<\/strong> : 162<\/li>\n<li> <strong>Calore specifico<\/strong> : Nessun dato <strong>&nbsp;<\/strong><\/li>\n<li> <strong>Elettronegativit\u00e0<\/strong> : nessun dato.<\/li>\n<li> <strong>Punto di fusione<\/strong> : sconosciuto.<\/li>\n<li> <strong>Elettroni per livello<\/strong> : 2, 8, 18, 32, 32, 18, 5.<\/li>\n<li> <strong>Punto di ebollizione<\/strong> : Non calcolato.<\/li>\n<li> <strong>Potenziale di prima ionizzazione (eV)<\/strong> : Sconosciuto.<\/li>\n<li> <strong>Velocit\u00e0 del suono<\/strong> : non specificata.<\/li>\n<li> <strong>Configurazione elettronica<\/strong> : [Rn] 5f14 6d10 7s2 7p3<\/li>\n<\/ol>\n<h2> <strong>Origine della Moscovia<\/strong><\/h2>\n<p> L&#8217;elemento Moscovium \u00e8 stato scoperto nel 2004 presso l&#8217;Istituto Centrale di Ricerca Nucleare di Dubna, in Russia. Gli scienziati responsabili hanno bombardato l&#8217;isotopo Americio 243 con Calcio 48, per produrre atomi dell&#8217;elemento. Il risultato ottenuto fu di quattro particelle che si disintegrarono mediante l&#8217;emissione di gocce alfa nel Nihonium in circa 100 millisecondi.<\/p>\n<p> Successivamente, nel 2013, un altro team di ricercatori svedesi ha verificato l\u2019esistenza dell\u2019elemento attraverso un esperimento fotonico, cio\u00e8 un processo che rilascia uno o pi\u00f9 elettroni. Infine, nel dicembre 2016, l\u2019Unione di Chimica Pura e Applicata ne ha approvato la natura chimica e la sua inclusione nella tavola periodica insieme ad altri elementi.<\/p>\n<h2> <strong>A cosa serve Moscovium?<\/strong><\/h2>\n<p> Gli usi del Moscovium sono pari a zero in quanto \u00e8 un elemento praticamente nuovo. Poich\u00e9 durante la sua produzione si ottengono solo 4 atomi, che si disintegrano rapidamente, le sue applicazioni sono riservate alla ricerca scientifica. Inoltre, pu\u00f2 essere utilizzato per creare altri composti sintetici come il Nihonium.<\/p>\n<h2> <strong>Ottenere Mosca<\/strong><\/h2>\n<p> L&#8217;elemento chimico Muscovium viene prodotto in speciali laboratori di radiazioni bombardando gli isotopi dell&#8217;americio con ioni di calcio 48. La procedura viene eseguita in un ciclotrone o un acceleratore di particelle, con uno speciale separatore di gas. Durante il processo si ottengono 4 isotopi instabili che decadono dando origine al metallo sintetico.<\/p>\n<h2> <strong>Dove si trova il Moscovio?<\/strong><\/h2>\n<p> Poich\u00e9 viene ottenuto bombardando l&#8217;americio con ioni calcio, i pochi campioni esistenti si trovano in speciali impianti di radiazione. I suoi atomi hanno una vita molto breve, per cui \u00e8 stato impossibile studiarlo a fondo.<\/p>\n<h2> <strong>Effetti dannosi sulla salute e sull\u2019ambiente<\/strong><\/h2>\n<p> Questo elemento \u00e8 altamente radioattivo e si ritiene che debba essere maneggiato con rigorose misure di sicurezza nei laboratori, per evitare possibili danni. Tuttavia, poich\u00e9 \u00e8 sintetico e sono disponibili pochi campioni, \u00e8 improbabile che possa danneggiare la salute o l\u2019ambiente naturale.<\/p>\n<p> In sintesi, l&#8217;elemento chimico Muscovium \u00e8 di natura transuranica a causa della sua pesante composizione atomica. Continua ad essere oggetto di studio a causa della sua recente scoperta. Essendo sintetico e si disintegra rapidamente, non si conoscono le sue applicazioni nella vita quotidiana, nel settore chimico e industriale.<\/p>\n","protected":false},"excerpt":{"rendered":"<p>Il muscovio \u00e8 un elemento sintetico super pesante che non \u00e8 disponibile nella crosta terrestre ed \u00e8 stato scoperto di recente. Rientra nella categoria degli elementi transuranici perch\u00e9 ha un numero atomico maggiore di 92. Si ottiene in un acceleratore di particelle, con pochi campioni che decadono rapidamente. Scopri subito di pi\u00f9 sulle sue caratteristiche &#8230; <a title=\"Moscovia\" class=\"read-more\" href=\"https:\/\/chemuza.org\/it\/moscoviano\/\" aria-label=\"More on Moscovia\">Per saperne di pi\u00f9<\/a><\/p>\n","protected":false},"author":1,"featured_media":0,"parent":0,"menu_order":0,"comment_status":"closed","ping_status":"closed","template":"","meta":{"footnotes":""},"yoast_head":"<!-- This site is optimized with the Yoast SEO plugin v21.4 - https:\/\/yoast.com\/wordpress\/plugins\/seo\/ -->\n<title>Moscovia - Chemuza<\/title>\n<meta name=\"robots\" content=\"index, follow, max-snippet:-1, max-image-preview:large, max-video-preview:-1\" \/>\n<link rel=\"canonical\" href=\"https:\/\/chemuza.org\/it\/moscoviano\/\" \/>\n<meta property=\"og:locale\" content=\"it_IT\" \/>\n<meta property=\"og:type\" content=\"article\" \/>\n<meta property=\"og:title\" content=\"Moscovia - Chemuza\" \/>\n<meta property=\"og:description\" content=\"Il muscovio \u00e8 un elemento sintetico super pesante che non \u00e8 disponibile nella crosta terrestre ed \u00e8 stato scoperto di recente. Rientra nella categoria degli elementi transuranici perch\u00e9 ha un numero atomico maggiore di 92. Si ottiene in un acceleratore di particelle, con pochi campioni che decadono rapidamente. Scopri subito di pi\u00f9 sulle sue caratteristiche ... Per saperne di pi\u00f9\" \/>\n<meta property=\"og:url\" content=\"https:\/\/chemuza.org\/it\/moscoviano\/\" \/>\n<meta property=\"og:site_name\" content=\"Chemuza\" \/>\n<meta name=\"twitter:card\" content=\"summary_large_image\" \/>\n<meta name=\"twitter:label1\" content=\"Tempo di lettura stimato\" \/>\n\t<meta name=\"twitter:data1\" content=\"3 minuti\" \/>\n<script type=\"application\/ld+json\" class=\"yoast-schema-graph\">{\"@context\":\"https:\/\/schema.org\",\"@graph\":[{\"@type\":\"WebPage\",\"@id\":\"https:\/\/chemuza.org\/it\/moscoviano\/\",\"url\":\"https:\/\/chemuza.org\/it\/moscoviano\/\",\"name\":\"Moscovia - Chemuza\",\"isPartOf\":{\"@id\":\"https:\/\/chemuza.org\/it\/#website\"},\"datePublished\":\"2023-07-13T11:01:29+00:00\",\"dateModified\":\"2023-07-13T11:01:29+00:00\",\"breadcrumb\":{\"@id\":\"https:\/\/chemuza.org\/it\/moscoviano\/#breadcrumb\"},\"inLanguage\":\"it-IT\",\"potentialAction\":[{\"@type\":\"ReadAction\",\"target\":[\"https:\/\/chemuza.org\/it\/moscoviano\/\"]}]},{\"@type\":\"BreadcrumbList\",\"@id\":\"https:\/\/chemuza.org\/it\/moscoviano\/#breadcrumb\",\"itemListElement\":[{\"@type\":\"ListItem\",\"position\":1,\"name\":\"Casa\",\"item\":\"https:\/\/chemuza.org\/it\/\"},{\"@type\":\"ListItem\",\"position\":2,\"name\":\"Moscovia\"}]},{\"@type\":\"WebSite\",\"@id\":\"https:\/\/chemuza.org\/it\/#website\",\"url\":\"https:\/\/chemuza.org\/it\/\",\"name\":\"Chemuza\",\"description\":\"La tua porta d&#039;accesso alla scoperta chimica!\",\"publisher\":{\"@id\":\"https:\/\/chemuza.org\/it\/#organization\"},\"potentialAction\":[{\"@type\":\"SearchAction\",\"target\":{\"@type\":\"EntryPoint\",\"urlTemplate\":\"https:\/\/chemuza.org\/it\/?s={search_term_string}\"},\"query-input\":\"required name=search_term_string\"}],\"inLanguage\":\"it-IT\"},{\"@type\":\"Organization\",\"@id\":\"https:\/\/chemuza.org\/it\/#organization\",\"name\":\"Chemuza\",\"url\":\"https:\/\/chemuza.org\/it\/\",\"logo\":{\"@type\":\"ImageObject\",\"inLanguage\":\"it-IT\",\"@id\":\"https:\/\/chemuza.org\/it\/#\/schema\/logo\/image\/\",\"url\":\"https:\/\/chemuza.org\/it\/wp-content\/uploads\/2023\/10\/chemuza-logo.png\",\"contentUrl\":\"https:\/\/chemuza.org\/it\/wp-content\/uploads\/2023\/10\/chemuza-logo.png\",\"width\":387,\"height\":70,\"caption\":\"Chemuza\"},\"image\":{\"@id\":\"https:\/\/chemuza.org\/it\/#\/schema\/logo\/image\/\"}}]}<\/script>\n<!-- \/ Yoast SEO plugin. -->","yoast_head_json":{"title":"Moscovia - Chemuza","robots":{"index":"index","follow":"follow","max-snippet":"max-snippet:-1","max-image-preview":"max-image-preview:large","max-video-preview":"max-video-preview:-1"},"canonical":"https:\/\/chemuza.org\/it\/moscoviano\/","og_locale":"it_IT","og_type":"article","og_title":"Moscovia - Chemuza","og_description":"Il muscovio \u00e8 un elemento sintetico super pesante che non \u00e8 disponibile nella crosta terrestre ed \u00e8 stato scoperto di recente. Rientra nella categoria degli elementi transuranici perch\u00e9 ha un numero atomico maggiore di 92. Si ottiene in un acceleratore di particelle, con pochi campioni che decadono rapidamente. Scopri subito di pi\u00f9 sulle sue caratteristiche ... Per saperne di pi\u00f9","og_url":"https:\/\/chemuza.org\/it\/moscoviano\/","og_site_name":"Chemuza","twitter_card":"summary_large_image","twitter_misc":{"Tempo di lettura stimato":"3 minuti"},"schema":{"@context":"https:\/\/schema.org","@graph":[{"@type":"WebPage","@id":"https:\/\/chemuza.org\/it\/moscoviano\/","url":"https:\/\/chemuza.org\/it\/moscoviano\/","name":"Moscovia - Chemuza","isPartOf":{"@id":"https:\/\/chemuza.org\/it\/#website"},"datePublished":"2023-07-13T11:01:29+00:00","dateModified":"2023-07-13T11:01:29+00:00","breadcrumb":{"@id":"https:\/\/chemuza.org\/it\/moscoviano\/#breadcrumb"},"inLanguage":"it-IT","potentialAction":[{"@type":"ReadAction","target":["https:\/\/chemuza.org\/it\/moscoviano\/"]}]},{"@type":"BreadcrumbList","@id":"https:\/\/chemuza.org\/it\/moscoviano\/#breadcrumb","itemListElement":[{"@type":"ListItem","position":1,"name":"Casa","item":"https:\/\/chemuza.org\/it\/"},{"@type":"ListItem","position":2,"name":"Moscovia"}]},{"@type":"WebSite","@id":"https:\/\/chemuza.org\/it\/#website","url":"https:\/\/chemuza.org\/it\/","name":"Chemuza","description":"La tua porta d&#039;accesso alla scoperta chimica!","publisher":{"@id":"https:\/\/chemuza.org\/it\/#organization"},"potentialAction":[{"@type":"SearchAction","target":{"@type":"EntryPoint","urlTemplate":"https:\/\/chemuza.org\/it\/?s={search_term_string}"},"query-input":"required name=search_term_string"}],"inLanguage":"it-IT"},{"@type":"Organization","@id":"https:\/\/chemuza.org\/it\/#organization","name":"Chemuza","url":"https:\/\/chemuza.org\/it\/","logo":{"@type":"ImageObject","inLanguage":"it-IT","@id":"https:\/\/chemuza.org\/it\/#\/schema\/logo\/image\/","url":"https:\/\/chemuza.org\/it\/wp-content\/uploads\/2023\/10\/chemuza-logo.png","contentUrl":"https:\/\/chemuza.org\/it\/wp-content\/uploads\/2023\/10\/chemuza-logo.png","width":387,"height":70,"caption":"Chemuza"},"image":{"@id":"https:\/\/chemuza.org\/it\/#\/schema\/logo\/image\/"}}]}},"yoast_meta":{"yoast_wpseo_title":"","yoast_wpseo_metadesc":"","yoast_wpseo_canonical":""},"_links":{"self":[{"href":"https:\/\/chemuza.org\/it\/wp-json\/wp\/v2\/pages\/1536"}],"collection":[{"href":"https:\/\/chemuza.org\/it\/wp-json\/wp\/v2\/pages"}],"about":[{"href":"https:\/\/chemuza.org\/it\/wp-json\/wp\/v2\/types\/page"}],"author":[{"embeddable":true,"href":"https:\/\/chemuza.org\/it\/wp-json\/wp\/v2\/users\/1"}],"replies":[{"embeddable":true,"href":"https:\/\/chemuza.org\/it\/wp-json\/wp\/v2\/comments?post=1536"}],"version-history":[{"count":0,"href":"https:\/\/chemuza.org\/it\/wp-json\/wp\/v2\/pages\/1536\/revisions"}],"wp:attachment":[{"href":"https:\/\/chemuza.org\/it\/wp-json\/wp\/v2\/media?parent=1536"}],"curies":[{"name":"wp","href":"https:\/\/api.w.org\/{rel}","templated":true}]}}