{"id":1533,"date":"2023-07-13T12:08:29","date_gmt":"2023-07-13T12:08:29","guid":{"rendered":"https:\/\/chemuza.org\/it\/mendelevio\/"},"modified":"2023-07-13T12:08:29","modified_gmt":"2023-07-13T12:08:29","slug":"mendelevio","status":"publish","type":"page","link":"https:\/\/chemuza.org\/it\/mendelevio\/","title":{"rendered":"Mendelevio"},"content":{"rendered":"<p>Il Mendelevio<strong> <\/strong>\u00c8 un elemento chimico che non si trova in natura, motivo per cui la sua produzione \u00e8 rara. Fuori dal laboratorio non serve a nulla, viene utilizzato solo nella ricerca scientifica. Scopri tutto su questo elemento della tavola periodica.<\/p>\n<h2> <strong>Cos&#8217;\u00e8 Mendelevio?<\/strong><\/h2>\n<p> L&#8217;aspetto dell&#8217;elemento chimico Mendelevio \u00e8 sconosciuto, \u00e8 probabile che il suo colore sia bianco, grigio o argento. Appartiene al gruppo degli attinidi del periodo 7 e va dall&#8217;Attinio al Laurenzio. Questi, insieme al gruppo lantanide, sono chiamati elementi di transizione interna. Il suo stato naturale \u00e8 sconosciuto.<\/p>\n<h3> <strong>Simbolo mendeleviano<\/strong><\/h3>\n<p> <span class=\"content-chemical-element\" style=\"float: left;width: 65px;height: 65px;border: 3px solid #666; display:flex;\n    justify-content: center;align-items: center;margin-right: 15px;\"><span style=\"font-size: 38px;\">H<\/span><\/span> Visto nella tabla periodica con il numero atomico 101 e un numero atomico 258. Cuenta con 16 is\u00f3topos los estables, desde el 245 asta el 260. El is\u00f3topo con vida media m\u00e1s larga es el 259 Mendelevio que es de 51 days. Seguono il 260 Md che ha 31,8 giorni e il 259 Mendelevio con soli 96 minuti di vita.<\/p>\n<h2> <strong>Caratteristiche del mendelevio<\/strong><\/h2>\n<p> L&#8217;elemento Mendelevio \u00e8 un metallo sintetico radioattivo e a temperatura ambiente il suo stato \u00e8 solido. Raggiunge un alto grado di fusione poich\u00e9 \u00e8 in grado di raggiungere circa 1.521 gradi. Inoltre, ha solo uno stato di ossidazione 3, sebbene sia stato dimostrato che \u00e8 stabile anche nell&#8217;ossidazione 2. Alcune delle caratteristiche notevoli di questo metallo sono:<\/p>\n<ul>\n<li> <strong>Solubilit\u00e0:<\/strong> se immerso in una soluzione acquosa si ossida.<\/li>\n<li> <strong>Lucentezza:<\/strong> metallica.<\/li>\n<li> <strong>Struttura cristallina:<\/strong> cubica centrata.<\/li>\n<li> <strong>Condizione:<\/strong> \u00e8 solido nel suo stato naturale.<\/li>\n<\/ul>\n<h2> <strong>Propriet\u00e0 chimiche e fisiche del mendelevio<\/strong><\/h2>\n<ol>\n<li> <strong>Numero atomico<\/strong> : 101<\/li>\n<li> <strong>Periodo:<\/strong> 7<\/li>\n<li> <strong>blocco:<\/strong> f<\/li>\n<li> <strong>Punto di fusione:<\/strong> 1100K<\/li>\n<li> <strong>Punto di ebollizione:<\/strong> sconosciuto.<\/li>\n<li> <strong>Configurazione elettronica:<\/strong> [Rn] 5f <sup>13<\/sup> 7s <sup>2<\/sup><\/li>\n<li> <strong>Densit\u00e0:<\/strong> circa 10,3<\/li>\n<li> <strong>Elettronegativit\u00e0:<\/strong> 1.3<\/li>\n<\/ol>\n<h2> <strong>Origine del Mendelevio<\/strong><\/h2>\n<p> Occupa il nono posto tra gli elementi transuranidi scoperti nel gruppo degli attinidi, insieme agli elementi chimici Californio, Fermio, Curio ed Einsteinio. Fu identificato per la prima volta dallo scienziato nucleare Albert Ghiorso e dai chimici Stanley G. Thompson, Bernard G. Harvey, Gregory R. Choppin e Glenn T. Seaborg.<\/p>\n<p> Nel 1955, presso l\u2019Universit\u00e0 della California, questo gruppo di scienziati bombard\u00f2 l\u2019isotopo 2530 Einsteinio con ioni di elio in un acceleratore di particelle di circa 60 pollici chiamato ciclotrone. A quel tempo, produssero l&#8217;isotopo 256 Mendelevio con una durata di 76 minuti. Successivamente, dal bombardamento dell&#8217;isotopo Einsteinio con ioni di elio, si ottenne anche l&#8217;isotopo 258 di circa 55 giorni, utilizzato per studiare le propriet\u00e0 fisiche e chimiche dell&#8217;elemento.<\/p>\n<h2> <strong>A cosa serve il Mendelevio?<\/strong><\/h2>\n<p> Non sono noti usi del Mendelevio, poich\u00e9 questo elemento nella sua forma naturale \u00e8 molto raro, radioattivo e tossico. Non \u00e8 quindi possibile crearlo in quantit\u00e0 tali da poterlo commercializzare. Attualmente viene utilizzato solo in applicazioni di ricerca scientifica. Indipendentemente da ci\u00f2, l&#8217;isotopo 256 \u00e8 stato utilizzato per comprendere appieno le sue propriet\u00e0 chimiche in soluzione acquosa. Si ritiene che nel tempo possa essere utilizzato per la raccolta di energia e in applicazioni tecnologiche, come con altri metalli attinidi.<\/p>\n<h2> <strong>Origine del nome Mendelevio<\/strong><\/h2>\n<p> In passato era conosciuto come Unnilunio, ma fu cambiato in Mendelevio in onore di Dmitri Mendeleyev, il chimico russo che svilupp\u00f2 la tavola periodica. Poich\u00e9 la scoperta \u00e8 avvenuta nel pieno della Guerra Fredda tra Stati Uniti e Russia, \u00e8 stato necessario chiedere il permesso al governo nordamericano di rilasciare il nome del metallo appena scoperto. Questa richiesta non venne accettata fino al 1955, quando la IUPAC accett\u00f2 la designazione con il simbolo Mv, che venne poi cambiato in Md nel 1957.<\/p>\n<h3> <strong>Effetti del Mendelevio sulla salute e sull&#8217;ambiente<\/strong><\/h3>\n<p> Poich\u00e9 il Mendelevio non \u00e8 presente in natura e non vi sono prove della sua presenza nella crosta terrestre, si ritiene che non vi siano basi per affermare che abbia effetti controproducenti sull&#8217;ambiente. Tuttavia, se non maneggiato correttamente, pu\u00f2 essere dannoso per la salute in quanto \u00e8 un elemento radioattivo.<\/p>\n<h2> <strong>Tossicit\u00e0 del mendelevio<\/strong><\/h2>\n<p> Sebbene siano pochissime le persone che entrano in contatto diretto con questo elemento, la Commissione internazionale per la protezione radiologica ha specificato alcuni limiti di esposizione annuali per l&#8217;isotopo pi\u00f9 stabile. Nel caso dell&#8217;isotopo 258 Mendelevio, il suo limite di inalazione \u00e8 di 6.000 Becquerel e il limite di ingestione \u00e8 di 9 x 10 <sup>5<\/sup> bq.<\/p>\n<p> Insomma il Mendelevio \u00e8 raro da trovare in natura e nella crosta terrestre. \u00c8 stato prodotto artificialmente, ma in piccole quantit\u00e0. Sebbene non siano noti effetti avversi sulla salute, deve essere maneggiato correttamente poich\u00e9 \u00e8 altamente radioattivo.<\/p>\n","protected":false},"excerpt":{"rendered":"<p>Il Mendelevio \u00c8 un elemento chimico che non si trova in natura, motivo per cui la sua produzione \u00e8 rara. Fuori dal laboratorio non serve a nulla, viene utilizzato solo nella ricerca scientifica. Scopri tutto su questo elemento della tavola periodica. Cos&#8217;\u00e8 Mendelevio? L&#8217;aspetto dell&#8217;elemento chimico Mendelevio \u00e8 sconosciuto, \u00e8 probabile che il suo colore &#8230; <a title=\"Mendelevio\" class=\"read-more\" href=\"https:\/\/chemuza.org\/it\/mendelevio\/\" aria-label=\"More on Mendelevio\">Per saperne di pi\u00f9<\/a><\/p>\n","protected":false},"author":1,"featured_media":0,"parent":0,"menu_order":0,"comment_status":"closed","ping_status":"closed","template":"","meta":{"footnotes":""},"yoast_head":"<!-- This site is optimized with the Yoast SEO plugin v21.4 - https:\/\/yoast.com\/wordpress\/plugins\/seo\/ -->\n<title>Mendelevio \u2013 Chemuza<\/title>\n<meta name=\"robots\" content=\"index, follow, max-snippet:-1, max-image-preview:large, max-video-preview:-1\" \/>\n<link rel=\"canonical\" href=\"https:\/\/chemuza.org\/it\/mendelevio\/\" \/>\n<meta property=\"og:locale\" content=\"it_IT\" \/>\n<meta property=\"og:type\" content=\"article\" \/>\n<meta property=\"og:title\" content=\"Mendelevio \u2013 Chemuza\" \/>\n<meta property=\"og:description\" content=\"Il Mendelevio \u00c8 un elemento chimico che non si trova in natura, motivo per cui la sua produzione \u00e8 rara. Fuori dal laboratorio non serve a nulla, viene utilizzato solo nella ricerca scientifica. Scopri tutto su questo elemento della tavola periodica. Cos&#8217;\u00e8 Mendelevio? L&#8217;aspetto dell&#8217;elemento chimico Mendelevio \u00e8 sconosciuto, \u00e8 probabile che il suo colore ... Per saperne di pi\u00f9\" \/>\n<meta property=\"og:url\" content=\"https:\/\/chemuza.org\/it\/mendelevio\/\" \/>\n<meta property=\"og:site_name\" content=\"Chemuza\" \/>\n<meta name=\"twitter:card\" content=\"summary_large_image\" \/>\n<meta name=\"twitter:label1\" content=\"Tempo di lettura stimato\" \/>\n\t<meta name=\"twitter:data1\" content=\"3 minuti\" \/>\n<script type=\"application\/ld+json\" class=\"yoast-schema-graph\">{\"@context\":\"https:\/\/schema.org\",\"@graph\":[{\"@type\":\"WebPage\",\"@id\":\"https:\/\/chemuza.org\/it\/mendelevio\/\",\"url\":\"https:\/\/chemuza.org\/it\/mendelevio\/\",\"name\":\"Mendelevio \u2013 Chemuza\",\"isPartOf\":{\"@id\":\"https:\/\/chemuza.org\/it\/#website\"},\"datePublished\":\"2023-07-13T12:08:29+00:00\",\"dateModified\":\"2023-07-13T12:08:29+00:00\",\"breadcrumb\":{\"@id\":\"https:\/\/chemuza.org\/it\/mendelevio\/#breadcrumb\"},\"inLanguage\":\"it-IT\",\"potentialAction\":[{\"@type\":\"ReadAction\",\"target\":[\"https:\/\/chemuza.org\/it\/mendelevio\/\"]}]},{\"@type\":\"BreadcrumbList\",\"@id\":\"https:\/\/chemuza.org\/it\/mendelevio\/#breadcrumb\",\"itemListElement\":[{\"@type\":\"ListItem\",\"position\":1,\"name\":\"Casa\",\"item\":\"https:\/\/chemuza.org\/it\/\"},{\"@type\":\"ListItem\",\"position\":2,\"name\":\"Mendelevio\"}]},{\"@type\":\"WebSite\",\"@id\":\"https:\/\/chemuza.org\/it\/#website\",\"url\":\"https:\/\/chemuza.org\/it\/\",\"name\":\"Chemuza\",\"description\":\"La tua porta d&#039;accesso alla scoperta chimica!\",\"publisher\":{\"@id\":\"https:\/\/chemuza.org\/it\/#organization\"},\"potentialAction\":[{\"@type\":\"SearchAction\",\"target\":{\"@type\":\"EntryPoint\",\"urlTemplate\":\"https:\/\/chemuza.org\/it\/?s={search_term_string}\"},\"query-input\":\"required name=search_term_string\"}],\"inLanguage\":\"it-IT\"},{\"@type\":\"Organization\",\"@id\":\"https:\/\/chemuza.org\/it\/#organization\",\"name\":\"Chemuza\",\"url\":\"https:\/\/chemuza.org\/it\/\",\"logo\":{\"@type\":\"ImageObject\",\"inLanguage\":\"it-IT\",\"@id\":\"https:\/\/chemuza.org\/it\/#\/schema\/logo\/image\/\",\"url\":\"https:\/\/chemuza.org\/it\/wp-content\/uploads\/2023\/10\/chemuza-logo.png\",\"contentUrl\":\"https:\/\/chemuza.org\/it\/wp-content\/uploads\/2023\/10\/chemuza-logo.png\",\"width\":387,\"height\":70,\"caption\":\"Chemuza\"},\"image\":{\"@id\":\"https:\/\/chemuza.org\/it\/#\/schema\/logo\/image\/\"}}]}<\/script>\n<!-- \/ Yoast SEO plugin. -->","yoast_head_json":{"title":"Mendelevio \u2013 Chemuza","robots":{"index":"index","follow":"follow","max-snippet":"max-snippet:-1","max-image-preview":"max-image-preview:large","max-video-preview":"max-video-preview:-1"},"canonical":"https:\/\/chemuza.org\/it\/mendelevio\/","og_locale":"it_IT","og_type":"article","og_title":"Mendelevio \u2013 Chemuza","og_description":"Il Mendelevio \u00c8 un elemento chimico che non si trova in natura, motivo per cui la sua produzione \u00e8 rara. Fuori dal laboratorio non serve a nulla, viene utilizzato solo nella ricerca scientifica. Scopri tutto su questo elemento della tavola periodica. Cos&#8217;\u00e8 Mendelevio? L&#8217;aspetto dell&#8217;elemento chimico Mendelevio \u00e8 sconosciuto, \u00e8 probabile che il suo colore ... Per saperne di pi\u00f9","og_url":"https:\/\/chemuza.org\/it\/mendelevio\/","og_site_name":"Chemuza","twitter_card":"summary_large_image","twitter_misc":{"Tempo di lettura stimato":"3 minuti"},"schema":{"@context":"https:\/\/schema.org","@graph":[{"@type":"WebPage","@id":"https:\/\/chemuza.org\/it\/mendelevio\/","url":"https:\/\/chemuza.org\/it\/mendelevio\/","name":"Mendelevio \u2013 Chemuza","isPartOf":{"@id":"https:\/\/chemuza.org\/it\/#website"},"datePublished":"2023-07-13T12:08:29+00:00","dateModified":"2023-07-13T12:08:29+00:00","breadcrumb":{"@id":"https:\/\/chemuza.org\/it\/mendelevio\/#breadcrumb"},"inLanguage":"it-IT","potentialAction":[{"@type":"ReadAction","target":["https:\/\/chemuza.org\/it\/mendelevio\/"]}]},{"@type":"BreadcrumbList","@id":"https:\/\/chemuza.org\/it\/mendelevio\/#breadcrumb","itemListElement":[{"@type":"ListItem","position":1,"name":"Casa","item":"https:\/\/chemuza.org\/it\/"},{"@type":"ListItem","position":2,"name":"Mendelevio"}]},{"@type":"WebSite","@id":"https:\/\/chemuza.org\/it\/#website","url":"https:\/\/chemuza.org\/it\/","name":"Chemuza","description":"La tua porta d&#039;accesso alla scoperta chimica!","publisher":{"@id":"https:\/\/chemuza.org\/it\/#organization"},"potentialAction":[{"@type":"SearchAction","target":{"@type":"EntryPoint","urlTemplate":"https:\/\/chemuza.org\/it\/?s={search_term_string}"},"query-input":"required name=search_term_string"}],"inLanguage":"it-IT"},{"@type":"Organization","@id":"https:\/\/chemuza.org\/it\/#organization","name":"Chemuza","url":"https:\/\/chemuza.org\/it\/","logo":{"@type":"ImageObject","inLanguage":"it-IT","@id":"https:\/\/chemuza.org\/it\/#\/schema\/logo\/image\/","url":"https:\/\/chemuza.org\/it\/wp-content\/uploads\/2023\/10\/chemuza-logo.png","contentUrl":"https:\/\/chemuza.org\/it\/wp-content\/uploads\/2023\/10\/chemuza-logo.png","width":387,"height":70,"caption":"Chemuza"},"image":{"@id":"https:\/\/chemuza.org\/it\/#\/schema\/logo\/image\/"}}]}},"yoast_meta":{"yoast_wpseo_title":"","yoast_wpseo_metadesc":"","yoast_wpseo_canonical":""},"_links":{"self":[{"href":"https:\/\/chemuza.org\/it\/wp-json\/wp\/v2\/pages\/1533"}],"collection":[{"href":"https:\/\/chemuza.org\/it\/wp-json\/wp\/v2\/pages"}],"about":[{"href":"https:\/\/chemuza.org\/it\/wp-json\/wp\/v2\/types\/page"}],"author":[{"embeddable":true,"href":"https:\/\/chemuza.org\/it\/wp-json\/wp\/v2\/users\/1"}],"replies":[{"embeddable":true,"href":"https:\/\/chemuza.org\/it\/wp-json\/wp\/v2\/comments?post=1533"}],"version-history":[{"count":0,"href":"https:\/\/chemuza.org\/it\/wp-json\/wp\/v2\/pages\/1533\/revisions"}],"wp:attachment":[{"href":"https:\/\/chemuza.org\/it\/wp-json\/wp\/v2\/media?parent=1533"}],"curies":[{"name":"wp","href":"https:\/\/api.w.org\/{rel}","templated":true}]}}