{"id":1532,"date":"2023-07-13T12:43:46","date_gmt":"2023-07-13T12:43:46","guid":{"rendered":"https:\/\/chemuza.org\/it\/nettunio\/"},"modified":"2023-07-13T12:43:46","modified_gmt":"2023-07-13T12:43:46","slug":"nettunio","status":"publish","type":"page","link":"https:\/\/chemuza.org\/it\/nettunio\/","title":{"rendered":"Nettunio"},"content":{"rendered":"<p>Attualmente si conoscono circa 25 isotopi del Nettunio, alcuni dei quali provengono dalla natura. Tuttavia, la maggior parte viene prodotta sinteticamente in laboratorio. Poich\u00e9 \u00e8 un elemento fissile, \u00e8 stato utile all&#8217;industria spaziale e militare. Qui hai tutte le informazioni rilevanti su questo elemento chimico.<\/p>\n<h2> <strong>Cos&#8217;\u00e8 il Nettunio?<\/strong><\/h2>\n<p> L&#8217;elemento chimico Nettunio \u00e8 un elemento transuranico della tavola periodica che si trova in quarta posizione nella famiglia degli attinidi. Il suo colore \u00e8 bianco argenteo, ha somiglianze chimiche con l&#8217;uranio e forma composti binari con carbonio, idrogeno, ossigeno, fosforo, alogeni e zolfo. Inoltre presenta diversi gradi di ossidazione, da +3 a +7, dove +5 \u00e8 il pi\u00f9 stabile.<\/p>\n<h3> <strong>Simbolo del Nettunio<\/strong><\/h3>\n<p> <span class=\"content-chemical-element\" style=\"float: left;width: 65px;height: 65px;border: 3px solid #666; display:flex;\n    justify-content: center;align-items: center;margin-right: 15px;\"><span style=\"font-size: 38px;\">Np<\/span><\/span> Si trova nel gruppo 3, periodo 7 della tavola periodica con numero atomico 93 e massa atomica 237. Ha 24 radioisotopi, il pi\u00f9 stabile \u00e8 il Nettunio 237, che ha un tempo di dimezzamento di 2,14 milioni di anni . Il suo nome si riferisce al pianeta e dio del mare, secondo gli antichi racconti mitologici di Roma.<\/p>\n<h2> <strong>Caratteristiche del Nettunio<\/strong><\/h2>\n<p> \u00c8 uno dei metalli pi\u00f9 reattivi, i suoi ioni sono soggetti ad idrolisi e alla formazione di composti di coordinazione. A temperatura normale, esposto all&#8217;aria, si ossida in superficie, ma l&#8217;ossidazione aumenta all&#8217;aumentare della temperatura. Il suo punto di ebollizione supera i 3000 gradi e allo stato liquido la sua temperatura \u00e8 pi\u00f9 elevata. Le altre caratteristiche del Nettunio sono:<\/p>\n<ul>\n<li> <strong>Reazione chimica:<\/strong> Reagisce con l&#8217;ossigeno ed \u00e8 in grado di liberare idrogeno mediante decomposizione del vapore acqueo, anche con acidi.<\/li>\n<li> <strong>Lucentezza:<\/strong> metallica.<\/li>\n<li> <strong>Condizione:<\/strong> Solido nel suo stato naturale.<\/li>\n<li> <strong>Struttura:<\/strong> ortorombica, tetragonale e cubica.<\/li>\n<li> <strong>Punto di fusione:<\/strong> Relativamente basso, fusione a circa 639\u00b0C.<\/li>\n<\/ul>\n<h2> <strong>Propriet\u00e0 chimiche e fisiche del Nettunio<\/strong><\/h2>\n<ol>\n<li> <strong>Numero atomico<\/strong> : 93<\/li>\n<li> <strong>Periodo:<\/strong> 7<\/li>\n<li> <strong>blocco:<\/strong> f<\/li>\n<li> <strong>Raggio medio:<\/strong> 175<\/li>\n<li> <strong>Punto di fusione:<\/strong> 910K<\/li>\n<li> <strong>Densit\u00e0:<\/strong> 20250 kg\/ <sup>m3<\/sup><\/li>\n<li> <strong>Elettronegativit\u00e0:<\/strong> 1,36<\/li>\n<li> <strong>Entalpia di fusione:<\/strong> 5,19 Kj\/mol<\/li>\n<li> <strong>Punto di ebollizione:<\/strong> 4273 K<\/li>\n<li> <strong>Conduttivit\u00e0 termica:<\/strong> 6,3 W<\/li>\n<li> <strong>Configurazione elettronica:<\/strong> [Rn] 5f <sup>4<\/sup> 6d <sup>1<\/sup> 7s <sup>2<\/sup><\/li>\n<\/ol>\n<h2> <strong>Origine del Nettunio<\/strong><\/h2>\n<p> La scoperta di Nettunio ha avuto i suoi alti e bassi e uno dei tentativi falliti fu nel 1934 da parte di Enrico Fermi. Lo scienziato afferm\u00f2 falsamente di aver scoperto l&#8217;elemento 93, creando cos\u00ec l&#8217;ipotesi di un bombardamento dell&#8217;uranio con neutroni.<\/p>\n<p> Poi, nel 1938, la chimica Yvette Cauchois e il fisico Horia Hulubei affermarono di aver trovato l&#8217;elemento in un campione di minerale naturale, ma si trattava di un&#8217;informazione falsa. Poi, nel 1940, il chimico Edwin Mattison McMillan e il fisico Philip Hauge Abelson lo ottennero per la prima volta bombardando l&#8217;uranio con deuteroni ad alta velocit\u00e0. Per fare ci\u00f2, hanno utilizzato una macchina chiamata ciclotrone per rallentare i neutroni e dirigerli verso un <sup>bersaglio di uranio-238.<\/sup><\/p>\n<h2> <strong>A cosa serve il Nettunio?<\/strong><\/h2>\n<p> Poich\u00e9 \u00e8 un metallo fissile, viene utilizzato come combustibile per le armi nucleari, nonch\u00e9 nell&#8217;industria militare e spaziale. Inoltre, viene utilizzato negli studi di fisica e chimica, ma a causa della sua reattivit\u00e0 e dei suoi pericoli, gli usi del Nettunio non sono cos\u00ec estesi. Le sue principali applicazioni sono qui riassunte:<\/p>\n<h3> <strong>Industria<\/strong><\/h3>\n<p> Gli scienziati utilizzano il Nettunio 237 per produrre il Plutonio 238, che viene utilizzato per generare energia nucleare utilizzata nell&#8217;industria spaziale. \u00c8 utile anche nella produzione di navette spaziali, fari e per alimentare i satelliti. Viene utilizzato anche nella ricerca sulla fisica nucleare per creare un dispositivo in grado di rilevare neutroni ad alta energia.<\/p>\n<p> Anche se non \u00e8 possibile affermare che con il Nettunio sia stata realizzata un&#8217;arma nucleare, \u00e8 vero che nel 2002 \u00e8 stata creata la prima massa nucleare con questo metallo e strati di uranio. Ci\u00f2 dimostra chiaramente che questo elemento viene utilizzato per fabbricare bombe.<\/p>\n<h2> <strong>Come si ottiene il Nettunio?<\/strong><\/h2>\n<p> L&#8217;elemento Nettunio \u00e8 abbondantemente ottenuto come sottoprodotto nella produzione del Plutonio 239. Per ottenerlo in forma metallica, il trifluoruro di nettunio deve essere ridotto con vapori di bario a circa 1,20 gradi Celsius.<\/p>\n<h2> <strong>Nettunio e salute<\/strong><\/h2>\n<p> \u00c8 pericoloso e reattivo, quindi potrebbe causare danni mortali accumulandosi nel tratto digestivo, nel fegato e nelle ossa dove provoca tumori. Infatti, la sua tossicit\u00e0 \u00e8 tale che \u00e8 in grado di penetrare nei dispositivi di protezione come i guanti, quindi la sua manipolazione deve essere molto attenta.<\/p>\n<p> In conclusione il simbolo del Nettunio \u00e8 Np ed \u00e8 un elemento transuranico presente nella tavola periodica, di colore bianco-argenteo. Viene utilizzato solo nell&#8217;industria nucleare e spaziale, ma a causa della sua reattivit\u00e0 non viene utilizzato nella vita quotidiana poich\u00e9 potrebbe causare gravi danni alla salute.<\/p>\n","protected":false},"excerpt":{"rendered":"<p>Attualmente si conoscono circa 25 isotopi del Nettunio, alcuni dei quali provengono dalla natura. Tuttavia, la maggior parte viene prodotta sinteticamente in laboratorio. Poich\u00e9 \u00e8 un elemento fissile, \u00e8 stato utile all&#8217;industria spaziale e militare. Qui hai tutte le informazioni rilevanti su questo elemento chimico. Cos&#8217;\u00e8 il Nettunio? L&#8217;elemento chimico Nettunio \u00e8 un elemento transuranico &#8230; <a title=\"Nettunio\" class=\"read-more\" href=\"https:\/\/chemuza.org\/it\/nettunio\/\" aria-label=\"More on Nettunio\">Per saperne di pi\u00f9<\/a><\/p>\n","protected":false},"author":1,"featured_media":0,"parent":0,"menu_order":0,"comment_status":"closed","ping_status":"closed","template":"","meta":{"footnotes":""},"yoast_head":"<!-- This site is optimized with the Yoast SEO plugin v21.4 - https:\/\/yoast.com\/wordpress\/plugins\/seo\/ -->\n<title>Nettunio - Chemuza<\/title>\n<meta name=\"robots\" content=\"index, follow, max-snippet:-1, max-image-preview:large, max-video-preview:-1\" \/>\n<link rel=\"canonical\" href=\"https:\/\/chemuza.org\/it\/nettunio\/\" \/>\n<meta property=\"og:locale\" content=\"it_IT\" \/>\n<meta property=\"og:type\" content=\"article\" \/>\n<meta property=\"og:title\" content=\"Nettunio - Chemuza\" \/>\n<meta property=\"og:description\" content=\"Attualmente si conoscono circa 25 isotopi del Nettunio, alcuni dei quali provengono dalla natura. Tuttavia, la maggior parte viene prodotta sinteticamente in laboratorio. Poich\u00e9 \u00e8 un elemento fissile, \u00e8 stato utile all&#8217;industria spaziale e militare. Qui hai tutte le informazioni rilevanti su questo elemento chimico. Cos&#8217;\u00e8 il Nettunio? L&#8217;elemento chimico Nettunio \u00e8 un elemento transuranico ... Per saperne di pi\u00f9\" \/>\n<meta property=\"og:url\" content=\"https:\/\/chemuza.org\/it\/nettunio\/\" \/>\n<meta property=\"og:site_name\" content=\"Chemuza\" \/>\n<meta name=\"twitter:card\" content=\"summary_large_image\" \/>\n<meta name=\"twitter:label1\" content=\"Tempo di lettura stimato\" \/>\n\t<meta name=\"twitter:data1\" content=\"3 minuti\" \/>\n<script type=\"application\/ld+json\" class=\"yoast-schema-graph\">{\"@context\":\"https:\/\/schema.org\",\"@graph\":[{\"@type\":\"WebPage\",\"@id\":\"https:\/\/chemuza.org\/it\/nettunio\/\",\"url\":\"https:\/\/chemuza.org\/it\/nettunio\/\",\"name\":\"Nettunio - Chemuza\",\"isPartOf\":{\"@id\":\"https:\/\/chemuza.org\/it\/#website\"},\"datePublished\":\"2023-07-13T12:43:46+00:00\",\"dateModified\":\"2023-07-13T12:43:46+00:00\",\"breadcrumb\":{\"@id\":\"https:\/\/chemuza.org\/it\/nettunio\/#breadcrumb\"},\"inLanguage\":\"it-IT\",\"potentialAction\":[{\"@type\":\"ReadAction\",\"target\":[\"https:\/\/chemuza.org\/it\/nettunio\/\"]}]},{\"@type\":\"BreadcrumbList\",\"@id\":\"https:\/\/chemuza.org\/it\/nettunio\/#breadcrumb\",\"itemListElement\":[{\"@type\":\"ListItem\",\"position\":1,\"name\":\"Casa\",\"item\":\"https:\/\/chemuza.org\/it\/\"},{\"@type\":\"ListItem\",\"position\":2,\"name\":\"Nettunio\"}]},{\"@type\":\"WebSite\",\"@id\":\"https:\/\/chemuza.org\/it\/#website\",\"url\":\"https:\/\/chemuza.org\/it\/\",\"name\":\"Chemuza\",\"description\":\"La tua porta d&#039;accesso alla scoperta chimica!\",\"publisher\":{\"@id\":\"https:\/\/chemuza.org\/it\/#organization\"},\"potentialAction\":[{\"@type\":\"SearchAction\",\"target\":{\"@type\":\"EntryPoint\",\"urlTemplate\":\"https:\/\/chemuza.org\/it\/?s={search_term_string}\"},\"query-input\":\"required name=search_term_string\"}],\"inLanguage\":\"it-IT\"},{\"@type\":\"Organization\",\"@id\":\"https:\/\/chemuza.org\/it\/#organization\",\"name\":\"Chemuza\",\"url\":\"https:\/\/chemuza.org\/it\/\",\"logo\":{\"@type\":\"ImageObject\",\"inLanguage\":\"it-IT\",\"@id\":\"https:\/\/chemuza.org\/it\/#\/schema\/logo\/image\/\",\"url\":\"https:\/\/chemuza.org\/it\/wp-content\/uploads\/2023\/10\/chemuza-logo.png\",\"contentUrl\":\"https:\/\/chemuza.org\/it\/wp-content\/uploads\/2023\/10\/chemuza-logo.png\",\"width\":387,\"height\":70,\"caption\":\"Chemuza\"},\"image\":{\"@id\":\"https:\/\/chemuza.org\/it\/#\/schema\/logo\/image\/\"}}]}<\/script>\n<!-- \/ Yoast SEO plugin. -->","yoast_head_json":{"title":"Nettunio - Chemuza","robots":{"index":"index","follow":"follow","max-snippet":"max-snippet:-1","max-image-preview":"max-image-preview:large","max-video-preview":"max-video-preview:-1"},"canonical":"https:\/\/chemuza.org\/it\/nettunio\/","og_locale":"it_IT","og_type":"article","og_title":"Nettunio - Chemuza","og_description":"Attualmente si conoscono circa 25 isotopi del Nettunio, alcuni dei quali provengono dalla natura. Tuttavia, la maggior parte viene prodotta sinteticamente in laboratorio. Poich\u00e9 \u00e8 un elemento fissile, \u00e8 stato utile all&#8217;industria spaziale e militare. Qui hai tutte le informazioni rilevanti su questo elemento chimico. Cos&#8217;\u00e8 il Nettunio? L&#8217;elemento chimico Nettunio \u00e8 un elemento transuranico ... Per saperne di pi\u00f9","og_url":"https:\/\/chemuza.org\/it\/nettunio\/","og_site_name":"Chemuza","twitter_card":"summary_large_image","twitter_misc":{"Tempo di lettura stimato":"3 minuti"},"schema":{"@context":"https:\/\/schema.org","@graph":[{"@type":"WebPage","@id":"https:\/\/chemuza.org\/it\/nettunio\/","url":"https:\/\/chemuza.org\/it\/nettunio\/","name":"Nettunio - Chemuza","isPartOf":{"@id":"https:\/\/chemuza.org\/it\/#website"},"datePublished":"2023-07-13T12:43:46+00:00","dateModified":"2023-07-13T12:43:46+00:00","breadcrumb":{"@id":"https:\/\/chemuza.org\/it\/nettunio\/#breadcrumb"},"inLanguage":"it-IT","potentialAction":[{"@type":"ReadAction","target":["https:\/\/chemuza.org\/it\/nettunio\/"]}]},{"@type":"BreadcrumbList","@id":"https:\/\/chemuza.org\/it\/nettunio\/#breadcrumb","itemListElement":[{"@type":"ListItem","position":1,"name":"Casa","item":"https:\/\/chemuza.org\/it\/"},{"@type":"ListItem","position":2,"name":"Nettunio"}]},{"@type":"WebSite","@id":"https:\/\/chemuza.org\/it\/#website","url":"https:\/\/chemuza.org\/it\/","name":"Chemuza","description":"La tua porta d&#039;accesso alla scoperta chimica!","publisher":{"@id":"https:\/\/chemuza.org\/it\/#organization"},"potentialAction":[{"@type":"SearchAction","target":{"@type":"EntryPoint","urlTemplate":"https:\/\/chemuza.org\/it\/?s={search_term_string}"},"query-input":"required name=search_term_string"}],"inLanguage":"it-IT"},{"@type":"Organization","@id":"https:\/\/chemuza.org\/it\/#organization","name":"Chemuza","url":"https:\/\/chemuza.org\/it\/","logo":{"@type":"ImageObject","inLanguage":"it-IT","@id":"https:\/\/chemuza.org\/it\/#\/schema\/logo\/image\/","url":"https:\/\/chemuza.org\/it\/wp-content\/uploads\/2023\/10\/chemuza-logo.png","contentUrl":"https:\/\/chemuza.org\/it\/wp-content\/uploads\/2023\/10\/chemuza-logo.png","width":387,"height":70,"caption":"Chemuza"},"image":{"@id":"https:\/\/chemuza.org\/it\/#\/schema\/logo\/image\/"}}]}},"yoast_meta":{"yoast_wpseo_title":"","yoast_wpseo_metadesc":"","yoast_wpseo_canonical":""},"_links":{"self":[{"href":"https:\/\/chemuza.org\/it\/wp-json\/wp\/v2\/pages\/1532"}],"collection":[{"href":"https:\/\/chemuza.org\/it\/wp-json\/wp\/v2\/pages"}],"about":[{"href":"https:\/\/chemuza.org\/it\/wp-json\/wp\/v2\/types\/page"}],"author":[{"embeddable":true,"href":"https:\/\/chemuza.org\/it\/wp-json\/wp\/v2\/users\/1"}],"replies":[{"embeddable":true,"href":"https:\/\/chemuza.org\/it\/wp-json\/wp\/v2\/comments?post=1532"}],"version-history":[{"count":0,"href":"https:\/\/chemuza.org\/it\/wp-json\/wp\/v2\/pages\/1532\/revisions"}],"wp:attachment":[{"href":"https:\/\/chemuza.org\/it\/wp-json\/wp\/v2\/media?parent=1532"}],"curies":[{"name":"wp","href":"https:\/\/api.w.org\/{rel}","templated":true}]}}