{"id":1529,"date":"2023-07-13T14:10:29","date_gmt":"2023-07-13T14:10:29","guid":{"rendered":"https:\/\/chemuza.org\/it\/rutherfordio\/"},"modified":"2023-07-13T14:10:29","modified_gmt":"2023-07-13T14:10:29","slug":"rutherfordio","status":"publish","type":"page","link":"https:\/\/chemuza.org\/it\/rutherfordio\/","title":{"rendered":"Rutherfordio"},"content":{"rendered":"<p>\u00c8 un elemento sintetico della tavola periodica che non si trova naturalmente in natura. Pu\u00f2 essere creato solo in laboratorio attraverso il bombardamento nucleare dei nuclei di carbonio 12 e dell&#8217;elemento californio 249. Scopri le sue caratteristiche, le propriet\u00e0 e se \u00e8 utile oggi.<\/p>\n<h2> <strong>Cos&#8217;\u00e8 il Rutherfordio?<\/strong><\/h2>\n<p> Il Rutherfordio era precedentemente chiamato Kurchatovioy ed \u00e8 il secondo elemento dei 66 metalli di transizione nella tavola periodica. Non ha isotopi di origine naturale, ma in laboratorio ne sono stati sintetizzati 12 e i pi\u00f9 stabili sono <sup>261<\/sup> Rf, <sup>265<\/sup> Rf e <sup>263<\/sup> Rf, che hanno un&#8217;emivita di 10 minuti. Il suo aspetto \u00e8 metallico e argenteo, di colore bianco o grigio. Tra gli elementi transattinidi \u00e8 il primo e forse condivide alcune somiglianze con l&#8217;Afnio.<\/p>\n<h3> <strong>Simbolo di Rutherfordio<\/strong><\/h3>\n<p> <span class=\"content-chemical-element\" style=\"float: left;width: 65px;height: 65px;border: 3px solid #666; display:flex;\n    justify-content: center;align-items: center;margin-right: 15px;\"><span style=\"font-size: 38px;\">Rf<\/span><\/span> Si trova nel gruppo 4 della tavola periodica con numero atomico 104 e massa atomica 261. Appartiene al blocco d e periodo 7 e come elemento subisce decadimento radioattivo di protoni, beta, alfa e fissione spontanea.<\/p>\n<h2> <strong>Caratteristiche del Rutherfordio<\/strong><\/h2>\n<p> Presenta elevata reattivit\u00e0, elevata durezza ed \u00e8 un buon conduttore di calore ed elettricit\u00e0. Inoltre, i suoi punti di ebollizione e fusione sono elevati. Altre caratteristiche sono:<\/p>\n<ul>\n<li> <strong>Isotopi<\/strong> : sono tutti sintetici e radioattivi.<\/li>\n<li> <strong>Condizioni ordinarie:<\/strong> forse solido.<\/li>\n<li> <strong>Aspetto<\/strong> : \u00c8 un materiale sintetico radioattivo, a pressione e temperatura ambiente \u00e8 solido.<\/li>\n<li> <strong>Struttura cristallina<\/strong> : esagonale compatta come l&#8217;afnio.<\/li>\n<li> <strong>Tossicit\u00e0<\/strong> : A causa della sua reattivit\u00e0 \u00e8 dannoso per la salute.<\/li>\n<\/ul>\n<h2> <strong>Propriet\u00e0 chimiche e fisiche del Rutherfordio<\/strong><\/h2>\n<ol>\n<li> <strong>Numero atomico<\/strong> : 104<\/li>\n<li> <strong>Numeri di ossidazione:<\/strong> +3, +4<\/li>\n<li> <strong>Densit\u00e0:<\/strong> stimata in 23.000<\/li>\n<li> <strong>Neutroni:<\/strong> 157<\/li>\n<li> <strong>Elettroni:<\/strong> 104<\/li>\n<li> <strong>Protoni:<\/strong> 104<\/li>\n<li> <strong>Punto di fusione:<\/strong> 2100\u00b0C<\/li>\n<li> <strong>Punto di ebollizione:<\/strong> 5500\u00b0C<\/li>\n<li> <strong>Energia di ionizzazione:<\/strong> stimata 490<\/li>\n<li> <strong>Configurazione elettronica:<\/strong> Probabilmente [Rn] 5f <sup>14<\/sup> 6d <sup>2<\/sup> 7s <sup>2<\/sup><\/li>\n<\/ol>\n<h2> <strong>Origine del Rutherfordio<\/strong><\/h2>\n<p> La scoperta di questo metallo, come di altri, \u00e8 stata oggetto di controversia. Nel 1964, a Dubna, in Russia, fu sintetizzato per la prima volta, quando alcuni scienziati iniziarono a bombardare il Plutonio 242 con ioni Neon 22. Successivamente riferirono che in un vetro speciale erano state trovate tracce di fissione nucleare, il che indicava la presenza di un nuovo elemento. \u00c8 stato identificato come l&#8217;isotopo <sup>260<\/sup> Rf con una durata minima di circa 0,3 secondi, successivamente aumentata a 0,15.<\/p>\n<h2> <strong>A cosa serve il Rutherfordio?<\/strong><\/h2>\n<p> Al giorno d&#8217;oggi questo elemento sintetico non ha alcuna applicazione, quindi il suo utilizzo \u00e8 limitato alla ricerca scientifica in laboratorio. Inoltre, si sa molto poco a riguardo perch\u00e9 non si trova in natura e i suoi isotopi sintetici hanno un\u2019emivita molto breve. Tuttavia, continuano gli studi sugli isotopi per cercarne l&#8217;estensione e la miscelazione con altri metalli per determinarne il comportamento.<\/p>\n<h2> <strong>Origine del nome Rutherford<\/strong><\/h2>\n<p> Inizialmente il nome suscit\u00f2 polemiche, poich\u00e9 i sovietici che lo sintetizzarono in Dubna proposero di chiamarlo Dubnio in onore di Igor Vasilievich Kurchatov. Invece gli americani proposero Rutherfordio in onore di Ernest Rutherford, il famoso fisico nucleare e padre della fisica nucleare. Infine, per l&#8217;anno 1997, ha ricevuto il titolo di Rutherfordio.<\/p>\n<h2> <strong>Come si ottiene il Rutherfordio<\/strong><\/h2>\n<p> Questo elemento non si trova naturalmente in natura, si ottiene solo in laboratorio bombardando il Plutonio con ioni neon accelerati tra 113 e 115 MeV. Per questo motivo \u00e8 considerato un elemento sintetico dalle propriet\u00e0 ancora sconosciute.<\/p>\n<h2> <strong>Chi ha scoperto Rutherfordio?<\/strong><\/h2>\n<p> Nel 1969, presso l&#8217;Universit\u00e0 della California, Berkeley, i ricercatori Nurmia, Kay Eskola, Albert Ghiorso e Pl Eskola annunciarono la creazione di due isotopi dell&#8217;elemento 104, diversi da quello trovato a Dubna. Quindi, hanno sintetizzato l\u2019elemento aggiungendo carbonio-12 e californio-249 durante alcune collisioni ad alta energia. Questo esperimento ha prodotto un primo isotopo avente un&#8217;emivita di 4,5 secondi e il secondo un isotopo avente un&#8217;emivita di 3-4 secondi.<\/p>\n<h2> <strong>Effetti prodotti dal Rutherfordio sull&#8217;ambiente e sulla salute<\/strong><\/h2>\n<p> Poich\u00e9 la sua durata di vita \u00e8 molto breve e i suoi isotopi sono molto instabili, \u00e8 difficile determinare con esattezza i suoi possibili effetti sull\u2019ambiente o sul corpo umano. Anche qualsiasi quantit\u00e0 formata si decompone rapidamente con altri elementi. Tuttavia, durante gli esperimenti di laboratorio, vengono prese le precauzioni necessarie durante la manipolazione.<\/p>\n<p> In conclusione, si tratta di un elemento artificiale creato nei laboratori di ricerca scientifica. Non \u00e8 possibile trovarlo in natura e la creazione di isotopi presenta grande instabilit\u00e0 e durata di vita breve. Pertanto, le applicazioni del Rutherfordio sono ancora sconosciute, anche se gli esperimenti sono ancora in corso.<\/p>\n","protected":false},"excerpt":{"rendered":"<p>\u00c8 un elemento sintetico della tavola periodica che non si trova naturalmente in natura. Pu\u00f2 essere creato solo in laboratorio attraverso il bombardamento nucleare dei nuclei di carbonio 12 e dell&#8217;elemento californio 249. Scopri le sue caratteristiche, le propriet\u00e0 e se \u00e8 utile oggi. Cos&#8217;\u00e8 il Rutherfordio? Il Rutherfordio era precedentemente chiamato Kurchatovioy ed \u00e8 &#8230; <a title=\"Rutherfordio\" class=\"read-more\" href=\"https:\/\/chemuza.org\/it\/rutherfordio\/\" aria-label=\"More on Rutherfordio\">Per saperne di pi\u00f9<\/a><\/p>\n","protected":false},"author":1,"featured_media":0,"parent":0,"menu_order":0,"comment_status":"closed","ping_status":"closed","template":"","meta":{"footnotes":""},"yoast_head":"<!-- This site is optimized with the Yoast SEO plugin v21.4 - https:\/\/yoast.com\/wordpress\/plugins\/seo\/ -->\n<title>Rutherfordio-Chemuza<\/title>\n<meta name=\"robots\" content=\"index, follow, max-snippet:-1, max-image-preview:large, max-video-preview:-1\" \/>\n<link rel=\"canonical\" href=\"https:\/\/chemuza.org\/it\/rutherfordio\/\" \/>\n<meta property=\"og:locale\" content=\"it_IT\" \/>\n<meta property=\"og:type\" content=\"article\" \/>\n<meta property=\"og:title\" content=\"Rutherfordio-Chemuza\" \/>\n<meta property=\"og:description\" content=\"\u00c8 un elemento sintetico della tavola periodica che non si trova naturalmente in natura. Pu\u00f2 essere creato solo in laboratorio attraverso il bombardamento nucleare dei nuclei di carbonio 12 e dell&#8217;elemento californio 249. Scopri le sue caratteristiche, le propriet\u00e0 e se \u00e8 utile oggi. Cos&#8217;\u00e8 il Rutherfordio? Il Rutherfordio era precedentemente chiamato Kurchatovioy ed \u00e8 ... Per saperne di pi\u00f9\" \/>\n<meta property=\"og:url\" content=\"https:\/\/chemuza.org\/it\/rutherfordio\/\" \/>\n<meta property=\"og:site_name\" content=\"Chemuza\" \/>\n<meta name=\"twitter:card\" content=\"summary_large_image\" \/>\n<meta name=\"twitter:label1\" content=\"Tempo di lettura stimato\" \/>\n\t<meta name=\"twitter:data1\" content=\"3 minuti\" \/>\n<script type=\"application\/ld+json\" class=\"yoast-schema-graph\">{\"@context\":\"https:\/\/schema.org\",\"@graph\":[{\"@type\":\"WebPage\",\"@id\":\"https:\/\/chemuza.org\/it\/rutherfordio\/\",\"url\":\"https:\/\/chemuza.org\/it\/rutherfordio\/\",\"name\":\"Rutherfordio-Chemuza\",\"isPartOf\":{\"@id\":\"https:\/\/chemuza.org\/it\/#website\"},\"datePublished\":\"2023-07-13T14:10:29+00:00\",\"dateModified\":\"2023-07-13T14:10:29+00:00\",\"breadcrumb\":{\"@id\":\"https:\/\/chemuza.org\/it\/rutherfordio\/#breadcrumb\"},\"inLanguage\":\"it-IT\",\"potentialAction\":[{\"@type\":\"ReadAction\",\"target\":[\"https:\/\/chemuza.org\/it\/rutherfordio\/\"]}]},{\"@type\":\"BreadcrumbList\",\"@id\":\"https:\/\/chemuza.org\/it\/rutherfordio\/#breadcrumb\",\"itemListElement\":[{\"@type\":\"ListItem\",\"position\":1,\"name\":\"Casa\",\"item\":\"https:\/\/chemuza.org\/it\/\"},{\"@type\":\"ListItem\",\"position\":2,\"name\":\"Rutherfordio\"}]},{\"@type\":\"WebSite\",\"@id\":\"https:\/\/chemuza.org\/it\/#website\",\"url\":\"https:\/\/chemuza.org\/it\/\",\"name\":\"Chemuza\",\"description\":\"La tua porta d&#039;accesso alla scoperta chimica!\",\"publisher\":{\"@id\":\"https:\/\/chemuza.org\/it\/#organization\"},\"potentialAction\":[{\"@type\":\"SearchAction\",\"target\":{\"@type\":\"EntryPoint\",\"urlTemplate\":\"https:\/\/chemuza.org\/it\/?s={search_term_string}\"},\"query-input\":\"required name=search_term_string\"}],\"inLanguage\":\"it-IT\"},{\"@type\":\"Organization\",\"@id\":\"https:\/\/chemuza.org\/it\/#organization\",\"name\":\"Chemuza\",\"url\":\"https:\/\/chemuza.org\/it\/\",\"logo\":{\"@type\":\"ImageObject\",\"inLanguage\":\"it-IT\",\"@id\":\"https:\/\/chemuza.org\/it\/#\/schema\/logo\/image\/\",\"url\":\"https:\/\/chemuza.org\/it\/wp-content\/uploads\/2023\/10\/chemuza-logo.png\",\"contentUrl\":\"https:\/\/chemuza.org\/it\/wp-content\/uploads\/2023\/10\/chemuza-logo.png\",\"width\":387,\"height\":70,\"caption\":\"Chemuza\"},\"image\":{\"@id\":\"https:\/\/chemuza.org\/it\/#\/schema\/logo\/image\/\"}}]}<\/script>\n<!-- \/ Yoast SEO plugin. -->","yoast_head_json":{"title":"Rutherfordio-Chemuza","robots":{"index":"index","follow":"follow","max-snippet":"max-snippet:-1","max-image-preview":"max-image-preview:large","max-video-preview":"max-video-preview:-1"},"canonical":"https:\/\/chemuza.org\/it\/rutherfordio\/","og_locale":"it_IT","og_type":"article","og_title":"Rutherfordio-Chemuza","og_description":"\u00c8 un elemento sintetico della tavola periodica che non si trova naturalmente in natura. Pu\u00f2 essere creato solo in laboratorio attraverso il bombardamento nucleare dei nuclei di carbonio 12 e dell&#8217;elemento californio 249. Scopri le sue caratteristiche, le propriet\u00e0 e se \u00e8 utile oggi. Cos&#8217;\u00e8 il Rutherfordio? Il Rutherfordio era precedentemente chiamato Kurchatovioy ed \u00e8 ... Per saperne di pi\u00f9","og_url":"https:\/\/chemuza.org\/it\/rutherfordio\/","og_site_name":"Chemuza","twitter_card":"summary_large_image","twitter_misc":{"Tempo di lettura stimato":"3 minuti"},"schema":{"@context":"https:\/\/schema.org","@graph":[{"@type":"WebPage","@id":"https:\/\/chemuza.org\/it\/rutherfordio\/","url":"https:\/\/chemuza.org\/it\/rutherfordio\/","name":"Rutherfordio-Chemuza","isPartOf":{"@id":"https:\/\/chemuza.org\/it\/#website"},"datePublished":"2023-07-13T14:10:29+00:00","dateModified":"2023-07-13T14:10:29+00:00","breadcrumb":{"@id":"https:\/\/chemuza.org\/it\/rutherfordio\/#breadcrumb"},"inLanguage":"it-IT","potentialAction":[{"@type":"ReadAction","target":["https:\/\/chemuza.org\/it\/rutherfordio\/"]}]},{"@type":"BreadcrumbList","@id":"https:\/\/chemuza.org\/it\/rutherfordio\/#breadcrumb","itemListElement":[{"@type":"ListItem","position":1,"name":"Casa","item":"https:\/\/chemuza.org\/it\/"},{"@type":"ListItem","position":2,"name":"Rutherfordio"}]},{"@type":"WebSite","@id":"https:\/\/chemuza.org\/it\/#website","url":"https:\/\/chemuza.org\/it\/","name":"Chemuza","description":"La tua porta d&#039;accesso alla scoperta chimica!","publisher":{"@id":"https:\/\/chemuza.org\/it\/#organization"},"potentialAction":[{"@type":"SearchAction","target":{"@type":"EntryPoint","urlTemplate":"https:\/\/chemuza.org\/it\/?s={search_term_string}"},"query-input":"required name=search_term_string"}],"inLanguage":"it-IT"},{"@type":"Organization","@id":"https:\/\/chemuza.org\/it\/#organization","name":"Chemuza","url":"https:\/\/chemuza.org\/it\/","logo":{"@type":"ImageObject","inLanguage":"it-IT","@id":"https:\/\/chemuza.org\/it\/#\/schema\/logo\/image\/","url":"https:\/\/chemuza.org\/it\/wp-content\/uploads\/2023\/10\/chemuza-logo.png","contentUrl":"https:\/\/chemuza.org\/it\/wp-content\/uploads\/2023\/10\/chemuza-logo.png","width":387,"height":70,"caption":"Chemuza"},"image":{"@id":"https:\/\/chemuza.org\/it\/#\/schema\/logo\/image\/"}}]}},"yoast_meta":{"yoast_wpseo_title":"","yoast_wpseo_metadesc":"","yoast_wpseo_canonical":""},"_links":{"self":[{"href":"https:\/\/chemuza.org\/it\/wp-json\/wp\/v2\/pages\/1529"}],"collection":[{"href":"https:\/\/chemuza.org\/it\/wp-json\/wp\/v2\/pages"}],"about":[{"href":"https:\/\/chemuza.org\/it\/wp-json\/wp\/v2\/types\/page"}],"author":[{"embeddable":true,"href":"https:\/\/chemuza.org\/it\/wp-json\/wp\/v2\/users\/1"}],"replies":[{"embeddable":true,"href":"https:\/\/chemuza.org\/it\/wp-json\/wp\/v2\/comments?post=1529"}],"version-history":[{"count":0,"href":"https:\/\/chemuza.org\/it\/wp-json\/wp\/v2\/pages\/1529\/revisions"}],"wp:attachment":[{"href":"https:\/\/chemuza.org\/it\/wp-json\/wp\/v2\/media?parent=1529"}],"curies":[{"name":"wp","href":"https:\/\/api.w.org\/{rel}","templated":true}]}}