{"id":1528,"date":"2023-07-13T14:37:58","date_gmt":"2023-07-13T14:37:58","guid":{"rendered":"https:\/\/chemuza.org\/it\/laurent\/"},"modified":"2023-07-13T14:37:58","modified_gmt":"2023-07-13T14:37:58","slug":"laurent","status":"publish","type":"page","link":"https:\/\/chemuza.org\/it\/laurent\/","title":{"rendered":"Lorenzo"},"content":{"rendered":"<p>Il Laurentium \u00e8 un elemento sintetico che non si trova nella crosta terrestre ed \u00e8 instabile, quindi decade in presenza di altri composti. Si distingue per la sua elevata radioattivit\u00e0, motivo per cui ha poche applicazioni nella vita di tutti i giorni. Inoltre, i suoi effetti sulla salute non sono noti con certezza. Possiamo per\u00f2 saperne di pi\u00f9 descrivendone le propriet\u00e0, le caratteristiche e le modalit\u00e0 per ottenerlo.<\/p>\n<h2> <strong>Cos&#8217;\u00e8 Laurencio?<\/strong><\/h2>\n<p> Appartiene al gruppo degli attinidi della tavola periodica come elemento chimico radioattivo. \u00c8 sintetico, il che significa che non si trova naturalmente nell&#8217;ambiente. Inoltre, ha un aspetto metallico ed \u00e8 il pi\u00f9 pesante del suo gruppo. \u00c8 formato da 10 isotopi, tutti radioattivi, che si disintegrano nell&#8217;ambiente in meno di 3 minuti, ad eccezione del 266Lr, che si disintegra in 11 ore.<\/p>\n<h3> <strong>Simbolo di Laurenzio<\/strong><\/h3>\n<p> <span class=\"content-chemical-element\" style=\"float: left;width: 65px;height: 65px;border: 3px solid #666; display:flex;\n    justify-content: center;align-items: center;margin-right: 15px;\"><span style=\"font-size: 38px;\">Lr<\/span><\/span> Si chiama cos\u00ec perch\u00e9 \u00e8 stato scoperto al Lawrence Radiation Laboratory dell&#8217;Universit\u00e0 della California. Inizialmente gli venne assegnato il simbolo Lw, ma nel 1997 l&#8217;Unione Internazionale di Chimica conferm\u00f2 il suo nome, Laurencio, con il simbolo Lr.<\/p>\n<h2> <strong>Caratteristiche di Laurencio<\/strong><\/h2>\n<p> L&#8217;elemento Laurentium si trova nel gruppo 3, blocco D della tavola periodica. Firmato con il numero atomico 103, presenta un comportamento radioattivo simile al lutezio. Ha propriet\u00e0 metalliche di transizione ed \u00e8 molto pesante data la sua composizione atomica. Grazie a ci\u00f2, \u00e8 l&#8217;unico elemento in grado di trasformare un atomo in uno ione, il che permette di estrarre facilmente i suoi elettroni. Altre caratteristiche sono:<\/p>\n<ul>\n<li> <strong>Stato<\/strong> : solido, sebbene possa passare alla fase liquida e gassosa.<\/li>\n<li> <strong>Colore<\/strong> : Bianco grigiastro, con toni argentati.<\/li>\n<li> <strong>Sapore e odore<\/strong> : \u00e8 inodore e non vi \u00e8 alcun riferimento al suo gusto.<\/li>\n<li> <strong>Composizione:<\/strong> Composto da 103 protoni ed elettroni, con 157 neutroni.<\/li>\n<li> <strong>Reattivit\u00e0:<\/strong> Alta, si disintegra facilmente in aria e acqua.<\/li>\n<li> <strong>Radioattivit\u00e0<\/strong> : Alta, motivo per cui ha solo usi nucleari.<\/li>\n<li> <strong>Solubilit\u00e0<\/strong> : \u00e8 solubile in acqua e altri composti.<\/li>\n<li> <strong>Durezza<\/strong> : \u00e8 duro e resistente.<\/li>\n<li> <strong>Conduttivit\u00e0<\/strong> : moderata.<\/li>\n<\/ul>\n<h2> <strong>Propriet\u00e0 chimiche e fisiche del Laurentium<\/strong><\/h2>\n<ol>\n<li> <strong>Numero atomico<\/strong> : 103<\/li>\n<li> <strong>Periodo<\/strong> : 7<\/li>\n<li> <strong>Blocca<\/strong> \ud83d\ude00<\/li>\n<li> <strong>Gruppo<\/strong> : 3<\/li>\n<li> <strong>Stato di ossidazione<\/strong> : 3<\/li>\n<li> <strong>Elettronegativit\u00e0:<\/strong> 1.3<\/li>\n<li> <strong>Densit\u00e0: 293K<\/strong><\/li>\n<li> <strong>Punto di fusione:<\/strong> 1627\u00b0C<\/li>\n<li> <strong>Raggio atomico:<\/strong> sconosciuto<\/li>\n<li> <strong>Raggio medio:<\/strong> sconosciuto<\/li>\n<li> <strong>Massa atomica (g\/mol):<\/strong> 262 u<\/li>\n<li> <strong>Configurazione elettronica:<\/strong> [Rn]5f14 7s27 p1<\/li>\n<li> <strong>Potenziale di prima ionizzazione<\/strong> (eV): 443,8 kJ\/mol<\/li>\n<li> <strong>Punto di ebollizione:<\/strong> Non calcolato<strong> <\/strong><\/li>\n<li><strong>Elettroni per guscio:<\/strong> 2.8,18.32, 32, 8, 3<\/li>\n<li> <strong>Conduttivit\u00e0 termica:<\/strong> 0,1 W\/cmK<\/li>\n<\/ol>\n<h2> <strong>Origine di Laurencio<\/strong><\/h2>\n<p> Fu scoperto da Albert Ghiorso nel 1961 al Lawrence Radiation Laboratory in California. Questo scienziato e i suoi colleghi hanno bombardato una combinazione di isotopi del californio con ioni di boro per ottenere gli isotopi dell&#8217;elemento. Il risultato fu un atomo dell&#8217;elemento Lr 256, con un nucleo composto da 103 elettroni e protoni. Inoltre, questi studi hanno confermato la breve durata di vita di quasi tutti i suoi isotopi, poich\u00e9 si decompongono entro tre minuti.<\/p>\n<h2> <strong>A cosa serve Laurencio?<\/strong><\/h2>\n<p> Gli usi del Laurentium sono limitati perch\u00e9 \u00e8 un elemento radioattivo e raramente si trova in natura. I pochi campioni esistenti vengono gestiti in laboratori specializzati di ricerca nucleare. Poich\u00e9 il suo isotopo 266 emette radiazioni alfa, viene utilizzato negli studi scientifici relativi alla produzione di energia.<\/p>\n<h2> <strong>Ottenere il Laurencio<\/strong><\/h2>\n<p> L&#8217;elemento chimico Laurentium si ottiene solo artificialmente e viene prodotto solo in quantit\u00e0 minime. Il processo consiste nel bombardare gli isotopi del californio utilizzando ioni boro e un acceleratore lineare. Durante la procedura vengono isolate parti dell&#8217;elemento, tutte radioattive e instabili che decadono rapidamente.<\/p>\n<h2> <strong>Laurentium e la sua posizione nella tavola periodica<\/strong><\/h2>\n<p> Il gruppo tre della tavola periodica deve essere composto da soli 4 elementi, Scandio, Ittrio, Lantanio e Lutezio. L&#8217;inclusione del Laurentium non \u00e8 chiara, ma \u00e8 possibile che ci\u00f2 sia dovuto alla sua produzione artificiale, alla breve durata di vita e alla pesante composizione atomica, aspetti comuni anche agli elementi gi\u00e0 menzionati. Inoltre, sono tutti resistenti, lucenti, elettricamente conduttivi e reattivi, con poche applicazioni nel settore chimico e industriale.<\/p>\n<h2> <strong>Effetti del Laurentium sulla salute<\/strong><\/h2>\n<p> Poich\u00e9 questo elemento ha caratteristiche radioattive e viene prodotto in quantit\u00e0 minime, non sono noti effetti negativi sulla salute. Pertanto deve essere usato con cautela, poich\u00e9 i suoi isotopi sono instabili e si ritiene che abbia fatto parte di un progetto nucleare durante la seconda guerra mondiale nel 1939.<\/p>\n<p> In sintesi, questo elemento chimico \u00e8 il pi\u00f9 pesante degli attinidi a causa del suo nucleo di 103 protoni ed elettroni. Data la sua elevata radioattivit\u00e0, l&#8217;uso del Laurentium \u00e8 limitato in campo nucleare sperimentale a proporzioni minime. Inoltre, \u00e8 composto da 10 isotopi, di cui 266 sono i pi\u00f9 stabili di tutti.<\/p>\n","protected":false},"excerpt":{"rendered":"<p>Il Laurentium \u00e8 un elemento sintetico che non si trova nella crosta terrestre ed \u00e8 instabile, quindi decade in presenza di altri composti. Si distingue per la sua elevata radioattivit\u00e0, motivo per cui ha poche applicazioni nella vita di tutti i giorni. Inoltre, i suoi effetti sulla salute non sono noti con certezza. Possiamo per\u00f2 &#8230; <a title=\"Lorenzo\" class=\"read-more\" href=\"https:\/\/chemuza.org\/it\/laurent\/\" aria-label=\"More on Lorenzo\">Per saperne di pi\u00f9<\/a><\/p>\n","protected":false},"author":1,"featured_media":0,"parent":0,"menu_order":0,"comment_status":"closed","ping_status":"closed","template":"","meta":{"footnotes":""},"yoast_head":"<!-- This site is optimized with the Yoast SEO plugin v21.4 - https:\/\/yoast.com\/wordpress\/plugins\/seo\/ -->\n<title>Laurence-Chemuza<\/title>\n<meta name=\"robots\" content=\"index, follow, max-snippet:-1, max-image-preview:large, max-video-preview:-1\" \/>\n<link rel=\"canonical\" href=\"https:\/\/chemuza.org\/it\/laurent\/\" \/>\n<meta property=\"og:locale\" content=\"it_IT\" \/>\n<meta property=\"og:type\" content=\"article\" \/>\n<meta property=\"og:title\" content=\"Laurence-Chemuza\" \/>\n<meta property=\"og:description\" content=\"Il Laurentium \u00e8 un elemento sintetico che non si trova nella crosta terrestre ed \u00e8 instabile, quindi decade in presenza di altri composti. Si distingue per la sua elevata radioattivit\u00e0, motivo per cui ha poche applicazioni nella vita di tutti i giorni. Inoltre, i suoi effetti sulla salute non sono noti con certezza. Possiamo per\u00f2 ... Per saperne di pi\u00f9\" \/>\n<meta property=\"og:url\" content=\"https:\/\/chemuza.org\/it\/laurent\/\" \/>\n<meta property=\"og:site_name\" content=\"Chemuza\" \/>\n<meta name=\"twitter:card\" content=\"summary_large_image\" \/>\n<meta name=\"twitter:label1\" content=\"Tempo di lettura stimato\" \/>\n\t<meta name=\"twitter:data1\" content=\"3 minuti\" \/>\n<script type=\"application\/ld+json\" class=\"yoast-schema-graph\">{\"@context\":\"https:\/\/schema.org\",\"@graph\":[{\"@type\":\"WebPage\",\"@id\":\"https:\/\/chemuza.org\/it\/laurent\/\",\"url\":\"https:\/\/chemuza.org\/it\/laurent\/\",\"name\":\"Laurence-Chemuza\",\"isPartOf\":{\"@id\":\"https:\/\/chemuza.org\/it\/#website\"},\"datePublished\":\"2023-07-13T14:37:58+00:00\",\"dateModified\":\"2023-07-13T14:37:58+00:00\",\"breadcrumb\":{\"@id\":\"https:\/\/chemuza.org\/it\/laurent\/#breadcrumb\"},\"inLanguage\":\"it-IT\",\"potentialAction\":[{\"@type\":\"ReadAction\",\"target\":[\"https:\/\/chemuza.org\/it\/laurent\/\"]}]},{\"@type\":\"BreadcrumbList\",\"@id\":\"https:\/\/chemuza.org\/it\/laurent\/#breadcrumb\",\"itemListElement\":[{\"@type\":\"ListItem\",\"position\":1,\"name\":\"Casa\",\"item\":\"https:\/\/chemuza.org\/it\/\"},{\"@type\":\"ListItem\",\"position\":2,\"name\":\"Lorenzo\"}]},{\"@type\":\"WebSite\",\"@id\":\"https:\/\/chemuza.org\/it\/#website\",\"url\":\"https:\/\/chemuza.org\/it\/\",\"name\":\"Chemuza\",\"description\":\"La tua porta d&#039;accesso alla scoperta chimica!\",\"publisher\":{\"@id\":\"https:\/\/chemuza.org\/it\/#organization\"},\"potentialAction\":[{\"@type\":\"SearchAction\",\"target\":{\"@type\":\"EntryPoint\",\"urlTemplate\":\"https:\/\/chemuza.org\/it\/?s={search_term_string}\"},\"query-input\":\"required name=search_term_string\"}],\"inLanguage\":\"it-IT\"},{\"@type\":\"Organization\",\"@id\":\"https:\/\/chemuza.org\/it\/#organization\",\"name\":\"Chemuza\",\"url\":\"https:\/\/chemuza.org\/it\/\",\"logo\":{\"@type\":\"ImageObject\",\"inLanguage\":\"it-IT\",\"@id\":\"https:\/\/chemuza.org\/it\/#\/schema\/logo\/image\/\",\"url\":\"https:\/\/chemuza.org\/it\/wp-content\/uploads\/2023\/10\/chemuza-logo.png\",\"contentUrl\":\"https:\/\/chemuza.org\/it\/wp-content\/uploads\/2023\/10\/chemuza-logo.png\",\"width\":387,\"height\":70,\"caption\":\"Chemuza\"},\"image\":{\"@id\":\"https:\/\/chemuza.org\/it\/#\/schema\/logo\/image\/\"}}]}<\/script>\n<!-- \/ Yoast SEO plugin. -->","yoast_head_json":{"title":"Laurence-Chemuza","robots":{"index":"index","follow":"follow","max-snippet":"max-snippet:-1","max-image-preview":"max-image-preview:large","max-video-preview":"max-video-preview:-1"},"canonical":"https:\/\/chemuza.org\/it\/laurent\/","og_locale":"it_IT","og_type":"article","og_title":"Laurence-Chemuza","og_description":"Il Laurentium \u00e8 un elemento sintetico che non si trova nella crosta terrestre ed \u00e8 instabile, quindi decade in presenza di altri composti. Si distingue per la sua elevata radioattivit\u00e0, motivo per cui ha poche applicazioni nella vita di tutti i giorni. Inoltre, i suoi effetti sulla salute non sono noti con certezza. Possiamo per\u00f2 ... Per saperne di pi\u00f9","og_url":"https:\/\/chemuza.org\/it\/laurent\/","og_site_name":"Chemuza","twitter_card":"summary_large_image","twitter_misc":{"Tempo di lettura stimato":"3 minuti"},"schema":{"@context":"https:\/\/schema.org","@graph":[{"@type":"WebPage","@id":"https:\/\/chemuza.org\/it\/laurent\/","url":"https:\/\/chemuza.org\/it\/laurent\/","name":"Laurence-Chemuza","isPartOf":{"@id":"https:\/\/chemuza.org\/it\/#website"},"datePublished":"2023-07-13T14:37:58+00:00","dateModified":"2023-07-13T14:37:58+00:00","breadcrumb":{"@id":"https:\/\/chemuza.org\/it\/laurent\/#breadcrumb"},"inLanguage":"it-IT","potentialAction":[{"@type":"ReadAction","target":["https:\/\/chemuza.org\/it\/laurent\/"]}]},{"@type":"BreadcrumbList","@id":"https:\/\/chemuza.org\/it\/laurent\/#breadcrumb","itemListElement":[{"@type":"ListItem","position":1,"name":"Casa","item":"https:\/\/chemuza.org\/it\/"},{"@type":"ListItem","position":2,"name":"Lorenzo"}]},{"@type":"WebSite","@id":"https:\/\/chemuza.org\/it\/#website","url":"https:\/\/chemuza.org\/it\/","name":"Chemuza","description":"La tua porta d&#039;accesso alla scoperta chimica!","publisher":{"@id":"https:\/\/chemuza.org\/it\/#organization"},"potentialAction":[{"@type":"SearchAction","target":{"@type":"EntryPoint","urlTemplate":"https:\/\/chemuza.org\/it\/?s={search_term_string}"},"query-input":"required name=search_term_string"}],"inLanguage":"it-IT"},{"@type":"Organization","@id":"https:\/\/chemuza.org\/it\/#organization","name":"Chemuza","url":"https:\/\/chemuza.org\/it\/","logo":{"@type":"ImageObject","inLanguage":"it-IT","@id":"https:\/\/chemuza.org\/it\/#\/schema\/logo\/image\/","url":"https:\/\/chemuza.org\/it\/wp-content\/uploads\/2023\/10\/chemuza-logo.png","contentUrl":"https:\/\/chemuza.org\/it\/wp-content\/uploads\/2023\/10\/chemuza-logo.png","width":387,"height":70,"caption":"Chemuza"},"image":{"@id":"https:\/\/chemuza.org\/it\/#\/schema\/logo\/image\/"}}]}},"yoast_meta":{"yoast_wpseo_title":"","yoast_wpseo_metadesc":"","yoast_wpseo_canonical":""},"_links":{"self":[{"href":"https:\/\/chemuza.org\/it\/wp-json\/wp\/v2\/pages\/1528"}],"collection":[{"href":"https:\/\/chemuza.org\/it\/wp-json\/wp\/v2\/pages"}],"about":[{"href":"https:\/\/chemuza.org\/it\/wp-json\/wp\/v2\/types\/page"}],"author":[{"embeddable":true,"href":"https:\/\/chemuza.org\/it\/wp-json\/wp\/v2\/users\/1"}],"replies":[{"embeddable":true,"href":"https:\/\/chemuza.org\/it\/wp-json\/wp\/v2\/comments?post=1528"}],"version-history":[{"count":0,"href":"https:\/\/chemuza.org\/it\/wp-json\/wp\/v2\/pages\/1528\/revisions"}],"wp:attachment":[{"href":"https:\/\/chemuza.org\/it\/wp-json\/wp\/v2\/media?parent=1528"}],"curies":[{"name":"wp","href":"https:\/\/api.w.org\/{rel}","templated":true}]}}