{"id":1526,"date":"2023-07-13T15:36:14","date_gmt":"2023-07-13T15:36:14","guid":{"rendered":"https:\/\/chemuza.org\/it\/einsteinio\/"},"modified":"2023-07-13T15:36:14","modified_gmt":"2023-07-13T15:36:14","slug":"einsteinio","status":"publish","type":"page","link":"https:\/\/chemuza.org\/it\/einsteinio\/","title":{"rendered":"Einsteinio"},"content":{"rendered":"<p>L&#8217;einsteinio \u00e8 un elemento radioattivo che non si trova naturalmente sul pianeta. Viene prodotto artificialmente mediante procedure nucleari, in cui si ottengono porzioni microscopiche. Inoltre, in natura si disintegra rapidamente, quindi la sua capacit\u00e0 di formare composti \u00e8 sconosciuta. Scopri di pi\u00f9 sulle sue caratteristiche, sulla sua origine e sulle sue poche applicazioni ora.<\/p>\n<h2> <strong>Cos&#8217;\u00e8 l&#8217;Einsteinio?<\/strong><\/h2>\n<p> \u00c8 un attinide, di natura sintetica, contrassegnato con il numero atomico 99 nella tavola periodica. \u00c8 costituito da un solido aspetto grigio metallizzato con toni bianchi e ha propriet\u00e0 di irradiazione. Inoltre \u00e8 composto da 16 isotopi e tre isomeri, cio\u00e8 molecole che hanno lo stesso numero di atomi. Isotopi e isomeri differiscono nella loro massa atomica e nella loro durata ambientale.<\/p>\n<h3> <strong>Simbolo dell&#8217;einsteinio<\/strong><\/h3>\n<p> <span class=\"content-chemical-element\" style=\"float: left;width: 65px;height: 65px;border: 3px solid #666; display:flex;\n    justify-content: center;align-items: center;margin-right: 15px;\"><span style=\"font-size: 38px;\">Ha<\/span><\/span> ricevuto questo nome in onore dello scienziato Albert Einstein, sebbene non abbia partecipato alla sua scoperta. Fu scoperto tra i resti di un&#8217;esplosione nucleare nel Pacifico nel 1952, da un gruppo di chimici sotto la direzione di Albert Ghiorso.<\/p>\n<h2> <strong>Caratteristiche dell&#8217;Einsteinio<\/strong><\/h2>\n<p> L&#8217;elemento Einsteinio \u00e8 sintetico, quindi si ottiene solo per trasmutazione o bombardamento di nuclei pi\u00f9 stabili, dotati di particelle veloci. Inoltre, \u00e8 un metallo bivalente, poich\u00e9 ha 2 elettroni di legame e non tre come gli altri attinidi. Situato nel periodo 7 della tavola periodica, le altre propriet\u00e0 fisiche di questo elemento sono:<\/p>\n<ul>\n<li> <strong>Condizione<\/strong> : solido metallico.<\/li>\n<li> <strong>Colore<\/strong> : Grigio argento brillante, con toni bianchi.<\/li>\n<li> <strong>Sapore e odore<\/strong> : \u00e8 inodore, senza sapore caratteristico.<\/li>\n<li> <strong>Radioattivit\u00e0:<\/strong> elevata e presenta caratteristiche di autoirradiazione.<\/li>\n<li> <strong>Reattivit\u00e0<\/strong> : Alta, reagisce violentemente con l&#8217;ossigeno, gli acidi e il vapore acqueo.<\/li>\n<li> <strong>Struttura<\/strong> : sconosciuta.<\/li>\n<li> <strong>Composizione<\/strong> : Composto da 99 elettroni e protoni.<\/li>\n<\/ul>\n<h2> <strong>Propriet\u00e0 chimiche e fisiche dell&#8217;Einsteinio<\/strong><\/h2>\n<ol>\n<li> <strong>Numero atomico<\/strong> : 99<\/li>\n<li> <strong>Periodo<\/strong> : 7<\/li>\n<li> <strong>Blocco<\/strong> : F<\/li>\n<li> <strong>Gruppo<\/strong> : 3<\/li>\n<li> <strong>Elettronegativit\u00e0:<\/strong> 1.3<\/li>\n<li> <strong>Punto di fusione:<\/strong> 860\u00b0C<\/li>\n<li> <strong>Raggio atomico:<\/strong> 14:03<\/li>\n<li> <strong>Raggio ionico:<\/strong> 0,98<\/li>\n<li> <strong>Massa atomica (g\/mol):<\/strong> 252 u<\/li>\n<li> <strong>Densit\u00e0:<\/strong> 8,84 Kg\/m3<\/li>\n<li> <strong>Raggio medio:<\/strong> sconosciuto<\/li>\n<li> <strong>Stato di ossidazione<\/strong> : 2, 3, 4<\/li>\n<li> <strong>Raggio covalente (\u00c5):<\/strong> sconosciuto <strong>&nbsp;<\/strong><\/li>\n<li> <strong>Configurazione elettronica:<\/strong> [Rn] 5f11 7s2<\/li>\n<li> <strong>Potenziale di prima ionizzazione<\/strong> (eV): 619 kJ\/mol<\/li>\n<li> <strong>Punto di ebollizione:<\/strong> 996<strong> <\/strong>\u00b0C<\/li>\n<li> <strong>Elettroni per strato:<\/strong> 2, 8, 18, 32, 29, 8, 2<\/li>\n<li> <strong>Conducibilit\u00e0 termica:<\/strong> sconosciuta.<\/li>\n<\/ol>\n<h2> <strong>Origine dell&#8217;Einsteinio<\/strong><\/h2>\n<p> Fu scoperto nel 1952 dopo l&#8217;esplosione di una bomba nucleare da 10 megatoni nel Pacifico meridionale. Analizzando i rifiuti, Albert Ghiorso e la sua squadra hanno trovato l&#8217;isotopo 253Es, che hanno isolato, verificato le sue propriet\u00e0 e classificato come elemento transuranico, poich\u00e9 ha pi\u00f9 di 92 elettroni e protoni nel suo nucleo.<\/p>\n<h2> <strong>A cosa serve l&#8217;Einsteinio?<\/strong><\/h2>\n<p> Gli usi dell&#8217;Einsteinio sono praticamente nulli viste le minime quantit\u00e0 ad oggi disponibili. Il suo unico utilizzo conosciuto \u00e8 la produzione dell&#8217;elemento chimico Mendelevio, grazie alla stabilit\u00e0 del suo isotopo 253Es. Poich\u00e9 i campioni sono pochi, vengono utilizzati per la ricerca scientifica di base.<\/p>\n<h2> <strong>Come ottenere l&#8217;Einsteinio?<\/strong><\/h2>\n<p> L&#8217;einsteinio si ottiene irradiando 1 chilogrammo di Pu239, un isotopo del plutonio, in un reattore generatore di Pu242. Detto isotopo viene introdotto in cerchi di plutonio polverizzato e ossido di alluminio. Vengono quindi posizionati su bastoncini e irradiati. Le barre vengono quindi collocate in un reattore isotopico ad alto flusso per consentire la separazione tra l&#8217;elemento e il californio.<\/p>\n<h2> <strong>Studi recenti sull&#8217;Einsteinio<\/strong><\/h2>\n<p> Sebbene siano disponibili pochi campioni puri, sono stati scoperti nuovi aspetti del suo comportamento. Innanzitutto, un&#8217;analisi ai raggi X ha mostrato che il suo legame \u00e8 lungo e riesce a tenere insieme 2 atomi, azione che lo differenzia dagli altri attinidi. Inoltre, ci\u00f2 gli consente anche di articolarsi con altri oggetti vicini. Un&#8217;altra scoperta \u00e8 che esposto alla luce si illumina, cambiando aspetto, diversamente dal suo gruppo.<\/p>\n<h2> <strong>Effetti dell&#8217;Einsteinio sulla salute<\/strong><\/h2>\n<p> Questo elemento fa parte della serie chimica degli attinidi per le sue propriet\u00e0 radioattive. Non \u00e8 certo quali siano gli effetti negativi sulla salute che potrebbe avere data la sua scarsa presenza nell\u2019ambiente. Tuttavia, poich\u00e9 emette particelle radioattive, \u00e8 consigliabile utilizzare speciali dispositivi di protezione durante la manipolazione dei campioni in laboratorio.<\/p>\n<h2> <strong>3 fatti curiosi sull&#8217;Einsteinio<\/strong><\/h2>\n<p> Quando fu scoperto, questo elemento fu chiamato Athenium, dal nome della capitale della Grecia, Atene. Successivamente fu ribattezzato Einstein in onore di Einstein. Altri dati interessanti sono:<\/p>\n<ul>\n<li> L&#8217;elemento reagisce con il vapore acqueo e l&#8217;ossigeno, ma resiste all&#8217;attacco dei metalli alcalini.<\/li>\n<li> La sua rapida decomposizione non consente un&#8217;analisi completa.<\/li>\n<li> Il suo isotopo 253 ha la durata di vita pi\u00f9 lunga, circa 20 ore.<\/li>\n<\/ul>\n<p> In sintesi, l&#8217;elemento chimico \u00e8 un metallo sintetico altamente radioattivo, ottenuto solo mediante irradiazione nucleare di campioni di un isotopo del plutonio. \u00c8 ancora in fase di analisi nei grandi laboratori nucleari dotati di apparecchiature specializzate per le radiazioni, per scoprire altre applicazioni pratiche.<\/p>\n","protected":false},"excerpt":{"rendered":"<p>L&#8217;einsteinio \u00e8 un elemento radioattivo che non si trova naturalmente sul pianeta. Viene prodotto artificialmente mediante procedure nucleari, in cui si ottengono porzioni microscopiche. Inoltre, in natura si disintegra rapidamente, quindi la sua capacit\u00e0 di formare composti \u00e8 sconosciuta. Scopri di pi\u00f9 sulle sue caratteristiche, sulla sua origine e sulle sue poche applicazioni ora. Cos&#8217;\u00e8 &#8230; <a title=\"Einsteinio\" class=\"read-more\" href=\"https:\/\/chemuza.org\/it\/einsteinio\/\" aria-label=\"More on Einsteinio\">Per saperne di pi\u00f9<\/a><\/p>\n","protected":false},"author":1,"featured_media":0,"parent":0,"menu_order":0,"comment_status":"closed","ping_status":"closed","template":"","meta":{"footnotes":""},"yoast_head":"<!-- This site is optimized with the Yoast SEO plugin v21.4 - https:\/\/yoast.com\/wordpress\/plugins\/seo\/ -->\n<title>Einsteinio-Chemuza<\/title>\n<meta name=\"robots\" content=\"index, follow, max-snippet:-1, max-image-preview:large, max-video-preview:-1\" \/>\n<link rel=\"canonical\" href=\"https:\/\/chemuza.org\/it\/einsteinio\/\" \/>\n<meta property=\"og:locale\" content=\"it_IT\" \/>\n<meta property=\"og:type\" content=\"article\" \/>\n<meta property=\"og:title\" content=\"Einsteinio-Chemuza\" \/>\n<meta property=\"og:description\" content=\"L&#8217;einsteinio \u00e8 un elemento radioattivo che non si trova naturalmente sul pianeta. Viene prodotto artificialmente mediante procedure nucleari, in cui si ottengono porzioni microscopiche. Inoltre, in natura si disintegra rapidamente, quindi la sua capacit\u00e0 di formare composti \u00e8 sconosciuta. Scopri di pi\u00f9 sulle sue caratteristiche, sulla sua origine e sulle sue poche applicazioni ora. Cos&#8217;\u00e8 ... Per saperne di pi\u00f9\" \/>\n<meta property=\"og:url\" content=\"https:\/\/chemuza.org\/it\/einsteinio\/\" \/>\n<meta property=\"og:site_name\" content=\"Chemuza\" \/>\n<meta name=\"twitter:card\" content=\"summary_large_image\" \/>\n<meta name=\"twitter:label1\" content=\"Tempo di lettura stimato\" \/>\n\t<meta name=\"twitter:data1\" content=\"3 minuti\" \/>\n<script type=\"application\/ld+json\" class=\"yoast-schema-graph\">{\"@context\":\"https:\/\/schema.org\",\"@graph\":[{\"@type\":\"WebPage\",\"@id\":\"https:\/\/chemuza.org\/it\/einsteinio\/\",\"url\":\"https:\/\/chemuza.org\/it\/einsteinio\/\",\"name\":\"Einsteinio-Chemuza\",\"isPartOf\":{\"@id\":\"https:\/\/chemuza.org\/it\/#website\"},\"datePublished\":\"2023-07-13T15:36:14+00:00\",\"dateModified\":\"2023-07-13T15:36:14+00:00\",\"breadcrumb\":{\"@id\":\"https:\/\/chemuza.org\/it\/einsteinio\/#breadcrumb\"},\"inLanguage\":\"it-IT\",\"potentialAction\":[{\"@type\":\"ReadAction\",\"target\":[\"https:\/\/chemuza.org\/it\/einsteinio\/\"]}]},{\"@type\":\"BreadcrumbList\",\"@id\":\"https:\/\/chemuza.org\/it\/einsteinio\/#breadcrumb\",\"itemListElement\":[{\"@type\":\"ListItem\",\"position\":1,\"name\":\"Casa\",\"item\":\"https:\/\/chemuza.org\/it\/\"},{\"@type\":\"ListItem\",\"position\":2,\"name\":\"Einsteinio\"}]},{\"@type\":\"WebSite\",\"@id\":\"https:\/\/chemuza.org\/it\/#website\",\"url\":\"https:\/\/chemuza.org\/it\/\",\"name\":\"Chemuza\",\"description\":\"La tua porta d&#039;accesso alla scoperta chimica!\",\"publisher\":{\"@id\":\"https:\/\/chemuza.org\/it\/#organization\"},\"potentialAction\":[{\"@type\":\"SearchAction\",\"target\":{\"@type\":\"EntryPoint\",\"urlTemplate\":\"https:\/\/chemuza.org\/it\/?s={search_term_string}\"},\"query-input\":\"required name=search_term_string\"}],\"inLanguage\":\"it-IT\"},{\"@type\":\"Organization\",\"@id\":\"https:\/\/chemuza.org\/it\/#organization\",\"name\":\"Chemuza\",\"url\":\"https:\/\/chemuza.org\/it\/\",\"logo\":{\"@type\":\"ImageObject\",\"inLanguage\":\"it-IT\",\"@id\":\"https:\/\/chemuza.org\/it\/#\/schema\/logo\/image\/\",\"url\":\"https:\/\/chemuza.org\/it\/wp-content\/uploads\/2023\/10\/chemuza-logo.png\",\"contentUrl\":\"https:\/\/chemuza.org\/it\/wp-content\/uploads\/2023\/10\/chemuza-logo.png\",\"width\":387,\"height\":70,\"caption\":\"Chemuza\"},\"image\":{\"@id\":\"https:\/\/chemuza.org\/it\/#\/schema\/logo\/image\/\"}}]}<\/script>\n<!-- \/ Yoast SEO plugin. -->","yoast_head_json":{"title":"Einsteinio-Chemuza","robots":{"index":"index","follow":"follow","max-snippet":"max-snippet:-1","max-image-preview":"max-image-preview:large","max-video-preview":"max-video-preview:-1"},"canonical":"https:\/\/chemuza.org\/it\/einsteinio\/","og_locale":"it_IT","og_type":"article","og_title":"Einsteinio-Chemuza","og_description":"L&#8217;einsteinio \u00e8 un elemento radioattivo che non si trova naturalmente sul pianeta. Viene prodotto artificialmente mediante procedure nucleari, in cui si ottengono porzioni microscopiche. Inoltre, in natura si disintegra rapidamente, quindi la sua capacit\u00e0 di formare composti \u00e8 sconosciuta. Scopri di pi\u00f9 sulle sue caratteristiche, sulla sua origine e sulle sue poche applicazioni ora. Cos&#8217;\u00e8 ... Per saperne di pi\u00f9","og_url":"https:\/\/chemuza.org\/it\/einsteinio\/","og_site_name":"Chemuza","twitter_card":"summary_large_image","twitter_misc":{"Tempo di lettura stimato":"3 minuti"},"schema":{"@context":"https:\/\/schema.org","@graph":[{"@type":"WebPage","@id":"https:\/\/chemuza.org\/it\/einsteinio\/","url":"https:\/\/chemuza.org\/it\/einsteinio\/","name":"Einsteinio-Chemuza","isPartOf":{"@id":"https:\/\/chemuza.org\/it\/#website"},"datePublished":"2023-07-13T15:36:14+00:00","dateModified":"2023-07-13T15:36:14+00:00","breadcrumb":{"@id":"https:\/\/chemuza.org\/it\/einsteinio\/#breadcrumb"},"inLanguage":"it-IT","potentialAction":[{"@type":"ReadAction","target":["https:\/\/chemuza.org\/it\/einsteinio\/"]}]},{"@type":"BreadcrumbList","@id":"https:\/\/chemuza.org\/it\/einsteinio\/#breadcrumb","itemListElement":[{"@type":"ListItem","position":1,"name":"Casa","item":"https:\/\/chemuza.org\/it\/"},{"@type":"ListItem","position":2,"name":"Einsteinio"}]},{"@type":"WebSite","@id":"https:\/\/chemuza.org\/it\/#website","url":"https:\/\/chemuza.org\/it\/","name":"Chemuza","description":"La tua porta d&#039;accesso alla scoperta chimica!","publisher":{"@id":"https:\/\/chemuza.org\/it\/#organization"},"potentialAction":[{"@type":"SearchAction","target":{"@type":"EntryPoint","urlTemplate":"https:\/\/chemuza.org\/it\/?s={search_term_string}"},"query-input":"required name=search_term_string"}],"inLanguage":"it-IT"},{"@type":"Organization","@id":"https:\/\/chemuza.org\/it\/#organization","name":"Chemuza","url":"https:\/\/chemuza.org\/it\/","logo":{"@type":"ImageObject","inLanguage":"it-IT","@id":"https:\/\/chemuza.org\/it\/#\/schema\/logo\/image\/","url":"https:\/\/chemuza.org\/it\/wp-content\/uploads\/2023\/10\/chemuza-logo.png","contentUrl":"https:\/\/chemuza.org\/it\/wp-content\/uploads\/2023\/10\/chemuza-logo.png","width":387,"height":70,"caption":"Chemuza"},"image":{"@id":"https:\/\/chemuza.org\/it\/#\/schema\/logo\/image\/"}}]}},"yoast_meta":{"yoast_wpseo_title":"","yoast_wpseo_metadesc":"","yoast_wpseo_canonical":""},"_links":{"self":[{"href":"https:\/\/chemuza.org\/it\/wp-json\/wp\/v2\/pages\/1526"}],"collection":[{"href":"https:\/\/chemuza.org\/it\/wp-json\/wp\/v2\/pages"}],"about":[{"href":"https:\/\/chemuza.org\/it\/wp-json\/wp\/v2\/types\/page"}],"author":[{"embeddable":true,"href":"https:\/\/chemuza.org\/it\/wp-json\/wp\/v2\/users\/1"}],"replies":[{"embeddable":true,"href":"https:\/\/chemuza.org\/it\/wp-json\/wp\/v2\/comments?post=1526"}],"version-history":[{"count":0,"href":"https:\/\/chemuza.org\/it\/wp-json\/wp\/v2\/pages\/1526\/revisions"}],"wp:attachment":[{"href":"https:\/\/chemuza.org\/it\/wp-json\/wp\/v2\/media?parent=1526"}],"curies":[{"name":"wp","href":"https:\/\/api.w.org\/{rel}","templated":true}]}}