{"id":1525,"date":"2023-07-13T16:15:18","date_gmt":"2023-07-13T16:15:18","guid":{"rendered":"https:\/\/chemuza.org\/it\/californiano\/"},"modified":"2023-07-13T16:15:18","modified_gmt":"2023-07-13T16:15:18","slug":"californiano","status":"publish","type":"page","link":"https:\/\/chemuza.org\/it\/californiano\/","title":{"rendered":"California"},"content":{"rendered":"<p>\u00c8 il sesto elemento chimico della tavola periodica transuranica ad essere sintetizzato. Inoltre, contiene la seconda massa atomica pi\u00f9 alta tra tutti gli elementi prodotti. Allo stesso modo, \u00e8 il pi\u00f9 pesante che esiste in natura. Vediamo allora quali sono le propriet\u00e0, le caratteristiche e gli utilizzi del Californio.<\/p>\n<h2> <strong>Cos&#8217;\u00e8 il Californio?<\/strong><\/h2>\n<p> L&#8217;elemento Californio \u00e8 un metallo trivalente, artificiale, malleabile, contiene un&#8217;elevata radioattivit\u00e0 e appartiene al gruppo chimico degli attinidi. Inoltre, ha un colore bianco-argento, si forma due cristalli e reagisce se riscaldato. Inoltre, si ritiene che le propriet\u00e0 del Californio abbiano qualche somiglianza con altri attinidi di valenza +3.<\/p>\n<h3> <strong>Simbolo della California<\/strong><\/h3>\n<p> <span class=\"content-chemical-element\" style=\"float: left;width: 65px;height: 65px;border: 3px solid #666; display:flex;\n    justify-content: center;align-items: center;margin-right: 15px;\"><span style=\"font-size: 38px;\">Cf<\/span><\/span> Il suo simbolo chimico \u00e8 una forma abbreviata del nome, cos\u00ec chiamata in onore dello stato della California. Anche dall&#8217;Universit\u00e0 che porta il suddetto titolo. Secondo la storia, questo nome si ruppe con un accordo per nominare gli elementi numerati da 95 a 97. Tuttavia, i ricercatori misero da parte questo accordo e lo chiamarono Californio.<\/p>\n<h2> <strong>Caratteristiche della California<\/strong><\/h2>\n<p> \u00c8 solubile in acqua solo quando \u00e8 sotto forma di catione californio III. I tentativi di reazione Redox dello ione +3 invece fallirono. Tuttavia, precipita quando si trova come idrossido, fluoruro o ossalato. Scopri le altre qualit\u00e0 dell&#8217;elemento chimico:<\/p>\n<ul>\n<li> <strong>Reattivit\u00e0 chimica<\/strong> : Reagisce se riscaldato con una miscela di azoto, idrogeno, calcogeno e acidi minerali.<\/li>\n<li> <strong>Condizione<\/strong> : la sua forma ordinaria \u00e8 solida.<\/li>\n<li> <strong>Aspetto<\/strong> : Ha un colore bianco argenteo, mentre i suoi composti possono avere un aspetto giallo, verde, viola o marrone.<\/li>\n<li> <strong>Radioattivit\u00e0<\/strong> : \u00e8 cos\u00ec radioattivo da rappresentare un pericolo per l&#8217;uomo.<\/li>\n<li> <strong>Sviluppi<\/strong> : A contatto con l&#8217;aria a temperatura ambiente perde gradualmente la sua brillantezza.<\/li>\n<li> <strong>Malleabilit\u00e0<\/strong> : \u00e8 cos\u00ec malleabile che pu\u00f2 essere facilmente tagliato con un coltello o un rasoio.<\/li>\n<li> <strong>Ordine magnetico<\/strong> : A \u2212220\u00b0 C \u00e8 ferromagnetico, tra \u2212225,1\u00b0 C e \u2212207,1\u00b0 C \u00e8 antiferromagnetico, mentre sopra \u2212110\u00b0 C \u00e8 paramagnetico.<\/li>\n<li> <strong>Struttura cristallina<\/strong> : Presenta due forme a pressione atmosferica, doppia esagonale compatta e cubica a facce centrate.<\/li>\n<li> <strong>Isotopi<\/strong> : presenta 20 radioisotopi esistenti, con numeri di massa compresi tra 237 e 256, la maggior parte dei quali hanno una vita media inferiore a un anno.<\/li>\n<\/ul>\n<h2> <strong>Propriet\u00e0 chimiche e fisiche del Californio<\/strong><\/h2>\n<ol>\n<li> <strong>Numero atomico<\/strong> : 98<\/li>\n<li> <strong>Ruggine<\/strong> : sconosciuta<\/li>\n<li> <strong>Raggio ionico (\u00c5)<\/strong> : 0,98<\/li>\n<li> <strong>Raggio atomico (\u00c5)<\/strong> : 186 pm<\/li>\n<li> <strong>Calore specifico<\/strong> : Nessun dato<\/li>\n<li> <strong>Massa atomica (g\/mol)<\/strong> : 251 u<\/li>\n<li> <strong>Velocit\u00e0 del suono<\/strong> : nessun dato<\/li>\n<li> <strong>Volume atomico<\/strong> : nessun dato<\/li>\n<li> <strong>Punto di fusione<\/strong> : 900\u00b0C (1173K)<\/li>\n<li> <strong>Entalpia di fusione<\/strong> : Nessun dato<\/li>\n<li> <strong>Stati di ossidazione<\/strong> : +2, +3, +4<\/li>\n<li> <strong>Densit\u00e0 (g\/ml)<\/strong> : 15.100 kg\/m\u00b3<\/li>\n<li> <strong>Configurazione elettronica<\/strong> : [Rn]5f <sup>10<\/sup> 7s <sup>2<\/sup><\/li>\n<li> <strong>Elettroni per livello<\/strong> : 2,8,18,32,28,8,2<\/li>\n<li> <strong>Punto di ebollizione<\/strong> : 1470\u00b0C (1743 K)<\/li>\n<li> <strong>Potenziale di prima ionizzazione (eV)<\/strong> : 608 kJ\/mol<\/li>\n<li> <strong>Elettronegativit\u00e0<\/strong> : 1,3 (scala Pauling)<\/li>\n<\/ol>\n<h2> <strong>Origine della California<\/strong><\/h2>\n<p> Secondo la storia, la sua scoperta fu il risultato degli sforzi congiunti dei chimici Kenneth Street, Stanley G. Thompson, Albert Ghiorso e Glenn T. Seaborg. Questi scienziati sintetizzarono per la prima volta l&#8217;elemento il 9 febbraio 1950 presso l&#8217;Universit\u00e0 della California. Tuttavia, fu il 17 marzo 1950 che annunciarono la loro scoperta.<\/p>\n<p> Per produrlo, hanno bombardato un campione di <sup>242<\/sup> cm di diametro con particelle alfa da 35 MeV. Inoltre, hanno utilizzato un ciclotrone con un diametro di 1500 mm. Si ottenne cos\u00ec l&#8217;isotopo <sup>245<\/sup> Cf e si formarono circa 5.000 atomi dell&#8217;elemento, che rimasero per 44 minuti.<\/p>\n<h2> <strong>A cosa serve Californio?<\/strong><\/h2>\n<p> Tra le applicazioni dell&#8217;elemento Californio c&#8217;\u00e8 la sua utilit\u00e0 nella misurazione dell&#8217;umidit\u00e0 e nella determinazione degli strati d&#8217;acqua nell&#8217;olio. Altri usi del metallo includono:<\/p>\n<ul>\n<li> <sup>252<\/sup> Cf \u00e8 utilizzato come fonte di neutroni per alcuni reattori nucleari.<\/li>\n<li> Utilizzato come sorgente di neutroni portatile nell&#8217;analisi di attivazione per trovare metalli, oro, argento, tra gli altri.<\/li>\n<li> \u00c8 usato per trattare i tumori al cervello e alcuni tipi di cancro cervicale.<\/li>\n<li> Nell&#8217;industria del cemento e del carbone viene utilizzato per analizzatori di carbonio e materiali sfusi.<\/li>\n<li> \u00c8 utile nel rilevamento di materiali come gli scanner a barra di combustibile nucleare.<\/li>\n<li> \u00c8 utile per i componenti delle armi che rilevano la corrosione dei materiali.<\/li>\n<li> Si occupa di radiografia con neutroni di aerei.<\/li>\n<li> Con il suo aiuto si formano altri elementi transuranici come Lawrencio o Oganeson.<\/li>\n<\/ul>\n<h2> <strong>Effetti del Californio sull&#8217;uomo<\/strong><\/h2>\n<p> A causa della sua elevata radioattivit\u00e0 emette neutroni molto potenti dannosi per la salute. Inoltre, si bioaccumula nel sistema scheletrico ed espone a radiazioni cos\u00ec forti da interrompere la produzione di globuli rossi. Allo stesso modo, provoca danni ai tessuti esterni a causa dei raggi gamma. Infine, pu\u00f2 danneggiare il materiale genetico e causare il cancro.<\/p>\n<p> In sintesi, ora conosci l&#8217;elemento Californio, un metallo attinide, artificiale e molto radioattivo. Inoltre, \u00e8 malleabile, forte, ha un colore bianco-argento e 20 isotopi conosciuti. Viene utilizzato anche per la ricerca scientifica, la misurazione dell&#8217;umidit\u00e0, l&#8217;estrazione dell&#8217;oro e nell&#8217;industria petrolifera.<\/p>\n","protected":false},"excerpt":{"rendered":"<p>\u00c8 il sesto elemento chimico della tavola periodica transuranica ad essere sintetizzato. Inoltre, contiene la seconda massa atomica pi\u00f9 alta tra tutti gli elementi prodotti. Allo stesso modo, \u00e8 il pi\u00f9 pesante che esiste in natura. Vediamo allora quali sono le propriet\u00e0, le caratteristiche e gli utilizzi del Californio. Cos&#8217;\u00e8 il Californio? L&#8217;elemento Californio \u00e8 &#8230; <a title=\"California\" class=\"read-more\" href=\"https:\/\/chemuza.org\/it\/californiano\/\" aria-label=\"More on California\">Per saperne di pi\u00f9<\/a><\/p>\n","protected":false},"author":1,"featured_media":0,"parent":0,"menu_order":0,"comment_status":"closed","ping_status":"closed","template":"","meta":{"footnotes":""},"yoast_head":"<!-- This site is optimized with the Yoast SEO plugin v21.4 - https:\/\/yoast.com\/wordpress\/plugins\/seo\/ -->\n<title>California \u2013 Chemuza<\/title>\n<meta name=\"robots\" content=\"index, follow, max-snippet:-1, max-image-preview:large, max-video-preview:-1\" \/>\n<link rel=\"canonical\" href=\"https:\/\/chemuza.org\/it\/californiano\/\" \/>\n<meta property=\"og:locale\" content=\"it_IT\" \/>\n<meta property=\"og:type\" content=\"article\" \/>\n<meta property=\"og:title\" content=\"California \u2013 Chemuza\" \/>\n<meta property=\"og:description\" content=\"\u00c8 il sesto elemento chimico della tavola periodica transuranica ad essere sintetizzato. Inoltre, contiene la seconda massa atomica pi\u00f9 alta tra tutti gli elementi prodotti. Allo stesso modo, \u00e8 il pi\u00f9 pesante che esiste in natura. Vediamo allora quali sono le propriet\u00e0, le caratteristiche e gli utilizzi del Californio. Cos&#8217;\u00e8 il Californio? L&#8217;elemento Californio \u00e8 ... Per saperne di pi\u00f9\" \/>\n<meta property=\"og:url\" content=\"https:\/\/chemuza.org\/it\/californiano\/\" \/>\n<meta property=\"og:site_name\" content=\"Chemuza\" \/>\n<meta name=\"twitter:card\" content=\"summary_large_image\" \/>\n<meta name=\"twitter:label1\" content=\"Tempo di lettura stimato\" \/>\n\t<meta name=\"twitter:data1\" content=\"4 minuti\" \/>\n<script type=\"application\/ld+json\" class=\"yoast-schema-graph\">{\"@context\":\"https:\/\/schema.org\",\"@graph\":[{\"@type\":\"WebPage\",\"@id\":\"https:\/\/chemuza.org\/it\/californiano\/\",\"url\":\"https:\/\/chemuza.org\/it\/californiano\/\",\"name\":\"California \u2013 Chemuza\",\"isPartOf\":{\"@id\":\"https:\/\/chemuza.org\/it\/#website\"},\"datePublished\":\"2023-07-13T16:15:18+00:00\",\"dateModified\":\"2023-07-13T16:15:18+00:00\",\"breadcrumb\":{\"@id\":\"https:\/\/chemuza.org\/it\/californiano\/#breadcrumb\"},\"inLanguage\":\"it-IT\",\"potentialAction\":[{\"@type\":\"ReadAction\",\"target\":[\"https:\/\/chemuza.org\/it\/californiano\/\"]}]},{\"@type\":\"BreadcrumbList\",\"@id\":\"https:\/\/chemuza.org\/it\/californiano\/#breadcrumb\",\"itemListElement\":[{\"@type\":\"ListItem\",\"position\":1,\"name\":\"Casa\",\"item\":\"https:\/\/chemuza.org\/it\/\"},{\"@type\":\"ListItem\",\"position\":2,\"name\":\"California\"}]},{\"@type\":\"WebSite\",\"@id\":\"https:\/\/chemuza.org\/it\/#website\",\"url\":\"https:\/\/chemuza.org\/it\/\",\"name\":\"Chemuza\",\"description\":\"La tua porta d&#039;accesso alla scoperta chimica!\",\"publisher\":{\"@id\":\"https:\/\/chemuza.org\/it\/#organization\"},\"potentialAction\":[{\"@type\":\"SearchAction\",\"target\":{\"@type\":\"EntryPoint\",\"urlTemplate\":\"https:\/\/chemuza.org\/it\/?s={search_term_string}\"},\"query-input\":\"required name=search_term_string\"}],\"inLanguage\":\"it-IT\"},{\"@type\":\"Organization\",\"@id\":\"https:\/\/chemuza.org\/it\/#organization\",\"name\":\"Chemuza\",\"url\":\"https:\/\/chemuza.org\/it\/\",\"logo\":{\"@type\":\"ImageObject\",\"inLanguage\":\"it-IT\",\"@id\":\"https:\/\/chemuza.org\/it\/#\/schema\/logo\/image\/\",\"url\":\"https:\/\/chemuza.org\/it\/wp-content\/uploads\/2023\/10\/chemuza-logo.png\",\"contentUrl\":\"https:\/\/chemuza.org\/it\/wp-content\/uploads\/2023\/10\/chemuza-logo.png\",\"width\":387,\"height\":70,\"caption\":\"Chemuza\"},\"image\":{\"@id\":\"https:\/\/chemuza.org\/it\/#\/schema\/logo\/image\/\"}}]}<\/script>\n<!-- \/ Yoast SEO plugin. -->","yoast_head_json":{"title":"California \u2013 Chemuza","robots":{"index":"index","follow":"follow","max-snippet":"max-snippet:-1","max-image-preview":"max-image-preview:large","max-video-preview":"max-video-preview:-1"},"canonical":"https:\/\/chemuza.org\/it\/californiano\/","og_locale":"it_IT","og_type":"article","og_title":"California \u2013 Chemuza","og_description":"\u00c8 il sesto elemento chimico della tavola periodica transuranica ad essere sintetizzato. Inoltre, contiene la seconda massa atomica pi\u00f9 alta tra tutti gli elementi prodotti. Allo stesso modo, \u00e8 il pi\u00f9 pesante che esiste in natura. Vediamo allora quali sono le propriet\u00e0, le caratteristiche e gli utilizzi del Californio. Cos&#8217;\u00e8 il Californio? L&#8217;elemento Californio \u00e8 ... Per saperne di pi\u00f9","og_url":"https:\/\/chemuza.org\/it\/californiano\/","og_site_name":"Chemuza","twitter_card":"summary_large_image","twitter_misc":{"Tempo di lettura stimato":"4 minuti"},"schema":{"@context":"https:\/\/schema.org","@graph":[{"@type":"WebPage","@id":"https:\/\/chemuza.org\/it\/californiano\/","url":"https:\/\/chemuza.org\/it\/californiano\/","name":"California \u2013 Chemuza","isPartOf":{"@id":"https:\/\/chemuza.org\/it\/#website"},"datePublished":"2023-07-13T16:15:18+00:00","dateModified":"2023-07-13T16:15:18+00:00","breadcrumb":{"@id":"https:\/\/chemuza.org\/it\/californiano\/#breadcrumb"},"inLanguage":"it-IT","potentialAction":[{"@type":"ReadAction","target":["https:\/\/chemuza.org\/it\/californiano\/"]}]},{"@type":"BreadcrumbList","@id":"https:\/\/chemuza.org\/it\/californiano\/#breadcrumb","itemListElement":[{"@type":"ListItem","position":1,"name":"Casa","item":"https:\/\/chemuza.org\/it\/"},{"@type":"ListItem","position":2,"name":"California"}]},{"@type":"WebSite","@id":"https:\/\/chemuza.org\/it\/#website","url":"https:\/\/chemuza.org\/it\/","name":"Chemuza","description":"La tua porta d&#039;accesso alla scoperta chimica!","publisher":{"@id":"https:\/\/chemuza.org\/it\/#organization"},"potentialAction":[{"@type":"SearchAction","target":{"@type":"EntryPoint","urlTemplate":"https:\/\/chemuza.org\/it\/?s={search_term_string}"},"query-input":"required name=search_term_string"}],"inLanguage":"it-IT"},{"@type":"Organization","@id":"https:\/\/chemuza.org\/it\/#organization","name":"Chemuza","url":"https:\/\/chemuza.org\/it\/","logo":{"@type":"ImageObject","inLanguage":"it-IT","@id":"https:\/\/chemuza.org\/it\/#\/schema\/logo\/image\/","url":"https:\/\/chemuza.org\/it\/wp-content\/uploads\/2023\/10\/chemuza-logo.png","contentUrl":"https:\/\/chemuza.org\/it\/wp-content\/uploads\/2023\/10\/chemuza-logo.png","width":387,"height":70,"caption":"Chemuza"},"image":{"@id":"https:\/\/chemuza.org\/it\/#\/schema\/logo\/image\/"}}]}},"yoast_meta":{"yoast_wpseo_title":"","yoast_wpseo_metadesc":"","yoast_wpseo_canonical":""},"_links":{"self":[{"href":"https:\/\/chemuza.org\/it\/wp-json\/wp\/v2\/pages\/1525"}],"collection":[{"href":"https:\/\/chemuza.org\/it\/wp-json\/wp\/v2\/pages"}],"about":[{"href":"https:\/\/chemuza.org\/it\/wp-json\/wp\/v2\/types\/page"}],"author":[{"embeddable":true,"href":"https:\/\/chemuza.org\/it\/wp-json\/wp\/v2\/users\/1"}],"replies":[{"embeddable":true,"href":"https:\/\/chemuza.org\/it\/wp-json\/wp\/v2\/comments?post=1525"}],"version-history":[{"count":0,"href":"https:\/\/chemuza.org\/it\/wp-json\/wp\/v2\/pages\/1525\/revisions"}],"wp:attachment":[{"href":"https:\/\/chemuza.org\/it\/wp-json\/wp\/v2\/media?parent=1525"}],"curies":[{"name":"wp","href":"https:\/\/api.w.org\/{rel}","templated":true}]}}