{"id":1524,"date":"2023-07-13T16:20:11","date_gmt":"2023-07-13T16:20:11","guid":{"rendered":"https:\/\/chemuza.org\/it\/berkelio\/"},"modified":"2023-07-13T16:20:11","modified_gmt":"2023-07-13T16:20:11","slug":"berkelio","status":"publish","type":"page","link":"https:\/\/chemuza.org\/it\/berkelio\/","title":{"rendered":"Berkelio"},"content":{"rendered":"<p>\u00c8 il diciottesimo membro della serie chimica degli attinidi. Inoltre, appartiene al gruppo degli elementi transuranici. L&#8217;elemento Berkelio invece non si trova nella crosta terrestre perch\u00e9 non possiede isotopi stabili. Scopri quali sono le caratteristiche e le propriet\u00e0.<\/p>\n<h2> <strong>Cos&#8217;\u00e8 il Berkelio?<\/strong><\/h2>\n<p> \u00c8 l&#8217;elemento chimico con numero atomico 97, che \u00e8 un attinide, solido, sintetico, metallico, altamente radioattivo, fragile e morbido. Inoltre, ha un colore bianco-argento. Inoltre tende a formare ruggine, perch\u00e9 alle alte temperature si ossida in presenza di aria.<\/p>\n<h2> <strong>Simbolo del Berkelio<\/strong><\/h2>\n<p> <span class=\"content-chemical-element\" style=\"float: left;width: 65px;height: 65px;border: 3px solid #666; display:flex;\n    justify-content: center;align-items: center;margin-right: 15px;\"><span style=\"font-size: 38px;\">Bk<\/span><\/span> \u00e8 un&#8217;abbreviazione del suo nome. Anche se inizialmente suggerirono che prendesse il nome dallo scopritore Glen Seaborg, la IUPAC decise di assegnargli Berkelium. Riceve questo soprannome in onore dell&#8217;universit\u00e0 e della citt\u00e0 di Berkeley, dove \u00e8 stato ottenuto. Questo titolo deriva a sua volta dal filosofo irlandese George Barkeley.<\/p>\n<h2> <strong>Caratteristiche del Berkelio<\/strong><\/h2>\n<p> Alcune delle sue propriet\u00e0 hanno una certa somiglianza con quelle del Terbium. Inoltre, fonde a 986\u00baC, \u00e8 attratto dai campi magnetici e pesa 14,78 g\/cm\u00b3. Tuttavia, ci\u00f2 non \u00e8 stato ottenuto in modo elementare. Altre caratteristiche sono:<\/p>\n<ul>\n<li> <strong>Reattivit\u00e0 chimica<\/strong> : Si ossida rapidamente in presenza di aria o ossigeno ad alte temperature.<\/li>\n<li> <strong>Condizione<\/strong> : \u00e8 solido nella sua forma naturale.<\/li>\n<li> <strong>Aspetto<\/strong> : Ha un aspetto metallico bianco argenteo.<\/li>\n<li> <strong>Radioattivit\u00e0<\/strong> : Presenta un&#8217;elevata radioattivit\u00e0.<\/li>\n<li> <strong>Polarizzabilit\u00e0:<\/strong> 22,7 \u00c5 <sup>3<\/sup><\/li>\n<li> <strong>Solubilit\u00e0<\/strong> : \u00c8 molto solubile con gli acidi minerali.<\/li>\n<li> <strong>Ordine magnetico<\/strong> : mostra le propriet\u00e0 paramagnetiche.<\/li>\n<li> <strong>Struttura cristallina<\/strong> : contiene due forme cristalline, una doppia esagonale compatta e un&#8217;altra cubica a facce centrate.<\/li>\n<li> <strong>Isotopi<\/strong> : Ha 14 isotopi conosciuti, le cui masse atomiche variano da 238 a 251.<\/li>\n<\/ul>\n<h2> <strong>Propriet\u00e0 chimiche e fisiche del Berkelio<\/strong><\/h2>\n<ol>\n<li> <strong>Numero atomico<\/strong> : 97 <strong>&nbsp;<\/strong><\/li>\n<li> <strong>Ruggine<\/strong> : sconosciuta<\/li>\n<li> <strong>Raggio ionico (\u00c5)<\/strong> : 0,97 <strong>&nbsp;<\/strong><\/li>\n<li> <strong>Raggio atomico (\u00c5)<\/strong> : 1,7 <strong>&nbsp;<\/strong><\/li>\n<li> <strong>Massa atomica (g\/mol)<\/strong> : 247 u<\/li>\n<li> <strong>Velocit\u00e0 del suono<\/strong> : nessun dato<\/li>\n<li> <strong>Calore specifico<\/strong> : Nessun dato <strong>&nbsp;<\/strong><\/li>\n<li> <strong>Punto di ebollizione<\/strong> : 2627\u00b0C<\/li>\n<li> <strong>Elettronegativit\u00e0<\/strong> : 1,3 (scala Pauling)<\/li>\n<li> <strong>Elettroni per livello<\/strong> : 2, 8, 18, 32, 26, 9, 2<\/li>\n<li> <strong>Volume atomico<\/strong> : 16,7 cm\u00b3\/mol<\/li>\n<li> <strong>Stati di ossidazione<\/strong> : +2, +3, +4<\/li>\n<li> <strong>Potenziale di prima ionizzazione (eV)<\/strong> : 601 kJ\/mol<\/li>\n<li> <strong>Configurazione elettronica<\/strong> : [Rn] 5f <sup>8<\/sup> 6d <sup>1<\/sup> 7s <sup>2<\/sup><\/li>\n<li> <strong>Entalpia di vaporizzazione<\/strong> : 310 kJ\/mol<\/li>\n<li> <strong>Punto di fusione<\/strong> : 1050\u00b0C (1219K)<\/li>\n<li> <strong>Densit\u00e0 (g\/ml)<\/strong> : 14790 kg\/m\u00b3<\/li>\n<\/ol>\n<h2> <strong>Origine del Berkelio<\/strong><\/h2>\n<p> Se non sai chi ha scoperto il Berkelio, sono stati gli scienziati Glen Seaborg, Al Ghiorso e Stanley G. Thompson. Questa scoperta ebbe luogo nel corso dell&#8217;anno 1949 presso l&#8217;Universit\u00e0 di Berkeley, in California. Per sintetizzare, hanno usato un ciclotrone per bombardare l&#8217;Am <sup>241<\/sup> con particelle alfa ad alta tecnologia.<\/p>\n<p> Immediatamente dopo l&#8217;irradiazione, il materiale si \u00e8 dissolto correttamente. Lo hanno poi fatto passare attraverso una colonna di resina a scambio ionico utilizzando citrato di ammonio come soluzione eluente. Hanno cos\u00ec ottenuto un isotopo la cui vita media era di 4,5 ore.<\/p>\n<h2> <strong>A cosa serve il Berkelio?<\/strong><\/h2>\n<p> L&#8217;elemento chimico Berkelium non contiene applicazioni commerciali. Tuttavia, anche se se ne ottengono quantit\u00e0 molto piccole, viene spesso utilizzato per la ricerca scientifica. Scopri i suoi interessanti utilizzi:<\/p>\n<h3> <strong>Ottenere elementi pi\u00f9 pesanti<\/strong><\/h3>\n<p> Uno dei suoi isotopi, <sup>249<\/sup> Bk, ha una vita media di 314 giorni e pu\u00f2 essere ottenuto in tracce. Viene quindi utilizzato per sintetizzare elementi pi\u00f9 pesanti bombardando i loro atomi con particelle cariche. L&#8217;Oak Ridge National Laboratory negli Stati Uniti e l&#8217;Atomic Reactor Research Institute in Russia lo usano spesso.<\/p>\n<h3> <strong>Studi chimico-fisici<\/strong><\/h3>\n<p> Secondo ricerche scientifiche, consente estrapolazioni precise sulle caratteristiche, propriet\u00e0 e comportamenti di altri elementi attinidi. Questo perch\u00e9 quelli pi\u00f9 pesanti sono difficili da ottenere, hanno una vita breve e sono radioattivi.<\/p>\n<h2> <strong>Ottenere il Berkelio<\/strong><\/h2>\n<p> Nel 1969 fu preparato il primo campione dell&#8217;elemento, ottenuto per riduzione del fluoruro, o BkF <sub>3<\/sub> , con litio a 1026,85\u00ba C. Oggi, invece, per preparare fogli sottili, riduciamo l&#8217;ossido BkO <sub>2<\/sub> con lantanio. Torio metallico dorato.<\/p>\n<h2> <strong>Berkelio \u00c8 dannoso per la salute?<\/strong><\/h2>\n<p> Quando rilascia la sua intensa radioattivit\u00e0 nell&#8217;ambiente, danneggia tutti gli esseri viventi, siano essi animali, piante o esseri umani. Si accumula anche lungo tutta la catena alimentare e viene trasmesso da una generazione a quella successiva. Le sue radiazioni danneggiano quindi il materiale genetico di tutte le specie. Inoltre, l&#8217;esposizione prolungata pu\u00f2 essere cancerogena. Inoltre, provoca sterilit\u00e0, collassi del sistema immunitario, aborti spontanei, leucemia, malformazioni, tra gli altri danni.<\/p>\n<h2> <strong>Nuovo stato di ossidazione del berkelio<\/strong><\/h2>\n<p> Nel corso del 2018 un gruppo di ricercatori ha scoperto lo stato di ossidazione +5 del Berkelio. La scoperta \u00e8 avvenuta creando un complesso di nitrato con Bk <sup>5+<\/sup> , attraverso la rimozione di due molecole di biossido di azoto. Inoltre, \u00e8 stato confermato che mostra una maggiore stabilit\u00e0.<\/p>\n<p> In conclusione il Berkelio \u00e8 un elemento attinide, sintetico, radioattivo, metallico, morbido e fragile. Ha una tonalit\u00e0 bianco argenteo, ossidazione in presenza di aria o ossigeno, due forme cristalline e propriet\u00e0 paramagnetiche. Le sue applicazioni sono solo per scopi scientifici.<\/p>\n","protected":false},"excerpt":{"rendered":"<p>\u00c8 il diciottesimo membro della serie chimica degli attinidi. Inoltre, appartiene al gruppo degli elementi transuranici. L&#8217;elemento Berkelio invece non si trova nella crosta terrestre perch\u00e9 non possiede isotopi stabili. Scopri quali sono le caratteristiche e le propriet\u00e0. Cos&#8217;\u00e8 il Berkelio? \u00c8 l&#8217;elemento chimico con numero atomico 97, che \u00e8 un attinide, solido, sintetico, metallico, &#8230; <a title=\"Berkelio\" class=\"read-more\" href=\"https:\/\/chemuza.org\/it\/berkelio\/\" aria-label=\"More on Berkelio\">Per saperne di pi\u00f9<\/a><\/p>\n","protected":false},"author":1,"featured_media":0,"parent":0,"menu_order":0,"comment_status":"closed","ping_status":"closed","template":"","meta":{"footnotes":""},"yoast_head":"<!-- This site is optimized with the Yoast SEO plugin v21.4 - https:\/\/yoast.com\/wordpress\/plugins\/seo\/ -->\n<title>Berkelio \u2013 Chemuza<\/title>\n<meta name=\"robots\" content=\"index, follow, max-snippet:-1, max-image-preview:large, max-video-preview:-1\" \/>\n<link rel=\"canonical\" href=\"https:\/\/chemuza.org\/it\/berkelio\/\" \/>\n<meta property=\"og:locale\" content=\"it_IT\" \/>\n<meta property=\"og:type\" content=\"article\" \/>\n<meta property=\"og:title\" content=\"Berkelio \u2013 Chemuza\" \/>\n<meta property=\"og:description\" content=\"\u00c8 il diciottesimo membro della serie chimica degli attinidi. Inoltre, appartiene al gruppo degli elementi transuranici. L&#8217;elemento Berkelio invece non si trova nella crosta terrestre perch\u00e9 non possiede isotopi stabili. Scopri quali sono le caratteristiche e le propriet\u00e0. Cos&#8217;\u00e8 il Berkelio? \u00c8 l&#8217;elemento chimico con numero atomico 97, che \u00e8 un attinide, solido, sintetico, metallico, ... Per saperne di pi\u00f9\" \/>\n<meta property=\"og:url\" content=\"https:\/\/chemuza.org\/it\/berkelio\/\" \/>\n<meta property=\"og:site_name\" content=\"Chemuza\" \/>\n<meta name=\"twitter:card\" content=\"summary_large_image\" \/>\n<meta name=\"twitter:label1\" content=\"Tempo di lettura stimato\" \/>\n\t<meta name=\"twitter:data1\" content=\"4 minuti\" \/>\n<script type=\"application\/ld+json\" class=\"yoast-schema-graph\">{\"@context\":\"https:\/\/schema.org\",\"@graph\":[{\"@type\":\"WebPage\",\"@id\":\"https:\/\/chemuza.org\/it\/berkelio\/\",\"url\":\"https:\/\/chemuza.org\/it\/berkelio\/\",\"name\":\"Berkelio \u2013 Chemuza\",\"isPartOf\":{\"@id\":\"https:\/\/chemuza.org\/it\/#website\"},\"datePublished\":\"2023-07-13T16:20:11+00:00\",\"dateModified\":\"2023-07-13T16:20:11+00:00\",\"breadcrumb\":{\"@id\":\"https:\/\/chemuza.org\/it\/berkelio\/#breadcrumb\"},\"inLanguage\":\"it-IT\",\"potentialAction\":[{\"@type\":\"ReadAction\",\"target\":[\"https:\/\/chemuza.org\/it\/berkelio\/\"]}]},{\"@type\":\"BreadcrumbList\",\"@id\":\"https:\/\/chemuza.org\/it\/berkelio\/#breadcrumb\",\"itemListElement\":[{\"@type\":\"ListItem\",\"position\":1,\"name\":\"Casa\",\"item\":\"https:\/\/chemuza.org\/it\/\"},{\"@type\":\"ListItem\",\"position\":2,\"name\":\"Berkelio\"}]},{\"@type\":\"WebSite\",\"@id\":\"https:\/\/chemuza.org\/it\/#website\",\"url\":\"https:\/\/chemuza.org\/it\/\",\"name\":\"Chemuza\",\"description\":\"La tua porta d&#039;accesso alla scoperta chimica!\",\"publisher\":{\"@id\":\"https:\/\/chemuza.org\/it\/#organization\"},\"potentialAction\":[{\"@type\":\"SearchAction\",\"target\":{\"@type\":\"EntryPoint\",\"urlTemplate\":\"https:\/\/chemuza.org\/it\/?s={search_term_string}\"},\"query-input\":\"required name=search_term_string\"}],\"inLanguage\":\"it-IT\"},{\"@type\":\"Organization\",\"@id\":\"https:\/\/chemuza.org\/it\/#organization\",\"name\":\"Chemuza\",\"url\":\"https:\/\/chemuza.org\/it\/\",\"logo\":{\"@type\":\"ImageObject\",\"inLanguage\":\"it-IT\",\"@id\":\"https:\/\/chemuza.org\/it\/#\/schema\/logo\/image\/\",\"url\":\"https:\/\/chemuza.org\/it\/wp-content\/uploads\/2023\/10\/chemuza-logo.png\",\"contentUrl\":\"https:\/\/chemuza.org\/it\/wp-content\/uploads\/2023\/10\/chemuza-logo.png\",\"width\":387,\"height\":70,\"caption\":\"Chemuza\"},\"image\":{\"@id\":\"https:\/\/chemuza.org\/it\/#\/schema\/logo\/image\/\"}}]}<\/script>\n<!-- \/ Yoast SEO plugin. -->","yoast_head_json":{"title":"Berkelio \u2013 Chemuza","robots":{"index":"index","follow":"follow","max-snippet":"max-snippet:-1","max-image-preview":"max-image-preview:large","max-video-preview":"max-video-preview:-1"},"canonical":"https:\/\/chemuza.org\/it\/berkelio\/","og_locale":"it_IT","og_type":"article","og_title":"Berkelio \u2013 Chemuza","og_description":"\u00c8 il diciottesimo membro della serie chimica degli attinidi. Inoltre, appartiene al gruppo degli elementi transuranici. L&#8217;elemento Berkelio invece non si trova nella crosta terrestre perch\u00e9 non possiede isotopi stabili. Scopri quali sono le caratteristiche e le propriet\u00e0. Cos&#8217;\u00e8 il Berkelio? \u00c8 l&#8217;elemento chimico con numero atomico 97, che \u00e8 un attinide, solido, sintetico, metallico, ... Per saperne di pi\u00f9","og_url":"https:\/\/chemuza.org\/it\/berkelio\/","og_site_name":"Chemuza","twitter_card":"summary_large_image","twitter_misc":{"Tempo di lettura stimato":"4 minuti"},"schema":{"@context":"https:\/\/schema.org","@graph":[{"@type":"WebPage","@id":"https:\/\/chemuza.org\/it\/berkelio\/","url":"https:\/\/chemuza.org\/it\/berkelio\/","name":"Berkelio \u2013 Chemuza","isPartOf":{"@id":"https:\/\/chemuza.org\/it\/#website"},"datePublished":"2023-07-13T16:20:11+00:00","dateModified":"2023-07-13T16:20:11+00:00","breadcrumb":{"@id":"https:\/\/chemuza.org\/it\/berkelio\/#breadcrumb"},"inLanguage":"it-IT","potentialAction":[{"@type":"ReadAction","target":["https:\/\/chemuza.org\/it\/berkelio\/"]}]},{"@type":"BreadcrumbList","@id":"https:\/\/chemuza.org\/it\/berkelio\/#breadcrumb","itemListElement":[{"@type":"ListItem","position":1,"name":"Casa","item":"https:\/\/chemuza.org\/it\/"},{"@type":"ListItem","position":2,"name":"Berkelio"}]},{"@type":"WebSite","@id":"https:\/\/chemuza.org\/it\/#website","url":"https:\/\/chemuza.org\/it\/","name":"Chemuza","description":"La tua porta d&#039;accesso alla scoperta chimica!","publisher":{"@id":"https:\/\/chemuza.org\/it\/#organization"},"potentialAction":[{"@type":"SearchAction","target":{"@type":"EntryPoint","urlTemplate":"https:\/\/chemuza.org\/it\/?s={search_term_string}"},"query-input":"required name=search_term_string"}],"inLanguage":"it-IT"},{"@type":"Organization","@id":"https:\/\/chemuza.org\/it\/#organization","name":"Chemuza","url":"https:\/\/chemuza.org\/it\/","logo":{"@type":"ImageObject","inLanguage":"it-IT","@id":"https:\/\/chemuza.org\/it\/#\/schema\/logo\/image\/","url":"https:\/\/chemuza.org\/it\/wp-content\/uploads\/2023\/10\/chemuza-logo.png","contentUrl":"https:\/\/chemuza.org\/it\/wp-content\/uploads\/2023\/10\/chemuza-logo.png","width":387,"height":70,"caption":"Chemuza"},"image":{"@id":"https:\/\/chemuza.org\/it\/#\/schema\/logo\/image\/"}}]}},"yoast_meta":{"yoast_wpseo_title":"","yoast_wpseo_metadesc":"","yoast_wpseo_canonical":""},"_links":{"self":[{"href":"https:\/\/chemuza.org\/it\/wp-json\/wp\/v2\/pages\/1524"}],"collection":[{"href":"https:\/\/chemuza.org\/it\/wp-json\/wp\/v2\/pages"}],"about":[{"href":"https:\/\/chemuza.org\/it\/wp-json\/wp\/v2\/types\/page"}],"author":[{"embeddable":true,"href":"https:\/\/chemuza.org\/it\/wp-json\/wp\/v2\/users\/1"}],"replies":[{"embeddable":true,"href":"https:\/\/chemuza.org\/it\/wp-json\/wp\/v2\/comments?post=1524"}],"version-history":[{"count":0,"href":"https:\/\/chemuza.org\/it\/wp-json\/wp\/v2\/pages\/1524\/revisions"}],"wp:attachment":[{"href":"https:\/\/chemuza.org\/it\/wp-json\/wp\/v2\/media?parent=1524"}],"curies":[{"name":"wp","href":"https:\/\/api.w.org\/{rel}","templated":true}]}}