{"id":1521,"date":"2023-07-13T17:53:42","date_gmt":"2023-07-13T17:53:42","guid":{"rendered":"https:\/\/chemuza.org\/it\/plutonio\/"},"modified":"2023-07-13T17:53:42","modified_gmt":"2023-07-13T17:53:42","slug":"plutonio","status":"publish","type":"page","link":"https:\/\/chemuza.org\/it\/plutonio\/","title":{"rendered":"Plutonio"},"content":{"rendered":"<p>Come elemento chimico \u00e8 molto raro sulla terra, motivo per cui \u00e8 conosciuto soprattutto per la sua origine artificiale. I suoi usi pi\u00f9 comuni sono nella produzione di combustibile nucleare o nelle aziende produttrici di armi nucleari. Appartiene alla categoria dei metalli attinidi e tutti i suoi isotopi sono radioattivi. Puoi avere maggiori informazioni sul plutonio come propriet\u00e0, origine e caratteristiche qui.<\/p>\n<h2> <strong>Cos&#8217;\u00e8 il plutonio?<\/strong><\/h2>\n<p> \u00c8 un elemento chimico transuranico, il che significa che va oltre l&#8217;uranio. Il suo colore \u00e8 grigio argentato, ma esposto all&#8217;aria risulta scuro e quando ossidato forma uno strato giallo opaco, noto anche come plutonio verde. Normalmente ha 6 stati allotropici e 4 stati di ossidazione. Inoltre, pu\u00f2 reagire con azoto, carbonio, silicio e alogeni.<\/p>\n<h3> <strong>Simbolo del plutonio<\/strong><\/h3>\n<p> <span class=\"content-chemical-element\" style=\"float: left;width: 65px;height: 65px;border: 3px solid #666; display:flex;\n    justify-content: center;align-items: center;margin-right: 15px;\"><span style=\"font-size: 38px;\">Pu<\/span><\/span> Il suo numero atomico \u00e8 94 e la sua massa atomica \u00e8 244. Presenta 16 varianti atomiche stabili, cio\u00e8 isotopi reattivi. Il plutonio-239 \u00e8 di maggiore interesse chimico a causa delle sue propriet\u00e0 fissili, ma pu\u00f2 anche catturare neutroni per creare isotopi pi\u00f9 elevati.<\/p>\n<h2> <strong>Caratteristiche del plutonio<\/strong><\/h2>\n<p> Il plutonio si dissolve facilmente nell&#8217;acido perclorico e nell&#8217;acido idriodico. A causa dell&#8217;energia che rilascia durante il decadimento alfa, \u00e8 in grado di emettere molto calore. A temperatura ambiente \u00e8 un elemento duro e fragile simile alla ghisa. Le altre caratteristiche del plutonio sono:<\/p>\n<ul>\n<li> <strong>Conduttivit\u00e0:<\/strong> non \u00e8 un buon conduttore di calore ed elettricit\u00e0.<\/li>\n<li> <strong>Solubilit\u00e0:<\/strong> si dissolve negli acidi e reagisce con l&#8217;acqua regia.<\/li>\n<li> <strong>Resistivit\u00e0:<\/strong> elevata a temperatura ambiente e ancora pi\u00f9 elevata a basse temperature.<\/li>\n<li> <strong>Allotropia:<\/strong> ha 6 allotropi con livelli energetici simili.<\/li>\n<li> <strong>Luminosit\u00e0:<\/strong> brilla potentemente.<\/li>\n<li> <strong>Struttura:<\/strong> monoclina.<\/li>\n<\/ul>\n<h2> <strong>Propriet\u00e0 chimiche e fisiche del plutonio<\/strong><\/h2>\n<ol>\n<li> <strong>Numero atomico<\/strong> : 94<\/li>\n<li> <strong>Periodo:<\/strong> 7<\/li>\n<li> <strong>Blocco:<\/strong> f<\/li>\n<li> <strong>Raggio covalente:<\/strong> 187+-1<\/li>\n<li> <strong>Raggio atomico:<\/strong> 159<\/li>\n<li> <strong>Raggio medio:<\/strong> 135<\/li>\n<li> <strong>Densit\u00e0:<\/strong> 19816 kg\/m\u00b3<\/li>\n<li> <strong>Punto di fusione:<\/strong> 912,5K<\/li>\n<li> <strong>Calore specifico:<\/strong> 35,5 J<\/li>\n<li> <strong>Modulo elastico:<\/strong> 96 GPa<\/li>\n<li> <strong>Punto di ebollizione:<\/strong> 3505K<\/li>\n<li> <strong>Elettronegativit\u00e0:<\/strong> 1,28<\/li>\n<li> <strong>Velocit\u00e0 del suono:<\/strong> 2.260 m\/s a 293,15 K<\/li>\n<li> <strong>Pressione di vapore:<\/strong> 10,00 Pa a 2926 K<\/li>\n<li> <strong>Configurazione elettronica:<\/strong> [Rn] 5f <sup>6<\/sup> 7s <sup>2<\/sup><\/li>\n<li> <strong>Entalpia di vaporizzazione:<\/strong> 333,5 kJ\/mol<\/li>\n<li> <strong>Entalpia di fusione:<\/strong> 2,82 Kj\/mol<\/li>\n<li> <strong>Conduttivit\u00e0 termica:<\/strong> 6,74 W<\/li>\n<li> <strong>Modulo di taglio:<\/strong> 43 GPa<\/li>\n<\/ol>\n<h2> <strong>Origine del plutonio<\/strong><\/h2>\n<p> Nel 1934, il fisico italiano Enrico Fermi e diversi scienziati dell&#8217;Universit\u00e0 di Roma annunciarono di aver scoperto l&#8217;elemento 94, che chiamarono Hesperium. Era costituito da una miscela di kripton, bario e altri elementi, ma senza la scoperta della fissione nucleare gli esperimenti furono inconcludenti.<\/p>\n<p> Successivamente, il 14 dicembre 1940, il plutonio 238 fu isolato per la prima volta e l&#8217;anno successivo fu riconosciuto chimicamente grazie a Edwin McMillan, AC Wahl, Glenn T Seaborg e JW Kennedy. Questi scienziati hanno bombardato l&#8217;elemento Uranio con Deuterio in un acceleratore di particelle chiamato Ciclotone, che \u00e8 un isotopo dell&#8217;idrogeno che ha un protone e un neutrone nel suo nucleo.<\/p>\n<p> Il risultato del bombardamento ha prodotto l&#8217;elemento Nettunio 238, che decade per emissione beta con una vita breve di due giorni. Quindi, Edwin McMillan propose di dare all&#8217;elemento 94 il nome Plutone, perch\u00e9 era il pianeta che lo seguiva. Glenn Seaborg in seguito sugger\u00ec che si chiamasse Plutio, poi lo chiam\u00f2 Plutonio.<\/p>\n<h2> <strong>A cosa serve il plutonio?<\/strong><\/h2>\n<p> I suoi usi pi\u00f9 importanti dipendono in gran parte da due delle sue propriet\u00e0, ovvero l&#8217;energia termica che fa s\u00ec che questo elemento emetta una grande quantit\u00e0 di calore. Il secondo aspetto \u00e8 l&#8217;energia elettrica nei veicoli spaziali e nelle sonde. Ecco alcune delle applicazioni di questo elemento:<\/p>\n<h3> <strong>Industria<\/strong><\/h3>\n<p> La capacit\u00e0 di questo elemento della tavola periodica di generare calore lo rende ideale per l&#8217;uso in applicazioni di generatori termoelettrici. Questi trasformatori hanno la capacit\u00e0 di convertire il calore in elettricit\u00e0. Viene anche utilizzato come combustibile nella fabbricazione di bombe atomiche e centrali nucleari. L&#8217;isotopo utilizzato a questo scopo \u00e8 il plutonio 239 che subisce la fissione nucleare.<\/p>\n<h3> <strong>Medicinale<\/strong><\/h3>\n<p> L&#8217;energia che genera consente di utilizzare il plutonio per realizzare pacemaker artificiali, necessari alle persone che soffrono di malattie cardiache. L\u2019isotopo pi\u00f9 utilizzato a questo scopo \u00e8 il plutonio-238, perch\u00e9 emette un tipo di radiazione non pericolosa per la salute umana.<\/p>\n<p> In conclusione, il plutonio \u00e8 un elemento chimico che appartiene agli attinidi, \u00e8 di colore argento e presenta diverse strutture cristalline. Inoltre, viene utilizzato per produrre armi nucleari e combustibile nucleare. \u00c8 prodotto sinteticamente ed \u00e8 raro in natura. Inoltre, \u00e8 tossico e radioattivo; se ingerito o inalato pu\u00f2 causare malattie o morte.<\/p>\n","protected":false},"excerpt":{"rendered":"<p>Come elemento chimico \u00e8 molto raro sulla terra, motivo per cui \u00e8 conosciuto soprattutto per la sua origine artificiale. I suoi usi pi\u00f9 comuni sono nella produzione di combustibile nucleare o nelle aziende produttrici di armi nucleari. Appartiene alla categoria dei metalli attinidi e tutti i suoi isotopi sono radioattivi. Puoi avere maggiori informazioni sul &#8230; <a title=\"Plutonio\" class=\"read-more\" href=\"https:\/\/chemuza.org\/it\/plutonio\/\" aria-label=\"More on Plutonio\">Per saperne di pi\u00f9<\/a><\/p>\n","protected":false},"author":1,"featured_media":0,"parent":0,"menu_order":0,"comment_status":"closed","ping_status":"closed","template":"","meta":{"footnotes":""},"yoast_head":"<!-- This site is optimized with the Yoast SEO plugin v21.4 - https:\/\/yoast.com\/wordpress\/plugins\/seo\/ -->\n<title>Plutonio - Chemuza<\/title>\n<meta name=\"robots\" content=\"index, follow, max-snippet:-1, max-image-preview:large, max-video-preview:-1\" \/>\n<link rel=\"canonical\" href=\"https:\/\/chemuza.org\/it\/plutonio\/\" \/>\n<meta property=\"og:locale\" content=\"it_IT\" \/>\n<meta property=\"og:type\" content=\"article\" \/>\n<meta property=\"og:title\" content=\"Plutonio - Chemuza\" \/>\n<meta property=\"og:description\" content=\"Come elemento chimico \u00e8 molto raro sulla terra, motivo per cui \u00e8 conosciuto soprattutto per la sua origine artificiale. I suoi usi pi\u00f9 comuni sono nella produzione di combustibile nucleare o nelle aziende produttrici di armi nucleari. Appartiene alla categoria dei metalli attinidi e tutti i suoi isotopi sono radioattivi. Puoi avere maggiori informazioni sul ... Per saperne di pi\u00f9\" \/>\n<meta property=\"og:url\" content=\"https:\/\/chemuza.org\/it\/plutonio\/\" \/>\n<meta property=\"og:site_name\" content=\"Chemuza\" \/>\n<meta name=\"twitter:card\" content=\"summary_large_image\" \/>\n<meta name=\"twitter:label1\" content=\"Tempo di lettura stimato\" \/>\n\t<meta name=\"twitter:data1\" content=\"3 minuti\" \/>\n<script type=\"application\/ld+json\" class=\"yoast-schema-graph\">{\"@context\":\"https:\/\/schema.org\",\"@graph\":[{\"@type\":\"WebPage\",\"@id\":\"https:\/\/chemuza.org\/it\/plutonio\/\",\"url\":\"https:\/\/chemuza.org\/it\/plutonio\/\",\"name\":\"Plutonio - Chemuza\",\"isPartOf\":{\"@id\":\"https:\/\/chemuza.org\/it\/#website\"},\"datePublished\":\"2023-07-13T17:53:42+00:00\",\"dateModified\":\"2023-07-13T17:53:42+00:00\",\"breadcrumb\":{\"@id\":\"https:\/\/chemuza.org\/it\/plutonio\/#breadcrumb\"},\"inLanguage\":\"it-IT\",\"potentialAction\":[{\"@type\":\"ReadAction\",\"target\":[\"https:\/\/chemuza.org\/it\/plutonio\/\"]}]},{\"@type\":\"BreadcrumbList\",\"@id\":\"https:\/\/chemuza.org\/it\/plutonio\/#breadcrumb\",\"itemListElement\":[{\"@type\":\"ListItem\",\"position\":1,\"name\":\"Casa\",\"item\":\"https:\/\/chemuza.org\/it\/\"},{\"@type\":\"ListItem\",\"position\":2,\"name\":\"Plutonio\"}]},{\"@type\":\"WebSite\",\"@id\":\"https:\/\/chemuza.org\/it\/#website\",\"url\":\"https:\/\/chemuza.org\/it\/\",\"name\":\"Chemuza\",\"description\":\"La tua porta d&#039;accesso alla scoperta chimica!\",\"publisher\":{\"@id\":\"https:\/\/chemuza.org\/it\/#organization\"},\"potentialAction\":[{\"@type\":\"SearchAction\",\"target\":{\"@type\":\"EntryPoint\",\"urlTemplate\":\"https:\/\/chemuza.org\/it\/?s={search_term_string}\"},\"query-input\":\"required name=search_term_string\"}],\"inLanguage\":\"it-IT\"},{\"@type\":\"Organization\",\"@id\":\"https:\/\/chemuza.org\/it\/#organization\",\"name\":\"Chemuza\",\"url\":\"https:\/\/chemuza.org\/it\/\",\"logo\":{\"@type\":\"ImageObject\",\"inLanguage\":\"it-IT\",\"@id\":\"https:\/\/chemuza.org\/it\/#\/schema\/logo\/image\/\",\"url\":\"https:\/\/chemuza.org\/it\/wp-content\/uploads\/2023\/10\/chemuza-logo.png\",\"contentUrl\":\"https:\/\/chemuza.org\/it\/wp-content\/uploads\/2023\/10\/chemuza-logo.png\",\"width\":387,\"height\":70,\"caption\":\"Chemuza\"},\"image\":{\"@id\":\"https:\/\/chemuza.org\/it\/#\/schema\/logo\/image\/\"}}]}<\/script>\n<!-- \/ Yoast SEO plugin. -->","yoast_head_json":{"title":"Plutonio - Chemuza","robots":{"index":"index","follow":"follow","max-snippet":"max-snippet:-1","max-image-preview":"max-image-preview:large","max-video-preview":"max-video-preview:-1"},"canonical":"https:\/\/chemuza.org\/it\/plutonio\/","og_locale":"it_IT","og_type":"article","og_title":"Plutonio - Chemuza","og_description":"Come elemento chimico \u00e8 molto raro sulla terra, motivo per cui \u00e8 conosciuto soprattutto per la sua origine artificiale. I suoi usi pi\u00f9 comuni sono nella produzione di combustibile nucleare o nelle aziende produttrici di armi nucleari. Appartiene alla categoria dei metalli attinidi e tutti i suoi isotopi sono radioattivi. Puoi avere maggiori informazioni sul ... Per saperne di pi\u00f9","og_url":"https:\/\/chemuza.org\/it\/plutonio\/","og_site_name":"Chemuza","twitter_card":"summary_large_image","twitter_misc":{"Tempo di lettura stimato":"3 minuti"},"schema":{"@context":"https:\/\/schema.org","@graph":[{"@type":"WebPage","@id":"https:\/\/chemuza.org\/it\/plutonio\/","url":"https:\/\/chemuza.org\/it\/plutonio\/","name":"Plutonio - Chemuza","isPartOf":{"@id":"https:\/\/chemuza.org\/it\/#website"},"datePublished":"2023-07-13T17:53:42+00:00","dateModified":"2023-07-13T17:53:42+00:00","breadcrumb":{"@id":"https:\/\/chemuza.org\/it\/plutonio\/#breadcrumb"},"inLanguage":"it-IT","potentialAction":[{"@type":"ReadAction","target":["https:\/\/chemuza.org\/it\/plutonio\/"]}]},{"@type":"BreadcrumbList","@id":"https:\/\/chemuza.org\/it\/plutonio\/#breadcrumb","itemListElement":[{"@type":"ListItem","position":1,"name":"Casa","item":"https:\/\/chemuza.org\/it\/"},{"@type":"ListItem","position":2,"name":"Plutonio"}]},{"@type":"WebSite","@id":"https:\/\/chemuza.org\/it\/#website","url":"https:\/\/chemuza.org\/it\/","name":"Chemuza","description":"La tua porta d&#039;accesso alla scoperta chimica!","publisher":{"@id":"https:\/\/chemuza.org\/it\/#organization"},"potentialAction":[{"@type":"SearchAction","target":{"@type":"EntryPoint","urlTemplate":"https:\/\/chemuza.org\/it\/?s={search_term_string}"},"query-input":"required name=search_term_string"}],"inLanguage":"it-IT"},{"@type":"Organization","@id":"https:\/\/chemuza.org\/it\/#organization","name":"Chemuza","url":"https:\/\/chemuza.org\/it\/","logo":{"@type":"ImageObject","inLanguage":"it-IT","@id":"https:\/\/chemuza.org\/it\/#\/schema\/logo\/image\/","url":"https:\/\/chemuza.org\/it\/wp-content\/uploads\/2023\/10\/chemuza-logo.png","contentUrl":"https:\/\/chemuza.org\/it\/wp-content\/uploads\/2023\/10\/chemuza-logo.png","width":387,"height":70,"caption":"Chemuza"},"image":{"@id":"https:\/\/chemuza.org\/it\/#\/schema\/logo\/image\/"}}]}},"yoast_meta":{"yoast_wpseo_title":"","yoast_wpseo_metadesc":"","yoast_wpseo_canonical":""},"_links":{"self":[{"href":"https:\/\/chemuza.org\/it\/wp-json\/wp\/v2\/pages\/1521"}],"collection":[{"href":"https:\/\/chemuza.org\/it\/wp-json\/wp\/v2\/pages"}],"about":[{"href":"https:\/\/chemuza.org\/it\/wp-json\/wp\/v2\/types\/page"}],"author":[{"embeddable":true,"href":"https:\/\/chemuza.org\/it\/wp-json\/wp\/v2\/users\/1"}],"replies":[{"embeddable":true,"href":"https:\/\/chemuza.org\/it\/wp-json\/wp\/v2\/comments?post=1521"}],"version-history":[{"count":0,"href":"https:\/\/chemuza.org\/it\/wp-json\/wp\/v2\/pages\/1521\/revisions"}],"wp:attachment":[{"href":"https:\/\/chemuza.org\/it\/wp-json\/wp\/v2\/media?parent=1521"}],"curies":[{"name":"wp","href":"https:\/\/api.w.org\/{rel}","templated":true}]}}