{"id":1520,"date":"2023-07-13T18:30:03","date_gmt":"2023-07-13T18:30:03","guid":{"rendered":"https:\/\/chemuza.org\/it\/uranio\/"},"modified":"2023-07-13T18:30:03","modified_gmt":"2023-07-13T18:30:03","slug":"uranio","status":"publish","type":"page","link":"https:\/\/chemuza.org\/it\/uranio\/","title":{"rendered":"Uranio"},"content":{"rendered":"<p>L&#8217;uranio si trova naturalmente, anche se in basse concentrazioni, nelle rocce, nell&#8217;acqua, nel suolo e negli esseri viventi. Inoltre nel mare si trova sotto forma di sali complessi come metalli e carbonati. Alcune delle sue applicazioni moderne riguardano i campi della tecnologia, dell&#8217;esercito, dell&#8217;industria nucleare e della medicina. Ora scopri maggiori dettagli su questo elemento chimico.<\/p>\n<h2> <strong>Cos&#8217;\u00e8 l&#8217;uranio?<\/strong><\/h2>\n<p> \u00c8 un elemento chimico della tavola periodica che appartiene al gruppo degli attinidi, di colore grigio-argenteo. I suoi composti includono nitrato di uranio, esafluoruro di uranio, biossido di uranio, ossido di uranio e tetrafluoruro di uranio.<\/p>\n<h3> <strong>Simbolo dell&#8217;uranio<\/strong><\/h3>\n<p> <span class=\"content-chemical-element\" style=\"float: left;width: 65px;height: 65px;border: 3px solid #666; display:flex;\n    justify-content: center;align-items: center;margin-right: 15px;\"><span style=\"font-size: 38px;\">U<\/span><\/span> Si trova nel gruppo 3, periodo 7 della tavola chimica con numero atomico 92 e massa 238,03. \u00c8 una miscela di tre isotopi chiamati Uranio 234, Uranio 235 e Uranio 238, che hanno la stessa carica chimica, ma con diverse propriet\u00e0 radioattive.<\/p>\n<h2> <strong>Caratteristiche dell&#8217;uranio<\/strong><\/h2>\n<p> \u00c8 un metallo denso, malleabile e duttile, ma \u00e8 un cattivo conduttore di elettricit\u00e0. Pu\u00f2 essere sciolto in acido nitrico e acido cloridrico. Tuttavia, negli acidi non ossidanti come l&#8217;acido fluoridrico e solforico, si dissolve lentamente. Le altre caratteristiche dell&#8217;uranio sono:<\/p>\n<ul>\n<li> <strong>Magnetismo:<\/strong> \u00e8 un metallo paramagnetico.<\/li>\n<li> <strong>Reattivit\u00e0 chimica:<\/strong> reagisce con la maggior parte degli elementi metallici e dei composti binari.<\/li>\n<li> <strong>Allotropia:<\/strong> ha 3 forme che includono l&#8217;uranio alfa che ha una geometria cristallina ortorombica, l&#8217;uranio gamma con geometria cubica e l&#8217;uranio beta con geometria tetragonale.<\/li>\n<li> <strong>Densit\u00e0:<\/strong> dopo il piombo, la sua densit\u00e0 \u00e8 superiore del 70%, ma inferiore rispetto al Wolfram.<\/li>\n<\/ul>\n<h2> <strong>Propriet\u00e0 chimiche e fisiche dell&#8217;uranio<\/strong><\/h2>\n<ol>\n<li> <strong>Numero atomico<\/strong> : 92<\/li>\n<li> <strong>Periodo:<\/strong> 6<\/li>\n<li> <strong>Blocco:<\/strong> f<\/li>\n<li> <strong>Raggio covalente:<\/strong> 196<\/li>\n<li> <strong>Dilatazione termica:<\/strong> 13,9<\/li>\n<li> <strong>Modulo di taglio:<\/strong> 111 GPa<\/li>\n<li> <strong>Punto di fusione:<\/strong> 1405,3K<\/li>\n<li> <strong>Punto di ebollizione:<\/strong> 4404K<\/li>\n<li> <strong>Elettronegativit\u00e0:<\/strong> 1,38<\/li>\n<li> <strong>Modulo di Young:<\/strong> 208 GPa<\/li>\n<li> <strong>Modulo di volume:<\/strong> 100 GPa<\/li>\n<li> <strong>Raggio atomico:<\/strong> 156 empirico<\/li>\n<li> <strong>Velocit\u00e0 del suono:<\/strong> 3155 m\/s a 20\u00b0C<\/li>\n<li> <strong>Calore di vaporizzazione: 417,1<\/strong> Kj\/mol<\/li>\n<li> <strong>Configurazione elettronica:<\/strong> [Rn] 5f <sup>3<\/sup> 6d <sup>1<\/sup> 7s <sup>2<\/sup><\/li>\n<li> <strong>Conduttivit\u00e0 termica:<\/strong> 27,5 W<\/li>\n<li> <strong>Calore di fusione:<\/strong> 9,14 Kj\/mol<\/li>\n<\/ol>\n<h2> <strong>Origine dell&#8217;uranio<\/strong><\/h2>\n<p> Fu scoperto nel 1789 dal chimico tedesco Martin Heinrich Klaproth, mentre lavorava nel suo laboratorio. Un tempo, una sostanza gialla veniva precipitata sciogliendo pechblenda o uraninite in acido nitrico e neutralizzando questa soluzione con idrossido di sodio. Vedendolo, pens\u00f2 che appartenesse all&#8217;ossido di un elemento non ancora scoperto e cominci\u00f2 a riscaldarlo. Il risultato fu una polvere nera o ossido di uranio. Il nome \u00e8 dovuto al pianeta Urano, in onore del mitico dio greco del cielo.<\/p>\n<h2> <strong>A cosa serve l&#8217;uranio?<\/strong><\/h2>\n<p> Questo metallo fornisce il combustibile necessario per produrre elettricit\u00e0 nelle centrali nucleari. Sebbene sia un metallo comune, \u00e8 considerato una fonte di energia non rinnovabile. Ecco alcune delle sue applicazioni pi\u00f9 popolari:<\/p>\n<h3> <strong>Industria<\/strong><\/h3>\n<p> L&#8217;uranio impoverito viene utilizzato per realizzare perforatrici e munizioni pesanti. \u00c8 utile anche per realizzare armature su carri armati e missili. Grazie alla sua elevata densit\u00e0, viene utilizzato come stabilizzatore e zavorra per barche a vela, satelliti artificiali e navi. Per stabilizzare e garantire la capacit\u00e0 di volo degli aerei, l\u2019uranio impoverito funge da elemento di contrappeso.<\/p>\n<p> Il plutonio si ottiene dall&#8217;isotopo <sup>238<\/sup> U, utilizzato nella fabbricazione di armi atomiche. Inoltre, aiuta ad alimentare i reattori nucleari. Inoltre, molti scienziati e geologi utilizzano l\u2019uranio-238 per studiare l\u2019et\u00e0 della Terra. Allo stesso modo, viene utilizzato per creare cristalli luminosi verdi o gialli. Le sue leghe sono necessarie nelle diluizioni di uranio arricchito nella fornitura di combustibile liquido.<\/p>\n<h3> <strong>Vita di ogni giorno<\/strong><\/h3>\n<p> Sebbene le sue applicazioni siano limitate, \u00e8 stato utilizzato per realizzare smalti colorati e per rivestire oggetti decorativi in ceramica per conferire loro lucentezza, colore e resistenza. Inoltre, viene utilizzato nella produzione di fertilizzanti che forniscono nutrienti al terreno e fanno crescere le piante.<\/p>\n<h3> <strong>Medicinale<\/strong><\/h3>\n<p> Gli operatori sanitari devono proteggersi dalle apparecchiature che emettono raggi X per diagnosticare le malattie. Ecco perch\u00e9 sulla base dell&#8217;uranio vengono realizzate speciali tute protettive, perch\u00e9 questo elemento impedisce ai raggi di penetrare nel corpo. D&#8217;altro canto viene utilizzato anche per sterilizzare gli strumenti chirurgici e per i trattamenti chemioterapici.<\/p>\n<h2> <strong>Come viene estratto l&#8217;uranio?<\/strong><\/h2>\n<p> Ci\u00f2 \u00e8 ottenuto attraverso l\u2019uso della tecnologia mineraria. Quando \u00e8 vicino alla superficie, viene effettuato a cielo aperto, mentre a profondit\u00e0 maggiori viene utilizzata l&#8217;estrazione sotterranea. Bisogna per\u00f2 fare attenzione a svolgere questo lavoro in ambienti ventilati in modo che i lavoratori non siano direttamente esposti al gas radon, prodotto dall&#8217;ambiente.<strong> <\/strong>decadimento dell&#8217;uranio.<\/p>\n<p> In conclusione, l&#8217;uranio si trova nella crosta terrestre, comprese le rocce, il suolo e l&#8217;acqua. \u00c8 pi\u00f9 abbondante del berillio, del mercurio, dell&#8217;argento, del tungsteno e dell&#8217;oro. Inoltre, viene estratto da altri minerali come l&#8217;uraninite attraverso il processo di estrazione mineraria.<\/p>\n","protected":false},"excerpt":{"rendered":"<p>L&#8217;uranio si trova naturalmente, anche se in basse concentrazioni, nelle rocce, nell&#8217;acqua, nel suolo e negli esseri viventi. Inoltre nel mare si trova sotto forma di sali complessi come metalli e carbonati. Alcune delle sue applicazioni moderne riguardano i campi della tecnologia, dell&#8217;esercito, dell&#8217;industria nucleare e della medicina. Ora scopri maggiori dettagli su questo elemento &#8230; <a title=\"Uranio\" class=\"read-more\" href=\"https:\/\/chemuza.org\/it\/uranio\/\" aria-label=\"More on Uranio\">Per saperne di pi\u00f9<\/a><\/p>\n","protected":false},"author":1,"featured_media":0,"parent":0,"menu_order":0,"comment_status":"closed","ping_status":"closed","template":"","meta":{"footnotes":""},"yoast_head":"<!-- This site is optimized with the Yoast SEO plugin v21.4 - https:\/\/yoast.com\/wordpress\/plugins\/seo\/ -->\n<title>Uranio - Chemuza<\/title>\n<meta name=\"robots\" content=\"index, follow, max-snippet:-1, max-image-preview:large, max-video-preview:-1\" \/>\n<link rel=\"canonical\" href=\"https:\/\/chemuza.org\/it\/uranio\/\" \/>\n<meta property=\"og:locale\" content=\"it_IT\" \/>\n<meta property=\"og:type\" content=\"article\" \/>\n<meta property=\"og:title\" content=\"Uranio - Chemuza\" \/>\n<meta property=\"og:description\" content=\"L&#8217;uranio si trova naturalmente, anche se in basse concentrazioni, nelle rocce, nell&#8217;acqua, nel suolo e negli esseri viventi. Inoltre nel mare si trova sotto forma di sali complessi come metalli e carbonati. Alcune delle sue applicazioni moderne riguardano i campi della tecnologia, dell&#8217;esercito, dell&#8217;industria nucleare e della medicina. Ora scopri maggiori dettagli su questo elemento ... Per saperne di pi\u00f9\" \/>\n<meta property=\"og:url\" content=\"https:\/\/chemuza.org\/it\/uranio\/\" \/>\n<meta property=\"og:site_name\" content=\"Chemuza\" \/>\n<meta name=\"twitter:card\" content=\"summary_large_image\" \/>\n<meta name=\"twitter:label1\" content=\"Tempo di lettura stimato\" \/>\n\t<meta name=\"twitter:data1\" content=\"4 minuti\" \/>\n<script type=\"application\/ld+json\" class=\"yoast-schema-graph\">{\"@context\":\"https:\/\/schema.org\",\"@graph\":[{\"@type\":\"WebPage\",\"@id\":\"https:\/\/chemuza.org\/it\/uranio\/\",\"url\":\"https:\/\/chemuza.org\/it\/uranio\/\",\"name\":\"Uranio - Chemuza\",\"isPartOf\":{\"@id\":\"https:\/\/chemuza.org\/it\/#website\"},\"datePublished\":\"2023-07-13T18:30:03+00:00\",\"dateModified\":\"2023-07-13T18:30:03+00:00\",\"breadcrumb\":{\"@id\":\"https:\/\/chemuza.org\/it\/uranio\/#breadcrumb\"},\"inLanguage\":\"it-IT\",\"potentialAction\":[{\"@type\":\"ReadAction\",\"target\":[\"https:\/\/chemuza.org\/it\/uranio\/\"]}]},{\"@type\":\"BreadcrumbList\",\"@id\":\"https:\/\/chemuza.org\/it\/uranio\/#breadcrumb\",\"itemListElement\":[{\"@type\":\"ListItem\",\"position\":1,\"name\":\"Casa\",\"item\":\"https:\/\/chemuza.org\/it\/\"},{\"@type\":\"ListItem\",\"position\":2,\"name\":\"Uranio\"}]},{\"@type\":\"WebSite\",\"@id\":\"https:\/\/chemuza.org\/it\/#website\",\"url\":\"https:\/\/chemuza.org\/it\/\",\"name\":\"Chemuza\",\"description\":\"La tua porta d&#039;accesso alla scoperta chimica!\",\"publisher\":{\"@id\":\"https:\/\/chemuza.org\/it\/#organization\"},\"potentialAction\":[{\"@type\":\"SearchAction\",\"target\":{\"@type\":\"EntryPoint\",\"urlTemplate\":\"https:\/\/chemuza.org\/it\/?s={search_term_string}\"},\"query-input\":\"required name=search_term_string\"}],\"inLanguage\":\"it-IT\"},{\"@type\":\"Organization\",\"@id\":\"https:\/\/chemuza.org\/it\/#organization\",\"name\":\"Chemuza\",\"url\":\"https:\/\/chemuza.org\/it\/\",\"logo\":{\"@type\":\"ImageObject\",\"inLanguage\":\"it-IT\",\"@id\":\"https:\/\/chemuza.org\/it\/#\/schema\/logo\/image\/\",\"url\":\"https:\/\/chemuza.org\/it\/wp-content\/uploads\/2023\/10\/chemuza-logo.png\",\"contentUrl\":\"https:\/\/chemuza.org\/it\/wp-content\/uploads\/2023\/10\/chemuza-logo.png\",\"width\":387,\"height\":70,\"caption\":\"Chemuza\"},\"image\":{\"@id\":\"https:\/\/chemuza.org\/it\/#\/schema\/logo\/image\/\"}}]}<\/script>\n<!-- \/ Yoast SEO plugin. -->","yoast_head_json":{"title":"Uranio - Chemuza","robots":{"index":"index","follow":"follow","max-snippet":"max-snippet:-1","max-image-preview":"max-image-preview:large","max-video-preview":"max-video-preview:-1"},"canonical":"https:\/\/chemuza.org\/it\/uranio\/","og_locale":"it_IT","og_type":"article","og_title":"Uranio - Chemuza","og_description":"L&#8217;uranio si trova naturalmente, anche se in basse concentrazioni, nelle rocce, nell&#8217;acqua, nel suolo e negli esseri viventi. Inoltre nel mare si trova sotto forma di sali complessi come metalli e carbonati. Alcune delle sue applicazioni moderne riguardano i campi della tecnologia, dell&#8217;esercito, dell&#8217;industria nucleare e della medicina. Ora scopri maggiori dettagli su questo elemento ... Per saperne di pi\u00f9","og_url":"https:\/\/chemuza.org\/it\/uranio\/","og_site_name":"Chemuza","twitter_card":"summary_large_image","twitter_misc":{"Tempo di lettura stimato":"4 minuti"},"schema":{"@context":"https:\/\/schema.org","@graph":[{"@type":"WebPage","@id":"https:\/\/chemuza.org\/it\/uranio\/","url":"https:\/\/chemuza.org\/it\/uranio\/","name":"Uranio - Chemuza","isPartOf":{"@id":"https:\/\/chemuza.org\/it\/#website"},"datePublished":"2023-07-13T18:30:03+00:00","dateModified":"2023-07-13T18:30:03+00:00","breadcrumb":{"@id":"https:\/\/chemuza.org\/it\/uranio\/#breadcrumb"},"inLanguage":"it-IT","potentialAction":[{"@type":"ReadAction","target":["https:\/\/chemuza.org\/it\/uranio\/"]}]},{"@type":"BreadcrumbList","@id":"https:\/\/chemuza.org\/it\/uranio\/#breadcrumb","itemListElement":[{"@type":"ListItem","position":1,"name":"Casa","item":"https:\/\/chemuza.org\/it\/"},{"@type":"ListItem","position":2,"name":"Uranio"}]},{"@type":"WebSite","@id":"https:\/\/chemuza.org\/it\/#website","url":"https:\/\/chemuza.org\/it\/","name":"Chemuza","description":"La tua porta d&#039;accesso alla scoperta chimica!","publisher":{"@id":"https:\/\/chemuza.org\/it\/#organization"},"potentialAction":[{"@type":"SearchAction","target":{"@type":"EntryPoint","urlTemplate":"https:\/\/chemuza.org\/it\/?s={search_term_string}"},"query-input":"required name=search_term_string"}],"inLanguage":"it-IT"},{"@type":"Organization","@id":"https:\/\/chemuza.org\/it\/#organization","name":"Chemuza","url":"https:\/\/chemuza.org\/it\/","logo":{"@type":"ImageObject","inLanguage":"it-IT","@id":"https:\/\/chemuza.org\/it\/#\/schema\/logo\/image\/","url":"https:\/\/chemuza.org\/it\/wp-content\/uploads\/2023\/10\/chemuza-logo.png","contentUrl":"https:\/\/chemuza.org\/it\/wp-content\/uploads\/2023\/10\/chemuza-logo.png","width":387,"height":70,"caption":"Chemuza"},"image":{"@id":"https:\/\/chemuza.org\/it\/#\/schema\/logo\/image\/"}}]}},"yoast_meta":{"yoast_wpseo_title":"","yoast_wpseo_metadesc":"","yoast_wpseo_canonical":""},"_links":{"self":[{"href":"https:\/\/chemuza.org\/it\/wp-json\/wp\/v2\/pages\/1520"}],"collection":[{"href":"https:\/\/chemuza.org\/it\/wp-json\/wp\/v2\/pages"}],"about":[{"href":"https:\/\/chemuza.org\/it\/wp-json\/wp\/v2\/types\/page"}],"author":[{"embeddable":true,"href":"https:\/\/chemuza.org\/it\/wp-json\/wp\/v2\/users\/1"}],"replies":[{"embeddable":true,"href":"https:\/\/chemuza.org\/it\/wp-json\/wp\/v2\/comments?post=1520"}],"version-history":[{"count":0,"href":"https:\/\/chemuza.org\/it\/wp-json\/wp\/v2\/pages\/1520\/revisions"}],"wp:attachment":[{"href":"https:\/\/chemuza.org\/it\/wp-json\/wp\/v2\/media?parent=1520"}],"curies":[{"name":"wp","href":"https:\/\/api.w.org\/{rel}","templated":true}]}}