{"id":1519,"date":"2023-07-13T19:10:45","date_gmt":"2023-07-13T19:10:45","guid":{"rendered":"https:\/\/chemuza.org\/it\/mercurio\/"},"modified":"2023-07-13T19:10:45","modified_gmt":"2023-07-13T19:10:45","slug":"mercurio","status":"publish","type":"page","link":"https:\/\/chemuza.org\/it\/mercurio\/","title":{"rendered":"Mercurio"},"content":{"rendered":"<p>Si trova nei giacimenti di carbone di tutto il mondo ed \u00e8 molto raro trovarlo sulla superficie terrestre dove appare sotto forma di ossidi e sali. Stiamo parlando del mercurio che viene utilizzato per la produzione chimica, le applicazioni elettriche, la medicina e nella vita quotidiana. Scopri tutto ci\u00f2 che devi sapere su questo elemento chimico.<\/p>\n<h2> <strong>Cos&#8217;\u00e8 Mercurio?<\/strong><\/h2>\n<p> \u00c8 un elemento chimico nella categoria dei metalli di transizione nella tavola periodica. Noto anche come Hydrargiro o Argento Liquido e come Argento Mercurio. \u00c8 di colore argento lucido con toni perlati. Gli stati di ossidazione di alcuni dei suoi composti vanno da +2, +1 nel caso del cloruro mercurico e del cloruro mercuroso. Altri sono i sali del nitrato di mercurio, del perclorato di mercurio e del dimetilmercurio, un composto i cui atomi sono legati a particelle di azoto o carbonio.<\/p>\n<h3> <strong>Simbolo del mercurio<\/strong><\/h3>\n<p> <span class=\"content-chemical-element\" style=\"float: left;width: 65px;height: 65px;border: 3px solid #666; display:flex;\n    justify-content: center;align-items: center;margin-right: 15px;\"><span style=\"font-size: 38px;\">Hg<\/span><\/span> Si trova nel gruppo 12 della tavola periodica con numero atomico 80 e massa 200,59. Esistono 7 varianti o isotopi, alcuni reattivi con un lungo periodo di decadimento che va da 46 giorni a circa 444 anni.<\/p>\n<h2> <strong>Caratteristiche del mercurio<\/strong><\/h2>\n<p> In forma solida \u00e8 morbido e non si corrode in ambienti temperati. Tuttavia, quando rimane esposto per lungo tempo all&#8217;aria umida, si ricopre di un sottile strato di ruggine. Sebbene non sia un conduttore di calore, \u00e8 un conduttore di elettricit\u00e0. Conosci le altre caratteristiche del metallo:<\/p>\n<ul>\n<li> <strong>Solubilit\u00e0:<\/strong> \u00e8 insolubile in acqua e solubile in acido nitrico.<\/li>\n<li> <strong>Stato:<\/strong> liquido.<\/li>\n<li> <strong>Reattivit\u00e0 chimica:<\/strong> Bassa reattivit\u00e0.<\/li>\n<li> <strong>Lucentezza:<\/strong> metallica.<\/li>\n<li> <strong>Struttura:<\/strong> esagonale, romboedrica.<\/li>\n<li> <strong>Punto di ebollizione:<\/strong> Basso.<\/li>\n<\/ul>\n<h2> <strong>Propriet\u00e0 chimiche e fisiche del mercurio<\/strong><\/h2>\n<ol>\n<li> <strong>Numero atomico<\/strong> : 80<\/li>\n<li> <strong>Periodo:<\/strong> 6<\/li>\n<li> <strong>Blocco:<\/strong> d<\/li>\n<li> <strong>Raggio covalente:<\/strong> 149<\/li>\n<li> <strong>Raggio atomico:<\/strong> 171<\/li>\n<li> <strong>Raggio medio:<\/strong> 150<\/li>\n<li> <strong>Punto di fusione:<\/strong> 234,32K<\/li>\n<li> <strong>Elettronegativit\u00e0:<\/strong> 2,00<\/li>\n<li> <strong>Entalpia di vaporizzazione:<\/strong> 59.229 kJ\/mol<\/li>\n<li> <strong>Entalpia di fusione:<\/strong> 2.295 Kj\/mol<\/li>\n<li> <strong>Configurazione elettronica:<\/strong> [Xe] 4f <sup>14<\/sup> 5d <sup>10<\/sup> 6s <sup>2<\/sup><\/li>\n<li> <strong>Velocit\u00e0 del suono:<\/strong> 1407 m\/s a 293,15 K<\/li>\n<li> <strong>Punto di ebollizione:<\/strong> 629,88K<\/li>\n<li> <strong>Conduttivit\u00e0 termica:<\/strong> 8,34 W<\/li>\n<li> <strong>Densit\u00e0:<\/strong> 13534 kg\/m\u00b3<\/li>\n<li> <strong>Calore specifico:<\/strong> 140 J<\/li>\n<li> <strong>Pressione di vapore:<\/strong> 0,0002 Pa a 234 K<\/li>\n<\/ol>\n<h2> <strong>Origine di Mercurio<\/strong><\/h2>\n<p> Il nome deriva dalla parola latina <em>hydrargyrum,<\/em> che significa acqua argentata. In effetti questo \u00e8 appropriato, perch\u00e9 \u00e8 un liquido come l&#8217;acqua e brilla come l&#8217;argento, quindi \u00e8 anche associato al pianeta Mercurio.<\/p>\n<p> Per quanto riguarda la sua antichit\u00e0, si trova in alcune tombe egiziane risalenti al 1.500 a.C. e in altre di Teotihuacana risalenti a 1.800 anni fa. Le sue propriet\u00e0 erano molto apprezzate dall&#8217;essere umano, poich\u00e9 era considerato un elemento autoctono, originale e puro da cui nascevano altri. Per questo motivo era considerato un metallo capace di prolungare la vita.<\/p>\n<h2> <strong>A cosa serve Mercurio?<\/strong><\/h2>\n<p> Viene utilizzato nella produzione di prodotti chimici industriali o per applicazioni elettriche. Allo stesso modo, con questo metallo sono realizzati i termometri a mercurio largamente utilizzati nel campo della sanit\u00e0 ospedaliera. Ecco alcune delle sue altre applicazioni:<\/p>\n<h3> <strong>Medicinale<\/strong><\/h3>\n<p> I composti del mercurio sono utili in campo medico, sebbene siano un elemento tossico per l&#8217;uomo. Tuttavia oggi viene utilizzato come materia prima nella preparazione degli amalgami dentali. Inoltre, il composto Merbromin \u00e8 efficace come antisettico topico per tagli o graffi minori.<\/p>\n<p> D&#8217;altra parte, ci sono farmaci con basse dosi di composti del mercurio, come antisettici, lassativi, colliri, spray nasali, creme per dermatiti, antidepressivi e per curare la sifilide.<\/p>\n<h3> <strong>Industrie<\/strong><\/h3>\n<p> Barometri a mercurio, elettrodi, interruttori a liquido e lampade a vapori di mercurio sono tra gli usi industriali comuni di questo metallo. Inoltre, viene utilizzato come catalizzatore nelle batterie, nei pesticidi e nei pigmenti di cere e vernici. Il fulminato di mercurio viene utilizzato come detonatore per esplosivi e nella produzione di soda caustica e oro. Allo stesso modo, nella sua forma liquida, funge da agente di raffreddamento nei reattori nucleari.<\/p>\n<p> Viene inoltre utilizzato per preservare il legno, per gli specchi d&#8217;argento e in vernici speciali per impedire l&#8217;adesione di organismi allo scafo delle navi. Inoltre \u00e8 possibile trovare tracce di mercurio in oggetti di uso quotidiano come calcolatrici tascabili, bilance da cucina e luci nelle scarpe dei bambini.<\/p>\n<h2> <strong>Tossicit\u00e0 del mercurio<\/strong><\/h2>\n<p> La forma tossica pi\u00f9 comune del mercurio si verifica quando viene rilasciato nell&#8217;ambiente e convertito in metilmercurio. Quindi si accumula nella fauna marina come molluschi e pesci. Pertanto, le persone che mangiano pesce contaminato possono essere avvelenate da questi alimenti. Sono a rischio anche i lavoratori che ne inalano i vapori durante alcuni processi industriali che utilizzano il mercurio.<\/p>\n<p> In conclusione, il Mercurio \u00e8 un metallo di transizione che raramente si trova nella crosta terrestre. \u00c8 molto pi\u00f9 pesante dell&#8217;acqua, di colore argento brillante ed \u00e8 comunemente usato nell&#8217;industria e nella medicina. Tuttavia, \u00e8 un elemento altamente tossico per l\u2019uomo.<\/p>\n","protected":false},"excerpt":{"rendered":"<p>Si trova nei giacimenti di carbone di tutto il mondo ed \u00e8 molto raro trovarlo sulla superficie terrestre dove appare sotto forma di ossidi e sali. Stiamo parlando del mercurio che viene utilizzato per la produzione chimica, le applicazioni elettriche, la medicina e nella vita quotidiana. Scopri tutto ci\u00f2 che devi sapere su questo elemento &#8230; <a title=\"Mercurio\" class=\"read-more\" href=\"https:\/\/chemuza.org\/it\/mercurio\/\" aria-label=\"More on Mercurio\">Per saperne di pi\u00f9<\/a><\/p>\n","protected":false},"author":1,"featured_media":0,"parent":0,"menu_order":0,"comment_status":"closed","ping_status":"closed","template":"","meta":{"footnotes":""},"yoast_head":"<!-- This site is optimized with the Yoast SEO plugin v21.4 - https:\/\/yoast.com\/wordpress\/plugins\/seo\/ -->\n<title>Mercurio - Chemuza<\/title>\n<meta name=\"robots\" content=\"index, follow, max-snippet:-1, max-image-preview:large, max-video-preview:-1\" \/>\n<link rel=\"canonical\" href=\"https:\/\/chemuza.org\/it\/mercurio\/\" \/>\n<meta property=\"og:locale\" content=\"it_IT\" \/>\n<meta property=\"og:type\" content=\"article\" \/>\n<meta property=\"og:title\" content=\"Mercurio - Chemuza\" \/>\n<meta property=\"og:description\" content=\"Si trova nei giacimenti di carbone di tutto il mondo ed \u00e8 molto raro trovarlo sulla superficie terrestre dove appare sotto forma di ossidi e sali. Stiamo parlando del mercurio che viene utilizzato per la produzione chimica, le applicazioni elettriche, la medicina e nella vita quotidiana. Scopri tutto ci\u00f2 che devi sapere su questo elemento ... Per saperne di pi\u00f9\" \/>\n<meta property=\"og:url\" content=\"https:\/\/chemuza.org\/it\/mercurio\/\" \/>\n<meta property=\"og:site_name\" content=\"Chemuza\" \/>\n<meta name=\"twitter:card\" content=\"summary_large_image\" \/>\n<meta name=\"twitter:label1\" content=\"Tempo di lettura stimato\" \/>\n\t<meta name=\"twitter:data1\" content=\"4 minuti\" \/>\n<script type=\"application\/ld+json\" class=\"yoast-schema-graph\">{\"@context\":\"https:\/\/schema.org\",\"@graph\":[{\"@type\":\"WebPage\",\"@id\":\"https:\/\/chemuza.org\/it\/mercurio\/\",\"url\":\"https:\/\/chemuza.org\/it\/mercurio\/\",\"name\":\"Mercurio - Chemuza\",\"isPartOf\":{\"@id\":\"https:\/\/chemuza.org\/it\/#website\"},\"datePublished\":\"2023-07-13T19:10:45+00:00\",\"dateModified\":\"2023-07-13T19:10:45+00:00\",\"breadcrumb\":{\"@id\":\"https:\/\/chemuza.org\/it\/mercurio\/#breadcrumb\"},\"inLanguage\":\"it-IT\",\"potentialAction\":[{\"@type\":\"ReadAction\",\"target\":[\"https:\/\/chemuza.org\/it\/mercurio\/\"]}]},{\"@type\":\"BreadcrumbList\",\"@id\":\"https:\/\/chemuza.org\/it\/mercurio\/#breadcrumb\",\"itemListElement\":[{\"@type\":\"ListItem\",\"position\":1,\"name\":\"Casa\",\"item\":\"https:\/\/chemuza.org\/it\/\"},{\"@type\":\"ListItem\",\"position\":2,\"name\":\"Mercurio\"}]},{\"@type\":\"WebSite\",\"@id\":\"https:\/\/chemuza.org\/it\/#website\",\"url\":\"https:\/\/chemuza.org\/it\/\",\"name\":\"Chemuza\",\"description\":\"La tua porta d&#039;accesso alla scoperta chimica!\",\"publisher\":{\"@id\":\"https:\/\/chemuza.org\/it\/#organization\"},\"potentialAction\":[{\"@type\":\"SearchAction\",\"target\":{\"@type\":\"EntryPoint\",\"urlTemplate\":\"https:\/\/chemuza.org\/it\/?s={search_term_string}\"},\"query-input\":\"required name=search_term_string\"}],\"inLanguage\":\"it-IT\"},{\"@type\":\"Organization\",\"@id\":\"https:\/\/chemuza.org\/it\/#organization\",\"name\":\"Chemuza\",\"url\":\"https:\/\/chemuza.org\/it\/\",\"logo\":{\"@type\":\"ImageObject\",\"inLanguage\":\"it-IT\",\"@id\":\"https:\/\/chemuza.org\/it\/#\/schema\/logo\/image\/\",\"url\":\"https:\/\/chemuza.org\/it\/wp-content\/uploads\/2023\/10\/chemuza-logo.png\",\"contentUrl\":\"https:\/\/chemuza.org\/it\/wp-content\/uploads\/2023\/10\/chemuza-logo.png\",\"width\":387,\"height\":70,\"caption\":\"Chemuza\"},\"image\":{\"@id\":\"https:\/\/chemuza.org\/it\/#\/schema\/logo\/image\/\"}}]}<\/script>\n<!-- \/ Yoast SEO plugin. -->","yoast_head_json":{"title":"Mercurio - Chemuza","robots":{"index":"index","follow":"follow","max-snippet":"max-snippet:-1","max-image-preview":"max-image-preview:large","max-video-preview":"max-video-preview:-1"},"canonical":"https:\/\/chemuza.org\/it\/mercurio\/","og_locale":"it_IT","og_type":"article","og_title":"Mercurio - Chemuza","og_description":"Si trova nei giacimenti di carbone di tutto il mondo ed \u00e8 molto raro trovarlo sulla superficie terrestre dove appare sotto forma di ossidi e sali. Stiamo parlando del mercurio che viene utilizzato per la produzione chimica, le applicazioni elettriche, la medicina e nella vita quotidiana. Scopri tutto ci\u00f2 che devi sapere su questo elemento ... Per saperne di pi\u00f9","og_url":"https:\/\/chemuza.org\/it\/mercurio\/","og_site_name":"Chemuza","twitter_card":"summary_large_image","twitter_misc":{"Tempo di lettura stimato":"4 minuti"},"schema":{"@context":"https:\/\/schema.org","@graph":[{"@type":"WebPage","@id":"https:\/\/chemuza.org\/it\/mercurio\/","url":"https:\/\/chemuza.org\/it\/mercurio\/","name":"Mercurio - Chemuza","isPartOf":{"@id":"https:\/\/chemuza.org\/it\/#website"},"datePublished":"2023-07-13T19:10:45+00:00","dateModified":"2023-07-13T19:10:45+00:00","breadcrumb":{"@id":"https:\/\/chemuza.org\/it\/mercurio\/#breadcrumb"},"inLanguage":"it-IT","potentialAction":[{"@type":"ReadAction","target":["https:\/\/chemuza.org\/it\/mercurio\/"]}]},{"@type":"BreadcrumbList","@id":"https:\/\/chemuza.org\/it\/mercurio\/#breadcrumb","itemListElement":[{"@type":"ListItem","position":1,"name":"Casa","item":"https:\/\/chemuza.org\/it\/"},{"@type":"ListItem","position":2,"name":"Mercurio"}]},{"@type":"WebSite","@id":"https:\/\/chemuza.org\/it\/#website","url":"https:\/\/chemuza.org\/it\/","name":"Chemuza","description":"La tua porta d&#039;accesso alla scoperta chimica!","publisher":{"@id":"https:\/\/chemuza.org\/it\/#organization"},"potentialAction":[{"@type":"SearchAction","target":{"@type":"EntryPoint","urlTemplate":"https:\/\/chemuza.org\/it\/?s={search_term_string}"},"query-input":"required name=search_term_string"}],"inLanguage":"it-IT"},{"@type":"Organization","@id":"https:\/\/chemuza.org\/it\/#organization","name":"Chemuza","url":"https:\/\/chemuza.org\/it\/","logo":{"@type":"ImageObject","inLanguage":"it-IT","@id":"https:\/\/chemuza.org\/it\/#\/schema\/logo\/image\/","url":"https:\/\/chemuza.org\/it\/wp-content\/uploads\/2023\/10\/chemuza-logo.png","contentUrl":"https:\/\/chemuza.org\/it\/wp-content\/uploads\/2023\/10\/chemuza-logo.png","width":387,"height":70,"caption":"Chemuza"},"image":{"@id":"https:\/\/chemuza.org\/it\/#\/schema\/logo\/image\/"}}]}},"yoast_meta":{"yoast_wpseo_title":"","yoast_wpseo_metadesc":"","yoast_wpseo_canonical":""},"_links":{"self":[{"href":"https:\/\/chemuza.org\/it\/wp-json\/wp\/v2\/pages\/1519"}],"collection":[{"href":"https:\/\/chemuza.org\/it\/wp-json\/wp\/v2\/pages"}],"about":[{"href":"https:\/\/chemuza.org\/it\/wp-json\/wp\/v2\/types\/page"}],"author":[{"embeddable":true,"href":"https:\/\/chemuza.org\/it\/wp-json\/wp\/v2\/users\/1"}],"replies":[{"embeddable":true,"href":"https:\/\/chemuza.org\/it\/wp-json\/wp\/v2\/comments?post=1519"}],"version-history":[{"count":0,"href":"https:\/\/chemuza.org\/it\/wp-json\/wp\/v2\/pages\/1519\/revisions"}],"wp:attachment":[{"href":"https:\/\/chemuza.org\/it\/wp-json\/wp\/v2\/media?parent=1519"}],"curies":[{"name":"wp","href":"https:\/\/api.w.org\/{rel}","templated":true}]}}