{"id":1518,"date":"2023-07-13T19:24:54","date_gmt":"2023-07-13T19:24:54","guid":{"rendered":"https:\/\/chemuza.org\/it\/attinio\/"},"modified":"2023-07-13T19:24:54","modified_gmt":"2023-07-13T19:24:54","slug":"attinio","status":"publish","type":"page","link":"https:\/\/chemuza.org\/it\/attinio\/","title":{"rendered":"Attinio"},"content":{"rendered":"<p>\u00c8 l&#8217;elemento capofila della serie chimica chiamata Attinidi o Attinoidi. Il suo comportamento \u00e8 simile al lantanio, si trova solitamente in tracce di minerali di uranio e presenta un&#8217;elevata radioattivit\u00e0. Allora scopri ulteriori caratteristiche e propriet\u00e0 dell&#8217;Attinio.<\/p>\n<h2> <strong>Cos&#8217;\u00e8 l&#8217;attinio?<\/strong><\/h2>\n<p> \u00c8 un elemento metallico di transizione interna con la serie Lanthanidos, cio\u00e8 una terra rara. L&#8217;attinio mostra un&#8217;intensa radioattivit\u00e0, un aspetto argenteo e un bagliore bluastro nell&#8217;oscurit\u00e0. Inoltre, \u00e8 morbido, pesante, inodore e difficile da estrarre e separare dalle sue fonti minerali.<\/p>\n<h3> <strong>Simbolo dell&#8217;attinio<\/strong><\/h3>\n<p> <span class=\"content-chemical-element\" style=\"float: left;width: 65px;height: 65px;border: 3px solid #666; display:flex;\n    justify-content: center;align-items: center;margin-right: 15px;\"><span style=\"font-size: 38px;\">Ac<\/span><\/span> Il simbolo chimico dell&#8217;Attinio \u00e8 un&#8217;abbreviazione del suo nome, che deriva etimologicamente dalla parola greca <em>aktis<\/em> , a sua volta dall&#8217;espressione <em>aktinos<\/em> , il cui significato \u00e8 <em>fascio<\/em> o <em>raggio di luce<\/em> . Questa designazione \u00e8 appropriata perch\u00e9 allude alle qualit\u00e0 radioattive dell&#8217;elemento.<\/p>\n<h2> <strong>Caratteristiche dell&#8217;attinio<\/strong><\/h2>\n<p> Tra le sue propriet\u00e0 organolettiche osserviamo che \u00e8 un elemento morbido, inodore, pesante e lucente. Da una tonnellata di minerale di uranio si possono invece estrarre 0,1 grammi dell&#8217;elemento. Ac <sup>+3<\/sup> \u00e8 il catione pi\u00f9 grande esistente, inoltre pu\u00f2 contenere circa 11 molecole di H\u2082O. Scopri le altre caratteristiche di Actinium:<\/p>\n<ul>\n<li> <strong>Reattivit\u00e0 chimica<\/strong> : Reagisce rapidamente in presenza di ossigeno atmosferico per formare una pellicola o strato di ossido, prevenendo cos\u00ec la possibile ossidazione.<\/li>\n<li> <strong>Colore<\/strong> : Ha una tonalit\u00e0 bianca, argentata, brillante.<\/li>\n<li> <strong>Stato<\/strong> : In condizioni ambientali normali, \u00e8 allo stato solido.<\/li>\n<li> <strong>Fusione e ebollizione<\/strong> : \u00e8 caratterizzato da un elevato punto di fusione e di ebollizione.<\/li>\n<li> <strong>Stati di ossidazione<\/strong> : a causa del suo stato di ossidazione +3, si comporta come un forte ossido basico o metallico.<\/li>\n<li> <strong>Radioattivit\u00e0<\/strong> : \u00c8 un elemento radioattivo intenso, la cui radioattivit\u00e0 \u00e8 generalmente 150 volte maggiore di quella del radio.<\/li>\n<li> <strong>Struttura cristallina<\/strong> : Ha una struttura cubica a facce centrate.<\/li>\n<li> <strong>Composizione atomica<\/strong> : \u00c8 composto da 138 neutroni, 89 protoni e 89 elettroni. <strong>&nbsp;<\/strong><\/li>\n<li> <strong>Isotopi<\/strong> : contiene 30 isotopi, 22 dei quali sono artificiali e tutti hanno un&#8217;emivita breve.<\/li>\n<\/ul>\n<h2> <strong>Propriet\u00e0 chimiche e fisiche dell&#8217;attinio<\/strong><\/h2>\n<ol>\n<li> <strong>Numero atomico<\/strong> : 89<\/li>\n<li> <strong>Ossido<\/strong> : Neutro<\/li>\n<li> <strong>Stati di ossidazione<\/strong> : +3<\/li>\n<li> <strong>Densit\u00e0 (g\/ml)<\/strong> : 10.070 kg\/m <sup>3<\/sup><\/li>\n<li> <strong>Raggio medio (\u00c5)<\/strong> : 195 pm<\/li>\n<li> <strong>Raggio atomico (\u00c5)<\/strong> : 188 pm<\/li>\n<li> <strong>Calore specifico<\/strong> : Nessun dato<\/li>\n<li> <strong>Massa atomica (g\/mol)<\/strong> : 227 u<\/li>\n<li> <strong>Punto di fusione<\/strong> : 1050\u00b0C (1323K)<\/li>\n<li> <strong>Potenziale di prima ionizzazione (eV)<\/strong> : 499 kJ\/mol<\/li>\n<li> <strong>Punto di ebollizione<\/strong> : 3198\u00b0C (3471 K)<\/li>\n<li> <strong>Configurazione elettronica<\/strong> : [Rn] 6d <sup>1<\/sup> 7s <sup>2<\/sup><\/li>\n<li> <strong>Elettroni per livello<\/strong> : 2, 8, 18, 32, 18, 9, 2<\/li>\n<li> <strong>Entalpia di vaporizzazione<\/strong> : 418 kJ\/mol<\/li>\n<li> <strong>Elettronegativit\u00e0<\/strong> : 1.1 (scala Pauling)<\/li>\n<li> <strong>Entalpia di fusione<\/strong> : 62 kJ\/mol<\/li>\n<li> <strong>Velocit\u00e0 del suono<\/strong> : nessun dato<\/li>\n<\/ol>\n<h2> <strong>Origine dell&#8217;attinio<\/strong><\/h2>\n<p> Secondo la storia dell&#8217;attinio, questo elemento \u00e8 stato scoperto indipendentemente da due scienziati. Il primo caso si deve al chimico Andr\u00e9-Louis Debierne nel 1899, che lo ottenne dal minerale Uraninite. Nello stesso anno lo classific\u00f2 come sostanza simile al Titanio e, nel 1900, simile al Torio. Successivamente, tra il 1900 e il 1904, comp\u00ec ulteriori studi sul metallo a cui diede il nome <em>Attinio<\/em> .<\/p>\n<p> Il secondo caso \u00e8 quello del chimico tedesco Friedrich Oscar Giesel, che lo paragon\u00f2 a una sostanza simile al lantanio e nel 1904 lo chiam\u00f2 <em>Emanium<\/em> . I due risultati sono stati confrontati e si \u00e8 concluso che erano identici. Tuttavia, \u00e8 stato mantenuto il nome proposto da Andr\u00e9-Louis Debierne, considerato il suo scopritore ufficiale.<\/p>\n<h2> <strong>A cosa serve l&#8217;attinio?<\/strong><\/h2>\n<p> L&#8217;utilit\u00e0 dell&#8217;elemento attinio \u00e8 principalmente per la ricerca scientifica. Tuttavia, grazie alla sua elevata radioattivit\u00e0, pu\u00f2 essere utile come fonte di neutroni. Nonostante ci\u00f2, non contiene applicazioni commerciali e industriali significative oltre a quelle qui considerate:<\/p>\n<h3> <strong>Usi medici<\/strong><\/h3>\n<p> L&#8217;elemento chimico attinio essendo altamente radioattivo, viene utilizzato nella ricerca in campo medico. Ad esempio, per eventuali trattamenti contro il cancro, poich\u00e9 il suo processo di produzione prevede l&#8217;irradiazione di neutroni e isotopi Ra <sup>226<\/sup> nei reattori nucleari.<\/p>\n<h3> <strong>Sulla navicella spaziale della NASA<\/strong><\/h3>\n<p> Gli scienziati concordano sul fatto che questo metallo ha un grande potenziale, sia per l&#8217;uso nella produzione di futuri generatori termoelettrici di isotopi radioattivi. Sono utili per fornire maggiore potenza alle navi.<\/p>\n<h3> <strong>Calcolare il mescolamento verticale nell&#8217;oceano<\/strong><\/h3>\n<p> L&#8217;unico isotopo identificato naturalmente nell&#8217;attinio \u00e8 <sup>il 227<\/sup> Ac, la cui principale qualit\u00e0 \u00e8 quella di avere una vita media di 21,77 anni. \u00c8 quindi una funzionalit\u00e0 ideale da utilizzare nei processi limnologici, come la stima e il calcolo del mescolamento verticale nelle acque oceaniche.<\/p>\n<p> In conclusione, l&#8217;Attinio metallico \u00e8 l&#8217;elemento che domina la serie chimica degli Attinidi. \u00c8 altamente radioattivo, di colore argento, pesante, inodore e morbido. Inoltre, \u00e8 caratterizzato dal presentare una brillante luce bluastra al buio e non ha applicazioni commerciali, ma viene piuttosto utilizzato per la ricerca scientifica.<\/p>\n","protected":false},"excerpt":{"rendered":"<p>\u00c8 l&#8217;elemento capofila della serie chimica chiamata Attinidi o Attinoidi. Il suo comportamento \u00e8 simile al lantanio, si trova solitamente in tracce di minerali di uranio e presenta un&#8217;elevata radioattivit\u00e0. Allora scopri ulteriori caratteristiche e propriet\u00e0 dell&#8217;Attinio. Cos&#8217;\u00e8 l&#8217;attinio? \u00c8 un elemento metallico di transizione interna con la serie Lanthanidos, cio\u00e8 una terra rara. L&#8217;attinio &#8230; <a title=\"Attinio\" class=\"read-more\" href=\"https:\/\/chemuza.org\/it\/attinio\/\" aria-label=\"More on Attinio\">Per saperne di pi\u00f9<\/a><\/p>\n","protected":false},"author":1,"featured_media":0,"parent":0,"menu_order":0,"comment_status":"closed","ping_status":"closed","template":"","meta":{"footnotes":""},"yoast_head":"<!-- This site is optimized with the Yoast SEO plugin v21.4 - https:\/\/yoast.com\/wordpress\/plugins\/seo\/ -->\n<title>Attinio - Chemuza<\/title>\n<meta name=\"robots\" content=\"index, follow, max-snippet:-1, max-image-preview:large, max-video-preview:-1\" \/>\n<link rel=\"canonical\" href=\"https:\/\/chemuza.org\/it\/attinio\/\" \/>\n<meta property=\"og:locale\" content=\"it_IT\" \/>\n<meta property=\"og:type\" content=\"article\" \/>\n<meta property=\"og:title\" content=\"Attinio - Chemuza\" \/>\n<meta property=\"og:description\" content=\"\u00c8 l&#8217;elemento capofila della serie chimica chiamata Attinidi o Attinoidi. Il suo comportamento \u00e8 simile al lantanio, si trova solitamente in tracce di minerali di uranio e presenta un&#8217;elevata radioattivit\u00e0. Allora scopri ulteriori caratteristiche e propriet\u00e0 dell&#8217;Attinio. Cos&#8217;\u00e8 l&#8217;attinio? \u00c8 un elemento metallico di transizione interna con la serie Lanthanidos, cio\u00e8 una terra rara. L&#8217;attinio ... Per saperne di pi\u00f9\" \/>\n<meta property=\"og:url\" content=\"https:\/\/chemuza.org\/it\/attinio\/\" \/>\n<meta property=\"og:site_name\" content=\"Chemuza\" \/>\n<meta name=\"twitter:card\" content=\"summary_large_image\" \/>\n<meta name=\"twitter:label1\" content=\"Tempo di lettura stimato\" \/>\n\t<meta name=\"twitter:data1\" content=\"3 minuti\" \/>\n<script type=\"application\/ld+json\" class=\"yoast-schema-graph\">{\"@context\":\"https:\/\/schema.org\",\"@graph\":[{\"@type\":\"WebPage\",\"@id\":\"https:\/\/chemuza.org\/it\/attinio\/\",\"url\":\"https:\/\/chemuza.org\/it\/attinio\/\",\"name\":\"Attinio - Chemuza\",\"isPartOf\":{\"@id\":\"https:\/\/chemuza.org\/it\/#website\"},\"datePublished\":\"2023-07-13T19:24:54+00:00\",\"dateModified\":\"2023-07-13T19:24:54+00:00\",\"breadcrumb\":{\"@id\":\"https:\/\/chemuza.org\/it\/attinio\/#breadcrumb\"},\"inLanguage\":\"it-IT\",\"potentialAction\":[{\"@type\":\"ReadAction\",\"target\":[\"https:\/\/chemuza.org\/it\/attinio\/\"]}]},{\"@type\":\"BreadcrumbList\",\"@id\":\"https:\/\/chemuza.org\/it\/attinio\/#breadcrumb\",\"itemListElement\":[{\"@type\":\"ListItem\",\"position\":1,\"name\":\"Casa\",\"item\":\"https:\/\/chemuza.org\/it\/\"},{\"@type\":\"ListItem\",\"position\":2,\"name\":\"Attinio\"}]},{\"@type\":\"WebSite\",\"@id\":\"https:\/\/chemuza.org\/it\/#website\",\"url\":\"https:\/\/chemuza.org\/it\/\",\"name\":\"Chemuza\",\"description\":\"La tua porta d&#039;accesso alla scoperta chimica!\",\"publisher\":{\"@id\":\"https:\/\/chemuza.org\/it\/#organization\"},\"potentialAction\":[{\"@type\":\"SearchAction\",\"target\":{\"@type\":\"EntryPoint\",\"urlTemplate\":\"https:\/\/chemuza.org\/it\/?s={search_term_string}\"},\"query-input\":\"required name=search_term_string\"}],\"inLanguage\":\"it-IT\"},{\"@type\":\"Organization\",\"@id\":\"https:\/\/chemuza.org\/it\/#organization\",\"name\":\"Chemuza\",\"url\":\"https:\/\/chemuza.org\/it\/\",\"logo\":{\"@type\":\"ImageObject\",\"inLanguage\":\"it-IT\",\"@id\":\"https:\/\/chemuza.org\/it\/#\/schema\/logo\/image\/\",\"url\":\"https:\/\/chemuza.org\/it\/wp-content\/uploads\/2023\/10\/chemuza-logo.png\",\"contentUrl\":\"https:\/\/chemuza.org\/it\/wp-content\/uploads\/2023\/10\/chemuza-logo.png\",\"width\":387,\"height\":70,\"caption\":\"Chemuza\"},\"image\":{\"@id\":\"https:\/\/chemuza.org\/it\/#\/schema\/logo\/image\/\"}}]}<\/script>\n<!-- \/ Yoast SEO plugin. -->","yoast_head_json":{"title":"Attinio - Chemuza","robots":{"index":"index","follow":"follow","max-snippet":"max-snippet:-1","max-image-preview":"max-image-preview:large","max-video-preview":"max-video-preview:-1"},"canonical":"https:\/\/chemuza.org\/it\/attinio\/","og_locale":"it_IT","og_type":"article","og_title":"Attinio - Chemuza","og_description":"\u00c8 l&#8217;elemento capofila della serie chimica chiamata Attinidi o Attinoidi. Il suo comportamento \u00e8 simile al lantanio, si trova solitamente in tracce di minerali di uranio e presenta un&#8217;elevata radioattivit\u00e0. Allora scopri ulteriori caratteristiche e propriet\u00e0 dell&#8217;Attinio. Cos&#8217;\u00e8 l&#8217;attinio? \u00c8 un elemento metallico di transizione interna con la serie Lanthanidos, cio\u00e8 una terra rara. L&#8217;attinio ... Per saperne di pi\u00f9","og_url":"https:\/\/chemuza.org\/it\/attinio\/","og_site_name":"Chemuza","twitter_card":"summary_large_image","twitter_misc":{"Tempo di lettura stimato":"3 minuti"},"schema":{"@context":"https:\/\/schema.org","@graph":[{"@type":"WebPage","@id":"https:\/\/chemuza.org\/it\/attinio\/","url":"https:\/\/chemuza.org\/it\/attinio\/","name":"Attinio - Chemuza","isPartOf":{"@id":"https:\/\/chemuza.org\/it\/#website"},"datePublished":"2023-07-13T19:24:54+00:00","dateModified":"2023-07-13T19:24:54+00:00","breadcrumb":{"@id":"https:\/\/chemuza.org\/it\/attinio\/#breadcrumb"},"inLanguage":"it-IT","potentialAction":[{"@type":"ReadAction","target":["https:\/\/chemuza.org\/it\/attinio\/"]}]},{"@type":"BreadcrumbList","@id":"https:\/\/chemuza.org\/it\/attinio\/#breadcrumb","itemListElement":[{"@type":"ListItem","position":1,"name":"Casa","item":"https:\/\/chemuza.org\/it\/"},{"@type":"ListItem","position":2,"name":"Attinio"}]},{"@type":"WebSite","@id":"https:\/\/chemuza.org\/it\/#website","url":"https:\/\/chemuza.org\/it\/","name":"Chemuza","description":"La tua porta d&#039;accesso alla scoperta chimica!","publisher":{"@id":"https:\/\/chemuza.org\/it\/#organization"},"potentialAction":[{"@type":"SearchAction","target":{"@type":"EntryPoint","urlTemplate":"https:\/\/chemuza.org\/it\/?s={search_term_string}"},"query-input":"required name=search_term_string"}],"inLanguage":"it-IT"},{"@type":"Organization","@id":"https:\/\/chemuza.org\/it\/#organization","name":"Chemuza","url":"https:\/\/chemuza.org\/it\/","logo":{"@type":"ImageObject","inLanguage":"it-IT","@id":"https:\/\/chemuza.org\/it\/#\/schema\/logo\/image\/","url":"https:\/\/chemuza.org\/it\/wp-content\/uploads\/2023\/10\/chemuza-logo.png","contentUrl":"https:\/\/chemuza.org\/it\/wp-content\/uploads\/2023\/10\/chemuza-logo.png","width":387,"height":70,"caption":"Chemuza"},"image":{"@id":"https:\/\/chemuza.org\/it\/#\/schema\/logo\/image\/"}}]}},"yoast_meta":{"yoast_wpseo_title":"","yoast_wpseo_metadesc":"","yoast_wpseo_canonical":""},"_links":{"self":[{"href":"https:\/\/chemuza.org\/it\/wp-json\/wp\/v2\/pages\/1518"}],"collection":[{"href":"https:\/\/chemuza.org\/it\/wp-json\/wp\/v2\/pages"}],"about":[{"href":"https:\/\/chemuza.org\/it\/wp-json\/wp\/v2\/types\/page"}],"author":[{"embeddable":true,"href":"https:\/\/chemuza.org\/it\/wp-json\/wp\/v2\/users\/1"}],"replies":[{"embeddable":true,"href":"https:\/\/chemuza.org\/it\/wp-json\/wp\/v2\/comments?post=1518"}],"version-history":[{"count":0,"href":"https:\/\/chemuza.org\/it\/wp-json\/wp\/v2\/pages\/1518\/revisions"}],"wp:attachment":[{"href":"https:\/\/chemuza.org\/it\/wp-json\/wp\/v2\/media?parent=1518"}],"curies":[{"name":"wp","href":"https:\/\/api.w.org\/{rel}","templated":true}]}}