{"id":1517,"date":"2023-07-13T19:49:27","date_gmt":"2023-07-13T19:49:27","guid":{"rendered":"https:\/\/chemuza.org\/it\/radio\/"},"modified":"2023-07-13T19:49:27","modified_gmt":"2023-07-13T19:49:27","slug":"radio","status":"publish","type":"page","link":"https:\/\/chemuza.org\/it\/radio\/","title":{"rendered":"Radio"},"content":{"rendered":"<p>L&#8217;elemento chimico Radio \u00e8 distribuito in piccole proporzioni nelle rocce e nel suolo, prodotto della decomposizione radioattiva dell&#8217;Uranio e del Torio. Viaggia attraverso l&#8217;aria e l&#8217;acqua, dove entra in contatto con piante e animali, esponendo gli esseri umani a questo metallo. Tra le sue caratteristiche c&#8217;\u00e8 l&#8217;elevata radioattivit\u00e0, divisa in 13 isotopi. Scopri di pi\u00f9 su questo elemento, sulla sua origine, su come viene ottenuto e sul suo utilizzo per l&#8217;uomo.<\/p>\n<h2> <strong>Cos&#8217;\u00e8 il raggio?<\/strong><\/h2>\n<p> \u00c8 un metallo alcalino terroso contrassegnato con il numero 88 nella tavola periodica. Nonostante siano di colore bianco, se entrano in contatto con l&#8217;aria diventano neri. Si caratterizza per essere un metallo tenero, infiammabile e molto radioattivo, pi\u00f9 dell&#8217;uranio. \u00c8 composto da 13 isotopi, tra cui il Ra-226 \u00e8 il pi\u00f9 stabile e da cui viene prodotto l&#8217;elemento Radon.<\/p>\n<h3> <strong>Simbolo del raggio<\/strong><\/h3>\n<p> <span class=\"content-chemical-element\" style=\"float: left;width: 65px;height: 65px;border: 3px solid #666; display:flex;\n    justify-content: center;align-items: center;margin-right: 15px;\"><span style=\"font-size: 38px;\">Ra<\/span><\/span> Il suo nome deriva dal latino raggio, che significa fulmine. Ha ricevuto questo nome a causa della potente radioattivit\u00e0 emessa come visto dai suoi scopritori. Gli scienziati di Curie hanno realizzato una giunzione radioattiva di bario che rifletteva una fiamma rossa brillante, con linee spettrali mai viste prima.<\/p>\n<h2> <strong>Funzionalit\u00e0 radiofoniche<\/strong><\/h2>\n<p> \u00c8 l&#8217;alcalino terroso pi\u00f9 pesante di questo gruppo, che emette radiazioni in tre modi. I suoi raggi beta, alfa e gamma formano composti che rimangono ad alte temperature. Altre caratteristiche di questo elemento sono:<\/p>\n<ul>\n<li> <strong>Condizione<\/strong> : solido metallico lucido e morbido.<\/li>\n<li> <strong>Colore<\/strong> : bianco brillante, ma diventa nero nell&#8217;aria.<\/li>\n<li> <strong>Sapore e odore<\/strong> : \u00e8 inodore e senza sapore caratteristico.<\/li>\n<li> <strong>Tossicit\u00e0<\/strong> : moderata, ma in grandi quantit\u00e0 colpisce in modo significativo l&#8217;uomo.<\/li>\n<li> <strong>Reattivit\u00e0<\/strong> : Alta, reagisce rapidamente con l&#8217;acqua per formare idrossidi. Inoltre \u00e8 esplosivo in presenza di bario.<\/li>\n<li> <strong>Struttura<\/strong> : cubica, centrata su tutto il corpo.<\/li>\n<li> <strong>Solubilit\u00e0<\/strong> : \u00e8 solubile in acqua, ma i sali che forma hanno bassa solubilit\u00e0.<\/li>\n<li> <strong>Composizione:<\/strong> \u00e8 costituito da 88 elettroni e protoni, con 138 neutroni nel nucleo.<\/li>\n<\/ul>\n<h2> <strong>Propriet\u00e0 chimiche e fisiche del radio<\/strong><\/h2>\n<ol>\n<li> <strong>Numero atomico<\/strong> : 88<\/li>\n<li> <strong>Periodo<\/strong> : 7<\/li>\n<li> <strong>Blocco<\/strong> : S<\/li>\n<li> <strong>Gruppo<\/strong> : 2<\/li>\n<li> <strong>Stato di ossidazione<\/strong> : 2<\/li>\n<li> <strong>Densit\u00e0:<\/strong> 5500 Kg\/m <sup>3<\/sup><\/li>\n<li> <strong>Punto di fusione:<\/strong> 700\u00b0C<\/li>\n<li> <strong>Raggio atomico:<\/strong> 215 pm<\/li>\n<li> <strong>Elettronegativit\u00e0:<\/strong> 0,9<\/li>\n<li> <strong>Calore specifico:<\/strong> 94 J\/(K kg)<\/li>\n<li> <strong>Raggio covalente (\u00c5):<\/strong> 221<strong> <\/strong>pomeriggio<\/li>\n<li> <strong>Punto di ebollizione:<\/strong> 1737\u00b0C<\/li>\n<li> <strong>Configurazione elettronica:<\/strong> [Rn] 7s2<\/li>\n<li> <strong>Massa atomica (g\/mol):<\/strong> 226.0254 u<\/li>\n<li> <strong>Potenziale di prima ionizzazione<\/strong> (eV): 509,3 kJ\/mol<\/li>\n<li> <strong>Elettroni per guscio:<\/strong> 2, 8, 18, 32, 18, 8, 2<\/li>\n<li> <strong>Conduttivit\u00e0 termica:<\/strong> 18,6 W\/(Km)<\/li>\n<\/ol>\n<h2> <strong>Ray originale<\/strong><\/h2>\n<p> Il radio fu scoperto dalla coppia Marie e Pierre Curie nel 1898 nella Boemia settentrionale. La coppia, mentre studiava il minerale Uraninite, si imbatt\u00e9 in materiale radioattivo. Quindi hanno eseguito una combinazione con il bario che ha prodotto raggi rossi brillanti. Nel 1910, Marie Curie isol\u00f2 l&#8217;elemento mediante elettrolisi del cloruro puro e ottenne un campione del metallo puro.<\/p>\n<h2> <strong>A cosa serve la radio?<\/strong><\/h2>\n<p> L&#8217;uso del radio \u00e8 ridotto a causa della sua elevata radioattivit\u00e0. In passato veniva utilizzato nelle vernici luminescenti per orologi, ma fu abbandonato a causa dei suoi effetti negativi sulla salute dei lavoratori. Tuttavia, dopo anni di ricerca sulla corretta gestione dell&#8217;elemento, viene utilizzato nel settore della fisica insieme al berillio nella creazione di neutroni e nelle loro emissioni.<\/p>\n<p> Inoltre, il cloruro di radio viene utilizzato in campo medico come trattamento radioterapico per il cancro. Viene utilizzato per sradicare gradualmente le cellule maligne. A parte questo, \u00e8 comune usarlo nella produzione dei cristalli per colorarli di un verde brillante che si riflette nell&#8217;oscurit\u00e0.<\/p>\n<h2> <strong>Come ottenere il raggio?<\/strong><\/h2>\n<p> Si ottiene dalla decomposizione dei minerali Uranio e Torio. Viene effettuato un lavaggio per estrarre il metallo, che permette di ottenere l&#8217;elemento Bromuro. Successivamente viene isolato fino ad ottenere un campione puro.<\/p>\n<p> Inoltre, un altro modo per ottenerlo \u00e8 attraverso l&#8217;elettrolisi disciolta del radiocloruro puro in un catodo o elettrodo a mercurio ridotto. Durante il processo si ottiene un&#8217;amalgama che viene distillata in atmosfera di idrogeno, ottenendo un campione puro del metallo.<\/p>\n<h2> <strong>Quali sono gli effetti del radio sulla salute?<\/strong><\/h2>\n<p> Questo elemento \u00e8 presente nell&#8217;ambiente in quantit\u00e0 minime, il che non provoca effetti negativi sulla salute. Tuttavia, l\u2019esposizione prolungata provoca cancro, anemia, cataratta, fratture dei denti e persino la morte. Gli effetti richiedono tempo per manifestarsi perch\u00e9 le radiazioni gamma si diffondono gradualmente nell\u2019aria.<\/p>\n<p> In sintesi, questo metallo alcalino terroso \u00e8 un elemento altamente radioattivo presente nella crosta terrestre in proporzioni minime. Date le radiazioni che emette, viene utilizzato come radioterapia contro il cancro a basse dosi fino all&#8217;eliminazione dei tumori.<\/p>\n","protected":false},"excerpt":{"rendered":"<p>L&#8217;elemento chimico Radio \u00e8 distribuito in piccole proporzioni nelle rocce e nel suolo, prodotto della decomposizione radioattiva dell&#8217;Uranio e del Torio. Viaggia attraverso l&#8217;aria e l&#8217;acqua, dove entra in contatto con piante e animali, esponendo gli esseri umani a questo metallo. Tra le sue caratteristiche c&#8217;\u00e8 l&#8217;elevata radioattivit\u00e0, divisa in 13 isotopi. Scopri di pi\u00f9 &#8230; <a title=\"Radio\" class=\"read-more\" href=\"https:\/\/chemuza.org\/it\/radio\/\" aria-label=\"More on Radio\">Per saperne di pi\u00f9<\/a><\/p>\n","protected":false},"author":1,"featured_media":0,"parent":0,"menu_order":0,"comment_status":"closed","ping_status":"closed","template":"","meta":{"footnotes":""},"yoast_head":"<!-- This site is optimized with the Yoast SEO plugin v21.4 - https:\/\/yoast.com\/wordpress\/plugins\/seo\/ -->\n<title>Radio - Chemuza<\/title>\n<meta name=\"robots\" content=\"index, follow, max-snippet:-1, max-image-preview:large, max-video-preview:-1\" \/>\n<link rel=\"canonical\" href=\"https:\/\/chemuza.org\/it\/radio\/\" \/>\n<meta property=\"og:locale\" content=\"it_IT\" \/>\n<meta property=\"og:type\" content=\"article\" \/>\n<meta property=\"og:title\" content=\"Radio - Chemuza\" \/>\n<meta property=\"og:description\" content=\"L&#8217;elemento chimico Radio \u00e8 distribuito in piccole proporzioni nelle rocce e nel suolo, prodotto della decomposizione radioattiva dell&#8217;Uranio e del Torio. Viaggia attraverso l&#8217;aria e l&#8217;acqua, dove entra in contatto con piante e animali, esponendo gli esseri umani a questo metallo. Tra le sue caratteristiche c&#8217;\u00e8 l&#8217;elevata radioattivit\u00e0, divisa in 13 isotopi. Scopri di pi\u00f9 ... Per saperne di pi\u00f9\" \/>\n<meta property=\"og:url\" content=\"https:\/\/chemuza.org\/it\/radio\/\" \/>\n<meta property=\"og:site_name\" content=\"Chemuza\" \/>\n<meta name=\"twitter:card\" content=\"summary_large_image\" \/>\n<meta name=\"twitter:label1\" content=\"Tempo di lettura stimato\" \/>\n\t<meta name=\"twitter:data1\" content=\"3 minuti\" \/>\n<script type=\"application\/ld+json\" class=\"yoast-schema-graph\">{\"@context\":\"https:\/\/schema.org\",\"@graph\":[{\"@type\":\"WebPage\",\"@id\":\"https:\/\/chemuza.org\/it\/radio\/\",\"url\":\"https:\/\/chemuza.org\/it\/radio\/\",\"name\":\"Radio - Chemuza\",\"isPartOf\":{\"@id\":\"https:\/\/chemuza.org\/it\/#website\"},\"datePublished\":\"2023-07-13T19:49:27+00:00\",\"dateModified\":\"2023-07-13T19:49:27+00:00\",\"breadcrumb\":{\"@id\":\"https:\/\/chemuza.org\/it\/radio\/#breadcrumb\"},\"inLanguage\":\"it-IT\",\"potentialAction\":[{\"@type\":\"ReadAction\",\"target\":[\"https:\/\/chemuza.org\/it\/radio\/\"]}]},{\"@type\":\"BreadcrumbList\",\"@id\":\"https:\/\/chemuza.org\/it\/radio\/#breadcrumb\",\"itemListElement\":[{\"@type\":\"ListItem\",\"position\":1,\"name\":\"Casa\",\"item\":\"https:\/\/chemuza.org\/it\/\"},{\"@type\":\"ListItem\",\"position\":2,\"name\":\"Radio\"}]},{\"@type\":\"WebSite\",\"@id\":\"https:\/\/chemuza.org\/it\/#website\",\"url\":\"https:\/\/chemuza.org\/it\/\",\"name\":\"Chemuza\",\"description\":\"La tua porta d&#039;accesso alla scoperta chimica!\",\"publisher\":{\"@id\":\"https:\/\/chemuza.org\/it\/#organization\"},\"potentialAction\":[{\"@type\":\"SearchAction\",\"target\":{\"@type\":\"EntryPoint\",\"urlTemplate\":\"https:\/\/chemuza.org\/it\/?s={search_term_string}\"},\"query-input\":\"required name=search_term_string\"}],\"inLanguage\":\"it-IT\"},{\"@type\":\"Organization\",\"@id\":\"https:\/\/chemuza.org\/it\/#organization\",\"name\":\"Chemuza\",\"url\":\"https:\/\/chemuza.org\/it\/\",\"logo\":{\"@type\":\"ImageObject\",\"inLanguage\":\"it-IT\",\"@id\":\"https:\/\/chemuza.org\/it\/#\/schema\/logo\/image\/\",\"url\":\"https:\/\/chemuza.org\/it\/wp-content\/uploads\/2023\/10\/chemuza-logo.png\",\"contentUrl\":\"https:\/\/chemuza.org\/it\/wp-content\/uploads\/2023\/10\/chemuza-logo.png\",\"width\":387,\"height\":70,\"caption\":\"Chemuza\"},\"image\":{\"@id\":\"https:\/\/chemuza.org\/it\/#\/schema\/logo\/image\/\"}}]}<\/script>\n<!-- \/ Yoast SEO plugin. -->","yoast_head_json":{"title":"Radio - Chemuza","robots":{"index":"index","follow":"follow","max-snippet":"max-snippet:-1","max-image-preview":"max-image-preview:large","max-video-preview":"max-video-preview:-1"},"canonical":"https:\/\/chemuza.org\/it\/radio\/","og_locale":"it_IT","og_type":"article","og_title":"Radio - Chemuza","og_description":"L&#8217;elemento chimico Radio \u00e8 distribuito in piccole proporzioni nelle rocce e nel suolo, prodotto della decomposizione radioattiva dell&#8217;Uranio e del Torio. Viaggia attraverso l&#8217;aria e l&#8217;acqua, dove entra in contatto con piante e animali, esponendo gli esseri umani a questo metallo. Tra le sue caratteristiche c&#8217;\u00e8 l&#8217;elevata radioattivit\u00e0, divisa in 13 isotopi. Scopri di pi\u00f9 ... Per saperne di pi\u00f9","og_url":"https:\/\/chemuza.org\/it\/radio\/","og_site_name":"Chemuza","twitter_card":"summary_large_image","twitter_misc":{"Tempo di lettura stimato":"3 minuti"},"schema":{"@context":"https:\/\/schema.org","@graph":[{"@type":"WebPage","@id":"https:\/\/chemuza.org\/it\/radio\/","url":"https:\/\/chemuza.org\/it\/radio\/","name":"Radio - Chemuza","isPartOf":{"@id":"https:\/\/chemuza.org\/it\/#website"},"datePublished":"2023-07-13T19:49:27+00:00","dateModified":"2023-07-13T19:49:27+00:00","breadcrumb":{"@id":"https:\/\/chemuza.org\/it\/radio\/#breadcrumb"},"inLanguage":"it-IT","potentialAction":[{"@type":"ReadAction","target":["https:\/\/chemuza.org\/it\/radio\/"]}]},{"@type":"BreadcrumbList","@id":"https:\/\/chemuza.org\/it\/radio\/#breadcrumb","itemListElement":[{"@type":"ListItem","position":1,"name":"Casa","item":"https:\/\/chemuza.org\/it\/"},{"@type":"ListItem","position":2,"name":"Radio"}]},{"@type":"WebSite","@id":"https:\/\/chemuza.org\/it\/#website","url":"https:\/\/chemuza.org\/it\/","name":"Chemuza","description":"La tua porta d&#039;accesso alla scoperta chimica!","publisher":{"@id":"https:\/\/chemuza.org\/it\/#organization"},"potentialAction":[{"@type":"SearchAction","target":{"@type":"EntryPoint","urlTemplate":"https:\/\/chemuza.org\/it\/?s={search_term_string}"},"query-input":"required name=search_term_string"}],"inLanguage":"it-IT"},{"@type":"Organization","@id":"https:\/\/chemuza.org\/it\/#organization","name":"Chemuza","url":"https:\/\/chemuza.org\/it\/","logo":{"@type":"ImageObject","inLanguage":"it-IT","@id":"https:\/\/chemuza.org\/it\/#\/schema\/logo\/image\/","url":"https:\/\/chemuza.org\/it\/wp-content\/uploads\/2023\/10\/chemuza-logo.png","contentUrl":"https:\/\/chemuza.org\/it\/wp-content\/uploads\/2023\/10\/chemuza-logo.png","width":387,"height":70,"caption":"Chemuza"},"image":{"@id":"https:\/\/chemuza.org\/it\/#\/schema\/logo\/image\/"}}]}},"yoast_meta":{"yoast_wpseo_title":"","yoast_wpseo_metadesc":"","yoast_wpseo_canonical":""},"_links":{"self":[{"href":"https:\/\/chemuza.org\/it\/wp-json\/wp\/v2\/pages\/1517"}],"collection":[{"href":"https:\/\/chemuza.org\/it\/wp-json\/wp\/v2\/pages"}],"about":[{"href":"https:\/\/chemuza.org\/it\/wp-json\/wp\/v2\/types\/page"}],"author":[{"embeddable":true,"href":"https:\/\/chemuza.org\/it\/wp-json\/wp\/v2\/users\/1"}],"replies":[{"embeddable":true,"href":"https:\/\/chemuza.org\/it\/wp-json\/wp\/v2\/comments?post=1517"}],"version-history":[{"count":0,"href":"https:\/\/chemuza.org\/it\/wp-json\/wp\/v2\/pages\/1517\/revisions"}],"wp:attachment":[{"href":"https:\/\/chemuza.org\/it\/wp-json\/wp\/v2\/media?parent=1517"}],"curies":[{"name":"wp","href":"https:\/\/api.w.org\/{rel}","templated":true}]}}