{"id":1516,"date":"2023-07-13T20:13:19","date_gmt":"2023-07-13T20:13:19","guid":{"rendered":"https:\/\/chemuza.org\/it\/francio\/"},"modified":"2023-07-13T20:13:19","modified_gmt":"2023-07-13T20:13:19","slug":"francio","status":"publish","type":"page","link":"https:\/\/chemuza.org\/it\/francio\/","title":{"rendered":"Francio"},"content":{"rendered":"<p>Sapevate che il Francium \u00e8 l&#8217;ultimo elemento scoperto in natura? Inoltre, \u00e8 il secondo elemento chimico meno abbondante nella crosta terrestre. D&#8217;altra parte, contiene l&#8217;elettronegativit\u00e0 pi\u00f9 bassa di tutte. Scopri di pi\u00f9 su questo composto chimico e sulla sua utilit\u00e0 per l&#8217;uomo.<\/p>\n<h2> <strong>Cos&#8217;\u00e8 il Francio?<\/strong><\/h2>\n<p> L&#8217;elemento chimico Francio \u00e8 un metallo che fa parte del gruppo alcalino, situato nella settima riga o periodo della tavola periodica e nel gruppo <em>s<\/em> . Ha un&#8217;elevata radioattivit\u00e0 e reattivit\u00e0 chimica. Inoltre, ha un&#8217;estrema instabilit\u00e0, un solo elettrone nel suo guscio di valenza, la massa equivalente pi\u00f9 alta e l&#8217;elettronegativit\u00e0 pi\u00f9 bassa.<\/p>\n<h3> <strong>Simbolo del Francio<\/strong><\/h3>\n<p> <span class=\"content-chemical-element\" style=\"float: left;width: 65px;height: 65px;border: 3px solid #666; display:flex;\n    justify-content: center;align-items: center;margin-right: 15px;\"><span style=\"font-size: 38px;\">It<\/span><\/span> L&#8217;abbreviazione dell&#8217;elemento chimico, cio\u00e8 il simbolo di Francium, deriva dalla parola latina <em>Francium<\/em> . Deve il suo nome alla Francia, paese in cui \u00e8 stato scoperto. Tuttavia, inizialmente il suo scopritore lo aveva designato <em>attinio K<\/em> e <em>Catio<\/em> . Inoltre, in precedenza era noto come <em>eka-cesium<\/em> , <em>Moldavian<\/em> o <em>Virginian<\/em> . Allo stesso modo \u00e8 stata assegnata la simbologia della Legge, ma successivamente \u00e8 stata sostituita dalla simbologia attuale.<\/p>\n<h2> <strong>Caratteristiche del Francio<\/strong><\/h2>\n<p> \u200bTra le caratteristiche del Francio troviamo una composizione atomica di 136 neutroni, 87 protoni e 87 elettroni. Effettua invece una coprecipitazione interagendo con l&#8217;acido tungstico silicico, l&#8217;acido perclorico e con molteplici sali di cesio, senza che sia presente nessun altro metallo. Scopri le altre propriet\u00e0 dell&#8217;elemento:<\/p>\n<ul>\n<li> <strong>Reattivit\u00e0 chimica<\/strong> : La sua reattivit\u00e0 \u00e8 molto elevata.<\/li>\n<li> <strong>Fusione e ebollizione<\/strong> : Passa dallo stato solido a quello liquido a 27\u00b0C, mentre alla temperatura di 667\u00b0C passa dallo stato liquido a quello gassoso.<\/li>\n<li> <strong>Radioattivit\u00e0<\/strong> : Ha un elevato livello radioattivo, tanto che pu\u00f2 formare pericolose e violente esplosioni in presenza di un corpo acquoso.<\/li>\n<li> <strong>Stato<\/strong> : Il suo stato ordinario \u00e8 liquido a temperatura ambiente.<\/li>\n<li> <strong>Solubilit\u00e0<\/strong> : la maggior parte dei suoi sali sono solubili in acqua.<\/li>\n<li> <strong>Modifiche<\/strong> : Dopo il decadimento, questo elemento produce Raggio, Astato e Radon.<\/li>\n<li> <strong>Ordine magnetico<\/strong> : \u00e8 un metallo paramagnetico.<\/li>\n<li> <strong>Instabilit\u00e0<\/strong> : esiste solo in forme radioattive che hanno una durata di vita di circa 21 minuti.<\/li>\n<li> <strong>Struttura cristallina<\/strong> : \u00e8 un corpo cubico centrato.<\/li>\n<li> <strong>Isotopi<\/strong> : si conoscono 34 isotopi, di cui 32 sintetici e tutti decadono. I <sup>223<\/sup> Fr e <sup>221<\/sup> Fr sono in natura.<\/li>\n<\/ul>\n<h2> <strong>Propriet\u00e0 chimiche e fisiche del Francio<\/strong><\/h2>\n<ol>\n<li> <strong>Numero atomico<\/strong> : 87<\/li>\n<li> <strong>Ossido<\/strong> : base forte<\/li>\n<li> <strong>Stati di ossidazione<\/strong> : +1<\/li>\n<li> <strong>Densit\u00e0 (g\/ml)<\/strong> : 1870 kg\/m <sup>3<\/sup><\/li>\n<li> <strong>Raggio covalente (\u00c5)<\/strong> : 260 pm<\/li>\n<li> <strong>Calore specifico<\/strong> : Non ha<\/li>\n<li> <strong>Massa atomica (g\/mol)<\/strong> : 223 u<\/li>\n<li> <strong>Punto di fusione<\/strong> : 27\u00b0C (300K)<\/li>\n<li> <strong>Configurazione elettronica<\/strong> : [Rn]7s <sup>1<\/sup><\/li>\n<li> <strong>Elettroni per livello<\/strong> : 2, 8, 18, 32, 18, 8, 1<\/li>\n<li> <strong>Entalpia di vaporizzazione<\/strong> : 65 kJ\/mol<\/li>\n<li> <strong>Potenziale di prima ionizzazione (eV)<\/strong> : 380 kJ\/mol<\/li>\n<li> <strong>Raggio atomico (\u00c5)<\/strong> : 270 pm (raggio di Bohr)<\/li>\n<li> <strong>Punto di ebollizione<\/strong> : 677\u00b0C (950K)<\/li>\n<li> <strong>Entalpia di fusione<\/strong> : 2 kJ\/mol<\/li>\n<li> <strong>Velocit\u00e0 del suono<\/strong> : non ha<\/li>\n<li> <strong>Elettronegativit\u00e0<\/strong> : 0,7 (scala Pauling)<\/li>\n<\/ol>\n<h2> <strong>Origine del francio<\/strong><\/h2>\n<p> Se ti stai chiedendo chi scopr\u00ec il Francium, fu la francese Marguerite Perey nel 1939. Tuttavia, nel 1870, molti chimici sospettarono che esistesse un metallo alcalino prima del cesio. Inoltre, al presunto elemento fu dato il nome <em>eka-cesio<\/em> e il numero atomico 87. Successivamente, tra il 1870 e il 1937, furono fatti molti tentativi per scoprirlo e isolarlo, ma il risultato non ebbe successo. risultate incomplete o errate.<\/p>\n<p> Fu solo quando il fisico francese Perey osserv\u00f2 un&#8217;incompatibilit\u00e0 nell&#8217;energia di decadimento all&#8217;interno di un campione di attinio-227. Fu lui ad escludere probabili fonti di alterazione e ad ottenere la conclusione che si trattasse di <em>eka-cesio<\/em> , il nuovo metallo alcalino. Tuttavia, dovette dimostrare alla comunit\u00e0 scientifica che l&#8217;impresa gli apparteneva, poich\u00e9 le chimiche Horia Hulubei e Yvette Cauchois assicurarono la sua scoperta. Tuttavia, Marguerite Perey ricevette il titolo di scopritrice e assegn\u00f2 un nome all&#8217;elemento.<\/p>\n<h2> <strong>A cosa serve il Francio?<\/strong><\/h2>\n<p> Non esiste un uso commerciale del francio perch\u00e9 \u00e8 un materiale molto raro in natura e per la sua elevata instabilit\u00e0 nucleare. Tuttavia, in campo scientifico viene utilizzato per lavori di ricerca come la chimica, la biologia o la struttura atomica.<\/p>\n<p> La capacit\u00e0 di sintetizzare, intrappolare e raffreddare l&#8217;elemento Francio lo rende protagonista di esperimenti di spettroscopia specializzati. Ci\u00f2 porta a una migliore comprensione delle costanti di accoppiamento tra le particelle subatomiche, nonch\u00e9 dei livelli energetici.<\/p>\n<p> D&#8217;altra parte, gli studi sulla luce emessa dagli ioni <sup>210<\/sup> Fr mostrano risultati specifici delle transizioni tra i livelli di energia atomica. Inoltre, \u00e8 stato verificato che i dati ottenuti da questi esperimenti sono simili a quelli previsti dalla teoria quantistica.<\/p>\n<p> In sintesi, il Francio \u00e8 un metallo alcalino, super radioattivo e instabile. Inoltre, ha il peso o la massa equivalente maggiore tra gli altri elementi chimici. Ha invece l&#8217;elettronegativit\u00e0 pi\u00f9 bassa e non ha applicazioni commerciali, ma viene utilizzato per studi scientifici.<\/p>\n","protected":false},"excerpt":{"rendered":"<p>Sapevate che il Francium \u00e8 l&#8217;ultimo elemento scoperto in natura? Inoltre, \u00e8 il secondo elemento chimico meno abbondante nella crosta terrestre. D&#8217;altra parte, contiene l&#8217;elettronegativit\u00e0 pi\u00f9 bassa di tutte. Scopri di pi\u00f9 su questo composto chimico e sulla sua utilit\u00e0 per l&#8217;uomo. Cos&#8217;\u00e8 il Francio? L&#8217;elemento chimico Francio \u00e8 un metallo che fa parte del &#8230; <a title=\"Francio\" class=\"read-more\" href=\"https:\/\/chemuza.org\/it\/francio\/\" aria-label=\"More on Francio\">Per saperne di pi\u00f9<\/a><\/p>\n","protected":false},"author":1,"featured_media":0,"parent":0,"menu_order":0,"comment_status":"closed","ping_status":"closed","template":"","meta":{"footnotes":""},"yoast_head":"<!-- This site is optimized with the Yoast SEO plugin v21.4 - https:\/\/yoast.com\/wordpress\/plugins\/seo\/ -->\n<title>Francio - Chemuza<\/title>\n<meta name=\"robots\" content=\"index, follow, max-snippet:-1, max-image-preview:large, max-video-preview:-1\" \/>\n<link rel=\"canonical\" href=\"https:\/\/chemuza.org\/it\/francio\/\" \/>\n<meta property=\"og:locale\" content=\"it_IT\" \/>\n<meta property=\"og:type\" content=\"article\" \/>\n<meta property=\"og:title\" content=\"Francio - Chemuza\" \/>\n<meta property=\"og:description\" content=\"Sapevate che il Francium \u00e8 l&#8217;ultimo elemento scoperto in natura? Inoltre, \u00e8 il secondo elemento chimico meno abbondante nella crosta terrestre. D&#8217;altra parte, contiene l&#8217;elettronegativit\u00e0 pi\u00f9 bassa di tutte. Scopri di pi\u00f9 su questo composto chimico e sulla sua utilit\u00e0 per l&#8217;uomo. Cos&#8217;\u00e8 il Francio? L&#8217;elemento chimico Francio \u00e8 un metallo che fa parte del ... Per saperne di pi\u00f9\" \/>\n<meta property=\"og:url\" content=\"https:\/\/chemuza.org\/it\/francio\/\" \/>\n<meta property=\"og:site_name\" content=\"Chemuza\" \/>\n<meta name=\"twitter:card\" content=\"summary_large_image\" \/>\n<meta name=\"twitter:label1\" content=\"Tempo di lettura stimato\" \/>\n\t<meta name=\"twitter:data1\" content=\"4 minuti\" \/>\n<script type=\"application\/ld+json\" class=\"yoast-schema-graph\">{\"@context\":\"https:\/\/schema.org\",\"@graph\":[{\"@type\":\"WebPage\",\"@id\":\"https:\/\/chemuza.org\/it\/francio\/\",\"url\":\"https:\/\/chemuza.org\/it\/francio\/\",\"name\":\"Francio - Chemuza\",\"isPartOf\":{\"@id\":\"https:\/\/chemuza.org\/it\/#website\"},\"datePublished\":\"2023-07-13T20:13:19+00:00\",\"dateModified\":\"2023-07-13T20:13:19+00:00\",\"breadcrumb\":{\"@id\":\"https:\/\/chemuza.org\/it\/francio\/#breadcrumb\"},\"inLanguage\":\"it-IT\",\"potentialAction\":[{\"@type\":\"ReadAction\",\"target\":[\"https:\/\/chemuza.org\/it\/francio\/\"]}]},{\"@type\":\"BreadcrumbList\",\"@id\":\"https:\/\/chemuza.org\/it\/francio\/#breadcrumb\",\"itemListElement\":[{\"@type\":\"ListItem\",\"position\":1,\"name\":\"Casa\",\"item\":\"https:\/\/chemuza.org\/it\/\"},{\"@type\":\"ListItem\",\"position\":2,\"name\":\"Francio\"}]},{\"@type\":\"WebSite\",\"@id\":\"https:\/\/chemuza.org\/it\/#website\",\"url\":\"https:\/\/chemuza.org\/it\/\",\"name\":\"Chemuza\",\"description\":\"La tua porta d&#039;accesso alla scoperta chimica!\",\"publisher\":{\"@id\":\"https:\/\/chemuza.org\/it\/#organization\"},\"potentialAction\":[{\"@type\":\"SearchAction\",\"target\":{\"@type\":\"EntryPoint\",\"urlTemplate\":\"https:\/\/chemuza.org\/it\/?s={search_term_string}\"},\"query-input\":\"required name=search_term_string\"}],\"inLanguage\":\"it-IT\"},{\"@type\":\"Organization\",\"@id\":\"https:\/\/chemuza.org\/it\/#organization\",\"name\":\"Chemuza\",\"url\":\"https:\/\/chemuza.org\/it\/\",\"logo\":{\"@type\":\"ImageObject\",\"inLanguage\":\"it-IT\",\"@id\":\"https:\/\/chemuza.org\/it\/#\/schema\/logo\/image\/\",\"url\":\"https:\/\/chemuza.org\/it\/wp-content\/uploads\/2023\/10\/chemuza-logo.png\",\"contentUrl\":\"https:\/\/chemuza.org\/it\/wp-content\/uploads\/2023\/10\/chemuza-logo.png\",\"width\":387,\"height\":70,\"caption\":\"Chemuza\"},\"image\":{\"@id\":\"https:\/\/chemuza.org\/it\/#\/schema\/logo\/image\/\"}}]}<\/script>\n<!-- \/ Yoast SEO plugin. -->","yoast_head_json":{"title":"Francio - Chemuza","robots":{"index":"index","follow":"follow","max-snippet":"max-snippet:-1","max-image-preview":"max-image-preview:large","max-video-preview":"max-video-preview:-1"},"canonical":"https:\/\/chemuza.org\/it\/francio\/","og_locale":"it_IT","og_type":"article","og_title":"Francio - Chemuza","og_description":"Sapevate che il Francium \u00e8 l&#8217;ultimo elemento scoperto in natura? Inoltre, \u00e8 il secondo elemento chimico meno abbondante nella crosta terrestre. D&#8217;altra parte, contiene l&#8217;elettronegativit\u00e0 pi\u00f9 bassa di tutte. Scopri di pi\u00f9 su questo composto chimico e sulla sua utilit\u00e0 per l&#8217;uomo. Cos&#8217;\u00e8 il Francio? L&#8217;elemento chimico Francio \u00e8 un metallo che fa parte del ... Per saperne di pi\u00f9","og_url":"https:\/\/chemuza.org\/it\/francio\/","og_site_name":"Chemuza","twitter_card":"summary_large_image","twitter_misc":{"Tempo di lettura stimato":"4 minuti"},"schema":{"@context":"https:\/\/schema.org","@graph":[{"@type":"WebPage","@id":"https:\/\/chemuza.org\/it\/francio\/","url":"https:\/\/chemuza.org\/it\/francio\/","name":"Francio - Chemuza","isPartOf":{"@id":"https:\/\/chemuza.org\/it\/#website"},"datePublished":"2023-07-13T20:13:19+00:00","dateModified":"2023-07-13T20:13:19+00:00","breadcrumb":{"@id":"https:\/\/chemuza.org\/it\/francio\/#breadcrumb"},"inLanguage":"it-IT","potentialAction":[{"@type":"ReadAction","target":["https:\/\/chemuza.org\/it\/francio\/"]}]},{"@type":"BreadcrumbList","@id":"https:\/\/chemuza.org\/it\/francio\/#breadcrumb","itemListElement":[{"@type":"ListItem","position":1,"name":"Casa","item":"https:\/\/chemuza.org\/it\/"},{"@type":"ListItem","position":2,"name":"Francio"}]},{"@type":"WebSite","@id":"https:\/\/chemuza.org\/it\/#website","url":"https:\/\/chemuza.org\/it\/","name":"Chemuza","description":"La tua porta d&#039;accesso alla scoperta chimica!","publisher":{"@id":"https:\/\/chemuza.org\/it\/#organization"},"potentialAction":[{"@type":"SearchAction","target":{"@type":"EntryPoint","urlTemplate":"https:\/\/chemuza.org\/it\/?s={search_term_string}"},"query-input":"required name=search_term_string"}],"inLanguage":"it-IT"},{"@type":"Organization","@id":"https:\/\/chemuza.org\/it\/#organization","name":"Chemuza","url":"https:\/\/chemuza.org\/it\/","logo":{"@type":"ImageObject","inLanguage":"it-IT","@id":"https:\/\/chemuza.org\/it\/#\/schema\/logo\/image\/","url":"https:\/\/chemuza.org\/it\/wp-content\/uploads\/2023\/10\/chemuza-logo.png","contentUrl":"https:\/\/chemuza.org\/it\/wp-content\/uploads\/2023\/10\/chemuza-logo.png","width":387,"height":70,"caption":"Chemuza"},"image":{"@id":"https:\/\/chemuza.org\/it\/#\/schema\/logo\/image\/"}}]}},"yoast_meta":{"yoast_wpseo_title":"","yoast_wpseo_metadesc":"","yoast_wpseo_canonical":""},"_links":{"self":[{"href":"https:\/\/chemuza.org\/it\/wp-json\/wp\/v2\/pages\/1516"}],"collection":[{"href":"https:\/\/chemuza.org\/it\/wp-json\/wp\/v2\/pages"}],"about":[{"href":"https:\/\/chemuza.org\/it\/wp-json\/wp\/v2\/types\/page"}],"author":[{"embeddable":true,"href":"https:\/\/chemuza.org\/it\/wp-json\/wp\/v2\/users\/1"}],"replies":[{"embeddable":true,"href":"https:\/\/chemuza.org\/it\/wp-json\/wp\/v2\/comments?post=1516"}],"version-history":[{"count":0,"href":"https:\/\/chemuza.org\/it\/wp-json\/wp\/v2\/pages\/1516\/revisions"}],"wp:attachment":[{"href":"https:\/\/chemuza.org\/it\/wp-json\/wp\/v2\/media?parent=1516"}],"curies":[{"name":"wp","href":"https:\/\/api.w.org\/{rel}","templated":true}]}}