{"id":1515,"date":"2023-07-13T20:51:31","date_gmt":"2023-07-13T20:51:31","guid":{"rendered":"https:\/\/chemuza.org\/it\/radon\/"},"modified":"2023-07-13T20:51:31","modified_gmt":"2023-07-13T20:51:31","slug":"radon","status":"publish","type":"page","link":"https:\/\/chemuza.org\/it\/radon\/","title":{"rendered":"Radon"},"content":{"rendered":"<p>Il radon \u00e8 un gas naturale derivante dalla decomposizione radioattiva dell&#8217;uranio presente nell&#8217;acqua, nel suolo e nelle rocce. All&#8217;aperto \u00e8 presente in concentrazioni minime, anche se in aree poco ventilate come miniere e abitazioni \u00e8 capace di accumularsi in grandi quantit\u00e0, aumentando il rischio di soffrire di cancro ai polmoni. Inoltre, \u00e8 costituito da funzionalit\u00e0 e applicazioni uniche, come vedrai di seguito.<\/p>\n<h2> <strong>Cos&#8217;\u00e8 il radon?<\/strong><\/h2>\n<p> \u00c8 un elemento chimico situato nella famiglia dei gas rari della tavola periodica. \u00c8 un gas insapore, inodore e incolore, ma quando diventa solido diventa rossastro. Inoltre, tra gli elementi del suo gruppo, \u00e8 il pi\u00f9 radioattivo, rappresentando circa il 50% della radiazione ambientale. La sua massa atomica \u00e8 222, il che indica che il suo nucleo \u00e8 stabile con 136 elettroni.<\/p>\n<h3> <strong>Simbolo del radon<\/strong><\/h3>\n<p> <span class=\"content-chemical-element\" style=\"float: left;width: 65px;height: 65px;border: 3px solid #666; display:flex;\n    justify-content: center;align-items: center;margin-right: 15px;\"><span style=\"font-size: 38px;\">Rn<\/span><\/span> Si chiama cos\u00ec perch\u00e9 \u00e8 stato ottenuto dal decadimento dell&#8217;isotopo 226Ra del radio, che deriva dal latino radi. All&#8217;epoca per\u00f2 veniva chiamato niton, in latino niteo ovvero brillante, perch\u00e9 allo stato solido riflette la luce dorata.<\/p>\n<h2> <strong>Caratteristiche del radon<\/strong><\/h2>\n<p> L&#8217;elemento Radon \u00e8 un gas nobile segnato con il numero atomico 86, \u00e8 invisibile e si trova nel blocco P della tavola periodica. \u00c8 costituito da 35 isotopi altamente radioattivi, con emivite minime. Inoltre, \u00e8 il pi\u00f9 pesante dei gas rari e si dissolve rapidamente nell&#8217;aria, in piccole proporzioni. Altre caratteristiche sono:<\/p>\n<ul>\n<li> <strong>Stato<\/strong> : Gassoso.<\/li>\n<li> <strong>Colore<\/strong> : Nella sua forma gassosa \u00e8 incolore, ma quando forma composti solidi \u00e8 rosso.<\/li>\n<li> <strong>Sapore e odore<\/strong> : insapore e inodore.<\/li>\n<li> <strong>Tossicit\u00e0<\/strong> : elevata, la sua inalazione in grandi quantit\u00e0 provoca il cancro ai polmoni, a causa delle radiazioni che emette.<\/li>\n<li> <strong>Reattivit\u00e0<\/strong> : Bassa perch\u00e9 \u00e8 un gas inerte.<\/li>\n<li> <strong>Struttura<\/strong> : Quando diventa solido, \u00e8 cubico, centrato sulle facce del corpo.<\/li>\n<li> <strong>Solubilit\u00e0<\/strong> : Alta, nella sua forma gassosa si muove rapidamente nell&#8217;acqua fino a raggiungere il suolo.<\/li>\n<li> <strong>Composizione del Radon<\/strong> : \u00c8 formato da 86 protoni ed elettroni, di cui 136 neutroni.<\/li>\n<\/ul>\n<h2> <strong>Propriet\u00e0 chimiche e fisiche del radon<\/strong><\/h2>\n<ol>\n<li> <strong>Numero atomico<\/strong> : 86<\/li>\n<li> <strong>Periodo<\/strong> : 6<\/li>\n<li> <strong>Blocco<\/strong> : P<\/li>\n<li> <strong>Gruppo<\/strong> : 18<\/li>\n<li> <strong>Stato di ossidazione<\/strong> : 0<\/li>\n<li> <strong>Densit\u00e0:<\/strong> 9,73 Kg\/ <sup>m3<\/sup><\/li>\n<li> <strong>Punto di fusione:<\/strong> -71<strong> <\/strong>\u00b0C<\/li>\n<li> <strong>Raggio atomico:<\/strong> 120 ore<\/li>\n<li> <strong>Elettronegativit\u00e0:<\/strong> -2,06<\/li>\n<li> <strong>Calore specifico:<\/strong> 94 J\/(K kg)<\/li>\n<li> <strong>Raggio covalente (\u00c5):<\/strong> 145 ore<\/li>\n<li> <strong>Massa atomica (g\/mol):<\/strong> 222 u<\/li>\n<li> <strong>Configurazione elettronica:<\/strong> [Xe] 4f14 5d10 6s2 6p6<\/li>\n<li> <strong>Elettroni per guscio:<\/strong> 2, 8, 18, 32, 18, 8<\/li>\n<li> <strong>Potenziale di prima ionizzazione<\/strong> (eV): 1037<\/li>\n<li> <strong>Conduttivit\u00e0 termica:<\/strong> 0,00364 W\/(Km)<\/li>\n<li> <strong>Punto di ebollizione:<\/strong> -62\u00b0C<\/li>\n<\/ol>\n<h2> <strong>Origine del radon<\/strong><\/h2>\n<p> L&#8217;elemento chimico Radon fu scoperto dallo scienziato Friedrich Ernst Dorn nel 1900. Quell&#8217;anno Dorn not\u00f2 che durante alcuni test con il radio emanava un gas radioattivo, che chiam\u00f2 emanazione del radio. In precedenza, nel 1899, i chimici Marie e Pierre Curie avevano osservato che le emissioni gassose di radio impiegavano un mese per scomparire. Infine, nel 1901, Robert Owens dimostr\u00f2 che tali emanazioni indicano la presenza di un altro elemento, che chiamarono Radon per la sua vicinanza al radio.<\/p>\n<h2> <strong>A cosa serve il Radon?<\/strong><\/h2>\n<p> Sebbene abbia poche applicazioni, il gas radon viene utilizzato in campo medico come radioterapia per l\u2019artrite e il cancro. I pazienti sono esposti a basse concentrazioni di radiazioni per rafforzare il sistema immunitario. Inoltre, il radon viene utilizzato anche nel settore geologico, quando viene utilizzato come misuratore geotermico o di gradiente di temperatura nelle profondit\u00e0 della crosta terrestre. In questo modo \u00e8 possibile rilevare faglie tettoniche o terremoti e verificare la stabilit\u00e0 atmosferica.<\/p>\n<p> Allo stesso modo, viene utilizzato come tracciante d&#8217;aria, per verificare la presenza di altri gas, permettendone la determinazione del peso e della purezza.<\/p>\n<h2> <strong>Effetti del radon sulla salute<\/strong><\/h2>\n<p> Questo gas fuoriesce liberamente dal suolo e raggiunge l&#8217;aria, disintegrandosi in piccole particelle radioattive. Quando inalati si depositano nelle vie aeree, provocando il cancro ai polmoni. Inoltre, colpisce il DNA e l\u2019RNA e provoca danni cellulari irreparabili influenzando i processi metabolici naturali delle cellule.<\/p>\n<h2> <strong>Dove si trova il radon?<\/strong><\/h2>\n<p> Viene prodotto naturalmente attraverso la disintegrazione del radio 226 presente nelle rocce. La sua massima concentrazione avviene nel sottosuolo, alla profondit\u00e0 massima di 1 metro, da dove esce nell&#8217;atmosfera attraverso i pori. Inoltre, si trova in proporzioni elevate nei terreni sabbiosi, rispetto ai terreni argillosi o compatti.<\/p>\n<p> In conclusione, l&#8217;elemento chimico Radon \u00e8 un gas inerte che non ha sapore, odore o colore caratteristici. Si muove rapidamente nell&#8217;acqua e nell&#8217;aria ed \u00e8 uno dei gas rari pi\u00f9 radioattivi e pesanti della tavola periodica. Se inalato in grandi quantit\u00e0 provoca il cancro ai polmoni e gravi danni cellulari visibili con il passare degli anni.<\/p>\n","protected":false},"excerpt":{"rendered":"<p>Il radon \u00e8 un gas naturale derivante dalla decomposizione radioattiva dell&#8217;uranio presente nell&#8217;acqua, nel suolo e nelle rocce. All&#8217;aperto \u00e8 presente in concentrazioni minime, anche se in aree poco ventilate come miniere e abitazioni \u00e8 capace di accumularsi in grandi quantit\u00e0, aumentando il rischio di soffrire di cancro ai polmoni. Inoltre, \u00e8 costituito da funzionalit\u00e0 &#8230; <a title=\"Radon\" class=\"read-more\" href=\"https:\/\/chemuza.org\/it\/radon\/\" aria-label=\"More on Radon\">Per saperne di pi\u00f9<\/a><\/p>\n","protected":false},"author":1,"featured_media":0,"parent":0,"menu_order":0,"comment_status":"closed","ping_status":"closed","template":"","meta":{"footnotes":""},"yoast_head":"<!-- This site is optimized with the Yoast SEO plugin v21.4 - https:\/\/yoast.com\/wordpress\/plugins\/seo\/ -->\n<title>Radon-Chemuza<\/title>\n<meta name=\"robots\" content=\"index, follow, max-snippet:-1, max-image-preview:large, max-video-preview:-1\" \/>\n<link rel=\"canonical\" href=\"https:\/\/chemuza.org\/it\/radon\/\" \/>\n<meta property=\"og:locale\" content=\"it_IT\" \/>\n<meta property=\"og:type\" content=\"article\" \/>\n<meta property=\"og:title\" content=\"Radon-Chemuza\" \/>\n<meta property=\"og:description\" content=\"Il radon \u00e8 un gas naturale derivante dalla decomposizione radioattiva dell&#8217;uranio presente nell&#8217;acqua, nel suolo e nelle rocce. All&#8217;aperto \u00e8 presente in concentrazioni minime, anche se in aree poco ventilate come miniere e abitazioni \u00e8 capace di accumularsi in grandi quantit\u00e0, aumentando il rischio di soffrire di cancro ai polmoni. Inoltre, \u00e8 costituito da funzionalit\u00e0 ... Per saperne di pi\u00f9\" \/>\n<meta property=\"og:url\" content=\"https:\/\/chemuza.org\/it\/radon\/\" \/>\n<meta property=\"og:site_name\" content=\"Chemuza\" \/>\n<meta name=\"twitter:card\" content=\"summary_large_image\" \/>\n<meta name=\"twitter:label1\" content=\"Tempo di lettura stimato\" \/>\n\t<meta name=\"twitter:data1\" content=\"3 minuti\" \/>\n<script type=\"application\/ld+json\" class=\"yoast-schema-graph\">{\"@context\":\"https:\/\/schema.org\",\"@graph\":[{\"@type\":\"WebPage\",\"@id\":\"https:\/\/chemuza.org\/it\/radon\/\",\"url\":\"https:\/\/chemuza.org\/it\/radon\/\",\"name\":\"Radon-Chemuza\",\"isPartOf\":{\"@id\":\"https:\/\/chemuza.org\/it\/#website\"},\"datePublished\":\"2023-07-13T20:51:31+00:00\",\"dateModified\":\"2023-07-13T20:51:31+00:00\",\"breadcrumb\":{\"@id\":\"https:\/\/chemuza.org\/it\/radon\/#breadcrumb\"},\"inLanguage\":\"it-IT\",\"potentialAction\":[{\"@type\":\"ReadAction\",\"target\":[\"https:\/\/chemuza.org\/it\/radon\/\"]}]},{\"@type\":\"BreadcrumbList\",\"@id\":\"https:\/\/chemuza.org\/it\/radon\/#breadcrumb\",\"itemListElement\":[{\"@type\":\"ListItem\",\"position\":1,\"name\":\"Casa\",\"item\":\"https:\/\/chemuza.org\/it\/\"},{\"@type\":\"ListItem\",\"position\":2,\"name\":\"Radon\"}]},{\"@type\":\"WebSite\",\"@id\":\"https:\/\/chemuza.org\/it\/#website\",\"url\":\"https:\/\/chemuza.org\/it\/\",\"name\":\"Chemuza\",\"description\":\"La tua porta d&#039;accesso alla scoperta chimica!\",\"publisher\":{\"@id\":\"https:\/\/chemuza.org\/it\/#organization\"},\"potentialAction\":[{\"@type\":\"SearchAction\",\"target\":{\"@type\":\"EntryPoint\",\"urlTemplate\":\"https:\/\/chemuza.org\/it\/?s={search_term_string}\"},\"query-input\":\"required name=search_term_string\"}],\"inLanguage\":\"it-IT\"},{\"@type\":\"Organization\",\"@id\":\"https:\/\/chemuza.org\/it\/#organization\",\"name\":\"Chemuza\",\"url\":\"https:\/\/chemuza.org\/it\/\",\"logo\":{\"@type\":\"ImageObject\",\"inLanguage\":\"it-IT\",\"@id\":\"https:\/\/chemuza.org\/it\/#\/schema\/logo\/image\/\",\"url\":\"https:\/\/chemuza.org\/it\/wp-content\/uploads\/2023\/10\/chemuza-logo.png\",\"contentUrl\":\"https:\/\/chemuza.org\/it\/wp-content\/uploads\/2023\/10\/chemuza-logo.png\",\"width\":387,\"height\":70,\"caption\":\"Chemuza\"},\"image\":{\"@id\":\"https:\/\/chemuza.org\/it\/#\/schema\/logo\/image\/\"}}]}<\/script>\n<!-- \/ Yoast SEO plugin. -->","yoast_head_json":{"title":"Radon-Chemuza","robots":{"index":"index","follow":"follow","max-snippet":"max-snippet:-1","max-image-preview":"max-image-preview:large","max-video-preview":"max-video-preview:-1"},"canonical":"https:\/\/chemuza.org\/it\/radon\/","og_locale":"it_IT","og_type":"article","og_title":"Radon-Chemuza","og_description":"Il radon \u00e8 un gas naturale derivante dalla decomposizione radioattiva dell&#8217;uranio presente nell&#8217;acqua, nel suolo e nelle rocce. All&#8217;aperto \u00e8 presente in concentrazioni minime, anche se in aree poco ventilate come miniere e abitazioni \u00e8 capace di accumularsi in grandi quantit\u00e0, aumentando il rischio di soffrire di cancro ai polmoni. Inoltre, \u00e8 costituito da funzionalit\u00e0 ... Per saperne di pi\u00f9","og_url":"https:\/\/chemuza.org\/it\/radon\/","og_site_name":"Chemuza","twitter_card":"summary_large_image","twitter_misc":{"Tempo di lettura stimato":"3 minuti"},"schema":{"@context":"https:\/\/schema.org","@graph":[{"@type":"WebPage","@id":"https:\/\/chemuza.org\/it\/radon\/","url":"https:\/\/chemuza.org\/it\/radon\/","name":"Radon-Chemuza","isPartOf":{"@id":"https:\/\/chemuza.org\/it\/#website"},"datePublished":"2023-07-13T20:51:31+00:00","dateModified":"2023-07-13T20:51:31+00:00","breadcrumb":{"@id":"https:\/\/chemuza.org\/it\/radon\/#breadcrumb"},"inLanguage":"it-IT","potentialAction":[{"@type":"ReadAction","target":["https:\/\/chemuza.org\/it\/radon\/"]}]},{"@type":"BreadcrumbList","@id":"https:\/\/chemuza.org\/it\/radon\/#breadcrumb","itemListElement":[{"@type":"ListItem","position":1,"name":"Casa","item":"https:\/\/chemuza.org\/it\/"},{"@type":"ListItem","position":2,"name":"Radon"}]},{"@type":"WebSite","@id":"https:\/\/chemuza.org\/it\/#website","url":"https:\/\/chemuza.org\/it\/","name":"Chemuza","description":"La tua porta d&#039;accesso alla scoperta chimica!","publisher":{"@id":"https:\/\/chemuza.org\/it\/#organization"},"potentialAction":[{"@type":"SearchAction","target":{"@type":"EntryPoint","urlTemplate":"https:\/\/chemuza.org\/it\/?s={search_term_string}"},"query-input":"required name=search_term_string"}],"inLanguage":"it-IT"},{"@type":"Organization","@id":"https:\/\/chemuza.org\/it\/#organization","name":"Chemuza","url":"https:\/\/chemuza.org\/it\/","logo":{"@type":"ImageObject","inLanguage":"it-IT","@id":"https:\/\/chemuza.org\/it\/#\/schema\/logo\/image\/","url":"https:\/\/chemuza.org\/it\/wp-content\/uploads\/2023\/10\/chemuza-logo.png","contentUrl":"https:\/\/chemuza.org\/it\/wp-content\/uploads\/2023\/10\/chemuza-logo.png","width":387,"height":70,"caption":"Chemuza"},"image":{"@id":"https:\/\/chemuza.org\/it\/#\/schema\/logo\/image\/"}}]}},"yoast_meta":{"yoast_wpseo_title":"","yoast_wpseo_metadesc":"","yoast_wpseo_canonical":""},"_links":{"self":[{"href":"https:\/\/chemuza.org\/it\/wp-json\/wp\/v2\/pages\/1515"}],"collection":[{"href":"https:\/\/chemuza.org\/it\/wp-json\/wp\/v2\/pages"}],"about":[{"href":"https:\/\/chemuza.org\/it\/wp-json\/wp\/v2\/types\/page"}],"author":[{"embeddable":true,"href":"https:\/\/chemuza.org\/it\/wp-json\/wp\/v2\/users\/1"}],"replies":[{"embeddable":true,"href":"https:\/\/chemuza.org\/it\/wp-json\/wp\/v2\/comments?post=1515"}],"version-history":[{"count":0,"href":"https:\/\/chemuza.org\/it\/wp-json\/wp\/v2\/pages\/1515\/revisions"}],"wp:attachment":[{"href":"https:\/\/chemuza.org\/it\/wp-json\/wp\/v2\/media?parent=1515"}],"curies":[{"name":"wp","href":"https:\/\/api.w.org\/{rel}","templated":true}]}}