{"id":1512,"date":"2023-07-13T22:08:32","date_gmt":"2023-07-13T22:08:32","guid":{"rendered":"https:\/\/chemuza.org\/it\/bismuto\/"},"modified":"2023-07-13T22:08:32","modified_gmt":"2023-07-13T22:08:32","slug":"bismuto","status":"publish","type":"page","link":"https:\/\/chemuza.org\/it\/bismuto\/","title":{"rendered":"Bismuto"},"content":{"rendered":"<p>\u00c8 considerato uno degli elementi chimici meno tossici, motivo per cui le propriet\u00e0 del bismuto vengono utilizzate per molteplici applicazioni commerciali. Allo stesso modo si trova in natura allo stato metallico puro e anche tra le formazioni minerali. Guarda l&#8217;origine, le caratteristiche, gli usi comuni e le propriet\u00e0.<\/p>\n<h2> <strong>Cos&#8217;\u00e8 il bismuto?<\/strong><\/h2>\n<p> L&#8217;elemento chimico Bismuto \u00e8 un metallo post-transitorio che fa parte del gruppo 15 della tavola periodica, gli azoti. Ha una densit\u00e0 simile a quella del Piombo, bassa radioattivit\u00e0 e scarsa conduzione termica. Inoltre, ha un aspetto pesante, monoatomico, lucido, fragile e cristallino. Inoltre, ha un&#8217;eccellente resistenza elettrica quando si trova in un campo magnetico, noto come effetto Hall.<\/p>\n<h3> <strong>Simbolo del bismuto<\/strong><\/h3>\n<p> <span class=\"content-chemical-element\" style=\"float: left;width: 65px;height: 65px;border: 3px solid #666; display:flex;\n    justify-content: center;align-items: center;margin-right: 15px;\"><span style=\"font-size: 38px;\">Bi<\/span><\/span> Il simbolo del Bismuto \u00e8 un&#8217;abbreviazione del suo nome la cui etimologia \u00e8 incerta. Si ritiene derivi dal latino <em>Bismutum<\/em> e derivi da <em>Bisemutum<\/em> , parola latinizzata da Georgius Agr\u00edcola. A sua volta deriva dalla parola tedesca <em>Wismut<\/em> , che deriva da <em>Wissemat<\/em> . A quanto pare, in riferimento al colore dell&#8217;elemento, tutte queste espressioni si riferiscono alla <em>sostanza bianca<\/em> .<\/p>\n<h2> <strong>Caratteristiche del bismuto<\/strong><\/h2>\n<p> Il bismuto ha un&#8217;emivita stimata di 20 trilioni di anni, bassa malleabilit\u00e0 e duttilit\u00e0. Inoltre, sebbene sia circondato da metalli pericolosi e tossici, non \u00e8 n\u00e9 aggressivo n\u00e9 molto tossico. A livello atomico \u00e8 composto da 126 neutroni, 83 protoni e 83 elettroni. Allo stesso modo, una volta solidificato, subisce un&#8217;espansione. Scopri le altre caratteristiche del bismuto:<\/p>\n<ul>\n<li> <strong>Reattivit\u00e0 chimica<\/strong> : Forma uno strato di ossido quando ossidato a temperature estreme, reagisce a zolfo, tellurio, selenio, alogeni e resiste all&#8217;attacco acido.<\/li>\n<li> <strong>Conduttivit\u00e0 termica ed elettrica<\/strong> : \u00e8 uno dei peggiori conduttori di calore ed elettricit\u00e0 tra tutti i metalli.<\/li>\n<li> <strong>Colore<\/strong> : rosso o bianco grigiastro con toni rosa tenui.<\/li>\n<li> <strong>Stato<\/strong> : La sua forma ordinaria di aggregazione \u00e8 solida.<\/li>\n<li> <strong>Densit\u00e0<\/strong> : contiene l&#8217;86% della densit\u00e0 del piombo, anche se allo stato solido pu\u00f2 galleggiare su un liquido.<\/li>\n<li> <strong>Evoluzioni<\/strong> : Quando i suoi cristalli gemelli o identici vengono ossidati, dona toni rosa.<\/li>\n<li> <strong>Ordine magnetico<\/strong> : elemento diamagnetico o che ha difficolt\u00e0 a magnetizzarsi.<\/li>\n<li> <strong>Durezza<\/strong> : ha una durezza minerale pari a 2,5 sulla scala Mohs.<\/li>\n<li> <strong>Struttura del cristallo<\/strong> : Ha una geometria romboedrica.<\/li>\n<li> <strong>Stati di ossidazione<\/strong> : la maggior parte dei suoi composti risultano essere trivalenti, ma a volte possono essere monovalenti o pentavalenti.<\/li>\n<\/ul>\n<h2> <strong>Propriet\u00e0 chimiche e fisiche del bismuto<\/strong><\/h2>\n<ol>\n<li> <strong>Numero atomico<\/strong> : 83<\/li>\n<li> <strong>Ossido<\/strong> : leggermente acido<\/li>\n<li> <strong>Densit\u00e0 (g\/ml)<\/strong> : 9,780<\/li>\n<li> <strong>Raggio covalente (\u00c5)<\/strong> : 146 pm<\/li>\n<li> <strong>Calore specifico<\/strong> : 122 J\/(K-kg)<\/li>\n<li> <strong>Entalpia di fusione<\/strong> : 11,3 kJ\/mol<\/li>\n<li> <strong>Punto di fusione<\/strong> : 271\u00b0C (544,4K)<\/li>\n<li> <strong>Stati di ossidazione<\/strong> : -3, -2, -1, +1, +2, +3, +4, +5<\/li>\n<li> <strong>Potenziale di prima ionizzazione (eV)<\/strong> : 703 kJ\/mol<\/li>\n<li> <strong>Raggio atomico (\u00c5)<\/strong> : 143 pm (raggio di Bohr)<\/li>\n<li> <strong>Punto di ebollizione<\/strong> : 1564\u00b0C (1837K)<\/li>\n<li> <strong>Massa atomica (g\/mol)<\/strong> : 208.980 u<\/li>\n<li> <strong>Velocit\u00e0 del suono<\/strong> : 1790 m\/s a 293,15 K<\/li>\n<li> <strong>Configurazione elettronica<\/strong> : [Xe]4f <sup>14<\/sup> 5d <sup>10<\/sup> 6s <sup>2<\/sup> 6p <sup>3<\/sup><\/li>\n<li> <strong>Elettroni per livello<\/strong> : 2, 8, 18, 32, 18, 5<\/li>\n<li> <strong>Entalpia di vaporizzazione<\/strong> : 104,8 kJ\/mol<\/li>\n<li> <strong>Elettronegativit\u00e0<\/strong> : 2,02 (scala Pauling)<\/li>\n<\/ol>\n<h2> <strong>Origine del bismuto<\/strong><\/h2>\n<p> L&#8217;elemento bismuto \u00e8 conosciuto fin dall&#8217;antichit\u00e0, motivo per cui la sua scoperta non \u00e8 attribuita a nessun chimico in particolare. In effetti, \u00e8 stato uno dei primi dieci metalli scoperti. D&#8217;altra parte, la sua lega con il bronzo per fabbricare coltelli era rinomata tra gli Inca.<\/p>\n<p> Nell&#8217;era dell&#8217;alchimia, i minatori gli diedero il nome <em>tectum argenti<\/em> , che significa <em>lavorazione dell&#8217;argento<\/em> . Inoltre, all&#8217;inizio veniva confuso con piombo, zinco e stagno. Tuttavia, i chimici lavorano dal 1546 per dimostrarne la differenza rispetto agli altri elementi. Pi\u00f9 tardi, sar\u00e0 il francese Claude Fran\u00e7ois Geoffroy a farsi carico di esprimere queste differenze.<\/p>\n<h2> <strong>A cosa serve il bismuto?<\/strong><\/h2>\n<p> Nell&#8217;industria farmaceutica vengono prodotti farmaci per il trattamento di malattie gastrointestinali, infezioni oculari e batteriche, flatulenza, diarrea, sifilide e altri problemi di salute. Ulteriori informazioni sulle sue utilit\u00e0 sono:<\/p>\n<ul>\n<li> Nel settore industriale viene utilizzato per produrre pigmenti per prodotti cosmetici come ombretti, smalti e lacche per capelli.<\/li>\n<li> Viene utilizzato in metallurgia per generare leghe a basso punto di fusione come sistemi di soppressione di sicurezza e rilevatori di incendio.<\/li>\n<li> Sostituisce il piombo nella produzione di zavorre, proiettili balistici, piombi da pesca, tra gli altri.<\/li>\n<li> Viene utilizzato nei veicoli che utilizzano sistemi di termocoppie per trasportare il combustibile dei reattori nucleari.<\/li>\n<li> Serve come rivestimento per gli scudi in lattice, utilizzati per proteggere dai raggi X durante i test di analisi mediche.<\/li>\n<\/ul>\n<h2> <strong>Ottenere il bismuto<\/strong><\/h2>\n<p> \u00c8 uno dei pochi elementi chimici presenti nella sua forma pura in natura, anche se solitamente \u00e8 pi\u00f9 facile da estrarre come sottoprodotto di altri minerali. Ad esempio, in Cina si ottiene dal tungsteno, dal piombo o dall&#8217;oro. Inoltre, l\u2019unica miniera primaria al mondo si trova in Bolivia.<\/p>\n<p> In sintesi il Bismuto \u00e8 un elemento metallico post-transitorio, pesante, lucido, fragile, diamagnetico, cattivo conduttore di calore, molto atossico e non aggressivo. Inoltre subisce espansioni durante i processi di solidificazione, ha scarsa duttilit\u00e0 e malleabilit\u00e0. D&#8217;altra parte, viene utilizzato nell&#8217;industria farmaceutica, metallurgica e cosmetica.<\/p>\n","protected":false},"excerpt":{"rendered":"<p>\u00c8 considerato uno degli elementi chimici meno tossici, motivo per cui le propriet\u00e0 del bismuto vengono utilizzate per molteplici applicazioni commerciali. Allo stesso modo si trova in natura allo stato metallico puro e anche tra le formazioni minerali. Guarda l&#8217;origine, le caratteristiche, gli usi comuni e le propriet\u00e0. Cos&#8217;\u00e8 il bismuto? L&#8217;elemento chimico Bismuto \u00e8 &#8230; <a title=\"Bismuto\" class=\"read-more\" href=\"https:\/\/chemuza.org\/it\/bismuto\/\" aria-label=\"More on Bismuto\">Per saperne di pi\u00f9<\/a><\/p>\n","protected":false},"author":1,"featured_media":0,"parent":0,"menu_order":0,"comment_status":"closed","ping_status":"closed","template":"","meta":{"footnotes":""},"yoast_head":"<!-- This site is optimized with the Yoast SEO plugin v21.4 - https:\/\/yoast.com\/wordpress\/plugins\/seo\/ -->\n<title>Bismuto - Chemuza<\/title>\n<meta name=\"robots\" content=\"index, follow, max-snippet:-1, max-image-preview:large, max-video-preview:-1\" \/>\n<link rel=\"canonical\" href=\"https:\/\/chemuza.org\/it\/bismuto\/\" \/>\n<meta property=\"og:locale\" content=\"it_IT\" \/>\n<meta property=\"og:type\" content=\"article\" \/>\n<meta property=\"og:title\" content=\"Bismuto - Chemuza\" \/>\n<meta property=\"og:description\" content=\"\u00c8 considerato uno degli elementi chimici meno tossici, motivo per cui le propriet\u00e0 del bismuto vengono utilizzate per molteplici applicazioni commerciali. Allo stesso modo si trova in natura allo stato metallico puro e anche tra le formazioni minerali. Guarda l&#8217;origine, le caratteristiche, gli usi comuni e le propriet\u00e0. Cos&#8217;\u00e8 il bismuto? L&#8217;elemento chimico Bismuto \u00e8 ... Per saperne di pi\u00f9\" \/>\n<meta property=\"og:url\" content=\"https:\/\/chemuza.org\/it\/bismuto\/\" \/>\n<meta property=\"og:site_name\" content=\"Chemuza\" \/>\n<meta name=\"twitter:card\" content=\"summary_large_image\" \/>\n<meta name=\"twitter:label1\" content=\"Tempo di lettura stimato\" \/>\n\t<meta name=\"twitter:data1\" content=\"4 minuti\" \/>\n<script type=\"application\/ld+json\" class=\"yoast-schema-graph\">{\"@context\":\"https:\/\/schema.org\",\"@graph\":[{\"@type\":\"WebPage\",\"@id\":\"https:\/\/chemuza.org\/it\/bismuto\/\",\"url\":\"https:\/\/chemuza.org\/it\/bismuto\/\",\"name\":\"Bismuto - Chemuza\",\"isPartOf\":{\"@id\":\"https:\/\/chemuza.org\/it\/#website\"},\"datePublished\":\"2023-07-13T22:08:32+00:00\",\"dateModified\":\"2023-07-13T22:08:32+00:00\",\"breadcrumb\":{\"@id\":\"https:\/\/chemuza.org\/it\/bismuto\/#breadcrumb\"},\"inLanguage\":\"it-IT\",\"potentialAction\":[{\"@type\":\"ReadAction\",\"target\":[\"https:\/\/chemuza.org\/it\/bismuto\/\"]}]},{\"@type\":\"BreadcrumbList\",\"@id\":\"https:\/\/chemuza.org\/it\/bismuto\/#breadcrumb\",\"itemListElement\":[{\"@type\":\"ListItem\",\"position\":1,\"name\":\"Casa\",\"item\":\"https:\/\/chemuza.org\/it\/\"},{\"@type\":\"ListItem\",\"position\":2,\"name\":\"Bismuto\"}]},{\"@type\":\"WebSite\",\"@id\":\"https:\/\/chemuza.org\/it\/#website\",\"url\":\"https:\/\/chemuza.org\/it\/\",\"name\":\"Chemuza\",\"description\":\"La tua porta d&#039;accesso alla scoperta chimica!\",\"publisher\":{\"@id\":\"https:\/\/chemuza.org\/it\/#organization\"},\"potentialAction\":[{\"@type\":\"SearchAction\",\"target\":{\"@type\":\"EntryPoint\",\"urlTemplate\":\"https:\/\/chemuza.org\/it\/?s={search_term_string}\"},\"query-input\":\"required name=search_term_string\"}],\"inLanguage\":\"it-IT\"},{\"@type\":\"Organization\",\"@id\":\"https:\/\/chemuza.org\/it\/#organization\",\"name\":\"Chemuza\",\"url\":\"https:\/\/chemuza.org\/it\/\",\"logo\":{\"@type\":\"ImageObject\",\"inLanguage\":\"it-IT\",\"@id\":\"https:\/\/chemuza.org\/it\/#\/schema\/logo\/image\/\",\"url\":\"https:\/\/chemuza.org\/it\/wp-content\/uploads\/2023\/10\/chemuza-logo.png\",\"contentUrl\":\"https:\/\/chemuza.org\/it\/wp-content\/uploads\/2023\/10\/chemuza-logo.png\",\"width\":387,\"height\":70,\"caption\":\"Chemuza\"},\"image\":{\"@id\":\"https:\/\/chemuza.org\/it\/#\/schema\/logo\/image\/\"}}]}<\/script>\n<!-- \/ Yoast SEO plugin. -->","yoast_head_json":{"title":"Bismuto - Chemuza","robots":{"index":"index","follow":"follow","max-snippet":"max-snippet:-1","max-image-preview":"max-image-preview:large","max-video-preview":"max-video-preview:-1"},"canonical":"https:\/\/chemuza.org\/it\/bismuto\/","og_locale":"it_IT","og_type":"article","og_title":"Bismuto - Chemuza","og_description":"\u00c8 considerato uno degli elementi chimici meno tossici, motivo per cui le propriet\u00e0 del bismuto vengono utilizzate per molteplici applicazioni commerciali. Allo stesso modo si trova in natura allo stato metallico puro e anche tra le formazioni minerali. Guarda l&#8217;origine, le caratteristiche, gli usi comuni e le propriet\u00e0. Cos&#8217;\u00e8 il bismuto? L&#8217;elemento chimico Bismuto \u00e8 ... Per saperne di pi\u00f9","og_url":"https:\/\/chemuza.org\/it\/bismuto\/","og_site_name":"Chemuza","twitter_card":"summary_large_image","twitter_misc":{"Tempo di lettura stimato":"4 minuti"},"schema":{"@context":"https:\/\/schema.org","@graph":[{"@type":"WebPage","@id":"https:\/\/chemuza.org\/it\/bismuto\/","url":"https:\/\/chemuza.org\/it\/bismuto\/","name":"Bismuto - Chemuza","isPartOf":{"@id":"https:\/\/chemuza.org\/it\/#website"},"datePublished":"2023-07-13T22:08:32+00:00","dateModified":"2023-07-13T22:08:32+00:00","breadcrumb":{"@id":"https:\/\/chemuza.org\/it\/bismuto\/#breadcrumb"},"inLanguage":"it-IT","potentialAction":[{"@type":"ReadAction","target":["https:\/\/chemuza.org\/it\/bismuto\/"]}]},{"@type":"BreadcrumbList","@id":"https:\/\/chemuza.org\/it\/bismuto\/#breadcrumb","itemListElement":[{"@type":"ListItem","position":1,"name":"Casa","item":"https:\/\/chemuza.org\/it\/"},{"@type":"ListItem","position":2,"name":"Bismuto"}]},{"@type":"WebSite","@id":"https:\/\/chemuza.org\/it\/#website","url":"https:\/\/chemuza.org\/it\/","name":"Chemuza","description":"La tua porta d&#039;accesso alla scoperta chimica!","publisher":{"@id":"https:\/\/chemuza.org\/it\/#organization"},"potentialAction":[{"@type":"SearchAction","target":{"@type":"EntryPoint","urlTemplate":"https:\/\/chemuza.org\/it\/?s={search_term_string}"},"query-input":"required name=search_term_string"}],"inLanguage":"it-IT"},{"@type":"Organization","@id":"https:\/\/chemuza.org\/it\/#organization","name":"Chemuza","url":"https:\/\/chemuza.org\/it\/","logo":{"@type":"ImageObject","inLanguage":"it-IT","@id":"https:\/\/chemuza.org\/it\/#\/schema\/logo\/image\/","url":"https:\/\/chemuza.org\/it\/wp-content\/uploads\/2023\/10\/chemuza-logo.png","contentUrl":"https:\/\/chemuza.org\/it\/wp-content\/uploads\/2023\/10\/chemuza-logo.png","width":387,"height":70,"caption":"Chemuza"},"image":{"@id":"https:\/\/chemuza.org\/it\/#\/schema\/logo\/image\/"}}]}},"yoast_meta":{"yoast_wpseo_title":"","yoast_wpseo_metadesc":"","yoast_wpseo_canonical":""},"_links":{"self":[{"href":"https:\/\/chemuza.org\/it\/wp-json\/wp\/v2\/pages\/1512"}],"collection":[{"href":"https:\/\/chemuza.org\/it\/wp-json\/wp\/v2\/pages"}],"about":[{"href":"https:\/\/chemuza.org\/it\/wp-json\/wp\/v2\/types\/page"}],"author":[{"embeddable":true,"href":"https:\/\/chemuza.org\/it\/wp-json\/wp\/v2\/users\/1"}],"replies":[{"embeddable":true,"href":"https:\/\/chemuza.org\/it\/wp-json\/wp\/v2\/comments?post=1512"}],"version-history":[{"count":0,"href":"https:\/\/chemuza.org\/it\/wp-json\/wp\/v2\/pages\/1512\/revisions"}],"wp:attachment":[{"href":"https:\/\/chemuza.org\/it\/wp-json\/wp\/v2\/media?parent=1512"}],"curies":[{"name":"wp","href":"https:\/\/api.w.org\/{rel}","templated":true}]}}