{"id":1511,"date":"2023-07-13T22:34:45","date_gmt":"2023-07-13T22:34:45","guid":{"rendered":"https:\/\/chemuza.org\/it\/oro\/"},"modified":"2023-07-13T22:34:45","modified_gmt":"2023-07-13T22:34:45","slug":"oro","status":"publish","type":"page","link":"https:\/\/chemuza.org\/it\/oro\/","title":{"rendered":"Oro"},"content":{"rendered":"<p>\u00c8 un metallo prezioso conosciuto in tutto il mondo fin dall&#8217;antichit\u00e0. In condizioni normali si trova nel sottosuolo sotto forma di piccoli accumuli o pepite d&#8217;oro, sia allo stato puro che anche insieme ad altri minerali. Per le sue propriet\u00e0 fisiche e chimiche, viene utilizzato nell&#8217;industria, nella medicina e nella gioielleria. Scopri tutto su questo metallo prezioso qui.<\/p>\n<h2> <strong>Cos&#8217;\u00e8 l&#8217;oro?<\/strong><\/h2>\n<p> \u00c8 classificato tra i metalli di transizione della tavola periodica. Il suo colore caratteristico \u00e8 il giallo brillante, ma pu\u00f2 apparire viola, nero o rubino in divisioni fini. Di tutti i metalli, \u00e8 il pi\u00f9 morbido e malleabile. Inoltre, \u00e8 spesso associato ad altri minerali come il quarzo e la pirite che contengono anche argento ed \u00e8 combinato con il tellurio in minerali come silvanite, kalgoorlite e calaverite.<\/p>\n<h3> <strong>Simbolo dell&#8217;oro<\/strong><\/h3>\n<p> <span class=\"content-chemical-element\" style=\"float: left;width: 65px;height: 65px;border: 3px solid #666; display:flex;\n    justify-content: center;align-items: center;margin-right: 15px;\"><span style=\"font-size: 38px;\">Au<\/span><\/span> Si trova nel gruppo 11 della tavola periodica con numero atomico 79 e massa 196,96. Contiene un solo isotopo stabile, <sup>197<\/sup> Au, e 36 radioisotopi, il pi\u00f9 stabile dei quali \u00e8 <sup>195<\/sup> Au, che ha un periodo di decadimento di circa 186 giorni. Il meno stabile \u00e8 <sup>171<\/sup> Au, che decade per emissione di protoni.<\/p>\n<h3> <strong>Caratteristiche dell&#8217;oro<\/strong><\/h3>\n<p> Essendo malleabile ha la capacit\u00e0 di trasformarsi in barre, lamiere e fili. Non teme il caldo e l&#8217;umidit\u00e0, non brucia con l&#8217;aria e non perde la sua brillantezza. Inoltre, \u00e8 un buon conduttore di elettricit\u00e0 e calore. Altre caratteristiche dell&#8217;oro sono:<\/p>\n<ul>\n<li> <strong>Solubilit\u00e0<\/strong> : \u00c8 solubile in acido nitroclorico e acqua regia <strong>.<\/strong><\/li>\n<li> <strong>Stato:<\/strong> ordinario<\/li>\n<li> <strong>Reattivit\u00e0:<\/strong> La sua reattivit\u00e0 chimica \u00e8 bassa.<\/li>\n<li> <strong>Struttura cristallina<\/strong> : cubica isometrica.<\/li>\n<li> <strong>Lucentezza:<\/strong> metallica.<\/li>\n<li> <strong>Consistenza:<\/strong> Solida e di forma irregolare.<\/li>\n<li> <strong>Punto di ebollizione:<\/strong> volatile al di sotto del punto di ebollizione.<\/li>\n<\/ul>\n<h2> <strong>Propriet\u00e0 chimiche e fisiche dell&#8217;oro<\/strong><\/h2>\n<ol>\n<li> <strong>Numero atomico<\/strong> : 79<\/li>\n<li> <strong>Periodo:<\/strong> 6<\/li>\n<li> <strong>Blocco:<\/strong> d<\/li>\n<li> <strong>Raggio covalente:<\/strong> 144<\/li>\n<li> <strong>Raggio atomico:<\/strong> 174<\/li>\n<li> <strong>Densit\u00e0:<\/strong> 19300 kg\/m\u00b3<\/li>\n<li> <strong>Calore specifico:<\/strong> 128 J<\/li>\n<li> <strong>Punto di fusione:<\/strong> 1337,33K<\/li>\n<li> <strong>Configurazione elettronica:<\/strong> [Xe] 4f <sup>14<\/sup> 5d <sup>10<\/sup> 6s <sup>1<\/sup><\/li>\n<li> <strong>Entalpia di vaporizzazione:<\/strong> 334,4 kJ\/mol<\/li>\n<li> <strong>Entalpia di fusione:<\/strong> 12,55 Kj\/mol<\/li>\n<li> <strong>Velocit\u00e0 del suono:<\/strong> 1740 m\/s a 293,15 K<\/li>\n<li> <strong>Pressione di vapore:<\/strong> 0,000237 Pa a 1337 K<\/li>\n<li> <strong>Conduttivit\u00e0 elettrica:<\/strong> 4,5 x 10 <sup>7<\/sup> S\/m<\/li>\n<li> <strong>Conduttivit\u00e0 termica:<\/strong> 317 W<\/li>\n<li> <strong>Punto di ebollizione:<\/strong> 3129 K<\/li>\n<\/ol>\n<h2> <strong>Origine dell&#8217;oro<\/strong><\/h2>\n<p> Gi\u00e0 in epoca egiziana il faraone Dyer aveva nel titolo un geroglifico che si riferiva al metallo e nell&#8217;Antico Testamento l&#8217;oro \u00e8 menzionato pi\u00f9 volte. Nel 1848, l&#8217;americano James Wilson Marshall fu il primo a trovare questa pietra preziosa in un fiume della California, dando origine a quella che \u00e8 conosciuta come la corsa all&#8217;oro.<\/p>\n<h2> <strong>A cosa serve l&#8217;oro?<\/strong><\/h2>\n<p> Grazie alla sua elevata malleabilit\u00e0, pu\u00f2 essere trasformato in fogli sottili chiamati foglia d&#8217;oro. Vengono utilizzati per rivestire modanature, mobili, cornici e parti di antiche chiese. Sono utili anche per rivestire satelliti, trofei e medaglie d&#8217;oro. Scopri altre applicazioni di questo metallo prezioso nei seguenti ambiti:<\/p>\n<h3> <strong>Medicinale<\/strong><strong><\/strong><\/h3>\n<p> Ha vari usi terapeutici, tra cui i tiolati d&#8217;oro che vengono usati come antinfiammatori per trattare l&#8217;artrite reumatoide. Come l&#8217;argento, questo metallo \u00e8 capace, insieme al mercurio, di formare potenti amalgami utilizzati in odontoiatria e protesi. Inoltre, \u00e8 utile nei trattamenti contro il cancro e l&#8217;isotopo <sup>198<\/sup> Au viene aggiunto ad alcune creme per la cura della pelle e per il viso.<\/p>\n<h3> <strong>Gioielliere<\/strong><\/h3>\n<p> Uno dei suoi utilizzi pi\u00f9 diffusi \u00e8 nell&#8217;oreficeria dove vengono realizzati pezzi come anelli, collane, bracciali, anelli e orologi di alta gamma. Di questo metallo si conoscono sette tipi di leghe, di cui il 75% \u00e8 oro e il resto sono altri metalli. Il risultato \u00e8 la durabilit\u00e0 dei pezzi e l&#8217;ampia variet\u00e0 di possibili forme, dimensioni e colori che vanno dal giallo, bianco, rosa, rosso, verde, grigio e blu.<\/p>\n<h3> <strong>Finanza<\/strong><\/h3>\n<p> Oggi il valore dell&#8217;oro \u00e8 molto elevato e viene utilizzato come strumento di transazione poich\u00e9 non si svaluta, motivo per cui il risparmio in oro \u00e8 diventato comune tra i grandi, medi e piccoli investitori. Per proteggere il valore della moneta dall\u2019inflazione, il gold standard veniva utilizzato come garanzia della moneta. Questo \u00e8 il motivo per cui questo metallo viene utilizzato nella fabbricazione di monete d&#8217;oro.<strong> <\/strong>e lingotti d\u2019oro utilizzati per garantire le riserve nazionali nelle banche centrali di centinaia di paesi.<\/p>\n<h3> <strong>Industrie<\/strong><\/h3>\n<p> L&#8217;oro colloidale \u00e8 una soluzione colorata utilizzata come vernice dorata su ceramica. Inoltre, viene utilizzato per realizzare flauti perch\u00e9 si riscalda pi\u00f9 velocemente di altri materiali. Allo stesso modo, sostituisce il rame nei cavi elettrici grazie alla sua eccellente conduttivit\u00e0 elettrica. Alla NASA viene utilizzato nei veicoli spaziali e come lubrificante nelle parti meccaniche.<\/p>\n<p> In conclusione, l&#8217;oro \u00e8 un metallo prezioso utilizzato in tutto il mondo per la sua durabilit\u00e0, bellezza e versatilit\u00e0. Il suo bel colore dorato brillante e la sua propriet\u00e0 di essere malleabile ne permettono l&#8217;utilizzo nell&#8217;industria, come riserva della moneta comune e nel settore della gioielleria ad alto valore commerciale.<\/p>\n","protected":false},"excerpt":{"rendered":"<p>\u00c8 un metallo prezioso conosciuto in tutto il mondo fin dall&#8217;antichit\u00e0. In condizioni normali si trova nel sottosuolo sotto forma di piccoli accumuli o pepite d&#8217;oro, sia allo stato puro che anche insieme ad altri minerali. Per le sue propriet\u00e0 fisiche e chimiche, viene utilizzato nell&#8217;industria, nella medicina e nella gioielleria. Scopri tutto su questo &#8230; <a title=\"Oro\" class=\"read-more\" href=\"https:\/\/chemuza.org\/it\/oro\/\" aria-label=\"More on Oro\">Per saperne di pi\u00f9<\/a><\/p>\n","protected":false},"author":1,"featured_media":0,"parent":0,"menu_order":0,"comment_status":"closed","ping_status":"closed","template":"","meta":{"footnotes":""},"yoast_head":"<!-- This site is optimized with the Yoast SEO plugin v21.4 - https:\/\/yoast.com\/wordpress\/plugins\/seo\/ -->\n<title>Oro - Chemuza<\/title>\n<meta name=\"robots\" content=\"index, follow, max-snippet:-1, max-image-preview:large, max-video-preview:-1\" \/>\n<link rel=\"canonical\" href=\"https:\/\/chemuza.org\/it\/oro\/\" \/>\n<meta property=\"og:locale\" content=\"it_IT\" \/>\n<meta property=\"og:type\" content=\"article\" \/>\n<meta property=\"og:title\" content=\"Oro - Chemuza\" \/>\n<meta property=\"og:description\" content=\"\u00c8 un metallo prezioso conosciuto in tutto il mondo fin dall&#8217;antichit\u00e0. In condizioni normali si trova nel sottosuolo sotto forma di piccoli accumuli o pepite d&#8217;oro, sia allo stato puro che anche insieme ad altri minerali. Per le sue propriet\u00e0 fisiche e chimiche, viene utilizzato nell&#8217;industria, nella medicina e nella gioielleria. Scopri tutto su questo ... Per saperne di pi\u00f9\" \/>\n<meta property=\"og:url\" content=\"https:\/\/chemuza.org\/it\/oro\/\" \/>\n<meta property=\"og:site_name\" content=\"Chemuza\" \/>\n<meta name=\"twitter:card\" content=\"summary_large_image\" \/>\n<meta name=\"twitter:label1\" content=\"Tempo di lettura stimato\" \/>\n\t<meta name=\"twitter:data1\" content=\"4 minuti\" \/>\n<script type=\"application\/ld+json\" class=\"yoast-schema-graph\">{\"@context\":\"https:\/\/schema.org\",\"@graph\":[{\"@type\":\"WebPage\",\"@id\":\"https:\/\/chemuza.org\/it\/oro\/\",\"url\":\"https:\/\/chemuza.org\/it\/oro\/\",\"name\":\"Oro - Chemuza\",\"isPartOf\":{\"@id\":\"https:\/\/chemuza.org\/it\/#website\"},\"datePublished\":\"2023-07-13T22:34:45+00:00\",\"dateModified\":\"2023-07-13T22:34:45+00:00\",\"breadcrumb\":{\"@id\":\"https:\/\/chemuza.org\/it\/oro\/#breadcrumb\"},\"inLanguage\":\"it-IT\",\"potentialAction\":[{\"@type\":\"ReadAction\",\"target\":[\"https:\/\/chemuza.org\/it\/oro\/\"]}]},{\"@type\":\"BreadcrumbList\",\"@id\":\"https:\/\/chemuza.org\/it\/oro\/#breadcrumb\",\"itemListElement\":[{\"@type\":\"ListItem\",\"position\":1,\"name\":\"Casa\",\"item\":\"https:\/\/chemuza.org\/it\/\"},{\"@type\":\"ListItem\",\"position\":2,\"name\":\"Oro\"}]},{\"@type\":\"WebSite\",\"@id\":\"https:\/\/chemuza.org\/it\/#website\",\"url\":\"https:\/\/chemuza.org\/it\/\",\"name\":\"Chemuza\",\"description\":\"La tua porta d&#039;accesso alla scoperta chimica!\",\"publisher\":{\"@id\":\"https:\/\/chemuza.org\/it\/#organization\"},\"potentialAction\":[{\"@type\":\"SearchAction\",\"target\":{\"@type\":\"EntryPoint\",\"urlTemplate\":\"https:\/\/chemuza.org\/it\/?s={search_term_string}\"},\"query-input\":\"required name=search_term_string\"}],\"inLanguage\":\"it-IT\"},{\"@type\":\"Organization\",\"@id\":\"https:\/\/chemuza.org\/it\/#organization\",\"name\":\"Chemuza\",\"url\":\"https:\/\/chemuza.org\/it\/\",\"logo\":{\"@type\":\"ImageObject\",\"inLanguage\":\"it-IT\",\"@id\":\"https:\/\/chemuza.org\/it\/#\/schema\/logo\/image\/\",\"url\":\"https:\/\/chemuza.org\/it\/wp-content\/uploads\/2023\/10\/chemuza-logo.png\",\"contentUrl\":\"https:\/\/chemuza.org\/it\/wp-content\/uploads\/2023\/10\/chemuza-logo.png\",\"width\":387,\"height\":70,\"caption\":\"Chemuza\"},\"image\":{\"@id\":\"https:\/\/chemuza.org\/it\/#\/schema\/logo\/image\/\"}}]}<\/script>\n<!-- \/ Yoast SEO plugin. -->","yoast_head_json":{"title":"Oro - Chemuza","robots":{"index":"index","follow":"follow","max-snippet":"max-snippet:-1","max-image-preview":"max-image-preview:large","max-video-preview":"max-video-preview:-1"},"canonical":"https:\/\/chemuza.org\/it\/oro\/","og_locale":"it_IT","og_type":"article","og_title":"Oro - Chemuza","og_description":"\u00c8 un metallo prezioso conosciuto in tutto il mondo fin dall&#8217;antichit\u00e0. In condizioni normali si trova nel sottosuolo sotto forma di piccoli accumuli o pepite d&#8217;oro, sia allo stato puro che anche insieme ad altri minerali. Per le sue propriet\u00e0 fisiche e chimiche, viene utilizzato nell&#8217;industria, nella medicina e nella gioielleria. Scopri tutto su questo ... Per saperne di pi\u00f9","og_url":"https:\/\/chemuza.org\/it\/oro\/","og_site_name":"Chemuza","twitter_card":"summary_large_image","twitter_misc":{"Tempo di lettura stimato":"4 minuti"},"schema":{"@context":"https:\/\/schema.org","@graph":[{"@type":"WebPage","@id":"https:\/\/chemuza.org\/it\/oro\/","url":"https:\/\/chemuza.org\/it\/oro\/","name":"Oro - Chemuza","isPartOf":{"@id":"https:\/\/chemuza.org\/it\/#website"},"datePublished":"2023-07-13T22:34:45+00:00","dateModified":"2023-07-13T22:34:45+00:00","breadcrumb":{"@id":"https:\/\/chemuza.org\/it\/oro\/#breadcrumb"},"inLanguage":"it-IT","potentialAction":[{"@type":"ReadAction","target":["https:\/\/chemuza.org\/it\/oro\/"]}]},{"@type":"BreadcrumbList","@id":"https:\/\/chemuza.org\/it\/oro\/#breadcrumb","itemListElement":[{"@type":"ListItem","position":1,"name":"Casa","item":"https:\/\/chemuza.org\/it\/"},{"@type":"ListItem","position":2,"name":"Oro"}]},{"@type":"WebSite","@id":"https:\/\/chemuza.org\/it\/#website","url":"https:\/\/chemuza.org\/it\/","name":"Chemuza","description":"La tua porta d&#039;accesso alla scoperta chimica!","publisher":{"@id":"https:\/\/chemuza.org\/it\/#organization"},"potentialAction":[{"@type":"SearchAction","target":{"@type":"EntryPoint","urlTemplate":"https:\/\/chemuza.org\/it\/?s={search_term_string}"},"query-input":"required name=search_term_string"}],"inLanguage":"it-IT"},{"@type":"Organization","@id":"https:\/\/chemuza.org\/it\/#organization","name":"Chemuza","url":"https:\/\/chemuza.org\/it\/","logo":{"@type":"ImageObject","inLanguage":"it-IT","@id":"https:\/\/chemuza.org\/it\/#\/schema\/logo\/image\/","url":"https:\/\/chemuza.org\/it\/wp-content\/uploads\/2023\/10\/chemuza-logo.png","contentUrl":"https:\/\/chemuza.org\/it\/wp-content\/uploads\/2023\/10\/chemuza-logo.png","width":387,"height":70,"caption":"Chemuza"},"image":{"@id":"https:\/\/chemuza.org\/it\/#\/schema\/logo\/image\/"}}]}},"yoast_meta":{"yoast_wpseo_title":"","yoast_wpseo_metadesc":"","yoast_wpseo_canonical":""},"_links":{"self":[{"href":"https:\/\/chemuza.org\/it\/wp-json\/wp\/v2\/pages\/1511"}],"collection":[{"href":"https:\/\/chemuza.org\/it\/wp-json\/wp\/v2\/pages"}],"about":[{"href":"https:\/\/chemuza.org\/it\/wp-json\/wp\/v2\/types\/page"}],"author":[{"embeddable":true,"href":"https:\/\/chemuza.org\/it\/wp-json\/wp\/v2\/users\/1"}],"replies":[{"embeddable":true,"href":"https:\/\/chemuza.org\/it\/wp-json\/wp\/v2\/comments?post=1511"}],"version-history":[{"count":0,"href":"https:\/\/chemuza.org\/it\/wp-json\/wp\/v2\/pages\/1511\/revisions"}],"wp:attachment":[{"href":"https:\/\/chemuza.org\/it\/wp-json\/wp\/v2\/media?parent=1511"}],"curies":[{"name":"wp","href":"https:\/\/api.w.org\/{rel}","templated":true}]}}