{"id":1510,"date":"2023-07-13T23:15:08","date_gmt":"2023-07-13T23:15:08","guid":{"rendered":"https:\/\/chemuza.org\/it\/platino\/"},"modified":"2023-07-13T23:15:08","modified_gmt":"2023-07-13T23:15:08","slug":"platino","status":"publish","type":"page","link":"https:\/\/chemuza.org\/it\/platino\/","title":{"rendered":"Platino"},"content":{"rendered":"<p>\u00c8 un metallo raro sulla Terra, allo stato naturale si trova unito ad altri elementi come Cromo, Rame e Nichel sotto forma di piccoli granuli provenienti da alcune miniere di rocce ignee. Il platino \u00e8 utilizzato nella maggior parte delle industrie e della gioielleria grazie alle sue propriet\u00e0 versatili e ad altre applicazioni. Scopri tutto ci\u00f2 di cui hai bisogno su questo articolo.<\/p>\n<h2> <strong>Cos&#8217;\u00e8 il platino?<\/strong><\/h2>\n<p> \u00c8 un elemento chimico della tavola periodica e fa parte dei metalli di transizione. \u00c8 considerato un metallo prezioso bianco-grigiastro, pesante, duttile e malleabile. Alcuni dei suoi composti sono il biossido di platino noto come catalizzatore di Adams, l&#8217;acido cloroplatinico che \u00e8 il pi\u00f9 importante e il cloruro di platino che \u00e8 insolubile in acqua.<\/p>\n<h3> <strong>Simbolo di platino<\/strong><\/h3>\n<p> <span class=\"content-chemical-element\" style=\"float: left;width: 65px;height: 65px;border: 3px solid #666; display:flex;\n    justify-content: center;align-items: center;margin-right: 15px;\"><span style=\"font-size: 38px;\">Il Pt<\/span><\/span> appartiene al gruppo numero 10 della tavola periodica e si trova tra i metalli Oro e Iridio, il numero atomico e il peso sono rispettivamente 78 e 195,09. Sono noti sette isotopi, di cui 5 stabili e sono <sup>192<\/sup> Pt, <sup>194<\/sup> Pt, <sup>195<\/sup> Pt, <sup>196<\/sup> Pt e <sup>198<\/sup> Pt e un solo radioisotopo a vita lunga.<\/p>\n<h3> <strong>Caratteristiche del platino<\/strong><\/h3>\n<p> Questo metallo pu\u00f2 resistere alla corrosione ed \u00e8 insolubile nella maggior parte degli acidi. Tuttavia nell&#8217;acqua regia pu\u00f2 essere disciolto dando origine all&#8217;acido cloroplatinico. Inoltre, pu\u00f2 assorbire grandi quantit\u00e0 di idrogeno e mantenerle a una temperatura regolare. Altre caratteristiche del platino:<\/p>\n<ul>\n<li> <strong>Luminosit\u00e0:<\/strong> Metallica simile all&#8217;argento.<\/li>\n<li> <strong>Durezza:<\/strong> 4,3 sulla scala Mohs.<\/li>\n<li> <strong>Colore:<\/strong> bianco grigiastro, bianco sporco, grigio acciaio.<\/li>\n<li> <strong>Solubilit\u00e0:<\/strong> \u00e8 insolubile nell&#8217;acido nitrico e cloridrico, ma si dissolve in acqua regia.<\/li>\n<li> <strong>Tessitura:<\/strong> Solida e costituita da piccoli individui irregolari.<\/li>\n<\/ul>\n<ul>\n<li> <strong>Condizione<\/strong> : naturalmente \u00e8 solido.<\/li>\n<li> <strong>Struttura<\/strong> : cubica centrata sulle facce.<\/li>\n<\/ul>\n<h2> <strong>Propriet\u00e0 chimiche e fisiche del platino<\/strong><\/h2>\n<ol>\n<li> <strong>Numero atomico<\/strong> : 78<\/li>\n<li> <strong>Periodo:<\/strong> 6<\/li>\n<li> <strong>Blocco:<\/strong> d<\/li>\n<li> <strong>Raggio covalente:<\/strong> 136 <sup>&nbsp;<\/sup><\/li>\n<li> <strong>Raggio atomico:<\/strong> 139 ore<\/li>\n<li> <strong>Elettronegativit\u00e0:<\/strong> 2,28<\/li>\n<li> <strong>Punto di fusione:<\/strong> 2042,15K<\/li>\n<li> <strong>Pressione di vapore:<\/strong> 0,0312<\/li>\n<li> <strong>Densit\u00e0:<\/strong> 21450 kg\/m\u00b3<\/li>\n<li> <strong>Punto di ebollizione:<\/strong> 4098K<\/li>\n<li> <strong>Conduttivit\u00e0 termica:<\/strong> 71,6 W<\/li>\n<li> <strong>Calore specifico:<\/strong> 130 J<\/li>\n<li> <strong>Velocit\u00e0 del suono:<\/strong> 2680 m\/s a 293,15 K<\/li>\n<li> <strong>Configurazione elettronica:<\/strong> [Xe] 4f <sup>14<\/sup> 5d <sup>9<\/sup> 6s <sup>1<\/sup><\/li>\n<li> <strong>Conduttivit\u00e0 elettrica:<\/strong> 9,5x 10 <sup>6<\/sup> S\/m<\/li>\n<li> <strong>Entalpia di vaporizzazione:<\/strong> 469 kJ\/mol<\/li>\n<li> <strong>Entalpia di fusione:<\/strong> 22,17 Kj\/mol<\/li>\n<li> <strong>Modulo elastico:<\/strong> 168 GPa<\/li>\n<\/ol>\n<h2> <strong>Origine del platino<\/strong><\/h2>\n<p> Nell&#8217;antichit\u00e0 le civilt\u00e0 egiziana e indiana della Colombia lo consideravano un metallo molto importante. Si scopr\u00ec infatti che la cassa di Tebe era decorata con oro, argento e platino. Inoltre, in Sud America, i nativi realizzavano anelli e altri pezzi con questo metallo.<\/p>\n<p> Lo scopritore accreditato fu Antonio de Ulloa che, nel 1746, ritorn\u00f2 in Spagna con alcuni campioni di platino e notizie sulle nuove propriet\u00e0 del metallo. Inoltre, fu riconosciuta nel 1751 quando si fuse e il suo nome \u00e8 legato al denaro per le sue somiglianze.<\/p>\n<h2> <strong>A cosa serve il Platino?<\/strong><\/h2>\n<p> Viene utilizzato principalmente come catalizzatore nei tubi di scappamento delle automobili e nel campo della gioielleria, \u00e8 un metallo molto apprezzato. Inoltre, quasi la met\u00e0 dei materiali metallici utilizzati oggi dagli esseri umani sono costituiti da platino. Ecco alcune delle sue applicazioni pi\u00f9 popolari:<\/p>\n<h3> <strong>Gioielliere<\/strong><\/h3>\n<p> Essendo un metallo bello, resistente alla corrosione e malleabile, \u00e8 un materiale prezioso per l&#8217;industria della gioielleria. Infatti, si mescola bene con altri metalli per formare leghe resistenti e conformi a molte forme. Inoltre \u00e8 anallergico, discreto, sobrio, elegante e inalterabile, il che lascia un ampio mercato per l&#8217;utilizzo in oreficeria.<\/p>\n<h3> <strong>Medicinale<\/strong><\/h3>\n<p> Esistono forme in grado di ritardare la divisione cellulare, per questo sono stati realizzati farmaci contro alcuni tipi di cancro. Ad esempio, il cisplatino aiuta ad aumentare l\u2019efficacia dei trattamenti chemioterapici. Inoltre, viene utilizzato per produrre elastomeri siliconici platino e agiscono come agenti riparatori. Viene utilizzato anche per otturazioni dentali e pacemaker.<\/p>\n<h3> <strong>Vita di ogni giorno<\/strong><\/h3>\n<p> I siliconi a base di platino vengono utilizzati nella produzione di prodotti di bellezza e per la cura personale, come shampoo, rossetti e detergenti domestici.<\/p>\n<h3> <strong>elettronico<\/strong><\/h3>\n<p> I dischi rigidi sono realizzati con questo metallo per l&#8217;archiviazione del computer perch\u00e9 aumenta le propriet\u00e0 magnetiche dell&#8217;unit\u00e0. Viene utilizzato anche in parti dei chip che compongono i dispositivi elettronici e come rivestimento sui cavi in fibra ottica.<\/p>\n<h3> <strong>Industria chimica<\/strong><\/h3>\n<p> Il platino viene utilizzato per produrre fertilizzanti che aiutano a controllare i parassiti in agricoltura, nel suolo e nelle colture vegetali. D&#8217;altra parte, questo metallo \u00e8 un additivo nella benzina come agente riducente per le emissioni tossiche del motore.<\/p>\n<p> In conclusione, il platino \u00e8 un metallo di transizione che si trova naturalmente con altri metalli. Il suo colore \u00e8 bianco grigiastro, \u00e8 duttile e malleabile, per questo viene utilizzato nell&#8217;industria della gioielleria, chimica e medica.<\/p>\n","protected":false},"excerpt":{"rendered":"<p>\u00c8 un metallo raro sulla Terra, allo stato naturale si trova unito ad altri elementi come Cromo, Rame e Nichel sotto forma di piccoli granuli provenienti da alcune miniere di rocce ignee. Il platino \u00e8 utilizzato nella maggior parte delle industrie e della gioielleria grazie alle sue propriet\u00e0 versatili e ad altre applicazioni. Scopri tutto &#8230; <a title=\"Platino\" class=\"read-more\" href=\"https:\/\/chemuza.org\/it\/platino\/\" aria-label=\"More on Platino\">Per saperne di pi\u00f9<\/a><\/p>\n","protected":false},"author":1,"featured_media":0,"parent":0,"menu_order":0,"comment_status":"closed","ping_status":"closed","template":"","meta":{"footnotes":""},"yoast_head":"<!-- This site is optimized with the Yoast SEO plugin v21.4 - https:\/\/yoast.com\/wordpress\/plugins\/seo\/ -->\n<title>Platino - Chemuza<\/title>\n<meta name=\"robots\" content=\"index, follow, max-snippet:-1, max-image-preview:large, max-video-preview:-1\" \/>\n<link rel=\"canonical\" href=\"https:\/\/chemuza.org\/it\/platino\/\" \/>\n<meta property=\"og:locale\" content=\"it_IT\" \/>\n<meta property=\"og:type\" content=\"article\" \/>\n<meta property=\"og:title\" content=\"Platino - Chemuza\" \/>\n<meta property=\"og:description\" content=\"\u00c8 un metallo raro sulla Terra, allo stato naturale si trova unito ad altri elementi come Cromo, Rame e Nichel sotto forma di piccoli granuli provenienti da alcune miniere di rocce ignee. Il platino \u00e8 utilizzato nella maggior parte delle industrie e della gioielleria grazie alle sue propriet\u00e0 versatili e ad altre applicazioni. Scopri tutto ... Per saperne di pi\u00f9\" \/>\n<meta property=\"og:url\" content=\"https:\/\/chemuza.org\/it\/platino\/\" \/>\n<meta property=\"og:site_name\" content=\"Chemuza\" \/>\n<meta name=\"twitter:card\" content=\"summary_large_image\" \/>\n<meta name=\"twitter:label1\" content=\"Tempo di lettura stimato\" \/>\n\t<meta name=\"twitter:data1\" content=\"4 minuti\" \/>\n<script type=\"application\/ld+json\" class=\"yoast-schema-graph\">{\"@context\":\"https:\/\/schema.org\",\"@graph\":[{\"@type\":\"WebPage\",\"@id\":\"https:\/\/chemuza.org\/it\/platino\/\",\"url\":\"https:\/\/chemuza.org\/it\/platino\/\",\"name\":\"Platino - Chemuza\",\"isPartOf\":{\"@id\":\"https:\/\/chemuza.org\/it\/#website\"},\"datePublished\":\"2023-07-13T23:15:08+00:00\",\"dateModified\":\"2023-07-13T23:15:08+00:00\",\"breadcrumb\":{\"@id\":\"https:\/\/chemuza.org\/it\/platino\/#breadcrumb\"},\"inLanguage\":\"it-IT\",\"potentialAction\":[{\"@type\":\"ReadAction\",\"target\":[\"https:\/\/chemuza.org\/it\/platino\/\"]}]},{\"@type\":\"BreadcrumbList\",\"@id\":\"https:\/\/chemuza.org\/it\/platino\/#breadcrumb\",\"itemListElement\":[{\"@type\":\"ListItem\",\"position\":1,\"name\":\"Casa\",\"item\":\"https:\/\/chemuza.org\/it\/\"},{\"@type\":\"ListItem\",\"position\":2,\"name\":\"Platino\"}]},{\"@type\":\"WebSite\",\"@id\":\"https:\/\/chemuza.org\/it\/#website\",\"url\":\"https:\/\/chemuza.org\/it\/\",\"name\":\"Chemuza\",\"description\":\"La tua porta d&#039;accesso alla scoperta chimica!\",\"publisher\":{\"@id\":\"https:\/\/chemuza.org\/it\/#organization\"},\"potentialAction\":[{\"@type\":\"SearchAction\",\"target\":{\"@type\":\"EntryPoint\",\"urlTemplate\":\"https:\/\/chemuza.org\/it\/?s={search_term_string}\"},\"query-input\":\"required name=search_term_string\"}],\"inLanguage\":\"it-IT\"},{\"@type\":\"Organization\",\"@id\":\"https:\/\/chemuza.org\/it\/#organization\",\"name\":\"Chemuza\",\"url\":\"https:\/\/chemuza.org\/it\/\",\"logo\":{\"@type\":\"ImageObject\",\"inLanguage\":\"it-IT\",\"@id\":\"https:\/\/chemuza.org\/it\/#\/schema\/logo\/image\/\",\"url\":\"https:\/\/chemuza.org\/it\/wp-content\/uploads\/2023\/10\/chemuza-logo.png\",\"contentUrl\":\"https:\/\/chemuza.org\/it\/wp-content\/uploads\/2023\/10\/chemuza-logo.png\",\"width\":387,\"height\":70,\"caption\":\"Chemuza\"},\"image\":{\"@id\":\"https:\/\/chemuza.org\/it\/#\/schema\/logo\/image\/\"}}]}<\/script>\n<!-- \/ Yoast SEO plugin. -->","yoast_head_json":{"title":"Platino - Chemuza","robots":{"index":"index","follow":"follow","max-snippet":"max-snippet:-1","max-image-preview":"max-image-preview:large","max-video-preview":"max-video-preview:-1"},"canonical":"https:\/\/chemuza.org\/it\/platino\/","og_locale":"it_IT","og_type":"article","og_title":"Platino - Chemuza","og_description":"\u00c8 un metallo raro sulla Terra, allo stato naturale si trova unito ad altri elementi come Cromo, Rame e Nichel sotto forma di piccoli granuli provenienti da alcune miniere di rocce ignee. Il platino \u00e8 utilizzato nella maggior parte delle industrie e della gioielleria grazie alle sue propriet\u00e0 versatili e ad altre applicazioni. Scopri tutto ... Per saperne di pi\u00f9","og_url":"https:\/\/chemuza.org\/it\/platino\/","og_site_name":"Chemuza","twitter_card":"summary_large_image","twitter_misc":{"Tempo di lettura stimato":"4 minuti"},"schema":{"@context":"https:\/\/schema.org","@graph":[{"@type":"WebPage","@id":"https:\/\/chemuza.org\/it\/platino\/","url":"https:\/\/chemuza.org\/it\/platino\/","name":"Platino - Chemuza","isPartOf":{"@id":"https:\/\/chemuza.org\/it\/#website"},"datePublished":"2023-07-13T23:15:08+00:00","dateModified":"2023-07-13T23:15:08+00:00","breadcrumb":{"@id":"https:\/\/chemuza.org\/it\/platino\/#breadcrumb"},"inLanguage":"it-IT","potentialAction":[{"@type":"ReadAction","target":["https:\/\/chemuza.org\/it\/platino\/"]}]},{"@type":"BreadcrumbList","@id":"https:\/\/chemuza.org\/it\/platino\/#breadcrumb","itemListElement":[{"@type":"ListItem","position":1,"name":"Casa","item":"https:\/\/chemuza.org\/it\/"},{"@type":"ListItem","position":2,"name":"Platino"}]},{"@type":"WebSite","@id":"https:\/\/chemuza.org\/it\/#website","url":"https:\/\/chemuza.org\/it\/","name":"Chemuza","description":"La tua porta d&#039;accesso alla scoperta chimica!","publisher":{"@id":"https:\/\/chemuza.org\/it\/#organization"},"potentialAction":[{"@type":"SearchAction","target":{"@type":"EntryPoint","urlTemplate":"https:\/\/chemuza.org\/it\/?s={search_term_string}"},"query-input":"required name=search_term_string"}],"inLanguage":"it-IT"},{"@type":"Organization","@id":"https:\/\/chemuza.org\/it\/#organization","name":"Chemuza","url":"https:\/\/chemuza.org\/it\/","logo":{"@type":"ImageObject","inLanguage":"it-IT","@id":"https:\/\/chemuza.org\/it\/#\/schema\/logo\/image\/","url":"https:\/\/chemuza.org\/it\/wp-content\/uploads\/2023\/10\/chemuza-logo.png","contentUrl":"https:\/\/chemuza.org\/it\/wp-content\/uploads\/2023\/10\/chemuza-logo.png","width":387,"height":70,"caption":"Chemuza"},"image":{"@id":"https:\/\/chemuza.org\/it\/#\/schema\/logo\/image\/"}}]}},"yoast_meta":{"yoast_wpseo_title":"","yoast_wpseo_metadesc":"","yoast_wpseo_canonical":""},"_links":{"self":[{"href":"https:\/\/chemuza.org\/it\/wp-json\/wp\/v2\/pages\/1510"}],"collection":[{"href":"https:\/\/chemuza.org\/it\/wp-json\/wp\/v2\/pages"}],"about":[{"href":"https:\/\/chemuza.org\/it\/wp-json\/wp\/v2\/types\/page"}],"author":[{"embeddable":true,"href":"https:\/\/chemuza.org\/it\/wp-json\/wp\/v2\/users\/1"}],"replies":[{"embeddable":true,"href":"https:\/\/chemuza.org\/it\/wp-json\/wp\/v2\/comments?post=1510"}],"version-history":[{"count":0,"href":"https:\/\/chemuza.org\/it\/wp-json\/wp\/v2\/pages\/1510\/revisions"}],"wp:attachment":[{"href":"https:\/\/chemuza.org\/it\/wp-json\/wp\/v2\/media?parent=1510"}],"curies":[{"name":"wp","href":"https:\/\/api.w.org\/{rel}","templated":true}]}}