{"id":1509,"date":"2023-07-13T23:54:53","date_gmt":"2023-07-13T23:54:53","guid":{"rendered":"https:\/\/chemuza.org\/it\/osmio\/"},"modified":"2023-07-13T23:54:53","modified_gmt":"2023-07-13T23:54:53","slug":"osmio","status":"publish","type":"page","link":"https:\/\/chemuza.org\/it\/osmio\/","title":{"rendered":"Osmio"},"content":{"rendered":"<p>\u00c8 uno degli elementi pi\u00f9 rari esistenti nella crosta terrestre, come indicato dall&#8217;Istituto tedesco dell&#8217;osmio, che stima che le riserve di osmio nel sottosuolo ammontino a 9 m\u00b2. \u00c8 per questo motivo che il suo prezzo raggiunge la cifra elevata di 1.270 dollari l&#8217;oncia, poco superiore a quello dell&#8217;oro. Scopri come viene utilizzato nell&#8217;industria chimica, medica e orafa.<\/p>\n<h2> <strong>Cos&#8217;\u00e8 l&#8217;osmio?<\/strong><strong><\/strong><\/h2>\n<p> L&#8217;elemento Osmio \u00e8 un metallo di transizione fragile e forte e il suo colore \u00e8 bianco grigiastro. Appartiene al gruppo del platino e viene utilizzato principalmente nelle leghe con platino. \u00c8 l&#8217;elemento naturale pi\u00f9 denso esistente e molto simile all&#8217;Iridio. Alcuni dei suoi composti sono: tetrafluoruro di osmio, tetrossido di osmio o tetrossido di osmio, dicloruro di osmio, tricloruro di osmio e tetracloruro di osmio.<\/p>\n<h3> <strong>Simbolo dell&#8217;osmio<\/strong><\/h3>\n<p> <span class=\"content-chemical-element\" style=\"float: left;width: 65px;height: 65px;border: 3px solid #666; display:flex;\n    justify-content: center;align-items: center;margin-right: 15px;\"><span style=\"font-size: 38px;\">Osso<\/span><\/span> Nella tavola periodica si trova nel gruppo numero 8 con numero atomico 76 e massa 190,23. Presenta sette isotopi naturali, sei dei quali stabili e cos\u00ec contrassegnati: <sup>184<\/sup> Os, <sup>187<\/sup> Os, <sup>188<\/sup> Os, <sup>189<\/sup> Os, <sup>190<\/sup> Os e <sup>192<\/sup> Os. Solo uno degli isotopi radioattivi \u00e8 <sup>il 186 Os presente in natura<\/sup> .<\/p>\n<h3> <strong>Caratteristiche dell&#8217;osmio<\/strong><\/h3>\n<p> Come il rutenio, raggiunge lo stato di ossidazione +8 e resiste all&#8217;attacco degli acidi, poich\u00e9 si dissolve per fusione alcalina. Inoltre \u00e8 duro, anche se \u00e8 possibile romperlo e alle alte temperature mantiene intatta la sua lucentezza. Le altre caratteristiche dell\u2019Osmio sono:<\/p>\n<ul>\n<li> <strong>Luminosit\u00e0:<\/strong> \u00e8 molto luminoso.<\/li>\n<li> <strong>Lucentezza:<\/strong> metallica.<\/li>\n<li> <strong>Conduttivit\u00e0:<\/strong> \u00e8 un buon conduttore elettrico e termico.<\/li>\n<\/ul>\n<ul>\n<li> <strong>Condizione<\/strong> : in forma naturale, \u00e8 solido.<\/li>\n<li> <strong>Struttura:<\/strong> esagonale.<\/li>\n<li> <strong>Reazione chimica:<\/strong> Reagisce con cloro, ossigeno e fluoro. Se compatto \u00e8 molto resistente agli acidi non ossidanti dell&#8217;aria e dell&#8217;acqua.<\/li>\n<\/ul>\n<h2> <strong>Propriet\u00e0 chimiche e fisiche dell&#8217;osmio<\/strong><\/h2>\n<ol>\n<li> <strong>Numero atomico<\/strong> : 76<\/li>\n<li> <strong>Periodo:<\/strong> 6<\/li>\n<li> <strong>Blocco:<\/strong> d<\/li>\n<li> <strong>Raggio covalente:<\/strong> 128<\/li>\n<li> <strong>Raggio atomico:<\/strong> 185<\/li>\n<li> <strong>Densit\u00e0:<\/strong> 22610 Kg\/m\u00b3<\/li>\n<li> <strong>Elettronegativit\u00e0:<\/strong> 2.2<\/li>\n<li> <strong>Punto di fusione:<\/strong> 3306 K<\/li>\n<li> <strong>Punto di ebollizione:<\/strong> 5285K<\/li>\n<li> <strong>Conduttivit\u00e0 termica:<\/strong> 87,6 W<\/li>\n<li> <strong>Calore specifico:<\/strong> 130 J<\/li>\n<li> <strong>Entalpia di fusione:<\/strong> 31,8 Kj\/mol<\/li>\n<li> <strong>Configurazione elettronica:<\/strong> [Xe] 4f <sup>14<\/sup> 5d <sup>6<\/sup> 6s <sup>2<\/sup><\/li>\n<li> <strong>Velocit\u00e0 del suono:<\/strong> 4940 m\/s a 293,15 K<\/li>\n<li> <strong>Entalpia di vaporizzazione:<\/strong> 627,6 kJ\/mol<\/li>\n<li> <strong>Pressione di vapore:<\/strong> 2,52 Pa a 3300 K<\/li>\n<li> <strong>Conduttivit\u00e0 elettrica:<\/strong> 10,9 10 <sup>-6<\/sup> s\/m<\/li>\n<\/ol>\n<h2> <strong>Origine dell&#8217;osmio<\/strong><\/h2>\n<p> L&#8217;elemento osmio fu scoperto nel 1803 dal chimico inglese Smithson Tennant e dal fisico britannico William Hyde in Inghilterra. Analizzarono un residuo nero insolubile di platino con acqua regia e conclusero che esisteva un nuovo metallo. Il nome deriva dal termine Osme che in spagnolo significa odore. Con questo intendono l&#8217;odore di fumo e cenere emanato dal tetrossido di osmio.<\/p>\n<h2> <strong>A cosa serve l&#8217;osmio?<\/strong><\/h2>\n<p> L&#8217;elemento chimico osmio viene utilizzato per formare leghe con il platino e anche come ossidante nei processi di colorazione dei tessuti per l&#8217;osservazione al microscopio elettronico e altre tecniche biomediche. Tra gli usi di questo elemento ci sono:<\/p>\n<h3> <strong>Industria<\/strong><strong><\/strong><\/h3>\n<p> Viene utilizzato come additivo indurente in alcune leghe. Insieme al platino, viene utilizzato per gli standard di peso e misurazione. Viene utilizzato anche per realizzare puntine per fonografi, penne stilografiche e cuscinetti per orologi. Inoltre, le sue leghe vengono utilizzate nei contatti elettrici dove \u00e8 richiesta un&#8217;enorme resistenza. Viene utilizzato anche come catalizzatore nella produzione di lampadine, filamenti e tubi a incandescenza.<\/p>\n<h3> <strong>Medicinale<\/strong><\/h3>\n<p> In lega con il platino, viene utilizzato per realizzare valvole cardiache artificiali, strumenti chirurgici e pacemaker. Il tetraossido di osmio \u00e8 utilizzato in medicina legale come agente per il rilevamento delle impronte digitali.<\/p>\n<h3> <strong>Gioielliere<\/strong><\/h3>\n<p> L&#8217;industria della gioielleria indiana e cinese ha iniziato a utilizzare l&#8217;osmio perch\u00e9 la sua superficie contiene migliaia di cristalli lucenti e la sua durezza \u00e8 ideale per la creazione di gioielli. Infatti, questo materiale si combina bene con Oro, Argento e Platino grazie alla sua lucentezza e all&#8217;elevata riflettivit\u00e0 nello spettro della luce solare.<\/p>\n<h2> <strong>Dove si trova l&#8217;osmio?<\/strong><\/h2>\n<p> In natura si trova come metallo non combinato o in leghe naturali, in particolare quelle dell&#8217;Iridosmio. \u00c8 anche possibile ottenerlo in alcuni giacimenti di Rame e Nichel. Nella crosta terrestre si trova in alcune strutture geologiche come crateri da impatto o depositi ignei. Una delle sue riserve pi\u00f9 conosciute si trova in Sud Africa nel complesso igneo, ma si trova anche in Russia, Canada, Colombia e Stati Uniti.<\/p>\n<p> Insomma l&#8217;osmio \u00e8 un metallo di transizione ed \u00e8 classificato tra gli elementi rari presenti nella crosta terrestre. Il suo colore \u00e8 bianco grigiastro e le sue leghe sono utilizzate in applicazioni come l&#8217;industria, la medicina e la gioielleria.<\/p>\n","protected":false},"excerpt":{"rendered":"<p>\u00c8 uno degli elementi pi\u00f9 rari esistenti nella crosta terrestre, come indicato dall&#8217;Istituto tedesco dell&#8217;osmio, che stima che le riserve di osmio nel sottosuolo ammontino a 9 m\u00b2. \u00c8 per questo motivo che il suo prezzo raggiunge la cifra elevata di 1.270 dollari l&#8217;oncia, poco superiore a quello dell&#8217;oro. Scopri come viene utilizzato nell&#8217;industria chimica, &#8230; <a title=\"Osmio\" class=\"read-more\" href=\"https:\/\/chemuza.org\/it\/osmio\/\" aria-label=\"More on Osmio\">Per saperne di pi\u00f9<\/a><\/p>\n","protected":false},"author":1,"featured_media":0,"parent":0,"menu_order":0,"comment_status":"closed","ping_status":"closed","template":"","meta":{"footnotes":""},"yoast_head":"<!-- This site is optimized with the Yoast SEO plugin v21.4 - https:\/\/yoast.com\/wordpress\/plugins\/seo\/ -->\n<title>Osmio - Chemuza<\/title>\n<meta name=\"robots\" content=\"index, follow, max-snippet:-1, max-image-preview:large, max-video-preview:-1\" \/>\n<link rel=\"canonical\" href=\"https:\/\/chemuza.org\/it\/osmio\/\" \/>\n<meta property=\"og:locale\" content=\"it_IT\" \/>\n<meta property=\"og:type\" content=\"article\" \/>\n<meta property=\"og:title\" content=\"Osmio - Chemuza\" \/>\n<meta property=\"og:description\" content=\"\u00c8 uno degli elementi pi\u00f9 rari esistenti nella crosta terrestre, come indicato dall&#8217;Istituto tedesco dell&#8217;osmio, che stima che le riserve di osmio nel sottosuolo ammontino a 9 m\u00b2. \u00c8 per questo motivo che il suo prezzo raggiunge la cifra elevata di 1.270 dollari l&#8217;oncia, poco superiore a quello dell&#8217;oro. Scopri come viene utilizzato nell&#8217;industria chimica, ... Per saperne di pi\u00f9\" \/>\n<meta property=\"og:url\" content=\"https:\/\/chemuza.org\/it\/osmio\/\" \/>\n<meta property=\"og:site_name\" content=\"Chemuza\" \/>\n<meta name=\"twitter:card\" content=\"summary_large_image\" \/>\n<meta name=\"twitter:label1\" content=\"Tempo di lettura stimato\" \/>\n\t<meta name=\"twitter:data1\" content=\"3 minuti\" \/>\n<script type=\"application\/ld+json\" class=\"yoast-schema-graph\">{\"@context\":\"https:\/\/schema.org\",\"@graph\":[{\"@type\":\"WebPage\",\"@id\":\"https:\/\/chemuza.org\/it\/osmio\/\",\"url\":\"https:\/\/chemuza.org\/it\/osmio\/\",\"name\":\"Osmio - Chemuza\",\"isPartOf\":{\"@id\":\"https:\/\/chemuza.org\/it\/#website\"},\"datePublished\":\"2023-07-13T23:54:53+00:00\",\"dateModified\":\"2023-07-13T23:54:53+00:00\",\"breadcrumb\":{\"@id\":\"https:\/\/chemuza.org\/it\/osmio\/#breadcrumb\"},\"inLanguage\":\"it-IT\",\"potentialAction\":[{\"@type\":\"ReadAction\",\"target\":[\"https:\/\/chemuza.org\/it\/osmio\/\"]}]},{\"@type\":\"BreadcrumbList\",\"@id\":\"https:\/\/chemuza.org\/it\/osmio\/#breadcrumb\",\"itemListElement\":[{\"@type\":\"ListItem\",\"position\":1,\"name\":\"Casa\",\"item\":\"https:\/\/chemuza.org\/it\/\"},{\"@type\":\"ListItem\",\"position\":2,\"name\":\"Osmio\"}]},{\"@type\":\"WebSite\",\"@id\":\"https:\/\/chemuza.org\/it\/#website\",\"url\":\"https:\/\/chemuza.org\/it\/\",\"name\":\"Chemuza\",\"description\":\"La tua porta d&#039;accesso alla scoperta chimica!\",\"publisher\":{\"@id\":\"https:\/\/chemuza.org\/it\/#organization\"},\"potentialAction\":[{\"@type\":\"SearchAction\",\"target\":{\"@type\":\"EntryPoint\",\"urlTemplate\":\"https:\/\/chemuza.org\/it\/?s={search_term_string}\"},\"query-input\":\"required name=search_term_string\"}],\"inLanguage\":\"it-IT\"},{\"@type\":\"Organization\",\"@id\":\"https:\/\/chemuza.org\/it\/#organization\",\"name\":\"Chemuza\",\"url\":\"https:\/\/chemuza.org\/it\/\",\"logo\":{\"@type\":\"ImageObject\",\"inLanguage\":\"it-IT\",\"@id\":\"https:\/\/chemuza.org\/it\/#\/schema\/logo\/image\/\",\"url\":\"https:\/\/chemuza.org\/it\/wp-content\/uploads\/2023\/10\/chemuza-logo.png\",\"contentUrl\":\"https:\/\/chemuza.org\/it\/wp-content\/uploads\/2023\/10\/chemuza-logo.png\",\"width\":387,\"height\":70,\"caption\":\"Chemuza\"},\"image\":{\"@id\":\"https:\/\/chemuza.org\/it\/#\/schema\/logo\/image\/\"}}]}<\/script>\n<!-- \/ Yoast SEO plugin. -->","yoast_head_json":{"title":"Osmio - Chemuza","robots":{"index":"index","follow":"follow","max-snippet":"max-snippet:-1","max-image-preview":"max-image-preview:large","max-video-preview":"max-video-preview:-1"},"canonical":"https:\/\/chemuza.org\/it\/osmio\/","og_locale":"it_IT","og_type":"article","og_title":"Osmio - Chemuza","og_description":"\u00c8 uno degli elementi pi\u00f9 rari esistenti nella crosta terrestre, come indicato dall&#8217;Istituto tedesco dell&#8217;osmio, che stima che le riserve di osmio nel sottosuolo ammontino a 9 m\u00b2. \u00c8 per questo motivo che il suo prezzo raggiunge la cifra elevata di 1.270 dollari l&#8217;oncia, poco superiore a quello dell&#8217;oro. Scopri come viene utilizzato nell&#8217;industria chimica, ... Per saperne di pi\u00f9","og_url":"https:\/\/chemuza.org\/it\/osmio\/","og_site_name":"Chemuza","twitter_card":"summary_large_image","twitter_misc":{"Tempo di lettura stimato":"3 minuti"},"schema":{"@context":"https:\/\/schema.org","@graph":[{"@type":"WebPage","@id":"https:\/\/chemuza.org\/it\/osmio\/","url":"https:\/\/chemuza.org\/it\/osmio\/","name":"Osmio - Chemuza","isPartOf":{"@id":"https:\/\/chemuza.org\/it\/#website"},"datePublished":"2023-07-13T23:54:53+00:00","dateModified":"2023-07-13T23:54:53+00:00","breadcrumb":{"@id":"https:\/\/chemuza.org\/it\/osmio\/#breadcrumb"},"inLanguage":"it-IT","potentialAction":[{"@type":"ReadAction","target":["https:\/\/chemuza.org\/it\/osmio\/"]}]},{"@type":"BreadcrumbList","@id":"https:\/\/chemuza.org\/it\/osmio\/#breadcrumb","itemListElement":[{"@type":"ListItem","position":1,"name":"Casa","item":"https:\/\/chemuza.org\/it\/"},{"@type":"ListItem","position":2,"name":"Osmio"}]},{"@type":"WebSite","@id":"https:\/\/chemuza.org\/it\/#website","url":"https:\/\/chemuza.org\/it\/","name":"Chemuza","description":"La tua porta d&#039;accesso alla scoperta chimica!","publisher":{"@id":"https:\/\/chemuza.org\/it\/#organization"},"potentialAction":[{"@type":"SearchAction","target":{"@type":"EntryPoint","urlTemplate":"https:\/\/chemuza.org\/it\/?s={search_term_string}"},"query-input":"required name=search_term_string"}],"inLanguage":"it-IT"},{"@type":"Organization","@id":"https:\/\/chemuza.org\/it\/#organization","name":"Chemuza","url":"https:\/\/chemuza.org\/it\/","logo":{"@type":"ImageObject","inLanguage":"it-IT","@id":"https:\/\/chemuza.org\/it\/#\/schema\/logo\/image\/","url":"https:\/\/chemuza.org\/it\/wp-content\/uploads\/2023\/10\/chemuza-logo.png","contentUrl":"https:\/\/chemuza.org\/it\/wp-content\/uploads\/2023\/10\/chemuza-logo.png","width":387,"height":70,"caption":"Chemuza"},"image":{"@id":"https:\/\/chemuza.org\/it\/#\/schema\/logo\/image\/"}}]}},"yoast_meta":{"yoast_wpseo_title":"","yoast_wpseo_metadesc":"","yoast_wpseo_canonical":""},"_links":{"self":[{"href":"https:\/\/chemuza.org\/it\/wp-json\/wp\/v2\/pages\/1509"}],"collection":[{"href":"https:\/\/chemuza.org\/it\/wp-json\/wp\/v2\/pages"}],"about":[{"href":"https:\/\/chemuza.org\/it\/wp-json\/wp\/v2\/types\/page"}],"author":[{"embeddable":true,"href":"https:\/\/chemuza.org\/it\/wp-json\/wp\/v2\/users\/1"}],"replies":[{"embeddable":true,"href":"https:\/\/chemuza.org\/it\/wp-json\/wp\/v2\/comments?post=1509"}],"version-history":[{"count":0,"href":"https:\/\/chemuza.org\/it\/wp-json\/wp\/v2\/pages\/1509\/revisions"}],"wp:attachment":[{"href":"https:\/\/chemuza.org\/it\/wp-json\/wp\/v2\/media?parent=1509"}],"curies":[{"name":"wp","href":"https:\/\/api.w.org\/{rel}","templated":true}]}}