{"id":1508,"date":"2023-07-14T00:22:54","date_gmt":"2023-07-14T00:22:54","guid":{"rendered":"https:\/\/chemuza.org\/it\/torio\/"},"modified":"2023-07-14T00:22:54","modified_gmt":"2023-07-14T00:22:54","slug":"torio","status":"publish","type":"page","link":"https:\/\/chemuza.org\/it\/torio\/","title":{"rendered":"Torio"},"content":{"rendered":"<p>Come elemento \u00e8 altamente radioattivo e si trova naturalmente nelle sabbie minerali in grandi quantit\u00e0. Inoltre, \u00e8 possibile trovarlo negli animali, nelle piante e nell&#8217;acqua. Poich\u00e9 il torio \u00e8 molto attivo chimicamente, viene utilizzato nel settore nucleare nelle leghe e in altre applicazioni. Scopri di pi\u00f9 sulle sue caratteristiche, origine e propriet\u00e0.<\/p>\n<h2> <strong>Cos&#8217;\u00e8 il torio?<\/strong><\/h2>\n<p> \u00c8 un elemento chimico contrassegnato dal numero atomico 90 situato nel gruppo degli attinidi della tavola periodica. \u00c8 comune trovarlo nei minerali Thorite, Monacite e Thorianite allo stato naturale, con una tonalit\u00e0 tra il bianco o l&#8217;argento con una consistenza morbida. Inoltre, si ossida lentamente e, se schiacciato dal calore, \u00e8 infiammabile ed emette luce bianca.<\/p>\n<h3> <strong>Simbolo del torio<\/strong><\/h3>\n<p> <span class=\"content-chemical-element\" style=\"float: left;width: 65px;height: 65px;border: 3px solid #666; display:flex;\n    justify-content: center;align-items: center;margin-right: 15px;\"><span style=\"font-size: 38px;\">Il suo<\/span><\/span> nome deriva dal dio nordico del fulmine Thor, della mitologia scandinava. Ha ricevuto questo nome per onorare questa mitica divinit\u00e0.<\/p>\n<h2> <strong>Caratteristiche del torio<\/strong><\/h2>\n<p> \u00c8 un metallo tossico con una massa atomica di 232,0381, dalla tonalit\u00e0 argento brillante. \u00c8 capace di conservare la sua luminosit\u00e0, ma a contatto con l&#8217;aria diventa opaco e grigiastro. Scopri le altre funzionalit\u00e0:<\/p>\n<ul>\n<li> <strong>Condizione<\/strong> : metallo solido.<\/li>\n<li> <strong>Colore<\/strong> : Argento brillante, ma con il passare del tempo nell&#8217;atmosfera diventa grigio o nero.<\/li>\n<li> <strong>Sapore e odore<\/strong> : \u00e8 inodore e insapore.<\/li>\n<li> <strong>Duttilit\u00e0<\/strong> : Allo stato naturale \u00e8 duttile.<\/li>\n<li> <strong>Tossicit\u00e0<\/strong> : \u00c8 elevata, colpisce notevolmente l&#8217;uomo, al punto da provocare avvelenamento.<\/li>\n<li> <strong>Radioattivit\u00e0<\/strong> : Alta, perch\u00e9 ha una lunga durata radioattiva che dura 1,4\u00d71010 anni.<\/li>\n<li> <strong>Struttura<\/strong> : cubica centrata sulle facce.<\/li>\n<li> <strong>Composizione<\/strong> : Composto da 90 elettroni e protoni, accompagnati da 141 neutroni stabili.<\/li>\n<li> <strong>Solubilit\u00e0<\/strong> : \u00e8 solubile in acqua.<\/li>\n<\/ul>\n<h2> <strong>Propriet\u00e0 chimiche e fisiche del Torio<\/strong><\/h2>\n<ol>\n<li> <strong>Numero atomico<\/strong> : 90<\/li>\n<li> <strong>Periodo<\/strong> : 7<\/li>\n<li> <strong>Blocco<\/strong> : F<\/li>\n<li> <strong>Gruppo<\/strong> : 3<\/li>\n<li> <strong>Stato di ossidazione<\/strong> : 4, 3, 2<\/li>\n<li> <strong>Raggio covalente (\u00c5):<\/strong> 206<strong> <\/strong>pomeriggio<\/li>\n<li> <strong>Raggio medio:<\/strong> 180h<\/li>\n<li> <strong>Densit\u00e0:<\/strong> 11724 Kg\/m3<\/li>\n<li> <strong>Punto di fusione:<\/strong> 1755<strong> <\/strong>\u00b0C<\/li>\n<li> <strong>Raggio atomico:<\/strong> 179 ore<\/li>\n<li> <strong>Elettronegativit\u00e0:<\/strong> 1.3<\/li>\n<li> <strong>Calore specifico:<\/strong> 120 J \/ (K kg)<\/li>\n<li> <strong>Conduttivit\u00e0 elettrica:<\/strong> 6,53 x 106 S\/m<\/li>\n<li> <strong>Potenziale di prima ionizzazione<\/strong> (eV): 587<\/li>\n<li> <strong>Elettroni per strato:<\/strong> 2, 8, 18, 32, 18, 10, 2<\/li>\n<li> <strong>Configurazione elettronica:<\/strong> [Rn] 7s2 5f2<\/li>\n<li> <strong>Massa atomica (g\/mol):<\/strong> 232.0381 u<\/li>\n<li> <strong>Conduttivit\u00e0 termica:<\/strong> 54 W\/(Km)<\/li>\n<li> <strong>Punto di ebollizione:<\/strong> 4788\u00b0C<\/li>\n<\/ol>\n<h2> <strong>Origine del torio<\/strong><\/h2>\n<p> L&#8217;elemento fu scoperto nel 1828 da J\u00f6ns Jakob Berzelius in Norvegia, mentre studiava un minerale nero, che isol\u00f2 con successo. Tuttavia, nel 1890, i chimici Pierre e Marie Curie condussero esperimenti e confermarono le sue caratteristiche radioattive, che lo classificarono come torio radioattivo.<\/p>\n<h2> <strong>A cosa serve il Torio?<\/strong><\/h2>\n<p> L&#8217;utilizzo del Torio si estende principalmente al campo nucleare come combustibile nelle leghe metalliche. \u00c8 usato come catalizzatore nelle reazioni organiche con altri composti. Inoltre, l&#8217;ossido di torio viene incorporato nel metallo tungsteno nella produzione di filamenti di lampade elettriche. Altri usi sono:<\/p>\n<ul>\n<li> Viene utilizzato come agente casuale in varie strutture meccaniche.<\/li>\n<li> I suoi ossidi vengono utilizzati come ingredienti nella produzione di lenti ad alta precisione, poich\u00e9 ne migliorano le caratteristiche diffrattive.<\/li>\n<li> Viene utilizzato nella fabbricazione di elettrodi per la saldatura del tungsteno.<\/li>\n<li> Viene utilizzato in lega di tungsteno, che facilita l&#8217;emissione di elettroni negli elettrodi, per una perfetta accensione.<\/li>\n<li> Viene utilizzato come materiale di rivestimento nelle torce elettriche a causa della luminosit\u00e0 che fornisce.<\/li>\n<li> Le sue propriet\u00e0 coloranti vengono utilizzate nella produzione di smalti per vetro e ceramica.<\/li>\n<li> Il biossido di torio viene utilizzato come agente di contrasto nel settore della radiologia medica.<\/li>\n<\/ul>\n<h2> <strong>Dove si trova il torio e come si ottiene?<\/strong><\/h2>\n<p> Il torio si trova nell&#8217;ambiente nel suolo, nelle rocce, negli animali e nell&#8217;acqua e proviene dal decadimento radioattivo dell&#8217;uranio. Inoltre, i minerali Torite, Thorianite e Monacite sono fonti pure dell&#8217;elemento, che vengono sfruttate fino ad ottenerlo nella sua forma metallica.<\/p>\n<p> Per ottenerlo effettuiamo una riduzione dell&#8217;ossido di Torio con Calcio. Inoltre, con l&#8217;elettrolisi del dicloruro di torio liquefatto con sodio e potassio, \u00e8 possibile ottenere un campione puro del metallo.<\/p>\n<h2> <strong>Effetti sulla salute del torio<\/strong><\/h2>\n<p> Questo elemento raggiunge l&#8217;ambiente in abbondanti quantit\u00e0 attraverso i gas di scarico degli impianti industriali dove viene lavorato. Un&#8217;elevata esposizione porta allo sviluppo di malattie respiratorie e cancro ai polmoni o al pancreas. Inoltre, influisce in modo significativo sul DNA e sul materiale genetico.<\/p>\n<p> L&#8217;uso eccessivo nelle applicazioni a raggi X pu\u00f2 portare a malattie del fegato. Anche l&#8217;isotopo del torio si deposita nelle ossa in caso di esposizione prolungata ed \u00e8 responsabile del cancro alle ossa.<\/p>\n<p> In conclusione, questo attinide si distingue per la sua radioattivit\u00e0 nella sua forma naturale e metallica, ampiamente utilizzata nelle centrali nucleari, in sostituzione dell&#8217;Uranio. Inoltre, data la sua tossicit\u00e0, va usato con cautela, poich\u00e9 provoca la morte per avvelenamento.<\/p>\n","protected":false},"excerpt":{"rendered":"<p>Come elemento \u00e8 altamente radioattivo e si trova naturalmente nelle sabbie minerali in grandi quantit\u00e0. Inoltre, \u00e8 possibile trovarlo negli animali, nelle piante e nell&#8217;acqua. Poich\u00e9 il torio \u00e8 molto attivo chimicamente, viene utilizzato nel settore nucleare nelle leghe e in altre applicazioni. Scopri di pi\u00f9 sulle sue caratteristiche, origine e propriet\u00e0. Cos&#8217;\u00e8 il torio? &#8230; <a title=\"Torio\" class=\"read-more\" href=\"https:\/\/chemuza.org\/it\/torio\/\" aria-label=\"More on Torio\">Per saperne di pi\u00f9<\/a><\/p>\n","protected":false},"author":1,"featured_media":0,"parent":0,"menu_order":0,"comment_status":"closed","ping_status":"closed","template":"","meta":{"footnotes":""},"yoast_head":"<!-- This site is optimized with the Yoast SEO plugin v21.4 - https:\/\/yoast.com\/wordpress\/plugins\/seo\/ -->\n<title>Torio - Chemuza<\/title>\n<meta name=\"robots\" content=\"index, follow, max-snippet:-1, max-image-preview:large, max-video-preview:-1\" \/>\n<link rel=\"canonical\" href=\"https:\/\/chemuza.org\/it\/torio\/\" \/>\n<meta property=\"og:locale\" content=\"it_IT\" \/>\n<meta property=\"og:type\" content=\"article\" \/>\n<meta property=\"og:title\" content=\"Torio - Chemuza\" \/>\n<meta property=\"og:description\" content=\"Come elemento \u00e8 altamente radioattivo e si trova naturalmente nelle sabbie minerali in grandi quantit\u00e0. Inoltre, \u00e8 possibile trovarlo negli animali, nelle piante e nell&#8217;acqua. Poich\u00e9 il torio \u00e8 molto attivo chimicamente, viene utilizzato nel settore nucleare nelle leghe e in altre applicazioni. Scopri di pi\u00f9 sulle sue caratteristiche, origine e propriet\u00e0. Cos&#8217;\u00e8 il torio? ... Per saperne di pi\u00f9\" \/>\n<meta property=\"og:url\" content=\"https:\/\/chemuza.org\/it\/torio\/\" \/>\n<meta property=\"og:site_name\" content=\"Chemuza\" \/>\n<meta name=\"twitter:card\" content=\"summary_large_image\" \/>\n<meta name=\"twitter:label1\" content=\"Tempo di lettura stimato\" \/>\n\t<meta name=\"twitter:data1\" content=\"3 minuti\" \/>\n<script type=\"application\/ld+json\" class=\"yoast-schema-graph\">{\"@context\":\"https:\/\/schema.org\",\"@graph\":[{\"@type\":\"WebPage\",\"@id\":\"https:\/\/chemuza.org\/it\/torio\/\",\"url\":\"https:\/\/chemuza.org\/it\/torio\/\",\"name\":\"Torio - Chemuza\",\"isPartOf\":{\"@id\":\"https:\/\/chemuza.org\/it\/#website\"},\"datePublished\":\"2023-07-14T00:22:54+00:00\",\"dateModified\":\"2023-07-14T00:22:54+00:00\",\"breadcrumb\":{\"@id\":\"https:\/\/chemuza.org\/it\/torio\/#breadcrumb\"},\"inLanguage\":\"it-IT\",\"potentialAction\":[{\"@type\":\"ReadAction\",\"target\":[\"https:\/\/chemuza.org\/it\/torio\/\"]}]},{\"@type\":\"BreadcrumbList\",\"@id\":\"https:\/\/chemuza.org\/it\/torio\/#breadcrumb\",\"itemListElement\":[{\"@type\":\"ListItem\",\"position\":1,\"name\":\"Casa\",\"item\":\"https:\/\/chemuza.org\/it\/\"},{\"@type\":\"ListItem\",\"position\":2,\"name\":\"Torio\"}]},{\"@type\":\"WebSite\",\"@id\":\"https:\/\/chemuza.org\/it\/#website\",\"url\":\"https:\/\/chemuza.org\/it\/\",\"name\":\"Chemuza\",\"description\":\"La tua porta d&#039;accesso alla scoperta chimica!\",\"publisher\":{\"@id\":\"https:\/\/chemuza.org\/it\/#organization\"},\"potentialAction\":[{\"@type\":\"SearchAction\",\"target\":{\"@type\":\"EntryPoint\",\"urlTemplate\":\"https:\/\/chemuza.org\/it\/?s={search_term_string}\"},\"query-input\":\"required name=search_term_string\"}],\"inLanguage\":\"it-IT\"},{\"@type\":\"Organization\",\"@id\":\"https:\/\/chemuza.org\/it\/#organization\",\"name\":\"Chemuza\",\"url\":\"https:\/\/chemuza.org\/it\/\",\"logo\":{\"@type\":\"ImageObject\",\"inLanguage\":\"it-IT\",\"@id\":\"https:\/\/chemuza.org\/it\/#\/schema\/logo\/image\/\",\"url\":\"https:\/\/chemuza.org\/it\/wp-content\/uploads\/2023\/10\/chemuza-logo.png\",\"contentUrl\":\"https:\/\/chemuza.org\/it\/wp-content\/uploads\/2023\/10\/chemuza-logo.png\",\"width\":387,\"height\":70,\"caption\":\"Chemuza\"},\"image\":{\"@id\":\"https:\/\/chemuza.org\/it\/#\/schema\/logo\/image\/\"}}]}<\/script>\n<!-- \/ Yoast SEO plugin. -->","yoast_head_json":{"title":"Torio - Chemuza","robots":{"index":"index","follow":"follow","max-snippet":"max-snippet:-1","max-image-preview":"max-image-preview:large","max-video-preview":"max-video-preview:-1"},"canonical":"https:\/\/chemuza.org\/it\/torio\/","og_locale":"it_IT","og_type":"article","og_title":"Torio - Chemuza","og_description":"Come elemento \u00e8 altamente radioattivo e si trova naturalmente nelle sabbie minerali in grandi quantit\u00e0. Inoltre, \u00e8 possibile trovarlo negli animali, nelle piante e nell&#8217;acqua. Poich\u00e9 il torio \u00e8 molto attivo chimicamente, viene utilizzato nel settore nucleare nelle leghe e in altre applicazioni. Scopri di pi\u00f9 sulle sue caratteristiche, origine e propriet\u00e0. Cos&#8217;\u00e8 il torio? ... Per saperne di pi\u00f9","og_url":"https:\/\/chemuza.org\/it\/torio\/","og_site_name":"Chemuza","twitter_card":"summary_large_image","twitter_misc":{"Tempo di lettura stimato":"3 minuti"},"schema":{"@context":"https:\/\/schema.org","@graph":[{"@type":"WebPage","@id":"https:\/\/chemuza.org\/it\/torio\/","url":"https:\/\/chemuza.org\/it\/torio\/","name":"Torio - Chemuza","isPartOf":{"@id":"https:\/\/chemuza.org\/it\/#website"},"datePublished":"2023-07-14T00:22:54+00:00","dateModified":"2023-07-14T00:22:54+00:00","breadcrumb":{"@id":"https:\/\/chemuza.org\/it\/torio\/#breadcrumb"},"inLanguage":"it-IT","potentialAction":[{"@type":"ReadAction","target":["https:\/\/chemuza.org\/it\/torio\/"]}]},{"@type":"BreadcrumbList","@id":"https:\/\/chemuza.org\/it\/torio\/#breadcrumb","itemListElement":[{"@type":"ListItem","position":1,"name":"Casa","item":"https:\/\/chemuza.org\/it\/"},{"@type":"ListItem","position":2,"name":"Torio"}]},{"@type":"WebSite","@id":"https:\/\/chemuza.org\/it\/#website","url":"https:\/\/chemuza.org\/it\/","name":"Chemuza","description":"La tua porta d&#039;accesso alla scoperta chimica!","publisher":{"@id":"https:\/\/chemuza.org\/it\/#organization"},"potentialAction":[{"@type":"SearchAction","target":{"@type":"EntryPoint","urlTemplate":"https:\/\/chemuza.org\/it\/?s={search_term_string}"},"query-input":"required name=search_term_string"}],"inLanguage":"it-IT"},{"@type":"Organization","@id":"https:\/\/chemuza.org\/it\/#organization","name":"Chemuza","url":"https:\/\/chemuza.org\/it\/","logo":{"@type":"ImageObject","inLanguage":"it-IT","@id":"https:\/\/chemuza.org\/it\/#\/schema\/logo\/image\/","url":"https:\/\/chemuza.org\/it\/wp-content\/uploads\/2023\/10\/chemuza-logo.png","contentUrl":"https:\/\/chemuza.org\/it\/wp-content\/uploads\/2023\/10\/chemuza-logo.png","width":387,"height":70,"caption":"Chemuza"},"image":{"@id":"https:\/\/chemuza.org\/it\/#\/schema\/logo\/image\/"}}]}},"yoast_meta":{"yoast_wpseo_title":"","yoast_wpseo_metadesc":"","yoast_wpseo_canonical":""},"_links":{"self":[{"href":"https:\/\/chemuza.org\/it\/wp-json\/wp\/v2\/pages\/1508"}],"collection":[{"href":"https:\/\/chemuza.org\/it\/wp-json\/wp\/v2\/pages"}],"about":[{"href":"https:\/\/chemuza.org\/it\/wp-json\/wp\/v2\/types\/page"}],"author":[{"embeddable":true,"href":"https:\/\/chemuza.org\/it\/wp-json\/wp\/v2\/users\/1"}],"replies":[{"embeddable":true,"href":"https:\/\/chemuza.org\/it\/wp-json\/wp\/v2\/comments?post=1508"}],"version-history":[{"count":0,"href":"https:\/\/chemuza.org\/it\/wp-json\/wp\/v2\/pages\/1508\/revisions"}],"wp:attachment":[{"href":"https:\/\/chemuza.org\/it\/wp-json\/wp\/v2\/media?parent=1508"}],"curies":[{"name":"wp","href":"https:\/\/api.w.org\/{rel}","templated":true}]}}