{"id":1507,"date":"2023-07-14T00:44:55","date_gmt":"2023-07-14T00:44:55","guid":{"rendered":"https:\/\/chemuza.org\/it\/guida\/"},"modified":"2023-07-14T00:44:55","modified_gmt":"2023-07-14T00:44:55","slug":"guida","status":"publish","type":"page","link":"https:\/\/chemuza.org\/it\/guida\/","title":{"rendered":"Guida"},"content":{"rendered":"<p>Questo metallo si trova nell&#8217;ambiente della crosta terrestre sotto forma di solfuro di piombo e come parte del minerale chiamato galena, anche se allo stato elementare \u00e8 raro. Inoltre, pu\u00f2 essere trovato con altri minerali come Anglesite e Cerussite. Scopri tutto su questo elemento chimico utilizzato in vari settori e attivit\u00e0 umane.<\/p>\n<h2> <strong>Cos&#8217;\u00e8 il piombo?<\/strong><\/h2>\n<p> \u00c8 un elemento metallico che si trova insieme ai semimetalli e ai metalloidi nella tavola periodica. \u00c8 solido, pesante, lucido, di colore bianco bluastro e quando si appanna assume un colore grigio opaco. Alcuni dei suoi composti pi\u00f9 importanti sono il piombo tetraetile e l&#8217;ossido di piombo e formano leghe con metalli come rame, bismuto, sodio, cadmio, stagno, antimonio e arsenico.<\/p>\n<h3> <strong>Simbolo del piombo<\/strong><\/h3>\n<p> <span class=\"content-chemical-element\" style=\"float: left;width: 65px;height: 65px;border: 3px solid #666; display:flex;\n    justify-content: center;align-items: center;margin-right: 15px;\"><span style=\"font-size: 38px;\">Pb<\/span><\/span> Si trova nel gruppo 14 della tavola periodica con numero atomico 82 e peso atomico 207,19. \u00c8 composto da 27 isotopi, quattro dei quali stabili, come <sup>204<\/sup> Pb, <sup>206<\/sup> Pb, <sup>207<\/sup> Pb e <sup>208<\/sup> Pb.<\/p>\n<h2> <strong>Caratteristiche del piombo<\/strong><\/h2>\n<p> \u00c8 resistente all&#8217;acido cloridrico e all&#8217;acido solforico, ma si dissolve lentamente nell&#8217;acido nitrico. Pu\u00f2 essere facilmente fuso, \u00e8 anelastico e flessibile ed \u00e8 considerato uno dei metalli pi\u00f9 resistenti. Pu\u00f2 essere tossico e pericoloso per la salute se inalato o ingerito. Altre caratteristiche sono:<\/p>\n<ul>\n<li> <strong>Lucentezza:<\/strong> metallica.<\/li>\n<li> <strong>Trasparenza:<\/strong> opaca.<\/li>\n<li> <strong>Robustezza:<\/strong> malleabile.<\/li>\n<li> <strong>Struttura cristallina:<\/strong> cubica centrata sulle facce.<\/li>\n<li> <strong>Flessibilit\u00e0:<\/strong> \u00c8 un elemento flessibile e pu\u00f2 facilmente sciogliersi a 327,4\u00b0C e bollire a 1725\u00b0C.<\/li>\n<li> <strong>Magnetismo<\/strong> : \u00e8 un metallo debolmente diamagnetico.<\/li>\n<li> <strong>Condizione<\/strong> : naturalmente \u00e8 solido.<\/li>\n<\/ul>\n<h2> <strong>Propriet\u00e0 chimiche e fisiche del piombo<\/strong><\/h2>\n<ol>\n<li> <strong>Numero atomico<\/strong> : 82<\/li>\n<li> <strong>Periodo:<\/strong> 6<\/li>\n<li> <strong>blocco:<\/strong> pag<\/li>\n<li> <strong>Raggio covalente (\u00c5):<\/strong> 147<\/li>\n<li> <strong>Raggio atomico:<\/strong> 154<\/li>\n<li> <strong>Punto di fusione:<\/strong> 600,61K<\/li>\n<li> <strong>Punto di ebollizione:<\/strong> 2022K<\/li>\n<li> <strong>Densit\u00e0:<\/strong> 11340 kg\/m\u00b3<\/li>\n<li> <strong>Configurazione elettronica:<\/strong> [Xe] 6s <sup>2<\/sup> 4f <sup>14<\/sup> 5d <sup>10<\/sup> 6p <sup>2<\/sup><\/li>\n<li> <strong>Entalpia di vaporizzazione:<\/strong> 177,7 kJ\/mol<\/li>\n<li> <strong>Entalpia di fusione:<\/strong> 4.799 Kj\/mol<\/li>\n<li> <strong>Velocit\u00e0 del suono:<\/strong> 1260 m\/s a 293,15 K<\/li>\n<li> <strong>Pressione di vapore:<\/strong> 4,21 x 10 <sup>-7<\/sup> Pa a 600 K<\/li>\n<li> <strong>Conduttivit\u00e0 elettrica:<\/strong> 4,81 x 10 <sup>6<\/sup><\/li>\n<li> <strong>Conduttivit\u00e0 termica:<\/strong> 35,3 W<\/li>\n<li> <strong>Calore specifico:<\/strong> 129 J<\/li>\n<\/ol>\n<h2> <strong>Origine del piombo<\/strong><\/h2>\n<p> I primi a lavorare questo metallo furono gli Egiziani che lo ottenevano contemporaneamente all&#8217;argento e al ferro. Inoltre \u00e8 conosciuto fin dall&#8217;antichit\u00e0 dai Romani che lo utilizzavano in grandi quantit\u00e0 per condurre l&#8217;acqua. Il nome di questo metallo deriva dal latino plumbum che significa opere idrauliche. I romani lo chiamavano Plumbum nigrum per distinguerlo dallo stagno.<\/p>\n<h2> <strong>A cosa serve il Piombo?<\/strong><\/h2>\n<p> Dall&#8217;antica Cina alla Mesopotamia e oggi \u00e8 stato utilizzato in applicazioni che vanno dai cosmetici e dalle batterie per auto ai proiettili di armi e materiali decorativi. \u00c8 uno dei metalli pi\u00f9 importanti al mondo per i suoi usi industriali qui descritti:<\/p>\n<h3> <strong>Industria<\/strong><strong><\/strong><\/h3>\n<p> Prima del 1900 veniva utilizzato per rivestire tombe, vernici o smalti per ceramiche. Inoltre, veniva utilizzato per produrre batterie per auto e come principale additivo nella benzina. Oggi viene utilizzato per alcune munizioni e per la ceramica.<\/p>\n<p> Viene anche utilizzato per realizzare batterie, pigmenti, elementi di costruzione e saldature. Poich\u00e9 \u00e8 duttile, cio\u00e8 pu\u00f2 essere allungato per formare una guaina attorno ai conduttori interni, viene utilizzato nella fabbricazione di guaine per cavi televisivi, telefonici, elettrici e altri. di Internet. Viene utilizzato anche come schermo protettivo nelle macchine a raggi X.<\/p>\n<p> D&#8217;altro canto, il carbonato di piombo, i sali di acidi organici e i silicati vengono utilizzati come stabilizzanti contro la luce e il calore in alcune materie plastiche. Il piombo azzurro viene utilizzato per gli esplosivi. L&#8217;arseniato di piombo \u00e8 usato come insetticida e per proteggere i raccolti da zanzare, scarafaggi e altri animali. Infine, l&#8217;ossido di piombo viene utilizzato per migliorare il magnetismo dei magneti ceramici.<\/p>\n<h2> <strong>Malattie causate dal piombo<\/strong><\/h2>\n<p> L&#8217;esposizione professionale nelle industrie pu\u00f2 avere effetti dannosi sul corpo. Alcuni degli effetti tossici del piombo sul corpo umano:<\/p>\n<ul>\n<li> Diminuzione della fertilit\u00e0 maschile.<\/li>\n<li> Problemi di equilibrio e udito.<\/li>\n<\/ul>\n<ul>\n<li> Danni al sistema nervoso periferico e centrale.<\/li>\n<li> Aborti spontanei.<\/li>\n<li> Alterazione della pressione sanguigna.<\/li>\n<li> Formazione di depositi di piombo nelle gengive.<\/li>\n<li> Anemia.<\/li>\n<li> Danni alla funzionalit\u00e0 renale.<\/li>\n<li> Disturbi nel comportamento dei bambini come ipersensibilit\u00e0 e aggressivit\u00e0.<\/li>\n<\/ul>\n<p> In conclusione, questo metallo si trova nella crosta terrestre sotto forma di solfuro di piombo. Il suo colore \u00e8 bianco bluastro e quando si appanna \u00e8 grigio opaco e il suo stato naturale \u00e8 solido. Inoltre, viene utilizzato principalmente nelle industrie e un&#8217;elevata esposizione pu\u00f2 causare gravi danni all&#8217;organismo, sia a livello fisico che cognitivo.<\/p>\n","protected":false},"excerpt":{"rendered":"<p>Questo metallo si trova nell&#8217;ambiente della crosta terrestre sotto forma di solfuro di piombo e come parte del minerale chiamato galena, anche se allo stato elementare \u00e8 raro. Inoltre, pu\u00f2 essere trovato con altri minerali come Anglesite e Cerussite. Scopri tutto su questo elemento chimico utilizzato in vari settori e attivit\u00e0 umane. Cos&#8217;\u00e8 il piombo? &#8230; <a title=\"Guida\" class=\"read-more\" href=\"https:\/\/chemuza.org\/it\/guida\/\" aria-label=\"More on Guida\">Per saperne di pi\u00f9<\/a><\/p>\n","protected":false},"author":1,"featured_media":0,"parent":0,"menu_order":0,"comment_status":"closed","ping_status":"closed","template":"","meta":{"footnotes":""},"yoast_head":"<!-- This site is optimized with the Yoast SEO plugin v21.4 - https:\/\/yoast.com\/wordpress\/plugins\/seo\/ -->\n<title>Piombo - Chemuza<\/title>\n<meta name=\"robots\" content=\"index, follow, max-snippet:-1, max-image-preview:large, max-video-preview:-1\" \/>\n<link rel=\"canonical\" href=\"https:\/\/chemuza.org\/it\/guida\/\" \/>\n<meta property=\"og:locale\" content=\"it_IT\" \/>\n<meta property=\"og:type\" content=\"article\" \/>\n<meta property=\"og:title\" content=\"Piombo - Chemuza\" \/>\n<meta property=\"og:description\" content=\"Questo metallo si trova nell&#8217;ambiente della crosta terrestre sotto forma di solfuro di piombo e come parte del minerale chiamato galena, anche se allo stato elementare \u00e8 raro. Inoltre, pu\u00f2 essere trovato con altri minerali come Anglesite e Cerussite. Scopri tutto su questo elemento chimico utilizzato in vari settori e attivit\u00e0 umane. Cos&#8217;\u00e8 il piombo? ... Per saperne di pi\u00f9\" \/>\n<meta property=\"og:url\" content=\"https:\/\/chemuza.org\/it\/guida\/\" \/>\n<meta property=\"og:site_name\" content=\"Chemuza\" \/>\n<meta name=\"twitter:card\" content=\"summary_large_image\" \/>\n<meta name=\"twitter:label1\" content=\"Tempo di lettura stimato\" \/>\n\t<meta name=\"twitter:data1\" content=\"3 minuti\" \/>\n<script type=\"application\/ld+json\" class=\"yoast-schema-graph\">{\"@context\":\"https:\/\/schema.org\",\"@graph\":[{\"@type\":\"WebPage\",\"@id\":\"https:\/\/chemuza.org\/it\/guida\/\",\"url\":\"https:\/\/chemuza.org\/it\/guida\/\",\"name\":\"Piombo - Chemuza\",\"isPartOf\":{\"@id\":\"https:\/\/chemuza.org\/it\/#website\"},\"datePublished\":\"2023-07-14T00:44:55+00:00\",\"dateModified\":\"2023-07-14T00:44:55+00:00\",\"breadcrumb\":{\"@id\":\"https:\/\/chemuza.org\/it\/guida\/#breadcrumb\"},\"inLanguage\":\"it-IT\",\"potentialAction\":[{\"@type\":\"ReadAction\",\"target\":[\"https:\/\/chemuza.org\/it\/guida\/\"]}]},{\"@type\":\"BreadcrumbList\",\"@id\":\"https:\/\/chemuza.org\/it\/guida\/#breadcrumb\",\"itemListElement\":[{\"@type\":\"ListItem\",\"position\":1,\"name\":\"Casa\",\"item\":\"https:\/\/chemuza.org\/it\/\"},{\"@type\":\"ListItem\",\"position\":2,\"name\":\"Guida\"}]},{\"@type\":\"WebSite\",\"@id\":\"https:\/\/chemuza.org\/it\/#website\",\"url\":\"https:\/\/chemuza.org\/it\/\",\"name\":\"Chemuza\",\"description\":\"La tua porta d&#039;accesso alla scoperta chimica!\",\"publisher\":{\"@id\":\"https:\/\/chemuza.org\/it\/#organization\"},\"potentialAction\":[{\"@type\":\"SearchAction\",\"target\":{\"@type\":\"EntryPoint\",\"urlTemplate\":\"https:\/\/chemuza.org\/it\/?s={search_term_string}\"},\"query-input\":\"required name=search_term_string\"}],\"inLanguage\":\"it-IT\"},{\"@type\":\"Organization\",\"@id\":\"https:\/\/chemuza.org\/it\/#organization\",\"name\":\"Chemuza\",\"url\":\"https:\/\/chemuza.org\/it\/\",\"logo\":{\"@type\":\"ImageObject\",\"inLanguage\":\"it-IT\",\"@id\":\"https:\/\/chemuza.org\/it\/#\/schema\/logo\/image\/\",\"url\":\"https:\/\/chemuza.org\/it\/wp-content\/uploads\/2023\/10\/chemuza-logo.png\",\"contentUrl\":\"https:\/\/chemuza.org\/it\/wp-content\/uploads\/2023\/10\/chemuza-logo.png\",\"width\":387,\"height\":70,\"caption\":\"Chemuza\"},\"image\":{\"@id\":\"https:\/\/chemuza.org\/it\/#\/schema\/logo\/image\/\"}}]}<\/script>\n<!-- \/ Yoast SEO plugin. -->","yoast_head_json":{"title":"Piombo - Chemuza","robots":{"index":"index","follow":"follow","max-snippet":"max-snippet:-1","max-image-preview":"max-image-preview:large","max-video-preview":"max-video-preview:-1"},"canonical":"https:\/\/chemuza.org\/it\/guida\/","og_locale":"it_IT","og_type":"article","og_title":"Piombo - Chemuza","og_description":"Questo metallo si trova nell&#8217;ambiente della crosta terrestre sotto forma di solfuro di piombo e come parte del minerale chiamato galena, anche se allo stato elementare \u00e8 raro. Inoltre, pu\u00f2 essere trovato con altri minerali come Anglesite e Cerussite. Scopri tutto su questo elemento chimico utilizzato in vari settori e attivit\u00e0 umane. Cos&#8217;\u00e8 il piombo? ... Per saperne di pi\u00f9","og_url":"https:\/\/chemuza.org\/it\/guida\/","og_site_name":"Chemuza","twitter_card":"summary_large_image","twitter_misc":{"Tempo di lettura stimato":"3 minuti"},"schema":{"@context":"https:\/\/schema.org","@graph":[{"@type":"WebPage","@id":"https:\/\/chemuza.org\/it\/guida\/","url":"https:\/\/chemuza.org\/it\/guida\/","name":"Piombo - Chemuza","isPartOf":{"@id":"https:\/\/chemuza.org\/it\/#website"},"datePublished":"2023-07-14T00:44:55+00:00","dateModified":"2023-07-14T00:44:55+00:00","breadcrumb":{"@id":"https:\/\/chemuza.org\/it\/guida\/#breadcrumb"},"inLanguage":"it-IT","potentialAction":[{"@type":"ReadAction","target":["https:\/\/chemuza.org\/it\/guida\/"]}]},{"@type":"BreadcrumbList","@id":"https:\/\/chemuza.org\/it\/guida\/#breadcrumb","itemListElement":[{"@type":"ListItem","position":1,"name":"Casa","item":"https:\/\/chemuza.org\/it\/"},{"@type":"ListItem","position":2,"name":"Guida"}]},{"@type":"WebSite","@id":"https:\/\/chemuza.org\/it\/#website","url":"https:\/\/chemuza.org\/it\/","name":"Chemuza","description":"La tua porta d&#039;accesso alla scoperta chimica!","publisher":{"@id":"https:\/\/chemuza.org\/it\/#organization"},"potentialAction":[{"@type":"SearchAction","target":{"@type":"EntryPoint","urlTemplate":"https:\/\/chemuza.org\/it\/?s={search_term_string}"},"query-input":"required name=search_term_string"}],"inLanguage":"it-IT"},{"@type":"Organization","@id":"https:\/\/chemuza.org\/it\/#organization","name":"Chemuza","url":"https:\/\/chemuza.org\/it\/","logo":{"@type":"ImageObject","inLanguage":"it-IT","@id":"https:\/\/chemuza.org\/it\/#\/schema\/logo\/image\/","url":"https:\/\/chemuza.org\/it\/wp-content\/uploads\/2023\/10\/chemuza-logo.png","contentUrl":"https:\/\/chemuza.org\/it\/wp-content\/uploads\/2023\/10\/chemuza-logo.png","width":387,"height":70,"caption":"Chemuza"},"image":{"@id":"https:\/\/chemuza.org\/it\/#\/schema\/logo\/image\/"}}]}},"yoast_meta":{"yoast_wpseo_title":"","yoast_wpseo_metadesc":"","yoast_wpseo_canonical":""},"_links":{"self":[{"href":"https:\/\/chemuza.org\/it\/wp-json\/wp\/v2\/pages\/1507"}],"collection":[{"href":"https:\/\/chemuza.org\/it\/wp-json\/wp\/v2\/pages"}],"about":[{"href":"https:\/\/chemuza.org\/it\/wp-json\/wp\/v2\/types\/page"}],"author":[{"embeddable":true,"href":"https:\/\/chemuza.org\/it\/wp-json\/wp\/v2\/users\/1"}],"replies":[{"embeddable":true,"href":"https:\/\/chemuza.org\/it\/wp-json\/wp\/v2\/comments?post=1507"}],"version-history":[{"count":0,"href":"https:\/\/chemuza.org\/it\/wp-json\/wp\/v2\/pages\/1507\/revisions"}],"wp:attachment":[{"href":"https:\/\/chemuza.org\/it\/wp-json\/wp\/v2\/media?parent=1507"}],"curies":[{"name":"wp","href":"https:\/\/api.w.org\/{rel}","templated":true}]}}