{"id":1505,"date":"2023-07-14T01:18:48","date_gmt":"2023-07-14T01:18:48","guid":{"rendered":"https:\/\/chemuza.org\/it\/iridio\/"},"modified":"2023-07-14T01:18:48","modified_gmt":"2023-07-14T01:18:48","slug":"iridio","status":"publish","type":"page","link":"https:\/\/chemuza.org\/it\/iridio\/","title":{"rendered":"Iridio"},"content":{"rendered":"<p>Sapevi che l&#8217;elemento Iridio \u00e8 cos\u00ec raro da essere considerato extraterrestre? Ci\u00f2 \u00e8 dovuto alla sua abbondanza di meteoriti come il Willamette. D&#8217;altronde per ottenerne appena 1 kg occorre lavorare circa 350.000 rocce che lo contengono, perch\u00e9 per ogni miliardo di atomi ce n&#8217;\u00e8 uno di questo metallo. Scopri l&#8217;origine, le propriet\u00e0 e le caratteristiche di questo composto sulla tavola periodica.<\/p>\n<h2> <strong>Cos&#8217;\u00e8 l&#8217;iridio?<\/strong><\/h2>\n<p> \u00c8 un metallo di transizione che fa parte del gruppo del Platino, poich\u00e9 presentano somiglianze tra loro, al punto da essere confusi. \u00c8 l&#8217;elemento chimico con la maggiore resistenza alla corrosione e alle alte temperature. Inoltre, ha alta densit\u00e0, durezza, punto di fusione e punto di ebollizione. Inoltre, \u00e8 fragile, di aspetto bianco-argenteo e pesante.<\/p>\n<h3> <strong>Simbolo dell&#8217;iridio<\/strong><\/h3>\n<p> <span class=\"content-chemical-element\" style=\"float: left;width: 65px;height: 65px;border: 3px solid #666; display:flex;\n    justify-content: center;align-items: center;margin-right: 15px;\"><span style=\"font-size: 38px;\">Ir<\/span><\/span> Il simbolo Iridium \u00e8 un&#8217;abbreviazione che etimologicamente deriva dalla parola greca <em>iris<\/em> , che significa <em>arcobaleno<\/em> . Riceve questo nome in onore della dea greca Iris, anche per la grande variet\u00e0 di colori che possedevano i suoi composti.<\/p>\n<h2> <strong>Caratteristiche dell&#8217;iridio<\/strong><\/h2>\n<p> Alcune delle sue propriet\u00e0 includono essere il secondo elemento in termini di modulo elastico, superconduttivit\u00e0 a -273\u00b0C e buone propriet\u00e0 meccaniche. Inoltre, \u00e8 duro, inodore, pesante, di consistenza metallica, anticorrosivo e non sbiadisce. Tuttavia, ad alte temperature reagisce con fluoro, ossigeno e sali fusi. Inoltre, a causa della sua resistenza alla deformazione, \u00e8 difficile modellarlo. Altre caratteristiche sono:<\/p>\n<ul>\n<li> <strong>Reattivit\u00e0 Chimica<\/strong> : Contiene ottima inerzia, poich\u00e9 generalmente non viene attaccato da acidi, acqua regia, silicati o metalli fusi.<\/li>\n<li> <strong>Fusione e ebollizione<\/strong> : ha il nono punto di fusione pi\u00f9 alto tra gli altri elementi e il decimo punto di ebollizione pi\u00f9 alto.<\/li>\n<li> <strong>Colore<\/strong> : Ha una colorazione bianca, argentata e con toni giallastri allo stato puro.<\/li>\n<li> <strong>Condizione<\/strong> : ha una condizione solida e ordinaria.<\/li>\n<li> <strong>Densit\u00e0<\/strong> : \u00c8 l&#8217;elemento pi\u00f9 denso dopo l&#8217;osmio, con un&#8217;inferiorit\u00e0 dello 0,1%.<\/li>\n<li> <strong>Sviluppi<\/strong> : A 600\u00b0C si forma un film molto sottile di ossido aderente.<\/li>\n<li> <strong>Conducibilit\u00e0 termica ed elettrica<\/strong> : \u00e8 un buon conduttore di elettricit\u00e0 e calore.<\/li>\n<li> <strong>Temperatura<\/strong> : Resiste molto bene a temperature estreme o superiori a 1600\u00b0C.<\/li>\n<li> <strong>Duttilit\u00e0<\/strong> : ha poca duttilit\u00e0.<\/li>\n<li> <strong>Durezza<\/strong> : sulla scala di Mohs, ha una durezza minerale di 2,7.<\/li>\n<\/ul>\n<h2> <strong>Propriet\u00e0 chimiche e fisiche dell&#8217;iridio<\/strong><\/h2>\n<ol>\n<li> <strong>Numero atomico<\/strong> : 77<\/li>\n<li> <strong>Ossido<\/strong> : basicit\u00e0 media<\/li>\n<li> <strong>Densit\u00e0 (g\/ml)<\/strong> : 22.560<\/li>\n<li> <strong>Raggio covalente (\u00c5)<\/strong> : 141 pm<\/li>\n<li> <strong>Calore specifico<\/strong> : Non ha<\/li>\n<li> <strong>Punto di fusione<\/strong> : 2466\u00b0C (2739K)<\/li>\n<li> <strong>Massa atomica (g\/mol)<\/strong> : 192.217 u<\/li>\n<li> <strong>Entalpia di fusione<\/strong> : 41,12 kJ\/mol<\/li>\n<li> <strong>Elettroni per livello<\/strong> : 2, 8, 18, 32, 15, 2<\/li>\n<li> <strong>Entalpia di vaporizzazione<\/strong> : 563 kJ\/mol<\/li>\n<li> <strong>Punto di ebollizione<\/strong> : 4428 \u00b0C (4701 K)<\/li>\n<li> <strong>Configurazione elettronica<\/strong> : [Xe] 4f <sup>14<\/sup> 5d <sup>7<\/sup> 6s <sup>2<\/sup><\/li>\n<li> <strong>Velocit\u00e0 del suono<\/strong> : 4825 m\/s a 293,15 K<\/li>\n<li> <strong>Potenziale di prima ionizzazione (eV)<\/strong> : 880 kJ\/mol<\/li>\n<li> <strong>Raggio atomico (\u00c5)<\/strong> : 136 pm (raggio di Bohr)<\/li>\n<li> <strong>Stati di ossidazione<\/strong> : -3, -1, 0, 1, 2, 3, 4, 5, 6, 9<\/li>\n<li> <strong>Elettronegativit\u00e0<\/strong> : 2,20 (scala Pauling)<\/li>\n<\/ol>\n<h2> <strong>Origine dell&#8217;iridio<\/strong><\/h2>\n<p> Secondo la storia dell&#8217;elemento Iridio, la sua scoperta avvenne con il metallo Platino, fin dall&#8217;antichit\u00e0 si credeva che fosse solo una lega di quest&#8217;ultimo. Tuttavia, questa idea cambi\u00f2 a partire dal 1804 quando fu considerato un nuovo elemento chimico. Successivamente, nel 1803, i primi chimici ad analizzare il platino scoprirono che dopo la sua dissoluzione si formava un residuo di colore scuro. Inizialmente il francese Joseph Louis Proust pens\u00f2 erroneamente che si trattasse di grafite.<\/p>\n<p> Allo stesso modo, il chimico Smithson Tennant analizz\u00f2 questo residuo e identific\u00f2 due nuovi elementi ed \u00e8 per questo riconosciuto come lo scopritore dell&#8217;iridio. Pi\u00f9 tardi, nel 1813, lo scienziato John George Children riusc\u00ec a fondere il metallo per la prima volta. Successivamente, nel 1842, Robert Hare ottenne il metallo puro, non malleabile e duro.<\/p>\n<h2> <strong>A cosa serve l&#8217;Iridio?<\/strong><\/h2>\n<p> \u00c8 un metallo che contiene applicazioni nell&#8217;industria medicinale, scientifica, chimica e metallurgica. Ad esempio, le leghe di questo elemento vengono spesso utilizzate per realizzare parti resistenti per gli aerei. Guarda altri usi dell&#8217;elemento:<\/p>\n<ul>\n<li> Le propriet\u00e0 dell&#8217;iridio vengono utilizzate in medicina, in particolare durante un trattamento contro il cancro chiamato brachiterapia.<\/li>\n<li> Viene utilizzato nella fabbricazione di contatti elettrici per candele.<\/li>\n<li> \u00c8 stato utilizzato come materiale durante la creazione del prototipo internazionale dell&#8217;unit\u00e0 <em>chilogrammo<\/em> e <em>metro<\/em> , grazie alla sua eccellente resistenza alla corrosione.<\/li>\n<li> Nella meccanica quantistica viene utilizzato per formare antiprotoni, che sono una sorta di antimateria.<\/li>\n<li> Utilizzato come catalizzatore durante la produzione di acido nitrico.<\/li>\n<li> In gioielleria viene utilizzato come materiale di fabbricazione per alcuni pezzi.<\/li>\n<li> Forma leghe con platino, osmio e rutenio per ottenere maggiore durezza e resistenza, ad esempio nelle penne stilografiche e nei fusti.<\/li>\n<li> Un altro utilizzo dell&#8217;iridio \u00e8 il suo contributo nella produzione di forni industriali, crogioli e parti esposte ad alte temperature.<\/li>\n<\/ul>\n<p> In breve, l&#8217;iridio \u00e8 un elemento metallico di transizione che si trova nel gruppo del platino. Ha la pi\u00f9 alta resistenza alla corrosione tra gli elementi. \u00c8 denso, pesante, duro e fragile. Inoltre, contiene una tonalit\u00e0 bianco-argentata, punti di fusione e di ebollizione elevati e inerzia.<\/p>\n","protected":false},"excerpt":{"rendered":"<p>Sapevi che l&#8217;elemento Iridio \u00e8 cos\u00ec raro da essere considerato extraterrestre? Ci\u00f2 \u00e8 dovuto alla sua abbondanza di meteoriti come il Willamette. D&#8217;altronde per ottenerne appena 1 kg occorre lavorare circa 350.000 rocce che lo contengono, perch\u00e9 per ogni miliardo di atomi ce n&#8217;\u00e8 uno di questo metallo. Scopri l&#8217;origine, le propriet\u00e0 e le caratteristiche &#8230; <a title=\"Iridio\" class=\"read-more\" href=\"https:\/\/chemuza.org\/it\/iridio\/\" aria-label=\"More on Iridio\">Per saperne di pi\u00f9<\/a><\/p>\n","protected":false},"author":1,"featured_media":0,"parent":0,"menu_order":0,"comment_status":"closed","ping_status":"closed","template":"","meta":{"footnotes":""},"yoast_head":"<!-- This site is optimized with the Yoast SEO plugin v21.4 - https:\/\/yoast.com\/wordpress\/plugins\/seo\/ -->\n<title>Iridio - Chemuza<\/title>\n<meta name=\"robots\" content=\"index, follow, max-snippet:-1, max-image-preview:large, max-video-preview:-1\" \/>\n<link rel=\"canonical\" href=\"https:\/\/chemuza.org\/it\/iridio\/\" \/>\n<meta property=\"og:locale\" content=\"it_IT\" \/>\n<meta property=\"og:type\" content=\"article\" \/>\n<meta property=\"og:title\" content=\"Iridio - Chemuza\" \/>\n<meta property=\"og:description\" content=\"Sapevi che l&#8217;elemento Iridio \u00e8 cos\u00ec raro da essere considerato extraterrestre? Ci\u00f2 \u00e8 dovuto alla sua abbondanza di meteoriti come il Willamette. D&#8217;altronde per ottenerne appena 1 kg occorre lavorare circa 350.000 rocce che lo contengono, perch\u00e9 per ogni miliardo di atomi ce n&#8217;\u00e8 uno di questo metallo. Scopri l&#8217;origine, le propriet\u00e0 e le caratteristiche ... Per saperne di pi\u00f9\" \/>\n<meta property=\"og:url\" content=\"https:\/\/chemuza.org\/it\/iridio\/\" \/>\n<meta property=\"og:site_name\" content=\"Chemuza\" \/>\n<meta name=\"twitter:card\" content=\"summary_large_image\" \/>\n<meta name=\"twitter:label1\" content=\"Tempo di lettura stimato\" \/>\n\t<meta name=\"twitter:data1\" content=\"4 minuti\" \/>\n<script type=\"application\/ld+json\" class=\"yoast-schema-graph\">{\"@context\":\"https:\/\/schema.org\",\"@graph\":[{\"@type\":\"WebPage\",\"@id\":\"https:\/\/chemuza.org\/it\/iridio\/\",\"url\":\"https:\/\/chemuza.org\/it\/iridio\/\",\"name\":\"Iridio - Chemuza\",\"isPartOf\":{\"@id\":\"https:\/\/chemuza.org\/it\/#website\"},\"datePublished\":\"2023-07-14T01:18:48+00:00\",\"dateModified\":\"2023-07-14T01:18:48+00:00\",\"breadcrumb\":{\"@id\":\"https:\/\/chemuza.org\/it\/iridio\/#breadcrumb\"},\"inLanguage\":\"it-IT\",\"potentialAction\":[{\"@type\":\"ReadAction\",\"target\":[\"https:\/\/chemuza.org\/it\/iridio\/\"]}]},{\"@type\":\"BreadcrumbList\",\"@id\":\"https:\/\/chemuza.org\/it\/iridio\/#breadcrumb\",\"itemListElement\":[{\"@type\":\"ListItem\",\"position\":1,\"name\":\"Casa\",\"item\":\"https:\/\/chemuza.org\/it\/\"},{\"@type\":\"ListItem\",\"position\":2,\"name\":\"Iridio\"}]},{\"@type\":\"WebSite\",\"@id\":\"https:\/\/chemuza.org\/it\/#website\",\"url\":\"https:\/\/chemuza.org\/it\/\",\"name\":\"Chemuza\",\"description\":\"La tua porta d&#039;accesso alla scoperta chimica!\",\"publisher\":{\"@id\":\"https:\/\/chemuza.org\/it\/#organization\"},\"potentialAction\":[{\"@type\":\"SearchAction\",\"target\":{\"@type\":\"EntryPoint\",\"urlTemplate\":\"https:\/\/chemuza.org\/it\/?s={search_term_string}\"},\"query-input\":\"required name=search_term_string\"}],\"inLanguage\":\"it-IT\"},{\"@type\":\"Organization\",\"@id\":\"https:\/\/chemuza.org\/it\/#organization\",\"name\":\"Chemuza\",\"url\":\"https:\/\/chemuza.org\/it\/\",\"logo\":{\"@type\":\"ImageObject\",\"inLanguage\":\"it-IT\",\"@id\":\"https:\/\/chemuza.org\/it\/#\/schema\/logo\/image\/\",\"url\":\"https:\/\/chemuza.org\/it\/wp-content\/uploads\/2023\/10\/chemuza-logo.png\",\"contentUrl\":\"https:\/\/chemuza.org\/it\/wp-content\/uploads\/2023\/10\/chemuza-logo.png\",\"width\":387,\"height\":70,\"caption\":\"Chemuza\"},\"image\":{\"@id\":\"https:\/\/chemuza.org\/it\/#\/schema\/logo\/image\/\"}}]}<\/script>\n<!-- \/ Yoast SEO plugin. -->","yoast_head_json":{"title":"Iridio - Chemuza","robots":{"index":"index","follow":"follow","max-snippet":"max-snippet:-1","max-image-preview":"max-image-preview:large","max-video-preview":"max-video-preview:-1"},"canonical":"https:\/\/chemuza.org\/it\/iridio\/","og_locale":"it_IT","og_type":"article","og_title":"Iridio - Chemuza","og_description":"Sapevi che l&#8217;elemento Iridio \u00e8 cos\u00ec raro da essere considerato extraterrestre? Ci\u00f2 \u00e8 dovuto alla sua abbondanza di meteoriti come il Willamette. D&#8217;altronde per ottenerne appena 1 kg occorre lavorare circa 350.000 rocce che lo contengono, perch\u00e9 per ogni miliardo di atomi ce n&#8217;\u00e8 uno di questo metallo. Scopri l&#8217;origine, le propriet\u00e0 e le caratteristiche ... Per saperne di pi\u00f9","og_url":"https:\/\/chemuza.org\/it\/iridio\/","og_site_name":"Chemuza","twitter_card":"summary_large_image","twitter_misc":{"Tempo di lettura stimato":"4 minuti"},"schema":{"@context":"https:\/\/schema.org","@graph":[{"@type":"WebPage","@id":"https:\/\/chemuza.org\/it\/iridio\/","url":"https:\/\/chemuza.org\/it\/iridio\/","name":"Iridio - Chemuza","isPartOf":{"@id":"https:\/\/chemuza.org\/it\/#website"},"datePublished":"2023-07-14T01:18:48+00:00","dateModified":"2023-07-14T01:18:48+00:00","breadcrumb":{"@id":"https:\/\/chemuza.org\/it\/iridio\/#breadcrumb"},"inLanguage":"it-IT","potentialAction":[{"@type":"ReadAction","target":["https:\/\/chemuza.org\/it\/iridio\/"]}]},{"@type":"BreadcrumbList","@id":"https:\/\/chemuza.org\/it\/iridio\/#breadcrumb","itemListElement":[{"@type":"ListItem","position":1,"name":"Casa","item":"https:\/\/chemuza.org\/it\/"},{"@type":"ListItem","position":2,"name":"Iridio"}]},{"@type":"WebSite","@id":"https:\/\/chemuza.org\/it\/#website","url":"https:\/\/chemuza.org\/it\/","name":"Chemuza","description":"La tua porta d&#039;accesso alla scoperta chimica!","publisher":{"@id":"https:\/\/chemuza.org\/it\/#organization"},"potentialAction":[{"@type":"SearchAction","target":{"@type":"EntryPoint","urlTemplate":"https:\/\/chemuza.org\/it\/?s={search_term_string}"},"query-input":"required name=search_term_string"}],"inLanguage":"it-IT"},{"@type":"Organization","@id":"https:\/\/chemuza.org\/it\/#organization","name":"Chemuza","url":"https:\/\/chemuza.org\/it\/","logo":{"@type":"ImageObject","inLanguage":"it-IT","@id":"https:\/\/chemuza.org\/it\/#\/schema\/logo\/image\/","url":"https:\/\/chemuza.org\/it\/wp-content\/uploads\/2023\/10\/chemuza-logo.png","contentUrl":"https:\/\/chemuza.org\/it\/wp-content\/uploads\/2023\/10\/chemuza-logo.png","width":387,"height":70,"caption":"Chemuza"},"image":{"@id":"https:\/\/chemuza.org\/it\/#\/schema\/logo\/image\/"}}]}},"yoast_meta":{"yoast_wpseo_title":"","yoast_wpseo_metadesc":"","yoast_wpseo_canonical":""},"_links":{"self":[{"href":"https:\/\/chemuza.org\/it\/wp-json\/wp\/v2\/pages\/1505"}],"collection":[{"href":"https:\/\/chemuza.org\/it\/wp-json\/wp\/v2\/pages"}],"about":[{"href":"https:\/\/chemuza.org\/it\/wp-json\/wp\/v2\/types\/page"}],"author":[{"embeddable":true,"href":"https:\/\/chemuza.org\/it\/wp-json\/wp\/v2\/users\/1"}],"replies":[{"embeddable":true,"href":"https:\/\/chemuza.org\/it\/wp-json\/wp\/v2\/comments?post=1505"}],"version-history":[{"count":0,"href":"https:\/\/chemuza.org\/it\/wp-json\/wp\/v2\/pages\/1505\/revisions"}],"wp:attachment":[{"href":"https:\/\/chemuza.org\/it\/wp-json\/wp\/v2\/media?parent=1505"}],"curies":[{"name":"wp","href":"https:\/\/api.w.org\/{rel}","templated":true}]}}