{"id":1500,"date":"2023-07-14T03:27:50","date_gmt":"2023-07-14T03:27:50","guid":{"rendered":"https:\/\/chemuza.org\/it\/tantalio\/"},"modified":"2023-07-14T03:27:50","modified_gmt":"2023-07-14T03:27:50","slug":"tantalio","status":"publish","type":"page","link":"https:\/\/chemuza.org\/it\/tantalio\/","title":{"rendered":"Tantalio"},"content":{"rendered":"<p>Tra gli elementi che compaiono sulla tavola periodica c&#8217;\u00e8 il tantalio, noto come un raro metallo di transizione del gruppo dei lantanidi. Da allora presenta caratteristiche molto particolari, come il suo elevato grado di purezza e la sua inerzia fisiologica. I suoi componenti sono essenziali per la produzione di tutti i tipi di dispositivi elettronici, apparecchiature chirurgiche, tra gli altri.<\/p>\n<h2> <strong>Cos&#8217;\u00e8 il tantalio?<\/strong><\/h2>\n<p> \u00c8 un metallo chiamato tantalio ed \u00e8 noto anche come oro blu, per la brillante tonalit\u00e0 grigio-bluastra che esibisce allo stato ossidato. Ha una struttura dura e resistente alla corrosione, elevata duttilit\u00e0, alto punto di fusione ed eccellente conduttore di elettricit\u00e0.<\/p>\n<h3> <strong>Simbolo del tantalio<\/strong><\/h3>\n<p> <span class=\"content-chemical-element\" style=\"float: left;width: 65px;height: 65px;border: 3px solid #666; display:flex;\n    justify-content: center;align-items: center;margin-right: 15px;\"><span style=\"font-size: 38px;\">Ta<\/span><\/span> Tantalio era il nome datogli dalla Reale Accademia Spagnola, questa parola deriva dal greco Tantalos, personaggio che rappresenta la mitologia greca condannato a non mangiare n\u00e9 bere. Per questo motivo, questo metalloide \u00e8 noto come tantalio.<\/p>\n<h2> <strong>Caratteristiche del tantalio<\/strong><\/h2>\n<p> Questo metallo \u00e8 caratterizzato da un elevato stato di ossidazione nel gruppo +5, sebbene sia presente anche nei punti di ossidazione 4, 3 e 2. Inoltre presenta un&#8217;altra serie di peculiarit\u00e0:<\/p>\n<ul>\n<li> <strong>Condizione<\/strong> : solido, duro e pesante.<\/li>\n<li> <strong>Colore<\/strong> : grigio bluastro brillante.<\/li>\n<li> <strong>Solubilit\u00e0<\/strong> : Si dissolve in acido fluoridrico e per fusione alcalina.<\/li>\n<li> <strong>Tossicit\u00e0<\/strong> : Non \u00e8 tossico e non presenta rischi per la salute perch\u00e9 \u00e8 inerte se non ingerito.<\/li>\n<li> <strong>Reattivit\u00e0<\/strong> : Reagisce a caldo con alogenuri e ossigeno, reagisce direttamente con zolfo, selenio, boro, carbonio e tellurio ad alta temperatura.<\/li>\n<li> <strong>Radioattivit\u00e0<\/strong> : A causa del suo alto contenuto di uranio e torio, \u00e8 considerato un elemento radioattivo.<\/li>\n<li> <strong>Struttura<\/strong> : cristallina, cubica centrata.<\/li>\n<li> <strong>Composizione<\/strong> : Contiene 74 elettroni, 107 neutroni e 74 protoni.<\/li>\n<\/ul>\n<h2> <strong>Propriet\u00e0 chimiche e fisiche del tantalio<\/strong><\/h2>\n<ol>\n<li> <strong>Numero atomico<\/strong> : 73<\/li>\n<li> <strong>Periodo<\/strong> : 5<\/li>\n<li> <strong>Blocco<\/strong> : d<\/li>\n<li> <strong>Gruppo<\/strong> : 5<\/li>\n<li> <strong>Valenza:<\/strong> 2, 3, 4, 5<\/li>\n<li> <strong>Raggio covalente (\u00c5):<\/strong> 138 pm<\/li>\n<li> <strong>Configurazione elettronica:<\/strong> [Xe]4f14 5d3 6s2 <strong>&nbsp;&nbsp;&nbsp;&nbsp;<\/strong><\/li>\n<li> <strong>Massa atomica (g\/mol):<\/strong> 180, 948 g\/mol<\/li>\n<li> <strong>Densit\u00e0:<\/strong> 16650 kg\/m\u00b3<\/li>\n<li> <strong>Punto di ebollizione:<\/strong> 5425<strong> <\/strong>\u00b0C<\/li>\n<li> <strong>Punto di fusione:<\/strong> 2996\u00b0C<\/li>\n<li> <strong>Raggio atomico:<\/strong> 1,46 \u00c5<\/li>\n<li> <strong>Raggio ionico:<\/strong> 0,73 \u00c5<\/li>\n<li> <strong>Elettroni per guscio:<\/strong><strong> <\/strong>2, 8, 18, 32, 11, 2<\/li>\n<li> <strong>Elettronegativit\u00e0:<\/strong> 1,5<\/li>\n<li> <strong>Stato di ossidazione:<\/strong> 5 leggermente acido<\/li>\n<li> <strong>Ossido:<\/strong> leggermente acido.<\/li>\n<li> <strong>Potenziale di prima ionizzazione eV:<\/strong> 761 kJ\/mol<\/li>\n<li> <strong>Calore specifico:<\/strong> 140 J\/(K.kg)<\/li>\n<li> <strong>Conduttivit\u00e0 termica:<\/strong> 57,5 W\/(Km)<\/li>\n<li> <strong>Conduttivit\u00e0 elettrica:<\/strong> 7,61 x 10 <sup>6<\/sup> m <sup>-1<\/sup> \u00b7\u03a9 <sup>-1<\/sup><\/li>\n<\/ol>\n<h2> <strong>Origine del tantalio<\/strong><\/h2>\n<p> Il tantalio fu scoperto per la prima volta nelle miniere di Ytterby in Svezia e Kimito in Finlandia nel 1802, scoperto dal chimico Anders G Ekerberg. Tuttavia, fu solo nel 1844 che venne identificato come un elemento diverso dal Niobo, poich\u00e9, in un primo momento, gli scienziati pensavano che fossero lo stesso metallo poich\u00e9 avevano alcune caratteristiche in comune.<\/p>\n<p> Furono i ricercatori Jean Charles Galissard de Marignac nel 1886 e Rowe nel 1944 a confermare le differenze tra gli acidi tantalico e niobico. Dopo molti tentativi infruttuosi, nel 1922 fu possibile ottenere una purezza del tantalio del 99,9%.<\/p>\n<h2> <strong>A cosa serve il tantalio?<\/strong><\/h2>\n<p> Questo elemento chimico ha un&#8217;elevata capacit\u00e0 di conduttivit\u00e0 elettrica, motivo per cui i condensatori al tantalio vengono prodotti come sostituti dei condensatori in alluminio. Inoltre, le leghe di questo metallo ad alto punto di fusione e il ferro-tantalio vengono utilizzate in vari campi industriali. Allora scopri altri suoi usi:<\/p>\n<ul>\n<li> Apparecchiature elettroniche: nella produzione di telefoni cellulari, dischi rigidi, computer portatili, microprocessori e televisori al plasma.<\/li>\n<li> Medicina: utilizzato per realizzare parti di pacemaker, strumenti chirurgici e parti di hardware ortodontico.<\/li>\n<li> Settore nucleare: componenti per missili, reattori nucleari e forni a vuoto.<\/li>\n<li> Aeronautica: nella produzione di turbine, navigazione satellitare, controllo remoto e strumenti aeronautici.<\/li>\n<\/ul>\n<p> Inoltre, viene utilizzato per chip di attivazione degli airbag per auto, scudi termici, utensili da taglio, denti di escavatori, punte da trapano, obiettivi di fotocamere e stampa di parti biometriche. \u00c8 quindi uno dei metalloidi pi\u00f9 richiesti sul mercato mondiale.<\/p>\n<h2> <strong>Dove si trova il tantalio?<\/strong><\/h2>\n<p> Il Venezuela \u00e8 il paese con le maggiori riserve di tantalio e il secondo produttore con circa il 60%. Il pi\u00f9 grande sfruttamento di questo metalloide \u00e8 la Repubblica Democratica del Congo, che copre l&#8217;80% delle riserve mondiali stimate. Altri paesi con depositi e che producono quantit\u00e0 minori di oro blu includono Brasile, Tailandia, Australia, Bolivia, Canada, Cina, Africa e Arabia Saudita.<\/p>\n<h2> <strong>Come viene estratto il tantalio?<\/strong><\/h2>\n<p> Il tantalio viene prodotto in pozzi a cielo aperto, in rocce dure di granito, pegmatiti e carboniti, la maggior parte delle miniere si trova sulle rive di fiumi e vulcani attivi, inattivi o spenti. Questo elemento non si trova solo in natura, ma anche nella tantalite, che si riferisce a qualsiasi minerale contenente tantalio. Proprio come il coltan, che \u00e8 una miscela di tantalio e columbite. Inoltre, il niobio \u00e8 intrinsecamente presente.<\/p>\n<p> La prima fase della sua estrazione avviene all&#8217;interno o in prossimit\u00e0 della miniera per sfruttare al meglio la risorsa ossido di tantalio. Attraverso procedure elettrostatiche ed elettromagnetiche. Inoltre, il fluorotitanato viene utilizzato con la riduzione di solventi di sodio, potassio, acido cloridrico o scambio ionico.<\/p>\n<p> In conclusione, l&#8217;Oro Blu o Tantalio \u00e8 uno degli elementi chimici pi\u00f9 ricercati nel mercato della tecnologia elettronica grazie alla sua capacit\u00e0 di creare condensatori elettrolitici. Inoltre, poich\u00e9 \u00e8 un metallo inerte, viene utilizzato nella produzione di apparecchiature chirurgiche e dentistiche.<\/p>\n","protected":false},"excerpt":{"rendered":"<p>Tra gli elementi che compaiono sulla tavola periodica c&#8217;\u00e8 il tantalio, noto come un raro metallo di transizione del gruppo dei lantanidi. Da allora presenta caratteristiche molto particolari, come il suo elevato grado di purezza e la sua inerzia fisiologica. I suoi componenti sono essenziali per la produzione di tutti i tipi di dispositivi elettronici, &#8230; <a title=\"Tantalio\" class=\"read-more\" href=\"https:\/\/chemuza.org\/it\/tantalio\/\" aria-label=\"More on Tantalio\">Per saperne di pi\u00f9<\/a><\/p>\n","protected":false},"author":1,"featured_media":0,"parent":0,"menu_order":0,"comment_status":"closed","ping_status":"closed","template":"","meta":{"footnotes":""},"yoast_head":"<!-- This site is optimized with the Yoast SEO plugin v21.4 - https:\/\/yoast.com\/wordpress\/plugins\/seo\/ -->\n<title>Tantalio - Chemuza<\/title>\n<meta name=\"robots\" content=\"index, follow, max-snippet:-1, max-image-preview:large, max-video-preview:-1\" \/>\n<link rel=\"canonical\" href=\"https:\/\/chemuza.org\/it\/tantalio\/\" \/>\n<meta property=\"og:locale\" content=\"it_IT\" \/>\n<meta property=\"og:type\" content=\"article\" \/>\n<meta property=\"og:title\" content=\"Tantalio - Chemuza\" \/>\n<meta property=\"og:description\" content=\"Tra gli elementi che compaiono sulla tavola periodica c&#8217;\u00e8 il tantalio, noto come un raro metallo di transizione del gruppo dei lantanidi. Da allora presenta caratteristiche molto particolari, come il suo elevato grado di purezza e la sua inerzia fisiologica. I suoi componenti sono essenziali per la produzione di tutti i tipi di dispositivi elettronici, ... Per saperne di pi\u00f9\" \/>\n<meta property=\"og:url\" content=\"https:\/\/chemuza.org\/it\/tantalio\/\" \/>\n<meta property=\"og:site_name\" content=\"Chemuza\" \/>\n<meta name=\"twitter:card\" content=\"summary_large_image\" \/>\n<meta name=\"twitter:label1\" content=\"Tempo di lettura stimato\" \/>\n\t<meta name=\"twitter:data1\" content=\"4 minuti\" \/>\n<script type=\"application\/ld+json\" class=\"yoast-schema-graph\">{\"@context\":\"https:\/\/schema.org\",\"@graph\":[{\"@type\":\"WebPage\",\"@id\":\"https:\/\/chemuza.org\/it\/tantalio\/\",\"url\":\"https:\/\/chemuza.org\/it\/tantalio\/\",\"name\":\"Tantalio - Chemuza\",\"isPartOf\":{\"@id\":\"https:\/\/chemuza.org\/it\/#website\"},\"datePublished\":\"2023-07-14T03:27:50+00:00\",\"dateModified\":\"2023-07-14T03:27:50+00:00\",\"breadcrumb\":{\"@id\":\"https:\/\/chemuza.org\/it\/tantalio\/#breadcrumb\"},\"inLanguage\":\"it-IT\",\"potentialAction\":[{\"@type\":\"ReadAction\",\"target\":[\"https:\/\/chemuza.org\/it\/tantalio\/\"]}]},{\"@type\":\"BreadcrumbList\",\"@id\":\"https:\/\/chemuza.org\/it\/tantalio\/#breadcrumb\",\"itemListElement\":[{\"@type\":\"ListItem\",\"position\":1,\"name\":\"Casa\",\"item\":\"https:\/\/chemuza.org\/it\/\"},{\"@type\":\"ListItem\",\"position\":2,\"name\":\"Tantalio\"}]},{\"@type\":\"WebSite\",\"@id\":\"https:\/\/chemuza.org\/it\/#website\",\"url\":\"https:\/\/chemuza.org\/it\/\",\"name\":\"Chemuza\",\"description\":\"La tua porta d&#039;accesso alla scoperta chimica!\",\"publisher\":{\"@id\":\"https:\/\/chemuza.org\/it\/#organization\"},\"potentialAction\":[{\"@type\":\"SearchAction\",\"target\":{\"@type\":\"EntryPoint\",\"urlTemplate\":\"https:\/\/chemuza.org\/it\/?s={search_term_string}\"},\"query-input\":\"required name=search_term_string\"}],\"inLanguage\":\"it-IT\"},{\"@type\":\"Organization\",\"@id\":\"https:\/\/chemuza.org\/it\/#organization\",\"name\":\"Chemuza\",\"url\":\"https:\/\/chemuza.org\/it\/\",\"logo\":{\"@type\":\"ImageObject\",\"inLanguage\":\"it-IT\",\"@id\":\"https:\/\/chemuza.org\/it\/#\/schema\/logo\/image\/\",\"url\":\"https:\/\/chemuza.org\/it\/wp-content\/uploads\/2023\/10\/chemuza-logo.png\",\"contentUrl\":\"https:\/\/chemuza.org\/it\/wp-content\/uploads\/2023\/10\/chemuza-logo.png\",\"width\":387,\"height\":70,\"caption\":\"Chemuza\"},\"image\":{\"@id\":\"https:\/\/chemuza.org\/it\/#\/schema\/logo\/image\/\"}}]}<\/script>\n<!-- \/ Yoast SEO plugin. -->","yoast_head_json":{"title":"Tantalio - Chemuza","robots":{"index":"index","follow":"follow","max-snippet":"max-snippet:-1","max-image-preview":"max-image-preview:large","max-video-preview":"max-video-preview:-1"},"canonical":"https:\/\/chemuza.org\/it\/tantalio\/","og_locale":"it_IT","og_type":"article","og_title":"Tantalio - Chemuza","og_description":"Tra gli elementi che compaiono sulla tavola periodica c&#8217;\u00e8 il tantalio, noto come un raro metallo di transizione del gruppo dei lantanidi. Da allora presenta caratteristiche molto particolari, come il suo elevato grado di purezza e la sua inerzia fisiologica. I suoi componenti sono essenziali per la produzione di tutti i tipi di dispositivi elettronici, ... Per saperne di pi\u00f9","og_url":"https:\/\/chemuza.org\/it\/tantalio\/","og_site_name":"Chemuza","twitter_card":"summary_large_image","twitter_misc":{"Tempo di lettura stimato":"4 minuti"},"schema":{"@context":"https:\/\/schema.org","@graph":[{"@type":"WebPage","@id":"https:\/\/chemuza.org\/it\/tantalio\/","url":"https:\/\/chemuza.org\/it\/tantalio\/","name":"Tantalio - Chemuza","isPartOf":{"@id":"https:\/\/chemuza.org\/it\/#website"},"datePublished":"2023-07-14T03:27:50+00:00","dateModified":"2023-07-14T03:27:50+00:00","breadcrumb":{"@id":"https:\/\/chemuza.org\/it\/tantalio\/#breadcrumb"},"inLanguage":"it-IT","potentialAction":[{"@type":"ReadAction","target":["https:\/\/chemuza.org\/it\/tantalio\/"]}]},{"@type":"BreadcrumbList","@id":"https:\/\/chemuza.org\/it\/tantalio\/#breadcrumb","itemListElement":[{"@type":"ListItem","position":1,"name":"Casa","item":"https:\/\/chemuza.org\/it\/"},{"@type":"ListItem","position":2,"name":"Tantalio"}]},{"@type":"WebSite","@id":"https:\/\/chemuza.org\/it\/#website","url":"https:\/\/chemuza.org\/it\/","name":"Chemuza","description":"La tua porta d&#039;accesso alla scoperta chimica!","publisher":{"@id":"https:\/\/chemuza.org\/it\/#organization"},"potentialAction":[{"@type":"SearchAction","target":{"@type":"EntryPoint","urlTemplate":"https:\/\/chemuza.org\/it\/?s={search_term_string}"},"query-input":"required name=search_term_string"}],"inLanguage":"it-IT"},{"@type":"Organization","@id":"https:\/\/chemuza.org\/it\/#organization","name":"Chemuza","url":"https:\/\/chemuza.org\/it\/","logo":{"@type":"ImageObject","inLanguage":"it-IT","@id":"https:\/\/chemuza.org\/it\/#\/schema\/logo\/image\/","url":"https:\/\/chemuza.org\/it\/wp-content\/uploads\/2023\/10\/chemuza-logo.png","contentUrl":"https:\/\/chemuza.org\/it\/wp-content\/uploads\/2023\/10\/chemuza-logo.png","width":387,"height":70,"caption":"Chemuza"},"image":{"@id":"https:\/\/chemuza.org\/it\/#\/schema\/logo\/image\/"}}]}},"yoast_meta":{"yoast_wpseo_title":"","yoast_wpseo_metadesc":"","yoast_wpseo_canonical":""},"_links":{"self":[{"href":"https:\/\/chemuza.org\/it\/wp-json\/wp\/v2\/pages\/1500"}],"collection":[{"href":"https:\/\/chemuza.org\/it\/wp-json\/wp\/v2\/pages"}],"about":[{"href":"https:\/\/chemuza.org\/it\/wp-json\/wp\/v2\/types\/page"}],"author":[{"embeddable":true,"href":"https:\/\/chemuza.org\/it\/wp-json\/wp\/v2\/users\/1"}],"replies":[{"embeddable":true,"href":"https:\/\/chemuza.org\/it\/wp-json\/wp\/v2\/comments?post=1500"}],"version-history":[{"count":0,"href":"https:\/\/chemuza.org\/it\/wp-json\/wp\/v2\/pages\/1500\/revisions"}],"wp:attachment":[{"href":"https:\/\/chemuza.org\/it\/wp-json\/wp\/v2\/media?parent=1500"}],"curies":[{"name":"wp","href":"https:\/\/api.w.org\/{rel}","templated":true}]}}