{"id":1499,"date":"2023-07-14T03:55:03","date_gmt":"2023-07-14T03:55:03","guid":{"rendered":"https:\/\/chemuza.org\/it\/afnio\/"},"modified":"2023-07-14T03:55:03","modified_gmt":"2023-07-14T03:55:03","slug":"afnio","status":"publish","type":"page","link":"https:\/\/chemuza.org\/it\/afnio\/","title":{"rendered":"Afnio"},"content":{"rendered":"<p>\u00c8 considerato uno dei pochi elementi metallici esistenti al mondo, ha una composizione molto simile allo zirconio. Infatti la sua estrazione avviene con esso, perch\u00e9 \u00e8 presente nei suoi minerali e derivati. Di seguito, scopri brevemente le propriet\u00e0, le caratteristiche e gli usi dell&#8217;afnio.<\/p>\n<h2> <strong>Cos&#8217;\u00e8 l&#8217;afnio?<\/strong><\/h2>\n<p> \u00c8 un metallo che ha un&#8217;abbondanza terrestre di 5,3 ppm, si ottiene per riduzione del tetraalogenuro con magnesio, questo processo viene effettuato con determinati accorgimenti, poich\u00e9 pu\u00f2 essere miscelato con altri gas. Ha un aspetto argenteo e brillante, generalmente fuso a circa 2222\u00b0C, generalmente utilizzato per la fabbricazione di reattori nucleari.<\/p>\n<h3> <strong>Simbolo dell&#8217;afnio<\/strong><\/h3>\n<p> <span class=\"content-chemical-element\" style=\"float: left;width: 65px;height: 65px;border: 3px solid #666; display:flex;\n    justify-content: center;align-items: center;margin-right: 15px;\"><span style=\"font-size: 38px;\">Hf<\/span><\/span> Ha numero atomico nella tabella 72 e un peso atomico di 178,49. Il suo nome deriva dal latino <em>Hafnia<\/em> , che significa Copenaghen, citt\u00e0 dove avvenne la sua scoperta, ad opera del chimico D. Coster in collaborazione con J. Hevesy. Da allora sappiamo che lo zirconio \u00e8 strettamente correlato all&#8217;afnio.<\/p>\n<h2> <strong>Caratteristiche dell&#8217;afnio<\/strong><\/h2>\n<p> Tra le caratteristiche pi\u00f9 notevoli di questo composto c&#8217;\u00e8 il contenuto di particelle esplosive che possono provocare incendi. Inoltre altri punti che lo identificano sono:<\/p>\n<ul>\n<li> <strong>Condizione<\/strong> : appartiene alla consistenza solida e polverosa.<\/li>\n<li> <strong>Colore<\/strong> : \u00e8 un grigio argento lucido.<\/li>\n<li> <strong>Sapore e odore<\/strong> : manca di sapore e non ha odore specifico.<\/li>\n<li> <strong>Solubilit\u00e0<\/strong> : Non solubile in acqua, prodotti chimici corporei o soluzioni saline.<\/li>\n<li> <strong>Tossicit\u00e0<\/strong> : Non ha un livello di tossicit\u00e0 noto.<\/li>\n<li> <strong>Reattivit\u00e0<\/strong> : Esiste la possibilit\u00e0 di reazione con boro, ossigeno, zolfo, silicio, azoto e carbonio, purch\u00e9 a temperature elevate.<\/li>\n<li> <strong>Struttura<\/strong> : \u00c8 trasparente, simile ad un diamante.<\/li>\n<li> <strong>Composizione<\/strong> : 72 elettroni e altrettanti protoni.<\/li>\n<\/ul>\n<h2> <strong>Propriet\u00e0 chimiche e fisiche dell&#8217;afnio<\/strong><\/h2>\n<ol>\n<li> <strong>Numero atomico<\/strong> : 72<\/li>\n<li> <strong>Periodo<\/strong> : 6<\/li>\n<li> <strong>Blocca<\/strong> \ud83d\ude00<\/li>\n<li> <strong>Gruppo<\/strong> : 4<\/li>\n<li> <strong>Densit\u00e0<\/strong> : 13,1 kg\/m\u00b3<\/li>\n<li> <strong>Punto di ebollizione<\/strong> : 5400\u00b0C<\/li>\n<li> <strong>Punto di fusione<\/strong> : 2222\u00b0C<\/li>\n<li> <strong>Raggio atomico<\/strong> : 125 ore<\/li>\n<li> <strong>Raggio medio<\/strong> : 155 ore<\/li>\n<li> <strong>Raggio ionico (\u00c5)<\/strong> : 0,81<\/li>\n<li> <strong>Elettronegativit\u00e0<\/strong> : 1.3<\/li>\n<li> <strong>Stato di ossidazione<\/strong> : +4<\/li>\n<li> <strong>Ossido<\/strong> : anfotero<\/li>\n<li> <strong>Calore specifico<\/strong> : 24,06 kJ\/mol<\/li>\n<li> <strong>Raggio covalente (\u00c5)<\/strong> : 13:50<\/li>\n<li> <strong>Configurazione elettronica<\/strong> : [Xe]4f <sup>14<\/sup> 5d <sup>2<\/sup> 6s <sup>2<\/sup><\/li>\n<li> <strong>Massa atomica (g\/mol)<\/strong> : 178,49 u<\/li>\n<li> <strong>Elettroni per strato<\/strong> : 2, 8, 18, 32, 12, 2<\/li>\n<li> <strong>Struttura cristallina<\/strong> : esagonale<\/li>\n<li> <strong>Potenziale di prima ionizzazione eV<\/strong> : 5,54 kJ\/mol<\/li>\n<li> <strong>Conduttivit\u00e0 termica<\/strong> : 23 W\/(m\u00b7K)<\/li>\n<li> <strong>Conduttivit\u00e0 elettrica<\/strong> : 3,12 \u00d7 106 m-1 \u03a9-1<\/li>\n<\/ol>\n<h2> <strong>Origine dell&#8217;afnio<\/strong><\/h2>\n<p> Fu scoperto nel 1923 dal ricercatore chimico di origine ungherese Dirk Coster, insieme a George Von di Hevesey nella citt\u00e0 di Copenaghen, in Danimarca. Al loro fianco c&#8217;era un noto professionista norvegese, che contribu\u00ec ad indagare sulla complessa separazione di afnio e zirconio. Questo elemento si trova in Sud America e Australia. Ci sono riserve fino a un milione di tonnellate.<\/p>\n<p> Inizialmente veniva utilizzato per tagliare l&#8217;acciaio spesso e il suo utilizzo si \u00e8 esteso alla creazione di strutture e costruzioni metalliche. Attualmente questa procedura viene eseguita utilizzando un dispositivo di taglio al plasma che include elettrodi di afnio.<\/p>\n<h2> <strong>A cosa serve l&#8217;afnio?<\/strong><\/h2>\n<p> \u00c8 un elemento raro e i suoi usi sono molto specifici, per le fusioni con il tungsteno negli elettrodi e nei filamenti. Allo stesso modo, viene utilizzato per lo sviluppo di barre di controllo per reattori nucleari. Il suo uso nucleare \u00e8 dovuto alla sua capacit\u00e0 di assorbimento dei neutroni e alla sua resistenza alla corrosione. Allo stesso modo, viene utilizzato da aziende come Intel e IBM per realizzare transistor per processori.<\/p>\n<p> Viene utilizzato anche per la produzione di sottomarini nucleari e lampade a gas. Elimina la presenza di azoto e ossigeno nei dotti e nei legamenti vuoti con ferro, niobio, titanio, tra gli altri minerali metallici.<\/p>\n<h2> <strong>Come si ottiene l&#8217;afnio?<\/strong><\/h2>\n<p> Si trova sempre con lo zirconio, indicando che non esiste indipendentemente all&#8217;interno del sistema. L&#8217;afnio \u00e8 immerso tra gli elementi Zircone e i suoi derivati dall&#8217;1% al 5%. Il processo di separazione presenta grandi difficolt\u00e0 perch\u00e9 entrambi contengono caratteristiche chimiche quasi identiche. Per ottenere questo metalloide \u00e8 necessario effettuare un processo di purificazione dello Zirconio, mediante riduzione del tetracloruro di Afnio, utilizzando Sodio o Magnesio.<\/p>\n<h2> <strong>Cautela nell&#8217;uso dell&#8217;afnio<\/strong><\/h2>\n<p> Ogni volta che si maneggia questo elemento \u00e8 fondamentale prestare attenzione, perch\u00e9 dopo aver subito un processo di separazione dagli altri composti, diventa piroforico, indice della possibilit\u00e0 di combustione spontanea. Tuttavia, se l&#8217;afnio non viene utilizzato con le misure adeguate, pu\u00f2 causare una leggera irritazione alle mucose, agli occhi e alla pelle. Tuttavia, fino ad ora, non sono state rilevate conseguenze croniche sull\u2019organismo dovute alla sua esposizione.<\/p>\n<p> In conclusione, l&#8217;utilizzo di questo metalloide \u00e8 essenziale per la fabbricazione di molti elementi nucleari, a causa della filtrazione dei protoni e degli usi meccanici che ha l&#8217;afnio, ideali per lo sviluppo di diversi progetti.<\/p>\n","protected":false},"excerpt":{"rendered":"<p>\u00c8 considerato uno dei pochi elementi metallici esistenti al mondo, ha una composizione molto simile allo zirconio. Infatti la sua estrazione avviene con esso, perch\u00e9 \u00e8 presente nei suoi minerali e derivati. Di seguito, scopri brevemente le propriet\u00e0, le caratteristiche e gli usi dell&#8217;afnio. Cos&#8217;\u00e8 l&#8217;afnio? \u00c8 un metallo che ha un&#8217;abbondanza terrestre di 5,3 &#8230; <a title=\"Afnio\" class=\"read-more\" href=\"https:\/\/chemuza.org\/it\/afnio\/\" aria-label=\"More on Afnio\">Per saperne di pi\u00f9<\/a><\/p>\n","protected":false},"author":1,"featured_media":0,"parent":0,"menu_order":0,"comment_status":"closed","ping_status":"closed","template":"","meta":{"footnotes":""},"yoast_head":"<!-- This site is optimized with the Yoast SEO plugin v21.4 - https:\/\/yoast.com\/wordpress\/plugins\/seo\/ -->\n<title>Afnio - Chemuza<\/title>\n<meta name=\"robots\" content=\"index, follow, max-snippet:-1, max-image-preview:large, max-video-preview:-1\" \/>\n<link rel=\"canonical\" href=\"https:\/\/chemuza.org\/it\/afnio\/\" \/>\n<meta property=\"og:locale\" content=\"it_IT\" \/>\n<meta property=\"og:type\" content=\"article\" \/>\n<meta property=\"og:title\" content=\"Afnio - Chemuza\" \/>\n<meta property=\"og:description\" content=\"\u00c8 considerato uno dei pochi elementi metallici esistenti al mondo, ha una composizione molto simile allo zirconio. Infatti la sua estrazione avviene con esso, perch\u00e9 \u00e8 presente nei suoi minerali e derivati. Di seguito, scopri brevemente le propriet\u00e0, le caratteristiche e gli usi dell&#8217;afnio. Cos&#8217;\u00e8 l&#8217;afnio? \u00c8 un metallo che ha un&#8217;abbondanza terrestre di 5,3 ... Per saperne di pi\u00f9\" \/>\n<meta property=\"og:url\" content=\"https:\/\/chemuza.org\/it\/afnio\/\" \/>\n<meta property=\"og:site_name\" content=\"Chemuza\" \/>\n<meta name=\"twitter:card\" content=\"summary_large_image\" \/>\n<meta name=\"twitter:label1\" content=\"Tempo di lettura stimato\" \/>\n\t<meta name=\"twitter:data1\" content=\"3 minuti\" \/>\n<script type=\"application\/ld+json\" class=\"yoast-schema-graph\">{\"@context\":\"https:\/\/schema.org\",\"@graph\":[{\"@type\":\"WebPage\",\"@id\":\"https:\/\/chemuza.org\/it\/afnio\/\",\"url\":\"https:\/\/chemuza.org\/it\/afnio\/\",\"name\":\"Afnio - Chemuza\",\"isPartOf\":{\"@id\":\"https:\/\/chemuza.org\/it\/#website\"},\"datePublished\":\"2023-07-14T03:55:03+00:00\",\"dateModified\":\"2023-07-14T03:55:03+00:00\",\"breadcrumb\":{\"@id\":\"https:\/\/chemuza.org\/it\/afnio\/#breadcrumb\"},\"inLanguage\":\"it-IT\",\"potentialAction\":[{\"@type\":\"ReadAction\",\"target\":[\"https:\/\/chemuza.org\/it\/afnio\/\"]}]},{\"@type\":\"BreadcrumbList\",\"@id\":\"https:\/\/chemuza.org\/it\/afnio\/#breadcrumb\",\"itemListElement\":[{\"@type\":\"ListItem\",\"position\":1,\"name\":\"Casa\",\"item\":\"https:\/\/chemuza.org\/it\/\"},{\"@type\":\"ListItem\",\"position\":2,\"name\":\"Afnio\"}]},{\"@type\":\"WebSite\",\"@id\":\"https:\/\/chemuza.org\/it\/#website\",\"url\":\"https:\/\/chemuza.org\/it\/\",\"name\":\"Chemuza\",\"description\":\"La tua porta d&#039;accesso alla scoperta chimica!\",\"publisher\":{\"@id\":\"https:\/\/chemuza.org\/it\/#organization\"},\"potentialAction\":[{\"@type\":\"SearchAction\",\"target\":{\"@type\":\"EntryPoint\",\"urlTemplate\":\"https:\/\/chemuza.org\/it\/?s={search_term_string}\"},\"query-input\":\"required name=search_term_string\"}],\"inLanguage\":\"it-IT\"},{\"@type\":\"Organization\",\"@id\":\"https:\/\/chemuza.org\/it\/#organization\",\"name\":\"Chemuza\",\"url\":\"https:\/\/chemuza.org\/it\/\",\"logo\":{\"@type\":\"ImageObject\",\"inLanguage\":\"it-IT\",\"@id\":\"https:\/\/chemuza.org\/it\/#\/schema\/logo\/image\/\",\"url\":\"https:\/\/chemuza.org\/it\/wp-content\/uploads\/2023\/10\/chemuza-logo.png\",\"contentUrl\":\"https:\/\/chemuza.org\/it\/wp-content\/uploads\/2023\/10\/chemuza-logo.png\",\"width\":387,\"height\":70,\"caption\":\"Chemuza\"},\"image\":{\"@id\":\"https:\/\/chemuza.org\/it\/#\/schema\/logo\/image\/\"}}]}<\/script>\n<!-- \/ Yoast SEO plugin. -->","yoast_head_json":{"title":"Afnio - Chemuza","robots":{"index":"index","follow":"follow","max-snippet":"max-snippet:-1","max-image-preview":"max-image-preview:large","max-video-preview":"max-video-preview:-1"},"canonical":"https:\/\/chemuza.org\/it\/afnio\/","og_locale":"it_IT","og_type":"article","og_title":"Afnio - Chemuza","og_description":"\u00c8 considerato uno dei pochi elementi metallici esistenti al mondo, ha una composizione molto simile allo zirconio. Infatti la sua estrazione avviene con esso, perch\u00e9 \u00e8 presente nei suoi minerali e derivati. Di seguito, scopri brevemente le propriet\u00e0, le caratteristiche e gli usi dell&#8217;afnio. Cos&#8217;\u00e8 l&#8217;afnio? \u00c8 un metallo che ha un&#8217;abbondanza terrestre di 5,3 ... Per saperne di pi\u00f9","og_url":"https:\/\/chemuza.org\/it\/afnio\/","og_site_name":"Chemuza","twitter_card":"summary_large_image","twitter_misc":{"Tempo di lettura stimato":"3 minuti"},"schema":{"@context":"https:\/\/schema.org","@graph":[{"@type":"WebPage","@id":"https:\/\/chemuza.org\/it\/afnio\/","url":"https:\/\/chemuza.org\/it\/afnio\/","name":"Afnio - Chemuza","isPartOf":{"@id":"https:\/\/chemuza.org\/it\/#website"},"datePublished":"2023-07-14T03:55:03+00:00","dateModified":"2023-07-14T03:55:03+00:00","breadcrumb":{"@id":"https:\/\/chemuza.org\/it\/afnio\/#breadcrumb"},"inLanguage":"it-IT","potentialAction":[{"@type":"ReadAction","target":["https:\/\/chemuza.org\/it\/afnio\/"]}]},{"@type":"BreadcrumbList","@id":"https:\/\/chemuza.org\/it\/afnio\/#breadcrumb","itemListElement":[{"@type":"ListItem","position":1,"name":"Casa","item":"https:\/\/chemuza.org\/it\/"},{"@type":"ListItem","position":2,"name":"Afnio"}]},{"@type":"WebSite","@id":"https:\/\/chemuza.org\/it\/#website","url":"https:\/\/chemuza.org\/it\/","name":"Chemuza","description":"La tua porta d&#039;accesso alla scoperta chimica!","publisher":{"@id":"https:\/\/chemuza.org\/it\/#organization"},"potentialAction":[{"@type":"SearchAction","target":{"@type":"EntryPoint","urlTemplate":"https:\/\/chemuza.org\/it\/?s={search_term_string}"},"query-input":"required name=search_term_string"}],"inLanguage":"it-IT"},{"@type":"Organization","@id":"https:\/\/chemuza.org\/it\/#organization","name":"Chemuza","url":"https:\/\/chemuza.org\/it\/","logo":{"@type":"ImageObject","inLanguage":"it-IT","@id":"https:\/\/chemuza.org\/it\/#\/schema\/logo\/image\/","url":"https:\/\/chemuza.org\/it\/wp-content\/uploads\/2023\/10\/chemuza-logo.png","contentUrl":"https:\/\/chemuza.org\/it\/wp-content\/uploads\/2023\/10\/chemuza-logo.png","width":387,"height":70,"caption":"Chemuza"},"image":{"@id":"https:\/\/chemuza.org\/it\/#\/schema\/logo\/image\/"}}]}},"yoast_meta":{"yoast_wpseo_title":"","yoast_wpseo_metadesc":"","yoast_wpseo_canonical":""},"_links":{"self":[{"href":"https:\/\/chemuza.org\/it\/wp-json\/wp\/v2\/pages\/1499"}],"collection":[{"href":"https:\/\/chemuza.org\/it\/wp-json\/wp\/v2\/pages"}],"about":[{"href":"https:\/\/chemuza.org\/it\/wp-json\/wp\/v2\/types\/page"}],"author":[{"embeddable":true,"href":"https:\/\/chemuza.org\/it\/wp-json\/wp\/v2\/users\/1"}],"replies":[{"embeddable":true,"href":"https:\/\/chemuza.org\/it\/wp-json\/wp\/v2\/comments?post=1499"}],"version-history":[{"count":0,"href":"https:\/\/chemuza.org\/it\/wp-json\/wp\/v2\/pages\/1499\/revisions"}],"wp:attachment":[{"href":"https:\/\/chemuza.org\/it\/wp-json\/wp\/v2\/media?parent=1499"}],"curies":[{"name":"wp","href":"https:\/\/api.w.org\/{rel}","templated":true}]}}