{"id":1497,"date":"2023-07-14T04:24:29","date_gmt":"2023-07-14T04:24:29","guid":{"rendered":"https:\/\/chemuza.org\/it\/tulio\/"},"modified":"2023-07-14T04:24:29","modified_gmt":"2023-07-14T04:24:29","slug":"tulio","status":"publish","type":"page","link":"https:\/\/chemuza.org\/it\/tulio\/","title":{"rendered":"Tulio"},"content":{"rendered":"<p>Il metallo Tulio \u00e8 presente nella tavola periodica relativa alla serie delle terre rare. Una delle particolarit\u00e0 di questo elemento \u00e8 che non si corrode facilmente ed \u00e8 un buon conduttore di elettricit\u00e0. Scopri allora le caratteristiche e gli utilizzi di questo importante metalloide.<\/p>\n<h2> <strong>Cos&#8217;\u00e8 il tulio?<\/strong><\/h2>\n<p> \u00c8 un elemento chimico grigio-argento lucido, un lantanide che non \u00e8 abbondante sulla superficie terrestre. Le sue soluzioni e i suoi sali assumono un leggero aspetto verde in seguito al processo di trasformazione a cui \u00e8 sottoposto. Per quanto riguarda la sua consistenza, si tratta di un solido morbido che, nonostante il processo chimico da seguire per estrarlo, pu\u00f2 essere lavorato senza difficolt\u00e0.<\/p>\n<h3> <strong>Simbolo del tulio<\/strong><\/h3>\n<p> <span class=\"content-chemical-element\" style=\"float: left;width: 65px;height: 65px;border: 3px solid #666; display:flex;\n    justify-content: center;align-items: center;margin-right: 15px;\"><span style=\"font-size: 38px;\">Tm<\/span><\/span> Il nome che porta deriva dalla regione in cui \u00e8 stato scoperto in Svezia, chiamata <em>Scandinavia<\/em> o, come in latino, <em>Thule<\/em> . Il chimico che per primo lo scopr\u00ec si chiama Cleve e annuncia come fatto curioso che questo metallo \u00e8 il meno riproducibile dei lantanidi.<\/p>\n<h2> <strong>Caratteristiche del tulio<\/strong><\/h2>\n<p> Il tulio ha un costo elevato perch\u00e9 \u00e8 raro e ha un uso importante nel mondo radioattivo. Pu\u00f2 bruciare facilmente se sottoposto a temperature elevate superiori a 150\u00b0C e si ossida lentamente all&#8217;aria. Si riassumono le altre caratteristiche:<\/p>\n<ul>\n<li> <strong>Condizione:<\/strong> solido, ma con una consistenza malleabile.<\/li>\n<li> <strong>Colore:<\/strong> Grigio argento lucido.<\/li>\n<li> <strong>Sapore e odore:<\/strong> Ha un sapore leggermente amaro ed \u00e8 inodore.<\/li>\n<li> <strong>Solubilit\u00e0:<\/strong> \u00e8 solubile in acido solforico.<\/li>\n<li> <strong>Tossicit\u00e0:<\/strong> bassa. Pu\u00f2 essere tossico con l&#8217;uso prolungato.<\/li>\n<li> <strong>Reattivit\u00e0:<\/strong> Reagisce con alogeni, acqua e aria.<\/li>\n<li> <strong>Struttura:<\/strong> Cristallino a forma di esagono.<\/li>\n<li> <strong>Composizione:<\/strong> la struttura atomica del tulio \u00e8 di 69 protoni e 69 elettroni.<\/li>\n<\/ul>\n<h2> <strong>Propriet\u00e0 chimiche e fisiche del Tulio<\/strong><\/h2>\n<ol>\n<li> <strong>Numero atomico<\/strong> : 69<\/li>\n<li> <strong>Periodo<\/strong> : 6<\/li>\n<li> <strong>Blocco<\/strong> : F<\/li>\n<li> <strong>Gruppo<\/strong> : 3<\/li>\n<li> <strong>Raggio covalente (\u00c5):<\/strong> 1,56 \u00c5<\/li>\n<li> <strong>Densit\u00e0:<\/strong> 9321 kg\/m\u00b3 <strong>&nbsp;<\/strong><\/li>\n<li> <strong>Punto di ebollizione:<\/strong> 2220K<\/li>\n<li> <strong>Punto di fusione:<\/strong> 1818K<\/li>\n<li> <strong>Raggio atomico:<\/strong> 222 pm<\/li>\n<li> <strong>Raggio medio:<\/strong> 175 ore<\/li>\n<li> <strong>Ossido:<\/strong> basico.<\/li>\n<li> <strong>Calore specifico:<\/strong> 160 J\/(kg K)<\/li>\n<li> <strong>Elettroni per strato:<\/strong> 2, 8, 18, 31, 8, 2<\/li>\n<li> <strong>Elettronegativit\u00e0:<\/strong> 1,25 (Pauling)<\/li>\n<li> <strong>Stato di ossidazione:<\/strong> 3 (base)<\/li>\n<li> <strong>Potenziale di prima ionizzazione eV:<\/strong> 596,7 kJ\/mol<\/li>\n<li> <strong>Configurazione elettronica:<\/strong> [Xe]6s <sup>2<\/sup> 4f <sup>13<\/sup><\/li>\n<li> <strong>Massa atomica (g\/mol):<\/strong> 168,93421 u<\/li>\n<li> <strong>Conduttivit\u00e0 termica:<\/strong> 16,8 W\/(mK)<\/li>\n<li> <strong>Conduttivit\u00e0 elettrica:<\/strong> 1,5 \u00d7 106 m-1 \u03a9-1<\/li>\n<\/ol>\n<h2> <strong>Origine del Tulio<\/strong><\/h2>\n<p> La sua scoperta fu fatta nel 1879 dal chimico Per Theodore Cleve durante la sua ricerca di ossidi in diversi elementi, in una citt\u00e0 della Scandinavia, in Svezia. Dopo il rilevamento, riuscirono a osservare che si trattava di un metallo elettropositivo, con un peso atomico di 168,934 e uno stato di valenza di +2, +3 e +4.<\/p>\n<h2> <strong>A cosa serve il Tulio?<\/strong><\/h2>\n<p> Viene utilizzato per lo sviluppo di piccole unit\u00e0 radiografiche. Inoltre, viene utilizzato per creare laser ad alta portata e nella produzione di materiali ceramici magnetici, comuni nelle microonde. Inoltre, \u00e8 utile nelle seguenti aree:<\/p>\n<ul>\n<li> Nella produzione di televisori e lampade fluorescenti.<\/li>\n<li> Per lavorare, raffinando alcuni cristalli.<\/li>\n<li> Viene utilizzato come fonte di energia.<\/li>\n<li> Comunemente utilizzato nella produzione in euro per dare un effetto luminescenza.<\/li>\n<\/ul>\n<h2> <strong>Come si ottiene il tulio?<\/strong><\/h2>\n<p> Il tulio non si ottiene naturalmente, ma \u00e8 incluso in porzioni ridotte in alcuni minerali. Il modo principale per raggiungere questo obiettivo \u00e8 attraverso la monazite, che si trova nelle sabbie fluviali e si ottiene attraverso un processo di scambio ionico. Ad esempio, nel sud-est della Cina troviamo argille che contengono questo metallo.<\/p>\n<p> Attualmente viene effettuato in modo che non comporta costi elevati, poich\u00e9 viene isolato solo mediante riduzione del suo ossido e mediante una tecnica che consiste nell&#8217;estrazione di solventi. Questo viene fatto in un luogo ermetico, utilizzando ossido di calcio o ossido di lantanio metallico.<\/p>\n<h2> <strong>Effetti sulla salute del tulio<\/strong><\/h2>\n<p> Il suo utilizzo \u00e8 diventato pi\u00f9 comune poich\u00e9 viene utilizzato nella produzione di catalizzatori utilizzati per vari scopi. Tuttavia, il Thulium \u00e8 considerato un elemento dannoso sul posto di lavoro quando viene maneggiato frequentemente. Perch\u00e9, una volta integrati nelle procedure, i suoi gas e la sua umidit\u00e0 possono insinuarsi nell\u2019aria ed essere assorbiti dalle persone.<\/p>\n<p> L&#8217;accumulo di questo tipo di materiale nel corpo provoca solitamente danni irreparabili come danni al fegato, embolia polmonare, tra gli altri. Tuttavia, ci\u00f2 accade se si lavora con questo metallo per molte ore.<\/p>\n<p> In conclusione, sebbene questo metalloide sia molto utile nel mondo della medicina e nella produzione di alcuni elettrodomestici, occorre usare cautela. Pertanto, prima di lavorare con l\u2019elemento, \u00e8 necessario considerarne le propriet\u00e0, i benefici e gli effetti.<\/p>\n","protected":false},"excerpt":{"rendered":"<p>Il metallo Tulio \u00e8 presente nella tavola periodica relativa alla serie delle terre rare. Una delle particolarit\u00e0 di questo elemento \u00e8 che non si corrode facilmente ed \u00e8 un buon conduttore di elettricit\u00e0. Scopri allora le caratteristiche e gli utilizzi di questo importante metalloide. Cos&#8217;\u00e8 il tulio? \u00c8 un elemento chimico grigio-argento lucido, un lantanide &#8230; <a title=\"Tulio\" class=\"read-more\" href=\"https:\/\/chemuza.org\/it\/tulio\/\" aria-label=\"More on Tulio\">Per saperne di pi\u00f9<\/a><\/p>\n","protected":false},"author":1,"featured_media":0,"parent":0,"menu_order":0,"comment_status":"closed","ping_status":"closed","template":"","meta":{"footnotes":""},"yoast_head":"<!-- This site is optimized with the Yoast SEO plugin v21.4 - https:\/\/yoast.com\/wordpress\/plugins\/seo\/ -->\n<title>Tulio - Chemuza<\/title>\n<meta name=\"robots\" content=\"index, follow, max-snippet:-1, max-image-preview:large, max-video-preview:-1\" \/>\n<link rel=\"canonical\" href=\"https:\/\/chemuza.org\/it\/tulio\/\" \/>\n<meta property=\"og:locale\" content=\"it_IT\" \/>\n<meta property=\"og:type\" content=\"article\" \/>\n<meta property=\"og:title\" content=\"Tulio - Chemuza\" \/>\n<meta property=\"og:description\" content=\"Il metallo Tulio \u00e8 presente nella tavola periodica relativa alla serie delle terre rare. Una delle particolarit\u00e0 di questo elemento \u00e8 che non si corrode facilmente ed \u00e8 un buon conduttore di elettricit\u00e0. Scopri allora le caratteristiche e gli utilizzi di questo importante metalloide. Cos&#8217;\u00e8 il tulio? \u00c8 un elemento chimico grigio-argento lucido, un lantanide ... Per saperne di pi\u00f9\" \/>\n<meta property=\"og:url\" content=\"https:\/\/chemuza.org\/it\/tulio\/\" \/>\n<meta property=\"og:site_name\" content=\"Chemuza\" \/>\n<meta name=\"twitter:card\" content=\"summary_large_image\" \/>\n<meta name=\"twitter:label1\" content=\"Tempo di lettura stimato\" \/>\n\t<meta name=\"twitter:data1\" content=\"3 minuti\" \/>\n<script type=\"application\/ld+json\" class=\"yoast-schema-graph\">{\"@context\":\"https:\/\/schema.org\",\"@graph\":[{\"@type\":\"WebPage\",\"@id\":\"https:\/\/chemuza.org\/it\/tulio\/\",\"url\":\"https:\/\/chemuza.org\/it\/tulio\/\",\"name\":\"Tulio - Chemuza\",\"isPartOf\":{\"@id\":\"https:\/\/chemuza.org\/it\/#website\"},\"datePublished\":\"2023-07-14T04:24:29+00:00\",\"dateModified\":\"2023-07-14T04:24:29+00:00\",\"breadcrumb\":{\"@id\":\"https:\/\/chemuza.org\/it\/tulio\/#breadcrumb\"},\"inLanguage\":\"it-IT\",\"potentialAction\":[{\"@type\":\"ReadAction\",\"target\":[\"https:\/\/chemuza.org\/it\/tulio\/\"]}]},{\"@type\":\"BreadcrumbList\",\"@id\":\"https:\/\/chemuza.org\/it\/tulio\/#breadcrumb\",\"itemListElement\":[{\"@type\":\"ListItem\",\"position\":1,\"name\":\"Casa\",\"item\":\"https:\/\/chemuza.org\/it\/\"},{\"@type\":\"ListItem\",\"position\":2,\"name\":\"Tulio\"}]},{\"@type\":\"WebSite\",\"@id\":\"https:\/\/chemuza.org\/it\/#website\",\"url\":\"https:\/\/chemuza.org\/it\/\",\"name\":\"Chemuza\",\"description\":\"La tua porta d&#039;accesso alla scoperta chimica!\",\"publisher\":{\"@id\":\"https:\/\/chemuza.org\/it\/#organization\"},\"potentialAction\":[{\"@type\":\"SearchAction\",\"target\":{\"@type\":\"EntryPoint\",\"urlTemplate\":\"https:\/\/chemuza.org\/it\/?s={search_term_string}\"},\"query-input\":\"required name=search_term_string\"}],\"inLanguage\":\"it-IT\"},{\"@type\":\"Organization\",\"@id\":\"https:\/\/chemuza.org\/it\/#organization\",\"name\":\"Chemuza\",\"url\":\"https:\/\/chemuza.org\/it\/\",\"logo\":{\"@type\":\"ImageObject\",\"inLanguage\":\"it-IT\",\"@id\":\"https:\/\/chemuza.org\/it\/#\/schema\/logo\/image\/\",\"url\":\"https:\/\/chemuza.org\/it\/wp-content\/uploads\/2023\/10\/chemuza-logo.png\",\"contentUrl\":\"https:\/\/chemuza.org\/it\/wp-content\/uploads\/2023\/10\/chemuza-logo.png\",\"width\":387,\"height\":70,\"caption\":\"Chemuza\"},\"image\":{\"@id\":\"https:\/\/chemuza.org\/it\/#\/schema\/logo\/image\/\"}}]}<\/script>\n<!-- \/ Yoast SEO plugin. -->","yoast_head_json":{"title":"Tulio - Chemuza","robots":{"index":"index","follow":"follow","max-snippet":"max-snippet:-1","max-image-preview":"max-image-preview:large","max-video-preview":"max-video-preview:-1"},"canonical":"https:\/\/chemuza.org\/it\/tulio\/","og_locale":"it_IT","og_type":"article","og_title":"Tulio - Chemuza","og_description":"Il metallo Tulio \u00e8 presente nella tavola periodica relativa alla serie delle terre rare. Una delle particolarit\u00e0 di questo elemento \u00e8 che non si corrode facilmente ed \u00e8 un buon conduttore di elettricit\u00e0. Scopri allora le caratteristiche e gli utilizzi di questo importante metalloide. Cos&#8217;\u00e8 il tulio? \u00c8 un elemento chimico grigio-argento lucido, un lantanide ... Per saperne di pi\u00f9","og_url":"https:\/\/chemuza.org\/it\/tulio\/","og_site_name":"Chemuza","twitter_card":"summary_large_image","twitter_misc":{"Tempo di lettura stimato":"3 minuti"},"schema":{"@context":"https:\/\/schema.org","@graph":[{"@type":"WebPage","@id":"https:\/\/chemuza.org\/it\/tulio\/","url":"https:\/\/chemuza.org\/it\/tulio\/","name":"Tulio - Chemuza","isPartOf":{"@id":"https:\/\/chemuza.org\/it\/#website"},"datePublished":"2023-07-14T04:24:29+00:00","dateModified":"2023-07-14T04:24:29+00:00","breadcrumb":{"@id":"https:\/\/chemuza.org\/it\/tulio\/#breadcrumb"},"inLanguage":"it-IT","potentialAction":[{"@type":"ReadAction","target":["https:\/\/chemuza.org\/it\/tulio\/"]}]},{"@type":"BreadcrumbList","@id":"https:\/\/chemuza.org\/it\/tulio\/#breadcrumb","itemListElement":[{"@type":"ListItem","position":1,"name":"Casa","item":"https:\/\/chemuza.org\/it\/"},{"@type":"ListItem","position":2,"name":"Tulio"}]},{"@type":"WebSite","@id":"https:\/\/chemuza.org\/it\/#website","url":"https:\/\/chemuza.org\/it\/","name":"Chemuza","description":"La tua porta d&#039;accesso alla scoperta chimica!","publisher":{"@id":"https:\/\/chemuza.org\/it\/#organization"},"potentialAction":[{"@type":"SearchAction","target":{"@type":"EntryPoint","urlTemplate":"https:\/\/chemuza.org\/it\/?s={search_term_string}"},"query-input":"required name=search_term_string"}],"inLanguage":"it-IT"},{"@type":"Organization","@id":"https:\/\/chemuza.org\/it\/#organization","name":"Chemuza","url":"https:\/\/chemuza.org\/it\/","logo":{"@type":"ImageObject","inLanguage":"it-IT","@id":"https:\/\/chemuza.org\/it\/#\/schema\/logo\/image\/","url":"https:\/\/chemuza.org\/it\/wp-content\/uploads\/2023\/10\/chemuza-logo.png","contentUrl":"https:\/\/chemuza.org\/it\/wp-content\/uploads\/2023\/10\/chemuza-logo.png","width":387,"height":70,"caption":"Chemuza"},"image":{"@id":"https:\/\/chemuza.org\/it\/#\/schema\/logo\/image\/"}}]}},"yoast_meta":{"yoast_wpseo_title":"","yoast_wpseo_metadesc":"","yoast_wpseo_canonical":""},"_links":{"self":[{"href":"https:\/\/chemuza.org\/it\/wp-json\/wp\/v2\/pages\/1497"}],"collection":[{"href":"https:\/\/chemuza.org\/it\/wp-json\/wp\/v2\/pages"}],"about":[{"href":"https:\/\/chemuza.org\/it\/wp-json\/wp\/v2\/types\/page"}],"author":[{"embeddable":true,"href":"https:\/\/chemuza.org\/it\/wp-json\/wp\/v2\/users\/1"}],"replies":[{"embeddable":true,"href":"https:\/\/chemuza.org\/it\/wp-json\/wp\/v2\/comments?post=1497"}],"version-history":[{"count":0,"href":"https:\/\/chemuza.org\/it\/wp-json\/wp\/v2\/pages\/1497\/revisions"}],"wp:attachment":[{"href":"https:\/\/chemuza.org\/it\/wp-json\/wp\/v2\/media?parent=1497"}],"curies":[{"name":"wp","href":"https:\/\/api.w.org\/{rel}","templated":true}]}}