{"id":1496,"date":"2023-07-14T05:08:33","date_gmt":"2023-07-14T05:08:33","guid":{"rendered":"https:\/\/chemuza.org\/it\/erbio\/"},"modified":"2023-07-14T05:08:33","modified_gmt":"2023-07-14T05:08:33","slug":"erbio","status":"publish","type":"page","link":"https:\/\/chemuza.org\/it\/erbio\/","title":{"rendered":"Erbio"},"content":{"rendered":"<p>Tra i metalli delle terre rare c&#8217;\u00e8 l&#8217;Erbio, dalle caratteristiche molto malleabili per la sua composizione strutturale. \u00c8 combinato con altri elementi come il vanadio per migliorare la formula e utilizzarlo in varie applicazioni nei settori della tecnologia metallurgica, nucleare ed elettronica.<\/p>\n<h2> <strong>Cos&#8217;\u00e8 l&#8217;erbio?<\/strong><\/h2>\n<p> \u00c8 un metallo composto chimicamente morbido, di colore argento brillante e i suoi sali ampiamente utilizzati sono rosa. L&#8217;erbio si trova nella maggior parte dei minerali contenenti terre rare, in particolare Euxenite e Xenotime in una proporzione di 2,2 ppm. Le sue propriet\u00e0 variano a seconda della quantit\u00e0 e della variet\u00e0 delle impurit\u00e0 che contiene, inoltre il suo magnetismo pu\u00f2 essere modificato da un cambiamento di temperatura.<\/p>\n<h2> <strong>Simbolo dell&#8217;erbio<\/strong><\/h2>\n<p> <span class=\"content-chemical-element\" style=\"float: left;width: 65px;height: 65px;border: 3px solid #666; display:flex;\n    justify-content: center;align-items: center;margin-right: 15px;\"><span style=\"font-size: 38px;\">Uh<\/span><\/span> La parola Erbio deriva dal nome di una citt\u00e0 della Svezia chiamata Ytterby nella quale furono scoperti grandi giacimenti di questo metallo.<\/p>\n<h2> <strong>Caratteristiche dell&#8217;erbio<\/strong><\/h2>\n<p> L&#8217;erbio, come altri lantanidi, mostra bande di assorbimento nella categoria visibile, nel vicino infrarosso e nell&#8217;ultravioletto. Inoltre, si distingue dagli altri elementi del suo gruppo per la sua lenta ossidazione. Inoltre, ha le seguenti funzionalit\u00e0:<\/p>\n<ul>\n<li> <strong>Condizione<\/strong> : morbido, malleabile.<\/li>\n<li> <strong>Colore<\/strong> : Argento brillante e suoi sali rosa.<\/li>\n<li> <strong>Solubilit\u00e0<\/strong> : In acqua e acidi minerali.<\/li>\n<li> <strong>Tossicit\u00e0<\/strong> : moderata.<\/li>\n<li> <strong>Reattivit\u00e0<\/strong> : Mantiene la stabilit\u00e0 a temperatura ambiente.<\/li>\n<li> <strong>Struttura<\/strong> : Cristalina, esagonale.<\/li>\n<li> <strong>Composizione<\/strong> : Ha 68 elettroni.<\/li>\n<\/ul>\n<h2> <strong>Propriet\u00e0 chimiche e fisiche dell&#8217;Erbium<\/strong><\/h2>\n<ol>\n<li> <strong>Numero atomico<\/strong> : 68<\/li>\n<li> <strong>Periodo<\/strong> : 6<\/li>\n<li> <strong>blocco<\/strong> : f<\/li>\n<li> <strong>Gruppo<\/strong> : Lantanidi<\/li>\n<li> <strong>Raggio covalente (\u00c5):<\/strong> 1,57<\/li>\n<li> <strong>Densit\u00e0:<\/strong> 9,05 (g\/ml)<\/li>\n<li> <strong>Punto di ebollizione:<\/strong> 2900\u00baC<\/li>\n<li> <strong>Punto di fusione:<\/strong> 1497\u00b0C<\/li>\n<li> <strong>Raggio atomico:<\/strong> 1,75 A<\/li>\n<li> <strong>Raggio ionico:<\/strong> 0,96<\/li>\n<li> <strong>Elettronegativit\u00e0:<\/strong> 1.2<\/li>\n<li> <strong>Stato di ossidazione:<\/strong> 3<\/li>\n<li> <strong>Elettroni per strato:<\/strong> 2, 8, 18, 30, 8, 2<\/li>\n<li> <strong>Configurazione elettronica:<\/strong> [Xe] 4f <sup>12<\/sup> 5d <sup>0<\/sup> 6s <sup>2<\/sup><\/li>\n<li> <strong>Potenziale di prima ionizzazione eV:<\/strong> 589,3 KJ\/mol<\/li>\n<li> <strong>Conduttivit\u00e0 termica:<\/strong> 15 W\/ (m *K)<\/li>\n<li> <strong>Conduttivit\u00e0 elettrica:<\/strong> 1,16 * 10 (6)A \/ (V* m)<\/li>\n<li> <strong>Massa atomica (g\/mol):<\/strong> 167,26<\/li>\n<li> <strong>Calore di fusione:<\/strong> 19,9 KJ\/mol<\/li>\n<li> <strong>Ossido:<\/strong> basico.<\/li>\n<\/ol>\n<h2> <strong>Origine dell&#8217;Erbio<\/strong><\/h2>\n<p> Nelle miniere di Ytterby in Svezia, l&#8217;elemento Erbio fu scoperto per la prima volta attraverso processi di separazione chimica del minerale Gadolinite. Questa scoperta fu fatta dal chimico Carl Gustaf Mosander nel 1843. Separ\u00f2 tre elementi che chiam\u00f2 Itira, Terbia ed Erbia. Anche se all&#8217;inizio aveva molta confusione con gli ultimi due elementi, poich\u00e9 gli era difficile determinare che i due avessero propriet\u00e0 diverse.<\/p>\n<p> Nel 1934 i chimici tedeschi Heinrich Bommer e Wilhelm Klemm riuscirono per la prima volta ad ottenere erbio puro. Attraverso la riduzione del cloruro di erbio anidro in vapore di potassio.<\/p>\n<h2> <strong>A cosa serve l&#8217;Erbium?<\/strong><\/h2>\n<p> Questo metalloide ha una grande capacit\u00e0 di malleabilit\u00e0 e di lega con altri elementi, motivo per cui viene utilizzato per diversi scopi industriali e tecnologici, come:<\/p>\n<ul>\n<li> La stabilit\u00e0 del metalloide gli conferisce uno smorzamento neutronico ideale per le reazioni nucleari nelle barre di controllo del reattore.<\/li>\n<li> L&#8217;elevata capacit\u00e0 termica delle leghe di Erbio viene utilizzata nei frigoriferi criogenici con temperature dell&#8217;elio liquido.<\/li>\n<li> L&#8217;erbio drogato con oro genera un calorimetro magnetico utilizzato nei sensori di rilevamento di particelle ad alta risoluzione in ingegneria e fisica.<\/li>\n<li> La lega di silicio ed erbio negli amplificatori ottici e nelle fibre laser.<\/li>\n<li> In medicina, viene utilizzato come laser per rimuovere alcune lesioni cutanee benigne e trattamenti ossei e dentali.<\/li>\n<li> Laser a itterbio-erbio ad alta resistenza per il taglio delle saldature.<\/li>\n<li> Serve a facilitare la malleabilit\u00e0 del vanadio.<\/li>\n<\/ul>\n<h2> <strong>Erbio: usi e applicazioni del colore<\/strong><\/h2>\n<p> Ha applicazioni decorative quando presenti allo stato di ossidazione, i cationi +3 ed Er3 creano una soluzione rosa in acqua e suoi sali solidi. Pertanto, questo ossido di erbio viene utilizzato per colorare la porcellana e vari cristalli o vetri. Inoltre, questo tono viene utilizzato come colorante per smalti e vernici. Viene utilizzato anche come filtro fotografico, nei televisori, negli occhiali da sole, nelle lampade fluorescenti e in gioielleria.<\/p>\n<h2> <strong>Da dove viene l&#8217;Erbium?<\/strong><\/h2>\n<p> Questo metalloide non si trova in natura in forma pura, ma piuttosto in minerali arricchiti con altri elementi delle terre rare. Pi\u00f9 specificatamente si trova nella Gallodinite, Euxenite, Xenotime, Bastnasite e Monazite. Attualmente, la separazione del metalloide viene ottenuta mediante una procedura di scambio ionico. I paesi che estraggono l&#8217;Erbium sono Cina, Stati Uniti, India e Australia.<\/p>\n<p> In breve, l&#8217;erbio \u00e8 un ossido che si trova nel gruppo dei lantanidi della tavola periodica. Le sue propriet\u00e0 fisiche e chimiche permettono a questo metalloide di essere un componente principale nella fabbricazione di reattori nucleari, nell&#8217;industria metallurgica e di dare colore a molti smalti e vetreria.<\/p>\n","protected":false},"excerpt":{"rendered":"<p>Tra i metalli delle terre rare c&#8217;\u00e8 l&#8217;Erbio, dalle caratteristiche molto malleabili per la sua composizione strutturale. \u00c8 combinato con altri elementi come il vanadio per migliorare la formula e utilizzarlo in varie applicazioni nei settori della tecnologia metallurgica, nucleare ed elettronica. Cos&#8217;\u00e8 l&#8217;erbio? \u00c8 un metallo composto chimicamente morbido, di colore argento brillante e &#8230; <a title=\"Erbio\" class=\"read-more\" href=\"https:\/\/chemuza.org\/it\/erbio\/\" aria-label=\"More on Erbio\">Per saperne di pi\u00f9<\/a><\/p>\n","protected":false},"author":1,"featured_media":0,"parent":0,"menu_order":0,"comment_status":"closed","ping_status":"closed","template":"","meta":{"footnotes":""},"yoast_head":"<!-- This site is optimized with the Yoast SEO plugin v21.4 - https:\/\/yoast.com\/wordpress\/plugins\/seo\/ -->\n<title>Erbio - Chemuza<\/title>\n<meta name=\"robots\" content=\"index, follow, max-snippet:-1, max-image-preview:large, max-video-preview:-1\" \/>\n<link rel=\"canonical\" href=\"https:\/\/chemuza.org\/it\/erbio\/\" \/>\n<meta property=\"og:locale\" content=\"it_IT\" \/>\n<meta property=\"og:type\" content=\"article\" \/>\n<meta property=\"og:title\" content=\"Erbio - Chemuza\" \/>\n<meta property=\"og:description\" content=\"Tra i metalli delle terre rare c&#8217;\u00e8 l&#8217;Erbio, dalle caratteristiche molto malleabili per la sua composizione strutturale. \u00c8 combinato con altri elementi come il vanadio per migliorare la formula e utilizzarlo in varie applicazioni nei settori della tecnologia metallurgica, nucleare ed elettronica. Cos&#8217;\u00e8 l&#8217;erbio? \u00c8 un metallo composto chimicamente morbido, di colore argento brillante e ... Per saperne di pi\u00f9\" \/>\n<meta property=\"og:url\" content=\"https:\/\/chemuza.org\/it\/erbio\/\" \/>\n<meta property=\"og:site_name\" content=\"Chemuza\" \/>\n<meta name=\"twitter:card\" content=\"summary_large_image\" \/>\n<meta name=\"twitter:label1\" content=\"Tempo di lettura stimato\" \/>\n\t<meta name=\"twitter:data1\" content=\"3 minuti\" \/>\n<script type=\"application\/ld+json\" class=\"yoast-schema-graph\">{\"@context\":\"https:\/\/schema.org\",\"@graph\":[{\"@type\":\"WebPage\",\"@id\":\"https:\/\/chemuza.org\/it\/erbio\/\",\"url\":\"https:\/\/chemuza.org\/it\/erbio\/\",\"name\":\"Erbio - Chemuza\",\"isPartOf\":{\"@id\":\"https:\/\/chemuza.org\/it\/#website\"},\"datePublished\":\"2023-07-14T05:08:33+00:00\",\"dateModified\":\"2023-07-14T05:08:33+00:00\",\"breadcrumb\":{\"@id\":\"https:\/\/chemuza.org\/it\/erbio\/#breadcrumb\"},\"inLanguage\":\"it-IT\",\"potentialAction\":[{\"@type\":\"ReadAction\",\"target\":[\"https:\/\/chemuza.org\/it\/erbio\/\"]}]},{\"@type\":\"BreadcrumbList\",\"@id\":\"https:\/\/chemuza.org\/it\/erbio\/#breadcrumb\",\"itemListElement\":[{\"@type\":\"ListItem\",\"position\":1,\"name\":\"Casa\",\"item\":\"https:\/\/chemuza.org\/it\/\"},{\"@type\":\"ListItem\",\"position\":2,\"name\":\"Erbio\"}]},{\"@type\":\"WebSite\",\"@id\":\"https:\/\/chemuza.org\/it\/#website\",\"url\":\"https:\/\/chemuza.org\/it\/\",\"name\":\"Chemuza\",\"description\":\"La tua porta d&#039;accesso alla scoperta chimica!\",\"publisher\":{\"@id\":\"https:\/\/chemuza.org\/it\/#organization\"},\"potentialAction\":[{\"@type\":\"SearchAction\",\"target\":{\"@type\":\"EntryPoint\",\"urlTemplate\":\"https:\/\/chemuza.org\/it\/?s={search_term_string}\"},\"query-input\":\"required name=search_term_string\"}],\"inLanguage\":\"it-IT\"},{\"@type\":\"Organization\",\"@id\":\"https:\/\/chemuza.org\/it\/#organization\",\"name\":\"Chemuza\",\"url\":\"https:\/\/chemuza.org\/it\/\",\"logo\":{\"@type\":\"ImageObject\",\"inLanguage\":\"it-IT\",\"@id\":\"https:\/\/chemuza.org\/it\/#\/schema\/logo\/image\/\",\"url\":\"https:\/\/chemuza.org\/it\/wp-content\/uploads\/2023\/10\/chemuza-logo.png\",\"contentUrl\":\"https:\/\/chemuza.org\/it\/wp-content\/uploads\/2023\/10\/chemuza-logo.png\",\"width\":387,\"height\":70,\"caption\":\"Chemuza\"},\"image\":{\"@id\":\"https:\/\/chemuza.org\/it\/#\/schema\/logo\/image\/\"}}]}<\/script>\n<!-- \/ Yoast SEO plugin. -->","yoast_head_json":{"title":"Erbio - Chemuza","robots":{"index":"index","follow":"follow","max-snippet":"max-snippet:-1","max-image-preview":"max-image-preview:large","max-video-preview":"max-video-preview:-1"},"canonical":"https:\/\/chemuza.org\/it\/erbio\/","og_locale":"it_IT","og_type":"article","og_title":"Erbio - Chemuza","og_description":"Tra i metalli delle terre rare c&#8217;\u00e8 l&#8217;Erbio, dalle caratteristiche molto malleabili per la sua composizione strutturale. \u00c8 combinato con altri elementi come il vanadio per migliorare la formula e utilizzarlo in varie applicazioni nei settori della tecnologia metallurgica, nucleare ed elettronica. Cos&#8217;\u00e8 l&#8217;erbio? \u00c8 un metallo composto chimicamente morbido, di colore argento brillante e ... Per saperne di pi\u00f9","og_url":"https:\/\/chemuza.org\/it\/erbio\/","og_site_name":"Chemuza","twitter_card":"summary_large_image","twitter_misc":{"Tempo di lettura stimato":"3 minuti"},"schema":{"@context":"https:\/\/schema.org","@graph":[{"@type":"WebPage","@id":"https:\/\/chemuza.org\/it\/erbio\/","url":"https:\/\/chemuza.org\/it\/erbio\/","name":"Erbio - Chemuza","isPartOf":{"@id":"https:\/\/chemuza.org\/it\/#website"},"datePublished":"2023-07-14T05:08:33+00:00","dateModified":"2023-07-14T05:08:33+00:00","breadcrumb":{"@id":"https:\/\/chemuza.org\/it\/erbio\/#breadcrumb"},"inLanguage":"it-IT","potentialAction":[{"@type":"ReadAction","target":["https:\/\/chemuza.org\/it\/erbio\/"]}]},{"@type":"BreadcrumbList","@id":"https:\/\/chemuza.org\/it\/erbio\/#breadcrumb","itemListElement":[{"@type":"ListItem","position":1,"name":"Casa","item":"https:\/\/chemuza.org\/it\/"},{"@type":"ListItem","position":2,"name":"Erbio"}]},{"@type":"WebSite","@id":"https:\/\/chemuza.org\/it\/#website","url":"https:\/\/chemuza.org\/it\/","name":"Chemuza","description":"La tua porta d&#039;accesso alla scoperta chimica!","publisher":{"@id":"https:\/\/chemuza.org\/it\/#organization"},"potentialAction":[{"@type":"SearchAction","target":{"@type":"EntryPoint","urlTemplate":"https:\/\/chemuza.org\/it\/?s={search_term_string}"},"query-input":"required name=search_term_string"}],"inLanguage":"it-IT"},{"@type":"Organization","@id":"https:\/\/chemuza.org\/it\/#organization","name":"Chemuza","url":"https:\/\/chemuza.org\/it\/","logo":{"@type":"ImageObject","inLanguage":"it-IT","@id":"https:\/\/chemuza.org\/it\/#\/schema\/logo\/image\/","url":"https:\/\/chemuza.org\/it\/wp-content\/uploads\/2023\/10\/chemuza-logo.png","contentUrl":"https:\/\/chemuza.org\/it\/wp-content\/uploads\/2023\/10\/chemuza-logo.png","width":387,"height":70,"caption":"Chemuza"},"image":{"@id":"https:\/\/chemuza.org\/it\/#\/schema\/logo\/image\/"}}]}},"yoast_meta":{"yoast_wpseo_title":"","yoast_wpseo_metadesc":"","yoast_wpseo_canonical":""},"_links":{"self":[{"href":"https:\/\/chemuza.org\/it\/wp-json\/wp\/v2\/pages\/1496"}],"collection":[{"href":"https:\/\/chemuza.org\/it\/wp-json\/wp\/v2\/pages"}],"about":[{"href":"https:\/\/chemuza.org\/it\/wp-json\/wp\/v2\/types\/page"}],"author":[{"embeddable":true,"href":"https:\/\/chemuza.org\/it\/wp-json\/wp\/v2\/users\/1"}],"replies":[{"embeddable":true,"href":"https:\/\/chemuza.org\/it\/wp-json\/wp\/v2\/comments?post=1496"}],"version-history":[{"count":0,"href":"https:\/\/chemuza.org\/it\/wp-json\/wp\/v2\/pages\/1496\/revisions"}],"wp:attachment":[{"href":"https:\/\/chemuza.org\/it\/wp-json\/wp\/v2\/media?parent=1496"}],"curies":[{"name":"wp","href":"https:\/\/api.w.org\/{rel}","templated":true}]}}