{"id":1495,"date":"2023-07-14T05:18:05","date_gmt":"2023-07-14T05:18:05","guid":{"rendered":"https:\/\/chemuza.org\/it\/disprosio\/"},"modified":"2023-07-14T05:18:05","modified_gmt":"2023-07-14T05:18:05","slug":"disprosio","status":"publish","type":"page","link":"https:\/\/chemuza.org\/it\/disprosio\/","title":{"rendered":"Disprosio"},"content":{"rendered":"<p>Questo metallo di transizione fa parte del gruppo degli elementi delle terre rare, possiamo anche menzionare che \u00e8 composto da 7 isotopi. Allo stesso modo, il disprosio \u00e8 un metalloide che non si trova isolato nella terra, ma piuttosto insieme ad altri lantanidi esistenti. Di seguito vengono descritte le principali caratteristiche, propriet\u00e0 e utilizzi.<\/p>\n<h2> <strong>Cos&#8217;\u00e8 il disprosio?<\/strong><\/h2>\n<p> \u00c8 un metallo che ha un colore argento metallizzato lucido, pu\u00f2 essere conservato a temperatura ambiente, ma si dissolve senza alcuna difficolt\u00e0 negli acidi minerali. Allo stesso modo, la sua struttura sciolta permette di maneggiarlo senza generare scintille quando si utilizza un processore.<\/p>\n<h3> <strong>Simbolo del disprosio<\/strong><\/h3>\n<p> <span class=\"content-chemical-element\" style=\"float: left;width: 65px;height: 65px;border: 3px solid #666; display:flex;\n    justify-content: center;align-items: center;margin-right: 15px;\"><span style=\"font-size: 38px;\">Dy<\/span><\/span> Il suo nome deriva dal greco <em>disprositos,<\/em> il cui significato \u00e8 <em>di difficile comprensione.<\/em> Ci\u00f2 \u00e8 dovuto al rigoroso processo coinvolto nell&#8217;estrazione di detto metalloide, poich\u00e9 per la sua dissoluzione \u00e8 necessario utilizzare una serie di sostanze chimiche.<\/p>\n<h2> <strong>Caratteristiche del disprosio<\/strong><\/h2>\n<p> Il suo numero atomico nella tavola periodica \u00e8 66 e tutti i suoi composti sono paramagnetici. Questi includono ioduro, bromuro, cloruro e fluoro. Inoltre, ha altre caratteristiche notevoli:<\/p>\n<ul>\n<li> <strong>Condizione:<\/strong> forte, ma facile da tagliare.<\/li>\n<li> <strong>Colore:<\/strong> bianco argento.<\/li>\n<li> <strong>Sapore e odore:<\/strong> odore sgradevole e leggero.<\/li>\n<li> <strong>Solubilit\u00e0:<\/strong> \u00e8 solubile negli acidi minerali.<\/li>\n<li> <strong>Tossicit\u00e0:<\/strong> lieve. Se non maneggiato correttamente, pu\u00f2 essere tossico.<\/li>\n<li> <strong>Reattivit\u00e0:<\/strong> \u00c8 reattivo alle alte temperature.<\/li>\n<li> <strong>Struttura:<\/strong> Polvere, composta da sabbia rara.<\/li>\n<li> <strong>Composizione:<\/strong> consiste di 56 elettroni distribuiti in strati di 6.<\/li>\n<\/ul>\n<h2> <strong>Propriet\u00e0 chimiche e fisiche del Disprosio<\/strong><\/h2>\n<ol>\n<li> <strong>Numero atomico:<\/strong> 66<\/li>\n<li> <strong>Periodo:<\/strong> 6<\/li>\n<li> <strong>Blocco:<\/strong> F<\/li>\n<li> <strong>Gruppo:<\/strong> 3<\/li>\n<li> <strong>Densit\u00e0:<\/strong> 8551 kg\/m\u00b3<\/li>\n<li> <strong>Raggio atomico:<\/strong> 228 pm<\/li>\n<li> <strong>Raggio medio:<\/strong> 175 ore<\/li>\n<li> <strong>Calore specifico:<\/strong> 170 J\/(kg K)<\/li>\n<li> <strong>Configurazione elettronica:<\/strong> [Xe] 4f <sup>10<\/sup> 6s <sup>2<\/sup><\/li>\n<li> <strong>Massa atomica (g\/mol)<\/strong> : 162.500(1)u<\/li>\n<li> <strong>Punto di ebollizione:<\/strong> 2840 K (2207 \u00b0C)<\/li>\n<li> <strong>Punto di fusione:<\/strong> 1680 K (1407 \u00b0C)<\/li>\n<li> <strong>Elettroni per strato:<\/strong> 2, 8, 18, 28, 8, 2.<\/li>\n<li> <strong>Elettronegativit\u00e0:<\/strong> 1,22 (Pauling)<\/li>\n<li> <strong>Stato di ossidazione:<\/strong> 3 (base bassa)<\/li>\n<li> <strong>Potenziale di prima ionizzazione eV:<\/strong> 573,0 kJ\/mol<\/li>\n<li> <strong>Conduttivit\u00e0 termica:<\/strong> 10,7 W\/(m*K)20.<\/li>\n<li> <strong>Conduttivit\u00e0 elettrica:<\/strong> 1,08 \u00d7 106 m-1 \u03a9-1<\/li>\n<\/ol>\n<h2> <strong>Origine del disprosio<\/strong><\/h2>\n<p> Fu scoperto nel 1886 dal chimico francese Paul \u00c9mile Lecoq de Boisbaudran. Un giorno, mentre manipolava l&#8217;ossido di olmio, riusc\u00ec a ottenere l&#8217;ossido di disprosio sciogliendolo in un acido e aggiungendo ammoniaca.<\/p>\n<p> Si dice per\u00f2 che fu al 30\u00b0 tentativo che questo famoso chimico riusc\u00ec ad ottenere il Disprosio, pi\u00f9 distinto dagli altri elementi in cui era immerso. Tuttavia, fu nel 1950 che il professionista Frank Spedding della Iowa State University riusc\u00ec a trovarlo puro utilizzando tecniche di scambio ionizzato.<\/p>\n<h2> <strong>A cosa serve il Disprosio?<\/strong><\/h2>\n<p> \u00c8 ampiamente utilizzato con altri elementi come il vanadio, come risorsa nei componenti laser, grazie alla sua azione di filtraggio dei neutroni termici. \u00c8 prezioso anche nella produzione di barre di controllo nucleare, grazie alla sua capacit\u00e0 di fusione. Un altro uso comune \u00e8 nella produzione di compact disc, lampade, televisori e vetreria.<\/p>\n<p> D&#8217;altra parte, viene utilizzato nello sviluppo delle barre di controllo per i reattori nucleari, perch\u00e9, mescolando il nichel con questo elemento, queste non si espandono n\u00e9 si contraggono sotto il bombardamento. Inoltre, viene utilizzato nello studio delle reazioni chimiche perch\u00e9, insieme al cadmio, provoca radiazioni infrarosse.<\/p>\n<h2> <strong>Gli effetti negativi del Disprosio sulla salute<\/strong><\/h2>\n<p> \u00c8 noto come un elemento raro che si trova naturalmente in piccole quantit\u00e0. Tuttavia, nel corso degli anni il suo utilizzo \u00e8 diventato molto comune in specifici lavori di lucidatura dei cristalli, come nello sviluppo di catalizzatori. Per questo motivo il suo effetto negativo \u00e8 presente negli ambienti in cui viene utilizzato frequentemente. Poich\u00e9 la sua presenza eccessiva pu\u00f2 rappresentare un pericolo per il fegato creando depositi nel corpo e provocando embolie polmonari.<\/p>\n<h2> <strong>Effetti del disprosio sull&#8217;ambiente<\/strong><\/h2>\n<p> A volte l&#8217;ambiente riceve rifiuti di questo metallo quando viene utilizzato nella produzione di dispositivi e nell&#8217;industria petrolifera. Allo stesso modo, pu\u00f2 essere ricevuto nel terreno quando i dispositivi che lo contengono vengono scartati.<\/p>\n<p> Quando questo tipo di accumulo di Disprosio si verifica nell\u2019ambiente, \u00e8 dannoso per tutti gli esseri viventi e persino per la terra. Nel caso delle specie marine, ci\u00f2 danneggia le loro membrane cellulari e, quindi, influisce sul sistema nervoso in generale e anche sull&#8217;effettiva riproduzione di questi animali.<\/p>\n<p> Infine, il disprosio \u00e8 un elemento interessante utilizzato nella fabbricazione di vetro, televisori e lampade. \u00c8 raro in natura, ma deve essere utilizzato in modo responsabile, perch\u00e9 altrimenti \u00e8 tossico se combinato con gas e umidit\u00e0.<\/p>\n","protected":false},"excerpt":{"rendered":"<p>Questo metallo di transizione fa parte del gruppo degli elementi delle terre rare, possiamo anche menzionare che \u00e8 composto da 7 isotopi. Allo stesso modo, il disprosio \u00e8 un metalloide che non si trova isolato nella terra, ma piuttosto insieme ad altri lantanidi esistenti. Di seguito vengono descritte le principali caratteristiche, propriet\u00e0 e utilizzi. Cos&#8217;\u00e8 &#8230; <a title=\"Disprosio\" class=\"read-more\" href=\"https:\/\/chemuza.org\/it\/disprosio\/\" aria-label=\"More on Disprosio\">Per saperne di pi\u00f9<\/a><\/p>\n","protected":false},"author":1,"featured_media":0,"parent":0,"menu_order":0,"comment_status":"closed","ping_status":"closed","template":"","meta":{"footnotes":""},"yoast_head":"<!-- This site is optimized with the Yoast SEO plugin v21.4 - https:\/\/yoast.com\/wordpress\/plugins\/seo\/ -->\n<title>Disprosio - Chemuza<\/title>\n<meta name=\"robots\" content=\"index, follow, max-snippet:-1, max-image-preview:large, max-video-preview:-1\" \/>\n<link rel=\"canonical\" href=\"https:\/\/chemuza.org\/it\/disprosio\/\" \/>\n<meta property=\"og:locale\" content=\"it_IT\" \/>\n<meta property=\"og:type\" content=\"article\" \/>\n<meta property=\"og:title\" content=\"Disprosio - Chemuza\" \/>\n<meta property=\"og:description\" content=\"Questo metallo di transizione fa parte del gruppo degli elementi delle terre rare, possiamo anche menzionare che \u00e8 composto da 7 isotopi. Allo stesso modo, il disprosio \u00e8 un metalloide che non si trova isolato nella terra, ma piuttosto insieme ad altri lantanidi esistenti. Di seguito vengono descritte le principali caratteristiche, propriet\u00e0 e utilizzi. Cos&#8217;\u00e8 ... Per saperne di pi\u00f9\" \/>\n<meta property=\"og:url\" content=\"https:\/\/chemuza.org\/it\/disprosio\/\" \/>\n<meta property=\"og:site_name\" content=\"Chemuza\" \/>\n<meta name=\"twitter:card\" content=\"summary_large_image\" \/>\n<meta name=\"twitter:label1\" content=\"Tempo di lettura stimato\" \/>\n\t<meta name=\"twitter:data1\" content=\"3 minuti\" \/>\n<script type=\"application\/ld+json\" class=\"yoast-schema-graph\">{\"@context\":\"https:\/\/schema.org\",\"@graph\":[{\"@type\":\"WebPage\",\"@id\":\"https:\/\/chemuza.org\/it\/disprosio\/\",\"url\":\"https:\/\/chemuza.org\/it\/disprosio\/\",\"name\":\"Disprosio - Chemuza\",\"isPartOf\":{\"@id\":\"https:\/\/chemuza.org\/it\/#website\"},\"datePublished\":\"2023-07-14T05:18:05+00:00\",\"dateModified\":\"2023-07-14T05:18:05+00:00\",\"breadcrumb\":{\"@id\":\"https:\/\/chemuza.org\/it\/disprosio\/#breadcrumb\"},\"inLanguage\":\"it-IT\",\"potentialAction\":[{\"@type\":\"ReadAction\",\"target\":[\"https:\/\/chemuza.org\/it\/disprosio\/\"]}]},{\"@type\":\"BreadcrumbList\",\"@id\":\"https:\/\/chemuza.org\/it\/disprosio\/#breadcrumb\",\"itemListElement\":[{\"@type\":\"ListItem\",\"position\":1,\"name\":\"Casa\",\"item\":\"https:\/\/chemuza.org\/it\/\"},{\"@type\":\"ListItem\",\"position\":2,\"name\":\"Disprosio\"}]},{\"@type\":\"WebSite\",\"@id\":\"https:\/\/chemuza.org\/it\/#website\",\"url\":\"https:\/\/chemuza.org\/it\/\",\"name\":\"Chemuza\",\"description\":\"La tua porta d&#039;accesso alla scoperta chimica!\",\"publisher\":{\"@id\":\"https:\/\/chemuza.org\/it\/#organization\"},\"potentialAction\":[{\"@type\":\"SearchAction\",\"target\":{\"@type\":\"EntryPoint\",\"urlTemplate\":\"https:\/\/chemuza.org\/it\/?s={search_term_string}\"},\"query-input\":\"required name=search_term_string\"}],\"inLanguage\":\"it-IT\"},{\"@type\":\"Organization\",\"@id\":\"https:\/\/chemuza.org\/it\/#organization\",\"name\":\"Chemuza\",\"url\":\"https:\/\/chemuza.org\/it\/\",\"logo\":{\"@type\":\"ImageObject\",\"inLanguage\":\"it-IT\",\"@id\":\"https:\/\/chemuza.org\/it\/#\/schema\/logo\/image\/\",\"url\":\"https:\/\/chemuza.org\/it\/wp-content\/uploads\/2023\/10\/chemuza-logo.png\",\"contentUrl\":\"https:\/\/chemuza.org\/it\/wp-content\/uploads\/2023\/10\/chemuza-logo.png\",\"width\":387,\"height\":70,\"caption\":\"Chemuza\"},\"image\":{\"@id\":\"https:\/\/chemuza.org\/it\/#\/schema\/logo\/image\/\"}}]}<\/script>\n<!-- \/ Yoast SEO plugin. -->","yoast_head_json":{"title":"Disprosio - Chemuza","robots":{"index":"index","follow":"follow","max-snippet":"max-snippet:-1","max-image-preview":"max-image-preview:large","max-video-preview":"max-video-preview:-1"},"canonical":"https:\/\/chemuza.org\/it\/disprosio\/","og_locale":"it_IT","og_type":"article","og_title":"Disprosio - Chemuza","og_description":"Questo metallo di transizione fa parte del gruppo degli elementi delle terre rare, possiamo anche menzionare che \u00e8 composto da 7 isotopi. Allo stesso modo, il disprosio \u00e8 un metalloide che non si trova isolato nella terra, ma piuttosto insieme ad altri lantanidi esistenti. Di seguito vengono descritte le principali caratteristiche, propriet\u00e0 e utilizzi. Cos&#8217;\u00e8 ... Per saperne di pi\u00f9","og_url":"https:\/\/chemuza.org\/it\/disprosio\/","og_site_name":"Chemuza","twitter_card":"summary_large_image","twitter_misc":{"Tempo di lettura stimato":"3 minuti"},"schema":{"@context":"https:\/\/schema.org","@graph":[{"@type":"WebPage","@id":"https:\/\/chemuza.org\/it\/disprosio\/","url":"https:\/\/chemuza.org\/it\/disprosio\/","name":"Disprosio - Chemuza","isPartOf":{"@id":"https:\/\/chemuza.org\/it\/#website"},"datePublished":"2023-07-14T05:18:05+00:00","dateModified":"2023-07-14T05:18:05+00:00","breadcrumb":{"@id":"https:\/\/chemuza.org\/it\/disprosio\/#breadcrumb"},"inLanguage":"it-IT","potentialAction":[{"@type":"ReadAction","target":["https:\/\/chemuza.org\/it\/disprosio\/"]}]},{"@type":"BreadcrumbList","@id":"https:\/\/chemuza.org\/it\/disprosio\/#breadcrumb","itemListElement":[{"@type":"ListItem","position":1,"name":"Casa","item":"https:\/\/chemuza.org\/it\/"},{"@type":"ListItem","position":2,"name":"Disprosio"}]},{"@type":"WebSite","@id":"https:\/\/chemuza.org\/it\/#website","url":"https:\/\/chemuza.org\/it\/","name":"Chemuza","description":"La tua porta d&#039;accesso alla scoperta chimica!","publisher":{"@id":"https:\/\/chemuza.org\/it\/#organization"},"potentialAction":[{"@type":"SearchAction","target":{"@type":"EntryPoint","urlTemplate":"https:\/\/chemuza.org\/it\/?s={search_term_string}"},"query-input":"required name=search_term_string"}],"inLanguage":"it-IT"},{"@type":"Organization","@id":"https:\/\/chemuza.org\/it\/#organization","name":"Chemuza","url":"https:\/\/chemuza.org\/it\/","logo":{"@type":"ImageObject","inLanguage":"it-IT","@id":"https:\/\/chemuza.org\/it\/#\/schema\/logo\/image\/","url":"https:\/\/chemuza.org\/it\/wp-content\/uploads\/2023\/10\/chemuza-logo.png","contentUrl":"https:\/\/chemuza.org\/it\/wp-content\/uploads\/2023\/10\/chemuza-logo.png","width":387,"height":70,"caption":"Chemuza"},"image":{"@id":"https:\/\/chemuza.org\/it\/#\/schema\/logo\/image\/"}}]}},"yoast_meta":{"yoast_wpseo_title":"","yoast_wpseo_metadesc":"","yoast_wpseo_canonical":""},"_links":{"self":[{"href":"https:\/\/chemuza.org\/it\/wp-json\/wp\/v2\/pages\/1495"}],"collection":[{"href":"https:\/\/chemuza.org\/it\/wp-json\/wp\/v2\/pages"}],"about":[{"href":"https:\/\/chemuza.org\/it\/wp-json\/wp\/v2\/types\/page"}],"author":[{"embeddable":true,"href":"https:\/\/chemuza.org\/it\/wp-json\/wp\/v2\/users\/1"}],"replies":[{"embeddable":true,"href":"https:\/\/chemuza.org\/it\/wp-json\/wp\/v2\/comments?post=1495"}],"version-history":[{"count":0,"href":"https:\/\/chemuza.org\/it\/wp-json\/wp\/v2\/pages\/1495\/revisions"}],"wp:attachment":[{"href":"https:\/\/chemuza.org\/it\/wp-json\/wp\/v2\/media?parent=1495"}],"curies":[{"name":"wp","href":"https:\/\/api.w.org\/{rel}","templated":true}]}}