{"id":1494,"date":"2023-07-14T05:59:12","date_gmt":"2023-07-14T05:59:12","guid":{"rendered":"https:\/\/chemuza.org\/it\/terbio\/"},"modified":"2023-07-14T05:59:12","modified_gmt":"2023-07-14T05:59:12","slug":"terbio","status":"publish","type":"page","link":"https:\/\/chemuza.org\/it\/terbio\/","title":{"rendered":"Terbio"},"content":{"rendered":"<p>Questo metalloide ha il numero atomico 65 nella tavola periodica. Inoltre, \u00e8 noto per essere un materiale di transizione interna, identificato come proveniente da terre rare sotto forma di ossido. La sua concentrazione nella crosta terrestre \u00e8 di 0,09 ppm. Successivamente, scopri qualcosa in pi\u00f9 sui fatti chimici del terbio.<\/p>\n<h2> <strong>Cos&#8217;\u00e8 il Terbio?<\/strong><\/h2>\n<p> \u00c8 un elemento solido, di colore bianco, con riflessi argentati, ma una volta sciolto diventa incolore. Allo stesso modo, questo materiale \u00e8 duttile o malleabile nella sua interezza, non \u00e8 un materiale autonomo, ma si trova insieme ad altri elementi lantanidi. Inoltre, reagisce lentamente in acqua calda.<\/p>\n<h3> <strong>Simbolo del terbio<\/strong><\/h3>\n<p> <span class=\"content-chemical-element\" style=\"float: left;width: 65px;height: 65px;border: 3px solid #666; display:flex;\n    justify-content: center;align-items: center;margin-right: 15px;\"><span style=\"font-size: 38px;\">Tb<\/span><\/span> Il suo nome deriva dalla citt\u00e0 svedese di <em>Ytterby<\/em> , dove fu visto per la prima volta da Mosander, un chimico che lo individu\u00f2 e svilupp\u00f2 il suo studio. In questa indagine, il terbio \u00e8 stato descritto come un elemento strutturale debole, capace di essere tagliato con un oggetto appuntito.<\/p>\n<h2> <strong>Caratteristiche del terbio<\/strong><\/h2>\n<p> Una delle sue particolarit\u00e0 \u00e8 che pu\u00f2 essere esposto a lungo all&#8217;aria e rimanere stabile a temperatura ambiente. Il suo colore bianco con riflessi argentati, quando ossidato, diventa marrone intenso. Altre caratteristiche importanti includono:<\/p>\n<ul>\n<li> <strong>Condizione<\/strong> : consistenza solida e spruzzata.<\/li>\n<li> <strong>Colore<\/strong> : Presenta un aspetto tra il bianco e l&#8217;argento.<\/li>\n<li> <strong>Sapore e odore<\/strong> : amaro e senza odore specifico.<\/li>\n<li> <strong>Solubilit\u00e0<\/strong> : \u00e8 solubile in acidi definiti.<\/li>\n<li> <strong>Tossicit\u00e0<\/strong> : moderata se il suo uso \u00e8 periodico.<\/li>\n<li> <strong>Reattivit\u00e0<\/strong> : Generalmente \u00e8 reattivo con l&#8217;ossigeno e gli acidi.<\/li>\n<li> <strong>Struttura<\/strong> : Cristallino esagonale.<\/li>\n<li> <strong>Composizione<\/strong> : La struttura atomica del Terbio \u00e8 di 65 protoni e 65 elettroni.<\/li>\n<\/ul>\n<h2> <strong>Propriet\u00e0 chimiche e fisiche del Terbio<\/strong><\/h2>\n<ol>\n<li> <strong>Numero atomico<\/strong> : 65<\/li>\n<li> <strong>Periodo<\/strong> : 6<\/li>\n<li> <strong>Blocco<\/strong> : F<\/li>\n<li> <strong>Gruppo<\/strong> : 3<\/li>\n<li> <strong>Densit\u00e0:<\/strong> 8219kg\/m\u00b3<\/li>\n<li> <strong>Punto di fusione:<\/strong> 1356\u00b0C<\/li>\n<li> <strong>Raggio atomico:<\/strong> 1,80<\/li>\n<li> <strong>Raggio medio:<\/strong> 175 ore<\/li>\n<li> <strong>Elettronegativit\u00e0:<\/strong> 1.2<\/li>\n<li> <strong>Stato di ossidazione:<\/strong> +3<\/li>\n<li> <strong>Ossido:<\/strong> Leggermente basico.<\/li>\n<li> <strong>Calore specifico:<\/strong> 10,8 kJ\/mol<\/li>\n<li> <strong>Configurazione elettronica:<\/strong> [Xe] 4f <sup>9<\/sup> 6s <sup>2<\/sup><\/li>\n<li> <strong>Massa atomica (g\/mol):<\/strong> 158.924 u<\/li>\n<li> <strong>Elettroni per guscio:<\/strong> 2, 8, 18, 27, 8, 2<\/li>\n<li> <strong>Potenziale di prima ionizzazione eV:<\/strong> 6,76 kJ\/mol<\/li>\n<li> <strong>Conduttivit\u00e0 termica:<\/strong> 11,1 W\/(K\u00b7m)<\/li>\n<li> <strong>Conduttivit\u00e0 elettrica:<\/strong> 0,889 \u00d7 106S\/m<\/li>\n<li> <strong>Raggio covalente (\u00c5):<\/strong> 13:59<\/li>\n<li> <strong>Punto di ebollizione:<\/strong> 2800\u00b0C<\/li>\n<\/ol>\n<h2> <strong>Origine del Terbio<\/strong><\/h2>\n<p> Fu rivelato nel 1843 dallo svedese Carl Gustaf Mosander sotto forma di residuo presente nel minerale ittrio. La sua identificazione \u00e8 dovuta alla citt\u00e0 di Ytterby in Svezia, dove \u00e8 stata rilevata per la prima volta. Tuttavia, fu solo nel 1905 che venne separato in modo puro con l&#8217;applicazione di diverse tecniche per questo processo, da parte di Georges Urbain. Il terbio \u00e8 un metallo presente in elementi come l&#8217;argento e il mercurio.<\/p>\n<h2> <strong>A cosa serve il Terbio?<\/strong><\/h2>\n<p> Viene utilizzato per adulterare i componenti utilizzati nei minerali come tungsteno o fluoruro di calcio, tra gli altri, utilizzati per eseguire diverse procedure o lavorazioni. Allo stesso modo, il suo utilizzo con l&#8217;ossosolfato \u00e8 uno dei principali nelle attivit\u00e0 radiologiche. Inoltre, ha altre utilit\u00e0:<\/p>\n<ul>\n<li> Nello sviluppo della materia elettronica, grazie alla sua unione con l&#8217;ossido di zirconio.<\/li>\n<li> Come vetro stabilizzante, nella creazione di materiali combustibili ad alte temperature.<\/li>\n<li> Molto utile nella fabbricazione di lampade e tubi fluorescenti per trasmettere immagini sugli schermi televisivi, grazie all&#8217;utilizzo del suo ossido e dei suoi fosfori verdi.<\/li>\n<li> Insieme al borato di sodio, \u00e8 ideale per produrre luce laser di buona qualit\u00e0 con una portata adeguata.<\/li>\n<li> \u00c8 assoluto per le costruzioni magnetiche, grazie ai componenti di cui \u00e8 dotato.<\/li>\n<li> Utilizzato per magneti ad alta potenza, utilizzando boro e metallo.<\/li>\n<\/ul>\n<h2> <strong>Come ottenere il Terbio?<\/strong><\/h2>\n<p> Pu\u00f2 essere rilevato in alcuni minerali come Monazite, Gadolinite e Auxenide, anche quando contengono solo il 15% di questo metalloide. Questo composto metallico \u00e8 pi\u00f9 richiesto nel sud della Cina. D&#8217;altra parte, nel 2011 diversi studi hanno rivelato che esistono riserve significative di questo metallo nei fondali marini molto vicini alle Hawaii, dove si trovano numerosi giacimenti ideali per la sua produzione.<\/p>\n<h2> <strong>Importanza della produzione di Terbio<\/strong><\/h2>\n<p> Questo metalloide riveste una grande importanza a livello industriale perch\u00e9, insieme ad altri elementi, viene utilizzato in diversi processi produttivi. A met\u00e0 del 2012 \u00e8 stato pubblicato un rapporto che identificava il Terbio come uno dei metalli a rischio di scomparsa dalla superficie terrestre, a causa della sua bassa concentrazione. Tuttavia, il suo utilizzo per lucidare i cristalli e creare catalizzatori aumenta ogni giorno.<\/p>\n<p> In sintesi, il terbio \u00e8 un metallo ben noto che ha un utilizzo essenziale per vari processi a livello industriale. Tuttavia, l\u2019accesso e la disponibilit\u00e0 di questo metallo sono rari e rappresentano una preoccupazione globale.<\/p>\n","protected":false},"excerpt":{"rendered":"<p>Questo metalloide ha il numero atomico 65 nella tavola periodica. Inoltre, \u00e8 noto per essere un materiale di transizione interna, identificato come proveniente da terre rare sotto forma di ossido. La sua concentrazione nella crosta terrestre \u00e8 di 0,09 ppm. Successivamente, scopri qualcosa in pi\u00f9 sui fatti chimici del terbio. Cos&#8217;\u00e8 il Terbio? \u00c8 un &#8230; <a title=\"Terbio\" class=\"read-more\" href=\"https:\/\/chemuza.org\/it\/terbio\/\" aria-label=\"More on Terbio\">Per saperne di pi\u00f9<\/a><\/p>\n","protected":false},"author":1,"featured_media":0,"parent":0,"menu_order":0,"comment_status":"closed","ping_status":"closed","template":"","meta":{"footnotes":""},"yoast_head":"<!-- This site is optimized with the Yoast SEO plugin v21.4 - https:\/\/yoast.com\/wordpress\/plugins\/seo\/ -->\n<title>Terbio - Chemuza<\/title>\n<meta name=\"robots\" content=\"index, follow, max-snippet:-1, max-image-preview:large, max-video-preview:-1\" \/>\n<link rel=\"canonical\" href=\"https:\/\/chemuza.org\/it\/terbio\/\" \/>\n<meta property=\"og:locale\" content=\"it_IT\" \/>\n<meta property=\"og:type\" content=\"article\" \/>\n<meta property=\"og:title\" content=\"Terbio - Chemuza\" \/>\n<meta property=\"og:description\" content=\"Questo metalloide ha il numero atomico 65 nella tavola periodica. Inoltre, \u00e8 noto per essere un materiale di transizione interna, identificato come proveniente da terre rare sotto forma di ossido. La sua concentrazione nella crosta terrestre \u00e8 di 0,09 ppm. Successivamente, scopri qualcosa in pi\u00f9 sui fatti chimici del terbio. Cos&#8217;\u00e8 il Terbio? \u00c8 un ... Per saperne di pi\u00f9\" \/>\n<meta property=\"og:url\" content=\"https:\/\/chemuza.org\/it\/terbio\/\" \/>\n<meta property=\"og:site_name\" content=\"Chemuza\" \/>\n<meta name=\"twitter:card\" content=\"summary_large_image\" \/>\n<meta name=\"twitter:label1\" content=\"Tempo di lettura stimato\" \/>\n\t<meta name=\"twitter:data1\" content=\"3 minuti\" \/>\n<script type=\"application\/ld+json\" class=\"yoast-schema-graph\">{\"@context\":\"https:\/\/schema.org\",\"@graph\":[{\"@type\":\"WebPage\",\"@id\":\"https:\/\/chemuza.org\/it\/terbio\/\",\"url\":\"https:\/\/chemuza.org\/it\/terbio\/\",\"name\":\"Terbio - Chemuza\",\"isPartOf\":{\"@id\":\"https:\/\/chemuza.org\/it\/#website\"},\"datePublished\":\"2023-07-14T05:59:12+00:00\",\"dateModified\":\"2023-07-14T05:59:12+00:00\",\"breadcrumb\":{\"@id\":\"https:\/\/chemuza.org\/it\/terbio\/#breadcrumb\"},\"inLanguage\":\"it-IT\",\"potentialAction\":[{\"@type\":\"ReadAction\",\"target\":[\"https:\/\/chemuza.org\/it\/terbio\/\"]}]},{\"@type\":\"BreadcrumbList\",\"@id\":\"https:\/\/chemuza.org\/it\/terbio\/#breadcrumb\",\"itemListElement\":[{\"@type\":\"ListItem\",\"position\":1,\"name\":\"Casa\",\"item\":\"https:\/\/chemuza.org\/it\/\"},{\"@type\":\"ListItem\",\"position\":2,\"name\":\"Terbio\"}]},{\"@type\":\"WebSite\",\"@id\":\"https:\/\/chemuza.org\/it\/#website\",\"url\":\"https:\/\/chemuza.org\/it\/\",\"name\":\"Chemuza\",\"description\":\"La tua porta d&#039;accesso alla scoperta chimica!\",\"publisher\":{\"@id\":\"https:\/\/chemuza.org\/it\/#organization\"},\"potentialAction\":[{\"@type\":\"SearchAction\",\"target\":{\"@type\":\"EntryPoint\",\"urlTemplate\":\"https:\/\/chemuza.org\/it\/?s={search_term_string}\"},\"query-input\":\"required name=search_term_string\"}],\"inLanguage\":\"it-IT\"},{\"@type\":\"Organization\",\"@id\":\"https:\/\/chemuza.org\/it\/#organization\",\"name\":\"Chemuza\",\"url\":\"https:\/\/chemuza.org\/it\/\",\"logo\":{\"@type\":\"ImageObject\",\"inLanguage\":\"it-IT\",\"@id\":\"https:\/\/chemuza.org\/it\/#\/schema\/logo\/image\/\",\"url\":\"https:\/\/chemuza.org\/it\/wp-content\/uploads\/2023\/10\/chemuza-logo.png\",\"contentUrl\":\"https:\/\/chemuza.org\/it\/wp-content\/uploads\/2023\/10\/chemuza-logo.png\",\"width\":387,\"height\":70,\"caption\":\"Chemuza\"},\"image\":{\"@id\":\"https:\/\/chemuza.org\/it\/#\/schema\/logo\/image\/\"}}]}<\/script>\n<!-- \/ Yoast SEO plugin. -->","yoast_head_json":{"title":"Terbio - Chemuza","robots":{"index":"index","follow":"follow","max-snippet":"max-snippet:-1","max-image-preview":"max-image-preview:large","max-video-preview":"max-video-preview:-1"},"canonical":"https:\/\/chemuza.org\/it\/terbio\/","og_locale":"it_IT","og_type":"article","og_title":"Terbio - Chemuza","og_description":"Questo metalloide ha il numero atomico 65 nella tavola periodica. Inoltre, \u00e8 noto per essere un materiale di transizione interna, identificato come proveniente da terre rare sotto forma di ossido. La sua concentrazione nella crosta terrestre \u00e8 di 0,09 ppm. Successivamente, scopri qualcosa in pi\u00f9 sui fatti chimici del terbio. Cos&#8217;\u00e8 il Terbio? \u00c8 un ... Per saperne di pi\u00f9","og_url":"https:\/\/chemuza.org\/it\/terbio\/","og_site_name":"Chemuza","twitter_card":"summary_large_image","twitter_misc":{"Tempo di lettura stimato":"3 minuti"},"schema":{"@context":"https:\/\/schema.org","@graph":[{"@type":"WebPage","@id":"https:\/\/chemuza.org\/it\/terbio\/","url":"https:\/\/chemuza.org\/it\/terbio\/","name":"Terbio - Chemuza","isPartOf":{"@id":"https:\/\/chemuza.org\/it\/#website"},"datePublished":"2023-07-14T05:59:12+00:00","dateModified":"2023-07-14T05:59:12+00:00","breadcrumb":{"@id":"https:\/\/chemuza.org\/it\/terbio\/#breadcrumb"},"inLanguage":"it-IT","potentialAction":[{"@type":"ReadAction","target":["https:\/\/chemuza.org\/it\/terbio\/"]}]},{"@type":"BreadcrumbList","@id":"https:\/\/chemuza.org\/it\/terbio\/#breadcrumb","itemListElement":[{"@type":"ListItem","position":1,"name":"Casa","item":"https:\/\/chemuza.org\/it\/"},{"@type":"ListItem","position":2,"name":"Terbio"}]},{"@type":"WebSite","@id":"https:\/\/chemuza.org\/it\/#website","url":"https:\/\/chemuza.org\/it\/","name":"Chemuza","description":"La tua porta d&#039;accesso alla scoperta chimica!","publisher":{"@id":"https:\/\/chemuza.org\/it\/#organization"},"potentialAction":[{"@type":"SearchAction","target":{"@type":"EntryPoint","urlTemplate":"https:\/\/chemuza.org\/it\/?s={search_term_string}"},"query-input":"required name=search_term_string"}],"inLanguage":"it-IT"},{"@type":"Organization","@id":"https:\/\/chemuza.org\/it\/#organization","name":"Chemuza","url":"https:\/\/chemuza.org\/it\/","logo":{"@type":"ImageObject","inLanguage":"it-IT","@id":"https:\/\/chemuza.org\/it\/#\/schema\/logo\/image\/","url":"https:\/\/chemuza.org\/it\/wp-content\/uploads\/2023\/10\/chemuza-logo.png","contentUrl":"https:\/\/chemuza.org\/it\/wp-content\/uploads\/2023\/10\/chemuza-logo.png","width":387,"height":70,"caption":"Chemuza"},"image":{"@id":"https:\/\/chemuza.org\/it\/#\/schema\/logo\/image\/"}}]}},"yoast_meta":{"yoast_wpseo_title":"","yoast_wpseo_metadesc":"","yoast_wpseo_canonical":""},"_links":{"self":[{"href":"https:\/\/chemuza.org\/it\/wp-json\/wp\/v2\/pages\/1494"}],"collection":[{"href":"https:\/\/chemuza.org\/it\/wp-json\/wp\/v2\/pages"}],"about":[{"href":"https:\/\/chemuza.org\/it\/wp-json\/wp\/v2\/types\/page"}],"author":[{"embeddable":true,"href":"https:\/\/chemuza.org\/it\/wp-json\/wp\/v2\/users\/1"}],"replies":[{"embeddable":true,"href":"https:\/\/chemuza.org\/it\/wp-json\/wp\/v2\/comments?post=1494"}],"version-history":[{"count":0,"href":"https:\/\/chemuza.org\/it\/wp-json\/wp\/v2\/pages\/1494\/revisions"}],"wp:attachment":[{"href":"https:\/\/chemuza.org\/it\/wp-json\/wp\/v2\/media?parent=1494"}],"curies":[{"name":"wp","href":"https:\/\/api.w.org\/{rel}","templated":true}]}}