{"id":1493,"date":"2023-07-14T06:00:57","date_gmt":"2023-07-14T06:00:57","guid":{"rendered":"https:\/\/chemuza.org\/it\/gadolinio\/"},"modified":"2023-07-14T06:00:57","modified_gmt":"2023-07-14T06:00:57","slug":"gadolinio","status":"publish","type":"page","link":"https:\/\/chemuza.org\/it\/gadolinio\/","title":{"rendered":"Gadolinio"},"content":{"rendered":"<p>Il gadolinio \u00e8 uno dei rari metalloidi presenti in natura mescolato con altri minerali, come la gadolinite e il didimio. Oggi la sua estrazione \u00e8 in forte espansione, perch\u00e9 contiene propriet\u00e0 utilizzate in campo nucleare, medico ed elettronico. Scopri tutto su questo elemento naturale.<\/p>\n<h2> <strong>Cos&#8217;\u00e8 il gadolinio?<\/strong><\/h2>\n<p> Questo elemento chimico appartiene al gruppo dei lantanidi o elementi delle terre rare all&#8217;interno della tavola periodica. Allo stato naturale \u00e8 solido, morbido, malleabile, duttile e di colore bianco argenteo. Presente nella crosta terrestre con una produzione di 7,7 ppm, ha una maggiore capacit\u00e0 di attrarre protoni. Inoltre esercita un intenso effetto paramagnetico alle alte temperature e alle basse temperature si comporta come un ferromagnete.<\/p>\n<h3> <strong>Simbolo del gadolinio<\/strong><\/h3>\n<p> <span class=\"content-chemical-element\" style=\"float: left;width: 65px;height: 65px;border: 3px solid #666; display:flex;\n    justify-content: center;align-items: center;margin-right: 15px;\"><span style=\"font-size: 38px;\">Gd<\/span><\/span> prende il nome dalla gadolinite, un minerale scoperto molto prima dal chimico e geologo finlandese Johan Gadolin. Sebbene la separazione tra metallo e minerale sia stata ottenuta per la prima volta dal chimico francese Paul \u00c9mile Lecoq de Boisbaudran.<\/p>\n<h2> <strong>Caratteristiche del gadolinio<\/strong><\/h2>\n<p> \u00c8 un ossido di transizione interno che generalmente si trova allo stato trivalente (Gd3). Le caratteristiche ferromagnetiche del Gadolinio lo collocano nel gruppo degli elementi che formano i magneti. Inoltre, questo metalloide ha altre caratteristiche notevoli:<\/p>\n<ul>\n<li> <strong>Condizione<\/strong> : solido e policristallino.<\/li>\n<li> <strong>Colore<\/strong> : Bianco argenteo e incolore nei sali.<\/li>\n<li> <strong>Solubilit\u00e0<\/strong> : Negli acidi \u00e8 solubile.<\/li>\n<li> <strong>Tossicit\u00e0<\/strong> : \u00c8 molto tossico allo stato naturale.<\/li>\n<li> <strong>Reattivit\u00e0<\/strong> : Reagisce con l&#8217;acqua e l&#8217;ossigeno, non mostra cambiamenti con l&#8217;aria secca. Mentre con l&#8217;umidit\u00e0 forma uno strato di ossido.<\/li>\n<li> <strong>Struttura<\/strong> : Cristalina esagonale compatta.<\/li>\n<li> <strong>Composizione<\/strong> : Ha 64 elettroni distribuiti in 6 gusci.<\/li>\n<\/ul>\n<h2> <strong>Propriet\u00e0 chimiche e fisiche del gadolinio<\/strong><\/h2>\n<ol>\n<li> <strong>Numero atomico<\/strong> : 64<\/li>\n<li> <strong>Periodo<\/strong> : 6<\/li>\n<li> <strong>Blocco<\/strong> : f<\/li>\n<li> <strong>Gruppo<\/strong> : 3<\/li>\n<li> <strong>Densit\u00e0:<\/strong> 7,89<\/li>\n<li> <strong>Punto di fusione:<\/strong> 1312\u00b0C<\/li>\n<li> <strong>Raggio atomico:<\/strong> 1,79<\/li>\n<li> <strong>Raggio medio:<\/strong> 188 ore<\/li>\n<li> <strong>Elettronegativit\u00e0:<\/strong> 1,20<\/li>\n<li> <strong>Stato di ossidazione:<\/strong> 3<\/li>\n<li> <strong>Ruggine:<\/strong> leggermente basico.<\/li>\n<li> <strong>Raggio covalente (\u00c5):<\/strong> 1,61<\/li>\n<li> <strong>Elettroni per strato:<\/strong> 2, 8, 18, 25, 9, 2<\/li>\n<li> <strong>Configurazione elettronica:<\/strong> [Xe]4f <sup>7<\/sup> 5d <sup>1<\/sup> 6s <sup>2<\/sup><\/li>\n<li> <strong>Potenziale di prima ionizzazione eV:<\/strong> 6,20<\/li>\n<li> <strong>Conduttivit\u00e0 termica:<\/strong> 10,6 W\/(Km)<\/li>\n<li> <strong>Massa atomica (g\/mol):<\/strong> 157,25<\/li>\n<li> <strong>Calore specifico:<\/strong> 230 J\/(K-Kg)<\/li>\n<li> <strong>Punto di ebollizione:<\/strong> 3000\u00baC<\/li>\n<li> <strong>Conduttivit\u00e0 elettrica:<\/strong> 0,736 106 S\/m<\/li>\n<\/ol>\n<h2> <strong>Origine del gadolinio<\/strong><\/h2>\n<p> Fu il chimico Jean Charles Galissard de Marignac a scoprire per primo il gadolinio nel 1880, nei minerali di Didyme e Gadolinite a Ginevra. Con mezzi spettroscopici lo osserv\u00f2 come un ossido biancastro del minerale Samarskit, momento in cui lo chiam\u00f2 Y di Samarskit.<\/p>\n<p> Tuttavia, il chimico francese Paul \u00c9mile Lecoq de Bisbaudran effettu\u00f2 la separazione tra il metallo e il minerale Gadolinia nel 1886. E questo \u00e8 ci\u00f2 che gli diede il nome Gadolinio. Da allora in poi si inizi\u00f2 ad estrarre questo metallo di peso medio, principalmente nella miniera di Ytterby a Stoccolma, anche se attualmente in questa zona questa risorsa naturale \u00e8 esaurita.<\/p>\n<p> Oggi questo metalloide si ottiene mediante riduzione del fluoruro di calcio con gadolinio anidro. Viene estratto dai minerali Gadolinite, Didyme, Bastnasite e soprattutto Monacite in paesi come Cina, Stati Uniti e Svezia.<\/p>\n<h2> <strong>A cosa serve il Gadolinio?<\/strong><\/h2>\n<p> Esistono molti usi del gadolinio, i principali sono i composti utilizzati nella produzione di tubi per televisori a colori e il gadolinio-ittrio come applicazioni a microonde. Inoltre, questo metalloide viene utilizzato per creare CD. La combinazione del Gadolinio con l&#8217;Etil Solfato viene utilizzata per conferire maggiore ampiezza ad amplificatori e sistemi audio professionali.<\/p>\n<p> Inoltre, grazie alle sue caratteristiche ferromagnetiche, vengono costruite parti per reattori nucleari, refrigerazione magnetica, industria ferroviaria, tecnologia ibrida ed elettronica avanzata.<\/p>\n<h2> <strong>Agente di contrasto gadolinio nella risonanza magnetica<\/strong><\/h2>\n<p> Il gadolinio ha elettroni dispari, che sviluppano l&#8217;intensit\u00e0 del campo magnetico vicino alla sua molecola. In modo tale da ridurre il tempo di rilassamento dei protoni pi\u00f9 vicini per creare un aumento dell&#8217;intensit\u00e0 del segnale tra i tessuti vascolari e non vascolari. Inoltre, le soluzioni di gadolinio vengono utilizzate come mezzo di contrasto endovenoso per migliorare l&#8217;immagine nella risonanza magnetica.<\/p>\n<h2> <strong>Effetti avversi del gadolinio<\/strong><\/h2>\n<p> L&#8217;uso del materiale di contrasto gadolinio per la risonanza magnetica in alcune persone ha causato fibrosi sistemica o nefrogenica. I sintomi che presenta sono ispessimento degli organi, della pelle e dei tessuti, nei pazienti con insufficienza renale o problemi al fegato.<\/p>\n<p> Inoltre il metalloide \u00e8 molto dannoso per la salute negli ambienti di lavoro dove viene estratto e nelle industrie che lo utilizzano come materia prima. Poich\u00e9 i gas e l&#8217;umidit\u00e0 possono essere facilmente inalati. Un elevato grado di inquinamento in una persona pu\u00f2 causare embolia polmonare o causare gravi danni al fegato.<\/p>\n<p> D&#8217;altra parte, questo metallo viene scaricato nelle acque dei fiumi, dei mari e dell&#8217;ambiente durante la sua estrazione o quando le apparecchiature elettroniche vengono gettate via quando hanno perso la loro vita utile. Ci\u00f2 porta al consumo di gadolinio negli esseri umani e negli animali, che provoca disturbi delle funzioni dei nervi cerebrali e della riproduzione.<\/p>\n<p> In conclusione, il Gadolinio \u00e8 un metallo di peso medio, del gruppo dei lantanidi della tavola periodica, con un alto contenuto di propriet\u00e0 ferromagnetiche utilizzato in campo tecnologico, elettronico, nucleare e medico.<\/p>\n","protected":false},"excerpt":{"rendered":"<p>Il gadolinio \u00e8 uno dei rari metalloidi presenti in natura mescolato con altri minerali, come la gadolinite e il didimio. Oggi la sua estrazione \u00e8 in forte espansione, perch\u00e9 contiene propriet\u00e0 utilizzate in campo nucleare, medico ed elettronico. Scopri tutto su questo elemento naturale. Cos&#8217;\u00e8 il gadolinio? Questo elemento chimico appartiene al gruppo dei lantanidi &#8230; <a title=\"Gadolinio\" class=\"read-more\" href=\"https:\/\/chemuza.org\/it\/gadolinio\/\" aria-label=\"More on Gadolinio\">Per saperne di pi\u00f9<\/a><\/p>\n","protected":false},"author":1,"featured_media":0,"parent":0,"menu_order":0,"comment_status":"closed","ping_status":"closed","template":"","meta":{"footnotes":""},"yoast_head":"<!-- This site is optimized with the Yoast SEO plugin v21.4 - https:\/\/yoast.com\/wordpress\/plugins\/seo\/ -->\n<title>Gadolinio - Chemuza<\/title>\n<meta name=\"robots\" content=\"index, follow, max-snippet:-1, max-image-preview:large, max-video-preview:-1\" \/>\n<link rel=\"canonical\" href=\"https:\/\/chemuza.org\/it\/gadolinio\/\" \/>\n<meta property=\"og:locale\" content=\"it_IT\" \/>\n<meta property=\"og:type\" content=\"article\" \/>\n<meta property=\"og:title\" content=\"Gadolinio - Chemuza\" \/>\n<meta property=\"og:description\" content=\"Il gadolinio \u00e8 uno dei rari metalloidi presenti in natura mescolato con altri minerali, come la gadolinite e il didimio. Oggi la sua estrazione \u00e8 in forte espansione, perch\u00e9 contiene propriet\u00e0 utilizzate in campo nucleare, medico ed elettronico. Scopri tutto su questo elemento naturale. Cos&#8217;\u00e8 il gadolinio? Questo elemento chimico appartiene al gruppo dei lantanidi ... Per saperne di pi\u00f9\" \/>\n<meta property=\"og:url\" content=\"https:\/\/chemuza.org\/it\/gadolinio\/\" \/>\n<meta property=\"og:site_name\" content=\"Chemuza\" \/>\n<meta name=\"twitter:card\" content=\"summary_large_image\" \/>\n<meta name=\"twitter:label1\" content=\"Tempo di lettura stimato\" \/>\n\t<meta name=\"twitter:data1\" content=\"4 minuti\" \/>\n<script type=\"application\/ld+json\" class=\"yoast-schema-graph\">{\"@context\":\"https:\/\/schema.org\",\"@graph\":[{\"@type\":\"WebPage\",\"@id\":\"https:\/\/chemuza.org\/it\/gadolinio\/\",\"url\":\"https:\/\/chemuza.org\/it\/gadolinio\/\",\"name\":\"Gadolinio - Chemuza\",\"isPartOf\":{\"@id\":\"https:\/\/chemuza.org\/it\/#website\"},\"datePublished\":\"2023-07-14T06:00:57+00:00\",\"dateModified\":\"2023-07-14T06:00:57+00:00\",\"breadcrumb\":{\"@id\":\"https:\/\/chemuza.org\/it\/gadolinio\/#breadcrumb\"},\"inLanguage\":\"it-IT\",\"potentialAction\":[{\"@type\":\"ReadAction\",\"target\":[\"https:\/\/chemuza.org\/it\/gadolinio\/\"]}]},{\"@type\":\"BreadcrumbList\",\"@id\":\"https:\/\/chemuza.org\/it\/gadolinio\/#breadcrumb\",\"itemListElement\":[{\"@type\":\"ListItem\",\"position\":1,\"name\":\"Casa\",\"item\":\"https:\/\/chemuza.org\/it\/\"},{\"@type\":\"ListItem\",\"position\":2,\"name\":\"Gadolinio\"}]},{\"@type\":\"WebSite\",\"@id\":\"https:\/\/chemuza.org\/it\/#website\",\"url\":\"https:\/\/chemuza.org\/it\/\",\"name\":\"Chemuza\",\"description\":\"La tua porta d&#039;accesso alla scoperta chimica!\",\"publisher\":{\"@id\":\"https:\/\/chemuza.org\/it\/#organization\"},\"potentialAction\":[{\"@type\":\"SearchAction\",\"target\":{\"@type\":\"EntryPoint\",\"urlTemplate\":\"https:\/\/chemuza.org\/it\/?s={search_term_string}\"},\"query-input\":\"required name=search_term_string\"}],\"inLanguage\":\"it-IT\"},{\"@type\":\"Organization\",\"@id\":\"https:\/\/chemuza.org\/it\/#organization\",\"name\":\"Chemuza\",\"url\":\"https:\/\/chemuza.org\/it\/\",\"logo\":{\"@type\":\"ImageObject\",\"inLanguage\":\"it-IT\",\"@id\":\"https:\/\/chemuza.org\/it\/#\/schema\/logo\/image\/\",\"url\":\"https:\/\/chemuza.org\/it\/wp-content\/uploads\/2023\/10\/chemuza-logo.png\",\"contentUrl\":\"https:\/\/chemuza.org\/it\/wp-content\/uploads\/2023\/10\/chemuza-logo.png\",\"width\":387,\"height\":70,\"caption\":\"Chemuza\"},\"image\":{\"@id\":\"https:\/\/chemuza.org\/it\/#\/schema\/logo\/image\/\"}}]}<\/script>\n<!-- \/ Yoast SEO plugin. -->","yoast_head_json":{"title":"Gadolinio - Chemuza","robots":{"index":"index","follow":"follow","max-snippet":"max-snippet:-1","max-image-preview":"max-image-preview:large","max-video-preview":"max-video-preview:-1"},"canonical":"https:\/\/chemuza.org\/it\/gadolinio\/","og_locale":"it_IT","og_type":"article","og_title":"Gadolinio - Chemuza","og_description":"Il gadolinio \u00e8 uno dei rari metalloidi presenti in natura mescolato con altri minerali, come la gadolinite e il didimio. Oggi la sua estrazione \u00e8 in forte espansione, perch\u00e9 contiene propriet\u00e0 utilizzate in campo nucleare, medico ed elettronico. Scopri tutto su questo elemento naturale. Cos&#8217;\u00e8 il gadolinio? Questo elemento chimico appartiene al gruppo dei lantanidi ... Per saperne di pi\u00f9","og_url":"https:\/\/chemuza.org\/it\/gadolinio\/","og_site_name":"Chemuza","twitter_card":"summary_large_image","twitter_misc":{"Tempo di lettura stimato":"4 minuti"},"schema":{"@context":"https:\/\/schema.org","@graph":[{"@type":"WebPage","@id":"https:\/\/chemuza.org\/it\/gadolinio\/","url":"https:\/\/chemuza.org\/it\/gadolinio\/","name":"Gadolinio - Chemuza","isPartOf":{"@id":"https:\/\/chemuza.org\/it\/#website"},"datePublished":"2023-07-14T06:00:57+00:00","dateModified":"2023-07-14T06:00:57+00:00","breadcrumb":{"@id":"https:\/\/chemuza.org\/it\/gadolinio\/#breadcrumb"},"inLanguage":"it-IT","potentialAction":[{"@type":"ReadAction","target":["https:\/\/chemuza.org\/it\/gadolinio\/"]}]},{"@type":"BreadcrumbList","@id":"https:\/\/chemuza.org\/it\/gadolinio\/#breadcrumb","itemListElement":[{"@type":"ListItem","position":1,"name":"Casa","item":"https:\/\/chemuza.org\/it\/"},{"@type":"ListItem","position":2,"name":"Gadolinio"}]},{"@type":"WebSite","@id":"https:\/\/chemuza.org\/it\/#website","url":"https:\/\/chemuza.org\/it\/","name":"Chemuza","description":"La tua porta d&#039;accesso alla scoperta chimica!","publisher":{"@id":"https:\/\/chemuza.org\/it\/#organization"},"potentialAction":[{"@type":"SearchAction","target":{"@type":"EntryPoint","urlTemplate":"https:\/\/chemuza.org\/it\/?s={search_term_string}"},"query-input":"required name=search_term_string"}],"inLanguage":"it-IT"},{"@type":"Organization","@id":"https:\/\/chemuza.org\/it\/#organization","name":"Chemuza","url":"https:\/\/chemuza.org\/it\/","logo":{"@type":"ImageObject","inLanguage":"it-IT","@id":"https:\/\/chemuza.org\/it\/#\/schema\/logo\/image\/","url":"https:\/\/chemuza.org\/it\/wp-content\/uploads\/2023\/10\/chemuza-logo.png","contentUrl":"https:\/\/chemuza.org\/it\/wp-content\/uploads\/2023\/10\/chemuza-logo.png","width":387,"height":70,"caption":"Chemuza"},"image":{"@id":"https:\/\/chemuza.org\/it\/#\/schema\/logo\/image\/"}}]}},"yoast_meta":{"yoast_wpseo_title":"","yoast_wpseo_metadesc":"","yoast_wpseo_canonical":""},"_links":{"self":[{"href":"https:\/\/chemuza.org\/it\/wp-json\/wp\/v2\/pages\/1493"}],"collection":[{"href":"https:\/\/chemuza.org\/it\/wp-json\/wp\/v2\/pages"}],"about":[{"href":"https:\/\/chemuza.org\/it\/wp-json\/wp\/v2\/types\/page"}],"author":[{"embeddable":true,"href":"https:\/\/chemuza.org\/it\/wp-json\/wp\/v2\/users\/1"}],"replies":[{"embeddable":true,"href":"https:\/\/chemuza.org\/it\/wp-json\/wp\/v2\/comments?post=1493"}],"version-history":[{"count":0,"href":"https:\/\/chemuza.org\/it\/wp-json\/wp\/v2\/pages\/1493\/revisions"}],"wp:attachment":[{"href":"https:\/\/chemuza.org\/it\/wp-json\/wp\/v2\/media?parent=1493"}],"curies":[{"name":"wp","href":"https:\/\/api.w.org\/{rel}","templated":true}]}}