{"id":1492,"date":"2023-07-14T06:42:28","date_gmt":"2023-07-14T06:42:28","guid":{"rendered":"https:\/\/chemuza.org\/it\/europio\/"},"modified":"2023-07-14T06:42:28","modified_gmt":"2023-07-14T06:42:28","slug":"europio","status":"publish","type":"page","link":"https:\/\/chemuza.org\/it\/europio\/","title":{"rendered":"Europio"},"content":{"rendered":"<p>L&#8217;europio \u00e8 uno degli elementi chimici lantanidi meno abbondanti presenti nella crosta terrestre ad un livello di 0,3 ppm. Si distingue per essere il pi\u00f9 reattivo e il secondo pi\u00f9 volatile esistente, inoltre genera una notevole pressione di vapore nel punto di fusione. Viene utilizzato in campo nucleare ed \u00e8 la principale fonte di altri processi industriali. Conosci in questa sezione tutti i benefici che produce.<\/p>\n<h2> <strong>Cos&#8217;\u00e8 l&#8217;Europio?<\/strong><\/h2>\n<p> Questo metalloide si trova nel periodo 6 della tavola periodica. Di consistenza dura, ma facilmente malleabile, il suo colore allo stato naturale \u00e8 biancastro o argento opaco per il suo grande potere ossidante. Reagisce facilmente con l&#8217;ossigeno dell&#8217;aria e dell&#8217;acqua. Inoltre, ha isotopi stabili e naturali.<\/p>\n<h3> <strong>Simbolo dell&#8217;Europa<\/strong><\/h3>\n<p> <span class=\"content-chemical-element\" style=\"float: left;width: 65px;height: 65px;border: 3px solid #666; display:flex;\n    justify-content: center;align-items: center;margin-right: 15px;\"><span style=\"font-size: 38px;\">Eu<\/span><\/span> La parola Europio rende omaggio all&#8217;Europa, designata dal suo scopritore Eug\u00e8ne Antole Demarcay, chimico francese, perch\u00e9 proviene da questo continente e l&#8217;elemento chimico \u00e8 stato localizzato per la prima volta in Svezia.<\/p>\n<h2> <strong>Caratteristiche dell&#8217;Europio<\/strong><\/h2>\n<p> Ha caratteristiche paramagnetiche, con una composizione terrestre con una vita media media e lunga compresa tra 5 x 10 anni. Il suo colore consente ad alcuni minerali come la fluorite e altri elementi chimici di fluorescere. Osserviamo anche un\u2019altra serie di caratteristiche distintive:<\/p>\n<ul>\n<li> <strong>Condizione<\/strong> : solido.<\/li>\n<li> <strong>Colore<\/strong> : Biancastro, argenteo senza lucentezza.<\/li>\n<li> <strong>Solubilit\u00e0<\/strong> : l&#8217;ossido di europio \u00e8 insolubile in acqua.<\/li>\n<li> <strong>Tossicit\u00e0<\/strong> : L&#8217;esposizione bassa e frequente all&#8217;inalazione dei suoi gas \u00e8 tossica.<\/li>\n<li> <strong>Reattivit\u00e0<\/strong> : Reagisce con l&#8217;ossigeno dell&#8217;aria o con l&#8217;acqua per creare idrossidi.<\/li>\n<li> <strong>Struttura<\/strong> : forma cubica cristallina e centrata.<\/li>\n<li> <strong>Composizione<\/strong> : Ha 63 elettroni e 88 neutroni.<\/li>\n<\/ul>\n<h2> <strong>Propriet\u00e0 chimiche e fisiche dell&#8217;europio<\/strong><\/h2>\n<ol>\n<li> <strong>Numero atomico<\/strong> : 63<\/li>\n<li> <strong>Periodo<\/strong> : 6<\/li>\n<li> <strong>Blocco<\/strong> : F<\/li>\n<li> <strong>Gruppo<\/strong> : Lantanidi<\/li>\n<li> <strong>Valenza:<\/strong> 2.3<\/li>\n<li> <strong>Raggio covalente (\u00c5):<\/strong> 1,85<\/li>\n<li> <strong>Densit\u00e0:<\/strong> 5244 kg\/m\u00b3<\/li>\n<li> <strong>Punto di fusione:<\/strong> 826\u00b0C<\/li>\n<li> <strong>Raggio atomico:<\/strong> 2,04 \u00c5<\/li>\n<li> <strong>Raggio ionico:<\/strong> 1,12 \u00c5<\/li>\n<li> <strong>Elettronegativit\u00e0:<\/strong> 1.2<\/li>\n<li> <strong>Stato di ossidazione:<\/strong> +2<\/li>\n<li> <strong>Ruggine:<\/strong> leggermente basico.<\/li>\n<li> <strong>Calore specifico:<\/strong> 180 J\/(K.kg)<\/li>\n<li> <strong>Punto di ebollizione:<\/strong> 1439\u00b0C<\/li>\n<li> <strong>Elettroni per strato:<\/strong> 2, 8, 18, 25, 8, 2<\/li>\n<li> <strong>Configurazione elettronica:<\/strong> [Xe]6s <sup>2<\/sup> 4f <sup>7<\/sup><\/li>\n<li> <strong>Massa atomica (g\/mol):<\/strong> 151,964 g\/mol<\/li>\n<li> <strong>Potenziale di prima ionizzazione eV:<\/strong> 547,1 kJ\/mol<\/li>\n<li> <strong>Conduttivit\u00e0 termica:<\/strong> 13,9 W\/(Km)<\/li>\n<li> <strong>Conduttivit\u00e0 elettrica:<\/strong> 1,12 S\/m<\/li>\n<\/ol>\n<h2> <strong>Origine dell&#8217;Europio<\/strong><\/h2>\n<p> Fu scoperto nel 1896 dopo una serie di processi chimici effettuati da Eug\u00e8ne-Antole Demarcay. Successivamente, Sir Willian Crookes scopr\u00ec un nuovo elemento attraverso l&#8217;analisi spettroscopica dei minerali Samario e Terbio senza riuscire a identificarlo chiaramente. Tuttavia, nel 1901, lo stesso Demarcay riusc\u00ec a isolare il metalloide sintetizzando il sale di Europio e battezzandolo per il merito della sua scoperta.<\/p>\n<h2> <strong>A cosa serve l&#8217;Europio?<\/strong><\/h2>\n<p> Questo elemento ha un alto grado di reattivit\u00e0, quindi viene utilizzato per creare un veleno nucleare che aiuta a bilanciare l&#8217;energia reattiva in eccesso nei reattori nucleari. Altri usi sono:<\/p>\n<ul>\n<li> Produzione di raggi laser.<\/li>\n<li> Produce radionuclidi terapeutici per le metastasi ossee.<\/li>\n<li> Attrezzatura per la calibrazione degli spettrometri a raggi gamma.<\/li>\n<li> In geochimica, viene utilizzato per identificare i processi geologici.<\/li>\n<\/ul>\n<p> Inoltre, questo metalloide viene spesso utilizzato nelle leghe metalliche e nella ceramica.<\/p>\n<h2> <strong>Usi dell&#8217;europio nel doping<\/strong><\/h2>\n<p> \u00c8 particolarmente utilizzato nel doping, vale a dire che una piccola quantit\u00e0 di metalloide viene inserita in un minerale per modificarne la struttura. Un esempio \u00e8 la combinazione di europio e fosforo per conferire colore e luminosit\u00e0 a quest&#8217;ultimo elemento, utilizzato negli schermi dei televisori e dei monitor al plasma.<\/p>\n<p> Allo stesso modo, l&#8217;europio con stato di ossidazione rosso o +3 viene miscelato con una parte di colore +2 o blu e fosforo, che genera luce bianca fluorescente. Attraverso questo procedimento si ottiene la fluorescenza della fluorite nonch\u00e9 di lampade e lampadine.<\/p>\n<p> Inoltre, l&#8217;europio viene miscelato con composti di ortovanadato di ittrio per conferire colore rosso e luminosit\u00e0 ai televisori. Inoltre, viene utilizzato nelle banche europee per la marcatura anticontraffazione.<\/p>\n<h2> <strong>Paesi che producono l&#8217;elemento chimico Europio<\/strong><\/h2>\n<p> Il principale produttore di questo metalloide \u00e8 la Cina che, insieme ad altri elementi delle terre rare, mantiene il mercato globale con una produzione del 95%. Seguono gli Stati Uniti e paesi come Russia, Vietnam, Malesia, India e Australia.<\/p>\n<p> L&#8217;europio si trova principalmente nella sabbia dei minerali bastnasite e monazite, \u00e8 la combinazione di fosfati di calcio, cerio e torio. Sebbene esista in piccole quantit\u00e0 e la sua estrazione richieda una procedura rigorosa e costosa, questo metalloide \u00e8 molto richiesto a causa delle varie applicazioni e usi che gli vengono oggi attribuiti.<\/p>\n<p> Infine, l&#8217;europio \u00e8 tra i metalloidi delle terre rare pi\u00f9 reattivi esistenti, con caratteristiche di lega malleabile e facile drogaggio con altri elementi e minerali. Viene utilizzato per ottenere i colori vividi di televisori, monitor e la fluorescenza di molte luci.<\/p>\n","protected":false},"excerpt":{"rendered":"<p>L&#8217;europio \u00e8 uno degli elementi chimici lantanidi meno abbondanti presenti nella crosta terrestre ad un livello di 0,3 ppm. Si distingue per essere il pi\u00f9 reattivo e il secondo pi\u00f9 volatile esistente, inoltre genera una notevole pressione di vapore nel punto di fusione. Viene utilizzato in campo nucleare ed \u00e8 la principale fonte di altri &#8230; <a title=\"Europio\" class=\"read-more\" href=\"https:\/\/chemuza.org\/it\/europio\/\" aria-label=\"More on Europio\">Per saperne di pi\u00f9<\/a><\/p>\n","protected":false},"author":1,"featured_media":0,"parent":0,"menu_order":0,"comment_status":"closed","ping_status":"closed","template":"","meta":{"footnotes":""},"yoast_head":"<!-- This site is optimized with the Yoast SEO plugin v21.4 - https:\/\/yoast.com\/wordpress\/plugins\/seo\/ -->\n<title>Europio - Chemuza<\/title>\n<meta name=\"robots\" content=\"index, follow, max-snippet:-1, max-image-preview:large, max-video-preview:-1\" \/>\n<link rel=\"canonical\" href=\"https:\/\/chemuza.org\/it\/europio\/\" \/>\n<meta property=\"og:locale\" content=\"it_IT\" \/>\n<meta property=\"og:type\" content=\"article\" \/>\n<meta property=\"og:title\" content=\"Europio - Chemuza\" \/>\n<meta property=\"og:description\" content=\"L&#8217;europio \u00e8 uno degli elementi chimici lantanidi meno abbondanti presenti nella crosta terrestre ad un livello di 0,3 ppm. Si distingue per essere il pi\u00f9 reattivo e il secondo pi\u00f9 volatile esistente, inoltre genera una notevole pressione di vapore nel punto di fusione. Viene utilizzato in campo nucleare ed \u00e8 la principale fonte di altri ... Per saperne di pi\u00f9\" \/>\n<meta property=\"og:url\" content=\"https:\/\/chemuza.org\/it\/europio\/\" \/>\n<meta property=\"og:site_name\" content=\"Chemuza\" \/>\n<meta name=\"twitter:card\" content=\"summary_large_image\" \/>\n<meta name=\"twitter:label1\" content=\"Tempo di lettura stimato\" \/>\n\t<meta name=\"twitter:data1\" content=\"3 minuti\" \/>\n<script type=\"application\/ld+json\" class=\"yoast-schema-graph\">{\"@context\":\"https:\/\/schema.org\",\"@graph\":[{\"@type\":\"WebPage\",\"@id\":\"https:\/\/chemuza.org\/it\/europio\/\",\"url\":\"https:\/\/chemuza.org\/it\/europio\/\",\"name\":\"Europio - Chemuza\",\"isPartOf\":{\"@id\":\"https:\/\/chemuza.org\/it\/#website\"},\"datePublished\":\"2023-07-14T06:42:28+00:00\",\"dateModified\":\"2023-07-14T06:42:28+00:00\",\"breadcrumb\":{\"@id\":\"https:\/\/chemuza.org\/it\/europio\/#breadcrumb\"},\"inLanguage\":\"it-IT\",\"potentialAction\":[{\"@type\":\"ReadAction\",\"target\":[\"https:\/\/chemuza.org\/it\/europio\/\"]}]},{\"@type\":\"BreadcrumbList\",\"@id\":\"https:\/\/chemuza.org\/it\/europio\/#breadcrumb\",\"itemListElement\":[{\"@type\":\"ListItem\",\"position\":1,\"name\":\"Casa\",\"item\":\"https:\/\/chemuza.org\/it\/\"},{\"@type\":\"ListItem\",\"position\":2,\"name\":\"Europio\"}]},{\"@type\":\"WebSite\",\"@id\":\"https:\/\/chemuza.org\/it\/#website\",\"url\":\"https:\/\/chemuza.org\/it\/\",\"name\":\"Chemuza\",\"description\":\"La tua porta d&#039;accesso alla scoperta chimica!\",\"publisher\":{\"@id\":\"https:\/\/chemuza.org\/it\/#organization\"},\"potentialAction\":[{\"@type\":\"SearchAction\",\"target\":{\"@type\":\"EntryPoint\",\"urlTemplate\":\"https:\/\/chemuza.org\/it\/?s={search_term_string}\"},\"query-input\":\"required name=search_term_string\"}],\"inLanguage\":\"it-IT\"},{\"@type\":\"Organization\",\"@id\":\"https:\/\/chemuza.org\/it\/#organization\",\"name\":\"Chemuza\",\"url\":\"https:\/\/chemuza.org\/it\/\",\"logo\":{\"@type\":\"ImageObject\",\"inLanguage\":\"it-IT\",\"@id\":\"https:\/\/chemuza.org\/it\/#\/schema\/logo\/image\/\",\"url\":\"https:\/\/chemuza.org\/it\/wp-content\/uploads\/2023\/10\/chemuza-logo.png\",\"contentUrl\":\"https:\/\/chemuza.org\/it\/wp-content\/uploads\/2023\/10\/chemuza-logo.png\",\"width\":387,\"height\":70,\"caption\":\"Chemuza\"},\"image\":{\"@id\":\"https:\/\/chemuza.org\/it\/#\/schema\/logo\/image\/\"}}]}<\/script>\n<!-- \/ Yoast SEO plugin. -->","yoast_head_json":{"title":"Europio - Chemuza","robots":{"index":"index","follow":"follow","max-snippet":"max-snippet:-1","max-image-preview":"max-image-preview:large","max-video-preview":"max-video-preview:-1"},"canonical":"https:\/\/chemuza.org\/it\/europio\/","og_locale":"it_IT","og_type":"article","og_title":"Europio - Chemuza","og_description":"L&#8217;europio \u00e8 uno degli elementi chimici lantanidi meno abbondanti presenti nella crosta terrestre ad un livello di 0,3 ppm. Si distingue per essere il pi\u00f9 reattivo e il secondo pi\u00f9 volatile esistente, inoltre genera una notevole pressione di vapore nel punto di fusione. Viene utilizzato in campo nucleare ed \u00e8 la principale fonte di altri ... Per saperne di pi\u00f9","og_url":"https:\/\/chemuza.org\/it\/europio\/","og_site_name":"Chemuza","twitter_card":"summary_large_image","twitter_misc":{"Tempo di lettura stimato":"3 minuti"},"schema":{"@context":"https:\/\/schema.org","@graph":[{"@type":"WebPage","@id":"https:\/\/chemuza.org\/it\/europio\/","url":"https:\/\/chemuza.org\/it\/europio\/","name":"Europio - Chemuza","isPartOf":{"@id":"https:\/\/chemuza.org\/it\/#website"},"datePublished":"2023-07-14T06:42:28+00:00","dateModified":"2023-07-14T06:42:28+00:00","breadcrumb":{"@id":"https:\/\/chemuza.org\/it\/europio\/#breadcrumb"},"inLanguage":"it-IT","potentialAction":[{"@type":"ReadAction","target":["https:\/\/chemuza.org\/it\/europio\/"]}]},{"@type":"BreadcrumbList","@id":"https:\/\/chemuza.org\/it\/europio\/#breadcrumb","itemListElement":[{"@type":"ListItem","position":1,"name":"Casa","item":"https:\/\/chemuza.org\/it\/"},{"@type":"ListItem","position":2,"name":"Europio"}]},{"@type":"WebSite","@id":"https:\/\/chemuza.org\/it\/#website","url":"https:\/\/chemuza.org\/it\/","name":"Chemuza","description":"La tua porta d&#039;accesso alla scoperta chimica!","publisher":{"@id":"https:\/\/chemuza.org\/it\/#organization"},"potentialAction":[{"@type":"SearchAction","target":{"@type":"EntryPoint","urlTemplate":"https:\/\/chemuza.org\/it\/?s={search_term_string}"},"query-input":"required name=search_term_string"}],"inLanguage":"it-IT"},{"@type":"Organization","@id":"https:\/\/chemuza.org\/it\/#organization","name":"Chemuza","url":"https:\/\/chemuza.org\/it\/","logo":{"@type":"ImageObject","inLanguage":"it-IT","@id":"https:\/\/chemuza.org\/it\/#\/schema\/logo\/image\/","url":"https:\/\/chemuza.org\/it\/wp-content\/uploads\/2023\/10\/chemuza-logo.png","contentUrl":"https:\/\/chemuza.org\/it\/wp-content\/uploads\/2023\/10\/chemuza-logo.png","width":387,"height":70,"caption":"Chemuza"},"image":{"@id":"https:\/\/chemuza.org\/it\/#\/schema\/logo\/image\/"}}]}},"yoast_meta":{"yoast_wpseo_title":"","yoast_wpseo_metadesc":"","yoast_wpseo_canonical":""},"_links":{"self":[{"href":"https:\/\/chemuza.org\/it\/wp-json\/wp\/v2\/pages\/1492"}],"collection":[{"href":"https:\/\/chemuza.org\/it\/wp-json\/wp\/v2\/pages"}],"about":[{"href":"https:\/\/chemuza.org\/it\/wp-json\/wp\/v2\/types\/page"}],"author":[{"embeddable":true,"href":"https:\/\/chemuza.org\/it\/wp-json\/wp\/v2\/users\/1"}],"replies":[{"embeddable":true,"href":"https:\/\/chemuza.org\/it\/wp-json\/wp\/v2\/comments?post=1492"}],"version-history":[{"count":0,"href":"https:\/\/chemuza.org\/it\/wp-json\/wp\/v2\/pages\/1492\/revisions"}],"wp:attachment":[{"href":"https:\/\/chemuza.org\/it\/wp-json\/wp\/v2\/media?parent=1492"}],"curies":[{"name":"wp","href":"https:\/\/api.w.org\/{rel}","templated":true}]}}