{"id":1491,"date":"2023-07-14T07:03:27","date_gmt":"2023-07-14T07:03:27","guid":{"rendered":"https:\/\/chemuza.org\/it\/samario\/"},"modified":"2023-07-14T07:03:27","modified_gmt":"2023-07-14T07:03:27","slug":"samario","status":"publish","type":"page","link":"https:\/\/chemuza.org\/it\/samario\/","title":{"rendered":"Samario"},"content":{"rendered":"<p>Questo elemento chimico ha una struttura romboedrica trasparente, correlata al gruppo dei lantanidi. Composto da 7 isotopi di natura inerte. Rende quindi facile la cattura dei neutroni, rendendolo un metallo molto utile. Allora scopri le propriet\u00e0 e gli usi del Samario.<\/p>\n<h2> <strong>Cos&#8217;\u00e8 il Samario?<\/strong><\/h2>\n<p> \u00c8 un metallo che si presenta sotto forma di ossido, di colore tra l&#8217;argenteo e il perlaceo, solubile negli acidi. Ha una consistenza dura e fragile e, una volta ossidato, diventa giallastro pallido. Non si trova indipendente nell&#8217;ambiente, ma immerso in altri elementi, motivo per cui deve passare attraverso un processo di separazione per il suo studio e utilizzo.<\/p>\n<h3> <strong>Simbolo del Samario<\/strong><\/h3>\n<p> <span class=\"content-chemical-element\" style=\"float: left;width: 65px;height: 65px;border: 3px solid #666; display:flex;\n    justify-content: center;align-items: center;margin-right: 15px;\"><span style=\"font-size: 38px;\">Sm<\/span><\/span> Il suo nome \u00e8 dovuto a Samarskita nella contea di Mitchell, nella Carolina del Nord. Sebbene il metallo sia apparso per la prima volta negli Urali, il suo nome fu scelto in onore di un colonnello locale di nome Samarsky.<\/p>\n<h2> <strong>Caratteristiche del Samario<\/strong><strong><\/strong><\/h2>\n<p> Una particolarit\u00e0 di questo elemento \u00e8 che ha la capacit\u00e0 di essere stabile in presenza di aria. Ecco altri dettagli di questo metalloide:<\/p>\n<ul>\n<li> <strong>Condizione:<\/strong> solido.<\/li>\n<li> <strong>Colore:<\/strong> bianco argento.<\/li>\n<li> <strong>Sapore e odore:<\/strong> non ha odore o sapore specifico.<\/li>\n<li> <strong>Solubilit\u00e0:<\/strong> \u00e8 facilmente solubile negli acidi.<\/li>\n<li> <strong>Tossicit\u00e0:<\/strong> bassa.<\/li>\n<li> <strong>Reattivit\u00e0:<\/strong> Si attiva rapidamente unendosi con acqua ad alta temperatura.<\/li>\n<li> <strong>Struttura:<\/strong> Cristallino dalla forma romboedrica.<\/li>\n<li> <strong>Composizione:<\/strong> Nella sua struttura atomica ha 62 protoni e 62 elettroni.<\/li>\n<\/ul>\n<h2> <strong>Propriet\u00e0 chimiche e fisiche del Samario<\/strong><\/h2>\n<ol>\n<li> <strong>Numero atomico:<\/strong> 62<\/li>\n<li> <strong>Periodo:<\/strong> 6<\/li>\n<li> <strong>Blocco:<\/strong> F<\/li>\n<li> <strong>Gruppo:<\/strong> 3<\/li>\n<li> <strong>Densit\u00e0:<\/strong> 7353 kg\/m3<\/li>\n<li> <strong>Raggio atomico:<\/strong> 238 pm<\/li>\n<li> <strong>Raggio medio:<\/strong> 185 ore<\/li>\n<li> <strong>Stato di ossidazione:<\/strong> 2, 3<\/li>\n<li> <strong>Punto di ebollizione:<\/strong> 2076 K ( <sup>1803<\/sup> C)<\/li>\n<li> <strong>Punto di fusione:<\/strong> 1345 K (1072\u00b0C)<\/li>\n<li> <strong>Configurazione elettronica:<\/strong> [Xe]6s <sup>2<\/sup> 4f <sup>6<\/sup><\/li>\n<li> <strong>Elettroni per strato:<\/strong> 2, 8, 18, 24, 8, 2<\/li>\n<li> <strong>Elettronegativit\u00e0:<\/strong> 1,17 (Pauling)<\/li>\n<li> <strong>Potenziale di prima ionizzazione eV<\/strong> : 544,5 kJ\/mol<\/li>\n<li> <strong>Conduttivit\u00e0 termica:<\/strong> 13,3 W\/(m\u00b7K)<\/li>\n<li> <strong>Conduttivit\u00e0 elettrica:<\/strong> 0,956 \u00d7 106 m-1 \u03a9-1<\/li>\n<li> <strong>Ruggine:<\/strong> leggermente basico.<\/li>\n<li> <strong>Raggio covalente (\u00c5):<\/strong> 13:66<\/li>\n<li> <strong>Calore specifico:<\/strong> 200 J\/(kg K)<\/li>\n<li> <strong>Massa atomica (g\/mol):<\/strong> 150,36(3) u<\/li>\n<\/ol>\n<h2> <strong>Origine del Samario<\/strong><\/h2>\n<p> La sua origine risale al 1853 quando il ricercatore chimico svizzero Jean Charles Galissard de Marignac fece la sua scoperta. Tuttavia, fu nel 1879 che lo scienziato francese Paul Emile Lecoq de Boisbaudran riusc\u00ec a separarlo dal minerale Samarskite. Attualmente la Cina possiede la maggiore quantit\u00e0 di questo metallo raro sulla superficie terrestre. Seguono Russia e Malesia, dove viene estratto questo tipo di metalloide.<\/p>\n<h2> <strong>A cosa serve il Samario?<\/strong><\/h2>\n<p> Viene spesso utilizzato come catalizzatore nei processi che coinvolgono trasformazioni organiche. Il Samario ha il vantaggio di avere un&#8217;azione piroforica nei dispositivi di accensione, per questo motivo viene utilizzato nelle tecniche di avvolgimento per preservare l&#8217;Acciaio. Altri usi includono:<\/p>\n<ul>\n<li> Produzione di lampade ad incandescenza e ad arco di carbonio, comunemente utilizzate nei cinema per l&#8217;illuminazione di proiettori e studi.<\/li>\n<li> Insieme al metallo Misch viene utilizzato per la produzione di pietre pi\u00f9 leggere.<\/li>\n<li> Nel creare un magnete molto pi\u00f9 potente e resistente di qualunque altro, ci\u00f2 si ottiene combinando questo elemento con il Cobalto.<\/li>\n<li> L&#8217;ossido emesso dal Samario viene utilizzato come materiale per la produzione di cristalli, utilizzati per assorbire i raggi infrarossi, azione comune in ottica.<\/li>\n<li> \u00c8 un materiale manipolato nei malati di cancro perch\u00e9, insieme allo stronzio, \u00e8 efficace nella radioterapia moderata per ridurre il dolore.<\/li>\n<li> Viene utilizzato come fermento per deidrogenare e disidratare l&#8217;etanolo, coadiuvante nella produzione di bevande alcoliche.<\/li>\n<li> Il samario \u00e8 comune nella produzione di cristalli di fluoruro di calcio per laser e generatori.<\/li>\n<li> Utile nelle attivit\u00e0 topologiche, perch\u00e9 funge da isolante, conduce la corrente in superficie e allo stesso tempo la neutralizza all&#8217;interno.<\/li>\n<li> Lo sviluppo degli elettroni con questo composto ha consentito la creazione di transistor quantistici, fornendo impulso a nuovi calcoli.<\/li>\n<li> Per lo sviluppo di elettrodomestici, come microonde, forni, televisori, lampade, tra gli altri.<\/li>\n<\/ul>\n<h2> <strong>Dove si trova il samario?<\/strong><\/h2>\n<p> Il samario \u00e8 contenuto in minerali come la sabbia di monazite al 2,8%, oltre ad essere immerso in altri come Cerite, Bastnasite, Samarsquita e Gadolinite in misura minore. D&#8217;altra parte, gli elementi appartenenti al gruppo dei lantanidi tendono ad assomigliarsi, motivo per cui devono subire un processo di scambio ionico per distinguerli.<\/p>\n<p> Infine, il Samario \u00e8 un metalloide che offre molti vantaggi in vari processi industriali, rendendoli efficienti. \u00c8 importante per\u00f2 fare attenzione a non esporsi ad un uso eccessivo dell&#8217;elemento senza i dovuti accorgimenti, poich\u00e9 dannoso per l&#8217;uomo e per l&#8217;ambiente.<\/p>\n","protected":false},"excerpt":{"rendered":"<p>Questo elemento chimico ha una struttura romboedrica trasparente, correlata al gruppo dei lantanidi. Composto da 7 isotopi di natura inerte. Rende quindi facile la cattura dei neutroni, rendendolo un metallo molto utile. Allora scopri le propriet\u00e0 e gli usi del Samario. Cos&#8217;\u00e8 il Samario? \u00c8 un metallo che si presenta sotto forma di ossido, di &#8230; <a title=\"Samario\" class=\"read-more\" href=\"https:\/\/chemuza.org\/it\/samario\/\" aria-label=\"More on Samario\">Per saperne di pi\u00f9<\/a><\/p>\n","protected":false},"author":1,"featured_media":0,"parent":0,"menu_order":0,"comment_status":"closed","ping_status":"closed","template":"","meta":{"footnotes":""},"yoast_head":"<!-- This site is optimized with the Yoast SEO plugin v21.4 - https:\/\/yoast.com\/wordpress\/plugins\/seo\/ -->\n<title>Samario - Chemuza<\/title>\n<meta name=\"robots\" content=\"index, follow, max-snippet:-1, max-image-preview:large, max-video-preview:-1\" \/>\n<link rel=\"canonical\" href=\"https:\/\/chemuza.org\/it\/samario\/\" \/>\n<meta property=\"og:locale\" content=\"it_IT\" \/>\n<meta property=\"og:type\" content=\"article\" \/>\n<meta property=\"og:title\" content=\"Samario - Chemuza\" \/>\n<meta property=\"og:description\" content=\"Questo elemento chimico ha una struttura romboedrica trasparente, correlata al gruppo dei lantanidi. Composto da 7 isotopi di natura inerte. Rende quindi facile la cattura dei neutroni, rendendolo un metallo molto utile. Allora scopri le propriet\u00e0 e gli usi del Samario. Cos&#8217;\u00e8 il Samario? \u00c8 un metallo che si presenta sotto forma di ossido, di ... Per saperne di pi\u00f9\" \/>\n<meta property=\"og:url\" content=\"https:\/\/chemuza.org\/it\/samario\/\" \/>\n<meta property=\"og:site_name\" content=\"Chemuza\" \/>\n<meta name=\"twitter:card\" content=\"summary_large_image\" \/>\n<meta name=\"twitter:label1\" content=\"Tempo di lettura stimato\" \/>\n\t<meta name=\"twitter:data1\" content=\"3 minuti\" \/>\n<script type=\"application\/ld+json\" class=\"yoast-schema-graph\">{\"@context\":\"https:\/\/schema.org\",\"@graph\":[{\"@type\":\"WebPage\",\"@id\":\"https:\/\/chemuza.org\/it\/samario\/\",\"url\":\"https:\/\/chemuza.org\/it\/samario\/\",\"name\":\"Samario - Chemuza\",\"isPartOf\":{\"@id\":\"https:\/\/chemuza.org\/it\/#website\"},\"datePublished\":\"2023-07-14T07:03:27+00:00\",\"dateModified\":\"2023-07-14T07:03:27+00:00\",\"breadcrumb\":{\"@id\":\"https:\/\/chemuza.org\/it\/samario\/#breadcrumb\"},\"inLanguage\":\"it-IT\",\"potentialAction\":[{\"@type\":\"ReadAction\",\"target\":[\"https:\/\/chemuza.org\/it\/samario\/\"]}]},{\"@type\":\"BreadcrumbList\",\"@id\":\"https:\/\/chemuza.org\/it\/samario\/#breadcrumb\",\"itemListElement\":[{\"@type\":\"ListItem\",\"position\":1,\"name\":\"Casa\",\"item\":\"https:\/\/chemuza.org\/it\/\"},{\"@type\":\"ListItem\",\"position\":2,\"name\":\"Samario\"}]},{\"@type\":\"WebSite\",\"@id\":\"https:\/\/chemuza.org\/it\/#website\",\"url\":\"https:\/\/chemuza.org\/it\/\",\"name\":\"Chemuza\",\"description\":\"La tua porta d&#039;accesso alla scoperta chimica!\",\"publisher\":{\"@id\":\"https:\/\/chemuza.org\/it\/#organization\"},\"potentialAction\":[{\"@type\":\"SearchAction\",\"target\":{\"@type\":\"EntryPoint\",\"urlTemplate\":\"https:\/\/chemuza.org\/it\/?s={search_term_string}\"},\"query-input\":\"required name=search_term_string\"}],\"inLanguage\":\"it-IT\"},{\"@type\":\"Organization\",\"@id\":\"https:\/\/chemuza.org\/it\/#organization\",\"name\":\"Chemuza\",\"url\":\"https:\/\/chemuza.org\/it\/\",\"logo\":{\"@type\":\"ImageObject\",\"inLanguage\":\"it-IT\",\"@id\":\"https:\/\/chemuza.org\/it\/#\/schema\/logo\/image\/\",\"url\":\"https:\/\/chemuza.org\/it\/wp-content\/uploads\/2023\/10\/chemuza-logo.png\",\"contentUrl\":\"https:\/\/chemuza.org\/it\/wp-content\/uploads\/2023\/10\/chemuza-logo.png\",\"width\":387,\"height\":70,\"caption\":\"Chemuza\"},\"image\":{\"@id\":\"https:\/\/chemuza.org\/it\/#\/schema\/logo\/image\/\"}}]}<\/script>\n<!-- \/ Yoast SEO plugin. -->","yoast_head_json":{"title":"Samario - Chemuza","robots":{"index":"index","follow":"follow","max-snippet":"max-snippet:-1","max-image-preview":"max-image-preview:large","max-video-preview":"max-video-preview:-1"},"canonical":"https:\/\/chemuza.org\/it\/samario\/","og_locale":"it_IT","og_type":"article","og_title":"Samario - Chemuza","og_description":"Questo elemento chimico ha una struttura romboedrica trasparente, correlata al gruppo dei lantanidi. Composto da 7 isotopi di natura inerte. Rende quindi facile la cattura dei neutroni, rendendolo un metallo molto utile. Allora scopri le propriet\u00e0 e gli usi del Samario. Cos&#8217;\u00e8 il Samario? \u00c8 un metallo che si presenta sotto forma di ossido, di ... Per saperne di pi\u00f9","og_url":"https:\/\/chemuza.org\/it\/samario\/","og_site_name":"Chemuza","twitter_card":"summary_large_image","twitter_misc":{"Tempo di lettura stimato":"3 minuti"},"schema":{"@context":"https:\/\/schema.org","@graph":[{"@type":"WebPage","@id":"https:\/\/chemuza.org\/it\/samario\/","url":"https:\/\/chemuza.org\/it\/samario\/","name":"Samario - Chemuza","isPartOf":{"@id":"https:\/\/chemuza.org\/it\/#website"},"datePublished":"2023-07-14T07:03:27+00:00","dateModified":"2023-07-14T07:03:27+00:00","breadcrumb":{"@id":"https:\/\/chemuza.org\/it\/samario\/#breadcrumb"},"inLanguage":"it-IT","potentialAction":[{"@type":"ReadAction","target":["https:\/\/chemuza.org\/it\/samario\/"]}]},{"@type":"BreadcrumbList","@id":"https:\/\/chemuza.org\/it\/samario\/#breadcrumb","itemListElement":[{"@type":"ListItem","position":1,"name":"Casa","item":"https:\/\/chemuza.org\/it\/"},{"@type":"ListItem","position":2,"name":"Samario"}]},{"@type":"WebSite","@id":"https:\/\/chemuza.org\/it\/#website","url":"https:\/\/chemuza.org\/it\/","name":"Chemuza","description":"La tua porta d&#039;accesso alla scoperta chimica!","publisher":{"@id":"https:\/\/chemuza.org\/it\/#organization"},"potentialAction":[{"@type":"SearchAction","target":{"@type":"EntryPoint","urlTemplate":"https:\/\/chemuza.org\/it\/?s={search_term_string}"},"query-input":"required name=search_term_string"}],"inLanguage":"it-IT"},{"@type":"Organization","@id":"https:\/\/chemuza.org\/it\/#organization","name":"Chemuza","url":"https:\/\/chemuza.org\/it\/","logo":{"@type":"ImageObject","inLanguage":"it-IT","@id":"https:\/\/chemuza.org\/it\/#\/schema\/logo\/image\/","url":"https:\/\/chemuza.org\/it\/wp-content\/uploads\/2023\/10\/chemuza-logo.png","contentUrl":"https:\/\/chemuza.org\/it\/wp-content\/uploads\/2023\/10\/chemuza-logo.png","width":387,"height":70,"caption":"Chemuza"},"image":{"@id":"https:\/\/chemuza.org\/it\/#\/schema\/logo\/image\/"}}]}},"yoast_meta":{"yoast_wpseo_title":"","yoast_wpseo_metadesc":"","yoast_wpseo_canonical":""},"_links":{"self":[{"href":"https:\/\/chemuza.org\/it\/wp-json\/wp\/v2\/pages\/1491"}],"collection":[{"href":"https:\/\/chemuza.org\/it\/wp-json\/wp\/v2\/pages"}],"about":[{"href":"https:\/\/chemuza.org\/it\/wp-json\/wp\/v2\/types\/page"}],"author":[{"embeddable":true,"href":"https:\/\/chemuza.org\/it\/wp-json\/wp\/v2\/users\/1"}],"replies":[{"embeddable":true,"href":"https:\/\/chemuza.org\/it\/wp-json\/wp\/v2\/comments?post=1491"}],"version-history":[{"count":0,"href":"https:\/\/chemuza.org\/it\/wp-json\/wp\/v2\/pages\/1491\/revisions"}],"wp:attachment":[{"href":"https:\/\/chemuza.org\/it\/wp-json\/wp\/v2\/media?parent=1491"}],"curies":[{"name":"wp","href":"https:\/\/api.w.org\/{rel}","templated":true}]}}