{"id":1490,"date":"2023-07-14T07:32:29","date_gmt":"2023-07-14T07:32:29","guid":{"rendered":"https:\/\/chemuza.org\/it\/promesso\/"},"modified":"2023-07-14T07:32:29","modified_gmt":"2023-07-14T07:32:29","slug":"promesso","status":"publish","type":"page","link":"https:\/\/chemuza.org\/it\/promesso\/","title":{"rendered":"Promettere"},"content":{"rendered":"<p>\u00c8 estremamente raro e non si trova nel mantello terrestre, tuttavia \u00e8 abbondante nell&#8217;enorme costellazione di Andromeda. Per questo motivo viene prodotto artificialmente dalla fissione di 2 elementi. Per comprendere meglio la composizione del promezio metallico, questo articolo presenta i concetti pi\u00f9 importanti che devi comprendere.<\/p>\n<h2> <strong>Cos&#8217;\u00e8 Promezio?<\/strong><\/h2>\n<p> Il promezio si trova nella casella numero 61 della tavola periodica ed \u00e8 stato designato come componente sintetico dei metalli di transizione circa 75 anni fa. Bene, questo rientra sia nella categoria degli attinidi che in quella dei lantanidi.<\/p>\n<h3> <strong>Simbolo del promezio<\/strong><\/h3>\n<p> <span class=\"content-chemical-element\" style=\"float: left;width: 65px;height: 65px;border: 3px solid #666; display:flex;\n    justify-content: center;align-items: center;margin-right: 15px;\"><span style=\"font-size: 38px;\">Pm<\/span><\/span> Il suo aggettivo deriva dal termine greco prometheus, che risulta essere il nome di un Titano mitologico. Secondo la mitologia greca, Prometeo escogit\u00f2 un subdolo stratagemma per rubare il fuoco agli dei, per poi mostrarlo agli umani. Il metallo emette una luminescenza unica, simile al fuoco menzionato nella favola greca, si ritiene che questo sia il motivo per cui \u00e8 stato scelto questo nome.<\/p>\n<h2> <strong>Caratteristiche del promezio<\/strong><\/h2>\n<p> Essendo un componente radioattivo e un moderato emettitore beta, si caratterizza per l&#8217;irradiazione luminosa che espone. Questo pu\u00f2 assumere una tinta blu biancastra e diventare verde chiaro al buio. Altre caratteristiche degne di nota sono:<\/p>\n<ul>\n<li> <strong>Condizioni:<\/strong> \u00e8 un oggetto solido, ma rispetto agli altri articoli del suo gruppo \u00e8 un po&#8217; morbido. <strong>&nbsp;<\/strong><\/li>\n<li> <strong>Colore:<\/strong> di aspetto biancastro-blu con zone argentate, anche se al buio irradia un bagliore verdastro.<\/li>\n<li> <strong>Tossicit\u00e0:<\/strong> moderata. Genera rifiuti radioattivi tossici e deve quindi essere maneggiato con cautela.<\/li>\n<li> <strong>Reattivit\u00e0:<\/strong> viene definito l&#8217;elemento pi\u00f9 reattivo di tutti.<\/li>\n<li> <strong>Radioattivit\u00e0:<\/strong> ciascuno degli isotopi conosciuti di questo metalloide \u00e8 radioattivo.<\/li>\n<li> <strong>Struttura:<\/strong> ha una disposizione cristallina esagonale.<\/li>\n<li> <strong>Composizione:<\/strong> La sua conformazione atomica \u00e8 di 61 elettroni e altrettanti protoni.<\/li>\n<\/ul>\n<h2> <strong>Propriet\u00e0 chimiche e fisiche del Promezio<\/strong><\/h2>\n<ol>\n<li> <strong>Numero atomico<\/strong> : 61<\/li>\n<li> <strong>Periodo<\/strong> : 6<\/li>\n<li> <strong>Blocco<\/strong> : F<\/li>\n<li> <strong>Gruppo<\/strong> : 3<\/li>\n<li> <strong>Raggio covalente (\u00c5):<\/strong> nessun dato<\/li>\n<li> <strong>Massa atomica (g\/mol):<\/strong> 147 u<\/li>\n<li> <strong>Densit\u00e0:<\/strong> 7264 kg\/m\u00b3<\/li>\n<li> <strong>Punto di ebollizione:<\/strong> 3273<strong> <\/strong>\u00b0C<\/li>\n<li> <strong>Punto di fusione:<\/strong> 1373<strong> <\/strong>\u00b0C<\/li>\n<li> <strong>Raggio atomico:<\/strong> 145<\/li>\n<li> <strong>Raggio medio:<\/strong> 185h<\/li>\n<li> <strong>Calore specifico:<\/strong> 180 J\/(K kg)<\/li>\n<li> <strong>Elettroni per strato:<\/strong> 2, 8, 18, 23, 8, 2<\/li>\n<li> <strong>Configurazione elettronica:<\/strong> Xe]4f <sup>5<\/sup> 6s <sup>2<\/sup><\/li>\n<li> <strong>Potenziale di prima ionizzazione eV:<\/strong> 540 kJ\/mol<\/li>\n<li> <strong>Conduttivit\u00e0 termica:<\/strong> 17,9 W\/(K\u00b7m)<\/li>\n<li> <strong>Elettronegativit\u00e0:<\/strong> 1,13<\/li>\n<li> <strong>Stato di ossidazione:<\/strong> +3<\/li>\n<li> <strong>Ruggine:<\/strong> leggermente basico<\/li>\n<li> <strong>Conduttivit\u00e0 elettrica:<\/strong> nessun dato<\/li>\n<\/ol>\n<h2> <strong>Origine del Prometeo<\/strong><\/h2>\n<p> L&#8217;esistenza dell&#8217;elemento fu prevista da Bohuslav Brauner nel 1902. Pi\u00f9 di un decennio dopo, nel 1914, questo evento fu confermato dal fisico Henry Moseley. Tuttavia, le ricerche effettuate per ottenere la componente a terra non hanno dato frutti.<\/p>\n<p> Qualche tempo dopo, presso l&#8217;Universit\u00e0 dell&#8217;Ohio nel 1941, fu scoperta una serie di composti radioattivi, incluso l&#8217;elemento Promezio. Tuttavia, la veridicit\u00e0 dei risultati non ha potuto essere confermata a causa dell\u2019enorme difficolt\u00e0 nell\u2019isolarli da altri componenti.<\/p>\n<p> Furono infine Charles Corywell, Lawrence Glendenin e il pi\u00f9 famoso Jacob Marinsky che, nel 1944, riuscirono a fornire una piccola prova dell&#8217;esistenza dell&#8217;elemento. E nel 1946, rivendicarono la loro scoperta presso i Laboratori Clinton, situati nel Tennessee, essendo riusciti a isolarlo dopo aver studiato i sottoprodotti ottenuti dalla fissione dell&#8217;uranio.<\/p>\n<h2> <strong>A cosa serve il Promezio?<\/strong><\/h2>\n<p> L&#8217;utilizzo dato a questo metalloide riguarda il livello nucleare ed industriale. Settori in cui, grazie alle sue propriet\u00e0 radioattive, le sue applicazioni sono state di grande valore. Pertanto, gli usi principali del Promezio sono:<\/p>\n<ul>\n<li> Serve come sorgente mobile di raggi X, viene utilizzato nei produttori termoelettrici di radioisotopi. A sua volta, l&#8217;energia ottenuta \u00e8 destinata ai maser di comunicazione con i sottomarini.<\/li>\n<li> Fornisce energia ausiliaria a diverse sonde spaziali e satelliti.<\/li>\n<li> Molti pacemaker sono realizzati con questo componente metallico. Con l&#8217;energia generata anche solo da una piccola parte di essa, \u00e8 possibile far funzionare questi dispositivi anche per un intero decennio.<\/li>\n<li> Viene utilizzato principalmente come fonte beta, soprattutto per spessimetri di vari composti e materiali.<\/li>\n<li> Viene utilizzato come una potente batteria ideale per la propulsione nucleare o la trazione.<\/li>\n<\/ul>\n<h2> <strong>Dove si trova il Promezio e come viene prodotto?<\/strong><\/h2>\n<p> \u00c8 l&#8217;unico metallo appartenente alla categoria dei lantanidi che non esiste in natura. Infatti si trova solo nello spettro stellare della costellazione di Andromeda. Per quanto riguarda il suo ottenimento e la sua produzione, \u00e8 comune che venga recuperato dai sottoprodotti del decadimento dell&#8217;uranio o del plutonio. Inoltre, pu\u00f2 essere generato bombardando o mitragliando il neodimio 146 con neutroni.<\/p>\n<p> In conclusione, questo particolare elemento sintetico si trova solo nello spazio e viene quindi prodotto artificialmente. D&#8217;altra parte, il promezio \u00e8 il metallo pi\u00f9 reattivo e il pi\u00f9 difficile da isolare. Per quanto riguarda la sua utilit\u00e0 nel settore nucleare, viene utilizzato come fonte beta e per alimentare sonde spaziali e satelliti.<\/p>\n","protected":false},"excerpt":{"rendered":"<p>\u00c8 estremamente raro e non si trova nel mantello terrestre, tuttavia \u00e8 abbondante nell&#8217;enorme costellazione di Andromeda. Per questo motivo viene prodotto artificialmente dalla fissione di 2 elementi. Per comprendere meglio la composizione del promezio metallico, questo articolo presenta i concetti pi\u00f9 importanti che devi comprendere. Cos&#8217;\u00e8 Promezio? Il promezio si trova nella casella numero &#8230; <a title=\"Promettere\" class=\"read-more\" href=\"https:\/\/chemuza.org\/it\/promesso\/\" aria-label=\"More on Promettere\">Per saperne di pi\u00f9<\/a><\/p>\n","protected":false},"author":1,"featured_media":0,"parent":0,"menu_order":0,"comment_status":"closed","ping_status":"closed","template":"","meta":{"footnotes":""},"yoast_head":"<!-- This site is optimized with the Yoast SEO plugin v21.4 - https:\/\/yoast.com\/wordpress\/plugins\/seo\/ -->\n<title>Promessa - Chemuza<\/title>\n<meta name=\"robots\" content=\"index, follow, max-snippet:-1, max-image-preview:large, max-video-preview:-1\" \/>\n<link rel=\"canonical\" href=\"https:\/\/chemuza.org\/it\/promesso\/\" \/>\n<meta property=\"og:locale\" content=\"it_IT\" \/>\n<meta property=\"og:type\" content=\"article\" \/>\n<meta property=\"og:title\" content=\"Promessa - Chemuza\" \/>\n<meta property=\"og:description\" content=\"\u00c8 estremamente raro e non si trova nel mantello terrestre, tuttavia \u00e8 abbondante nell&#8217;enorme costellazione di Andromeda. Per questo motivo viene prodotto artificialmente dalla fissione di 2 elementi. Per comprendere meglio la composizione del promezio metallico, questo articolo presenta i concetti pi\u00f9 importanti che devi comprendere. Cos&#8217;\u00e8 Promezio? Il promezio si trova nella casella numero ... Per saperne di pi\u00f9\" \/>\n<meta property=\"og:url\" content=\"https:\/\/chemuza.org\/it\/promesso\/\" \/>\n<meta property=\"og:site_name\" content=\"Chemuza\" \/>\n<meta name=\"twitter:card\" content=\"summary_large_image\" \/>\n<meta name=\"twitter:label1\" content=\"Tempo di lettura stimato\" \/>\n\t<meta name=\"twitter:data1\" content=\"4 minuti\" \/>\n<script type=\"application\/ld+json\" class=\"yoast-schema-graph\">{\"@context\":\"https:\/\/schema.org\",\"@graph\":[{\"@type\":\"WebPage\",\"@id\":\"https:\/\/chemuza.org\/it\/promesso\/\",\"url\":\"https:\/\/chemuza.org\/it\/promesso\/\",\"name\":\"Promessa - Chemuza\",\"isPartOf\":{\"@id\":\"https:\/\/chemuza.org\/it\/#website\"},\"datePublished\":\"2023-07-14T07:32:29+00:00\",\"dateModified\":\"2023-07-14T07:32:29+00:00\",\"breadcrumb\":{\"@id\":\"https:\/\/chemuza.org\/it\/promesso\/#breadcrumb\"},\"inLanguage\":\"it-IT\",\"potentialAction\":[{\"@type\":\"ReadAction\",\"target\":[\"https:\/\/chemuza.org\/it\/promesso\/\"]}]},{\"@type\":\"BreadcrumbList\",\"@id\":\"https:\/\/chemuza.org\/it\/promesso\/#breadcrumb\",\"itemListElement\":[{\"@type\":\"ListItem\",\"position\":1,\"name\":\"Casa\",\"item\":\"https:\/\/chemuza.org\/it\/\"},{\"@type\":\"ListItem\",\"position\":2,\"name\":\"Promettere\"}]},{\"@type\":\"WebSite\",\"@id\":\"https:\/\/chemuza.org\/it\/#website\",\"url\":\"https:\/\/chemuza.org\/it\/\",\"name\":\"Chemuza\",\"description\":\"La tua porta d&#039;accesso alla scoperta chimica!\",\"publisher\":{\"@id\":\"https:\/\/chemuza.org\/it\/#organization\"},\"potentialAction\":[{\"@type\":\"SearchAction\",\"target\":{\"@type\":\"EntryPoint\",\"urlTemplate\":\"https:\/\/chemuza.org\/it\/?s={search_term_string}\"},\"query-input\":\"required name=search_term_string\"}],\"inLanguage\":\"it-IT\"},{\"@type\":\"Organization\",\"@id\":\"https:\/\/chemuza.org\/it\/#organization\",\"name\":\"Chemuza\",\"url\":\"https:\/\/chemuza.org\/it\/\",\"logo\":{\"@type\":\"ImageObject\",\"inLanguage\":\"it-IT\",\"@id\":\"https:\/\/chemuza.org\/it\/#\/schema\/logo\/image\/\",\"url\":\"https:\/\/chemuza.org\/it\/wp-content\/uploads\/2023\/10\/chemuza-logo.png\",\"contentUrl\":\"https:\/\/chemuza.org\/it\/wp-content\/uploads\/2023\/10\/chemuza-logo.png\",\"width\":387,\"height\":70,\"caption\":\"Chemuza\"},\"image\":{\"@id\":\"https:\/\/chemuza.org\/it\/#\/schema\/logo\/image\/\"}}]}<\/script>\n<!-- \/ Yoast SEO plugin. -->","yoast_head_json":{"title":"Promessa - Chemuza","robots":{"index":"index","follow":"follow","max-snippet":"max-snippet:-1","max-image-preview":"max-image-preview:large","max-video-preview":"max-video-preview:-1"},"canonical":"https:\/\/chemuza.org\/it\/promesso\/","og_locale":"it_IT","og_type":"article","og_title":"Promessa - Chemuza","og_description":"\u00c8 estremamente raro e non si trova nel mantello terrestre, tuttavia \u00e8 abbondante nell&#8217;enorme costellazione di Andromeda. Per questo motivo viene prodotto artificialmente dalla fissione di 2 elementi. Per comprendere meglio la composizione del promezio metallico, questo articolo presenta i concetti pi\u00f9 importanti che devi comprendere. Cos&#8217;\u00e8 Promezio? Il promezio si trova nella casella numero ... Per saperne di pi\u00f9","og_url":"https:\/\/chemuza.org\/it\/promesso\/","og_site_name":"Chemuza","twitter_card":"summary_large_image","twitter_misc":{"Tempo di lettura stimato":"4 minuti"},"schema":{"@context":"https:\/\/schema.org","@graph":[{"@type":"WebPage","@id":"https:\/\/chemuza.org\/it\/promesso\/","url":"https:\/\/chemuza.org\/it\/promesso\/","name":"Promessa - Chemuza","isPartOf":{"@id":"https:\/\/chemuza.org\/it\/#website"},"datePublished":"2023-07-14T07:32:29+00:00","dateModified":"2023-07-14T07:32:29+00:00","breadcrumb":{"@id":"https:\/\/chemuza.org\/it\/promesso\/#breadcrumb"},"inLanguage":"it-IT","potentialAction":[{"@type":"ReadAction","target":["https:\/\/chemuza.org\/it\/promesso\/"]}]},{"@type":"BreadcrumbList","@id":"https:\/\/chemuza.org\/it\/promesso\/#breadcrumb","itemListElement":[{"@type":"ListItem","position":1,"name":"Casa","item":"https:\/\/chemuza.org\/it\/"},{"@type":"ListItem","position":2,"name":"Promettere"}]},{"@type":"WebSite","@id":"https:\/\/chemuza.org\/it\/#website","url":"https:\/\/chemuza.org\/it\/","name":"Chemuza","description":"La tua porta d&#039;accesso alla scoperta chimica!","publisher":{"@id":"https:\/\/chemuza.org\/it\/#organization"},"potentialAction":[{"@type":"SearchAction","target":{"@type":"EntryPoint","urlTemplate":"https:\/\/chemuza.org\/it\/?s={search_term_string}"},"query-input":"required name=search_term_string"}],"inLanguage":"it-IT"},{"@type":"Organization","@id":"https:\/\/chemuza.org\/it\/#organization","name":"Chemuza","url":"https:\/\/chemuza.org\/it\/","logo":{"@type":"ImageObject","inLanguage":"it-IT","@id":"https:\/\/chemuza.org\/it\/#\/schema\/logo\/image\/","url":"https:\/\/chemuza.org\/it\/wp-content\/uploads\/2023\/10\/chemuza-logo.png","contentUrl":"https:\/\/chemuza.org\/it\/wp-content\/uploads\/2023\/10\/chemuza-logo.png","width":387,"height":70,"caption":"Chemuza"},"image":{"@id":"https:\/\/chemuza.org\/it\/#\/schema\/logo\/image\/"}}]}},"yoast_meta":{"yoast_wpseo_title":"","yoast_wpseo_metadesc":"","yoast_wpseo_canonical":""},"_links":{"self":[{"href":"https:\/\/chemuza.org\/it\/wp-json\/wp\/v2\/pages\/1490"}],"collection":[{"href":"https:\/\/chemuza.org\/it\/wp-json\/wp\/v2\/pages"}],"about":[{"href":"https:\/\/chemuza.org\/it\/wp-json\/wp\/v2\/types\/page"}],"author":[{"embeddable":true,"href":"https:\/\/chemuza.org\/it\/wp-json\/wp\/v2\/users\/1"}],"replies":[{"embeddable":true,"href":"https:\/\/chemuza.org\/it\/wp-json\/wp\/v2\/comments?post=1490"}],"version-history":[{"count":0,"href":"https:\/\/chemuza.org\/it\/wp-json\/wp\/v2\/pages\/1490\/revisions"}],"wp:attachment":[{"href":"https:\/\/chemuza.org\/it\/wp-json\/wp\/v2\/media?parent=1490"}],"curies":[{"name":"wp","href":"https:\/\/api.w.org\/{rel}","templated":true}]}}